{"id":7597,"date":"2020-10-25T08:58:45","date_gmt":"2020-10-25T08:58:45","guid":{"rendered":"https:\/\/scuba-legends.com\/?page_id=7597"},"modified":"2025-06-03T22:11:07","modified_gmt":"2025-06-03T22:11:07","slug":"ofertas","status":"publish","type":"page","link":"https:\/\/scuba-legends.com\/es\/ofertas\/","title":{"rendered":"Ofertas"},"content":{"rendered":"<p>[et_pb_section fb_built=&#8221;1&#8243; fullwidth=&#8221;on&#8221; module_id=&#8221;spheader-section&#8221; _builder_version=&#8221;4.16&#8243; global_colors_info=&#8221;{}&#8221;][et_pb_fullwidth_header title=&#8221;Ofertas de buceo en Lanzarote&#8221; _builder_version=&#8221;4.16&#8243; title_text_align=&#8221;left&#8221; title_font_size=&#8221;54px&#8221; subhead_font=&#8221;|||on|||||&#8221; background_image=&#8221;https:\/\/scuba-legends.com\/wp-content\/uploads\/2020\/08\/Ofertas-Header-1280&#215;900-3.jpg&#8221; width=&#8221;100%&#8221; module_alignment=&#8221;center&#8221; custom_padding=&#8221;80px||80px||true|&#8221; title_font_size_tablet=&#8221;44px&#8221; background_last_edited=&#8221;on|desktop&#8221; custom_css_main_element=&#8221;background-position: center -240px;&#8221; custom_css_title=&#8221;order: 2;&#8221; custom_css_subtitle=&#8221;order: 1;&#8221; global_colors_info=&#8221;{}&#8221; custom_css_main_element_last_edited=&#8221;on|tablet&#8221; custom_css_main_element_tablet=&#8221;background-position: center -70px;&#8221; custom_css_main_element_phone=&#8221;background-position: center center;&#8221;]<\/p>\n<p style=\"text-align: left;\">\u00a0MAKE IT LEGENDARY<\/p>\n<p>[\/et_pb_fullwidth_header][\/et_pb_section][et_pb_section fb_built=&#8221;1&#8243; _builder_version=&#8221;4.16&#8243; custom_margin=&#8221;-50px||||false|false&#8221; locked=&#8221;off&#8221; global_colors_info=&#8221;{}&#8221;][et_pb_row _builder_version=&#8221;4.16&#8243; global_colors_info=&#8221;{}&#8221;][et_pb_column type=&#8221;4_4&#8243; _builder_version=&#8221;4.16&#8243; global_colors_info=&#8221;{}&#8221;][et_pb_text _builder_version=&#8221;4.16&#8243; text_font_size=&#8221;18px&#8221; custom_margin=&#8221;-20px||||false|false&#8221; global_colors_info=&#8221;{}&#8221;]<\/p>\n<h2 style=\"text-align: center; color: #0db4d5;\">Ofertas de buceo en Lanzarote. Obt\u00e9n la mejor relaci\u00f3n calidad-precio.<\/h2>\n<p>[\/et_pb_text][et_pb_text _builder_version=&#8221;4.16&#8243; global_colors_info=&#8221;{}&#8221;]<\/p>\n<p>Ofertas de buceo en Lanzarote. La mejor relaci\u00f3n calidad-precio para bucear en Lanzarote. Te ofrecemos ofertas y descuentos legendarios para nuestras excursiones y cursos de buceo.<\/p>\n<p>Las ofertas de buceo que se detallan a continuaci\u00f3n son de disponibilidad limitada y solo son v\u00e1lidas para <strong>RESERVAS EN L\u00cdNEA directas a trav\u00e9s del nuestro p\u00e1gina web<\/strong>. Inscribete ahora en l\u00ednea y reserva tu sitio para una experiencia submarina legendaria.<\/p>\n<p>&nbsp;<\/p>\n<p>[\/et_pb_text][et_pb_text _builder_version=&#8221;4.16&#8243; text_font_size=&#8221;18px&#8221; custom_margin=&#8221;||||false|false&#8221; global_colors_info=&#8221;{}&#8221;]<\/p>\n<h2 style=\"text-align: center; color: #0db4d5;\">Grupos reducidos. Instructores profesionales. Precios legendarios.\u00a0<\/h2>\n<p>[\/et_pb_text][\/et_pb_column][\/et_pb_row][et_pb_row column_structure=&#8221;1_4,1_4,1_4,1_4&#8243; _builder_version=&#8221;4.16&#8243; custom_margin=&#8221;-20px||||false|false&#8221; global_colors_info=&#8221;{}&#8221;][et_pb_column type=&#8221;1_4&#8243; _builder_version=&#8221;4.16&#8243; global_colors_info=&#8221;{}&#8221;][et_pb_text module_id=&#8221;moreinfo-1&#8243; module_class=&#8221;pricing-holder&#8221; _builder_version=&#8221;4.27.4&#8243; text_line_height=&#8221;1.3em&#8221; custom_padding=&#8221;|20px|25px|20px|false|false&#8221; animation_style=&#8221;zoom&#8221; link_option_url=&#8221;https:\/\/app.bukyapp.com\/front\/673ef83180e03463a90b61e6\/product\/67568ccf58b6804f2a656a21&#8243; link_option_url_new_window=&#8221;on&#8221; custom_css_main_element=&#8221;overflow: visible;&#8221; border_radii=&#8221;on|3px|3px|3px|3px&#8221; box_shadow_style=&#8221;preset1&#8243; box_shadow_blur=&#8221;12px&#8221; box_shadow_color=&#8221;#0db4d5&#8243; global_colors_info=&#8221;{}&#8221;]<\/p>\n<div style=\"text-align: center; color: #ffffff;\">.<\/div>\n<div class=\"price-holder\"><img loading=\"lazy\" decoding=\"async\" class=\"aligncenter wp-image-16068 \" style=\"color: #ffffff; text-align: center;\" src=\"https:\/\/scuba-legends.com\/wp-content\/uploads\/2024\/02\/Online-Offer-Scuba-Legends-150x150.png\" alt=\"Diving Offers Scuba Legends Lanzarote\" width=\"81\" height=\"81\" \/><\/div>\n<div style=\"text-align: center; color: #ffffff;\">.<\/div>\n<h6 style=\"text-align: center; color: #0db4d5;\">Snorkel con gu\u00eda<\/h6>\n<div class=\"price-inner-content\">\n<p style=\"text-align: center;\">\u00a1Descuentos hasta 15%!<\/p>\n<p style=\"text-align: center;\">1-3 personas &#8211; 45\u20ac p.p.<\/p>\n<p style=\"text-align: center;\">Grupo de 4 &#8211; 40,50\u20ac p.p.<\/p>\n<p style=\"text-align: center;\">Grupo de 8 &#8211; 38,25\u20ac p.p.<\/p>\n<\/div>\n<p>[\/et_pb_text][\/et_pb_column][et_pb_column type=&#8221;1_4&#8243; _builder_version=&#8221;4.16&#8243; global_colors_info=&#8221;{}&#8221;][et_pb_text admin_label=&#8221;Texto&#8221; module_id=&#8221;moreinfo-1&#8243; module_class=&#8221;pricing-holder&#8221; _builder_version=&#8221;4.27.4&#8243; text_line_height=&#8221;1.3em&#8221; custom_padding=&#8221;|20px|25px|20px|false|false&#8221; animation_style=&#8221;zoom&#8221; link_option_url=&#8221;https:\/\/app.bukyapp.com\/front\/673ef83180e03463a90b61e6\/product\/6756c76e58b6804f2a6679ae&#8221; link_option_url_new_window=&#8221;on&#8221; custom_css_main_element=&#8221;overflow: visible;&#8221; border_radii=&#8221;on|3px|3px|3px|3px&#8221; box_shadow_style=&#8221;preset1&#8243; box_shadow_blur=&#8221;12px&#8221; box_shadow_color=&#8221;#0db4d5&#8243; global_colors_info=&#8221;{}&#8221;]<\/p>\n<div style=\"text-align: center; color: #ffffff;\">.<\/div>\n<div class=\"price-holder\"><img loading=\"lazy\" decoding=\"async\" class=\"aligncenter wp-image-16068 \" style=\"color: #ffffff; text-align: center;\" src=\"https:\/\/scuba-legends.com\/wp-content\/uploads\/2024\/02\/Online-Offer-Scuba-Legends-150x150.png\" alt=\"Diving Offers Scuba Legends Lanzarote\" width=\"81\" height=\"81\" \/><\/div>\n<div style=\"text-align: center; color: #ffffff;\">.<\/div>\n<h6 style=\"text-align: center; color: #0db4d5;\">Bautizo &#8211; Prueba de buceo<\/h6>\n<div class=\"price-inner-content\">\n<p style=\"text-align: center;\">1 persona &#8211; 95\u20ac p.p.<\/p>\n<p style=\"text-align: center;\">2 personas &#8211; 90\u20ac p.p.<\/p>\n<p style=\"text-align: center;\">3 personas &#8211; 85\u20ac p.p.<\/p>\n<p style=\"text-align: center;\">4 personas &#8211; 80\u20ac p.p.<\/p>\n<\/div>\n<p>[\/et_pb_text][\/et_pb_column][et_pb_column type=&#8221;1_4&#8243; _builder_version=&#8221;4.16&#8243; global_colors_info=&#8221;{}&#8221;][et_pb_text admin_label=&#8221;Text&#8221; module_id=&#8221;moreinfo-1&#8243; module_class=&#8221;pricing-holder&#8221; _builder_version=&#8221;4.27.4&#8243; text_line_height=&#8221;1.3em&#8221; custom_padding=&#8221;|20px|25px|20px|false|false&#8221; animation_style=&#8221;zoom&#8221; link_option_url=&#8221;https:\/\/app.bukyapp.com\/front\/673ef83180e03463a90b61e6\/product\/6745be609cf817cefab71c96&#8243; link_option_url_new_window=&#8221;on&#8221; hover_enabled=&#8221;0&#8243; custom_css_main_element=&#8221;overflow: visible;&#8221; border_radii=&#8221;on|3px|3px|3px|3px&#8221; box_shadow_style=&#8221;preset1&#8243; box_shadow_blur=&#8221;12px&#8221; box_shadow_color=&#8221;#0db4d5&#8243; global_colors_info=&#8221;{}&#8221; sticky_enabled=&#8221;0&#8243;]<\/p>\n<div style=\"text-align: center; color: #ffffff;\">.<\/div>\n<div class=\"price-holder\"><img loading=\"lazy\" decoding=\"async\" class=\"aligncenter wp-image-16068 \" style=\"color: #ffffff; text-align: center;\" src=\"https:\/\/scuba-legends.com\/wp-content\/uploads\/2024\/02\/Online-Offer-Scuba-Legends-150x150.png\" alt=\"Diving Offers Scuba Legends Lanzarote\" width=\"81\" height=\"81\" \/><\/div>\n<div style=\"text-align: center; color: #ffffff;\">.<\/div>\n<h6 style=\"text-align: center; color: #0db4d5;\">Curso Open Water<\/h6>\n<div class=\"price-inner-content\">\n<p style=\"text-align: center;\">1 persona &#8211; 479\u20ac p.p.<\/p>\n<p style=\"text-align: center;\">2 personas &#8211; 459\u20ac p.p.<\/p>\n<p style=\"text-align: center;\">3 personas &#8211; 430\u20ac p.p.<\/p>\n<p style=\"text-align: center;\">4 personas &#8211; 400\u20ac p.p.<\/p>\n<\/div>\n<p>[\/et_pb_text][\/et_pb_column][et_pb_column type=&#8221;1_4&#8243; _builder_version=&#8221;4.16&#8243; global_colors_info=&#8221;{}&#8221;][et_pb_text admin_label=&#8221;Texto&#8221; module_id=&#8221;moreinfo-1&#8243; module_class=&#8221;pricing-holder&#8221; _builder_version=&#8221;4.16&#8243; text_line_height=&#8221;1.3em&#8221; custom_padding=&#8221;|20px|25px|20px|false|false&#8221; animation_style=&#8221;zoom&#8221; link_option_url=&#8221;https:\/\/scuba-legends.com\/es\/contacto\/&#8221; link_option_url_new_window=&#8221;on&#8221; custom_css_main_element=&#8221;overflow: visible;&#8221; border_radii=&#8221;on|3px|3px|3px|3px&#8221; box_shadow_style=&#8221;preset1&#8243; box_shadow_blur=&#8221;12px&#8221; box_shadow_color=&#8221;#0db4d5&#8243; global_colors_info=&#8221;{}&#8221;]<\/p>\n<div style=\"text-align: center; color: #ffffff;\">.<\/div>\n<div class=\"price-holder\"><img loading=\"lazy\" decoding=\"async\" class=\"aligncenter wp-image-16068 \" style=\"color: #ffffff; text-align: center;\" src=\"https:\/\/scuba-legends.com\/wp-content\/uploads\/2024\/02\/Online-Offer-Scuba-Legends-150x150.png\" alt=\"Diving Offers Scuba Legends Lanzarote\" width=\"81\" height=\"81\" \/><\/div>\n<div style=\"text-align: center; color: #ffffff;\">.<\/div>\n<h6 style=\"text-align: center; color: #0db4d5;\">Inmersiones guiadas (orilla)<\/h6>\n<div class=\"price-inner-content\">\n<p style=\"text-align: center;\">Descuentos<\/p>\n<p style=\"text-align: center;\">para grupos de<\/p>\n<p style=\"text-align: center;\">m\u00ednimo 4 buceadores<\/p>\n<p style=\"text-align: center;\">\u00a1Cont\u00e1ctanos!<\/p>\n<\/div>\n<p>[\/et_pb_text][\/et_pb_column][\/et_pb_row][\/et_pb_section]<\/p>\n","protected":false},"excerpt":{"rendered":"<p>\u00a0MAKE IT LEGENDARYOfertas de buceo en Lanzarote. Obt\u00e9n la mejor relaci\u00f3n calidad-precio.Ofertas de buceo en Lanzarote. La mejor relaci\u00f3n calidad-precio para bucear en Lanzarote. Te ofrecemos ofertas y descuentos legendarios para nuestras excursiones y cursos de buceo. Las ofertas de buceo que se detallan a continuaci\u00f3n son de disponibilidad limitada y solo son v\u00e1lidas para [&hellip;]<\/p>\n","protected":false},"author":2,"featured_media":0,"parent":0,"menu_order":0,"comment_status":"closed","ping_status":"closed","template":"","meta":{"_acf_changed":false,"_et_pb_use_builder":"on","_et_pb_old_content":"","_et_gb_content_width":"","footnotes":""},"class_list":["post-7597","page","type-page","status-publish","hentry"],"acf":[],"yoast_head":"<!-- This site is optimized with the Yoast SEO plugin v27.3 - https:\/\/yoast.com\/product\/yoast-seo-wordpress\/ -->\n<title>Ofertas de buceo en Lanzarote | La mejor escuela de buceo.<\/title>\n<meta name=\"description\" content=\"Ofertas de buceo en Lanzarote. Grupos reducidos. Instructores profesionales. Precios legendarios. Centro de Buceo 5* PADI.\" \/>\n<meta name=\"robots\" content=\"index, follow, max-snippet:-1, max-image-preview:large, max-video-preview:-1\" \/>\n<link rel=\"canonical\" href=\"https:\/\/scuba-legends.com\/es\/ofertas\/\" \/>\n<meta property=\"og:locale\" content=\"es_ES\" \/>\n<meta property=\"og:type\" content=\"article\" \/>\n<meta property=\"og:title\" content=\"Ofertas de buceo en Lanzarote | La mejor escuela de buceo.\" \/>\n<meta property=\"og:description\" content=\"Ofertas de buceo en Lanzarote. Grupos reducidos. Instructores profesionales. Precios legendarios. Centro de Buceo 5* PADI.\" \/>\n<meta property=\"og:url\" content=\"https:\/\/scuba-legends.com\/es\/ofertas\/\" \/>\n<meta property=\"og:site_name\" content=\"Scuba Legends\" \/>\n<meta property=\"article:publisher\" content=\"https:\/\/www.facebook.com\/ScubaLegends\/\" \/>\n<meta property=\"article:modified_time\" content=\"2025-06-03T22:11:07+00:00\" \/>\n<meta property=\"og:image\" content=\"https:\/\/scuba-legends.com\/wp-content\/uploads\/2024\/02\/Online-Offer-Scuba-Legends.png\" \/>\n\t<meta property=\"og:image:width\" content=\"1080\" \/>\n\t<meta property=\"og:image:height\" content=\"1080\" \/>\n\t<meta property=\"og:image:type\" content=\"image\/png\" \/>\n<meta name=\"twitter:card\" content=\"summary_large_image\" \/>\n<meta name=\"twitter:site\" content=\"@scubalegends\" \/>\n<meta name=\"twitter:label1\" content=\"Tiempo de lectura\" \/>\n\t<meta name=\"twitter:data1\" content=\"2 minutos\" \/>\n<script type=\"application\/ld+json\" class=\"yoast-schema-graph\">{\"@context\":\"https:\\\/\\\/schema.org\",\"@graph\":[{\"@type\":\"WebPage\",\"@id\":\"https:\\\/\\\/scuba-legends.com\\\/es\\\/ofertas\\\/\",\"url\":\"https:\\\/\\\/scuba-legends.com\\\/es\\\/ofertas\\\/\",\"name\":\"Ofertas de buceo en Lanzarote | La mejor escuela de buceo.\",\"isPartOf\":{\"@id\":\"https:\\\/\\\/scuba-legends.com\\\/es\\\/#website\"},\"primaryImageOfPage\":{\"@id\":\"https:\\\/\\\/scuba-legends.com\\\/es\\\/ofertas\\\/#primaryimage\"},\"image\":{\"@id\":\"https:\\\/\\\/scuba-legends.com\\\/es\\\/ofertas\\\/#primaryimage\"},\"thumbnailUrl\":\"https:\\\/\\\/scuba-legends.com\\\/wp-content\\\/uploads\\\/2024\\\/02\\\/Online-Offer-Scuba-Legends-150x150.png\",\"datePublished\":\"2020-10-25T08:58:45+00:00\",\"dateModified\":\"2025-06-03T22:11:07+00:00\",\"description\":\"Ofertas de buceo en Lanzarote. Grupos reducidos. Instructores profesionales. Precios legendarios. Centro de Buceo 5* PADI.\",\"breadcrumb\":{\"@id\":\"https:\\\/\\\/scuba-legends.com\\\/es\\\/ofertas\\\/#breadcrumb\"},\"inLanguage\":\"es\",\"potentialAction\":[{\"@type\":\"ReadAction\",\"target\":[\"https:\\\/\\\/scuba-legends.com\\\/es\\\/ofertas\\\/\"]}]},{\"@type\":\"ImageObject\",\"inLanguage\":\"es\",\"@id\":\"https:\\\/\\\/scuba-legends.com\\\/es\\\/ofertas\\\/#primaryimage\",\"url\":\"https:\\\/\\\/scuba-legends.com\\\/wp-content\\\/uploads\\\/2024\\\/02\\\/Online-Offer-Scuba-Legends-150x150.png\",\"contentUrl\":\"https:\\\/\\\/scuba-legends.com\\\/wp-content\\\/uploads\\\/2024\\\/02\\\/Online-Offer-Scuba-Legends-150x150.png\"},{\"@type\":\"BreadcrumbList\",\"@id\":\"https:\\\/\\\/scuba-legends.com\\\/es\\\/ofertas\\\/#breadcrumb\",\"itemListElement\":[{\"@type\":\"ListItem\",\"position\":1,\"name\":\"Scuba Legends\",\"item\":\"https:\\\/\\\/scuba-legends.com\\\/es\\\/\"},{\"@type\":\"ListItem\",\"position\":2,\"name\":\"Ofertas\"}]},{\"@type\":\"WebSite\",\"@id\":\"https:\\\/\\\/scuba-legends.com\\\/es\\\/#website\",\"url\":\"https:\\\/\\\/scuba-legends.com\\\/es\\\/\",\"name\":\"Scuba Legends\",\"description\":\"Dive Center Lanzarote\",\"publisher\":{\"@id\":\"https:\\\/\\\/scuba-legends.com\\\/es\\\/#organization\"},\"potentialAction\":[{\"@type\":\"SearchAction\",\"target\":{\"@type\":\"EntryPoint\",\"urlTemplate\":\"https:\\\/\\\/scuba-legends.com\\\/es\\\/?s={search_term_string}\"},\"query-input\":{\"@type\":\"PropertyValueSpecification\",\"valueRequired\":true,\"valueName\":\"search_term_string\"}}],\"inLanguage\":\"es\"},{\"@type\":\"Organization\",\"@id\":\"https:\\\/\\\/scuba-legends.com\\\/es\\\/#organization\",\"name\":\"Scuba Legends Dive Center Lanzarote\",\"url\":\"https:\\\/\\\/scuba-legends.com\\\/es\\\/\",\"logo\":{\"@type\":\"ImageObject\",\"inLanguage\":\"es\",\"@id\":\"https:\\\/\\\/scuba-legends.com\\\/es\\\/#\\\/schema\\\/logo\\\/image\\\/\",\"url\":\"https:\\\/\\\/scuba-legends.com\\\/wp-content\\\/uploads\\\/2020\\\/01\\\/scuba_legends_favicon.png\",\"contentUrl\":\"https:\\\/\\\/scuba-legends.com\\\/wp-content\\\/uploads\\\/2020\\\/01\\\/scuba_legends_favicon.png\",\"width\":512,\"height\":512,\"caption\":\"Scuba Legends Dive Center Lanzarote\"},\"image\":{\"@id\":\"https:\\\/\\\/scuba-legends.com\\\/es\\\/#\\\/schema\\\/logo\\\/image\\\/\"},\"sameAs\":[\"https:\\\/\\\/www.facebook.com\\\/ScubaLegends\\\/\",\"https:\\\/\\\/x.com\\\/scubalegends\",\"https:\\\/\\\/www.instagram.com\\\/scuba_legends\\\/\",\"https:\\\/\\\/www.youtube.com\\\/channel\\\/UCUjHU7Mmii5SfLoodxNZmqQ\"]}]}<\/script>\n<!-- \/ Yoast SEO plugin. -->","yoast_head_json":{"title":"Ofertas de buceo en Lanzarote | La mejor escuela de buceo.","description":"Ofertas de buceo en Lanzarote. Grupos reducidos. Instructores profesionales. Precios legendarios. Centro de Buceo 5* PADI.","robots":{"index":"index","follow":"follow","max-snippet":"max-snippet:-1","max-image-preview":"max-image-preview:large","max-video-preview":"max-video-preview:-1"},"canonical":"https:\/\/scuba-legends.com\/es\/ofertas\/","og_locale":"es_ES","og_type":"article","og_title":"Ofertas de buceo en Lanzarote | La mejor escuela de buceo.","og_description":"Ofertas de buceo en Lanzarote. Grupos reducidos. Instructores profesionales. Precios legendarios. Centro de Buceo 5* PADI.","og_url":"https:\/\/scuba-legends.com\/es\/ofertas\/","og_site_name":"Scuba Legends","article_publisher":"https:\/\/www.facebook.com\/ScubaLegends\/","article_modified_time":"2025-06-03T22:11:07+00:00","og_image":[{"width":1080,"height":1080,"url":"https:\/\/scuba-legends.com\/wp-content\/uploads\/2024\/02\/Online-Offer-Scuba-Legends.png","type":"image\/png"}],"twitter_card":"summary_large_image","twitter_site":"@scubalegends","twitter_misc":{"Tiempo de lectura":"2 minutos"},"schema":{"@context":"https:\/\/schema.org","@graph":[{"@type":"WebPage","@id":"https:\/\/scuba-legends.com\/es\/ofertas\/","url":"https:\/\/scuba-legends.com\/es\/ofertas\/","name":"Ofertas de buceo en Lanzarote | La mejor escuela de buceo.","isPartOf":{"@id":"https:\/\/scuba-legends.com\/es\/#website"},"primaryImageOfPage":{"@id":"https:\/\/scuba-legends.com\/es\/ofertas\/#primaryimage"},"image":{"@id":"https:\/\/scuba-legends.com\/es\/ofertas\/#primaryimage"},"thumbnailUrl":"https:\/\/scuba-legends.com\/wp-content\/uploads\/2024\/02\/Online-Offer-Scuba-Legends-150x150.png","datePublished":"2020-10-25T08:58:45+00:00","dateModified":"2025-06-03T22:11:07+00:00","description":"Ofertas de buceo en Lanzarote. Grupos reducidos. Instructores profesionales. Precios legendarios. Centro de Buceo 5* PADI.","breadcrumb":{"@id":"https:\/\/scuba-legends.com\/es\/ofertas\/#breadcrumb"},"inLanguage":"es","potentialAction":[{"@type":"ReadAction","target":["https:\/\/scuba-legends.com\/es\/ofertas\/"]}]},{"@type":"ImageObject","inLanguage":"es","@id":"https:\/\/scuba-legends.com\/es\/ofertas\/#primaryimage","url":"https:\/\/scuba-legends.com\/wp-content\/uploads\/2024\/02\/Online-Offer-Scuba-Legends-150x150.png","contentUrl":"https:\/\/scuba-legends.com\/wp-content\/uploads\/2024\/02\/Online-Offer-Scuba-Legends-150x150.png"},{"@type":"BreadcrumbList","@id":"https:\/\/scuba-legends.com\/es\/ofertas\/#breadcrumb","itemListElement":[{"@type":"ListItem","position":1,"name":"Scuba Legends","item":"https:\/\/scuba-legends.com\/es\/"},{"@type":"ListItem","position":2,"name":"Ofertas"}]},{"@type":"WebSite","@id":"https:\/\/scuba-legends.com\/es\/#website","url":"https:\/\/scuba-legends.com\/es\/","name":"Scuba Legends","description":"Dive Center Lanzarote","publisher":{"@id":"https:\/\/scuba-legends.com\/es\/#organization"},"potentialAction":[{"@type":"SearchAction","target":{"@type":"EntryPoint","urlTemplate":"https:\/\/scuba-legends.com\/es\/?s={search_term_string}"},"query-input":{"@type":"PropertyValueSpecification","valueRequired":true,"valueName":"search_term_string"}}],"inLanguage":"es"},{"@type":"Organization","@id":"https:\/\/scuba-legends.com\/es\/#organization","name":"Scuba Legends Dive Center Lanzarote","url":"https:\/\/scuba-legends.com\/es\/","logo":{"@type":"ImageObject","inLanguage":"es","@id":"https:\/\/scuba-legends.com\/es\/#\/schema\/logo\/image\/","url":"https:\/\/scuba-legends.com\/wp-content\/uploads\/2020\/01\/scuba_legends_favicon.png","contentUrl":"https:\/\/scuba-legends.com\/wp-content\/uploads\/2020\/01\/scuba_legends_favicon.png","width":512,"height":512,"caption":"Scuba Legends Dive Center Lanzarote"},"image":{"@id":"https:\/\/scuba-legends.com\/es\/#\/schema\/logo\/image\/"},"sameAs":["https:\/\/www.facebook.com\/ScubaLegends\/","https:\/\/x.com\/scubalegends","https:\/\/www.instagram.com\/scuba_legends\/","https:\/\/www.youtube.com\/channel\/UCUjHU7Mmii5SfLoodxNZmqQ"]}]}},"_links":{"self":[{"href":"https:\/\/scuba-legends.com\/es\/wp-json\/wp\/v2\/pages\/7597","targetHints":{"allow":["GET"]}}],"collection":[{"href":"https:\/\/scuba-legends.com\/es\/wp-json\/wp\/v2\/pages"}],"about":[{"href":"https:\/\/scuba-legends.com\/es\/wp-json\/wp\/v2\/types\/page"}],"author":[{"embeddable":true,"href":"https:\/\/scuba-legends.com\/es\/wp-json\/wp\/v2\/users\/2"}],"replies":[{"embeddable":true,"href":"https:\/\/scuba-legends.com\/es\/wp-json\/wp\/v2\/comments?post=7597"}],"version-history":[{"count":18,"href":"https:\/\/scuba-legends.com\/es\/wp-json\/wp\/v2\/pages\/7597\/revisions"}],"predecessor-version":[{"id":19539,"href":"https:\/\/scuba-legends.com\/es\/wp-json\/wp\/v2\/pages\/7597\/revisions\/19539"}],"wp:attachment":[{"href":"https:\/\/scuba-legends.com\/es\/wp-json\/wp\/v2\/media?parent=7597"}],"curies":[{"name":"wp","href":"https:\/\/api.w.org\/{rel}","templated":true}]}}