{"id":7581,"date":"2020-10-25T08:43:43","date_gmt":"2020-10-25T08:43:43","guid":{"rendered":"https:\/\/scuba-legends.com\/?page_id=7581"},"modified":"2024-05-11T15:39:34","modified_gmt":"2024-05-11T15:39:34","slug":"sobre-nosotros","status":"publish","type":"page","link":"https:\/\/scuba-legends.com\/es\/sobre-nosotros\/","title":{"rendered":"Sobre nosotros"},"content":{"rendered":"<p>[et_pb_section fb_built=&#8221;1&#8243; fullwidth=&#8221;on&#8221; module_id=&#8221;spheader-section&#8221; _builder_version=&#8221;4.16&#8243; global_colors_info=&#8221;{}&#8221;][et_pb_fullwidth_header title=&#8221;Scuba Legends &#8211; Tu Centro de Buceo en Lanzarote&#8221; admin_label=&#8221;T\u00edtulo de anchura completa&#8221; _builder_version=&#8221;4.16&#8243; title_text_align=&#8221;left&#8221; title_text_color=&#8221;#0db4d5&#8243; title_font_size=&#8221;54px&#8221; content_text_color=&#8221;#0db4d5&#8243; subhead_font=&#8221;|||on|||||&#8221; subhead_text_align=&#8221;left&#8221; background_image=&#8221;https:\/\/scuba-legends.com\/wp-content\/uploads\/2023\/12\/Header-About-Us-1400&#215;900-1.jpg&#8221; width=&#8221;100%&#8221; module_alignment=&#8221;center&#8221; custom_padding=&#8221;80px||80px||true|&#8221; title_font_size_tablet=&#8221;44px&#8221; background_last_edited=&#8221;on|desktop&#8221; custom_css_main_element=&#8221;background-position: center -240px;&#8221; custom_css_title=&#8221;order: 2;&#8221; custom_css_subtitle=&#8221;order: 1;&#8221; global_colors_info=&#8221;{}&#8221; custom_css_main_element_last_edited=&#8221;on|tablet&#8221; custom_css_main_element_tablet=&#8221;background-position: center -70px;&#8221; custom_css_main_element_phone=&#8221;background-position: center center;&#8221;]<\/p>\n<p style=\"text-align: left;\">\u00a0MAKE IT LEGENDARY<\/p>\n<p>[\/et_pb_fullwidth_header][\/et_pb_section][et_pb_section fb_built=&#8221;1&#8243; _builder_version=&#8221;4.16&#8243; custom_margin=&#8221;-50px||||false|false&#8221; global_colors_info=&#8221;{}&#8221;][et_pb_row _builder_version=&#8221;4.16&#8243; global_colors_info=&#8221;{}&#8221;][et_pb_column type=&#8221;4_4&#8243; _builder_version=&#8221;4.16&#8243; global_colors_info=&#8221;{}&#8221;][et_pb_text _builder_version=&#8221;4.16&#8243; text_font_size=&#8221;18px&#8221; custom_margin=&#8221;-20px||||false|false&#8221; global_colors_info=&#8221;{}&#8221;]<\/p>\n<h2 style=\"text-align: center; color: #0db4d5;\">El buceo es nuestra pasi\u00f3n y vida. Make it legendary<\/h2>\n<p>[\/et_pb_text][et_pb_text _builder_version=&#8221;4.16&#8243; locked=&#8221;off&#8221; global_colors_info=&#8221;{}&#8221;]<\/p>\n<p>Sum\u00e9rgete en lo extraordinario con Scuba Legends Dive Center en Lanzarote, donde el buceo no es solo un hobby; es nuestra pasi\u00f3n, nuestra vida y una oportunidad para hacer que cada momento bajo el agua sea legendario.<\/p>\n<p>Encu\u00e9ntranos en el coraz\u00f3n de Puerto del Carmen, en el centro comercial &#8220;Puerto Cinco&#8221; (justo encima del supermercado Dino Express). Nuestro centro de buceo no es solo un lugar de trabajo; es nuestro hogar, convenientemente ubicado en el centro y a un paso de los <strong>mejores sitios de buceo de la isla.<\/strong><\/p>\n<p>En Scuba Legends, nos dedicamos a hacer <strong>inmersiones<\/strong> <strong>legendarias<\/strong>. Deja que nuestro amor por el oc\u00e9ano y la emoci\u00f3n del buceo inspiren tus aventuras submarinas.<\/p>\n<p>Descubre lo que nuestro centro de buceo tiene para ofrecer: imagina una terraza espaciosa con impresionantes vistas al mar, el lugar perfecto para relajarte y tomar una bebida despu\u00e9s de una inmersi\u00f3n emocionante. Te ofrecemos todas las instalaciones esenciales: un \u00e1rea de limpieza y secado, un ba\u00f1o y un aula para sesiones te\u00f3ricas, todo lo que necesitas, simple y sencillo.<\/p>\n<p><strong>Tu seguridad es nuestra prioridad.<\/strong> Nos hemos asegurado de que nuestro centro de buceo cumpla con todas las medidas necesarias de higiene y prevenci\u00f3n de COVID-19, para que puedas bucear con confianza.<\/p>\n<p>Y hay m\u00e1s: explora nuestra peque\u00f1a tienda donde puedes adquirir accesorios de buceo y esn\u00f3rquel de alta calidad. Adem\u00e1s, somos el distribuidor oficial de la reconocida marca Halcyon, el \u00fanico en las Islas Canarias.<\/p>\n<p>[\/et_pb_text][et_pb_text admin_label=&#8221;Texto&#8221; _builder_version=&#8221;4.16&#8243; text_font_size=&#8221;18px&#8221; custom_margin=&#8221;||||false|false&#8221; global_colors_info=&#8221;{}&#8221;]<\/p>\n<h2 style=\"text-align: center; color: #0db4d5;\">\u00bfPor qu\u00e9 Scuba Legends?<\/h2>\n<p>[\/et_pb_text][et_pb_text _builder_version=&#8221;4.16&#8243; locked=&#8221;off&#8221; global_colors_info=&#8221;{}&#8221;]<\/p>\n<p>Porque nuestra misi\u00f3n es clara: inspirarte con nuestra pasi\u00f3n interminable por el oc\u00e9ano y descubrir las maravillas bajo la superficie. En cuanto a la seguridad, no tomamos atajos. Nuestra formaci\u00f3n es de primera categor\u00eda, siguiendo los m\u00e1s altos est\u00e1ndares y protocolos de seguridad. No est\u00e1s simplemente reservando una inmersi\u00f3n; est\u00e1s asegurando una experiencia elaborada con precisi\u00f3n y cuidado.<\/p>\n<p>\u00bfPor qu\u00e9 conformarte con una inmersi\u00f3n ordinaria cuando puedes hacerla legendaria con Scuba Legends? Aqu\u00ed te explicamos por qu\u00e9 reservar tus inmersiones con nosotros es la elecci\u00f3n inteligente:<\/p>\n<ul>\n<li><strong>Equipo de Primera:<\/strong> Sum\u00e9rgete en las maravillas submarinas con equipos de alta calidad de marcas reconocidas como Scubapro, Tecline y Halcyon. En Scuba Legends, creemos que un equipo de primera es la clave para una inmersi\u00f3n extraordinaria.<\/li>\n<li><strong>Mantenimiento Frecuente:<\/strong> \u00a1No te preocupes por lo esencial! Nuestro equipo y tanques se revisan y mantienen meticulosamente para garantizar un rendimiento \u00f3ptimo y tu seguridad bajo la superficie.<\/li>\n<li><strong>Entorno Limpio:<\/strong> Experimenta el reino submarino en su forma m\u00e1s pura. Nos enorgullece ofrecer un centro de buceo limpio y bien mantenido, as\u00ed como un entorno de buceo, para que disfrutes de la belleza del oc\u00e9ano sin distracciones.<\/li>\n<li><strong>Grupos Peque\u00f1os, Gran Experiencia:<\/strong> \u00a1Olv\u00eddate de los grupos abarrotados! Creemos en una experiencia personalizada e \u00edntima. Con grupos peque\u00f1os, recibes m\u00e1s atenci\u00f3n de nuestros experimentados instructores, creando una atm\u00f3sfera de camarader\u00eda y emoci\u00f3n compartida.<\/li>\n<li><strong>Seguridad en Primer Lugar:<\/strong> Tu seguridad es nuestra prioridad. Nuestro equipo sigue estrictos protocolos de seguridad, asegurando que cada inmersi\u00f3n no solo sea emocionante, sino tambi\u00e9n llevada a cabo con los m\u00e1s altos est\u00e1ndares de seguridad en mente.<\/li>\n<\/ul>\n<p>En Scuba Legends Dive Center, no ofrecemos solo inmersiones; ofrecemos una experiencia transformadora bajo del mar. Disfruta del mejor buceo en Lanzarote. Haz que tus aventuras submarinas sean legendarias con Scuba Legends, donde la pasi\u00f3n se encuentra con el profesionalismo y cada inmersi\u00f3n es una oportunidad para que tu viaje submarino sea verdaderamente inolvidable.<\/p>\n<p>\u00a1Reserva tu inmersi\u00f3n hoy y descubre las profundidades con estilo!<\/p>\n<p>[\/et_pb_text][\/et_pb_column][\/et_pb_row][et_pb_row _builder_version=&#8221;4.16&#8243; locked=&#8221;off&#8221; global_colors_info=&#8221;{}&#8221;][et_pb_column type=&#8221;4_4&#8243; _builder_version=&#8221;4.16&#8243; global_colors_info=&#8221;{}&#8221;][et_pb_dp_oc_custom thumbnail_size=&#8221;et-pb-post-main-image&#8221; number_thumb=&#8221;4&#8243; _builder_version=&#8221;4.25.1&#8243; _module_preset=&#8221;default&#8221; hover_enabled=&#8221;0&#8243; global_colors_info=&#8221;{}&#8221; admin_label=&#8221;DP Owl Image Carousel&#8221; sticky_enabled=&#8221;0&#8243;][et_pb_dp_oc_custom_item _builder_version=&#8221;4.25.1&#8243; _module_preset=&#8221;default&#8221; alt=&#8221;Oficina Recepcion Scuba Legends Dive Center&#8221; title_text=&#8221;AboutUs_Slider1&#8243; upload_image=&#8221;https:\/\/scuba-legends.com\/wp-content\/uploads\/2023\/08\/AboutUs_Slider1.webp&#8221; hover_enabled=&#8221;0&#8243; sticky_enabled=&#8221;0&#8243;][\/et_pb_dp_oc_custom_item][et_pb_dp_oc_custom_item _builder_version=&#8221;4.25.1&#8243; _module_preset=&#8221;default&#8221; alt=&#8221;Scuba Legends Dive Center Lanzarote in Puerto del Carmen Shop&#8221; title_text=&#8221;2-700&#215;525&#8243; upload_image=&#8221;https:\/\/scuba-legends.com\/wp-content\/uploads\/2020\/08\/2-700&#215;525-1.jpg&#8221; hover_enabled=&#8221;0&#8243; sticky_enabled=&#8221;0&#8243;][\/et_pb_dp_oc_custom_item][et_pb_dp_oc_custom_item _builder_version=&#8221;4.25.1&#8243; _module_preset=&#8221;default&#8221; alt=&#8221;Scuba Legends Dive Center Lanzarote in Puerto del Carmen wetsuits&#8221; title_text=&#8221;3-700&#215;525&#8243; upload_image=&#8221;https:\/\/scuba-legends.com\/wp-content\/uploads\/2020\/08\/3-700&#215;525-1.jpg&#8221; hover_enabled=&#8221;0&#8243; sticky_enabled=&#8221;0&#8243;][\/et_pb_dp_oc_custom_item][et_pb_dp_oc_custom_item _builder_version=&#8221;4.25.1&#8243; _module_preset=&#8221;default&#8221; alt=&#8221;Scuba Legends Dive Center Lanzarote in Puerto del Carmen Shop Classroom&#8221; title_text=&#8221;4-700&#215;525&#8243; upload_image=&#8221;https:\/\/scuba-legends.com\/wp-content\/uploads\/2020\/08\/4-700&#215;525-1.jpg&#8221; hover_enabled=&#8221;0&#8243; sticky_enabled=&#8221;0&#8243;][\/et_pb_dp_oc_custom_item][et_pb_dp_oc_custom_item _builder_version=&#8221;4.25.1&#8243; _module_preset=&#8221;default&#8221; alt=&#8221;Scuba Legends Dive Center Lanzarote in Puerto del Carmen terrace facility&#8221; title_text=&#8221;1-700&#215;525&#8243; upload_image=&#8221;https:\/\/scuba-legends.com\/wp-content\/uploads\/2020\/08\/1-700&#215;525-1.jpg&#8221; hover_enabled=&#8221;0&#8243; sticky_enabled=&#8221;0&#8243;][\/et_pb_dp_oc_custom_item][\/et_pb_dp_oc_custom][\/et_pb_column][\/et_pb_row][et_pb_row _builder_version=&#8221;4.16&#8243; global_colors_info=&#8221;{}&#8221; locked=&#8221;off&#8221; disabled_on=&#8221;on|on|on&#8221; disabled=&#8221;on&#8221;][et_pb_column type=&#8221;4_4&#8243; _builder_version=&#8221;4.16&#8243; global_colors_info=&#8221;{}&#8221;][dica_divi_carousel show_items_desktop=&#8221;3&#8243; show_items_tablet=&#8221;2&#8243; loop=&#8221;on&#8221; dot_nav=&#8221;on&#8221; advanced_effect=&#8221;1&#8243; _builder_version=&#8221;4.0.9&#8243; _i=&#8221;0&#8243; _address=&#8221;1.1.0.0&#8243; \/][\/et_pb_column][\/et_pb_row][et_pb_row _builder_version=&#8221;4.16&#8243; global_colors_info=&#8221;{}&#8221;][et_pb_column type=&#8221;4_4&#8243; _builder_version=&#8221;4.16&#8243; global_colors_info=&#8221;{}&#8221;][et_pb_text _builder_version=&#8221;4.16&#8243; text_font_size=&#8221;18px&#8221; custom_margin=&#8221;-20px||||false|false&#8221; global_colors_info=&#8221;{}&#8221;]<\/p>\n<h2 style=\"text-align: center; color: #0db4d5;\">Nuestro Equipo<\/h2>\n<p>[\/et_pb_text][et_pb_text _builder_version=&#8221;4.16&#8243; locked=&#8221;off&#8221; global_colors_info=&#8221;{}&#8221;]<\/p>\n<p>Conoce a nuestro Equipo de Leyendas: Instructores PADI y Divemasters experimentados que aportan una gran cantidad de experiencia a cada inmersi\u00f3n. No somos solo profesionales; somos un grupo de entusiastas marinos altamente calificados y apasionados. Somos tus compa\u00f1eros de buceo y estamos ansiosos por hacer que tu aventura de buceo sea inolvidable.<\/p>\n<p>Pero eso no es todo, somos un equipo internacional. H\u00e1blanos en espa\u00f1ol, ingl\u00e9s, franc\u00e9s, alem\u00e1n o catal\u00e1n: tu comodidad es nuestra prioridad. Sum\u00e9rgete en los idiomas con los que te sientas m\u00e1s c\u00f3modo y deja que la aventura oce\u00e1nica se desarrolle sin problemas.<\/p>\n<p>[\/et_pb_text][\/et_pb_column][\/et_pb_row][\/et_pb_section][et_pb_section fb_built=&#8221;1&#8243; module_id=&#8221;diver-info-section&#8221; _builder_version=&#8221;4.16&#8243; background_color=&#8221;#03333D&#8221; saved_tabs=&#8221;all&#8221; global_colors_info=&#8221;{}&#8221;][et_pb_row _builder_version=&#8221;4.16&#8243; global_colors_info=&#8221;{}&#8221;][et_pb_column type=&#8221;4_4&#8243; _builder_version=&#8221;4.16&#8243; global_colors_info=&#8221;{}&#8221;][et_pb_text _builder_version=&#8221;4.16&#8243; global_colors_info=&#8221;{}&#8221;]<\/p>\n<h3 style=\"text-align: center; color: #ffffff;\">Nuestro Equipo Legendario<\/h3>\n<p>[\/et_pb_text][\/et_pb_column][\/et_pb_row][et_pb_row _builder_version=&#8221;4.16&#8243; locked=&#8221;off&#8221; global_colors_info=&#8221;{}&#8221;][et_pb_column type=&#8221;4_4&#8243; _builder_version=&#8221;4.16&#8243; global_colors_info=&#8221;{}&#8221;][et_pb_dp_oc_custom thumbnail_size=&#8221;et-pb-post-main-image&#8221; number_thumb=&#8221;4&#8243; _builder_version=&#8221;4.25.1&#8243; _module_preset=&#8221;default&#8221; global_colors_info=&#8221;{}&#8221;][et_pb_dp_oc_custom_item upload_image=&#8221;https:\/\/scuba-legends.com\/wp-content\/uploads\/2023\/07\/271664413_1344788872637964_6561470453358296529_n.jpg&#8221; _builder_version=&#8221;4.25.1&#8243; _module_preset=&#8221;default&#8221; global_colors_info=&#8221;{}&#8221;][\/et_pb_dp_oc_custom_item][et_pb_dp_oc_custom_item upload_image=&#8221;https:\/\/scuba-legends.com\/wp-content\/uploads\/2023\/07\/Chantal_900x720_reiszed.jpg&#8221; _builder_version=&#8221;4.25.1&#8243; _module_preset=&#8221;default&#8221; global_colors_info=&#8221;{}&#8221;][\/et_pb_dp_oc_custom_item][et_pb_dp_oc_custom_item upload_image=&#8221;https:\/\/scuba-legends.com\/wp-content\/uploads\/2023\/07\/Adri_900x720_reiszed.jpg&#8221; _builder_version=&#8221;4.25.1&#8243; _module_preset=&#8221;default&#8221; global_colors_info=&#8221;{}&#8221;][\/et_pb_dp_oc_custom_item][et_pb_dp_oc_custom_item upload_image=&#8221;https:\/\/scuba-legends.com\/wp-content\/uploads\/2023\/07\/Maria_900x720_resized.jpg&#8221; _builder_version=&#8221;4.25.1&#8243; _module_preset=&#8221;default&#8221; global_colors_info=&#8221;{}&#8221;][\/et_pb_dp_oc_custom_item][et_pb_dp_oc_custom_item upload_image=&#8221;https:\/\/scuba-legends.com\/wp-content\/uploads\/2023\/07\/Mo_900x720_resized.jpg&#8221; _builder_version=&#8221;4.25.1&#8243; _module_preset=&#8221;default&#8221; global_colors_info=&#8221;{}&#8221;][\/et_pb_dp_oc_custom_item][et_pb_dp_oc_custom_item upload_image=&#8221;https:\/\/scuba-legends.com\/wp-content\/uploads\/2023\/07\/Max_900x720_resized.jpg&#8221; _builder_version=&#8221;4.25.1&#8243; _module_preset=&#8221;default&#8221; global_colors_info=&#8221;{}&#8221;][\/et_pb_dp_oc_custom_item][et_pb_dp_oc_custom_item upload_image=&#8221;https:\/\/scuba-legends.com\/wp-content\/uploads\/2023\/07\/Santi_900x720_resized.jpg&#8221; _builder_version=&#8221;4.25.1&#8243; _module_preset=&#8221;default&#8221; global_colors_info=&#8221;{}&#8221;][\/et_pb_dp_oc_custom_item][\/et_pb_dp_oc_custom][\/et_pb_column][\/et_pb_row][et_pb_row disabled_on=&#8221;on|on|on&#8221; _builder_version=&#8221;4.16&#8243; disabled=&#8221;on&#8221; global_colors_info=&#8221;{}&#8221;][et_pb_column type=&#8221;4_4&#8243; _builder_version=&#8221;4.16&#8243; global_colors_info=&#8221;{}&#8221;][dica_divi_carousel show_items_desktop=&#8221;3&#8243; show_items_tablet=&#8221;2&#8243; loop=&#8221;on&#8221; dot_nav=&#8221;on&#8221; advanced_effect=&#8221;1&#8243; admin_label=&#8221;Divi Carousel&#8221; _builder_version=&#8221;4.0.9&#8243; locked=&#8221;off&#8221; _i=&#8221;0&#8243; _address=&#8221;2.2.0.0&#8243; \/][\/et_pb_column][\/et_pb_row][\/et_pb_section]<\/p>\n","protected":false},"excerpt":{"rendered":"<p>\u00a0MAKE IT LEGENDARYEl buceo es nuestra pasi\u00f3n y vida. Make it legendarySum\u00e9rgete en lo extraordinario con Scuba Legends Dive Center en Lanzarote, donde el buceo no es solo un hobby; es nuestra pasi\u00f3n, nuestra vida y una oportunidad para hacer que cada momento bajo el agua sea legendario. Encu\u00e9ntranos en el coraz\u00f3n de Puerto del [&hellip;]<\/p>\n","protected":false},"author":2,"featured_media":0,"parent":0,"menu_order":54,"comment_status":"closed","ping_status":"closed","template":"","meta":{"_acf_changed":false,"_et_pb_use_builder":"on","_et_pb_old_content":"","_et_gb_content_width":"","footnotes":""},"class_list":["post-7581","page","type-page","status-publish","hentry"],"acf":[],"yoast_head":"<!-- This site is optimized with the Yoast SEO plugin v27.5 - https:\/\/yoast.com\/product\/yoast-seo-wordpress\/ -->\n<title>Sobre nosotros - Scuba Legends Centro de Buceo Lanzarote<\/title>\n<meta name=\"robots\" content=\"index, follow, max-snippet:-1, max-image-preview:large, max-video-preview:-1\" \/>\n<link rel=\"canonical\" href=\"https:\/\/scuba-legends.com\/es\/sobre-nosotros\/\" \/>\n<meta property=\"og:locale\" content=\"es_ES\" \/>\n<meta property=\"og:type\" content=\"article\" \/>\n<meta property=\"og:title\" content=\"Sobre nosotros - Scuba Legends Centro de Buceo Lanzarote\" \/>\n<meta property=\"og:description\" content=\"\u00a0MAKE IT LEGENDARYEl buceo es nuestra pasi\u00f3n y vida. Make it legendarySum\u00e9rgete en lo extraordinario con Scuba Legends Dive Center en Lanzarote, donde el buceo no es solo un hobby; es nuestra pasi\u00f3n, nuestra vida y una oportunidad para hacer que cada momento bajo el agua sea legendario. Encu\u00e9ntranos en el coraz\u00f3n de Puerto del [&hellip;]\" \/>\n<meta property=\"og:url\" content=\"https:\/\/scuba-legends.com\/es\/sobre-nosotros\/\" \/>\n<meta property=\"og:site_name\" content=\"Scuba Legends\" \/>\n<meta property=\"article:publisher\" content=\"https:\/\/www.facebook.com\/ScubaLegends\/\" \/>\n<meta property=\"article:modified_time\" content=\"2024-05-11T15:39:34+00:00\" \/>\n<meta property=\"og:image\" content=\"https:\/\/scuba-legends.com\/wp-content\/uploads\/2020\/01\/scuba_legend_logo_new1.png\" \/>\n\t<meta property=\"og:image:width\" content=\"150\" \/>\n\t<meta property=\"og:image:height\" content=\"150\" \/>\n\t<meta property=\"og:image:type\" content=\"image\/png\" \/>\n<meta name=\"twitter:card\" content=\"summary_large_image\" \/>\n<meta name=\"twitter:site\" content=\"@scubalegends\" \/>\n<meta name=\"twitter:label1\" content=\"Tiempo de lectura\" \/>\n\t<meta name=\"twitter:data1\" content=\"6 minutos\" \/>\n<script type=\"application\/ld+json\" class=\"yoast-schema-graph\">{\"@context\":\"https:\\\/\\\/schema.org\",\"@graph\":[{\"@type\":\"WebPage\",\"@id\":\"https:\\\/\\\/scuba-legends.com\\\/es\\\/sobre-nosotros\\\/\",\"url\":\"https:\\\/\\\/scuba-legends.com\\\/es\\\/sobre-nosotros\\\/\",\"name\":\"Sobre nosotros - Scuba Legends Centro de Buceo Lanzarote\",\"isPartOf\":{\"@id\":\"https:\\\/\\\/scuba-legends.com\\\/es\\\/#website\"},\"datePublished\":\"2020-10-25T08:43:43+00:00\",\"dateModified\":\"2024-05-11T15:39:34+00:00\",\"breadcrumb\":{\"@id\":\"https:\\\/\\\/scuba-legends.com\\\/es\\\/sobre-nosotros\\\/#breadcrumb\"},\"inLanguage\":\"es\",\"potentialAction\":[{\"@type\":\"ReadAction\",\"target\":[\"https:\\\/\\\/scuba-legends.com\\\/es\\\/sobre-nosotros\\\/\"]}]},{\"@type\":\"BreadcrumbList\",\"@id\":\"https:\\\/\\\/scuba-legends.com\\\/es\\\/sobre-nosotros\\\/#breadcrumb\",\"itemListElement\":[{\"@type\":\"ListItem\",\"position\":1,\"name\":\"Scuba Legends\",\"item\":\"https:\\\/\\\/scuba-legends.com\\\/es\\\/\"},{\"@type\":\"ListItem\",\"position\":2,\"name\":\"Sobre nosotros\"}]},{\"@type\":\"WebSite\",\"@id\":\"https:\\\/\\\/scuba-legends.com\\\/es\\\/#website\",\"url\":\"https:\\\/\\\/scuba-legends.com\\\/es\\\/\",\"name\":\"Scuba Legends\",\"description\":\"Dive Center Lanzarote\",\"publisher\":{\"@id\":\"https:\\\/\\\/scuba-legends.com\\\/es\\\/#organization\"},\"potentialAction\":[{\"@type\":\"SearchAction\",\"target\":{\"@type\":\"EntryPoint\",\"urlTemplate\":\"https:\\\/\\\/scuba-legends.com\\\/es\\\/?s={search_term_string}\"},\"query-input\":{\"@type\":\"PropertyValueSpecification\",\"valueRequired\":true,\"valueName\":\"search_term_string\"}}],\"inLanguage\":\"es\"},{\"@type\":\"Organization\",\"@id\":\"https:\\\/\\\/scuba-legends.com\\\/es\\\/#organization\",\"name\":\"Scuba Legends Dive Center Lanzarote\",\"url\":\"https:\\\/\\\/scuba-legends.com\\\/es\\\/\",\"logo\":{\"@type\":\"ImageObject\",\"inLanguage\":\"es\",\"@id\":\"https:\\\/\\\/scuba-legends.com\\\/es\\\/#\\\/schema\\\/logo\\\/image\\\/\",\"url\":\"https:\\\/\\\/scuba-legends.com\\\/wp-content\\\/uploads\\\/2020\\\/01\\\/scuba_legends_favicon.png\",\"contentUrl\":\"https:\\\/\\\/scuba-legends.com\\\/wp-content\\\/uploads\\\/2020\\\/01\\\/scuba_legends_favicon.png\",\"width\":512,\"height\":512,\"caption\":\"Scuba Legends Dive Center Lanzarote\"},\"image\":{\"@id\":\"https:\\\/\\\/scuba-legends.com\\\/es\\\/#\\\/schema\\\/logo\\\/image\\\/\"},\"sameAs\":[\"https:\\\/\\\/www.facebook.com\\\/ScubaLegends\\\/\",\"https:\\\/\\\/x.com\\\/scubalegends\",\"https:\\\/\\\/www.instagram.com\\\/scuba_legends\\\/\",\"https:\\\/\\\/www.youtube.com\\\/channel\\\/UCUjHU7Mmii5SfLoodxNZmqQ\"]}]}<\/script>\n<!-- \/ Yoast SEO plugin. -->","yoast_head_json":{"title":"Sobre nosotros - Scuba Legends Centro de Buceo Lanzarote","robots":{"index":"index","follow":"follow","max-snippet":"max-snippet:-1","max-image-preview":"max-image-preview:large","max-video-preview":"max-video-preview:-1"},"canonical":"https:\/\/scuba-legends.com\/es\/sobre-nosotros\/","og_locale":"es_ES","og_type":"article","og_title":"Sobre nosotros - Scuba Legends Centro de Buceo Lanzarote","og_description":"\u00a0MAKE IT LEGENDARYEl buceo es nuestra pasi\u00f3n y vida. Make it legendarySum\u00e9rgete en lo extraordinario con Scuba Legends Dive Center en Lanzarote, donde el buceo no es solo un hobby; es nuestra pasi\u00f3n, nuestra vida y una oportunidad para hacer que cada momento bajo el agua sea legendario. Encu\u00e9ntranos en el coraz\u00f3n de Puerto del [&hellip;]","og_url":"https:\/\/scuba-legends.com\/es\/sobre-nosotros\/","og_site_name":"Scuba Legends","article_publisher":"https:\/\/www.facebook.com\/ScubaLegends\/","article_modified_time":"2024-05-11T15:39:34+00:00","og_image":[{"width":150,"height":150,"url":"https:\/\/scuba-legends.com\/wp-content\/uploads\/2020\/01\/scuba_legend_logo_new1.png","type":"image\/png"}],"twitter_card":"summary_large_image","twitter_site":"@scubalegends","twitter_misc":{"Tiempo de lectura":"6 minutos"},"schema":{"@context":"https:\/\/schema.org","@graph":[{"@type":"WebPage","@id":"https:\/\/scuba-legends.com\/es\/sobre-nosotros\/","url":"https:\/\/scuba-legends.com\/es\/sobre-nosotros\/","name":"Sobre nosotros - Scuba Legends Centro de Buceo Lanzarote","isPartOf":{"@id":"https:\/\/scuba-legends.com\/es\/#website"},"datePublished":"2020-10-25T08:43:43+00:00","dateModified":"2024-05-11T15:39:34+00:00","breadcrumb":{"@id":"https:\/\/scuba-legends.com\/es\/sobre-nosotros\/#breadcrumb"},"inLanguage":"es","potentialAction":[{"@type":"ReadAction","target":["https:\/\/scuba-legends.com\/es\/sobre-nosotros\/"]}]},{"@type":"BreadcrumbList","@id":"https:\/\/scuba-legends.com\/es\/sobre-nosotros\/#breadcrumb","itemListElement":[{"@type":"ListItem","position":1,"name":"Scuba Legends","item":"https:\/\/scuba-legends.com\/es\/"},{"@type":"ListItem","position":2,"name":"Sobre nosotros"}]},{"@type":"WebSite","@id":"https:\/\/scuba-legends.com\/es\/#website","url":"https:\/\/scuba-legends.com\/es\/","name":"Scuba Legends","description":"Dive Center Lanzarote","publisher":{"@id":"https:\/\/scuba-legends.com\/es\/#organization"},"potentialAction":[{"@type":"SearchAction","target":{"@type":"EntryPoint","urlTemplate":"https:\/\/scuba-legends.com\/es\/?s={search_term_string}"},"query-input":{"@type":"PropertyValueSpecification","valueRequired":true,"valueName":"search_term_string"}}],"inLanguage":"es"},{"@type":"Organization","@id":"https:\/\/scuba-legends.com\/es\/#organization","name":"Scuba Legends Dive Center Lanzarote","url":"https:\/\/scuba-legends.com\/es\/","logo":{"@type":"ImageObject","inLanguage":"es","@id":"https:\/\/scuba-legends.com\/es\/#\/schema\/logo\/image\/","url":"https:\/\/scuba-legends.com\/wp-content\/uploads\/2020\/01\/scuba_legends_favicon.png","contentUrl":"https:\/\/scuba-legends.com\/wp-content\/uploads\/2020\/01\/scuba_legends_favicon.png","width":512,"height":512,"caption":"Scuba Legends Dive Center Lanzarote"},"image":{"@id":"https:\/\/scuba-legends.com\/es\/#\/schema\/logo\/image\/"},"sameAs":["https:\/\/www.facebook.com\/ScubaLegends\/","https:\/\/x.com\/scubalegends","https:\/\/www.instagram.com\/scuba_legends\/","https:\/\/www.youtube.com\/channel\/UCUjHU7Mmii5SfLoodxNZmqQ"]}]}},"_links":{"self":[{"href":"https:\/\/scuba-legends.com\/es\/wp-json\/wp\/v2\/pages\/7581","targetHints":{"allow":["GET"]}}],"collection":[{"href":"https:\/\/scuba-legends.com\/es\/wp-json\/wp\/v2\/pages"}],"about":[{"href":"https:\/\/scuba-legends.com\/es\/wp-json\/wp\/v2\/types\/page"}],"author":[{"embeddable":true,"href":"https:\/\/scuba-legends.com\/es\/wp-json\/wp\/v2\/users\/2"}],"replies":[{"embeddable":true,"href":"https:\/\/scuba-legends.com\/es\/wp-json\/wp\/v2\/comments?post=7581"}],"version-history":[{"count":13,"href":"https:\/\/scuba-legends.com\/es\/wp-json\/wp\/v2\/pages\/7581\/revisions"}],"predecessor-version":[{"id":17617,"href":"https:\/\/scuba-legends.com\/es\/wp-json\/wp\/v2\/pages\/7581\/revisions\/17617"}],"wp:attachment":[{"href":"https:\/\/scuba-legends.com\/es\/wp-json\/wp\/v2\/media?parent=7581"}],"curies":[{"name":"wp","href":"https:\/\/api.w.org\/{rel}","templated":true}]}}