{"id":7555,"date":"2020-10-23T18:16:11","date_gmt":"2020-10-23T18:16:11","guid":{"rendered":"https:\/\/scuba-legends.com\/?page_id=7555"},"modified":"2024-12-20T13:53:49","modified_gmt":"2024-12-20T13:53:49","slug":"museo-atlantico-lanzarote","status":"publish","type":"page","link":"https:\/\/scuba-legends.com\/es\/museo-atlantico-lanzarote\/","title":{"rendered":"Museo Atl\u00e1ntico en Lanzarote"},"content":{"rendered":"<p>[et_pb_section fb_built=&#8221;1&#8243; fullwidth=&#8221;on&#8221; module_id=&#8221;spheader-section&#8221; _builder_version=&#8221;4.16&#8243; global_colors_info=&#8221;{}&#8221;][et_pb_fullwidth_header title=&#8221;Museo Atl\u00e1ntico en Lanzarote&#8221; admin_label=&#8221;T\u00edtulo de anchura completa&#8221; _builder_version=&#8221;4.27.4&#8243; title_text_align=&#8221;left&#8221; title_font_size=&#8221;54px&#8221; subhead_font=&#8221;|||on|||||&#8221; background_image=&#8221;https:\/\/scuba-legends.com\/wp-content\/uploads\/2020\/08\/Ofertas-header-1280&#215;900-2.jpg&#8221; width=&#8221;100%&#8221; module_alignment=&#8221;center&#8221; custom_padding=&#8221;80px||80px||true|&#8221; title_font_size_tablet=&#8221;44px&#8221; background_last_edited=&#8221;on|desktop&#8221; custom_css_main_element=&#8221;background-position: center -240px;&#8221; custom_css_title=&#8221;order: 2;&#8221; custom_css_subtitle=&#8221;order: 1;&#8221; global_colors_info=&#8221;{}&#8221; custom_css_main_element_last_edited=&#8221;on|tablet&#8221; custom_css_main_element_tablet=&#8221;background-position: center -70px;&#8221; custom_css_main_element_phone=&#8221;background-position: center center;&#8221;]<\/p>\n<p style=\"text-align: left;\">\u00a0MAKE IT LEGENDARY<\/p>\n<p>[\/et_pb_fullwidth_header][\/et_pb_section][et_pb_section fb_built=&#8221;1&#8243; _builder_version=&#8221;4.16&#8243; custom_margin=&#8221;-50px||||false|false&#8221; global_colors_info=&#8221;{}&#8221;][et_pb_row _builder_version=&#8221;4.16&#8243; global_colors_info=&#8221;{}&#8221;][et_pb_column type=&#8221;4_4&#8243; _builder_version=&#8221;4.16&#8243; global_colors_info=&#8221;{}&#8221;][et_pb_text _builder_version=&#8221;4.27.4&#8243; text_font_size=&#8221;18px&#8221; custom_margin=&#8221;-20px||||false|false&#8221; global_colors_info=&#8221;{}&#8221;]<\/p>\n<h2 style=\"text-align: center; color: #0db4d5;\">Explora el Museo Atl\u00e1ntico \u2013 El Museo Subacu\u00e1tico de Lanzarote<\/h2>\n<p>[\/et_pb_text][et_pb_text _builder_version=&#8221;4.27.4&#8243; global_colors_info=&#8221;{}&#8221;]<\/p>\n<p>El \u201c<strong>Museo Atl\u00e1ntico<\/strong>\u201d de Lanzarote, es uno de los pocos museos submarinos del mundo. Es una <strong>inmersi\u00f3n \u00fanica<\/strong> que deber\u00edas experimentar al menos una vez en la vida. Desde el puerto de Playa Blanca, el museo est\u00e1 a solo un breve trayecto en barco desde la costa. El punto de buceo tiene una profundidad de 10 a 14 metros y es <strong>apto para buceadores de todos los niveles<\/strong>, desde principiantes hasta buceadores experimentados. El enfoque de esta inmersi\u00f3n est\u00e1 en las <strong>esculturas art\u00edsticas<\/strong> y su entorno. Adem\u00e1s, \u00a1tambi\u00e9n encontrar\u00e1s una <strong>asombrosa vida marina<\/strong>!<\/p>\n<p>El proyecto fue iniciado en 2017 por el <strong>artista brit\u00e1nico Jason deCaires Taylor<\/strong>. El Museo Atl\u00e1ntico ocupa un \u00e1rea de aproximadamente 50 x 50 metros sobre un fondo arenoso y un arrecife donde habitan muchas especies. Presenta una <strong>serie de esculturas impresionantes y reflexivas<\/strong> colocadas en el fondo del mar, dise\u00f1adas para evolucionar con el tiempo como arrecifes artificiales. Cada grupo de esculturas cuenta <strong>una historia<\/strong> o transmite un mensaje sobre la sociedad, el medio ambiente o el impacto humano en el mundo natural.<\/p>\n<p>El entorno est\u00e1 protegido y ofrece un lugar seguro para la reproducci\u00f3n. Los visitantes comunes del museo incluyen tiburones \u00e1ngel, sardinas, peces loro, barracudas y muchos m\u00e1s. Queremos proteger el medio ambiente y la vida marina durante la inmersi\u00f3n, por lo que recordamos a todos nuestros buceadores que muestren el mayor respeto por el mundo submarino y que no toquen ni da\u00f1en las esculturas ni la vida marina.<\/p>\n<p>[\/et_pb_text][\/et_pb_column][\/et_pb_row][\/et_pb_section][et_pb_section fb_built=&#8221;1&#8243; module_id=&#8221;ma-section-slider&#8221; _builder_version=&#8221;4.16&#8243; background_color=&#8221;#ffffff&#8221; custom_margin=&#8221;-80px||20px||false|false&#8221; custom_padding=&#8221;40px||35px|||&#8221; global_colors_info=&#8221;{}&#8221;][et_pb_row column_structure=&#8221;1_4,1_4,1_4,1_4&#8243; use_custom_gutter=&#8221;on&#8221; gutter_width=&#8221;2&#8243; disabled_on=&#8221;off|off|off&#8221; module_class=&#8221;museo-image-holder&#8221; _builder_version=&#8221;4.16&#8243; width=&#8221;90%&#8221; max_width=&#8221;90%&#8221; custom_margin=&#8221;||0px||false|false&#8221; custom_margin_tablet=&#8221;&#8221; custom_margin_phone=&#8221;||0px||false|false&#8221; custom_margin_last_edited=&#8221;on|phone&#8221; custom_padding=&#8221;0px||0px||false|false&#8221; global_colors_info=&#8221;{}&#8221;][et_pb_column type=&#8221;1_4&#8243; _builder_version=&#8221;4.16&#8243; global_colors_info=&#8221;{}&#8221;][et_pb_image src=&#8221;https:\/\/scuba-legends.com\/wp-content\/uploads\/2020\/01\/museo_image_1.png&#8221; show_in_lightbox=&#8221;on&#8221; align=&#8221;center&#8221; module_class=&#8221;ma-1&#8243; _builder_version=&#8221;4.16&#8243; global_colors_info=&#8221;{}&#8221;][\/et_pb_image][\/et_pb_column][et_pb_column type=&#8221;1_4&#8243; _builder_version=&#8221;4.16&#8243; global_colors_info=&#8221;{}&#8221;][et_pb_image src=&#8221;https:\/\/scuba-legends.com\/wp-content\/uploads\/2020\/01\/museo_image_2.png&#8221; show_in_lightbox=&#8221;on&#8221; align=&#8221;center&#8221; module_class=&#8221;ma-2&#8243; _builder_version=&#8221;4.16&#8243; global_colors_info=&#8221;{}&#8221;][\/et_pb_image][\/et_pb_column][et_pb_column type=&#8221;1_4&#8243; _builder_version=&#8221;4.16&#8243; global_colors_info=&#8221;{}&#8221;][et_pb_image src=&#8221;https:\/\/scuba-legends.com\/wp-content\/uploads\/2020\/01\/museo_image_3.png&#8221; show_in_lightbox=&#8221;on&#8221; align=&#8221;center&#8221; module_class=&#8221;ma-3&#8243; _builder_version=&#8221;4.16&#8243; global_colors_info=&#8221;{}&#8221;][\/et_pb_image][\/et_pb_column][et_pb_column type=&#8221;1_4&#8243; _builder_version=&#8221;4.16&#8243; global_colors_info=&#8221;{}&#8221;][et_pb_image src=&#8221;https:\/\/scuba-legends.com\/wp-content\/uploads\/2020\/01\/museo_image_4.png&#8221; show_in_lightbox=&#8221;on&#8221; align=&#8221;center&#8221; module_class=&#8221;ma-4&#8243; _builder_version=&#8221;4.16&#8243; global_colors_info=&#8221;{}&#8221;][\/et_pb_image][\/et_pb_column][\/et_pb_row][et_pb_row _builder_version=&#8221;4.16&#8243; global_colors_info=&#8221;{}&#8221;][et_pb_column type=&#8221;4_4&#8243; _builder_version=&#8221;4.16&#8243; global_colors_info=&#8221;{}&#8221;][et_pb_text _builder_version=&#8221;4.27.4&#8243; global_colors_info=&#8221;{}&#8221;]<\/p>\n<h2 style=\"text-align: center; color: #0db4d5;\">Buceo desde barco en Playa Blanca<\/h2>\n<p>[\/et_pb_text][et_pb_text _builder_version=&#8221;4.27.4&#8243; global_colors_info=&#8221;{}&#8221;]<\/p>\n<p><strong>Profundidad:<\/strong> 10-25m<br \/><strong>Puntos de buceo:<\/strong> Museo Submarino, Punta Berruga, Las Coloradas, Las Lenguas, Emisario, Punta Gin\u00e9s<\/p>\n<p>Al bucear en el sur, nos dirigimos al puerto de Playa Blanca y comenzamos desde all\u00ed en barco. Normalmente, <strong>una de las inmersiones es en el Museo Submarino, mientras que la segunda ser\u00e1 en un arrecife cercano<\/strong>.<\/p>\n<p>[\/et_pb_text][et_pb_text _builder_version=&#8221;4.27.4&#8243; global_colors_info=&#8221;{}&#8221;]<\/p>\n<h2 style=\"text-align: center; color: #0db4d5;\">\u00bfTodav\u00eda no eres buceador certificado pero quieres bucear en el Museo Atl\u00e1ntico?<\/h2>\n<p>[\/et_pb_text][et_pb_text _builder_version=&#8221;4.27.4&#8243; global_colors_info=&#8221;{}&#8221;]<\/p>\n<p>\u00a1Buenas noticias! Si <strong>no tienes certificaci\u00f3n<\/strong>, tambi\u00e9n puedes bucear en el Museo Atl\u00e1ntico. Sin embargo, el sitio no tiene una zona de aguas poco profundas para la pr\u00e1ctica inicial. Por lo tanto, <strong>primero debes completar el programa PADI Discover Scuba Diving desde la playa en Playa Chica<\/strong>. En <strong>aguas poco profundas practicar\u00e1s los fundamentos m\u00e1s importantes<\/strong> para sentirte c\u00f3modo y disfrutar de tu primera experiencia de buceo hasta una profundidad de 6 metros. Despu\u00e9s de completar con \u00e9xito esta primera inmersi\u00f3n, estar\u00e1s listo para el buceo desde barco en el Museo Submarino, donde podr\u00e1s bucear hasta un m\u00e1ximo de 12m.<\/p>\n<p>[\/et_pb_text][et_pb_text _builder_version=&#8221;4.27.4&#8243; global_colors_info=&#8221;{}&#8221;]<\/p>\n<h2 style=\"text-align: center; color: #0db4d5;\">Disponibilidad \u2013 \u00a1Importante!<\/h2>\n<p>[\/et_pb_text][et_pb_text _builder_version=&#8221;4.27.4&#8243; hover_enabled=&#8221;0&#8243; global_colors_info=&#8221;{}&#8221; sticky_enabled=&#8221;0&#8243;]<\/p>\n<p>Ten en cuenta que la <strong>capacidad del barco es limitada y los lugares suelen agotarse con antelaci\u00f3n<\/strong>. Te recomendamos <strong>reservar lo antes posible<\/strong>. Cont\u00e1ctanos si el calendario en l\u00ednea no muestra m\u00e1s disponibilidad. Es posible que podamos organizar una salida adicional para acomodarte (<a href=\"http:\/\/wa.me\/+34662090159\">Whatsapp: +34662090159<\/a>).<\/p>\n<p>[\/et_pb_text][et_pb_code _builder_version=&#8221;4.27.4&#8243; locked=&#8221;off&#8221; global_colors_info=&#8221;{}&#8221;]<!--BUKY APP LISTADOMuseo Atl\u00e1ntico--><!-- [et_pb_line_break_holder] --><\/p>\n<div class=\"SCXP_WIDGET\" data-widget=\"List\" data-customer=\"673ef83180e03463a90b61e6\" data-categories=\"676551d85fa342ee92a2c34a\"><\/div>\n<p>[\/et_pb_code][\/et_pb_column][\/et_pb_row][\/et_pb_section][et_pb_section fb_built=&#8221;1&#8243; fullwidth=&#8221;on&#8221; _builder_version=&#8221;4.16&#8243; global_colors_info=&#8221;{}&#8221;][et_pb_fullwidth_header text_orientation=&#8221;center&#8221; button_one_text=&#8221;M\u00e1s informaci\u00f3n&#8221; button_one_url=&#8221;https:\/\/scuba-legends.com\/es\/contacto\/&#8221; button_two_text=&#8221;Reserva&#8221; button_two_url=&#8221;https:\/\/scuba-legends.com\/es\/reservar\/&#8221; _builder_version=&#8221;4.16&#8243; title_level=&#8221;h3&#8243; background_image=&#8221;https:\/\/scuba-legends.com\/wp-content\/uploads\/2020\/08\/Hazlo-epico-1.jpg&#8221; custom_button_one=&#8221;on&#8221; button_one_text_size=&#8221;16px&#8221; button_one_custom_margin=&#8221;||||false|false&#8221; custom_button_two=&#8221;on&#8221; button_two_text_size=&#8221;16px&#8221; text_shadow_style=&#8221;preset3&#8243; global_colors_info=&#8221;{}&#8221;]<\/p>\n<h2 style=\"text-align: center;\"><strong>Gu\u00eda e instructor de buceo privado. \u00a1Hazlo \u00e9pico!<\/strong><\/h2>\n<p style=\"text-align: center;\">Si quieres una atenci\u00f3n VIP, a\u00fan m\u00e1s personalizada y para ti solo (o con tu familia y amigos), te ofrecemos nuestro servicio exclusivo de submarinismo privado en Puerto del Carmen, Lanzarote.<br \/>\nAdaptamos la inmersi\u00f3n o curso a tus necesidades y tiempos.<\/p>\n<p>[\/et_pb_fullwidth_header][\/et_pb_section]<\/p>\n","protected":false},"excerpt":{"rendered":"<p>\u00a0MAKE IT LEGENDARYExplora el Museo Atl\u00e1ntico \u2013 El Museo Subacu\u00e1tico de LanzaroteEl \u201cMuseo Atl\u00e1ntico\u201d de Lanzarote, es uno de los pocos museos submarinos del mundo. Es una inmersi\u00f3n \u00fanica que deber\u00edas experimentar al menos una vez en la vida. Desde el puerto de Playa Blanca, el museo est\u00e1 a solo un breve trayecto en barco [&hellip;]<\/p>\n","protected":false},"author":2,"featured_media":0,"parent":0,"menu_order":57,"comment_status":"closed","ping_status":"closed","template":"","meta":{"_acf_changed":false,"_et_pb_use_builder":"on","_et_pb_old_content":"","_et_gb_content_width":"","footnotes":""},"class_list":["post-7555","page","type-page","status-publish","hentry"],"acf":[],"yoast_head":"<!-- This site is optimized with the Yoast SEO plugin v27.4 - https:\/\/yoast.com\/product\/yoast-seo-wordpress\/ -->\n<title>Museo Atl\u00e1ntico en Lanzarote - Scuba Legends<\/title>\n<meta name=\"description\" content=\"Explora el Museo Atl\u00e1ntico Lanzarote. El punto de buceo tiene una profundidad de 10 a 14m y es apto para buceadores de todos los niveles.\" \/>\n<meta name=\"robots\" content=\"index, follow, max-snippet:-1, max-image-preview:large, max-video-preview:-1\" \/>\n<link rel=\"canonical\" href=\"https:\/\/scuba-legends.com\/es\/museo-atlantico-lanzarote\/\" \/>\n<meta property=\"og:locale\" content=\"es_ES\" \/>\n<meta property=\"og:type\" content=\"article\" \/>\n<meta property=\"og:title\" content=\"Museo Atl\u00e1ntico en Lanzarote - Scuba Legends\" \/>\n<meta property=\"og:description\" content=\"Explora el Museo Atl\u00e1ntico Lanzarote. El punto de buceo tiene una profundidad de 10 a 14m y es apto para buceadores de todos los niveles.\" \/>\n<meta property=\"og:url\" content=\"https:\/\/scuba-legends.com\/es\/museo-atlantico-lanzarote\/\" \/>\n<meta property=\"og:site_name\" content=\"Scuba Legends\" \/>\n<meta property=\"article:publisher\" content=\"https:\/\/www.facebook.com\/ScubaLegends\/\" \/>\n<meta property=\"article:modified_time\" content=\"2024-12-20T13:53:49+00:00\" \/>\n<meta property=\"og:image\" content=\"https:\/\/scuba-legends.com\/wp-content\/uploads\/2020\/01\/scuba_legend_logo_new1.png\" \/>\n\t<meta property=\"og:image:width\" content=\"150\" \/>\n\t<meta property=\"og:image:height\" content=\"150\" \/>\n\t<meta property=\"og:image:type\" content=\"image\/png\" \/>\n<meta name=\"twitter:card\" content=\"summary_large_image\" \/>\n<meta name=\"twitter:site\" content=\"@scubalegends\" \/>\n<meta name=\"twitter:label1\" content=\"Tiempo de lectura\" \/>\n\t<meta name=\"twitter:data1\" content=\"4 minutos\" \/>\n<script type=\"application\/ld+json\" class=\"yoast-schema-graph\">{\"@context\":\"https:\\\/\\\/schema.org\",\"@graph\":[{\"@type\":\"WebPage\",\"@id\":\"https:\\\/\\\/scuba-legends.com\\\/es\\\/museo-atlantico-lanzarote\\\/\",\"url\":\"https:\\\/\\\/scuba-legends.com\\\/es\\\/museo-atlantico-lanzarote\\\/\",\"name\":\"Museo Atl\u00e1ntico en Lanzarote - Scuba Legends\",\"isPartOf\":{\"@id\":\"https:\\\/\\\/scuba-legends.com\\\/es\\\/#website\"},\"datePublished\":\"2020-10-23T18:16:11+00:00\",\"dateModified\":\"2024-12-20T13:53:49+00:00\",\"description\":\"Explora el Museo Atl\u00e1ntico Lanzarote. El punto de buceo tiene una profundidad de 10 a 14m y es apto para buceadores de todos los niveles.\",\"breadcrumb\":{\"@id\":\"https:\\\/\\\/scuba-legends.com\\\/es\\\/museo-atlantico-lanzarote\\\/#breadcrumb\"},\"inLanguage\":\"es\",\"potentialAction\":[{\"@type\":\"ReadAction\",\"target\":[\"https:\\\/\\\/scuba-legends.com\\\/es\\\/museo-atlantico-lanzarote\\\/\"]}]},{\"@type\":\"BreadcrumbList\",\"@id\":\"https:\\\/\\\/scuba-legends.com\\\/es\\\/museo-atlantico-lanzarote\\\/#breadcrumb\",\"itemListElement\":[{\"@type\":\"ListItem\",\"position\":1,\"name\":\"Scuba Legends\",\"item\":\"https:\\\/\\\/scuba-legends.com\\\/es\\\/\"},{\"@type\":\"ListItem\",\"position\":2,\"name\":\"Museo Atl\u00e1ntico en Lanzarote\"}]},{\"@type\":\"WebSite\",\"@id\":\"https:\\\/\\\/scuba-legends.com\\\/es\\\/#website\",\"url\":\"https:\\\/\\\/scuba-legends.com\\\/es\\\/\",\"name\":\"Scuba Legends\",\"description\":\"Dive Center Lanzarote\",\"publisher\":{\"@id\":\"https:\\\/\\\/scuba-legends.com\\\/es\\\/#organization\"},\"potentialAction\":[{\"@type\":\"SearchAction\",\"target\":{\"@type\":\"EntryPoint\",\"urlTemplate\":\"https:\\\/\\\/scuba-legends.com\\\/es\\\/?s={search_term_string}\"},\"query-input\":{\"@type\":\"PropertyValueSpecification\",\"valueRequired\":true,\"valueName\":\"search_term_string\"}}],\"inLanguage\":\"es\"},{\"@type\":\"Organization\",\"@id\":\"https:\\\/\\\/scuba-legends.com\\\/es\\\/#organization\",\"name\":\"Scuba Legends Dive Center Lanzarote\",\"url\":\"https:\\\/\\\/scuba-legends.com\\\/es\\\/\",\"logo\":{\"@type\":\"ImageObject\",\"inLanguage\":\"es\",\"@id\":\"https:\\\/\\\/scuba-legends.com\\\/es\\\/#\\\/schema\\\/logo\\\/image\\\/\",\"url\":\"https:\\\/\\\/scuba-legends.com\\\/wp-content\\\/uploads\\\/2020\\\/01\\\/scuba_legends_favicon.png\",\"contentUrl\":\"https:\\\/\\\/scuba-legends.com\\\/wp-content\\\/uploads\\\/2020\\\/01\\\/scuba_legends_favicon.png\",\"width\":512,\"height\":512,\"caption\":\"Scuba Legends Dive Center Lanzarote\"},\"image\":{\"@id\":\"https:\\\/\\\/scuba-legends.com\\\/es\\\/#\\\/schema\\\/logo\\\/image\\\/\"},\"sameAs\":[\"https:\\\/\\\/www.facebook.com\\\/ScubaLegends\\\/\",\"https:\\\/\\\/x.com\\\/scubalegends\",\"https:\\\/\\\/www.instagram.com\\\/scuba_legends\\\/\",\"https:\\\/\\\/www.youtube.com\\\/channel\\\/UCUjHU7Mmii5SfLoodxNZmqQ\"]}]}<\/script>\n<!-- \/ Yoast SEO plugin. -->","yoast_head_json":{"title":"Museo Atl\u00e1ntico en Lanzarote - Scuba Legends","description":"Explora el Museo Atl\u00e1ntico Lanzarote. El punto de buceo tiene una profundidad de 10 a 14m y es apto para buceadores de todos los niveles.","robots":{"index":"index","follow":"follow","max-snippet":"max-snippet:-1","max-image-preview":"max-image-preview:large","max-video-preview":"max-video-preview:-1"},"canonical":"https:\/\/scuba-legends.com\/es\/museo-atlantico-lanzarote\/","og_locale":"es_ES","og_type":"article","og_title":"Museo Atl\u00e1ntico en Lanzarote - Scuba Legends","og_description":"Explora el Museo Atl\u00e1ntico Lanzarote. El punto de buceo tiene una profundidad de 10 a 14m y es apto para buceadores de todos los niveles.","og_url":"https:\/\/scuba-legends.com\/es\/museo-atlantico-lanzarote\/","og_site_name":"Scuba Legends","article_publisher":"https:\/\/www.facebook.com\/ScubaLegends\/","article_modified_time":"2024-12-20T13:53:49+00:00","og_image":[{"width":150,"height":150,"url":"https:\/\/scuba-legends.com\/wp-content\/uploads\/2020\/01\/scuba_legend_logo_new1.png","type":"image\/png"}],"twitter_card":"summary_large_image","twitter_site":"@scubalegends","twitter_misc":{"Tiempo de lectura":"4 minutos"},"schema":{"@context":"https:\/\/schema.org","@graph":[{"@type":"WebPage","@id":"https:\/\/scuba-legends.com\/es\/museo-atlantico-lanzarote\/","url":"https:\/\/scuba-legends.com\/es\/museo-atlantico-lanzarote\/","name":"Museo Atl\u00e1ntico en Lanzarote - Scuba Legends","isPartOf":{"@id":"https:\/\/scuba-legends.com\/es\/#website"},"datePublished":"2020-10-23T18:16:11+00:00","dateModified":"2024-12-20T13:53:49+00:00","description":"Explora el Museo Atl\u00e1ntico Lanzarote. El punto de buceo tiene una profundidad de 10 a 14m y es apto para buceadores de todos los niveles.","breadcrumb":{"@id":"https:\/\/scuba-legends.com\/es\/museo-atlantico-lanzarote\/#breadcrumb"},"inLanguage":"es","potentialAction":[{"@type":"ReadAction","target":["https:\/\/scuba-legends.com\/es\/museo-atlantico-lanzarote\/"]}]},{"@type":"BreadcrumbList","@id":"https:\/\/scuba-legends.com\/es\/museo-atlantico-lanzarote\/#breadcrumb","itemListElement":[{"@type":"ListItem","position":1,"name":"Scuba Legends","item":"https:\/\/scuba-legends.com\/es\/"},{"@type":"ListItem","position":2,"name":"Museo Atl\u00e1ntico en Lanzarote"}]},{"@type":"WebSite","@id":"https:\/\/scuba-legends.com\/es\/#website","url":"https:\/\/scuba-legends.com\/es\/","name":"Scuba Legends","description":"Dive Center Lanzarote","publisher":{"@id":"https:\/\/scuba-legends.com\/es\/#organization"},"potentialAction":[{"@type":"SearchAction","target":{"@type":"EntryPoint","urlTemplate":"https:\/\/scuba-legends.com\/es\/?s={search_term_string}"},"query-input":{"@type":"PropertyValueSpecification","valueRequired":true,"valueName":"search_term_string"}}],"inLanguage":"es"},{"@type":"Organization","@id":"https:\/\/scuba-legends.com\/es\/#organization","name":"Scuba Legends Dive Center Lanzarote","url":"https:\/\/scuba-legends.com\/es\/","logo":{"@type":"ImageObject","inLanguage":"es","@id":"https:\/\/scuba-legends.com\/es\/#\/schema\/logo\/image\/","url":"https:\/\/scuba-legends.com\/wp-content\/uploads\/2020\/01\/scuba_legends_favicon.png","contentUrl":"https:\/\/scuba-legends.com\/wp-content\/uploads\/2020\/01\/scuba_legends_favicon.png","width":512,"height":512,"caption":"Scuba Legends Dive Center Lanzarote"},"image":{"@id":"https:\/\/scuba-legends.com\/es\/#\/schema\/logo\/image\/"},"sameAs":["https:\/\/www.facebook.com\/ScubaLegends\/","https:\/\/x.com\/scubalegends","https:\/\/www.instagram.com\/scuba_legends\/","https:\/\/www.youtube.com\/channel\/UCUjHU7Mmii5SfLoodxNZmqQ"]}]}},"_links":{"self":[{"href":"https:\/\/scuba-legends.com\/es\/wp-json\/wp\/v2\/pages\/7555","targetHints":{"allow":["GET"]}}],"collection":[{"href":"https:\/\/scuba-legends.com\/es\/wp-json\/wp\/v2\/pages"}],"about":[{"href":"https:\/\/scuba-legends.com\/es\/wp-json\/wp\/v2\/types\/page"}],"author":[{"embeddable":true,"href":"https:\/\/scuba-legends.com\/es\/wp-json\/wp\/v2\/users\/2"}],"replies":[{"embeddable":true,"href":"https:\/\/scuba-legends.com\/es\/wp-json\/wp\/v2\/comments?post=7555"}],"version-history":[{"count":7,"href":"https:\/\/scuba-legends.com\/es\/wp-json\/wp\/v2\/pages\/7555\/revisions"}],"predecessor-version":[{"id":18968,"href":"https:\/\/scuba-legends.com\/es\/wp-json\/wp\/v2\/pages\/7555\/revisions\/18968"}],"wp:attachment":[{"href":"https:\/\/scuba-legends.com\/es\/wp-json\/wp\/v2\/media?parent=7555"}],"curies":[{"name":"wp","href":"https:\/\/api.w.org\/{rel}","templated":true}]}}