{"id":5734,"date":"2020-09-12T19:28:17","date_gmt":"2020-09-12T19:28:17","guid":{"rendered":"https:\/\/scuba-legends.com\/?page_id=5734"},"modified":"2024-12-31T12:17:15","modified_gmt":"2024-12-31T12:17:15","slug":"imprint","status":"publish","type":"page","link":"https:\/\/scuba-legends.com\/es\/imprint\/","title":{"rendered":"Imprint"},"content":{"rendered":"<p>[et_pb_section fb_built=&#8221;1&#8243; fullwidth=&#8221;on&#8221; module_id=&#8221;spheader-section&#8221; _builder_version=&#8221;4.16&#8243; global_colors_info=&#8221;{}&#8221;][et_pb_fullwidth_header title=&#8221;Imprint&#8221; content_max_width=&#8221;95%&#8221; _builder_version=&#8221;4.16&#8243; title_font=&#8221;|||on|||||&#8221; title_font_size=&#8221;54px&#8221; subhead_font=&#8221;|||on|||||&#8221; background_image=&#8221;https:\/\/scuba-legends.com\/wp-content\/uploads\/2020\/09\/Imprint_Header-1280&#215;900-1.jpg&#8221; width=&#8221;95%&#8221; module_alignment=&#8221;center&#8221; custom_padding=&#8221;80px||80px||true|&#8221; title_font_size_tablet=&#8221;44px&#8221; background_last_edited=&#8221;off|desktop&#8221; background_image_phone=&#8221;https:\/\/scuba-legends.com\/wp-content\/uploads\/2020\/01\/faq_mobile_header_bg.png&#8221; background_enable_image_phone=&#8221;on&#8221; custom_css_title=&#8221;order: 2;&#8221; custom_css_subtitle=&#8221;order: 1;&#8221; global_colors_info=&#8221;{}&#8221;]<\/p>\n<p>SCUBA LEGENDS<\/p>\n<p>[\/et_pb_fullwidth_header][\/et_pb_section][et_pb_section fb_built=&#8221;1&#8243; _builder_version=&#8221;4.16&#8243; global_colors_info=&#8221;{}&#8221;][et_pb_row _builder_version=&#8221;4.16&#8243; global_colors_info=&#8221;{}&#8221;][et_pb_column type=&#8221;4_4&#8243; _builder_version=&#8221;4.16&#8243; global_colors_info=&#8221;{}&#8221;][et_pb_text _builder_version=&#8221;4.27.4&#8243; hover_enabled=&#8221;0&#8243; global_colors_info=&#8221;{}&#8221; sticky_enabled=&#8221;0&#8243;]<\/p>\n<h2>Publicado por<\/h2>\n<p><strong>Scuba Legends, S.L.U.<\/strong><br \/>C.C. Puerto Cinco, Calle Anzuelo 54 2\u00ba planta, Local 50<br \/>35510 Puerto del Carmen, Lanzarote, Las Palmas, Espa\u00f1a<br \/>CIF B76316413<a href=\"https:\/\/g.page\/ScubaLegendsDiveCenterLanzarote?share\"><br \/><\/a><\/p>\n<p><strong>Administradora<\/strong><br \/>Chantal Lange<\/p>\n<p>Tel\u00e9fono: <a href=\"tel:+34%20662%20090%20159\">+34 662 090 159<\/a><br \/>Email:\u00a0info@scuba-legends.com<\/p>\n<p>[\/et_pb_text][et_pb_text _builder_version=&#8221;4.27.4&#8243; hover_enabled=&#8221;0&#8243; global_colors_info=&#8221;{}&#8221; sticky_enabled=&#8221;0&#8243;]<\/p>\n<h3>Aviso Legal<\/h3>\n<p><strong>Responsabilidad por el Contenido<\/strong><br \/>Todos los contenidos de nuestra p\u00e1gina web han sido creados con el mayor cuidado y seg\u00fan nuestro mejor conocimiento. Sin embargo, no podemos garantizar la exactitud, integridad o actualidad de los contenidos. Como proveedores de servicios, somos responsables de nuestros propios contenidos en estas p\u00e1ginas seg\u00fan el \u00a7 7 (1) TMG de acuerdo con las leyes generales. No obstante, seg\u00fan los \u00a7\u00a7 8 a 10 TMG, no estamos obligados como proveedores de servicios a supervisar informaci\u00f3n externa transmitida o almacenada ni a investigar circunstancias que indiquen actividades ilegales. Las obligaciones de eliminar o bloquear el uso de informaci\u00f3n seg\u00fan las leyes generales no se ven afectadas.<\/p>\n<p>La responsabilidad en este sentido solo es posible a partir del momento en que tengamos conocimiento de una infracci\u00f3n concreta. Al conocer dichas infracciones legales, eliminaremos el contenido de inmediato.<\/p>\n<p><strong>Limitaci\u00f3n de Responsabilidad por Enlaces Externos<\/strong><br \/>Nuestra p\u00e1gina web contiene enlaces a p\u00e1ginas web externas de terceros. No tenemos influencia sobre el contenido de estas p\u00e1ginas enlazadas directa o indirectamente. Por lo tanto, no podemos garantizar la exactitud del contenido de los \u201cenlaces externos.\u201d Los proveedores u operadores respectivos (autores) de las p\u00e1ginas enlazadas son responsables de su contenido.<\/p>\n<p>Los enlaces externos se revisaron en busca de posibles infracciones legales en el momento de su inclusi\u00f3n, y no se identificaron contenidos ilegales en ese momento. Una supervisi\u00f3n constante de los enlaces externos no es razonable sin indicios concretos de infracciones legales. En caso de enlaces directos o indirectos a p\u00e1ginas web de terceros fuera de nuestra \u00e1rea de responsabilidad, la responsabilidad solo se aplicar\u00eda si tuvi\u00e9ramos conocimiento del contenido y fuera t\u00e9cnicamente posible y razonable evitar su uso en caso de contenidos ilegales.<\/p>\n<p>Esta declaraci\u00f3n de exenci\u00f3n de responsabilidad tambi\u00e9n se aplica a los enlaces y referencias establecidos dentro de nuestra propia p\u00e1gina web \u201cNombre de su Dominio\u201d por personas que hagan preguntas, entradas de blog o invitados en foros de discusi\u00f3n. Para contenidos ilegales, incorrectos o incompletos y, especialmente, para da\u00f1os resultantes del uso o no uso de dicha informaci\u00f3n, el \u00fanico responsable es el proveedor de la p\u00e1gina enlazada, no quien simplemente hace referencia a la publicaci\u00f3n a trav\u00e9s de enlaces.<\/p>\n<p>Si tenemos conocimiento de infracciones legales, eliminaremos dichos enlaces externos de inmediato.<\/p>\n<p><strong>Derechos de Autor<\/strong><br \/>Los contenidos y obras publicados en nuestra p\u00e1gina web est\u00e1n sujetos a la ley de derechos de autor. La reproducci\u00f3n, procesamiento, distribuci\u00f3n y cualquier forma de uso de la propiedad intelectual m\u00e1s all\u00e1 de los l\u00edmites de la ley de derechos de autor requieren el consentimiento previo por escrito del respectivo autor seg\u00fan la ley de derechos de autor. Las descargas y copias de esta p\u00e1gina solo est\u00e1n permitidas para uso privado y no comercial. Si los contenidos de nuestra p\u00e1gina web no fueron creados por nosotros, se respetan los derechos de autor de terceros. Los contenidos de terceros est\u00e1n identificados como tales. Si a pesar de ello detecta una infracci\u00f3n de derechos de autor, le pedimos que nos lo comunique. Al conocer infracciones legales, eliminaremos dichos contenidos de inmediato.<\/p>\n<p>[\/et_pb_text][\/et_pb_column][\/et_pb_row][\/et_pb_section]<\/p>\n","protected":false},"excerpt":{"rendered":"<p>SCUBA LEGENDSPublicado por Scuba Legends, S.L.U.C.C. Puerto Cinco, Calle Anzuelo 54 2\u00ba planta, Local 5035510 Puerto del Carmen, Lanzarote, Las Palmas, Espa\u00f1aCIF B76316413 AdministradoraChantal Lange Tel\u00e9fono: +34 662 090 159Email:\u00a0info@scuba-legends.comAviso Legal Responsabilidad por el ContenidoTodos los contenidos de nuestra p\u00e1gina web han sido creados con el mayor cuidado y seg\u00fan nuestro mejor conocimiento. Sin embargo, [&hellip;]<\/p>\n","protected":false},"author":2,"featured_media":5698,"parent":0,"menu_order":134,"comment_status":"closed","ping_status":"closed","template":"","meta":{"_acf_changed":false,"_et_pb_use_builder":"on","_et_pb_old_content":"","_et_gb_content_width":"","footnotes":""},"class_list":["post-5734","page","type-page","status-publish","has-post-thumbnail","hentry"],"acf":[],"yoast_head":"<!-- This site is optimized with the Yoast SEO plugin v27.5 - https:\/\/yoast.com\/product\/yoast-seo-wordpress\/ -->\n<title>Imprint - Scuba Legends<\/title>\n<meta name=\"robots\" content=\"index, follow, max-snippet:-1, max-image-preview:large, max-video-preview:-1\" \/>\n<link rel=\"canonical\" href=\"https:\/\/scuba-legends.com\/es\/imprint\/\" \/>\n<meta property=\"og:locale\" content=\"es_ES\" \/>\n<meta property=\"og:type\" content=\"article\" \/>\n<meta property=\"og:title\" content=\"Imprint - Scuba Legends\" \/>\n<meta property=\"og:description\" content=\"SCUBA LEGENDSPublicado por Scuba Legends, S.L.U.C.C. Puerto Cinco, Calle Anzuelo 54 2\u00ba planta, Local 5035510 Puerto del Carmen, Lanzarote, Las Palmas, Espa\u00f1aCIF B76316413 AdministradoraChantal Lange Tel\u00e9fono: +34 662 090 159Email:\u00a0info@scuba-legends.comAviso Legal Responsabilidad por el ContenidoTodos los contenidos de nuestra p\u00e1gina web han sido creados con el mayor cuidado y seg\u00fan nuestro mejor conocimiento. Sin embargo, [&hellip;]\" \/>\n<meta property=\"og:url\" content=\"https:\/\/scuba-legends.com\/es\/imprint\/\" \/>\n<meta property=\"og:site_name\" content=\"Scuba Legends\" \/>\n<meta property=\"article:publisher\" content=\"https:\/\/www.facebook.com\/ScubaLegends\/\" \/>\n<meta property=\"article:modified_time\" content=\"2024-12-31T12:17:15+00:00\" \/>\n<meta property=\"og:image\" content=\"https:\/\/scuba-legends.com\/wp-content\/uploads\/2020\/09\/Imprint_Header-1280x900-1.jpg\" \/>\n\t<meta property=\"og:image:width\" content=\"1280\" \/>\n\t<meta property=\"og:image:height\" content=\"900\" \/>\n\t<meta property=\"og:image:type\" content=\"image\/jpeg\" \/>\n<meta name=\"twitter:card\" content=\"summary_large_image\" \/>\n<meta name=\"twitter:site\" content=\"@scubalegends\" \/>\n<meta name=\"twitter:label1\" content=\"Tiempo de lectura\" \/>\n\t<meta name=\"twitter:data1\" content=\"3 minutos\" \/>\n<script type=\"application\/ld+json\" class=\"yoast-schema-graph\">{\"@context\":\"https:\\\/\\\/schema.org\",\"@graph\":[{\"@type\":\"WebPage\",\"@id\":\"https:\\\/\\\/scuba-legends.com\\\/es\\\/imprint\\\/\",\"url\":\"https:\\\/\\\/scuba-legends.com\\\/es\\\/imprint\\\/\",\"name\":\"Imprint - Scuba Legends\",\"isPartOf\":{\"@id\":\"https:\\\/\\\/scuba-legends.com\\\/es\\\/#website\"},\"primaryImageOfPage\":{\"@id\":\"https:\\\/\\\/scuba-legends.com\\\/es\\\/imprint\\\/#primaryimage\"},\"image\":{\"@id\":\"https:\\\/\\\/scuba-legends.com\\\/es\\\/imprint\\\/#primaryimage\"},\"thumbnailUrl\":\"https:\\\/\\\/scuba-legends.com\\\/wp-content\\\/uploads\\\/2020\\\/09\\\/Imprint_Header-1280x900-1.jpg\",\"datePublished\":\"2020-09-12T19:28:17+00:00\",\"dateModified\":\"2024-12-31T12:17:15+00:00\",\"breadcrumb\":{\"@id\":\"https:\\\/\\\/scuba-legends.com\\\/es\\\/imprint\\\/#breadcrumb\"},\"inLanguage\":\"es\",\"potentialAction\":[{\"@type\":\"ReadAction\",\"target\":[\"https:\\\/\\\/scuba-legends.com\\\/es\\\/imprint\\\/\"]}]},{\"@type\":\"ImageObject\",\"inLanguage\":\"es\",\"@id\":\"https:\\\/\\\/scuba-legends.com\\\/es\\\/imprint\\\/#primaryimage\",\"url\":\"https:\\\/\\\/scuba-legends.com\\\/wp-content\\\/uploads\\\/2020\\\/09\\\/Imprint_Header-1280x900-1.jpg\",\"contentUrl\":\"https:\\\/\\\/scuba-legends.com\\\/wp-content\\\/uploads\\\/2020\\\/09\\\/Imprint_Header-1280x900-1.jpg\",\"width\":1280,\"height\":900,\"caption\":\"Peces fondo arena blanca en Puerto del Carmen Lanzarote | Scuba Legends\"},{\"@type\":\"BreadcrumbList\",\"@id\":\"https:\\\/\\\/scuba-legends.com\\\/es\\\/imprint\\\/#breadcrumb\",\"itemListElement\":[{\"@type\":\"ListItem\",\"position\":1,\"name\":\"Scuba Legends\",\"item\":\"https:\\\/\\\/scuba-legends.com\\\/es\\\/\"},{\"@type\":\"ListItem\",\"position\":2,\"name\":\"Imprint\"}]},{\"@type\":\"WebSite\",\"@id\":\"https:\\\/\\\/scuba-legends.com\\\/es\\\/#website\",\"url\":\"https:\\\/\\\/scuba-legends.com\\\/es\\\/\",\"name\":\"Scuba Legends\",\"description\":\"Dive Center Lanzarote\",\"publisher\":{\"@id\":\"https:\\\/\\\/scuba-legends.com\\\/es\\\/#organization\"},\"potentialAction\":[{\"@type\":\"SearchAction\",\"target\":{\"@type\":\"EntryPoint\",\"urlTemplate\":\"https:\\\/\\\/scuba-legends.com\\\/es\\\/?s={search_term_string}\"},\"query-input\":{\"@type\":\"PropertyValueSpecification\",\"valueRequired\":true,\"valueName\":\"search_term_string\"}}],\"inLanguage\":\"es\"},{\"@type\":\"Organization\",\"@id\":\"https:\\\/\\\/scuba-legends.com\\\/es\\\/#organization\",\"name\":\"Scuba Legends Dive Center Lanzarote\",\"url\":\"https:\\\/\\\/scuba-legends.com\\\/es\\\/\",\"logo\":{\"@type\":\"ImageObject\",\"inLanguage\":\"es\",\"@id\":\"https:\\\/\\\/scuba-legends.com\\\/es\\\/#\\\/schema\\\/logo\\\/image\\\/\",\"url\":\"https:\\\/\\\/scuba-legends.com\\\/wp-content\\\/uploads\\\/2020\\\/01\\\/scuba_legends_favicon.png\",\"contentUrl\":\"https:\\\/\\\/scuba-legends.com\\\/wp-content\\\/uploads\\\/2020\\\/01\\\/scuba_legends_favicon.png\",\"width\":512,\"height\":512,\"caption\":\"Scuba Legends Dive Center Lanzarote\"},\"image\":{\"@id\":\"https:\\\/\\\/scuba-legends.com\\\/es\\\/#\\\/schema\\\/logo\\\/image\\\/\"},\"sameAs\":[\"https:\\\/\\\/www.facebook.com\\\/ScubaLegends\\\/\",\"https:\\\/\\\/x.com\\\/scubalegends\",\"https:\\\/\\\/www.instagram.com\\\/scuba_legends\\\/\",\"https:\\\/\\\/www.youtube.com\\\/channel\\\/UCUjHU7Mmii5SfLoodxNZmqQ\"]}]}<\/script>\n<!-- \/ Yoast SEO plugin. -->","yoast_head_json":{"title":"Imprint - Scuba Legends","robots":{"index":"index","follow":"follow","max-snippet":"max-snippet:-1","max-image-preview":"max-image-preview:large","max-video-preview":"max-video-preview:-1"},"canonical":"https:\/\/scuba-legends.com\/es\/imprint\/","og_locale":"es_ES","og_type":"article","og_title":"Imprint - Scuba Legends","og_description":"SCUBA LEGENDSPublicado por Scuba Legends, S.L.U.C.C. Puerto Cinco, Calle Anzuelo 54 2\u00ba planta, Local 5035510 Puerto del Carmen, Lanzarote, Las Palmas, Espa\u00f1aCIF B76316413 AdministradoraChantal Lange Tel\u00e9fono: +34 662 090 159Email:\u00a0info@scuba-legends.comAviso Legal Responsabilidad por el ContenidoTodos los contenidos de nuestra p\u00e1gina web han sido creados con el mayor cuidado y seg\u00fan nuestro mejor conocimiento. Sin embargo, [&hellip;]","og_url":"https:\/\/scuba-legends.com\/es\/imprint\/","og_site_name":"Scuba Legends","article_publisher":"https:\/\/www.facebook.com\/ScubaLegends\/","article_modified_time":"2024-12-31T12:17:15+00:00","og_image":[{"width":1280,"height":900,"url":"https:\/\/scuba-legends.com\/wp-content\/uploads\/2020\/09\/Imprint_Header-1280x900-1.jpg","type":"image\/jpeg"}],"twitter_card":"summary_large_image","twitter_site":"@scubalegends","twitter_misc":{"Tiempo de lectura":"3 minutos"},"schema":{"@context":"https:\/\/schema.org","@graph":[{"@type":"WebPage","@id":"https:\/\/scuba-legends.com\/es\/imprint\/","url":"https:\/\/scuba-legends.com\/es\/imprint\/","name":"Imprint - Scuba Legends","isPartOf":{"@id":"https:\/\/scuba-legends.com\/es\/#website"},"primaryImageOfPage":{"@id":"https:\/\/scuba-legends.com\/es\/imprint\/#primaryimage"},"image":{"@id":"https:\/\/scuba-legends.com\/es\/imprint\/#primaryimage"},"thumbnailUrl":"https:\/\/scuba-legends.com\/wp-content\/uploads\/2020\/09\/Imprint_Header-1280x900-1.jpg","datePublished":"2020-09-12T19:28:17+00:00","dateModified":"2024-12-31T12:17:15+00:00","breadcrumb":{"@id":"https:\/\/scuba-legends.com\/es\/imprint\/#breadcrumb"},"inLanguage":"es","potentialAction":[{"@type":"ReadAction","target":["https:\/\/scuba-legends.com\/es\/imprint\/"]}]},{"@type":"ImageObject","inLanguage":"es","@id":"https:\/\/scuba-legends.com\/es\/imprint\/#primaryimage","url":"https:\/\/scuba-legends.com\/wp-content\/uploads\/2020\/09\/Imprint_Header-1280x900-1.jpg","contentUrl":"https:\/\/scuba-legends.com\/wp-content\/uploads\/2020\/09\/Imprint_Header-1280x900-1.jpg","width":1280,"height":900,"caption":"Peces fondo arena blanca en Puerto del Carmen Lanzarote | Scuba Legends"},{"@type":"BreadcrumbList","@id":"https:\/\/scuba-legends.com\/es\/imprint\/#breadcrumb","itemListElement":[{"@type":"ListItem","position":1,"name":"Scuba Legends","item":"https:\/\/scuba-legends.com\/es\/"},{"@type":"ListItem","position":2,"name":"Imprint"}]},{"@type":"WebSite","@id":"https:\/\/scuba-legends.com\/es\/#website","url":"https:\/\/scuba-legends.com\/es\/","name":"Scuba Legends","description":"Dive Center Lanzarote","publisher":{"@id":"https:\/\/scuba-legends.com\/es\/#organization"},"potentialAction":[{"@type":"SearchAction","target":{"@type":"EntryPoint","urlTemplate":"https:\/\/scuba-legends.com\/es\/?s={search_term_string}"},"query-input":{"@type":"PropertyValueSpecification","valueRequired":true,"valueName":"search_term_string"}}],"inLanguage":"es"},{"@type":"Organization","@id":"https:\/\/scuba-legends.com\/es\/#organization","name":"Scuba Legends Dive Center Lanzarote","url":"https:\/\/scuba-legends.com\/es\/","logo":{"@type":"ImageObject","inLanguage":"es","@id":"https:\/\/scuba-legends.com\/es\/#\/schema\/logo\/image\/","url":"https:\/\/scuba-legends.com\/wp-content\/uploads\/2020\/01\/scuba_legends_favicon.png","contentUrl":"https:\/\/scuba-legends.com\/wp-content\/uploads\/2020\/01\/scuba_legends_favicon.png","width":512,"height":512,"caption":"Scuba Legends Dive Center Lanzarote"},"image":{"@id":"https:\/\/scuba-legends.com\/es\/#\/schema\/logo\/image\/"},"sameAs":["https:\/\/www.facebook.com\/ScubaLegends\/","https:\/\/x.com\/scubalegends","https:\/\/www.instagram.com\/scuba_legends\/","https:\/\/www.youtube.com\/channel\/UCUjHU7Mmii5SfLoodxNZmqQ"]}]}},"_links":{"self":[{"href":"https:\/\/scuba-legends.com\/es\/wp-json\/wp\/v2\/pages\/5734","targetHints":{"allow":["GET"]}}],"collection":[{"href":"https:\/\/scuba-legends.com\/es\/wp-json\/wp\/v2\/pages"}],"about":[{"href":"https:\/\/scuba-legends.com\/es\/wp-json\/wp\/v2\/types\/page"}],"author":[{"embeddable":true,"href":"https:\/\/scuba-legends.com\/es\/wp-json\/wp\/v2\/users\/2"}],"replies":[{"embeddable":true,"href":"https:\/\/scuba-legends.com\/es\/wp-json\/wp\/v2\/comments?post=5734"}],"version-history":[{"count":4,"href":"https:\/\/scuba-legends.com\/es\/wp-json\/wp\/v2\/pages\/5734\/revisions"}],"predecessor-version":[{"id":19021,"href":"https:\/\/scuba-legends.com\/es\/wp-json\/wp\/v2\/pages\/5734\/revisions\/19021"}],"wp:featuredmedia":[{"embeddable":true,"href":"https:\/\/scuba-legends.com\/es\/wp-json\/wp\/v2\/media\/5698"}],"wp:attachment":[{"href":"https:\/\/scuba-legends.com\/es\/wp-json\/wp\/v2\/media?parent=5734"}],"curies":[{"name":"wp","href":"https:\/\/api.w.org\/{rel}","templated":true}]}}