{"id":5619,"date":"2020-09-11T19:45:30","date_gmt":"2020-09-11T19:45:30","guid":{"rendered":"https:\/\/scuba-legends.com\/?page_id=5619"},"modified":"2025-04-24T11:42:28","modified_gmt":"2025-04-24T11:42:28","slug":"discover-technical-diving","status":"publish","type":"page","link":"https:\/\/scuba-legends.com\/es\/discover-technical-diving\/","title":{"rendered":"Discover Technical Diving"},"content":{"rendered":"<p>[et_pb_section fb_built=&#8221;1&#8243; fullwidth=&#8221;on&#8221; module_id=&#8221;spheader-section&#8221; _builder_version=&#8221;4.16&#8243; global_colors_info=&#8221;{}&#8221;][et_pb_fullwidth_header title=&#8221;Discover Technical Diving&#8221; _builder_version=&#8221;4.27.4&#8243; title_text_align=&#8221;left&#8221; title_font_size=&#8221;54px&#8221; subhead_font=&#8221;|||on|||||&#8221; background_image=&#8221;https:\/\/scuba-legends.com\/wp-content\/uploads\/2020\/09\/28.-Discover-Technical-Diving-1280&#215;900-1.jpg&#8221; width=&#8221;100%&#8221; module_alignment=&#8221;center&#8221; custom_padding=&#8221;80px||80px||true|&#8221; hover_enabled=&#8221;0&#8243; title_font_size_tablet=&#8221;44px&#8221; background_last_edited=&#8221;on|desktop&#8221; custom_css_main_element=&#8221;background-position: center -240px;&#8221; custom_css_title=&#8221;order: 2;&#8221; custom_css_subtitle=&#8221;order: 1;&#8221; global_colors_info=&#8221;{}&#8221; custom_css_main_element_last_edited=&#8221;on|tablet&#8221; custom_css_main_element_tablet=&#8221;background-position: center -70px;&#8221; custom_css_main_element_phone=&#8221;background-position: center center;&#8221; admin_label=&#8221;T\u00edtulo de anchura completa&#8221; sticky_enabled=&#8221;0&#8243;]<\/p>\n<p style=\"text-align: left;\">\u00a0MAKE IT LEGENDARY<\/p>\n<p>[\/et_pb_fullwidth_header][\/et_pb_section][et_pb_section fb_built=&#8221;1&#8243; _builder_version=&#8221;4.16&#8243; custom_margin=&#8221;-50px||||false|false&#8221; global_colors_info=&#8221;{}&#8221;][et_pb_row _builder_version=&#8221;4.16&#8243; global_colors_info=&#8221;{}&#8221;][et_pb_column type=&#8221;4_4&#8243; _builder_version=&#8221;4.16&#8243; global_colors_info=&#8221;{}&#8221;][et_pb_text _builder_version=&#8221;4.27.4&#8243; text_font_size=&#8221;18px&#8221; custom_margin=&#8221;-20px||||false|false&#8221; hover_enabled=&#8221;0&#8243; global_colors_info=&#8221;{}&#8221; sticky_enabled=&#8221;0&#8243;]<\/p>\n<h2 style=\"text-align: center; color: #0db4d5;\">Prueba el buceo t\u00e9cnico y convi\u00e9rtete en una aut\u00e9ntica leyenda<\/h2>\n<p>[\/et_pb_text][et_pb_text _builder_version=&#8221;4.16&#8243; global_colors_info=&#8221;{}&#8221;]<\/p>\n<p>\u00bfTe gustar\u00eda ir m\u00e1s all\u00e1 del buceo recreativo? <strong>Superar tus l\u00edmites y descubrir nuevos lugares.<\/strong><\/p>\n<p>El programa PADI Discover Technical Diving o <strong>bautizo de buceo t\u00e9cnico<\/strong> consiste en una prueba, para los buceadores que sienten curiosidad por el tec diving pero que a\u00fan no se han decidido a realizar el curso PADI Tec 40 completo. Disfruta tu primera experiencia y practica las habilidades b\u00e1sicas.<\/p>\n<p>[\/et_pb_text][\/et_pb_column][\/et_pb_row][\/et_pb_section][et_pb_section fb_built=&#8221;1&#8243; _builder_version=&#8221;4.16&#8243; global_colors_info=&#8221;{}&#8221;][et_pb_row column_structure=&#8221;1_2,1_2&#8243; _builder_version=&#8221;4.16&#8243; custom_margin=&#8221;-150px||||false|false&#8221; global_colors_info=&#8221;{}&#8221;][et_pb_column type=&#8221;1_2&#8243; _builder_version=&#8221;4.16&#8243; global_colors_info=&#8221;{}&#8221;][et_pb_text _builder_version=&#8221;4.16&#8243; custom_padding=&#8221;25px|25px|25px|25px|false|false&#8221; border_radii=&#8221;on|3px|3px|3px|3px&#8221; border_width_all=&#8221;2px&#8221; border_color_all=&#8221;#0db4d5&#8243; global_colors_info=&#8221;{}&#8221;]<\/p>\n<h4 style=\"text-align: center; color: #0db4d5;\">Elige tu opci\u00f3n:<\/h4>\n<ul>\n<li>Discover Technical Diving B\u00c1SICO: 160\u20ac<\/li>\n<li>Discover Technical Diving PREMIUM: 210\u20ac<br \/>+ 1 inmersion adicional<\/li>\n<\/ul>\n<p>[\/et_pb_text][\/et_pb_column][et_pb_column type=&#8221;1_2&#8243; _builder_version=&#8221;4.16&#8243; global_colors_info=&#8221;{}&#8221;][et_pb_text _builder_version=&#8221;4.16&#8243; background_color=&#8221;rgba(13,180,213,0.17)&#8221; custom_padding=&#8221;25px|25px|25px|25px|false|false&#8221; border_radii=&#8221;on|3px|3px|3px|3px&#8221; global_colors_info=&#8221;{}&#8221;]<\/p>\n<h4 style=\"text-align: center; color: #0db4d5;\">Siempre incluido:<\/h4>\n<ul>\n<li>1 inmersi\u00f3n<\/li>\n<li>Refrigerio y snacks<\/li>\n<li><strong>No m\u00e1s de 2 personas por grupo<\/strong><\/li>\n<li><strong>Instructores apasionados y sobradamente preparados<\/strong><\/li>\n<\/ul>\n<p>[\/et_pb_text][\/et_pb_column][\/et_pb_row][et_pb_row _builder_version=&#8221;4.16&#8243; global_colors_info=&#8221;{}&#8221;][et_pb_column type=&#8221;4_4&#8243; _builder_version=&#8221;4.16&#8243; global_colors_info=&#8221;{}&#8221;][et_pb_button button_url=&#8221;https:\/\/scuba-legends.com\/es\/contacto\/&#8221; button_text=&#8221;Cont\u00e1ctanos&#8221; button_alignment=&#8221;center&#8221; _builder_version=&#8221;4.27.4&#8243; custom_button=&#8221;on&#8221; button_text_size=&#8221;15px&#8221; button_text_color=&#8221;#ffffff&#8221; button_bg_color=&#8221;#0db4d5&#8243; button_border_color=&#8221;rgba(0,0,0,0)&#8221; locked=&#8221;off&#8221; global_colors_info=&#8221;{}&#8221;][\/et_pb_button][\/et_pb_column][\/et_pb_row][\/et_pb_section][et_pb_section fb_built=&#8221;1&#8243; fullwidth=&#8221;on&#8221; _builder_version=&#8221;4.16&#8243; global_colors_info=&#8221;{}&#8221;][et_pb_fullwidth_header text_orientation=&#8221;center&#8221; button_one_text=&#8221;M\u00e1s informaci\u00f3n&#8221; button_one_url=&#8221;https:\/\/scuba-legends.com\/es\/contacto\/&#8221; button_two_text=&#8221;Reserva&#8221; button_two_url=&#8221;https:\/\/scuba-legends.com\/es\/reservar\/&#8221; _builder_version=&#8221;4.16&#8243; title_level=&#8221;h3&#8243; background_image=&#8221;https:\/\/scuba-legends.com\/wp-content\/uploads\/2020\/08\/Hazlo-epico-1.jpg&#8221; custom_button_one=&#8221;on&#8221; button_one_text_size=&#8221;16px&#8221; button_one_custom_margin=&#8221;||||false|false&#8221; custom_button_two=&#8221;on&#8221; button_two_text_size=&#8221;16px&#8221; text_shadow_style=&#8221;preset3&#8243; global_colors_info=&#8221;{}&#8221;]<\/p>\n<h2 style=\"text-align: center;\"><strong>Gu\u00eda e instructor de buceo privado. \u00a1Hazlo \u00e9pico!<\/strong><\/h2>\n<p style=\"text-align: center;\">Si quieres una atenci\u00f3n VIP, a\u00fan m\u00e1s personalizada y para ti solo (o con tu familia y amigos), te ofrecemos nuestro servicio exclusivo de submarinismo privado en Puerto del Carmen, Lanzarote.<br \/>Adaptamos la inmersi\u00f3n o curso a tus necesidades y tiempos.<\/p>\n<p>[\/et_pb_fullwidth_header][\/et_pb_section]<\/p>\n","protected":false},"excerpt":{"rendered":"<p>\u00a0MAKE IT LEGENDARYPrueba el buceo t\u00e9cnico y convi\u00e9rtete en una aut\u00e9ntica leyenda\u00bfTe gustar\u00eda ir m\u00e1s all\u00e1 del buceo recreativo? Superar tus l\u00edmites y descubrir nuevos lugares. El programa PADI Discover Technical Diving o bautizo de buceo t\u00e9cnico consiste en una prueba, para los buceadores que sienten curiosidad por el tec diving pero que a\u00fan no [&hellip;]<\/p>\n","protected":false},"author":2,"featured_media":0,"parent":0,"menu_order":143,"comment_status":"closed","ping_status":"closed","template":"","meta":{"_acf_changed":false,"_et_pb_use_builder":"on","_et_pb_old_content":"","_et_gb_content_width":"","footnotes":""},"class_list":["post-5619","page","type-page","status-publish","hentry"],"acf":[],"yoast_head":"<!-- This site is optimized with the Yoast SEO plugin v27.3 - https:\/\/yoast.com\/product\/yoast-seo-wordpress\/ -->\n<title>Discover Technical Diving - Scuba Legends<\/title>\n<meta name=\"description\" content=\"Prueba el buceo t\u00e9cnico y convi\u00e9rtete en una aut\u00e9ntica leyenda. Los mejores instructores de submarinismo t\u00e9cnico.\" \/>\n<meta name=\"robots\" content=\"index, follow, max-snippet:-1, max-image-preview:large, max-video-preview:-1\" \/>\n<link rel=\"canonical\" href=\"https:\/\/scuba-legends.com\/es\/discover-technical-diving\/\" \/>\n<meta property=\"og:locale\" content=\"es_ES\" \/>\n<meta property=\"og:type\" content=\"article\" \/>\n<meta property=\"og:title\" content=\"Discover Technical Diving - Scuba Legends\" \/>\n<meta property=\"og:description\" content=\"Prueba el buceo t\u00e9cnico y convi\u00e9rtete en una aut\u00e9ntica leyenda. Los mejores instructores de submarinismo t\u00e9cnico.\" \/>\n<meta property=\"og:url\" content=\"https:\/\/scuba-legends.com\/es\/discover-technical-diving\/\" \/>\n<meta property=\"og:site_name\" content=\"Scuba Legends\" \/>\n<meta property=\"article:publisher\" content=\"https:\/\/www.facebook.com\/ScubaLegends\/\" \/>\n<meta property=\"article:modified_time\" content=\"2025-04-24T11:42:28+00:00\" \/>\n<meta property=\"og:image\" content=\"https:\/\/scuba-legends.com\/wp-content\/uploads\/2020\/01\/scuba_legend_logo_new1.png\" \/>\n\t<meta property=\"og:image:width\" content=\"150\" \/>\n\t<meta property=\"og:image:height\" content=\"150\" \/>\n\t<meta property=\"og:image:type\" content=\"image\/png\" \/>\n<meta name=\"twitter:card\" content=\"summary_large_image\" \/>\n<meta name=\"twitter:site\" content=\"@scubalegends\" \/>\n<meta name=\"twitter:label1\" content=\"Tiempo de lectura\" \/>\n\t<meta name=\"twitter:data1\" content=\"1 minuto\" \/>\n<script type=\"application\/ld+json\" class=\"yoast-schema-graph\">{\"@context\":\"https:\\\/\\\/schema.org\",\"@graph\":[{\"@type\":\"WebPage\",\"@id\":\"https:\\\/\\\/scuba-legends.com\\\/es\\\/discover-technical-diving\\\/\",\"url\":\"https:\\\/\\\/scuba-legends.com\\\/es\\\/discover-technical-diving\\\/\",\"name\":\"Discover Technical Diving - Scuba Legends\",\"isPartOf\":{\"@id\":\"https:\\\/\\\/scuba-legends.com\\\/es\\\/#website\"},\"datePublished\":\"2020-09-11T19:45:30+00:00\",\"dateModified\":\"2025-04-24T11:42:28+00:00\",\"description\":\"Prueba el buceo t\u00e9cnico y convi\u00e9rtete en una aut\u00e9ntica leyenda. Los mejores instructores de submarinismo t\u00e9cnico.\",\"breadcrumb\":{\"@id\":\"https:\\\/\\\/scuba-legends.com\\\/es\\\/discover-technical-diving\\\/#breadcrumb\"},\"inLanguage\":\"es\",\"potentialAction\":[{\"@type\":\"ReadAction\",\"target\":[\"https:\\\/\\\/scuba-legends.com\\\/es\\\/discover-technical-diving\\\/\"]}]},{\"@type\":\"BreadcrumbList\",\"@id\":\"https:\\\/\\\/scuba-legends.com\\\/es\\\/discover-technical-diving\\\/#breadcrumb\",\"itemListElement\":[{\"@type\":\"ListItem\",\"position\":1,\"name\":\"Scuba Legends\",\"item\":\"https:\\\/\\\/scuba-legends.com\\\/es\\\/\"},{\"@type\":\"ListItem\",\"position\":2,\"name\":\"Discover Technical Diving\"}]},{\"@type\":\"WebSite\",\"@id\":\"https:\\\/\\\/scuba-legends.com\\\/es\\\/#website\",\"url\":\"https:\\\/\\\/scuba-legends.com\\\/es\\\/\",\"name\":\"Scuba Legends\",\"description\":\"Dive Center Lanzarote\",\"publisher\":{\"@id\":\"https:\\\/\\\/scuba-legends.com\\\/es\\\/#organization\"},\"potentialAction\":[{\"@type\":\"SearchAction\",\"target\":{\"@type\":\"EntryPoint\",\"urlTemplate\":\"https:\\\/\\\/scuba-legends.com\\\/es\\\/?s={search_term_string}\"},\"query-input\":{\"@type\":\"PropertyValueSpecification\",\"valueRequired\":true,\"valueName\":\"search_term_string\"}}],\"inLanguage\":\"es\"},{\"@type\":\"Organization\",\"@id\":\"https:\\\/\\\/scuba-legends.com\\\/es\\\/#organization\",\"name\":\"Scuba Legends Dive Center Lanzarote\",\"url\":\"https:\\\/\\\/scuba-legends.com\\\/es\\\/\",\"logo\":{\"@type\":\"ImageObject\",\"inLanguage\":\"es\",\"@id\":\"https:\\\/\\\/scuba-legends.com\\\/es\\\/#\\\/schema\\\/logo\\\/image\\\/\",\"url\":\"https:\\\/\\\/scuba-legends.com\\\/wp-content\\\/uploads\\\/2020\\\/01\\\/scuba_legends_favicon.png\",\"contentUrl\":\"https:\\\/\\\/scuba-legends.com\\\/wp-content\\\/uploads\\\/2020\\\/01\\\/scuba_legends_favicon.png\",\"width\":512,\"height\":512,\"caption\":\"Scuba Legends Dive Center Lanzarote\"},\"image\":{\"@id\":\"https:\\\/\\\/scuba-legends.com\\\/es\\\/#\\\/schema\\\/logo\\\/image\\\/\"},\"sameAs\":[\"https:\\\/\\\/www.facebook.com\\\/ScubaLegends\\\/\",\"https:\\\/\\\/x.com\\\/scubalegends\",\"https:\\\/\\\/www.instagram.com\\\/scuba_legends\\\/\",\"https:\\\/\\\/www.youtube.com\\\/channel\\\/UCUjHU7Mmii5SfLoodxNZmqQ\"]}]}<\/script>\n<!-- \/ Yoast SEO plugin. -->","yoast_head_json":{"title":"Discover Technical Diving - Scuba Legends","description":"Prueba el buceo t\u00e9cnico y convi\u00e9rtete en una aut\u00e9ntica leyenda. Los mejores instructores de submarinismo t\u00e9cnico.","robots":{"index":"index","follow":"follow","max-snippet":"max-snippet:-1","max-image-preview":"max-image-preview:large","max-video-preview":"max-video-preview:-1"},"canonical":"https:\/\/scuba-legends.com\/es\/discover-technical-diving\/","og_locale":"es_ES","og_type":"article","og_title":"Discover Technical Diving - Scuba Legends","og_description":"Prueba el buceo t\u00e9cnico y convi\u00e9rtete en una aut\u00e9ntica leyenda. Los mejores instructores de submarinismo t\u00e9cnico.","og_url":"https:\/\/scuba-legends.com\/es\/discover-technical-diving\/","og_site_name":"Scuba Legends","article_publisher":"https:\/\/www.facebook.com\/ScubaLegends\/","article_modified_time":"2025-04-24T11:42:28+00:00","og_image":[{"width":150,"height":150,"url":"https:\/\/scuba-legends.com\/wp-content\/uploads\/2020\/01\/scuba_legend_logo_new1.png","type":"image\/png"}],"twitter_card":"summary_large_image","twitter_site":"@scubalegends","twitter_misc":{"Tiempo de lectura":"1 minuto"},"schema":{"@context":"https:\/\/schema.org","@graph":[{"@type":"WebPage","@id":"https:\/\/scuba-legends.com\/es\/discover-technical-diving\/","url":"https:\/\/scuba-legends.com\/es\/discover-technical-diving\/","name":"Discover Technical Diving - Scuba Legends","isPartOf":{"@id":"https:\/\/scuba-legends.com\/es\/#website"},"datePublished":"2020-09-11T19:45:30+00:00","dateModified":"2025-04-24T11:42:28+00:00","description":"Prueba el buceo t\u00e9cnico y convi\u00e9rtete en una aut\u00e9ntica leyenda. Los mejores instructores de submarinismo t\u00e9cnico.","breadcrumb":{"@id":"https:\/\/scuba-legends.com\/es\/discover-technical-diving\/#breadcrumb"},"inLanguage":"es","potentialAction":[{"@type":"ReadAction","target":["https:\/\/scuba-legends.com\/es\/discover-technical-diving\/"]}]},{"@type":"BreadcrumbList","@id":"https:\/\/scuba-legends.com\/es\/discover-technical-diving\/#breadcrumb","itemListElement":[{"@type":"ListItem","position":1,"name":"Scuba Legends","item":"https:\/\/scuba-legends.com\/es\/"},{"@type":"ListItem","position":2,"name":"Discover Technical Diving"}]},{"@type":"WebSite","@id":"https:\/\/scuba-legends.com\/es\/#website","url":"https:\/\/scuba-legends.com\/es\/","name":"Scuba Legends","description":"Dive Center Lanzarote","publisher":{"@id":"https:\/\/scuba-legends.com\/es\/#organization"},"potentialAction":[{"@type":"SearchAction","target":{"@type":"EntryPoint","urlTemplate":"https:\/\/scuba-legends.com\/es\/?s={search_term_string}"},"query-input":{"@type":"PropertyValueSpecification","valueRequired":true,"valueName":"search_term_string"}}],"inLanguage":"es"},{"@type":"Organization","@id":"https:\/\/scuba-legends.com\/es\/#organization","name":"Scuba Legends Dive Center Lanzarote","url":"https:\/\/scuba-legends.com\/es\/","logo":{"@type":"ImageObject","inLanguage":"es","@id":"https:\/\/scuba-legends.com\/es\/#\/schema\/logo\/image\/","url":"https:\/\/scuba-legends.com\/wp-content\/uploads\/2020\/01\/scuba_legends_favicon.png","contentUrl":"https:\/\/scuba-legends.com\/wp-content\/uploads\/2020\/01\/scuba_legends_favicon.png","width":512,"height":512,"caption":"Scuba Legends Dive Center Lanzarote"},"image":{"@id":"https:\/\/scuba-legends.com\/es\/#\/schema\/logo\/image\/"},"sameAs":["https:\/\/www.facebook.com\/ScubaLegends\/","https:\/\/x.com\/scubalegends","https:\/\/www.instagram.com\/scuba_legends\/","https:\/\/www.youtube.com\/channel\/UCUjHU7Mmii5SfLoodxNZmqQ"]}]}},"_links":{"self":[{"href":"https:\/\/scuba-legends.com\/es\/wp-json\/wp\/v2\/pages\/5619","targetHints":{"allow":["GET"]}}],"collection":[{"href":"https:\/\/scuba-legends.com\/es\/wp-json\/wp\/v2\/pages"}],"about":[{"href":"https:\/\/scuba-legends.com\/es\/wp-json\/wp\/v2\/types\/page"}],"author":[{"embeddable":true,"href":"https:\/\/scuba-legends.com\/es\/wp-json\/wp\/v2\/users\/2"}],"replies":[{"embeddable":true,"href":"https:\/\/scuba-legends.com\/es\/wp-json\/wp\/v2\/comments?post=5619"}],"version-history":[{"count":5,"href":"https:\/\/scuba-legends.com\/es\/wp-json\/wp\/v2\/pages\/5619\/revisions"}],"predecessor-version":[{"id":19408,"href":"https:\/\/scuba-legends.com\/es\/wp-json\/wp\/v2\/pages\/5619\/revisions\/19408"}],"wp:attachment":[{"href":"https:\/\/scuba-legends.com\/es\/wp-json\/wp\/v2\/media?parent=5619"}],"curies":[{"name":"wp","href":"https:\/\/api.w.org\/{rel}","templated":true}]}}