{"id":5581,"date":"2020-09-11T19:19:40","date_gmt":"2020-09-11T19:19:40","guid":{"rendered":"https:\/\/scuba-legends.com\/?page_id=5581"},"modified":"2025-08-25T12:06:25","modified_gmt":"2025-08-25T12:06:25","slug":"divemaster","status":"publish","type":"page","link":"https:\/\/scuba-legends.com\/es\/divemaster\/","title":{"rendered":"Divemaster"},"content":{"rendered":"<p>[et_pb_section fb_built=&#8221;1&#8243; fullwidth=&#8221;on&#8221; module_id=&#8221;spheader-section&#8221; _builder_version=&#8221;4.16&#8243; global_colors_info=&#8221;{}&#8221;][et_pb_fullwidth_header title=&#8221;PADI Divemaster&#8221; _builder_version=&#8221;4.16&#8243; title_text_align=&#8221;left&#8221; title_font_size=&#8221;54px&#8221; subhead_font=&#8221;|||on|||||&#8221; background_image=&#8221;https:\/\/scuba-legends.com\/wp-content\/uploads\/2020\/09\/25-Divemaster-1280&#215;900-1.jpg&#8221; width=&#8221;100%&#8221; module_alignment=&#8221;center&#8221; custom_padding=&#8221;80px||80px||true|&#8221; title_font_size_tablet=&#8221;44px&#8221; background_last_edited=&#8221;on|desktop&#8221; custom_css_main_element=&#8221;background-position: center -240px;&#8221; custom_css_title=&#8221;order: 2;&#8221; custom_css_subtitle=&#8221;order: 1;&#8221; global_colors_info=&#8221;{}&#8221; custom_css_main_element_last_edited=&#8221;on|tablet&#8221; custom_css_main_element_tablet=&#8221;background-position: center -70px;&#8221; custom_css_main_element_phone=&#8221;background-position: center center;&#8221;]<\/p>\n<p style=\"text-align: left;\">\u00a0MAKE IT LEGENDARY<\/p>\n<p>[\/et_pb_fullwidth_header][\/et_pb_section][et_pb_section fb_built=&#8221;1&#8243; _builder_version=&#8221;4.16&#8243; custom_margin=&#8221;-50px||||false|false&#8221; global_colors_info=&#8221;{}&#8221;][et_pb_row _builder_version=&#8221;4.16&#8243; global_colors_info=&#8221;{}&#8221;][et_pb_column type=&#8221;4_4&#8243; _builder_version=&#8221;4.16&#8243; global_colors_info=&#8221;{}&#8221;][et_pb_text _builder_version=&#8221;4.16&#8243; text_font_size=&#8221;18px&#8221; custom_margin=&#8221;-20px||||false|false&#8221; global_colors_info=&#8221;{}&#8221;]<\/p>\n<h2 style=\"text-align: center; color: #0db4d5;\">PADI Divemaster. Convi\u00e9rtete en una leyenda del buceo. F\u00f3rmate con los mejores.<\/h2>\n<p>[\/et_pb_text][et_pb_text _builder_version=&#8221;4.16&#8243; global_colors_info=&#8221;{}&#8221;]<\/p>\n<p>\u00bfQuieres trabajar en buceo, o simplemente en un buceador legendario? <strong>Convierte tu pasi\u00f3n en tu vida<\/strong>, no hay nada mejor que dedicarse profesionalmente a lo que amas, cr\u00e9enos ;).<\/p>\n<p>El PADI Divemaster es la primera certificaci\u00f3n profesional y el primer paso en la carrera de submarinismo. Como Divemaster <strong>ser\u00e1s un modelo a seguir para otros buceadores<\/strong>, te admirar\u00e1n y aprender\u00e1n de ti, adem\u00e1s de ser la mano derecha del instructor. Dirigir\u00e1s, supervisar\u00e1s y motivar\u00e1s a los alumnos.<\/p>\n<p>Si tienes eres una persona extrovertida y con don de gentes y quieres mejorar y aprender sobre el buceo y la industria, ofrecemos un programa de pr\u00e1cticas para que obtengas el curso a la vez que conoces el sector desde dentro.<\/p>\n<p><strong>En Scuba Legends nos tomamos muy en serio la formaci\u00f3n<\/strong>. M\u00e1s a\u00fan la de Divemaster que supone un salto entre un buceador recreativo normal y uno pro.\u00a0 Somos opuestos a la idea otorgar los t\u00edtulos sin haber formado completamente a nuestros alumnos, si no, solo es una tarjeta de pl\u00e1stico. Somos honestos, tendr\u00e1s que gan\u00e1rtelo con sudor y esfuerzo. Pasar\u00e1s por momentos agotadores y desafiantes f\u00edsica y mentalmente, como todos lo hemos hecho, y es la \u00fanica forma de que realmente te conviertas en leyenda.<\/p>\n<p>[\/et_pb_text][\/et_pb_column][\/et_pb_row][\/et_pb_section][et_pb_section fb_built=&#8221;1&#8243; _builder_version=&#8221;4.16&#8243; custom_margin=&#8221;-50px||||false|false&#8221; global_colors_info=&#8221;{}&#8221;][et_pb_row _builder_version=&#8221;4.16&#8243; custom_margin=&#8221;-20px||||false|false&#8221; global_colors_info=&#8221;{}&#8221;][et_pb_column type=&#8221;4_4&#8243; _builder_version=&#8221;4.16&#8243; global_colors_info=&#8221;{}&#8221;][et_pb_text _builder_version=&#8221;4.16&#8243; text_font_size=&#8221;18px&#8221; custom_margin=&#8221;-20px||||false|false&#8221; global_colors_info=&#8221;{}&#8221;]<\/p>\n<h2 style=\"text-align: center; color: #0db4d5;\">\u00bfEn qu\u00e9 consiste el curso PADI Divemaster?<\/h2>\n<p>[\/et_pb_text][et_pb_text _builder_version=&#8221;4.16&#8243; global_colors_info=&#8221;{}&#8221;]<\/p>\n<p>El curso incluye sesiones de desarrollo de conocimientos, evaluaciones pr\u00e1cticas, ejercicios y talleres de habilidades acu\u00e1ticas y presentaciones.<\/p>\n<p>El PADI Divemaster Training incluye los siguientes <strong>temas<\/strong>:<\/p>\n<ul>\n<li>El papel y las caracter\u00edsticas del PADI Divemaster.<\/li>\n<li>Supervisar actividades de buceo y ayudar con estudiantes de buceo.<\/li>\n<li>Seguridad del buzo y gesti\u00f3n de riesgos.<\/li>\n<li>Programas y habilidades especializadas.<\/li>\n<li>El negocio del buceo y tu carrera.<\/li>\n<li>Conciencia del entorno de buceo.<\/li>\n<li>Configuraci\u00f3n y gesti\u00f3n de inmersiones.<\/li>\n<li>Mapeo de un sitio de buceo en aguas abiertas.<\/li>\n<li>Presentaci\u00f3n o briefing de inmersiones.<\/li>\n<li>Organizar un proyecto de b\u00fasqueda y recuperaci\u00f3n y una inmersi\u00f3n profunda al menos.<\/li>\n<li>Realizaci\u00f3n un Scuba Review y Skin Diver Course<\/li>\n<li>Asistir en PADI DSD y guiar inmersiones (Discover Local Diving).<\/li>\n<\/ul>\n<p>Si quieres hacer la <strong>modalidad de pr\u00e1cticas<\/strong>, te incorporar\u00e1s a nuestro equipo durante un mes como m\u00ednimo (dependiendo de tu nivel de certificaci\u00f3n de buceo). Solo as\u00ed podr\u00e1s aprender la log\u00edstica diaria de un centro de buceo, como recepci\u00f3n de buceadores, papelero, entrega y configuraci\u00f3n de distintos equipos, preparaci\u00f3n de salidas.<\/p>\n<p>Pero, sobre todo, lo pasar\u00e1s genial en divertidas sesiones de entrenamiento con tu instructor. Nuestro equipo es muy abierto y apasionado en ense\u00f1ar y compartir sus conocimientos y experiencia. \u00a1Nos encanta bucear y hablar de buceo! Vivir\u00e1s experiencias incre\u00edbles, mejorar\u00e1s tu buceo y habilidades personales, conocer\u00e1s nuevas personas y culturas. Despierta con el sol de cara y dale los buenos d\u00edas al Atl\u00e1ntico.<\/p>\n<p>Para comenzar el curso PADI Divemaster necesitas tener <strong>al menos 40 inmersiones registradas<\/strong>, ser Rescue Diver y haber obtenido el certificado de Primeros Auxilios en los \u00faltimos 24 meses. En caso de que a\u00fan no cumplas estos requisitos, podemos ampliar el tiempo de pr\u00e1cticas y comenzar desde tu nivel actual.<\/p>\n<p>Si te interesan otros cursos, especialidades o buceo t\u00e9cnico, tendr\u00e1s oportunidades durante tus pr\u00e1cticas.<\/p>\n<p>[\/et_pb_text][et_pb_text _builder_version=&#8221;4.27.4&#8243; hover_enabled=&#8221;0&#8243; global_colors_info=&#8221;{}&#8221; sticky_enabled=&#8221;0&#8243;]<\/p>\n<ul>\n<li><strong>Duraci\u00f3n<\/strong>: min. 1 mes<\/li>\n<li><strong>Requisitos<\/strong>:\n<ul>\n<li>M\u00e1s de 18 a\u00f1os<\/li>\n<li>Ser Rescue Diver<\/li>\n<li>M\u00ednimo 40 buceos registrados<\/li>\n<li>T\u00edtulo de Primeros Auxilios obtenido en los \u00faltimos 24 meses<\/li>\n<li>Estado de salud apto para buceo<\/li>\n<\/ul>\n<\/li>\n<li><strong>Precio: <\/strong>desde 999\u20ac*<\/li>\n<\/ul>\n<p>*Dependiendo de tu nivel de certificaci\u00f3n. Tasas y materiales PADI no incluidos<\/p>\n<p>[\/et_pb_text][\/et_pb_column][\/et_pb_row][\/et_pb_section][et_pb_section fb_built=&#8221;1&#8243; _builder_version=&#8221;4.16&#8243; custom_margin=&#8221;-130px||||false|false&#8221; global_colors_info=&#8221;{}&#8221;][et_pb_row _builder_version=&#8221;4.16&#8243; global_colors_info=&#8221;{}&#8221;][et_pb_column type=&#8221;4_4&#8243; _builder_version=&#8221;4.16&#8243; global_colors_info=&#8221;{}&#8221;][et_pb_button button_url=&#8221;https:\/\/scuba-legends.com\/es\/contacto\/&#8221; button_text=&#8221;Contacto&#8221; button_alignment=&#8221;center&#8221; _builder_version=&#8221;4.16&#8243; custom_button=&#8221;on&#8221; button_text_size=&#8221;15px&#8221; button_text_color=&#8221;#ffffff&#8221; button_bg_color=&#8221;#0db4d5&#8243; button_border_color=&#8221;rgba(0,0,0,0)&#8221; global_colors_info=&#8221;{}&#8221;][\/et_pb_button][\/et_pb_column][\/et_pb_row][\/et_pb_section]<\/p>\n","protected":false},"excerpt":{"rendered":"<p>\u00a0MAKE IT LEGENDARYPADI Divemaster. Convi\u00e9rtete en una leyenda del buceo. F\u00f3rmate con los mejores.\u00bfQuieres trabajar en buceo, o simplemente en un buceador legendario? Convierte tu pasi\u00f3n en tu vida, no hay nada mejor que dedicarse profesionalmente a lo que amas, cr\u00e9enos ;). El PADI Divemaster es la primera certificaci\u00f3n profesional y el primer paso en [&hellip;]<\/p>\n","protected":false},"author":2,"featured_media":0,"parent":0,"menu_order":149,"comment_status":"closed","ping_status":"closed","template":"","meta":{"_acf_changed":false,"_et_pb_use_builder":"on","_et_pb_old_content":"","_et_gb_content_width":"","footnotes":""},"class_list":["post-5581","page","type-page","status-publish","hentry"],"acf":[],"yoast_head":"<!-- This site is optimized with the Yoast SEO plugin v27.3 - https:\/\/yoast.com\/product\/yoast-seo-wordpress\/ -->\n<title>PADI Divemaster | Scuba Legends Dive Center Lanzarote<\/title>\n<meta name=\"description\" content=\"PADI Divemaster. Convi\u00e9rtete en una leyenda del buceo. F\u00f3rmate con los mejores. El PADI Divemaster es la primera certificaci\u00f3n profesional.\" \/>\n<meta name=\"robots\" content=\"index, follow, max-snippet:-1, max-image-preview:large, max-video-preview:-1\" \/>\n<link rel=\"canonical\" href=\"https:\/\/scuba-legends.com\/es\/divemaster\/\" \/>\n<meta property=\"og:locale\" content=\"es_ES\" \/>\n<meta property=\"og:type\" content=\"article\" \/>\n<meta property=\"og:title\" content=\"PADI Divemaster | Scuba Legends Dive Center Lanzarote\" \/>\n<meta property=\"og:description\" content=\"PADI Divemaster. Convi\u00e9rtete en una leyenda del buceo. F\u00f3rmate con los mejores. El PADI Divemaster es la primera certificaci\u00f3n profesional.\" \/>\n<meta property=\"og:url\" content=\"https:\/\/scuba-legends.com\/es\/divemaster\/\" \/>\n<meta property=\"og:site_name\" content=\"Scuba Legends\" \/>\n<meta property=\"article:publisher\" content=\"https:\/\/www.facebook.com\/ScubaLegends\/\" \/>\n<meta property=\"article:modified_time\" content=\"2025-08-25T12:06:25+00:00\" \/>\n<meta property=\"og:image\" content=\"https:\/\/scuba-legends.com\/wp-content\/uploads\/2020\/01\/scuba_legend_logo_new1.png\" \/>\n\t<meta property=\"og:image:width\" content=\"150\" \/>\n\t<meta property=\"og:image:height\" content=\"150\" \/>\n\t<meta property=\"og:image:type\" content=\"image\/png\" \/>\n<meta name=\"twitter:card\" content=\"summary_large_image\" \/>\n<meta name=\"twitter:site\" content=\"@scubalegends\" \/>\n<meta name=\"twitter:label1\" content=\"Tiempo de lectura\" \/>\n\t<meta name=\"twitter:data1\" content=\"3 minutos\" \/>\n<script type=\"application\/ld+json\" class=\"yoast-schema-graph\">{\"@context\":\"https:\\\/\\\/schema.org\",\"@graph\":[{\"@type\":\"WebPage\",\"@id\":\"https:\\\/\\\/scuba-legends.com\\\/es\\\/divemaster\\\/\",\"url\":\"https:\\\/\\\/scuba-legends.com\\\/es\\\/divemaster\\\/\",\"name\":\"PADI Divemaster | Scuba Legends Dive Center Lanzarote\",\"isPartOf\":{\"@id\":\"https:\\\/\\\/scuba-legends.com\\\/es\\\/#website\"},\"datePublished\":\"2020-09-11T19:19:40+00:00\",\"dateModified\":\"2025-08-25T12:06:25+00:00\",\"description\":\"PADI Divemaster. Convi\u00e9rtete en una leyenda del buceo. F\u00f3rmate con los mejores. El PADI Divemaster es la primera certificaci\u00f3n profesional.\",\"breadcrumb\":{\"@id\":\"https:\\\/\\\/scuba-legends.com\\\/es\\\/divemaster\\\/#breadcrumb\"},\"inLanguage\":\"es\",\"potentialAction\":[{\"@type\":\"ReadAction\",\"target\":[\"https:\\\/\\\/scuba-legends.com\\\/es\\\/divemaster\\\/\"]}]},{\"@type\":\"BreadcrumbList\",\"@id\":\"https:\\\/\\\/scuba-legends.com\\\/es\\\/divemaster\\\/#breadcrumb\",\"itemListElement\":[{\"@type\":\"ListItem\",\"position\":1,\"name\":\"Scuba Legends\",\"item\":\"https:\\\/\\\/scuba-legends.com\\\/es\\\/\"},{\"@type\":\"ListItem\",\"position\":2,\"name\":\"Divemaster\"}]},{\"@type\":\"WebSite\",\"@id\":\"https:\\\/\\\/scuba-legends.com\\\/es\\\/#website\",\"url\":\"https:\\\/\\\/scuba-legends.com\\\/es\\\/\",\"name\":\"Scuba Legends\",\"description\":\"Dive Center Lanzarote\",\"publisher\":{\"@id\":\"https:\\\/\\\/scuba-legends.com\\\/es\\\/#organization\"},\"potentialAction\":[{\"@type\":\"SearchAction\",\"target\":{\"@type\":\"EntryPoint\",\"urlTemplate\":\"https:\\\/\\\/scuba-legends.com\\\/es\\\/?s={search_term_string}\"},\"query-input\":{\"@type\":\"PropertyValueSpecification\",\"valueRequired\":true,\"valueName\":\"search_term_string\"}}],\"inLanguage\":\"es\"},{\"@type\":\"Organization\",\"@id\":\"https:\\\/\\\/scuba-legends.com\\\/es\\\/#organization\",\"name\":\"Scuba Legends Dive Center Lanzarote\",\"url\":\"https:\\\/\\\/scuba-legends.com\\\/es\\\/\",\"logo\":{\"@type\":\"ImageObject\",\"inLanguage\":\"es\",\"@id\":\"https:\\\/\\\/scuba-legends.com\\\/es\\\/#\\\/schema\\\/logo\\\/image\\\/\",\"url\":\"https:\\\/\\\/scuba-legends.com\\\/wp-content\\\/uploads\\\/2020\\\/01\\\/scuba_legends_favicon.png\",\"contentUrl\":\"https:\\\/\\\/scuba-legends.com\\\/wp-content\\\/uploads\\\/2020\\\/01\\\/scuba_legends_favicon.png\",\"width\":512,\"height\":512,\"caption\":\"Scuba Legends Dive Center Lanzarote\"},\"image\":{\"@id\":\"https:\\\/\\\/scuba-legends.com\\\/es\\\/#\\\/schema\\\/logo\\\/image\\\/\"},\"sameAs\":[\"https:\\\/\\\/www.facebook.com\\\/ScubaLegends\\\/\",\"https:\\\/\\\/x.com\\\/scubalegends\",\"https:\\\/\\\/www.instagram.com\\\/scuba_legends\\\/\",\"https:\\\/\\\/www.youtube.com\\\/channel\\\/UCUjHU7Mmii5SfLoodxNZmqQ\"]}]}<\/script>\n<!-- \/ Yoast SEO plugin. -->","yoast_head_json":{"title":"PADI Divemaster | Scuba Legends Dive Center Lanzarote","description":"PADI Divemaster. Convi\u00e9rtete en una leyenda del buceo. F\u00f3rmate con los mejores. El PADI Divemaster es la primera certificaci\u00f3n profesional.","robots":{"index":"index","follow":"follow","max-snippet":"max-snippet:-1","max-image-preview":"max-image-preview:large","max-video-preview":"max-video-preview:-1"},"canonical":"https:\/\/scuba-legends.com\/es\/divemaster\/","og_locale":"es_ES","og_type":"article","og_title":"PADI Divemaster | Scuba Legends Dive Center Lanzarote","og_description":"PADI Divemaster. Convi\u00e9rtete en una leyenda del buceo. F\u00f3rmate con los mejores. El PADI Divemaster es la primera certificaci\u00f3n profesional.","og_url":"https:\/\/scuba-legends.com\/es\/divemaster\/","og_site_name":"Scuba Legends","article_publisher":"https:\/\/www.facebook.com\/ScubaLegends\/","article_modified_time":"2025-08-25T12:06:25+00:00","og_image":[{"width":150,"height":150,"url":"https:\/\/scuba-legends.com\/wp-content\/uploads\/2020\/01\/scuba_legend_logo_new1.png","type":"image\/png"}],"twitter_card":"summary_large_image","twitter_site":"@scubalegends","twitter_misc":{"Tiempo de lectura":"3 minutos"},"schema":{"@context":"https:\/\/schema.org","@graph":[{"@type":"WebPage","@id":"https:\/\/scuba-legends.com\/es\/divemaster\/","url":"https:\/\/scuba-legends.com\/es\/divemaster\/","name":"PADI Divemaster | Scuba Legends Dive Center Lanzarote","isPartOf":{"@id":"https:\/\/scuba-legends.com\/es\/#website"},"datePublished":"2020-09-11T19:19:40+00:00","dateModified":"2025-08-25T12:06:25+00:00","description":"PADI Divemaster. Convi\u00e9rtete en una leyenda del buceo. F\u00f3rmate con los mejores. El PADI Divemaster es la primera certificaci\u00f3n profesional.","breadcrumb":{"@id":"https:\/\/scuba-legends.com\/es\/divemaster\/#breadcrumb"},"inLanguage":"es","potentialAction":[{"@type":"ReadAction","target":["https:\/\/scuba-legends.com\/es\/divemaster\/"]}]},{"@type":"BreadcrumbList","@id":"https:\/\/scuba-legends.com\/es\/divemaster\/#breadcrumb","itemListElement":[{"@type":"ListItem","position":1,"name":"Scuba Legends","item":"https:\/\/scuba-legends.com\/es\/"},{"@type":"ListItem","position":2,"name":"Divemaster"}]},{"@type":"WebSite","@id":"https:\/\/scuba-legends.com\/es\/#website","url":"https:\/\/scuba-legends.com\/es\/","name":"Scuba Legends","description":"Dive Center Lanzarote","publisher":{"@id":"https:\/\/scuba-legends.com\/es\/#organization"},"potentialAction":[{"@type":"SearchAction","target":{"@type":"EntryPoint","urlTemplate":"https:\/\/scuba-legends.com\/es\/?s={search_term_string}"},"query-input":{"@type":"PropertyValueSpecification","valueRequired":true,"valueName":"search_term_string"}}],"inLanguage":"es"},{"@type":"Organization","@id":"https:\/\/scuba-legends.com\/es\/#organization","name":"Scuba Legends Dive Center Lanzarote","url":"https:\/\/scuba-legends.com\/es\/","logo":{"@type":"ImageObject","inLanguage":"es","@id":"https:\/\/scuba-legends.com\/es\/#\/schema\/logo\/image\/","url":"https:\/\/scuba-legends.com\/wp-content\/uploads\/2020\/01\/scuba_legends_favicon.png","contentUrl":"https:\/\/scuba-legends.com\/wp-content\/uploads\/2020\/01\/scuba_legends_favicon.png","width":512,"height":512,"caption":"Scuba Legends Dive Center Lanzarote"},"image":{"@id":"https:\/\/scuba-legends.com\/es\/#\/schema\/logo\/image\/"},"sameAs":["https:\/\/www.facebook.com\/ScubaLegends\/","https:\/\/x.com\/scubalegends","https:\/\/www.instagram.com\/scuba_legends\/","https:\/\/www.youtube.com\/channel\/UCUjHU7Mmii5SfLoodxNZmqQ"]}]}},"_links":{"self":[{"href":"https:\/\/scuba-legends.com\/es\/wp-json\/wp\/v2\/pages\/5581","targetHints":{"allow":["GET"]}}],"collection":[{"href":"https:\/\/scuba-legends.com\/es\/wp-json\/wp\/v2\/pages"}],"about":[{"href":"https:\/\/scuba-legends.com\/es\/wp-json\/wp\/v2\/types\/page"}],"author":[{"embeddable":true,"href":"https:\/\/scuba-legends.com\/es\/wp-json\/wp\/v2\/users\/2"}],"replies":[{"embeddable":true,"href":"https:\/\/scuba-legends.com\/es\/wp-json\/wp\/v2\/comments?post=5581"}],"version-history":[{"count":9,"href":"https:\/\/scuba-legends.com\/es\/wp-json\/wp\/v2\/pages\/5581\/revisions"}],"predecessor-version":[{"id":19904,"href":"https:\/\/scuba-legends.com\/es\/wp-json\/wp\/v2\/pages\/5581\/revisions\/19904"}],"wp:attachment":[{"href":"https:\/\/scuba-legends.com\/es\/wp-json\/wp\/v2\/media?parent=5581"}],"curies":[{"name":"wp","href":"https:\/\/api.w.org\/{rel}","templated":true}]}}