{"id":5561,"date":"2020-09-11T19:01:33","date_gmt":"2020-09-11T19:01:33","guid":{"rendered":"https:\/\/scuba-legends.com\/?page_id=5561"},"modified":"2025-12-09T17:19:23","modified_gmt":"2025-12-09T17:19:23","slug":"padi-rescue-diver","status":"publish","type":"page","link":"https:\/\/scuba-legends.com\/es\/padi-rescue-diver\/","title":{"rendered":"Rescate"},"content":{"rendered":"<p>[et_pb_section fb_built=&#8221;1&#8243; fullwidth=&#8221;on&#8221; module_id=&#8221;spheader-section&#8221; _builder_version=&#8221;4.16&#8243; global_colors_info=&#8221;{}&#8221;][et_pb_fullwidth_header title=&#8221;PADI Rescue Diver&#8221; _builder_version=&#8221;4.16&#8243; title_text_align=&#8221;left&#8221; title_font_size=&#8221;54px&#8221; subhead_font=&#8221;|||on|||||&#8221; background_image=&#8221;https:\/\/scuba-legends.com\/wp-content\/uploads\/2020\/09\/23E-Rescue-1280&#215;900-1.jpg&#8221; width=&#8221;100%&#8221; module_alignment=&#8221;center&#8221; custom_padding=&#8221;80px||80px||true|&#8221; title_font_size_tablet=&#8221;44px&#8221; background_last_edited=&#8221;on|desktop&#8221; custom_css_main_element=&#8221;background-position: center -240px;&#8221; custom_css_title=&#8221;order: 2;&#8221; custom_css_subtitle=&#8221;order: 1;&#8221; global_colors_info=&#8221;{}&#8221; custom_css_main_element_last_edited=&#8221;on|tablet&#8221; custom_css_main_element_tablet=&#8221;background-position: center -70px;&#8221; custom_css_main_element_phone=&#8221;background-position: center center;&#8221;]<\/p>\n<p style=\"text-align: left;\">\u00a0MAKE IT LEGENDARY<\/p>\n<p>[\/et_pb_fullwidth_header][\/et_pb_section][et_pb_section fb_built=&#8221;1&#8243; _builder_version=&#8221;4.16&#8243; custom_margin=&#8221;-50px||||false|false&#8221; global_colors_info=&#8221;{}&#8221;][et_pb_row _builder_version=&#8221;4.16&#8243; global_colors_info=&#8221;{}&#8221;][et_pb_column type=&#8221;4_4&#8243; _builder_version=&#8221;4.16&#8243; global_colors_info=&#8221;{}&#8221;][et_pb_text admin_label=&#8221;Texto&#8221; _builder_version=&#8221;4.27.4&#8243; text_font_size=&#8221;18px&#8221; custom_margin=&#8221;-20px||||false|false&#8221; global_colors_info=&#8221;{}&#8221;]<\/p>\n<h2 style=\"text-align: center; color: #0db4d5;\">Convi\u00e9rtete en el mejor compa\u00f1ero de buceo, con el curso PADI Rescate<\/h2>\n<p>[\/et_pb_text][et_pb_text _builder_version=&#8221;4.27.4&#8243; global_colors_info=&#8221;{}&#8221;]<\/p>\n<p>Mejora tus habilidades de buceo y gana confianza bajo el agua y fuera de ella. <strong>Aprende a prevenir riesgos, evitar problemas y a c\u00f3mo resolverlos<\/strong>.<\/p>\n<p>El PADI Rescue Diver o curso de rescate para submarinismo, es uno de los programas m\u00e1s completos y agotadores, pero tambi\u00e9n m\u00e1s gratificantes y divertidos. Aunque los escenarios de rescate son serios, lo pasar\u00e1s genial y te reir\u00e1s mucho.<\/p>\n<p>Como parte del Rescue Diver, <strong>es necesario hacer tambi\u00e9n el de Primeros Auxilios<\/strong> (si no lo tienes ya), por lo que recibes una formaci\u00f3n completa sobre rescate y emergencias.<\/p>\n<p>[\/et_pb_text][\/et_pb_column][\/et_pb_row][\/et_pb_section][et_pb_section fb_built=&#8221;1&#8243; _builder_version=&#8221;4.16&#8243; custom_margin=&#8221;-50px||||false|false&#8221; global_colors_info=&#8221;{}&#8221;][et_pb_row _builder_version=&#8221;4.16&#8243; custom_margin=&#8221;-20px||||false|false&#8221; global_colors_info=&#8221;{}&#8221;][et_pb_column type=&#8221;4_4&#8243; _builder_version=&#8221;4.16&#8243; global_colors_info=&#8221;{}&#8221;][et_pb_text _builder_version=&#8221;4.16&#8243; text_font_size=&#8221;18px&#8221; custom_margin=&#8221;-20px||||false|false&#8221; global_colors_info=&#8221;{}&#8221;]<\/p>\n<h2 style=\"text-align: center; color: #0db4d5;\">\u00bfEn qu\u00e9 consiste el PADI Rescue Diver?<\/h2>\n<p>[\/et_pb_text][et_pb_text _builder_version=&#8221;4.27.4&#8243; global_colors_info=&#8221;{}&#8221;]<\/p>\n<p>La primera parte del curso es el <strong>desarrollo de conocimientos<\/strong>, que aporta la base te\u00f3rica para las pr\u00e1cticas posteriores. En <strong>varias inmersiones<\/strong> practicaremos los distintos escenarios de rescate. Al final del curso ser\u00e1s capaz de resolverlos y estar\u00e1s preparado para salvar vidas.<\/p>\n<p>I<strong>ntegrado en el curso de buceo de rescate est\u00e1 el de Primeros Auxilios.<\/strong><\/p>\n<p>Aprender\u00e1s a mantener la calma, concentrarte y manejar situaciones de emergencias. Desde un buceador que entra en p\u00e1nico, a alguien que se desmaya en una inmersi\u00f3n, adem\u00e1s de muchos otros casos. Sabr\u00e1s como ayudarte a ti mismo y a tus compa\u00f1eros, detectar y calmar el estr\u00e9s en otros buzos y rescatarlos.<\/p>\n<p>&nbsp;<\/p>\n<ul>\n<li><strong>Duraci\u00f3n de la actividad<\/strong>: 2 d\u00edas + eLearning<\/li>\n<li><strong>Requisitos<\/strong>:\n<ul>\n<li>M\u00e1s de 12 a\u00f1os<\/li>\n<li>Ser Adventure Diver o superior<\/li>\n<li>Estado de salud apto para buceo<\/li>\n<\/ul>\n<\/li>\n<\/ul>\n<p>[\/et_pb_text][\/et_pb_column][\/et_pb_row][et_pb_row column_structure=&#8221;1_3,1_3,1_3&#8243; disabled_on=&#8221;off|off|off&#8221; admin_label=&#8221;Fila&#8221; _builder_version=&#8221;4.16&#8243; custom_margin=&#8221;-20px||||false|false&#8221; locked=&#8221;off&#8221; global_colors_info=&#8221;{}&#8221;][et_pb_column type=&#8221;1_3&#8243; _builder_version=&#8221;4.16&#8243; global_colors_info=&#8221;{}&#8221;][et_pb_text module_id=&#8221;moreinfo-1&#8243; module_class=&#8221;pricing-holder&#8221; _builder_version=&#8221;4.27.4&#8243; text_line_height=&#8221;1.3em&#8221; custom_padding=&#8221;||25px||false|false&#8221; animation_style=&#8221;zoom&#8221; custom_css_main_element=&#8221;overflow: visible;&#8221; border_radii=&#8221;on|3px|3px|3px|3px&#8221; box_shadow_style=&#8221;preset1&#8243; box_shadow_blur=&#8221;11px&#8221; box_shadow_color=&#8221;#0db4d5&#8243; global_colors_info=&#8221;{}&#8221;]<\/p>\n<div style=\"text-align: center; color: #ffffff;\">.<\/div>\n<div class=\"price-holder\"><img loading=\"lazy\" decoding=\"async\" class=\"wp-image-4540 size-full aligncenter\" src=\"https:\/\/scuba-legends.com\/wp-content\/uploads\/2020\/08\/icono-ok-80x80-1.jpg\" alt=\"\" width=\"80\" height=\"80\" \/><\/div>\n<div style=\"text-align: center; color: #ffffff;\">.<\/div>\n<h6 style=\"text-align: center; color: #0db4d5;\">B\u00c1SICO<\/h6>\n<div class=\"price-inner-content\">\n<p style=\"text-align: center;\">Curso Rescate<br \/>PADI eLearning + certificaci\u00f3n digital<br \/>Refrigerio y snacks<\/p>\n<\/div>\n<p>[\/et_pb_text][et_pb_button button_url=&#8221;https:\/\/app.bukyapp.com\/front\/673ef83180e03463a90b61e6\/product\/67505354d05b4ae728564a8e&#8221; url_new_window=&#8221;on&#8221; button_text=&#8221;450,00\u20ac&#8221; button_alignment=&#8221;center&#8221; _builder_version=&#8221;4.27.4&#8243; custom_button=&#8221;on&#8221; button_text_size=&#8221;16px&#8221; button_text_color=&#8221;#ffffff&#8221; button_bg_color=&#8221;#0db4d5&#8243; button_border_radius=&#8221;6px&#8221; custom_margin=&#8221;-93px||||false|false&#8221; global_colors_info=&#8221;{}&#8221;][\/et_pb_button][\/et_pb_column][et_pb_column type=&#8221;1_3&#8243; _builder_version=&#8221;4.16&#8243; global_colors_info=&#8221;{}&#8221;][et_pb_text module_id=&#8221;moreinfo-1&#8243; module_class=&#8221;pricing-holder&#8221; _builder_version=&#8221;4.27.5&#8243; text_line_height=&#8221;1.3em&#8221; custom_padding=&#8221;||25px||false|false&#8221; animation_style=&#8221;zoom&#8221; hover_enabled=&#8221;0&#8243; custom_css_main_element=&#8221;overflow: visible;&#8221; border_radii=&#8221;on|3px|3px|3px|3px&#8221; box_shadow_style=&#8221;preset1&#8243; box_shadow_blur=&#8221;30px&#8221; box_shadow_color=&#8221;#0db4d5&#8243; global_colors_info=&#8221;{}&#8221; sticky_enabled=&#8221;0&#8243;]<\/p>\n<div style=\"text-align: center; color: #ffffff;\">.<\/div>\n<div class=\"price-holder\"><img loading=\"lazy\" decoding=\"async\" class=\"wp-image-4541 size-full aligncenter\" src=\"https:\/\/scuba-legends.com\/wp-content\/uploads\/2020\/08\/icon-bubbles-80x80-1.jpg\" alt=\"\" width=\"80\" height=\"80\" \/><\/div>\n<div style=\"text-align: center; color: #ffffff;\">.<\/div>\n<h6 style=\"text-align: center; color: #0db4d5;\">PREMIUM<\/h6>\n<div class=\"price-inner-content\">\n<p style=\"text-align: center;\">B\u00e1sico<br \/>+<br \/>Curso semiprivado (m\u00e1ximo 2 alumnos por instructor)<\/p>\n<p>&nbsp;<\/p>\n<\/div>\n<p>[\/et_pb_text][et_pb_button button_url=&#8221;https:\/\/app.bukyapp.com\/front\/673ef83180e03463a90b61e6\/product\/67505354d05b4ae728564a8e&#8221; url_new_window=&#8221;on&#8221; button_text=&#8221;630,00\u20ac&#8221; button_alignment=&#8221;center&#8221; _builder_version=&#8221;4.27.4&#8243; custom_button=&#8221;on&#8221; button_text_size=&#8221;16px&#8221; button_text_color=&#8221;#ffffff&#8221; button_bg_color=&#8221;#0db4d5&#8243; button_border_radius=&#8221;6px&#8221; custom_margin=&#8221;-93px||||false|false&#8221; global_colors_info=&#8221;{}&#8221;][\/et_pb_button][\/et_pb_column][et_pb_column type=&#8221;1_3&#8243; _builder_version=&#8221;4.16&#8243; global_colors_info=&#8221;{}&#8221;][et_pb_text module_id=&#8221;moreinfo-1&#8243; module_class=&#8221;pricing-holder&#8221; _builder_version=&#8221;4.27.5&#8243; text_line_height=&#8221;1.3em&#8221; custom_padding=&#8221;||25px||false|false&#8221; animation_style=&#8221;zoom&#8221; hover_enabled=&#8221;0&#8243; custom_css_main_element=&#8221;overflow: visible;&#8221; border_radii=&#8221;on|3px|3px|3px|3px&#8221; box_shadow_style=&#8221;preset1&#8243; box_shadow_blur=&#8221;11px&#8221; box_shadow_color=&#8221;#0db4d5&#8243; global_colors_info=&#8221;{}&#8221; admin_label=&#8221;Texto&#8221; sticky_enabled=&#8221;0&#8243;]<\/p>\n<div style=\"text-align: center; color: #ffffff;\">.<\/div>\n<div class=\"price-holder\"><img loading=\"lazy\" decoding=\"async\" class=\"wp-image-4541 size-full aligncenter\" src=\"https:\/\/scuba-legends.com\/wp-content\/uploads\/2020\/08\/icono-cool-80x80-1.jpg\" alt=\"\" width=\"80\" height=\"80\" \/><\/div>\n<div style=\"text-align: center; color: #ffffff;\">.<\/div>\n<h6 style=\"text-align: center; color: #0db4d5;\">VIP<\/h6>\n<div class=\"price-inner-content\">\n<p style=\"text-align: center;\">B\u00e1sico<br \/>+<br \/>Curso privado (m\u00e1ximo 1 alumno por instructor)<\/p>\n<\/div>\n<p>[\/et_pb_text][et_pb_button button_url=&#8221;https:\/\/app.bukyapp.com\/front\/673ef83180e03463a90b61e6\/product\/67505354d05b4ae728564a8e&#8221; url_new_window=&#8221;on&#8221; button_text=&#8221;1199,00\u20ac&#8221; button_alignment=&#8221;center&#8221; _builder_version=&#8221;4.27.4&#8243; custom_button=&#8221;on&#8221; button_text_size=&#8221;16px&#8221; button_text_color=&#8221;#ffffff&#8221; button_bg_color=&#8221;#0db4d5&#8243; button_border_radius=&#8221;6px&#8221; custom_margin=&#8221;-93px||||false|false&#8221; global_colors_info=&#8221;{}&#8221;][\/et_pb_button][\/et_pb_column][\/et_pb_row][\/et_pb_section][et_pb_section fb_built=&#8221;1&#8243; fullwidth=&#8221;on&#8221; _builder_version=&#8221;4.16&#8243; global_colors_info=&#8221;{}&#8221;][et_pb_fullwidth_header text_orientation=&#8221;center&#8221; button_one_text=&#8221;M\u00e1s informaci\u00f3n&#8221; button_one_url=&#8221;https:\/\/scuba-legends.com\/es\/contacto\/&#8221; button_two_text=&#8221;Reserva&#8221; button_two_url=&#8221;https:\/\/scuba-legends.com\/es\/reservar\/&#8221; _builder_version=&#8221;4.16&#8243; title_level=&#8221;h3&#8243; background_image=&#8221;https:\/\/scuba-legends.com\/wp-content\/uploads\/2020\/08\/Hazlo-epico-1.jpg&#8221; custom_button_one=&#8221;on&#8221; button_one_text_size=&#8221;16px&#8221; button_one_custom_margin=&#8221;||||false|false&#8221; custom_button_two=&#8221;on&#8221; button_two_text_size=&#8221;16px&#8221; text_shadow_style=&#8221;preset3&#8243; global_colors_info=&#8221;{}&#8221;]<\/p>\n<h2 style=\"text-align: center;\"><strong>Gu\u00eda e instructor de buceo privado. \u00a1Hazlo \u00e9pico!<\/strong><\/h2>\n<p style=\"text-align: center;\">Si quieres una atenci\u00f3n VIP, a\u00fan m\u00e1s personalizada y para ti solo (o con tu familia y amigos), te ofrecemos nuestro servicio exclusivo de submarinismo privado en Puerto del Carmen, Lanzarote.<br \/>Adaptamos la inmersi\u00f3n o curso a tus necesidades y tiempos.<\/p>\n<p>[\/et_pb_fullwidth_header][\/et_pb_section]<\/p>\n","protected":false},"excerpt":{"rendered":"<p>\u00a0MAKE IT LEGENDARYConvi\u00e9rtete en el mejor compa\u00f1ero de buceo, con el curso PADI RescateMejora tus habilidades de buceo y gana confianza bajo el agua y fuera de ella. Aprende a prevenir riesgos, evitar problemas y a c\u00f3mo resolverlos. El PADI Rescue Diver o curso de rescate para submarinismo, es uno de los programas m\u00e1s completos [&hellip;]<\/p>\n","protected":false},"author":2,"featured_media":0,"parent":0,"menu_order":154,"comment_status":"closed","ping_status":"closed","template":"","meta":{"_acf_changed":false,"_et_pb_use_builder":"on","_et_pb_old_content":"","_et_gb_content_width":"","footnotes":""},"class_list":["post-5561","page","type-page","status-publish","hentry"],"acf":[],"yoast_head":"<!-- This site is optimized with the Yoast SEO plugin v27.4 - https:\/\/yoast.com\/product\/yoast-seo-wordpress\/ -->\n<title>Curso Resate PADI - Scuba Legends Centro de Buceo Lanzarote<\/title>\n<meta name=\"description\" content=\"El PADI Rescue Diver o curso PADI Rescate es uno de los programas m\u00e1s completos y agotadores, pero tambi\u00e9n m\u00e1s gratificantes y divertidos.\" \/>\n<meta name=\"robots\" content=\"index, follow, max-snippet:-1, max-image-preview:large, max-video-preview:-1\" \/>\n<link rel=\"canonical\" href=\"https:\/\/scuba-legends.com\/es\/padi-rescue-diver\/\" \/>\n<meta property=\"og:locale\" content=\"es_ES\" \/>\n<meta property=\"og:type\" content=\"article\" \/>\n<meta property=\"og:title\" content=\"Curso Resate PADI - Scuba Legends Centro de Buceo Lanzarote\" \/>\n<meta property=\"og:description\" content=\"El PADI Rescue Diver o curso PADI Rescate es uno de los programas m\u00e1s completos y agotadores, pero tambi\u00e9n m\u00e1s gratificantes y divertidos.\" \/>\n<meta property=\"og:url\" content=\"https:\/\/scuba-legends.com\/es\/padi-rescue-diver\/\" \/>\n<meta property=\"og:site_name\" content=\"Scuba Legends\" \/>\n<meta property=\"article:publisher\" content=\"https:\/\/www.facebook.com\/ScubaLegends\/\" \/>\n<meta property=\"article:modified_time\" content=\"2025-12-09T17:19:23+00:00\" \/>\n<meta property=\"og:image\" content=\"https:\/\/scuba-legends.com\/wp-content\/uploads\/2020\/08\/Devolucion-80x80-2.png\" \/>\n\t<meta property=\"og:image:width\" content=\"80\" \/>\n\t<meta property=\"og:image:height\" content=\"80\" \/>\n\t<meta property=\"og:image:type\" content=\"image\/png\" \/>\n<meta name=\"twitter:card\" content=\"summary_large_image\" \/>\n<meta name=\"twitter:site\" content=\"@scubalegends\" \/>\n<meta name=\"twitter:label1\" content=\"Tiempo de lectura\" \/>\n\t<meta name=\"twitter:data1\" content=\"3 minutos\" \/>\n<script type=\"application\/ld+json\" class=\"yoast-schema-graph\">{\"@context\":\"https:\\\/\\\/schema.org\",\"@graph\":[{\"@type\":\"WebPage\",\"@id\":\"https:\\\/\\\/scuba-legends.com\\\/es\\\/padi-rescue-diver\\\/\",\"url\":\"https:\\\/\\\/scuba-legends.com\\\/es\\\/padi-rescue-diver\\\/\",\"name\":\"Curso Resate PADI - Scuba Legends Centro de Buceo Lanzarote\",\"isPartOf\":{\"@id\":\"https:\\\/\\\/scuba-legends.com\\\/es\\\/#website\"},\"primaryImageOfPage\":{\"@id\":\"https:\\\/\\\/scuba-legends.com\\\/es\\\/padi-rescue-diver\\\/#primaryimage\"},\"image\":{\"@id\":\"https:\\\/\\\/scuba-legends.com\\\/es\\\/padi-rescue-diver\\\/#primaryimage\"},\"thumbnailUrl\":\"https:\\\/\\\/scuba-legends.com\\\/wp-content\\\/uploads\\\/2020\\\/08\\\/icono-ok-80x80-1.jpg\",\"datePublished\":\"2020-09-11T19:01:33+00:00\",\"dateModified\":\"2025-12-09T17:19:23+00:00\",\"description\":\"El PADI Rescue Diver o curso PADI Rescate es uno de los programas m\u00e1s completos y agotadores, pero tambi\u00e9n m\u00e1s gratificantes y divertidos.\",\"breadcrumb\":{\"@id\":\"https:\\\/\\\/scuba-legends.com\\\/es\\\/padi-rescue-diver\\\/#breadcrumb\"},\"inLanguage\":\"es\",\"potentialAction\":[{\"@type\":\"ReadAction\",\"target\":[\"https:\\\/\\\/scuba-legends.com\\\/es\\\/padi-rescue-diver\\\/\"]}]},{\"@type\":\"ImageObject\",\"inLanguage\":\"es\",\"@id\":\"https:\\\/\\\/scuba-legends.com\\\/es\\\/padi-rescue-diver\\\/#primaryimage\",\"url\":\"https:\\\/\\\/scuba-legends.com\\\/wp-content\\\/uploads\\\/2020\\\/08\\\/icono-ok-80x80-1.jpg\",\"contentUrl\":\"https:\\\/\\\/scuba-legends.com\\\/wp-content\\\/uploads\\\/2020\\\/08\\\/icono-ok-80x80-1.jpg\"},{\"@type\":\"BreadcrumbList\",\"@id\":\"https:\\\/\\\/scuba-legends.com\\\/es\\\/padi-rescue-diver\\\/#breadcrumb\",\"itemListElement\":[{\"@type\":\"ListItem\",\"position\":1,\"name\":\"Scuba Legends\",\"item\":\"https:\\\/\\\/scuba-legends.com\\\/es\\\/\"},{\"@type\":\"ListItem\",\"position\":2,\"name\":\"Rescate\"}]},{\"@type\":\"WebSite\",\"@id\":\"https:\\\/\\\/scuba-legends.com\\\/es\\\/#website\",\"url\":\"https:\\\/\\\/scuba-legends.com\\\/es\\\/\",\"name\":\"Scuba Legends\",\"description\":\"Dive Center Lanzarote\",\"publisher\":{\"@id\":\"https:\\\/\\\/scuba-legends.com\\\/es\\\/#organization\"},\"potentialAction\":[{\"@type\":\"SearchAction\",\"target\":{\"@type\":\"EntryPoint\",\"urlTemplate\":\"https:\\\/\\\/scuba-legends.com\\\/es\\\/?s={search_term_string}\"},\"query-input\":{\"@type\":\"PropertyValueSpecification\",\"valueRequired\":true,\"valueName\":\"search_term_string\"}}],\"inLanguage\":\"es\"},{\"@type\":\"Organization\",\"@id\":\"https:\\\/\\\/scuba-legends.com\\\/es\\\/#organization\",\"name\":\"Scuba Legends Dive Center Lanzarote\",\"url\":\"https:\\\/\\\/scuba-legends.com\\\/es\\\/\",\"logo\":{\"@type\":\"ImageObject\",\"inLanguage\":\"es\",\"@id\":\"https:\\\/\\\/scuba-legends.com\\\/es\\\/#\\\/schema\\\/logo\\\/image\\\/\",\"url\":\"https:\\\/\\\/scuba-legends.com\\\/wp-content\\\/uploads\\\/2020\\\/01\\\/scuba_legends_favicon.png\",\"contentUrl\":\"https:\\\/\\\/scuba-legends.com\\\/wp-content\\\/uploads\\\/2020\\\/01\\\/scuba_legends_favicon.png\",\"width\":512,\"height\":512,\"caption\":\"Scuba Legends Dive Center Lanzarote\"},\"image\":{\"@id\":\"https:\\\/\\\/scuba-legends.com\\\/es\\\/#\\\/schema\\\/logo\\\/image\\\/\"},\"sameAs\":[\"https:\\\/\\\/www.facebook.com\\\/ScubaLegends\\\/\",\"https:\\\/\\\/x.com\\\/scubalegends\",\"https:\\\/\\\/www.instagram.com\\\/scuba_legends\\\/\",\"https:\\\/\\\/www.youtube.com\\\/channel\\\/UCUjHU7Mmii5SfLoodxNZmqQ\"]}]}<\/script>\n<!-- \/ Yoast SEO plugin. -->","yoast_head_json":{"title":"Curso Resate PADI - Scuba Legends Centro de Buceo Lanzarote","description":"El PADI Rescue Diver o curso PADI Rescate es uno de los programas m\u00e1s completos y agotadores, pero tambi\u00e9n m\u00e1s gratificantes y divertidos.","robots":{"index":"index","follow":"follow","max-snippet":"max-snippet:-1","max-image-preview":"max-image-preview:large","max-video-preview":"max-video-preview:-1"},"canonical":"https:\/\/scuba-legends.com\/es\/padi-rescue-diver\/","og_locale":"es_ES","og_type":"article","og_title":"Curso Resate PADI - Scuba Legends Centro de Buceo Lanzarote","og_description":"El PADI Rescue Diver o curso PADI Rescate es uno de los programas m\u00e1s completos y agotadores, pero tambi\u00e9n m\u00e1s gratificantes y divertidos.","og_url":"https:\/\/scuba-legends.com\/es\/padi-rescue-diver\/","og_site_name":"Scuba Legends","article_publisher":"https:\/\/www.facebook.com\/ScubaLegends\/","article_modified_time":"2025-12-09T17:19:23+00:00","og_image":[{"width":80,"height":80,"url":"https:\/\/scuba-legends.com\/wp-content\/uploads\/2020\/08\/Devolucion-80x80-2.png","type":"image\/png"}],"twitter_card":"summary_large_image","twitter_site":"@scubalegends","twitter_misc":{"Tiempo de lectura":"3 minutos"},"schema":{"@context":"https:\/\/schema.org","@graph":[{"@type":"WebPage","@id":"https:\/\/scuba-legends.com\/es\/padi-rescue-diver\/","url":"https:\/\/scuba-legends.com\/es\/padi-rescue-diver\/","name":"Curso Resate PADI - Scuba Legends Centro de Buceo Lanzarote","isPartOf":{"@id":"https:\/\/scuba-legends.com\/es\/#website"},"primaryImageOfPage":{"@id":"https:\/\/scuba-legends.com\/es\/padi-rescue-diver\/#primaryimage"},"image":{"@id":"https:\/\/scuba-legends.com\/es\/padi-rescue-diver\/#primaryimage"},"thumbnailUrl":"https:\/\/scuba-legends.com\/wp-content\/uploads\/2020\/08\/icono-ok-80x80-1.jpg","datePublished":"2020-09-11T19:01:33+00:00","dateModified":"2025-12-09T17:19:23+00:00","description":"El PADI Rescue Diver o curso PADI Rescate es uno de los programas m\u00e1s completos y agotadores, pero tambi\u00e9n m\u00e1s gratificantes y divertidos.","breadcrumb":{"@id":"https:\/\/scuba-legends.com\/es\/padi-rescue-diver\/#breadcrumb"},"inLanguage":"es","potentialAction":[{"@type":"ReadAction","target":["https:\/\/scuba-legends.com\/es\/padi-rescue-diver\/"]}]},{"@type":"ImageObject","inLanguage":"es","@id":"https:\/\/scuba-legends.com\/es\/padi-rescue-diver\/#primaryimage","url":"https:\/\/scuba-legends.com\/wp-content\/uploads\/2020\/08\/icono-ok-80x80-1.jpg","contentUrl":"https:\/\/scuba-legends.com\/wp-content\/uploads\/2020\/08\/icono-ok-80x80-1.jpg"},{"@type":"BreadcrumbList","@id":"https:\/\/scuba-legends.com\/es\/padi-rescue-diver\/#breadcrumb","itemListElement":[{"@type":"ListItem","position":1,"name":"Scuba Legends","item":"https:\/\/scuba-legends.com\/es\/"},{"@type":"ListItem","position":2,"name":"Rescate"}]},{"@type":"WebSite","@id":"https:\/\/scuba-legends.com\/es\/#website","url":"https:\/\/scuba-legends.com\/es\/","name":"Scuba Legends","description":"Dive Center Lanzarote","publisher":{"@id":"https:\/\/scuba-legends.com\/es\/#organization"},"potentialAction":[{"@type":"SearchAction","target":{"@type":"EntryPoint","urlTemplate":"https:\/\/scuba-legends.com\/es\/?s={search_term_string}"},"query-input":{"@type":"PropertyValueSpecification","valueRequired":true,"valueName":"search_term_string"}}],"inLanguage":"es"},{"@type":"Organization","@id":"https:\/\/scuba-legends.com\/es\/#organization","name":"Scuba Legends Dive Center Lanzarote","url":"https:\/\/scuba-legends.com\/es\/","logo":{"@type":"ImageObject","inLanguage":"es","@id":"https:\/\/scuba-legends.com\/es\/#\/schema\/logo\/image\/","url":"https:\/\/scuba-legends.com\/wp-content\/uploads\/2020\/01\/scuba_legends_favicon.png","contentUrl":"https:\/\/scuba-legends.com\/wp-content\/uploads\/2020\/01\/scuba_legends_favicon.png","width":512,"height":512,"caption":"Scuba Legends Dive Center Lanzarote"},"image":{"@id":"https:\/\/scuba-legends.com\/es\/#\/schema\/logo\/image\/"},"sameAs":["https:\/\/www.facebook.com\/ScubaLegends\/","https:\/\/x.com\/scubalegends","https:\/\/www.instagram.com\/scuba_legends\/","https:\/\/www.youtube.com\/channel\/UCUjHU7Mmii5SfLoodxNZmqQ"]}]}},"_links":{"self":[{"href":"https:\/\/scuba-legends.com\/es\/wp-json\/wp\/v2\/pages\/5561","targetHints":{"allow":["GET"]}}],"collection":[{"href":"https:\/\/scuba-legends.com\/es\/wp-json\/wp\/v2\/pages"}],"about":[{"href":"https:\/\/scuba-legends.com\/es\/wp-json\/wp\/v2\/types\/page"}],"author":[{"embeddable":true,"href":"https:\/\/scuba-legends.com\/es\/wp-json\/wp\/v2\/users\/2"}],"replies":[{"embeddable":true,"href":"https:\/\/scuba-legends.com\/es\/wp-json\/wp\/v2\/comments?post=5561"}],"version-history":[{"count":10,"href":"https:\/\/scuba-legends.com\/es\/wp-json\/wp\/v2\/pages\/5561\/revisions"}],"predecessor-version":[{"id":20062,"href":"https:\/\/scuba-legends.com\/es\/wp-json\/wp\/v2\/pages\/5561\/revisions\/20062"}],"wp:attachment":[{"href":"https:\/\/scuba-legends.com\/es\/wp-json\/wp\/v2\/media?parent=5561"}],"curies":[{"name":"wp","href":"https:\/\/api.w.org\/{rel}","templated":true}]}}