{"id":5555,"date":"2020-09-11T18:53:41","date_gmt":"2020-09-11T18:53:41","guid":{"rendered":"https:\/\/scuba-legends.com\/?page_id=5555"},"modified":"2025-06-23T11:52:15","modified_gmt":"2025-06-23T11:52:15","slug":"reactivate-padi","status":"publish","type":"page","link":"https:\/\/scuba-legends.com\/es\/reactivate-padi\/","title":{"rendered":"Refrescar tus Habilidades de Buceo"},"content":{"rendered":"<p>[et_pb_section fb_built=&#8221;1&#8243; fullwidth=&#8221;on&#8221; module_id=&#8221;spheader-section&#8221; _builder_version=&#8221;4.16&#8243; global_colors_info=&#8221;{}&#8221;][et_pb_fullwidth_header title=&#8221;Refrescar tus Habilidades de Buceo&#8221; _builder_version=&#8221;4.27.4&#8243; title_text_align=&#8221;left&#8221; title_font_size=&#8221;54px&#8221; subhead_font=&#8221;|||on|||||&#8221; background_image=&#8221;https:\/\/scuba-legends.com\/wp-content\/uploads\/2023\/12\/Header-About-Us-1400&#215;900-1.jpg&#8221; width=&#8221;100%&#8221; module_alignment=&#8221;center&#8221; custom_padding=&#8221;80px||80px||true|&#8221; hover_enabled=&#8221;0&#8243; title_font_size_tablet=&#8221;44px&#8221; background_last_edited=&#8221;on|desktop&#8221; custom_css_main_element=&#8221;background-position: center -240px;&#8221; custom_css_title=&#8221;order: 2;&#8221; custom_css_subtitle=&#8221;order: 1;&#8221; global_colors_info=&#8221;{}&#8221; custom_css_main_element_last_edited=&#8221;on|tablet&#8221; custom_css_main_element_tablet=&#8221;background-position: center -70px;&#8221; custom_css_main_element_phone=&#8221;background-position: center center;&#8221; sticky_enabled=&#8221;0&#8243;]<\/p>\n<p style=\"text-align: left;\">\u00a0MAKE IT LEGENDARY<\/p>\n<p>[\/et_pb_fullwidth_header][\/et_pb_section][et_pb_section fb_built=&#8221;1&#8243; _builder_version=&#8221;4.16&#8243; custom_margin=&#8221;-50px||||false|false&#8221; global_colors_info=&#8221;{}&#8221;][et_pb_row _builder_version=&#8221;4.16&#8243; global_colors_info=&#8221;{}&#8221;][et_pb_column type=&#8221;4_4&#8243; _builder_version=&#8221;4.16&#8243; global_colors_info=&#8221;{}&#8221;][et_pb_text _builder_version=&#8221;4.27.4&#8243; text_font_size=&#8221;18px&#8221; custom_margin=&#8221;-20px||||false|false&#8221; hover_enabled=&#8221;0&#8243; global_colors_info=&#8221;{}&#8221; admin_label=&#8221;Texto&#8221; sticky_enabled=&#8221;0&#8243;]<\/p>\n<h2 style=\"text-align: center; color: #0db4d5;\">\u00bfTe sientes un poco oxidado? \u00a1Es hora de refrescar tus habilidades de buceo!<\/h2>\n<p>[\/et_pb_text][et_pb_text _builder_version=&#8221;4.27.4&#8243; hover_enabled=&#8221;0&#8243; global_colors_info=&#8221;{}&#8221; sticky_enabled=&#8221;0&#8243;]<\/p>\n<p data-start=\"2137\" data-end=\"2683\">\u00bfHace tiempo que no buceas? Refrescar tus habilidades de buceo. Especialmente si tienes menos de 30 inmersiones o llevas m\u00e1s de 12 meses sin bucear, te recomendamos hacer una sesi\u00f3n de entrenamiento con nosotros para recuperar la confianza en el agua. Repasaremos juntos el montaje del equipo, ejercicios b\u00e1sicos y el control de flotabilidad para que vuelvas al oc\u00e9ano con seguridad y tranquilidad. Adaptamos la sesi\u00f3n a ti: desde un repaso intensivo de habilidades hasta una combinaci\u00f3n con un paseo subacu\u00e1tico.<\/p>\n<p data-start=\"2685\" data-end=\"2953\"><strong data-start=\"2685\" data-end=\"2722\">La seguridad es lo m\u00e1s importante<\/strong>, no solo para ti, sino tambi\u00e9n para tu instructor y tus compa\u00f1eros de inmersi\u00f3n. Si no te sientes seguro, no pasa nada por dar un paso atr\u00e1s. Recuerda: el buceo es un deporte de aventura, y la seguridad siempre debe estar primero.<\/p>\n<p data-start=\"2955\" data-end=\"3402\"><strong data-start=\"2955\" data-end=\"3016\">\u00bfTe gustar\u00eda repasar la teor\u00eda antes de lanzarte al agua?<\/strong><br data-start=\"3016\" data-end=\"3019\" \/>Podemos inscribirte en el programa opcional de PADI ReActivate (eLearning). Al finalizarlo, obtendr\u00e1s una re-certificaci\u00f3n y volver\u00e1s a bucear con confianza. Si tu certificaci\u00f3n es de hace m\u00e1s de diez a\u00f1os y no has vuelto a bucear desde entonces, quiz\u00e1 sea m\u00e1s recomendable hacer un curso completo. Queremos que tu regreso al mundo subacu\u00e1tico sea lo m\u00e1s fluido y placentero posible.<\/p>\n<p>[\/et_pb_text][\/et_pb_column][\/et_pb_row][\/et_pb_section][et_pb_section fb_built=&#8221;1&#8243; _builder_version=&#8221;4.16&#8243; custom_margin=&#8221;-50px||||false|false&#8221; global_colors_info=&#8221;{}&#8221;][et_pb_row _builder_version=&#8221;4.16&#8243; custom_margin=&#8221;-20px||||false|false&#8221; global_colors_info=&#8221;{}&#8221;][et_pb_column type=&#8221;4_4&#8243; _builder_version=&#8221;4.16&#8243; global_colors_info=&#8221;{}&#8221;][et_pb_text _builder_version=&#8221;4.27.4&#8243; text_font_size=&#8221;18px&#8221; custom_margin=&#8221;-20px||||false|false&#8221; hover_enabled=&#8221;0&#8243; global_colors_info=&#8221;{}&#8221; sticky_enabled=&#8221;0&#8243;]<\/p>\n<h2 style=\"text-align: center; color: #0db4d5;\">\u00bfQu\u00e9 incluye la sesi\u00f3n de refresco?<\/h2>\n<p>[\/et_pb_text][et_pb_text _builder_version=&#8221;4.27.4&#8243; hover_enabled=&#8221;0&#8243; global_colors_info=&#8221;{}&#8221; sticky_enabled=&#8221;0&#8243;]<\/p>\n<p>Personalizamos el programa de refrescar tus habilidades seg\u00fan tus necesidades. Primero evaluamos tu nivel de experiencia y conocimientos, y luego decidimos juntos qu\u00e9 habilidades quieres practicar. Repasamos teor\u00eda b\u00e1sica, seguridad, equipo, planificaci\u00f3n y c\u00f3mo actuar ante problemas. Tras una explicaci\u00f3n detallada, pasamos al agua poco profunda para practicar. Cuando est\u00e9s listo, haremos una peque\u00f1a inmersi\u00f3n para recuperar esa maravillosa sensaci\u00f3n de ingravidez.<\/p>\n<p>[\/et_pb_text][\/et_pb_column][\/et_pb_row][\/et_pb_section][et_pb_section fb_built=&#8221;1&#8243; _builder_version=&#8221;4.16&#8243; global_colors_info=&#8221;{}&#8221;][et_pb_row column_structure=&#8221;1_2,1_2&#8243; _builder_version=&#8221;4.16&#8243; custom_margin=&#8221;-150px||||false|false&#8221; global_colors_info=&#8221;{}&#8221;][et_pb_column type=&#8221;1_2&#8243; _builder_version=&#8221;4.16&#8243; global_colors_info=&#8221;{}&#8221;][et_pb_text _builder_version=&#8221;4.27.4&#8243; global_colors_info=&#8221;{}&#8221;]<\/p>\n<ul>\n<li><strong>Duraci\u00f3n de la actividad<\/strong>: 2 horas<\/li>\n<li><strong>Requisitos<\/strong>:\n<ul>\n<li>M\u00e1s de 10 a\u00f1os<\/li>\n<li>Ser buceador certificado<\/li>\n<li>Estado de salud apto para buceo<\/li>\n<\/ul>\n<\/li>\n<li><strong>Precio: <\/strong>75\u20ac (opci\u00f3nal: PADI ReActivate eLearning + 55\u20ac)<\/li>\n<\/ul>\n<p>[\/et_pb_text][\/et_pb_column][et_pb_column type=&#8221;1_2&#8243; _builder_version=&#8221;4.16&#8243; global_colors_info=&#8221;{}&#8221;][et_pb_text _builder_version=&#8221;4.27.4&#8243; background_color=&#8221;rgba(13,180,213,0.17)&#8221; custom_padding=&#8221;25px|25px|25px|25px|false|false&#8221; hover_enabled=&#8221;0&#8243; border_radii=&#8221;on|3px|3px|3px|3px&#8221; global_colors_info=&#8221;{}&#8221; sticky_enabled=&#8221;0&#8243;]<\/p>\n<h4 style=\"text-align: center; color: #0db4d5;\">Siempre incluido:<\/h4>\n<ul>\n<li>1 sesi\u00f3n de repaso en aguas confinadas<\/li>\n<li>Refrigerio y snacks<\/li>\n<li><strong>No m\u00e1s de 5 personas por grupo<\/strong><\/li>\n<li><strong>Instructores apasionados y sobradamente preparados<\/strong><\/li>\n<\/ul>\n<p>[\/et_pb_text][\/et_pb_column][\/et_pb_row][et_pb_row _builder_version=&#8221;4.16&#8243; global_colors_info=&#8221;{}&#8221;][et_pb_column type=&#8221;4_4&#8243; _builder_version=&#8221;4.16&#8243; global_colors_info=&#8221;{}&#8221;][et_pb_button button_url=&#8221;https:\/\/app.bukyapp.com\/front\/673ef83180e03463a90b61e6\/product\/6751c0fa06c0ee8645c26653?lang=es&#8221; url_new_window=&#8221;on&#8221; button_text=&#8221;RESERVAR&#8221; button_alignment=&#8221;center&#8221; _builder_version=&#8221;4.27.4&#8243; custom_button=&#8221;on&#8221; button_text_size=&#8221;16px&#8221; button_text_color=&#8221;#ffffff&#8221; button_bg_color=&#8221;#0db4d5&#8243; button_border_width=&#8221;6px&#8221; global_colors_info=&#8221;{}&#8221;][\/et_pb_button][\/et_pb_column][\/et_pb_row][\/et_pb_section][et_pb_section fb_built=&#8221;1&#8243; fullwidth=&#8221;on&#8221; _builder_version=&#8221;4.16&#8243; global_colors_info=&#8221;{}&#8221;][et_pb_fullwidth_header text_orientation=&#8221;center&#8221; button_one_text=&#8221;M\u00e1s informaci\u00f3n&#8221; button_one_url=&#8221;https:\/\/scuba-legends.com\/es\/contacto\/&#8221; button_two_text=&#8221;Reserva&#8221; button_two_url=&#8221;https:\/\/scuba-legends.com\/es\/reservar\/&#8221; _builder_version=&#8221;4.16&#8243; title_level=&#8221;h3&#8243; background_image=&#8221;https:\/\/scuba-legends.com\/wp-content\/uploads\/2020\/08\/Hazlo-epico-1.jpg&#8221; custom_button_one=&#8221;on&#8221; button_one_text_size=&#8221;16px&#8221; button_one_custom_margin=&#8221;||||false|false&#8221; custom_button_two=&#8221;on&#8221; button_two_text_size=&#8221;16px&#8221; text_shadow_style=&#8221;preset3&#8243; global_colors_info=&#8221;{}&#8221;]<\/p>\n<h2 style=\"text-align: center;\"><strong>Gu\u00eda e instructor de buceo privado. \u00a1Hazlo \u00e9pico!<\/strong><\/h2>\n<p style=\"text-align: center;\">Si quieres una atenci\u00f3n VIP, a\u00fan m\u00e1s personalizada y para ti solo (o con tu familia y amigos), te ofrecemos nuestro servicio exclusivo de submarinismo privado en Puerto del Carmen, Lanzarote.<br \/>Adaptamos la inmersi\u00f3n o curso a tus necesidades y tiempos.<\/p>\n<p>[\/et_pb_fullwidth_header][\/et_pb_section]<\/p>\n","protected":false},"excerpt":{"rendered":"<p>\u00a0MAKE IT LEGENDARY\u00bfTe sientes un poco oxidado? \u00a1Es hora de refrescar tus habilidades de buceo!\u00bfHace tiempo que no buceas? Refrescar tus habilidades de buceo. Especialmente si tienes menos de 30 inmersiones o llevas m\u00e1s de 12 meses sin bucear, te recomendamos hacer una sesi\u00f3n de entrenamiento con nosotros para recuperar la confianza en el agua. [&hellip;]<\/p>\n","protected":false},"author":2,"featured_media":18344,"parent":0,"menu_order":155,"comment_status":"closed","ping_status":"closed","template":"","meta":{"_acf_changed":false,"_et_pb_use_builder":"on","_et_pb_old_content":"","_et_gb_content_width":"","footnotes":""},"class_list":["post-5555","page","type-page","status-publish","has-post-thumbnail","hentry"],"acf":[],"yoast_head":"<!-- This site is optimized with the Yoast SEO plugin v27.4 - https:\/\/yoast.com\/product\/yoast-seo-wordpress\/ -->\n<title>Refrescar tus Habilidades de Buceo - Scuba Legends<\/title>\n<meta name=\"description\" content=\"\u00bfHace tiempo que no buceas? Refrescar tus habilidades de buceo para recuperar la confianza en el agua. Repasaremos juntos los fundamentales.\" \/>\n<meta name=\"robots\" content=\"index, follow, max-snippet:-1, max-image-preview:large, max-video-preview:-1\" \/>\n<link rel=\"canonical\" href=\"https:\/\/scuba-legends.com\/es\/reactivate-padi\/\" \/>\n<meta property=\"og:locale\" content=\"es_ES\" \/>\n<meta property=\"og:type\" content=\"article\" \/>\n<meta property=\"og:title\" content=\"Refrescar tus Habilidades de Buceo - Scuba Legends\" \/>\n<meta property=\"og:description\" content=\"\u00bfHace tiempo que no buceas? Refrescar tus habilidades de buceo para recuperar la confianza en el agua. Repasaremos juntos los fundamentales.\" \/>\n<meta property=\"og:url\" content=\"https:\/\/scuba-legends.com\/es\/reactivate-padi\/\" \/>\n<meta property=\"og:site_name\" content=\"Scuba Legends\" \/>\n<meta property=\"article:publisher\" content=\"https:\/\/www.facebook.com\/ScubaLegends\/\" \/>\n<meta property=\"article:modified_time\" content=\"2025-06-23T11:52:15+00:00\" \/>\n<meta property=\"og:image\" content=\"https:\/\/scuba-legends.com\/wp-content\/uploads\/2024\/08\/Refresh-ReActivate-Header-1.jpg\" \/>\n\t<meta property=\"og:image:width\" content=\"1200\" \/>\n\t<meta property=\"og:image:height\" content=\"900\" \/>\n\t<meta property=\"og:image:type\" content=\"image\/jpeg\" \/>\n<meta name=\"twitter:card\" content=\"summary_large_image\" \/>\n<meta name=\"twitter:site\" content=\"@scubalegends\" \/>\n<meta name=\"twitter:label1\" content=\"Tiempo de lectura\" \/>\n\t<meta name=\"twitter:data1\" content=\"2 minutos\" \/>\n<script type=\"application\/ld+json\" class=\"yoast-schema-graph\">{\"@context\":\"https:\\\/\\\/schema.org\",\"@graph\":[{\"@type\":\"WebPage\",\"@id\":\"https:\\\/\\\/scuba-legends.com\\\/es\\\/reactivate-padi\\\/\",\"url\":\"https:\\\/\\\/scuba-legends.com\\\/es\\\/reactivate-padi\\\/\",\"name\":\"Refrescar tus Habilidades de Buceo - Scuba Legends\",\"isPartOf\":{\"@id\":\"https:\\\/\\\/scuba-legends.com\\\/es\\\/#website\"},\"primaryImageOfPage\":{\"@id\":\"https:\\\/\\\/scuba-legends.com\\\/es\\\/reactivate-padi\\\/#primaryimage\"},\"image\":{\"@id\":\"https:\\\/\\\/scuba-legends.com\\\/es\\\/reactivate-padi\\\/#primaryimage\"},\"thumbnailUrl\":\"https:\\\/\\\/scuba-legends.com\\\/wp-content\\\/uploads\\\/2024\\\/08\\\/Refresh-ReActivate-Header-1.jpg\",\"datePublished\":\"2020-09-11T18:53:41+00:00\",\"dateModified\":\"2025-06-23T11:52:15+00:00\",\"description\":\"\u00bfHace tiempo que no buceas? Refrescar tus habilidades de buceo para recuperar la confianza en el agua. Repasaremos juntos los fundamentales.\",\"breadcrumb\":{\"@id\":\"https:\\\/\\\/scuba-legends.com\\\/es\\\/reactivate-padi\\\/#breadcrumb\"},\"inLanguage\":\"es\",\"potentialAction\":[{\"@type\":\"ReadAction\",\"target\":[\"https:\\\/\\\/scuba-legends.com\\\/es\\\/reactivate-padi\\\/\"]}]},{\"@type\":\"ImageObject\",\"inLanguage\":\"es\",\"@id\":\"https:\\\/\\\/scuba-legends.com\\\/es\\\/reactivate-padi\\\/#primaryimage\",\"url\":\"https:\\\/\\\/scuba-legends.com\\\/wp-content\\\/uploads\\\/2024\\\/08\\\/Refresh-ReActivate-Header-1.jpg\",\"contentUrl\":\"https:\\\/\\\/scuba-legends.com\\\/wp-content\\\/uploads\\\/2024\\\/08\\\/Refresh-ReActivate-Header-1.jpg\",\"width\":1200,\"height\":900,\"caption\":\"Reactivate Refresher Refresh your diving skills Refrescar tus Habilidades de Buceo\"},{\"@type\":\"BreadcrumbList\",\"@id\":\"https:\\\/\\\/scuba-legends.com\\\/es\\\/reactivate-padi\\\/#breadcrumb\",\"itemListElement\":[{\"@type\":\"ListItem\",\"position\":1,\"name\":\"Scuba Legends\",\"item\":\"https:\\\/\\\/scuba-legends.com\\\/es\\\/\"},{\"@type\":\"ListItem\",\"position\":2,\"name\":\"Refrescar tus Habilidades de Buceo\"}]},{\"@type\":\"WebSite\",\"@id\":\"https:\\\/\\\/scuba-legends.com\\\/es\\\/#website\",\"url\":\"https:\\\/\\\/scuba-legends.com\\\/es\\\/\",\"name\":\"Scuba Legends\",\"description\":\"Dive Center Lanzarote\",\"publisher\":{\"@id\":\"https:\\\/\\\/scuba-legends.com\\\/es\\\/#organization\"},\"potentialAction\":[{\"@type\":\"SearchAction\",\"target\":{\"@type\":\"EntryPoint\",\"urlTemplate\":\"https:\\\/\\\/scuba-legends.com\\\/es\\\/?s={search_term_string}\"},\"query-input\":{\"@type\":\"PropertyValueSpecification\",\"valueRequired\":true,\"valueName\":\"search_term_string\"}}],\"inLanguage\":\"es\"},{\"@type\":\"Organization\",\"@id\":\"https:\\\/\\\/scuba-legends.com\\\/es\\\/#organization\",\"name\":\"Scuba Legends Dive Center Lanzarote\",\"url\":\"https:\\\/\\\/scuba-legends.com\\\/es\\\/\",\"logo\":{\"@type\":\"ImageObject\",\"inLanguage\":\"es\",\"@id\":\"https:\\\/\\\/scuba-legends.com\\\/es\\\/#\\\/schema\\\/logo\\\/image\\\/\",\"url\":\"https:\\\/\\\/scuba-legends.com\\\/wp-content\\\/uploads\\\/2020\\\/01\\\/scuba_legends_favicon.png\",\"contentUrl\":\"https:\\\/\\\/scuba-legends.com\\\/wp-content\\\/uploads\\\/2020\\\/01\\\/scuba_legends_favicon.png\",\"width\":512,\"height\":512,\"caption\":\"Scuba Legends Dive Center Lanzarote\"},\"image\":{\"@id\":\"https:\\\/\\\/scuba-legends.com\\\/es\\\/#\\\/schema\\\/logo\\\/image\\\/\"},\"sameAs\":[\"https:\\\/\\\/www.facebook.com\\\/ScubaLegends\\\/\",\"https:\\\/\\\/x.com\\\/scubalegends\",\"https:\\\/\\\/www.instagram.com\\\/scuba_legends\\\/\",\"https:\\\/\\\/www.youtube.com\\\/channel\\\/UCUjHU7Mmii5SfLoodxNZmqQ\"]}]}<\/script>\n<!-- \/ Yoast SEO plugin. -->","yoast_head_json":{"title":"Refrescar tus Habilidades de Buceo - Scuba Legends","description":"\u00bfHace tiempo que no buceas? Refrescar tus habilidades de buceo para recuperar la confianza en el agua. Repasaremos juntos los fundamentales.","robots":{"index":"index","follow":"follow","max-snippet":"max-snippet:-1","max-image-preview":"max-image-preview:large","max-video-preview":"max-video-preview:-1"},"canonical":"https:\/\/scuba-legends.com\/es\/reactivate-padi\/","og_locale":"es_ES","og_type":"article","og_title":"Refrescar tus Habilidades de Buceo - Scuba Legends","og_description":"\u00bfHace tiempo que no buceas? Refrescar tus habilidades de buceo para recuperar la confianza en el agua. Repasaremos juntos los fundamentales.","og_url":"https:\/\/scuba-legends.com\/es\/reactivate-padi\/","og_site_name":"Scuba Legends","article_publisher":"https:\/\/www.facebook.com\/ScubaLegends\/","article_modified_time":"2025-06-23T11:52:15+00:00","og_image":[{"width":1200,"height":900,"url":"https:\/\/scuba-legends.com\/wp-content\/uploads\/2024\/08\/Refresh-ReActivate-Header-1.jpg","type":"image\/jpeg"}],"twitter_card":"summary_large_image","twitter_site":"@scubalegends","twitter_misc":{"Tiempo de lectura":"2 minutos"},"schema":{"@context":"https:\/\/schema.org","@graph":[{"@type":"WebPage","@id":"https:\/\/scuba-legends.com\/es\/reactivate-padi\/","url":"https:\/\/scuba-legends.com\/es\/reactivate-padi\/","name":"Refrescar tus Habilidades de Buceo - Scuba Legends","isPartOf":{"@id":"https:\/\/scuba-legends.com\/es\/#website"},"primaryImageOfPage":{"@id":"https:\/\/scuba-legends.com\/es\/reactivate-padi\/#primaryimage"},"image":{"@id":"https:\/\/scuba-legends.com\/es\/reactivate-padi\/#primaryimage"},"thumbnailUrl":"https:\/\/scuba-legends.com\/wp-content\/uploads\/2024\/08\/Refresh-ReActivate-Header-1.jpg","datePublished":"2020-09-11T18:53:41+00:00","dateModified":"2025-06-23T11:52:15+00:00","description":"\u00bfHace tiempo que no buceas? Refrescar tus habilidades de buceo para recuperar la confianza en el agua. Repasaremos juntos los fundamentales.","breadcrumb":{"@id":"https:\/\/scuba-legends.com\/es\/reactivate-padi\/#breadcrumb"},"inLanguage":"es","potentialAction":[{"@type":"ReadAction","target":["https:\/\/scuba-legends.com\/es\/reactivate-padi\/"]}]},{"@type":"ImageObject","inLanguage":"es","@id":"https:\/\/scuba-legends.com\/es\/reactivate-padi\/#primaryimage","url":"https:\/\/scuba-legends.com\/wp-content\/uploads\/2024\/08\/Refresh-ReActivate-Header-1.jpg","contentUrl":"https:\/\/scuba-legends.com\/wp-content\/uploads\/2024\/08\/Refresh-ReActivate-Header-1.jpg","width":1200,"height":900,"caption":"Reactivate Refresher Refresh your diving skills Refrescar tus Habilidades de Buceo"},{"@type":"BreadcrumbList","@id":"https:\/\/scuba-legends.com\/es\/reactivate-padi\/#breadcrumb","itemListElement":[{"@type":"ListItem","position":1,"name":"Scuba Legends","item":"https:\/\/scuba-legends.com\/es\/"},{"@type":"ListItem","position":2,"name":"Refrescar tus Habilidades de Buceo"}]},{"@type":"WebSite","@id":"https:\/\/scuba-legends.com\/es\/#website","url":"https:\/\/scuba-legends.com\/es\/","name":"Scuba Legends","description":"Dive Center Lanzarote","publisher":{"@id":"https:\/\/scuba-legends.com\/es\/#organization"},"potentialAction":[{"@type":"SearchAction","target":{"@type":"EntryPoint","urlTemplate":"https:\/\/scuba-legends.com\/es\/?s={search_term_string}"},"query-input":{"@type":"PropertyValueSpecification","valueRequired":true,"valueName":"search_term_string"}}],"inLanguage":"es"},{"@type":"Organization","@id":"https:\/\/scuba-legends.com\/es\/#organization","name":"Scuba Legends Dive Center Lanzarote","url":"https:\/\/scuba-legends.com\/es\/","logo":{"@type":"ImageObject","inLanguage":"es","@id":"https:\/\/scuba-legends.com\/es\/#\/schema\/logo\/image\/","url":"https:\/\/scuba-legends.com\/wp-content\/uploads\/2020\/01\/scuba_legends_favicon.png","contentUrl":"https:\/\/scuba-legends.com\/wp-content\/uploads\/2020\/01\/scuba_legends_favicon.png","width":512,"height":512,"caption":"Scuba Legends Dive Center Lanzarote"},"image":{"@id":"https:\/\/scuba-legends.com\/es\/#\/schema\/logo\/image\/"},"sameAs":["https:\/\/www.facebook.com\/ScubaLegends\/","https:\/\/x.com\/scubalegends","https:\/\/www.instagram.com\/scuba_legends\/","https:\/\/www.youtube.com\/channel\/UCUjHU7Mmii5SfLoodxNZmqQ"]}]}},"_links":{"self":[{"href":"https:\/\/scuba-legends.com\/es\/wp-json\/wp\/v2\/pages\/5555","targetHints":{"allow":["GET"]}}],"collection":[{"href":"https:\/\/scuba-legends.com\/es\/wp-json\/wp\/v2\/pages"}],"about":[{"href":"https:\/\/scuba-legends.com\/es\/wp-json\/wp\/v2\/types\/page"}],"author":[{"embeddable":true,"href":"https:\/\/scuba-legends.com\/es\/wp-json\/wp\/v2\/users\/2"}],"replies":[{"embeddable":true,"href":"https:\/\/scuba-legends.com\/es\/wp-json\/wp\/v2\/comments?post=5555"}],"version-history":[{"count":9,"href":"https:\/\/scuba-legends.com\/es\/wp-json\/wp\/v2\/pages\/5555\/revisions"}],"predecessor-version":[{"id":19605,"href":"https:\/\/scuba-legends.com\/es\/wp-json\/wp\/v2\/pages\/5555\/revisions\/19605"}],"wp:featuredmedia":[{"embeddable":true,"href":"https:\/\/scuba-legends.com\/es\/wp-json\/wp\/v2\/media\/18344"}],"wp:attachment":[{"href":"https:\/\/scuba-legends.com\/es\/wp-json\/wp\/v2\/media?parent=5555"}],"curies":[{"name":"wp","href":"https:\/\/api.w.org\/{rel}","templated":true}]}}