{"id":5530,"date":"2020-09-11T18:28:04","date_gmt":"2020-09-11T18:28:04","guid":{"rendered":"https:\/\/scuba-legends.com\/?page_id=5530"},"modified":"2025-08-18T10:25:11","modified_gmt":"2025-08-18T10:25:11","slug":"especialidad-buceo-en-pecios","status":"publish","type":"page","link":"https:\/\/scuba-legends.com\/es\/especialidad-buceo-en-pecios\/","title":{"rendered":"Especialidad PADI Buceo en Pecios"},"content":{"rendered":"<p>[et_pb_section fb_built=&#8221;1&#8243; fullwidth=&#8221;on&#8221; module_id=&#8221;spheader-section&#8221; _builder_version=&#8221;4.16&#8243; global_colors_info=&#8221;{}&#8221;][et_pb_fullwidth_header title=&#8221;Especialidad PADI Buceo en pecios&#8221; _builder_version=&#8221;4.16&#8243; title_text_align=&#8221;left&#8221; title_font_size=&#8221;54px&#8221; subhead_font=&#8221;|||on|||||&#8221; background_image=&#8221;https:\/\/scuba-legends.com\/wp-content\/uploads\/2020\/09\/8E-Wrecks-1280&#215;900-1.jpg&#8221; width=&#8221;100%&#8221; module_alignment=&#8221;center&#8221; custom_padding=&#8221;80px||80px||true|&#8221; title_font_size_tablet=&#8221;44px&#8221; background_last_edited=&#8221;on|desktop&#8221; custom_css_main_element=&#8221;background-position: center -240px;&#8221; custom_css_title=&#8221;order: 2;&#8221; custom_css_subtitle=&#8221;order: 1;&#8221; global_colors_info=&#8221;{}&#8221; custom_css_main_element_last_edited=&#8221;on|tablet&#8221; custom_css_main_element_tablet=&#8221;background-position: center -70px;&#8221; custom_css_main_element_phone=&#8221;background-position: center center;&#8221;]<\/p>\n<p style=\"text-align: left;\">\u00a0MAKE IT LEGENDARY<\/p>\n<p>[\/et_pb_fullwidth_header][\/et_pb_section][et_pb_section fb_built=&#8221;1&#8243; _builder_version=&#8221;4.16&#8243; custom_margin=&#8221;-50px||||false|false&#8221; locked=&#8221;off&#8221; global_colors_info=&#8221;{}&#8221;][et_pb_row _builder_version=&#8221;4.16&#8243; global_colors_info=&#8221;{}&#8221;][et_pb_column type=&#8221;4_4&#8243; _builder_version=&#8221;4.16&#8243; global_colors_info=&#8221;{}&#8221;][et_pb_text admin_label=&#8221;Texto&#8221; _builder_version=&#8221;4.27.4&#8243; text_font_size=&#8221;18px&#8221; custom_margin=&#8221;-20px||||false|false&#8221; global_colors_info=&#8221;{}&#8221;]<\/p>\n<h2 style=\"text-align: center; color: #0db4d5;\">Especialidad PADI Buceo en Pecios \u2013 Explora Pecios en Puerto del Carmen!<\/h2>\n<p>[\/et_pb_text][et_pb_text _builder_version=&#8221;4.27.4&#8243; global_colors_info=&#8221;{}&#8221;]<\/p>\n<p data-start=\"247\" data-end=\"619\">Sum\u00e9rgete en la historia bajo las olas con nuestro <strong>curso de especialidad PADI Buceo en Pecios en Puerto del Carmen, Lanzarote<\/strong>. El buceo en naufragios combina aventura, historia y exploraci\u00f3n, permiti\u00e9ndote descubrir fascinantes barcos hundidos mientras revives las leyendas y relatos que guardan.<\/p>\n<p data-start=\"621\" data-end=\"1123\">Puerto del Carmen alberga varios naufragios, lo que lo convierte en el lugar perfecto para este curso de especialidad. Desde barcos hundidos intencionadamente hasta embarcaciones con pasados tr\u00e1gicos, los pecios ofrecen desaf\u00edos diversos para buceadores de todos los niveles. Los sitios de inmersi\u00f3n depender\u00e1n del nivel de experiencia y de las condiciones meteorol\u00f3gicas, e incluyen el <strong>Barco Hundido en Playa Chica<\/strong>, los <strong>Pecios de Puerto del Carmen<\/strong> y los <strong>Pecios del Barranco del Qu\u00e9quere<\/strong>.<\/p>\n<p data-start=\"1125\" data-end=\"1172\">Durante el curso, tu instructor te guiar\u00e1 en:<\/p>\n<ul data-start=\"1173\" data-end=\"1405\">\n<li data-start=\"1173\" data-end=\"1248\">\n<p data-start=\"1175\" data-end=\"1248\">Los diferentes tipos de naufragios y su relevancia hist\u00f3rica y cultural<\/p>\n<\/li>\n<li data-start=\"1249\" data-end=\"1327\">\n<p data-start=\"1251\" data-end=\"1327\">Restricciones legales locales y buenas pr\u00e1cticas para un buceo responsable<\/p>\n<\/li>\n<li data-start=\"1328\" data-end=\"1405\">\n<p data-start=\"1330\" data-end=\"1405\">T\u00e9cnicas para navegar los naufragios con seguridad preservando el entorno<\/p>\n<\/li>\n<\/ul>\n<p data-start=\"1407\" data-end=\"1480\">El programa incluye <strong>cuatro inmersiones en aguas abiertas<\/strong>, donde podr\u00e1s:<\/p>\n<ul data-start=\"1481\" data-end=\"1720\">\n<li data-start=\"1481\" data-end=\"1524\">\n<p data-start=\"1483\" data-end=\"1524\">Explorar y mapear naufragios sumergidos<\/p>\n<\/li>\n<li data-start=\"1525\" data-end=\"1613\">\n<p data-start=\"1527\" data-end=\"1613\">Practicar control de flotabilidad y t\u00e9cnicas para evitar la alteraci\u00f3n del sedimento<\/p>\n<\/li>\n<li data-start=\"1614\" data-end=\"1720\">\n<p data-start=\"1616\" data-end=\"1720\">Aprender a usar l\u00edneas y carretes de penetraci\u00f3n para navegar de forma segura dentro de los naufragios<\/p>\n<\/li>\n<\/ul>\n<p data-start=\"1722\" data-end=\"1943\">Para los <strong>buceadores preparados y cuando las condiciones lo permitan<\/strong>, la inmersi\u00f3n final <strong>puede incluir penetraci\u00f3n en el pecio<\/strong>, ofreci\u00e9ndote una perspectiva \u00fanica de la vida bajo el agua respetando el fr\u00e1gil entorno.<\/p>\n<p data-start=\"1945\" data-end=\"2130\">Al finalizar el curso, tendr\u00e1s los conocimientos y habilidades para bucear en naufragios con confianza, responsabilidad y seguridad, desbloqueando un mundo de historia bajo el oc\u00e9ano.<\/p>\n<p>[\/et_pb_text][\/et_pb_column][\/et_pb_row][et_pb_row _builder_version=&#8221;4.16&#8243; global_colors_info=&#8221;{}&#8221;][et_pb_column type=&#8221;4_4&#8243; _builder_version=&#8221;4.16&#8243; global_colors_info=&#8221;{}&#8221;][et_pb_button button_url=&#8221;https:\/\/app.bukyapp.com\/front\/673ef83180e03463a90b61e6\/product\/6751c4f106c0ee8645c29c34&#8243; url_new_window=&#8221;on&#8221; button_text=&#8221;DISPONIBILIDAD Y PRECIOS&#8221; button_alignment=&#8221;center&#8221; admin_label=&#8221;Bot\u00f3n&#8221; _builder_version=&#8221;4.27.4&#8243; custom_button=&#8221;on&#8221; button_text_size=&#8221;16px&#8221; button_text_color=&#8221;#ffffff&#8221; button_bg_color=&#8221;#0db4d5&#8243; button_border_width=&#8221;6px&#8221; global_colors_info=&#8221;{}&#8221;][\/et_pb_button][\/et_pb_column][\/et_pb_row][et_pb_row column_structure=&#8221;1_3,1_3,1_3&#8243; _builder_version=&#8221;4.16&#8243; locked=&#8221;off&#8221; global_colors_info=&#8221;{}&#8221;][et_pb_column type=&#8221;1_3&#8243; _builder_version=&#8221;4.16&#8243; global_colors_info=&#8221;{}&#8221;][et_pb_text admin_label=&#8221;Text&#8221; _builder_version=&#8221;4.27.4&#8243; background_color=&#8221;rgba(13,180,213,0.17)&#8221; custom_padding=&#8221;25px|25px|25px|25px|false|false&#8221; hover_enabled=&#8221;0&#8243; border_radii=&#8221;on|3px|3px|3px|3px&#8221; global_colors_info=&#8221;{}&#8221; sticky_enabled=&#8221;0&#8243;]<\/p>\n<h4 style=\"text-align: center; color: #0db4d5;\">\u00bfM\u00e1s informaci\u00f3n?<\/h4>\n<p><strong>PADI BUCEO EN PECIOS<\/strong><\/p>\n<ul>\n<li>Ubicaci\u00f3n: Playa Chica + Salidas en barco (Puerto del Carmen)<\/li>\n<li>Inmersiones: 4<\/li>\n<li>Profundidad: max. 40 metros<\/li>\n<li>Duraci\u00f3n: 2-2,5 dias + eLearning<\/li>\n<li>Precio: desde 450\u20ac<\/li>\n<\/ul>\n<h4 style=\"text-align: center; color: #0db4d5;\"><a href=\"https:\/\/app.bukyapp.com\/front\/673ef83180e03463a90b61e6\/product\/6751c4f106c0ee8645c29c34\" target=\"_blank\" rel=\"noopener\">RESERVAR<\/a><\/h4>\n<p>[\/et_pb_text][\/et_pb_column][et_pb_column type=&#8221;1_3&#8243; _builder_version=&#8221;4.16&#8243; global_colors_info=&#8221;{}&#8221;][et_pb_text _builder_version=&#8221;4.27.4&#8243; background_color=&#8221;rgba(13,180,213,0.17)&#8221; custom_padding=&#8221;25px|25px|25px|25px|false|false&#8221; border_radii=&#8221;on|3px|3px|3px|3px&#8221; global_colors_info=&#8221;{}&#8221;]<\/p>\n<h4 style=\"text-align: center; color: #0db4d5;\">\u00bfQue incluye?<\/h4>\n<ul>\n<li>Acceso PADI eLearning<\/li>\n<li>Tasas de certificaci\u00f3n<\/li>\n<li>Agua y galletas entre inmersiones<\/li>\n<li>Instructor con experiencia<\/li>\n<li>Grupos peque\u00f1os<\/li>\n<\/ul>\n<p>[\/et_pb_text][et_pb_text _builder_version=&#8221;4.27.4&#8243; background_color=&#8221;rgba(13,180,213,0.17)&#8221; custom_padding=&#8221;25px|25px|25px|25px|false|false&#8221; border_radii=&#8221;on|3px|3px|3px|3px&#8221; global_colors_info=&#8221;{}&#8221;]<\/p>\n<h4 style=\"text-align: center; color: #0db4d5;\">\u00bfCu\u00e1les son los requisitos?<\/h4>\n<ul>\n<li>M\u00e1s de 15 a\u00f1os<\/li>\n<li>Ser Adventure Diver o superior<\/li>\n<li>Apto para el buceo: algunas condiciones m\u00e9dicas previas requieren una evaluaci\u00f3n m\u00e9dica.<\/li>\n<li><a href=\"https:\/\/www.uhms.org\/es\/resources\/featured-resources\/es-recreational-diving-medical-screening-system.html\"><strong>Haz clic aqu\u00ed para comprobar si necesitas un certificado m\u00e9dico.<\/strong><\/a><\/li>\n<\/ul>\n<p>[\/et_pb_text][\/et_pb_column][et_pb_column type=&#8221;1_3&#8243; _builder_version=&#8221;4.16&#8243; global_colors_info=&#8221;{}&#8221;][et_pb_text _builder_version=&#8221;4.27.4&#8243; background_color=&#8221;rgba(13,180,213,0.17)&#8221; custom_padding=&#8221;25px|25px|25px|25px|false|false&#8221; border_radii=&#8221;on|3px|3px|3px|3px&#8221; global_colors_info=&#8221;{}&#8221;]<\/p>\n<h4 style=\"text-align: center; color: #0db4d5;\">Bueno saberlo!<\/h4>\n<ul>\n<li>Equipo de alquiler disponible<\/li>\n<li>Contratar tu seguro de buceo (DAN) con nostros<\/li>\n<li>Trae: ropa de ba\u00f1o, toalla, gafas de sol, protector solar, ropa para cambiarte<\/li>\n<li>No puedes volar durante 18+ horas despu\u00e9s dos o m\u00e1s inmersiones<\/li>\n<li>Se recomienda reservar con antelaci\u00f3n<\/li>\n<\/ul>\n<p>[\/et_pb_text][\/et_pb_column][\/et_pb_row][et_pb_row _builder_version=&#8221;4.16&#8243; global_colors_info=&#8221;{}&#8221;][et_pb_column type=&#8221;4_4&#8243; _builder_version=&#8221;4.16&#8243; global_colors_info=&#8221;{}&#8221;][et_pb_button button_url=&#8221;https:\/\/app.bukyapp.com\/front\/673ef83180e03463a90b61e6\/product\/6751c4f106c0ee8645c29c34&#8243; url_new_window=&#8221;on&#8221; button_text=&#8221;DISPONIBILIDAD Y PRECIOS&#8221; button_alignment=&#8221;center&#8221; admin_label=&#8221;Bot\u00f3n&#8221; _builder_version=&#8221;4.27.4&#8243; custom_button=&#8221;on&#8221; button_text_size=&#8221;16px&#8221; button_text_color=&#8221;#ffffff&#8221; button_bg_color=&#8221;#0db4d5&#8243; button_border_width=&#8221;6px&#8221; global_colors_info=&#8221;{}&#8221;][\/et_pb_button][\/et_pb_column][\/et_pb_row][\/et_pb_section][et_pb_section fb_built=&#8221;1&#8243; fullwidth=&#8221;on&#8221; _builder_version=&#8221;4.16&#8243; global_colors_info=&#8221;{}&#8221;][et_pb_fullwidth_header text_orientation=&#8221;center&#8221; button_one_text=&#8221;M\u00e1s informaci\u00f3n&#8221; button_one_url=&#8221;https:\/\/scuba-legends.com\/es\/contacto\/&#8221; button_two_text=&#8221;Reserva&#8221; button_two_url=&#8221;https:\/\/scuba-legends.com\/es\/reservar\/&#8221; _builder_version=&#8221;4.16&#8243; title_level=&#8221;h3&#8243; background_image=&#8221;https:\/\/scuba-legends.com\/wp-content\/uploads\/2020\/08\/Hazlo-epico-1.jpg&#8221; custom_button_one=&#8221;on&#8221; button_one_text_size=&#8221;16px&#8221; button_one_custom_margin=&#8221;||||false|false&#8221; custom_button_two=&#8221;on&#8221; button_two_text_size=&#8221;16px&#8221; text_shadow_style=&#8221;preset3&#8243; global_colors_info=&#8221;{}&#8221;]<\/p>\n<h2 style=\"text-align: center;\"><strong>Gu\u00eda e instructor de buceo privado. \u00a1Hazlo \u00e9pico!<\/strong><\/h2>\n<p style=\"text-align: center;\">Si quieres una atenci\u00f3n VIP, a\u00fan m\u00e1s personalizada y para ti solo (o con tu familia y amigos), te ofrecemos nuestro servicio exclusivo de submarinismo privado en Puerto del Carmen, Lanzarote.<br \/>Adaptamos la inmersi\u00f3n o curso a tus necesidades y tiempos.<\/p>\n<p>[\/et_pb_fullwidth_header][\/et_pb_section]<\/p>\n","protected":false},"excerpt":{"rendered":"<p>\u00a0MAKE IT LEGENDARYEspecialidad PADI Buceo en Pecios \u2013 Explora Pecios en Puerto del Carmen!Sum\u00e9rgete en la historia bajo las olas con nuestro curso de especialidad PADI Buceo en Pecios en Puerto del Carmen, Lanzarote. El buceo en naufragios combina aventura, historia y exploraci\u00f3n, permiti\u00e9ndote descubrir fascinantes barcos hundidos mientras revives las leyendas y relatos que [&hellip;]<\/p>\n","protected":false},"author":2,"featured_media":5238,"parent":0,"menu_order":159,"comment_status":"closed","ping_status":"closed","template":"","meta":{"_acf_changed":false,"_et_pb_use_builder":"on","_et_pb_old_content":"","_et_gb_content_width":"","footnotes":""},"class_list":["post-5530","page","type-page","status-publish","has-post-thumbnail","hentry"],"acf":[],"yoast_head":"<!-- This site is optimized with the Yoast SEO plugin v27.4 - https:\/\/yoast.com\/product\/yoast-seo-wordpress\/ -->\n<title>Especialidad PADI Buceo en Pecios - Scuba Legends<\/title>\n<meta name=\"description\" content=\"Descubre los Pecios en Puerto del Carmen con la Especialidad PADI Buceo en Pecios. Aprende t\u00e9cnicas de buceo seguro y explora la historia.\" \/>\n<meta name=\"robots\" content=\"index, follow, max-snippet:-1, max-image-preview:large, max-video-preview:-1\" \/>\n<link rel=\"canonical\" href=\"https:\/\/scuba-legends.com\/es\/especialidad-buceo-en-pecios\/\" \/>\n<meta property=\"og:locale\" content=\"es_ES\" \/>\n<meta property=\"og:type\" content=\"article\" \/>\n<meta property=\"og:title\" content=\"Especialidad PADI Buceo en Pecios - Scuba Legends\" \/>\n<meta property=\"og:description\" content=\"Descubre los Pecios en Puerto del Carmen con la Especialidad PADI Buceo en Pecios. Aprende t\u00e9cnicas de buceo seguro y explora la historia.\" \/>\n<meta property=\"og:url\" content=\"https:\/\/scuba-legends.com\/es\/especialidad-buceo-en-pecios\/\" \/>\n<meta property=\"og:site_name\" content=\"Scuba Legends\" \/>\n<meta property=\"article:publisher\" content=\"https:\/\/www.facebook.com\/ScubaLegends\/\" \/>\n<meta property=\"article:modified_time\" content=\"2025-08-18T10:25:11+00:00\" \/>\n<meta property=\"og:image\" content=\"https:\/\/scuba-legends.com\/wp-content\/uploads\/2020\/09\/8E-Wrecks-1280x900-1.jpg\" \/>\n\t<meta property=\"og:image:width\" content=\"1280\" \/>\n\t<meta property=\"og:image:height\" content=\"900\" \/>\n\t<meta property=\"og:image:type\" content=\"image\/jpeg\" \/>\n<meta name=\"twitter:card\" content=\"summary_large_image\" \/>\n<meta name=\"twitter:site\" content=\"@scubalegends\" \/>\n<meta name=\"twitter:label1\" content=\"Tiempo de lectura\" \/>\n\t<meta name=\"twitter:data1\" content=\"3 minutos\" \/>\n<script type=\"application\/ld+json\" class=\"yoast-schema-graph\">{\"@context\":\"https:\\\/\\\/schema.org\",\"@graph\":[{\"@type\":\"WebPage\",\"@id\":\"https:\\\/\\\/scuba-legends.com\\\/es\\\/especialidad-buceo-en-pecios\\\/\",\"url\":\"https:\\\/\\\/scuba-legends.com\\\/es\\\/especialidad-buceo-en-pecios\\\/\",\"name\":\"Especialidad PADI Buceo en Pecios - Scuba Legends\",\"isPartOf\":{\"@id\":\"https:\\\/\\\/scuba-legends.com\\\/es\\\/#website\"},\"primaryImageOfPage\":{\"@id\":\"https:\\\/\\\/scuba-legends.com\\\/es\\\/especialidad-buceo-en-pecios\\\/#primaryimage\"},\"image\":{\"@id\":\"https:\\\/\\\/scuba-legends.com\\\/es\\\/especialidad-buceo-en-pecios\\\/#primaryimage\"},\"thumbnailUrl\":\"https:\\\/\\\/scuba-legends.com\\\/wp-content\\\/uploads\\\/2020\\\/09\\\/8E-Wrecks-1280x900-1.jpg\",\"datePublished\":\"2020-09-11T18:28:04+00:00\",\"dateModified\":\"2025-08-18T10:25:11+00:00\",\"description\":\"Descubre los Pecios en Puerto del Carmen con la Especialidad PADI Buceo en Pecios. Aprende t\u00e9cnicas de buceo seguro y explora la historia.\",\"breadcrumb\":{\"@id\":\"https:\\\/\\\/scuba-legends.com\\\/es\\\/especialidad-buceo-en-pecios\\\/#breadcrumb\"},\"inLanguage\":\"es\",\"potentialAction\":[{\"@type\":\"ReadAction\",\"target\":[\"https:\\\/\\\/scuba-legends.com\\\/es\\\/especialidad-buceo-en-pecios\\\/\"]}]},{\"@type\":\"ImageObject\",\"inLanguage\":\"es\",\"@id\":\"https:\\\/\\\/scuba-legends.com\\\/es\\\/especialidad-buceo-en-pecios\\\/#primaryimage\",\"url\":\"https:\\\/\\\/scuba-legends.com\\\/wp-content\\\/uploads\\\/2020\\\/09\\\/8E-Wrecks-1280x900-1.jpg\",\"contentUrl\":\"https:\\\/\\\/scuba-legends.com\\\/wp-content\\\/uploads\\\/2020\\\/09\\\/8E-Wrecks-1280x900-1.jpg\",\"width\":1280,\"height\":900,\"caption\":\"Especialidad PADI Buceo en Pecios Buceador entrando en barco hundido pecio peces Puerto del Carmen | Scuba Legends\"},{\"@type\":\"BreadcrumbList\",\"@id\":\"https:\\\/\\\/scuba-legends.com\\\/es\\\/especialidad-buceo-en-pecios\\\/#breadcrumb\",\"itemListElement\":[{\"@type\":\"ListItem\",\"position\":1,\"name\":\"Scuba Legends\",\"item\":\"https:\\\/\\\/scuba-legends.com\\\/es\\\/\"},{\"@type\":\"ListItem\",\"position\":2,\"name\":\"Especialidad PADI Buceo en Pecios\"}]},{\"@type\":\"WebSite\",\"@id\":\"https:\\\/\\\/scuba-legends.com\\\/es\\\/#website\",\"url\":\"https:\\\/\\\/scuba-legends.com\\\/es\\\/\",\"name\":\"Scuba Legends\",\"description\":\"Dive Center Lanzarote\",\"publisher\":{\"@id\":\"https:\\\/\\\/scuba-legends.com\\\/es\\\/#organization\"},\"potentialAction\":[{\"@type\":\"SearchAction\",\"target\":{\"@type\":\"EntryPoint\",\"urlTemplate\":\"https:\\\/\\\/scuba-legends.com\\\/es\\\/?s={search_term_string}\"},\"query-input\":{\"@type\":\"PropertyValueSpecification\",\"valueRequired\":true,\"valueName\":\"search_term_string\"}}],\"inLanguage\":\"es\"},{\"@type\":\"Organization\",\"@id\":\"https:\\\/\\\/scuba-legends.com\\\/es\\\/#organization\",\"name\":\"Scuba Legends Dive Center Lanzarote\",\"url\":\"https:\\\/\\\/scuba-legends.com\\\/es\\\/\",\"logo\":{\"@type\":\"ImageObject\",\"inLanguage\":\"es\",\"@id\":\"https:\\\/\\\/scuba-legends.com\\\/es\\\/#\\\/schema\\\/logo\\\/image\\\/\",\"url\":\"https:\\\/\\\/scuba-legends.com\\\/wp-content\\\/uploads\\\/2020\\\/01\\\/scuba_legends_favicon.png\",\"contentUrl\":\"https:\\\/\\\/scuba-legends.com\\\/wp-content\\\/uploads\\\/2020\\\/01\\\/scuba_legends_favicon.png\",\"width\":512,\"height\":512,\"caption\":\"Scuba Legends Dive Center Lanzarote\"},\"image\":{\"@id\":\"https:\\\/\\\/scuba-legends.com\\\/es\\\/#\\\/schema\\\/logo\\\/image\\\/\"},\"sameAs\":[\"https:\\\/\\\/www.facebook.com\\\/ScubaLegends\\\/\",\"https:\\\/\\\/x.com\\\/scubalegends\",\"https:\\\/\\\/www.instagram.com\\\/scuba_legends\\\/\",\"https:\\\/\\\/www.youtube.com\\\/channel\\\/UCUjHU7Mmii5SfLoodxNZmqQ\"]}]}<\/script>\n<!-- \/ Yoast SEO plugin. -->","yoast_head_json":{"title":"Especialidad PADI Buceo en Pecios - Scuba Legends","description":"Descubre los Pecios en Puerto del Carmen con la Especialidad PADI Buceo en Pecios. Aprende t\u00e9cnicas de buceo seguro y explora la historia.","robots":{"index":"index","follow":"follow","max-snippet":"max-snippet:-1","max-image-preview":"max-image-preview:large","max-video-preview":"max-video-preview:-1"},"canonical":"https:\/\/scuba-legends.com\/es\/especialidad-buceo-en-pecios\/","og_locale":"es_ES","og_type":"article","og_title":"Especialidad PADI Buceo en Pecios - Scuba Legends","og_description":"Descubre los Pecios en Puerto del Carmen con la Especialidad PADI Buceo en Pecios. Aprende t\u00e9cnicas de buceo seguro y explora la historia.","og_url":"https:\/\/scuba-legends.com\/es\/especialidad-buceo-en-pecios\/","og_site_name":"Scuba Legends","article_publisher":"https:\/\/www.facebook.com\/ScubaLegends\/","article_modified_time":"2025-08-18T10:25:11+00:00","og_image":[{"width":1280,"height":900,"url":"https:\/\/scuba-legends.com\/wp-content\/uploads\/2020\/09\/8E-Wrecks-1280x900-1.jpg","type":"image\/jpeg"}],"twitter_card":"summary_large_image","twitter_site":"@scubalegends","twitter_misc":{"Tiempo de lectura":"3 minutos"},"schema":{"@context":"https:\/\/schema.org","@graph":[{"@type":"WebPage","@id":"https:\/\/scuba-legends.com\/es\/especialidad-buceo-en-pecios\/","url":"https:\/\/scuba-legends.com\/es\/especialidad-buceo-en-pecios\/","name":"Especialidad PADI Buceo en Pecios - Scuba Legends","isPartOf":{"@id":"https:\/\/scuba-legends.com\/es\/#website"},"primaryImageOfPage":{"@id":"https:\/\/scuba-legends.com\/es\/especialidad-buceo-en-pecios\/#primaryimage"},"image":{"@id":"https:\/\/scuba-legends.com\/es\/especialidad-buceo-en-pecios\/#primaryimage"},"thumbnailUrl":"https:\/\/scuba-legends.com\/wp-content\/uploads\/2020\/09\/8E-Wrecks-1280x900-1.jpg","datePublished":"2020-09-11T18:28:04+00:00","dateModified":"2025-08-18T10:25:11+00:00","description":"Descubre los Pecios en Puerto del Carmen con la Especialidad PADI Buceo en Pecios. Aprende t\u00e9cnicas de buceo seguro y explora la historia.","breadcrumb":{"@id":"https:\/\/scuba-legends.com\/es\/especialidad-buceo-en-pecios\/#breadcrumb"},"inLanguage":"es","potentialAction":[{"@type":"ReadAction","target":["https:\/\/scuba-legends.com\/es\/especialidad-buceo-en-pecios\/"]}]},{"@type":"ImageObject","inLanguage":"es","@id":"https:\/\/scuba-legends.com\/es\/especialidad-buceo-en-pecios\/#primaryimage","url":"https:\/\/scuba-legends.com\/wp-content\/uploads\/2020\/09\/8E-Wrecks-1280x900-1.jpg","contentUrl":"https:\/\/scuba-legends.com\/wp-content\/uploads\/2020\/09\/8E-Wrecks-1280x900-1.jpg","width":1280,"height":900,"caption":"Especialidad PADI Buceo en Pecios Buceador entrando en barco hundido pecio peces Puerto del Carmen | Scuba Legends"},{"@type":"BreadcrumbList","@id":"https:\/\/scuba-legends.com\/es\/especialidad-buceo-en-pecios\/#breadcrumb","itemListElement":[{"@type":"ListItem","position":1,"name":"Scuba Legends","item":"https:\/\/scuba-legends.com\/es\/"},{"@type":"ListItem","position":2,"name":"Especialidad PADI Buceo en Pecios"}]},{"@type":"WebSite","@id":"https:\/\/scuba-legends.com\/es\/#website","url":"https:\/\/scuba-legends.com\/es\/","name":"Scuba Legends","description":"Dive Center Lanzarote","publisher":{"@id":"https:\/\/scuba-legends.com\/es\/#organization"},"potentialAction":[{"@type":"SearchAction","target":{"@type":"EntryPoint","urlTemplate":"https:\/\/scuba-legends.com\/es\/?s={search_term_string}"},"query-input":{"@type":"PropertyValueSpecification","valueRequired":true,"valueName":"search_term_string"}}],"inLanguage":"es"},{"@type":"Organization","@id":"https:\/\/scuba-legends.com\/es\/#organization","name":"Scuba Legends Dive Center Lanzarote","url":"https:\/\/scuba-legends.com\/es\/","logo":{"@type":"ImageObject","inLanguage":"es","@id":"https:\/\/scuba-legends.com\/es\/#\/schema\/logo\/image\/","url":"https:\/\/scuba-legends.com\/wp-content\/uploads\/2020\/01\/scuba_legends_favicon.png","contentUrl":"https:\/\/scuba-legends.com\/wp-content\/uploads\/2020\/01\/scuba_legends_favicon.png","width":512,"height":512,"caption":"Scuba Legends Dive Center Lanzarote"},"image":{"@id":"https:\/\/scuba-legends.com\/es\/#\/schema\/logo\/image\/"},"sameAs":["https:\/\/www.facebook.com\/ScubaLegends\/","https:\/\/x.com\/scubalegends","https:\/\/www.instagram.com\/scuba_legends\/","https:\/\/www.youtube.com\/channel\/UCUjHU7Mmii5SfLoodxNZmqQ"]}]}},"_links":{"self":[{"href":"https:\/\/scuba-legends.com\/es\/wp-json\/wp\/v2\/pages\/5530","targetHints":{"allow":["GET"]}}],"collection":[{"href":"https:\/\/scuba-legends.com\/es\/wp-json\/wp\/v2\/pages"}],"about":[{"href":"https:\/\/scuba-legends.com\/es\/wp-json\/wp\/v2\/types\/page"}],"author":[{"embeddable":true,"href":"https:\/\/scuba-legends.com\/es\/wp-json\/wp\/v2\/users\/2"}],"replies":[{"embeddable":true,"href":"https:\/\/scuba-legends.com\/es\/wp-json\/wp\/v2\/comments?post=5530"}],"version-history":[{"count":8,"href":"https:\/\/scuba-legends.com\/es\/wp-json\/wp\/v2\/pages\/5530\/revisions"}],"predecessor-version":[{"id":19810,"href":"https:\/\/scuba-legends.com\/es\/wp-json\/wp\/v2\/pages\/5530\/revisions\/19810"}],"wp:featuredmedia":[{"embeddable":true,"href":"https:\/\/scuba-legends.com\/es\/wp-json\/wp\/v2\/media\/5238"}],"wp:attachment":[{"href":"https:\/\/scuba-legends.com\/es\/wp-json\/wp\/v2\/media?parent=5530"}],"curies":[{"name":"wp","href":"https:\/\/api.w.org\/{rel}","templated":true}]}}