{"id":5503,"date":"2020-09-11T18:03:45","date_gmt":"2020-09-11T18:03:45","guid":{"rendered":"https:\/\/scuba-legends.com\/?page_id=5503"},"modified":"2025-04-24T12:24:27","modified_gmt":"2025-04-24T12:24:27","slug":"especialidad-flotabilidad","status":"publish","type":"page","link":"https:\/\/scuba-legends.com\/es\/especialidad-flotabilidad\/","title":{"rendered":"PADI Especialidad Flotabilidad"},"content":{"rendered":"<p>[et_pb_section fb_built=&#8221;1&#8243; fullwidth=&#8221;on&#8221; module_id=&#8221;spheader-section&#8221; _builder_version=&#8221;4.16&#8243; global_colors_info=&#8221;{}&#8221;][et_pb_fullwidth_header title=&#8221;PADI Especialidad Flotabilidad&#8221; _builder_version=&#8221;4.27.4&#8243; title_text_align=&#8221;left&#8221; title_font_size=&#8221;54px&#8221; subhead_font=&#8221;|||on|||||&#8221; background_image=&#8221;https:\/\/scuba-legends.com\/wp-content\/uploads\/2020\/09\/16E-Peak-Performance-Buoyancy-Specialty-1280&#215;900-1.jpg&#8221; width=&#8221;100%&#8221; module_alignment=&#8221;center&#8221; custom_padding=&#8221;80px||80px||true|&#8221; hover_enabled=&#8221;0&#8243; title_font_size_tablet=&#8221;44px&#8221; background_last_edited=&#8221;on|desktop&#8221; custom_css_main_element=&#8221;background-position: center -240px;&#8221; custom_css_title=&#8221;order: 2;&#8221; custom_css_subtitle=&#8221;order: 1;&#8221; global_colors_info=&#8221;{}&#8221; custom_css_main_element_last_edited=&#8221;on|tablet&#8221; custom_css_main_element_tablet=&#8221;background-position: center -70px;&#8221; custom_css_main_element_phone=&#8221;background-position: center center;&#8221; sticky_enabled=&#8221;0&#8243; admin_label=&#8221;T\u00edtulo de anchura completa&#8221;]<\/p>\n<p style=\"text-align: left;\">\u00a0MAKE IT LEGENDARY<\/p>\n<p>[\/et_pb_fullwidth_header][\/et_pb_section][et_pb_section fb_built=&#8221;1&#8243; _builder_version=&#8221;4.16&#8243; custom_margin=&#8221;-50px||||false|false&#8221; global_colors_info=&#8221;{}&#8221;][et_pb_row _builder_version=&#8221;4.16&#8243; global_colors_info=&#8221;{}&#8221;][et_pb_column type=&#8221;4_4&#8243; _builder_version=&#8221;4.16&#8243; global_colors_info=&#8221;{}&#8221;][et_pb_text _builder_version=&#8221;4.27.4&#8243; text_font_size=&#8221;18px&#8221; custom_margin=&#8221;-20px||||false|false&#8221; hover_enabled=&#8221;0&#8243; global_colors_info=&#8221;{}&#8221; sticky_enabled=&#8221;0&#8243;]<\/p>\n<h2 style=\"text-align: center; color: #0db4d5;\">Especialidad PADI Flotabilidad de Alto Rendimiento<\/h2>\n<h2 style=\"text-align: center; color: #0db4d5;\">Domina tu flotabilidad \u2013 Mu\u00e9vete con precisi\u00f3n y elegancia<\/h2>\n<p>[\/et_pb_text][et_pb_text _builder_version=&#8221;4.27.4&#8243; hover_enabled=&#8221;0&#8243; global_colors_info=&#8221;{}&#8221; sticky_enabled=&#8221;0&#8243; admin_label=&#8221;Texto&#8221;]<\/p>\n<p class=\"\" data-start=\"1957\" data-end=\"2375\">\u00bfQuieres deslizarte por el agua como un pez? El curso <strong data-start=\"2027\" data-end=\"2068\">PADI Especialidad Flotabilidad <\/strong>es tu siguiente paso para convertirte en un buceador m\u00e1s seguro, h\u00e1bil y respetuoso con el medio ambiente. Este curso mejora una de las habilidades m\u00e1s esenciales bajo el agua: el <strong>control de la flotabilidad<\/strong>. Con ello, podr\u00e1s mejorar tu postura, ahorrar aire y disfrutar de inmersiones m\u00e1s largas y seguras.<\/p>\n<p class=\"\" data-start=\"2377\" data-end=\"2606\">Una flotabilidad perfecta te permite <strong>flotar<\/strong> sin esfuerzo, observar la vida marina de cerca y evitar el contacto accidental con ecosistemas delicados. No se trata solo de comodidad, sino de bucear de forma responsable y eficiente.<\/p>\n<p>[\/et_pb_text][\/et_pb_column][\/et_pb_row][\/et_pb_section][et_pb_section fb_built=&#8221;1&#8243; _builder_version=&#8221;4.16&#8243; custom_margin=&#8221;-50px||||false|false&#8221; global_colors_info=&#8221;{}&#8221;][et_pb_row _builder_version=&#8221;4.16&#8243; custom_margin=&#8221;-20px||||false|false&#8221; global_colors_info=&#8221;{}&#8221;][et_pb_column type=&#8221;4_4&#8243; _builder_version=&#8221;4.16&#8243; global_colors_info=&#8221;{}&#8221;][et_pb_text _builder_version=&#8221;4.27.4&#8243; text_font_size=&#8221;18px&#8221; custom_margin=&#8221;-20px||||false|false&#8221; hover_enabled=&#8221;0&#8243; global_colors_info=&#8221;{}&#8221; sticky_enabled=&#8221;0&#8243;]<\/p>\n<h2 style=\"text-align: center; color: #0db4d5;\">\u00bfQu\u00e9 puedes esperar?<br \/>\u2013 Control, eficiencia y conciencia \u2013<\/h2>\n<p>[\/et_pb_text][et_pb_text _builder_version=&#8221;4.27.4&#8243; hover_enabled=&#8221;0&#8243; global_colors_info=&#8221;{}&#8221; sticky_enabled=&#8221;0&#8243;]<\/p>\n<p>Haremos <strong>dos inmersiones<\/strong> en las que nos centraremos en el entrenamiento detallado de la flotabilidad. Tu instructor te explicar\u00e1 c\u00f3mo calcular el peso exacto que necesitas y conseguir la perfecta flotabilidad neutra.<\/p>\n<p>Te ense\u00f1aremos las <strong>diferentes t\u00e9cnicas de aletear y respirar<\/strong>, c\u00f3mo ser m\u00e1s hidrodin\u00e1mico y moverse suavemente con el agua.<\/p>\n<p>Te entrenaremos para planear de forma segura y sin esfuerzo en cualquier posici\u00f3n. Las nuevas habilidades te convertir\u00e1n en un mejor buceador, especialmente para disfrutar de la vida marina, la profundidad y las corrientes.<\/p>\n<p>&nbsp;<\/p>\n<p class=\"\" data-start=\"2635\" data-end=\"2974\">Durante esta Especialidad Flotabilidad realizar\u00e1s dos inmersiones en aguas abiertas, enfoc\u00e1ndote en <strong>perfeccionar<\/strong> tus habilidades de flotabilidad. Tu instructor te ayudar\u00e1 a determinar la cantidad ideal de lastre, ajustar tu trimado y reducir la resistencia del equipo para lograr una flotabilidad neutra perfecta.<\/p>\n<p class=\"\" data-start=\"2976\" data-end=\"3322\">Tambi\u00e9n aprender\u00e1s t\u00e9cnicas avanzadas de aleteo, c\u00f3mo utilizar tu <strong>respiraci\u00f3n<\/strong> para un control m\u00e1s fino y c\u00f3mo moverte por el agua con mayor suavidad y eficacia. Ya sea que navegues por un laberinto de coral o flotes inm\u00f3vil para una foto, este curso te brinda las herramientas para moverte con <strong>seguridad<\/strong> y <strong>confianza<\/strong> en cualquier entorno de buceo.<\/p>\n<p>&nbsp;<\/p>\n<ul>\n<li><strong>Duraci\u00f3n de la actividad<\/strong>: 1 d\u00eda + eLearning<\/li>\n<li><strong>Requisitos<\/strong>:\n<ul>\n<li>M\u00e1s de 10 a\u00f1os<\/li>\n<li>Ser Open Water Diver o superior<\/li>\n<li>Estado de salud apto para buceo<\/li>\n<\/ul>\n<\/li>\n<\/ul>\n<p>[\/et_pb_text][\/et_pb_column][\/et_pb_row][\/et_pb_section][et_pb_section fb_built=&#8221;1&#8243; _builder_version=&#8221;4.16&#8243; global_colors_info=&#8221;{}&#8221;][et_pb_row column_structure=&#8221;1_2,1_2&#8243; _builder_version=&#8221;4.16&#8243; custom_margin=&#8221;-150px||||false|false&#8221; global_colors_info=&#8221;{}&#8221;][et_pb_column type=&#8221;1_2&#8243; _builder_version=&#8221;4.16&#8243; global_colors_info=&#8221;{}&#8221;][et_pb_text _builder_version=&#8221;4.16&#8243; custom_padding=&#8221;25px|25px|25px|25px|false|false&#8221; border_radii=&#8221;on|3px|3px|3px|3px&#8221; border_width_all=&#8221;2px&#8221; border_color_all=&#8221;#0db4d5&#8243; global_colors_info=&#8221;{}&#8221;]<\/p>\n<h4 style=\"text-align: center; color: #0db4d5;\">Elige tu opci\u00f3n:<\/h4>\n<ul>\n<li>Especialidad Control de flotabilidad B\u00c1SICO: 250\u20ac<\/li>\n<li>Especialidad Control de flotabilidad PREMIUM: 330\u20ac<br \/>+ 2 inmersiones extra<\/li>\n<\/ul>\n<p>[\/et_pb_text][\/et_pb_column][et_pb_column type=&#8221;1_2&#8243; _builder_version=&#8221;4.16&#8243; global_colors_info=&#8221;{}&#8221;][et_pb_text _builder_version=&#8221;4.27.4&#8243; background_color=&#8221;rgba(13,180,213,0.17)&#8221; custom_padding=&#8221;25px|25px|25px|25px|false|false&#8221; hover_enabled=&#8221;0&#8243; border_radii=&#8221;on|3px|3px|3px|3px&#8221; global_colors_info=&#8221;{}&#8221; sticky_enabled=&#8221;0&#8243;]<\/p>\n<h4 style=\"text-align: center; color: #0db4d5;\">Siempre incluido:<\/h4>\n<ul>\n<li>2 inmersiones<\/li>\n<li>PADI eLearning<\/li>\n<li>Refrigerio y galletas<\/li>\n<li><strong>No m\u00e1s de 5 personas por grupo<\/strong><\/li>\n<li><strong>Instructores apasionados y sobradamente preparados<\/strong><\/li>\n<\/ul>\n<p>[\/et_pb_text][\/et_pb_column][\/et_pb_row][et_pb_row _builder_version=&#8221;4.16&#8243; global_colors_info=&#8221;{}&#8221;][et_pb_column type=&#8221;4_4&#8243; _builder_version=&#8221;4.16&#8243; global_colors_info=&#8221;{}&#8221;][et_pb_button button_url=&#8221;https:\/\/app.bukyapp.com\/front\/673ef83180e03463a90b61e6\/product\/6751c97606c0ee8645c2d56c&#8221; button_text=&#8221;RESERVAR&#8221; button_alignment=&#8221;center&#8221; _builder_version=&#8221;4.27.4&#8243; custom_button=&#8221;on&#8221; button_text_size=&#8221;16px&#8221; button_text_color=&#8221;#ffffff&#8221; button_bg_color=&#8221;#0db4d5&#8243; button_border_width=&#8221;6px&#8221; hover_enabled=&#8221;0&#8243; global_colors_info=&#8221;{}&#8221; url_new_window=&#8221;on&#8221; sticky_enabled=&#8221;0&#8243;][\/et_pb_button][\/et_pb_column][\/et_pb_row][\/et_pb_section][et_pb_section fb_built=&#8221;1&#8243; fullwidth=&#8221;on&#8221; _builder_version=&#8221;4.16&#8243; global_colors_info=&#8221;{}&#8221;][et_pb_fullwidth_header text_orientation=&#8221;center&#8221; button_one_text=&#8221;M\u00e1s informaci\u00f3n&#8221; button_one_url=&#8221;https:\/\/scuba-legends.com\/es\/contacto\/&#8221; button_two_text=&#8221;Reserva&#8221; button_two_url=&#8221;https:\/\/scuba-legends.com\/es\/reservar\/&#8221; _builder_version=&#8221;4.16&#8243; title_level=&#8221;h3&#8243; background_image=&#8221;https:\/\/scuba-legends.com\/wp-content\/uploads\/2020\/08\/Hazlo-epico-1.jpg&#8221; custom_button_one=&#8221;on&#8221; button_one_text_size=&#8221;16px&#8221; button_one_custom_margin=&#8221;||||false|false&#8221; custom_button_two=&#8221;on&#8221; button_two_text_size=&#8221;16px&#8221; text_shadow_style=&#8221;preset3&#8243; global_colors_info=&#8221;{}&#8221;]<\/p>\n<h2 style=\"text-align: center;\"><strong>Gu\u00eda e instructor de buceo privado. \u00a1Hazlo \u00e9pico!<\/strong><\/h2>\n<p style=\"text-align: center;\">Si quieres una atenci\u00f3n VIP, a\u00fan m\u00e1s personalizada y para ti solo (o con tu familia y amigos), te ofrecemos nuestro servicio exclusivo de submarinismo privado en Puerto del Carmen, Lanzarote.<br \/>Adaptamos la inmersi\u00f3n o curso a tus necesidades y tiempos.<\/p>\n<p>[\/et_pb_fullwidth_header][\/et_pb_section]<\/p>\n","protected":false},"excerpt":{"rendered":"<p>\u00a0MAKE IT LEGENDARYEspecialidad PADI Flotabilidad de Alto Rendimiento Domina tu flotabilidad \u2013 Mu\u00e9vete con precisi\u00f3n y elegancia\u00bfQuieres deslizarte por el agua como un pez? El curso PADI Especialidad Flotabilidad es tu siguiente paso para convertirte en un buceador m\u00e1s seguro, h\u00e1bil y respetuoso con el medio ambiente. Este curso mejora una de las habilidades m\u00e1s [&hellip;]<\/p>\n","protected":false},"author":2,"featured_media":0,"parent":0,"menu_order":163,"comment_status":"closed","ping_status":"closed","template":"","meta":{"_acf_changed":false,"_et_pb_use_builder":"on","_et_pb_old_content":"","_et_gb_content_width":"","footnotes":""},"class_list":["post-5503","page","type-page","status-publish","hentry"],"acf":[],"yoast_head":"<!-- This site is optimized with the Yoast SEO plugin v27.3 - https:\/\/yoast.com\/product\/yoast-seo-wordpress\/ -->\n<title>PADI Especialidad Flotabilidad - Scuba Legends<\/title>\n<meta name=\"description\" content=\"El curso PADI Especialidad Flotabilidad es tu siguiente paso para convertirte en un buceador m\u00e1s seguro, h\u00e1bil.\" \/>\n<meta name=\"robots\" content=\"index, follow, max-snippet:-1, max-image-preview:large, max-video-preview:-1\" \/>\n<link rel=\"canonical\" href=\"https:\/\/scuba-legends.com\/es\/especialidad-flotabilidad\/\" \/>\n<meta property=\"og:locale\" content=\"es_ES\" \/>\n<meta property=\"og:type\" content=\"article\" \/>\n<meta property=\"og:title\" content=\"PADI Especialidad Flotabilidad - Scuba Legends\" \/>\n<meta property=\"og:description\" content=\"El curso PADI Especialidad Flotabilidad es tu siguiente paso para convertirte en un buceador m\u00e1s seguro, h\u00e1bil.\" \/>\n<meta property=\"og:url\" content=\"https:\/\/scuba-legends.com\/es\/especialidad-flotabilidad\/\" \/>\n<meta property=\"og:site_name\" content=\"Scuba Legends\" \/>\n<meta property=\"article:publisher\" content=\"https:\/\/www.facebook.com\/ScubaLegends\/\" \/>\n<meta property=\"article:modified_time\" content=\"2025-04-24T12:24:27+00:00\" \/>\n<meta property=\"og:image\" content=\"https:\/\/scuba-legends.com\/wp-content\/uploads\/2020\/01\/scuba_legend_logo_new1.png\" \/>\n\t<meta property=\"og:image:width\" content=\"150\" \/>\n\t<meta property=\"og:image:height\" content=\"150\" \/>\n\t<meta property=\"og:image:type\" content=\"image\/png\" \/>\n<meta name=\"twitter:card\" content=\"summary_large_image\" \/>\n<meta name=\"twitter:site\" content=\"@scubalegends\" \/>\n<meta name=\"twitter:label1\" content=\"Tiempo de lectura\" \/>\n\t<meta name=\"twitter:data1\" content=\"2 minutos\" \/>\n<script type=\"application\/ld+json\" class=\"yoast-schema-graph\">{\"@context\":\"https:\\\/\\\/schema.org\",\"@graph\":[{\"@type\":\"WebPage\",\"@id\":\"https:\\\/\\\/scuba-legends.com\\\/es\\\/especialidad-flotabilidad\\\/\",\"url\":\"https:\\\/\\\/scuba-legends.com\\\/es\\\/especialidad-flotabilidad\\\/\",\"name\":\"PADI Especialidad Flotabilidad - Scuba Legends\",\"isPartOf\":{\"@id\":\"https:\\\/\\\/scuba-legends.com\\\/es\\\/#website\"},\"datePublished\":\"2020-09-11T18:03:45+00:00\",\"dateModified\":\"2025-04-24T12:24:27+00:00\",\"description\":\"El curso PADI Especialidad Flotabilidad es tu siguiente paso para convertirte en un buceador m\u00e1s seguro, h\u00e1bil.\",\"breadcrumb\":{\"@id\":\"https:\\\/\\\/scuba-legends.com\\\/es\\\/especialidad-flotabilidad\\\/#breadcrumb\"},\"inLanguage\":\"es\",\"potentialAction\":[{\"@type\":\"ReadAction\",\"target\":[\"https:\\\/\\\/scuba-legends.com\\\/es\\\/especialidad-flotabilidad\\\/\"]}]},{\"@type\":\"BreadcrumbList\",\"@id\":\"https:\\\/\\\/scuba-legends.com\\\/es\\\/especialidad-flotabilidad\\\/#breadcrumb\",\"itemListElement\":[{\"@type\":\"ListItem\",\"position\":1,\"name\":\"Scuba Legends\",\"item\":\"https:\\\/\\\/scuba-legends.com\\\/es\\\/\"},{\"@type\":\"ListItem\",\"position\":2,\"name\":\"PADI Especialidad Flotabilidad\"}]},{\"@type\":\"WebSite\",\"@id\":\"https:\\\/\\\/scuba-legends.com\\\/es\\\/#website\",\"url\":\"https:\\\/\\\/scuba-legends.com\\\/es\\\/\",\"name\":\"Scuba Legends\",\"description\":\"Dive Center Lanzarote\",\"publisher\":{\"@id\":\"https:\\\/\\\/scuba-legends.com\\\/es\\\/#organization\"},\"potentialAction\":[{\"@type\":\"SearchAction\",\"target\":{\"@type\":\"EntryPoint\",\"urlTemplate\":\"https:\\\/\\\/scuba-legends.com\\\/es\\\/?s={search_term_string}\"},\"query-input\":{\"@type\":\"PropertyValueSpecification\",\"valueRequired\":true,\"valueName\":\"search_term_string\"}}],\"inLanguage\":\"es\"},{\"@type\":\"Organization\",\"@id\":\"https:\\\/\\\/scuba-legends.com\\\/es\\\/#organization\",\"name\":\"Scuba Legends Dive Center Lanzarote\",\"url\":\"https:\\\/\\\/scuba-legends.com\\\/es\\\/\",\"logo\":{\"@type\":\"ImageObject\",\"inLanguage\":\"es\",\"@id\":\"https:\\\/\\\/scuba-legends.com\\\/es\\\/#\\\/schema\\\/logo\\\/image\\\/\",\"url\":\"https:\\\/\\\/scuba-legends.com\\\/wp-content\\\/uploads\\\/2020\\\/01\\\/scuba_legends_favicon.png\",\"contentUrl\":\"https:\\\/\\\/scuba-legends.com\\\/wp-content\\\/uploads\\\/2020\\\/01\\\/scuba_legends_favicon.png\",\"width\":512,\"height\":512,\"caption\":\"Scuba Legends Dive Center Lanzarote\"},\"image\":{\"@id\":\"https:\\\/\\\/scuba-legends.com\\\/es\\\/#\\\/schema\\\/logo\\\/image\\\/\"},\"sameAs\":[\"https:\\\/\\\/www.facebook.com\\\/ScubaLegends\\\/\",\"https:\\\/\\\/x.com\\\/scubalegends\",\"https:\\\/\\\/www.instagram.com\\\/scuba_legends\\\/\",\"https:\\\/\\\/www.youtube.com\\\/channel\\\/UCUjHU7Mmii5SfLoodxNZmqQ\"]}]}<\/script>\n<!-- \/ Yoast SEO plugin. -->","yoast_head_json":{"title":"PADI Especialidad Flotabilidad - Scuba Legends","description":"El curso PADI Especialidad Flotabilidad es tu siguiente paso para convertirte en un buceador m\u00e1s seguro, h\u00e1bil.","robots":{"index":"index","follow":"follow","max-snippet":"max-snippet:-1","max-image-preview":"max-image-preview:large","max-video-preview":"max-video-preview:-1"},"canonical":"https:\/\/scuba-legends.com\/es\/especialidad-flotabilidad\/","og_locale":"es_ES","og_type":"article","og_title":"PADI Especialidad Flotabilidad - Scuba Legends","og_description":"El curso PADI Especialidad Flotabilidad es tu siguiente paso para convertirte en un buceador m\u00e1s seguro, h\u00e1bil.","og_url":"https:\/\/scuba-legends.com\/es\/especialidad-flotabilidad\/","og_site_name":"Scuba Legends","article_publisher":"https:\/\/www.facebook.com\/ScubaLegends\/","article_modified_time":"2025-04-24T12:24:27+00:00","og_image":[{"width":150,"height":150,"url":"https:\/\/scuba-legends.com\/wp-content\/uploads\/2020\/01\/scuba_legend_logo_new1.png","type":"image\/png"}],"twitter_card":"summary_large_image","twitter_site":"@scubalegends","twitter_misc":{"Tiempo de lectura":"2 minutos"},"schema":{"@context":"https:\/\/schema.org","@graph":[{"@type":"WebPage","@id":"https:\/\/scuba-legends.com\/es\/especialidad-flotabilidad\/","url":"https:\/\/scuba-legends.com\/es\/especialidad-flotabilidad\/","name":"PADI Especialidad Flotabilidad - Scuba Legends","isPartOf":{"@id":"https:\/\/scuba-legends.com\/es\/#website"},"datePublished":"2020-09-11T18:03:45+00:00","dateModified":"2025-04-24T12:24:27+00:00","description":"El curso PADI Especialidad Flotabilidad es tu siguiente paso para convertirte en un buceador m\u00e1s seguro, h\u00e1bil.","breadcrumb":{"@id":"https:\/\/scuba-legends.com\/es\/especialidad-flotabilidad\/#breadcrumb"},"inLanguage":"es","potentialAction":[{"@type":"ReadAction","target":["https:\/\/scuba-legends.com\/es\/especialidad-flotabilidad\/"]}]},{"@type":"BreadcrumbList","@id":"https:\/\/scuba-legends.com\/es\/especialidad-flotabilidad\/#breadcrumb","itemListElement":[{"@type":"ListItem","position":1,"name":"Scuba Legends","item":"https:\/\/scuba-legends.com\/es\/"},{"@type":"ListItem","position":2,"name":"PADI Especialidad Flotabilidad"}]},{"@type":"WebSite","@id":"https:\/\/scuba-legends.com\/es\/#website","url":"https:\/\/scuba-legends.com\/es\/","name":"Scuba Legends","description":"Dive Center Lanzarote","publisher":{"@id":"https:\/\/scuba-legends.com\/es\/#organization"},"potentialAction":[{"@type":"SearchAction","target":{"@type":"EntryPoint","urlTemplate":"https:\/\/scuba-legends.com\/es\/?s={search_term_string}"},"query-input":{"@type":"PropertyValueSpecification","valueRequired":true,"valueName":"search_term_string"}}],"inLanguage":"es"},{"@type":"Organization","@id":"https:\/\/scuba-legends.com\/es\/#organization","name":"Scuba Legends Dive Center Lanzarote","url":"https:\/\/scuba-legends.com\/es\/","logo":{"@type":"ImageObject","inLanguage":"es","@id":"https:\/\/scuba-legends.com\/es\/#\/schema\/logo\/image\/","url":"https:\/\/scuba-legends.com\/wp-content\/uploads\/2020\/01\/scuba_legends_favicon.png","contentUrl":"https:\/\/scuba-legends.com\/wp-content\/uploads\/2020\/01\/scuba_legends_favicon.png","width":512,"height":512,"caption":"Scuba Legends Dive Center Lanzarote"},"image":{"@id":"https:\/\/scuba-legends.com\/es\/#\/schema\/logo\/image\/"},"sameAs":["https:\/\/www.facebook.com\/ScubaLegends\/","https:\/\/x.com\/scubalegends","https:\/\/www.instagram.com\/scuba_legends\/","https:\/\/www.youtube.com\/channel\/UCUjHU7Mmii5SfLoodxNZmqQ"]}]}},"_links":{"self":[{"href":"https:\/\/scuba-legends.com\/es\/wp-json\/wp\/v2\/pages\/5503","targetHints":{"allow":["GET"]}}],"collection":[{"href":"https:\/\/scuba-legends.com\/es\/wp-json\/wp\/v2\/pages"}],"about":[{"href":"https:\/\/scuba-legends.com\/es\/wp-json\/wp\/v2\/types\/page"}],"author":[{"embeddable":true,"href":"https:\/\/scuba-legends.com\/es\/wp-json\/wp\/v2\/users\/2"}],"replies":[{"embeddable":true,"href":"https:\/\/scuba-legends.com\/es\/wp-json\/wp\/v2\/comments?post=5503"}],"version-history":[{"count":4,"href":"https:\/\/scuba-legends.com\/es\/wp-json\/wp\/v2\/pages\/5503\/revisions"}],"predecessor-version":[{"id":19438,"href":"https:\/\/scuba-legends.com\/es\/wp-json\/wp\/v2\/pages\/5503\/revisions\/19438"}],"wp:attachment":[{"href":"https:\/\/scuba-legends.com\/es\/wp-json\/wp\/v2\/media?parent=5503"}],"curies":[{"name":"wp","href":"https:\/\/api.w.org\/{rel}","templated":true}]}}