{"id":5436,"date":"2020-09-08T20:26:50","date_gmt":"2020-09-08T20:26:50","guid":{"rendered":"https:\/\/scuba-legends.com\/?page_id=5436"},"modified":"2025-01-05T12:54:17","modified_gmt":"2025-01-05T12:54:17","slug":"especialidad-buceo-profundo","status":"publish","type":"page","link":"https:\/\/scuba-legends.com\/es\/especialidad-buceo-profundo\/","title":{"rendered":"Especialidad PADI Buceo Profundo"},"content":{"rendered":"<p>[et_pb_section fb_built=&#8221;1&#8243; fullwidth=&#8221;on&#8221; module_id=&#8221;spheader-section&#8221; _builder_version=&#8221;4.16&#8243; global_colors_info=&#8221;{}&#8221;][et_pb_fullwidth_header title=&#8221;Especialidad PADI Buceo profundo&#8221; admin_label=&#8221;T\u00edtulo de anchura completa&#8221; _builder_version=&#8221;4.27.4&#8243; title_text_align=&#8221;left&#8221; title_font_size=&#8221;54px&#8221; subhead_font=&#8221;|||on|||||&#8221; background_image=&#8221;https:\/\/scuba-legends.com\/wp-content\/uploads\/2020\/09\/6E-Deep-Diver-Speciialty-1280&#215;900-1.jpg&#8221; width=&#8221;100%&#8221; module_alignment=&#8221;center&#8221; custom_padding=&#8221;80px||80px||true|&#8221; title_font_size_tablet=&#8221;44px&#8221; background_last_edited=&#8221;on|desktop&#8221; custom_css_main_element=&#8221;background-position: center -240px;&#8221; custom_css_title=&#8221;order: 2;&#8221; custom_css_subtitle=&#8221;order: 1;&#8221; global_colors_info=&#8221;{}&#8221; custom_css_main_element_last_edited=&#8221;on|tablet&#8221; custom_css_main_element_tablet=&#8221;background-position: center -70px;&#8221; custom_css_main_element_phone=&#8221;background-position: center center;&#8221;]<\/p>\n<p style=\"text-align: left;\">\u00a0MAKE IT LEGENDARY<\/p>\n<p>[\/et_pb_fullwidth_header][\/et_pb_section][et_pb_section fb_built=&#8221;1&#8243; _builder_version=&#8221;4.16&#8243; custom_margin=&#8221;-50px||||false|false&#8221; global_colors_info=&#8221;{}&#8221;][et_pb_row _builder_version=&#8221;4.16&#8243; global_colors_info=&#8221;{}&#8221;][et_pb_column type=&#8221;4_4&#8243; _builder_version=&#8221;4.16&#8243; global_colors_info=&#8221;{}&#8221;][et_pb_text _builder_version=&#8221;4.27.4&#8243; text_font_size=&#8221;18px&#8221; custom_margin=&#8221;-20px||||false|false&#8221; global_colors_info=&#8221;{}&#8221;]<\/p>\n<h2 style=\"text-align: center; color: #0db4d5;\">Especialidad PADI Buceo Profundo \u2013 \u00a1Sum\u00e9rgete hasta el l\u00edmite de profundidad del buceo recreativo!<\/h2>\n<p>[\/et_pb_text][et_pb_text _builder_version=&#8221;4.27.4&#8243; global_colors_info=&#8221;{}&#8221;]<\/p>\n<p>Descubre la emoci\u00f3n y la aventura del buceo profundo con el curso de <strong>Especialidad PADI Buceo Profundo &#8211; Deep Diver Specialty<\/strong>. Este curso te ense\u00f1ar\u00e1 las habilidades y t\u00e9cnicas necesarias para explorar de <strong>manera segura profundidades de hasta 40 metros<\/strong>. Aprender\u00e1s a planificar inmersiones profundas dentro de los l\u00edmites de no descompresi\u00f3n, gestionar el suministro de aire, mejorar tu consumo de aire, manejar los efectos relacionados con la profundidad y m\u00e1s, todo bajo la gu\u00eda de un instructor experimentado.<\/p>\n<p>Comienza como Advanced Open Water Diver y disfruta de <strong>tres inmersiones del curso hasta una profundidad m\u00e1xima de 40 metros<\/strong>. Las inmersiones de entrenamiento se realizan en <strong>Playa Chica, Puerto del Carmen, un lugar de buceo reconocido con hasta 10 sitios de inmersi\u00f3n \u00fanicos<\/strong>. Desde formaciones volc\u00e1nicas hasta vida marina vibrante, cada inmersi\u00f3n ofrece una nueva experiencia bajo el agua, convirti\u00e9ndolo en el lugar perfecto para tu aventura de buceo profundo.<\/p>\n<p>\u00a1Reserva el curso ahora para mejorar tus habilidades de buceo, ganar confianza en mayores profundidades y descubrir nuevos mundos submarinos!<\/p>\n<p>[\/et_pb_text][\/et_pb_column][\/et_pb_row][et_pb_row _builder_version=&#8221;4.16&#8243; global_colors_info=&#8221;{}&#8221;][et_pb_column type=&#8221;4_4&#8243; _builder_version=&#8221;4.16&#8243; global_colors_info=&#8221;{}&#8221;][et_pb_button button_url=&#8221;https:\/\/app.bukyapp.com\/front\/673ef83180e03463a90b61e6\/product\/6751c42e06c0ee8645c28b70&#8243; url_new_window=&#8221;on&#8221; button_text=&#8221;DISPONIBILIDAD Y PRECIOS&#8221; button_alignment=&#8221;center&#8221; admin_label=&#8221;Bot\u00f3n&#8221; _builder_version=&#8221;4.27.4&#8243; custom_button=&#8221;on&#8221; button_text_size=&#8221;16px&#8221; button_text_color=&#8221;#ffffff&#8221; button_bg_color=&#8221;#0db4d5&#8243; button_border_width=&#8221;6px&#8221; global_colors_info=&#8221;{}&#8221;][\/et_pb_button][\/et_pb_column][\/et_pb_row][et_pb_row column_structure=&#8221;1_3,1_3,1_3&#8243; _builder_version=&#8221;4.16&#8243; locked=&#8221;off&#8221; global_colors_info=&#8221;{}&#8221;][et_pb_column type=&#8221;1_3&#8243; _builder_version=&#8221;4.16&#8243; global_colors_info=&#8221;{}&#8221;][et_pb_text admin_label=&#8221;Text&#8221; _builder_version=&#8221;4.27.4&#8243; background_color=&#8221;rgba(13,180,213,0.17)&#8221; custom_padding=&#8221;25px|25px|25px|25px|false|false&#8221; border_radii=&#8221;on|3px|3px|3px|3px&#8221; global_colors_info=&#8221;{}&#8221;]<\/p>\n<h4 style=\"text-align: center; color: #0db4d5;\">\u00bfM\u00e1s informaci\u00f3n?<\/h4>\n<p><strong>PADI ESPECIALIDAD PROFUNDO<\/strong><\/p>\n<ul>\n<li>Ubicaci\u00f3n: Playa Chica (Puerto del Carmen)<\/li>\n<li>Inmersiones: 3<\/li>\n<li>Profundidad: max. 40 metros<\/li>\n<li>Duraci\u00f3n: 2 dias + eLearning<\/li>\n<li>Precio: desde 350\u20ac<\/li>\n<\/ul>\n<h4 style=\"text-align: center; color: #0db4d5;\"><a href=\"https:\/\/app.bukyapp.com\/front\/673ef83180e03463a90b61e6\/product\/6751c42e06c0ee8645c28b70\" target=\"_blank\" rel=\"noopener\">RESERVAR<\/a><\/h4>\n<p>[\/et_pb_text][\/et_pb_column][et_pb_column type=&#8221;1_3&#8243; _builder_version=&#8221;4.16&#8243; global_colors_info=&#8221;{}&#8221;][et_pb_text _builder_version=&#8221;4.27.4&#8243; background_color=&#8221;rgba(13,180,213,0.17)&#8221; custom_padding=&#8221;25px|25px|25px|25px|false|false&#8221; border_radii=&#8221;on|3px|3px|3px|3px&#8221; global_colors_info=&#8221;{}&#8221;]<\/p>\n<h4 style=\"text-align: center; color: #0db4d5;\">\u00bfQue incluye?<\/h4>\n<ul>\n<li>Acceso PADI eLearning<\/li>\n<li>Tasas de certificaci\u00f3n<\/li>\n<li>Agua y galletas entre inmersiones<\/li>\n<li>Instructor con experiencia<\/li>\n<li>Grupos peque\u00f1os<\/li>\n<\/ul>\n<p>[\/et_pb_text][et_pb_text _builder_version=&#8221;4.27.4&#8243; background_color=&#8221;rgba(13,180,213,0.17)&#8221; custom_padding=&#8221;25px|25px|25px|25px|false|false&#8221; border_radii=&#8221;on|3px|3px|3px|3px&#8221; global_colors_info=&#8221;{}&#8221;]<\/p>\n<h4 style=\"text-align: center; color: #0db4d5;\">\u00bfCu\u00e1les son los requisitos?<\/h4>\n<ul>\n<li>M\u00e1s de 15 a\u00f1os<\/li>\n<li>Ser Adventure Diver o superior<\/li>\n<li>Apto para el buceo: algunas condiciones m\u00e9dicas previas requieren una evaluaci\u00f3n m\u00e9dica.<\/li>\n<li><a href=\"https:\/\/www.uhms.org\/es\/resources\/featured-resources\/es-recreational-diving-medical-screening-system.html\"><strong>Haz clic aqu\u00ed para comprobar si necesitas un certificado m\u00e9dico.<\/strong><\/a><\/li>\n<\/ul>\n<p>[\/et_pb_text][\/et_pb_column][et_pb_column type=&#8221;1_3&#8243; _builder_version=&#8221;4.16&#8243; global_colors_info=&#8221;{}&#8221;][et_pb_text _builder_version=&#8221;4.27.4&#8243; background_color=&#8221;rgba(13,180,213,0.17)&#8221; custom_padding=&#8221;25px|25px|25px|25px|false|false&#8221; border_radii=&#8221;on|3px|3px|3px|3px&#8221; global_colors_info=&#8221;{}&#8221;]<\/p>\n<h4 style=\"text-align: center; color: #0db4d5;\">Bueno saberlo!<\/h4>\n<ul>\n<li>Equipo de alquiler disponible<\/li>\n<li>Contratar tu seguro de buceo (DAN) con nostros<\/li>\n<li>Trae: ropa de ba\u00f1o, toalla, gafas de sol, protector solar, ropa para cambiarte<\/li>\n<li>No puedes volar durante 18+ horas despu\u00e9s dos o m\u00e1s inmersiones<\/li>\n<li>Se recomienda reservar con antelaci\u00f3n<\/li>\n<\/ul>\n<p>[\/et_pb_text][\/et_pb_column][\/et_pb_row][et_pb_row _builder_version=&#8221;4.16&#8243; global_colors_info=&#8221;{}&#8221;][et_pb_column type=&#8221;4_4&#8243; _builder_version=&#8221;4.16&#8243; global_colors_info=&#8221;{}&#8221;][et_pb_button button_url=&#8221;https:\/\/app.bukyapp.com\/front\/673ef83180e03463a90b61e6\/product\/6751c42e06c0ee8645c28b70&#8243; url_new_window=&#8221;on&#8221; button_text=&#8221;DISPONIBILIDAD Y PRECIOS&#8221; button_alignment=&#8221;center&#8221; admin_label=&#8221;Bot\u00f3n&#8221; _builder_version=&#8221;4.27.4&#8243; custom_button=&#8221;on&#8221; button_text_size=&#8221;16px&#8221; button_text_color=&#8221;#ffffff&#8221; button_bg_color=&#8221;#0db4d5&#8243; button_border_width=&#8221;6px&#8221; global_colors_info=&#8221;{}&#8221;][\/et_pb_button][\/et_pb_column][\/et_pb_row][\/et_pb_section][et_pb_section fb_built=&#8221;1&#8243; fullwidth=&#8221;on&#8221; _builder_version=&#8221;4.16&#8243; global_colors_info=&#8221;{}&#8221;][et_pb_fullwidth_header text_orientation=&#8221;center&#8221; button_one_text=&#8221;M\u00e1s informaci\u00f3n&#8221; button_one_url=&#8221;https:\/\/scuba-legends.com\/es\/contacto\/&#8221; _builder_version=&#8221;4.27.4&#8243; title_level=&#8221;h3&#8243; background_image=&#8221;https:\/\/scuba-legends.com\/wp-content\/uploads\/2020\/08\/Hazlo-epico-1.jpg&#8221; custom_button_one=&#8221;on&#8221; button_one_text_size=&#8221;16px&#8221; button_one_custom_margin=&#8221;||||false|false&#8221; custom_button_two=&#8221;on&#8221; button_two_text_size=&#8221;16px&#8221; hover_enabled=&#8221;0&#8243; text_shadow_style=&#8221;preset3&#8243; global_colors_info=&#8221;{}&#8221; sticky_enabled=&#8221;0&#8243;]<\/p>\n<h2 style=\"text-align: center;\"><strong>Gu\u00eda e instructor de buceo privado. \u00a1Hazlo \u00e9pico!<\/strong><\/h2>\n<p style=\"text-align: center;\">Si quieres una atenci\u00f3n VIP, a\u00fan m\u00e1s personalizada y para ti solo (o con tu familia y amigos), te ofrecemos nuestro servicio exclusivo de submarinismo privado en Puerto del Carmen, Lanzarote.<br \/>Adaptamos la inmersi\u00f3n o curso a tus necesidades y tiempos.<\/p>\n<p>[\/et_pb_fullwidth_header][\/et_pb_section]<\/p>\n","protected":false},"excerpt":{"rendered":"<p>\u00a0MAKE IT LEGENDARYEspecialidad PADI Buceo Profundo \u2013 \u00a1Sum\u00e9rgete hasta el l\u00edmite de profundidad del buceo recreativo!Descubre la emoci\u00f3n y la aventura del buceo profundo con el curso de Especialidad PADI Buceo Profundo &#8211; Deep Diver Specialty. Este curso te ense\u00f1ar\u00e1 las habilidades y t\u00e9cnicas necesarias para explorar de manera segura profundidades de hasta 40 metros. [&hellip;]<\/p>\n","protected":false},"author":2,"featured_media":0,"parent":0,"menu_order":165,"comment_status":"closed","ping_status":"closed","template":"","meta":{"_acf_changed":false,"_et_pb_use_builder":"on","_et_pb_old_content":"","_et_gb_content_width":"","footnotes":""},"class_list":["post-5436","page","type-page","status-publish","hentry"],"acf":[],"yoast_head":"<!-- This site is optimized with the Yoast SEO plugin v27.4 - https:\/\/yoast.com\/product\/yoast-seo-wordpress\/ -->\n<title>Especialidad PADI Buceo Profundo - Scuba Legends<\/title>\n<meta name=\"description\" content=\"Descubre la emoci\u00f3n y la aventura del buceo profundo: Especialidad PADI Buceo Profundo - Deep Diver Specialty. Habilidades y t\u00e9cnicas para explorar de manera segura profundidades de hasta 40 metros.\" \/>\n<meta name=\"robots\" content=\"index, follow, max-snippet:-1, max-image-preview:large, max-video-preview:-1\" \/>\n<link rel=\"canonical\" href=\"https:\/\/scuba-legends.com\/es\/especialidad-buceo-profundo\/\" \/>\n<meta property=\"og:locale\" content=\"es_ES\" \/>\n<meta property=\"og:type\" content=\"article\" \/>\n<meta property=\"og:title\" content=\"Especialidad PADI Buceo Profundo - Scuba Legends\" \/>\n<meta property=\"og:description\" content=\"Descubre la emoci\u00f3n y la aventura del buceo profundo: Especialidad PADI Buceo Profundo - Deep Diver Specialty. Habilidades y t\u00e9cnicas para explorar de manera segura profundidades de hasta 40 metros.\" \/>\n<meta property=\"og:url\" content=\"https:\/\/scuba-legends.com\/es\/especialidad-buceo-profundo\/\" \/>\n<meta property=\"og:site_name\" content=\"Scuba Legends\" \/>\n<meta property=\"article:publisher\" content=\"https:\/\/www.facebook.com\/ScubaLegends\/\" \/>\n<meta property=\"article:modified_time\" content=\"2025-01-05T12:54:17+00:00\" \/>\n<meta property=\"og:image\" content=\"https:\/\/scuba-legends.com\/wp-content\/uploads\/2020\/01\/scuba_legend_logo_new1.png\" \/>\n\t<meta property=\"og:image:width\" content=\"150\" \/>\n\t<meta property=\"og:image:height\" content=\"150\" \/>\n\t<meta property=\"og:image:type\" content=\"image\/png\" \/>\n<meta name=\"twitter:card\" content=\"summary_large_image\" \/>\n<meta name=\"twitter:site\" content=\"@scubalegends\" \/>\n<meta name=\"twitter:label1\" content=\"Tiempo de lectura\" \/>\n\t<meta name=\"twitter:data1\" content=\"2 minutos\" \/>\n<script type=\"application\/ld+json\" class=\"yoast-schema-graph\">{\"@context\":\"https:\\\/\\\/schema.org\",\"@graph\":[{\"@type\":\"WebPage\",\"@id\":\"https:\\\/\\\/scuba-legends.com\\\/es\\\/especialidad-buceo-profundo\\\/\",\"url\":\"https:\\\/\\\/scuba-legends.com\\\/es\\\/especialidad-buceo-profundo\\\/\",\"name\":\"Especialidad PADI Buceo Profundo - Scuba Legends\",\"isPartOf\":{\"@id\":\"https:\\\/\\\/scuba-legends.com\\\/es\\\/#website\"},\"datePublished\":\"2020-09-08T20:26:50+00:00\",\"dateModified\":\"2025-01-05T12:54:17+00:00\",\"description\":\"Descubre la emoci\u00f3n y la aventura del buceo profundo: Especialidad PADI Buceo Profundo - Deep Diver Specialty. Habilidades y t\u00e9cnicas para explorar de manera segura profundidades de hasta 40 metros.\",\"breadcrumb\":{\"@id\":\"https:\\\/\\\/scuba-legends.com\\\/es\\\/especialidad-buceo-profundo\\\/#breadcrumb\"},\"inLanguage\":\"es\",\"potentialAction\":[{\"@type\":\"ReadAction\",\"target\":[\"https:\\\/\\\/scuba-legends.com\\\/es\\\/especialidad-buceo-profundo\\\/\"]}]},{\"@type\":\"BreadcrumbList\",\"@id\":\"https:\\\/\\\/scuba-legends.com\\\/es\\\/especialidad-buceo-profundo\\\/#breadcrumb\",\"itemListElement\":[{\"@type\":\"ListItem\",\"position\":1,\"name\":\"Scuba Legends\",\"item\":\"https:\\\/\\\/scuba-legends.com\\\/es\\\/\"},{\"@type\":\"ListItem\",\"position\":2,\"name\":\"Especialidad PADI Buceo Profundo\"}]},{\"@type\":\"WebSite\",\"@id\":\"https:\\\/\\\/scuba-legends.com\\\/es\\\/#website\",\"url\":\"https:\\\/\\\/scuba-legends.com\\\/es\\\/\",\"name\":\"Scuba Legends\",\"description\":\"Dive Center Lanzarote\",\"publisher\":{\"@id\":\"https:\\\/\\\/scuba-legends.com\\\/es\\\/#organization\"},\"potentialAction\":[{\"@type\":\"SearchAction\",\"target\":{\"@type\":\"EntryPoint\",\"urlTemplate\":\"https:\\\/\\\/scuba-legends.com\\\/es\\\/?s={search_term_string}\"},\"query-input\":{\"@type\":\"PropertyValueSpecification\",\"valueRequired\":true,\"valueName\":\"search_term_string\"}}],\"inLanguage\":\"es\"},{\"@type\":\"Organization\",\"@id\":\"https:\\\/\\\/scuba-legends.com\\\/es\\\/#organization\",\"name\":\"Scuba Legends Dive Center Lanzarote\",\"url\":\"https:\\\/\\\/scuba-legends.com\\\/es\\\/\",\"logo\":{\"@type\":\"ImageObject\",\"inLanguage\":\"es\",\"@id\":\"https:\\\/\\\/scuba-legends.com\\\/es\\\/#\\\/schema\\\/logo\\\/image\\\/\",\"url\":\"https:\\\/\\\/scuba-legends.com\\\/wp-content\\\/uploads\\\/2020\\\/01\\\/scuba_legends_favicon.png\",\"contentUrl\":\"https:\\\/\\\/scuba-legends.com\\\/wp-content\\\/uploads\\\/2020\\\/01\\\/scuba_legends_favicon.png\",\"width\":512,\"height\":512,\"caption\":\"Scuba Legends Dive Center Lanzarote\"},\"image\":{\"@id\":\"https:\\\/\\\/scuba-legends.com\\\/es\\\/#\\\/schema\\\/logo\\\/image\\\/\"},\"sameAs\":[\"https:\\\/\\\/www.facebook.com\\\/ScubaLegends\\\/\",\"https:\\\/\\\/x.com\\\/scubalegends\",\"https:\\\/\\\/www.instagram.com\\\/scuba_legends\\\/\",\"https:\\\/\\\/www.youtube.com\\\/channel\\\/UCUjHU7Mmii5SfLoodxNZmqQ\"]}]}<\/script>\n<!-- \/ Yoast SEO plugin. -->","yoast_head_json":{"title":"Especialidad PADI Buceo Profundo - Scuba Legends","description":"Descubre la emoci\u00f3n y la aventura del buceo profundo: Especialidad PADI Buceo Profundo - Deep Diver Specialty. Habilidades y t\u00e9cnicas para explorar de manera segura profundidades de hasta 40 metros.","robots":{"index":"index","follow":"follow","max-snippet":"max-snippet:-1","max-image-preview":"max-image-preview:large","max-video-preview":"max-video-preview:-1"},"canonical":"https:\/\/scuba-legends.com\/es\/especialidad-buceo-profundo\/","og_locale":"es_ES","og_type":"article","og_title":"Especialidad PADI Buceo Profundo - Scuba Legends","og_description":"Descubre la emoci\u00f3n y la aventura del buceo profundo: Especialidad PADI Buceo Profundo - Deep Diver Specialty. Habilidades y t\u00e9cnicas para explorar de manera segura profundidades de hasta 40 metros.","og_url":"https:\/\/scuba-legends.com\/es\/especialidad-buceo-profundo\/","og_site_name":"Scuba Legends","article_publisher":"https:\/\/www.facebook.com\/ScubaLegends\/","article_modified_time":"2025-01-05T12:54:17+00:00","og_image":[{"width":150,"height":150,"url":"https:\/\/scuba-legends.com\/wp-content\/uploads\/2020\/01\/scuba_legend_logo_new1.png","type":"image\/png"}],"twitter_card":"summary_large_image","twitter_site":"@scubalegends","twitter_misc":{"Tiempo de lectura":"2 minutos"},"schema":{"@context":"https:\/\/schema.org","@graph":[{"@type":"WebPage","@id":"https:\/\/scuba-legends.com\/es\/especialidad-buceo-profundo\/","url":"https:\/\/scuba-legends.com\/es\/especialidad-buceo-profundo\/","name":"Especialidad PADI Buceo Profundo - Scuba Legends","isPartOf":{"@id":"https:\/\/scuba-legends.com\/es\/#website"},"datePublished":"2020-09-08T20:26:50+00:00","dateModified":"2025-01-05T12:54:17+00:00","description":"Descubre la emoci\u00f3n y la aventura del buceo profundo: Especialidad PADI Buceo Profundo - Deep Diver Specialty. Habilidades y t\u00e9cnicas para explorar de manera segura profundidades de hasta 40 metros.","breadcrumb":{"@id":"https:\/\/scuba-legends.com\/es\/especialidad-buceo-profundo\/#breadcrumb"},"inLanguage":"es","potentialAction":[{"@type":"ReadAction","target":["https:\/\/scuba-legends.com\/es\/especialidad-buceo-profundo\/"]}]},{"@type":"BreadcrumbList","@id":"https:\/\/scuba-legends.com\/es\/especialidad-buceo-profundo\/#breadcrumb","itemListElement":[{"@type":"ListItem","position":1,"name":"Scuba Legends","item":"https:\/\/scuba-legends.com\/es\/"},{"@type":"ListItem","position":2,"name":"Especialidad PADI Buceo Profundo"}]},{"@type":"WebSite","@id":"https:\/\/scuba-legends.com\/es\/#website","url":"https:\/\/scuba-legends.com\/es\/","name":"Scuba Legends","description":"Dive Center Lanzarote","publisher":{"@id":"https:\/\/scuba-legends.com\/es\/#organization"},"potentialAction":[{"@type":"SearchAction","target":{"@type":"EntryPoint","urlTemplate":"https:\/\/scuba-legends.com\/es\/?s={search_term_string}"},"query-input":{"@type":"PropertyValueSpecification","valueRequired":true,"valueName":"search_term_string"}}],"inLanguage":"es"},{"@type":"Organization","@id":"https:\/\/scuba-legends.com\/es\/#organization","name":"Scuba Legends Dive Center Lanzarote","url":"https:\/\/scuba-legends.com\/es\/","logo":{"@type":"ImageObject","inLanguage":"es","@id":"https:\/\/scuba-legends.com\/es\/#\/schema\/logo\/image\/","url":"https:\/\/scuba-legends.com\/wp-content\/uploads\/2020\/01\/scuba_legends_favicon.png","contentUrl":"https:\/\/scuba-legends.com\/wp-content\/uploads\/2020\/01\/scuba_legends_favicon.png","width":512,"height":512,"caption":"Scuba Legends Dive Center Lanzarote"},"image":{"@id":"https:\/\/scuba-legends.com\/es\/#\/schema\/logo\/image\/"},"sameAs":["https:\/\/www.facebook.com\/ScubaLegends\/","https:\/\/x.com\/scubalegends","https:\/\/www.instagram.com\/scuba_legends\/","https:\/\/www.youtube.com\/channel\/UCUjHU7Mmii5SfLoodxNZmqQ"]}]}},"_links":{"self":[{"href":"https:\/\/scuba-legends.com\/es\/wp-json\/wp\/v2\/pages\/5436","targetHints":{"allow":["GET"]}}],"collection":[{"href":"https:\/\/scuba-legends.com\/es\/wp-json\/wp\/v2\/pages"}],"about":[{"href":"https:\/\/scuba-legends.com\/es\/wp-json\/wp\/v2\/types\/page"}],"author":[{"embeddable":true,"href":"https:\/\/scuba-legends.com\/es\/wp-json\/wp\/v2\/users\/2"}],"replies":[{"embeddable":true,"href":"https:\/\/scuba-legends.com\/es\/wp-json\/wp\/v2\/comments?post=5436"}],"version-history":[{"count":9,"href":"https:\/\/scuba-legends.com\/es\/wp-json\/wp\/v2\/pages\/5436\/revisions"}],"predecessor-version":[{"id":19060,"href":"https:\/\/scuba-legends.com\/es\/wp-json\/wp\/v2\/pages\/5436\/revisions\/19060"}],"wp:attachment":[{"href":"https:\/\/scuba-legends.com\/es\/wp-json\/wp\/v2\/media?parent=5436"}],"curies":[{"name":"wp","href":"https:\/\/api.w.org\/{rel}","templated":true}]}}