{"id":5430,"date":"2020-09-08T20:20:28","date_gmt":"2020-09-08T20:20:28","guid":{"rendered":"https:\/\/scuba-legends.com\/?page_id=5430"},"modified":"2026-01-06T09:31:04","modified_gmt":"2026-01-06T09:31:04","slug":"especialidad-aire-enriquecido-nitrox","status":"publish","type":"page","link":"https:\/\/scuba-legends.com\/es\/especialidad-aire-enriquecido-nitrox\/","title":{"rendered":"Especialidad PADI Aire Enriquecido \u2013 Nitrox"},"content":{"rendered":"<p>[et_pb_section fb_built=&#8221;1&#8243; fullwidth=&#8221;on&#8221; module_id=&#8221;spheader-section&#8221; _builder_version=&#8221;4.16&#8243; global_colors_info=&#8221;{}&#8221;][et_pb_fullwidth_header title=&#8221;Especialidad PADI Aire Enriquecido \u2013 Nitrox&#8221; _builder_version=&#8221;4.27.4&#8243; title_text_align=&#8221;left&#8221; title_font_size=&#8221;54px&#8221; subhead_font=&#8221;|||on|||||&#8221; background_image=&#8221;https:\/\/scuba-legends.com\/wp-content\/uploads\/2020\/09\/7E-Enriched-Air-Diver-Specialty-1280&#215;900-1.jpg&#8221; width=&#8221;100%&#8221; module_alignment=&#8221;center&#8221; custom_padding=&#8221;80px||80px||true|&#8221; title_font_size_tablet=&#8221;44px&#8221; background_last_edited=&#8221;on|desktop&#8221; custom_css_main_element=&#8221;background-position: center -240px;&#8221; custom_css_title=&#8221;order: 2;&#8221; custom_css_subtitle=&#8221;order: 1;&#8221; global_colors_info=&#8221;{}&#8221; custom_css_main_element_last_edited=&#8221;on|tablet&#8221; custom_css_main_element_tablet=&#8221;background-position: center -70px;&#8221; custom_css_main_element_phone=&#8221;background-position: center center;&#8221;]<\/p>\n<p style=\"text-align: left;\">\u00a0MAKE IT LEGENDARY<\/p>\n<p>[\/et_pb_fullwidth_header][\/et_pb_section][et_pb_section fb_built=&#8221;1&#8243; _builder_version=&#8221;4.16&#8243; custom_margin=&#8221;-50px||||false|false&#8221; locked=&#8221;off&#8221; global_colors_info=&#8221;{}&#8221;][et_pb_row _builder_version=&#8221;4.16&#8243; global_colors_info=&#8221;{}&#8221;][et_pb_column type=&#8221;4_4&#8243; _builder_version=&#8221;4.16&#8243; global_colors_info=&#8221;{}&#8221;][et_pb_text _builder_version=&#8221;4.27.4&#8243; text_font_size=&#8221;18px&#8221; custom_margin=&#8221;-20px||||false|false&#8221; global_colors_info=&#8221;{}&#8221;]<\/p>\n<h2 style=\"text-align: center; color: #0db4d5;\">Especialidad PADI Aire Enriquecido \u2013 Nitrox \u2013 \u00a1Disfruta de tiempos sin deco m\u00e1s largos!<\/h2>\n<p>[\/et_pb_text][et_pb_text _builder_version=&#8221;4.27.4&#8243; global_colors_info=&#8221;{}&#8221;]<\/p>\n<p class=\"\" data-start=\"2433\" data-end=\"2938\">El aire enriquecido (EAN) o Nitrox es una mezcla de gases con mayor concentraci\u00f3n de ox\u00edgeno que el aire normal. El <strong data-start=\"2549\" data-end=\"2605\">Curso de Especialidad PADI Aire Enriquecido \u2013 Nitrox<\/strong> es perfecto para ti si buscas aumentar tu tiempo de fondo y mejorar tu experiencia de buceo. Aprender\u00e1s a utilizar el Nitrox para extender los l\u00edmites de no descompresi\u00f3n de forma segura, especialmente \u00fatil en inmersiones repetitivas o profundas. Adem\u00e1s, absorber\u00e1s menos nitr\u00f3geno, reduciendo el riesgo de enfermedad descompresiva.<\/p>\n<p class=\"\" data-start=\"2940\" data-end=\"3027\">Las mezclas m\u00e1s comunes son Nitrox 32 y 36, con 32\u202f% y 36\u202f% de ox\u00edgeno respectivamente.<\/p>\n<h3>\u00bfPor qu\u00e9 bucear con Nitrox?<\/h3>\n<ul>\n<li>Tiempos de fondo m\u00e1s largos: Explora durante m\u00e1s tiempo sin alcanzar los l\u00edmites de no descompresi\u00f3n.<\/li>\n<li>Menor fatiga: Muchos buceadores afirman sentirse menos cansados tras la inmersi\u00f3n.<\/li>\n<li>Mayor seguridad: Menor exposici\u00f3n al nitr\u00f3geno reduce el riesgo de enfermedad descompresiva.<\/li>\n<\/ul>\n<p class=\"\" data-start=\"3368\" data-end=\"3446\"><strong data-start=\"3368\" data-end=\"3446\">\u00a1Reserva tu plaza hoy y lleva tus aventuras submarinas al siguiente nivel!<\/strong><\/p>\n<p class=\"\" data-start=\"3448\" data-end=\"3919\">Descubrir\u00e1s c\u00f3mo gestionar la exposici\u00f3n a los gases y realizar\u00e1s un ejercicio pr\u00e1ctico en el que aprender\u00e1s a analizar el contenido del gas en el tanque. Conocer\u00e1s los procedimientos especiales para bucear con aire enriquecido, el equipo necesario y c\u00f3mo configurar tu ordenador de buceo. Bucear con Nitrox es sencillo: bajo el agua no se requieren medidas especiales. Lo m\u00e1s importante es entender qu\u00e9 es el Nitrox y c\u00f3mo influye en la planificaci\u00f3n de tus inmersiones.<\/p>\n<p class=\"\" data-start=\"3921\" data-end=\"4338\">El curso incluye <strong data-start=\"3938\" data-end=\"3956\">PADI eLearning<\/strong>, para que puedas completar la teor\u00eda a tu ritmo. No se requieren inmersiones para obtener la certificaci\u00f3n. Estar\u00e1s certificado para bucear con Nitrox 40 (m\u00e1x. 40\u202f% de ox\u00edgeno). La opci\u00f3n <strong data-start=\"4145\" data-end=\"4156\">PREMIUM<\/strong> incluye una doble inmersi\u00f3n en Playa Chica, Puerto del Carmen, donde encontrar\u00e1s hasta 10 sitios de buceo diferentes, con paisajes submarinos espectaculares y vida marina abundante.<\/p>\n<p>[\/et_pb_text][\/et_pb_column][\/et_pb_row][et_pb_row _builder_version=&#8221;4.16&#8243; locked=&#8221;off&#8221; global_colors_info=&#8221;{}&#8221;][et_pb_column type=&#8221;4_4&#8243; _builder_version=&#8221;4.16&#8243; global_colors_info=&#8221;{}&#8221;][et_pb_button button_url=&#8221;https:\/\/app.bukyapp.com\/front\/673ef83180e03463a90b61e6\/product\/6751c46206c0ee8645c29292&#8243; url_new_window=&#8221;on&#8221; button_text=&#8221;DISCPONIBILIDAD Y PRECIOS&#8221; button_alignment=&#8221;center&#8221; admin_label=&#8221;Button&#8221; _builder_version=&#8221;4.27.4&#8243; custom_button=&#8221;on&#8221; button_text_size=&#8221;16px&#8221; button_text_color=&#8221;#ffffff&#8221; button_bg_color=&#8221;#0db4d5&#8243; button_border_width=&#8221;6px&#8221; global_colors_info=&#8221;{}&#8221;][\/et_pb_button][\/et_pb_column][\/et_pb_row][et_pb_row column_structure=&#8221;1_3,1_3,1_3&#8243; _builder_version=&#8221;4.16&#8243; locked=&#8221;off&#8221; global_colors_info=&#8221;{}&#8221;][et_pb_column type=&#8221;1_3&#8243; _builder_version=&#8221;4.16&#8243; global_colors_info=&#8221;{}&#8221;][et_pb_text admin_label=&#8221;Text&#8221; _builder_version=&#8221;4.27.5&#8243; background_color=&#8221;rgba(13,180,213,0.17)&#8221; custom_padding=&#8221;25px|25px|25px|25px|false|false&#8221; hover_enabled=&#8221;0&#8243; border_radii=&#8221;on|3px|3px|3px|3px&#8221; global_colors_info=&#8221;{}&#8221; sticky_enabled=&#8221;0&#8243;]<\/p>\n<h4 style=\"text-align: center; color: #0db4d5;\">\u00bfM\u00e1s informaci\u00f3n?<\/h4>\n<p><strong data-start=\"1377\" data-end=\"1421\">PADI ESPECIALIDAD AIRE ENRIQUECIDO BASIC<\/strong><\/p>\n<ul>\n<li>Solo eLearning<\/li>\n<li>No se requieren inmersiones<\/li>\n<li>Duraci\u00f3n: 2 horas de eLearning<\/li>\n<li>Precio: desde 145\u20ac<\/li>\n<\/ul>\n<p><strong data-start=\"1534\" data-end=\"1580\">PADI ESPECIALIDAD AIRE ENRIQUECIDO PREMIUM<\/strong><\/p>\n<ul>\n<li>eLearning<\/li>\n<li>Doble inmersi\u00f3n desde playa en Playa Chica<\/li>\n<li>Duraci\u00f3n: \u00bd d\u00eda + 2 horas de eLearning<\/li>\n<li>Precio: desde 235\u20ac<\/li>\n<\/ul>\n<h4 style=\"text-align: center; color: #0db4d5;\"><a href=\"https:\/\/app.bukyapp.com\/front\/673ef83180e03463a90b61e6\/product\/6751c42e06c0ee8645c28b70\" target=\"_blank\" rel=\"noopener\">RESERVA HOY<\/a><\/h4>\n<p>[\/et_pb_text][\/et_pb_column][et_pb_column type=&#8221;1_3&#8243; _builder_version=&#8221;4.16&#8243; global_colors_info=&#8221;{}&#8221;][et_pb_text _builder_version=&#8221;4.27.4&#8243; background_color=&#8221;rgba(13,180,213,0.17)&#8221; custom_padding=&#8221;25px|25px|25px|25px|false|false&#8221; border_radii=&#8221;on|3px|3px|3px|3px&#8221; global_colors_info=&#8221;{}&#8221;]<\/p>\n<h4 style=\"text-align: center; color: #0db4d5;\">\u00bfQu\u00e9 est\u00e1 incluido?<\/h4>\n<ul>\n<li>Acceso al eLearning de PADI<\/li>\n<li>Tasas de certificaci\u00f3n PADI<\/li>\n<li>Agua y galletas entre inmersiones<\/li>\n<li>Instructor con experiencia<\/li>\n<li>Grupos reducidos<\/li>\n<\/ul>\n<p>[\/et_pb_text][et_pb_text _builder_version=&#8221;4.27.4&#8243; background_color=&#8221;rgba(13,180,213,0.17)&#8221; custom_padding=&#8221;25px|25px|25px|25px|false|false&#8221; border_radii=&#8221;on|3px|3px|3px|3px&#8221; global_colors_info=&#8221;{}&#8221;]<\/p>\n<h4 style=\"text-align: center; color: #0db4d5;\">\u00bfCu\u00e1les son los requisitos?<\/h4>\n<ul>\n<li>M\u00ednimo 10 a\u00f1os de edad<\/li>\n<li>Certificaci\u00f3n m\u00ednima: Scuba Diver<\/li>\n<li>Estar en condiciones m\u00e9dicas para bucear: algunas condiciones requieren evaluaci\u00f3n m\u00e9dica<\/li>\n<li><strong><a class=\"\" href=\"#\" rel=\"noopener\" data-start=\"2087\" data-end=\"2151\">Haz clic aqu\u00ed para saber si necesitas un certificado m\u00e9dico<\/a><\/strong><\/li>\n<\/ul>\n<p>[\/et_pb_text][\/et_pb_column][et_pb_column type=&#8221;1_3&#8243; _builder_version=&#8221;4.16&#8243; global_colors_info=&#8221;{}&#8221;][et_pb_text _builder_version=&#8221;4.27.4&#8243; background_color=&#8221;rgba(13,180,213,0.17)&#8221; custom_padding=&#8221;25px|25px|25px|25px|false|false&#8221; border_radii=&#8221;on|3px|3px|3px|3px&#8221; global_colors_info=&#8221;{}&#8221;]<\/p>\n<h4 style=\"text-align: center; color: #0db4d5;\">\u00a1Informaci\u00f3n \u00fatil!<\/h4>\n<ul>\n<li>Alquiler de equipo de buceo disponible<\/li>\n<li>Contrata tu seguro de buceo DAN con nosotros<\/li>\n<li>Trae: ba\u00f1ador, toalla, gafas de sol, protecci\u00f3n solar, ropa para cambiarte<\/li>\n<li>No volar durante al menos 18 horas despu\u00e9s de dos o m\u00e1s inmersiones recreativas<\/li>\n<li>Se recomienda reservar con antelaci\u00f3n<\/li>\n<\/ul>\n<p>[\/et_pb_text][\/et_pb_column][\/et_pb_row][et_pb_row _builder_version=&#8221;4.16&#8243; locked=&#8221;off&#8221; global_colors_info=&#8221;{}&#8221;][et_pb_column type=&#8221;4_4&#8243; _builder_version=&#8221;4.16&#8243; global_colors_info=&#8221;{}&#8221;][et_pb_button button_url=&#8221;https:\/\/app.bukyapp.com\/front\/673ef83180e03463a90b61e6\/product\/6751c46206c0ee8645c29292&#8243; url_new_window=&#8221;on&#8221; button_text=&#8221;DISCPONIBILIDAD Y PRECIOS&#8221; button_alignment=&#8221;center&#8221; admin_label=&#8221;Button&#8221; _builder_version=&#8221;4.27.4&#8243; custom_button=&#8221;on&#8221; button_text_size=&#8221;16px&#8221; button_text_color=&#8221;#ffffff&#8221; button_bg_color=&#8221;#0db4d5&#8243; button_border_width=&#8221;6px&#8221; global_colors_info=&#8221;{}&#8221;][\/et_pb_button][\/et_pb_column][\/et_pb_row][\/et_pb_section][et_pb_section fb_built=&#8221;1&#8243; fullwidth=&#8221;on&#8221; _builder_version=&#8221;4.16&#8243; global_colors_info=&#8221;{}&#8221;][et_pb_fullwidth_header text_orientation=&#8221;center&#8221; button_one_text=&#8221;M\u00e1s informaci\u00f3n&#8221; button_one_url=&#8221;https:\/\/scuba-legends.com\/es\/contacto\/&#8221; button_two_text=&#8221;Reserva&#8221; button_two_url=&#8221;https:\/\/scuba-legends.com\/es\/reservar\/&#8221; _builder_version=&#8221;4.16&#8243; title_level=&#8221;h3&#8243; background_image=&#8221;https:\/\/scuba-legends.com\/wp-content\/uploads\/2020\/08\/Hazlo-epico-1.jpg&#8221; custom_button_one=&#8221;on&#8221; button_one_text_size=&#8221;16px&#8221; button_one_custom_margin=&#8221;||||false|false&#8221; custom_button_two=&#8221;on&#8221; button_two_text_size=&#8221;16px&#8221; text_shadow_style=&#8221;preset3&#8243; global_colors_info=&#8221;{}&#8221;]<\/p>\n<h2 style=\"text-align: center;\"><strong>Gu\u00eda e instructor de buceo privado. \u00a1Hazlo \u00e9pico!<\/strong><\/h2>\n<p style=\"text-align: center;\">Si quieres una atenci\u00f3n VIP, a\u00fan m\u00e1s personalizada y para ti solo (o con tu familia y amigos), te ofrecemos nuestro servicio exclusivo de submarinismo privado en Puerto del Carmen, Lanzarote.<br \/>Adaptamos la inmersi\u00f3n o curso a tus necesidades y tiempos.<\/p>\n<p>[\/et_pb_fullwidth_header][\/et_pb_section]<\/p>\n","protected":false},"excerpt":{"rendered":"<p>\u00a0MAKE IT LEGENDARYEspecialidad PADI Aire Enriquecido \u2013 Nitrox \u2013 \u00a1Disfruta de tiempos sin deco m\u00e1s largos!El aire enriquecido (EAN) o Nitrox es una mezcla de gases con mayor concentraci\u00f3n de ox\u00edgeno que el aire normal. El Curso de Especialidad PADI Aire Enriquecido \u2013 Nitrox es perfecto para ti si buscas aumentar tu tiempo de fondo [&hellip;]<\/p>\n","protected":false},"author":2,"featured_media":0,"parent":0,"menu_order":166,"comment_status":"closed","ping_status":"closed","template":"","meta":{"_acf_changed":false,"_et_pb_use_builder":"on","_et_pb_old_content":"","_et_gb_content_width":"","footnotes":""},"class_list":["post-5430","page","type-page","status-publish","hentry"],"acf":[],"yoast_head":"<!-- This site is optimized with the Yoast SEO plugin v27.4 - https:\/\/yoast.com\/product\/yoast-seo-wordpress\/ -->\n<title>Especialidad PADI Aire Enriquecido \u2013 Nitrox - Scuba Legends<\/title>\n<meta name=\"description\" content=\"El Curso de Especialidad PADI Aire Enriquecido \u2013 Nitrox es perfecto para ti si buscas aumentar tu tiempo de fondo y mejorar tu experiencia de buceo.\" \/>\n<meta name=\"robots\" content=\"index, follow, max-snippet:-1, max-image-preview:large, max-video-preview:-1\" \/>\n<link rel=\"canonical\" href=\"https:\/\/scuba-legends.com\/es\/especialidad-aire-enriquecido-nitrox\/\" \/>\n<meta property=\"og:locale\" content=\"es_ES\" \/>\n<meta property=\"og:type\" content=\"article\" \/>\n<meta property=\"og:title\" content=\"Especialidad PADI Aire Enriquecido \u2013 Nitrox - Scuba Legends\" \/>\n<meta property=\"og:description\" content=\"El Curso de Especialidad PADI Aire Enriquecido \u2013 Nitrox es perfecto para ti si buscas aumentar tu tiempo de fondo y mejorar tu experiencia de buceo.\" \/>\n<meta property=\"og:url\" content=\"https:\/\/scuba-legends.com\/es\/especialidad-aire-enriquecido-nitrox\/\" \/>\n<meta property=\"og:site_name\" content=\"Scuba Legends\" \/>\n<meta property=\"article:publisher\" content=\"https:\/\/www.facebook.com\/ScubaLegends\/\" \/>\n<meta property=\"article:modified_time\" content=\"2026-01-06T09:31:04+00:00\" \/>\n<meta property=\"og:image\" content=\"https:\/\/scuba-legends.com\/wp-content\/uploads\/2020\/01\/scuba_legend_logo_new1.png\" \/>\n\t<meta property=\"og:image:width\" content=\"150\" \/>\n\t<meta property=\"og:image:height\" content=\"150\" \/>\n\t<meta property=\"og:image:type\" content=\"image\/png\" \/>\n<meta name=\"twitter:card\" content=\"summary_large_image\" \/>\n<meta name=\"twitter:site\" content=\"@scubalegends\" \/>\n<meta name=\"twitter:label1\" content=\"Tiempo de lectura\" \/>\n\t<meta name=\"twitter:data1\" content=\"3 minutos\" \/>\n<script type=\"application\/ld+json\" class=\"yoast-schema-graph\">{\"@context\":\"https:\\\/\\\/schema.org\",\"@graph\":[{\"@type\":\"WebPage\",\"@id\":\"https:\\\/\\\/scuba-legends.com\\\/es\\\/especialidad-aire-enriquecido-nitrox\\\/\",\"url\":\"https:\\\/\\\/scuba-legends.com\\\/es\\\/especialidad-aire-enriquecido-nitrox\\\/\",\"name\":\"Especialidad PADI Aire Enriquecido \u2013 Nitrox - Scuba Legends\",\"isPartOf\":{\"@id\":\"https:\\\/\\\/scuba-legends.com\\\/es\\\/#website\"},\"datePublished\":\"2020-09-08T20:20:28+00:00\",\"dateModified\":\"2026-01-06T09:31:04+00:00\",\"description\":\"El Curso de Especialidad PADI Aire Enriquecido \u2013 Nitrox es perfecto para ti si buscas aumentar tu tiempo de fondo y mejorar tu experiencia de buceo.\",\"breadcrumb\":{\"@id\":\"https:\\\/\\\/scuba-legends.com\\\/es\\\/especialidad-aire-enriquecido-nitrox\\\/#breadcrumb\"},\"inLanguage\":\"es\",\"potentialAction\":[{\"@type\":\"ReadAction\",\"target\":[\"https:\\\/\\\/scuba-legends.com\\\/es\\\/especialidad-aire-enriquecido-nitrox\\\/\"]}]},{\"@type\":\"BreadcrumbList\",\"@id\":\"https:\\\/\\\/scuba-legends.com\\\/es\\\/especialidad-aire-enriquecido-nitrox\\\/#breadcrumb\",\"itemListElement\":[{\"@type\":\"ListItem\",\"position\":1,\"name\":\"Scuba Legends\",\"item\":\"https:\\\/\\\/scuba-legends.com\\\/es\\\/\"},{\"@type\":\"ListItem\",\"position\":2,\"name\":\"Especialidad PADI Aire Enriquecido \u2013 Nitrox\"}]},{\"@type\":\"WebSite\",\"@id\":\"https:\\\/\\\/scuba-legends.com\\\/es\\\/#website\",\"url\":\"https:\\\/\\\/scuba-legends.com\\\/es\\\/\",\"name\":\"Scuba Legends\",\"description\":\"Dive Center Lanzarote\",\"publisher\":{\"@id\":\"https:\\\/\\\/scuba-legends.com\\\/es\\\/#organization\"},\"potentialAction\":[{\"@type\":\"SearchAction\",\"target\":{\"@type\":\"EntryPoint\",\"urlTemplate\":\"https:\\\/\\\/scuba-legends.com\\\/es\\\/?s={search_term_string}\"},\"query-input\":{\"@type\":\"PropertyValueSpecification\",\"valueRequired\":true,\"valueName\":\"search_term_string\"}}],\"inLanguage\":\"es\"},{\"@type\":\"Organization\",\"@id\":\"https:\\\/\\\/scuba-legends.com\\\/es\\\/#organization\",\"name\":\"Scuba Legends Dive Center Lanzarote\",\"url\":\"https:\\\/\\\/scuba-legends.com\\\/es\\\/\",\"logo\":{\"@type\":\"ImageObject\",\"inLanguage\":\"es\",\"@id\":\"https:\\\/\\\/scuba-legends.com\\\/es\\\/#\\\/schema\\\/logo\\\/image\\\/\",\"url\":\"https:\\\/\\\/scuba-legends.com\\\/wp-content\\\/uploads\\\/2020\\\/01\\\/scuba_legends_favicon.png\",\"contentUrl\":\"https:\\\/\\\/scuba-legends.com\\\/wp-content\\\/uploads\\\/2020\\\/01\\\/scuba_legends_favicon.png\",\"width\":512,\"height\":512,\"caption\":\"Scuba Legends Dive Center Lanzarote\"},\"image\":{\"@id\":\"https:\\\/\\\/scuba-legends.com\\\/es\\\/#\\\/schema\\\/logo\\\/image\\\/\"},\"sameAs\":[\"https:\\\/\\\/www.facebook.com\\\/ScubaLegends\\\/\",\"https:\\\/\\\/x.com\\\/scubalegends\",\"https:\\\/\\\/www.instagram.com\\\/scuba_legends\\\/\",\"https:\\\/\\\/www.youtube.com\\\/channel\\\/UCUjHU7Mmii5SfLoodxNZmqQ\"]}]}<\/script>\n<!-- \/ Yoast SEO plugin. -->","yoast_head_json":{"title":"Especialidad PADI Aire Enriquecido \u2013 Nitrox - Scuba Legends","description":"El Curso de Especialidad PADI Aire Enriquecido \u2013 Nitrox es perfecto para ti si buscas aumentar tu tiempo de fondo y mejorar tu experiencia de buceo.","robots":{"index":"index","follow":"follow","max-snippet":"max-snippet:-1","max-image-preview":"max-image-preview:large","max-video-preview":"max-video-preview:-1"},"canonical":"https:\/\/scuba-legends.com\/es\/especialidad-aire-enriquecido-nitrox\/","og_locale":"es_ES","og_type":"article","og_title":"Especialidad PADI Aire Enriquecido \u2013 Nitrox - Scuba Legends","og_description":"El Curso de Especialidad PADI Aire Enriquecido \u2013 Nitrox es perfecto para ti si buscas aumentar tu tiempo de fondo y mejorar tu experiencia de buceo.","og_url":"https:\/\/scuba-legends.com\/es\/especialidad-aire-enriquecido-nitrox\/","og_site_name":"Scuba Legends","article_publisher":"https:\/\/www.facebook.com\/ScubaLegends\/","article_modified_time":"2026-01-06T09:31:04+00:00","og_image":[{"width":150,"height":150,"url":"https:\/\/scuba-legends.com\/wp-content\/uploads\/2020\/01\/scuba_legend_logo_new1.png","type":"image\/png"}],"twitter_card":"summary_large_image","twitter_site":"@scubalegends","twitter_misc":{"Tiempo de lectura":"3 minutos"},"schema":{"@context":"https:\/\/schema.org","@graph":[{"@type":"WebPage","@id":"https:\/\/scuba-legends.com\/es\/especialidad-aire-enriquecido-nitrox\/","url":"https:\/\/scuba-legends.com\/es\/especialidad-aire-enriquecido-nitrox\/","name":"Especialidad PADI Aire Enriquecido \u2013 Nitrox - Scuba Legends","isPartOf":{"@id":"https:\/\/scuba-legends.com\/es\/#website"},"datePublished":"2020-09-08T20:20:28+00:00","dateModified":"2026-01-06T09:31:04+00:00","description":"El Curso de Especialidad PADI Aire Enriquecido \u2013 Nitrox es perfecto para ti si buscas aumentar tu tiempo de fondo y mejorar tu experiencia de buceo.","breadcrumb":{"@id":"https:\/\/scuba-legends.com\/es\/especialidad-aire-enriquecido-nitrox\/#breadcrumb"},"inLanguage":"es","potentialAction":[{"@type":"ReadAction","target":["https:\/\/scuba-legends.com\/es\/especialidad-aire-enriquecido-nitrox\/"]}]},{"@type":"BreadcrumbList","@id":"https:\/\/scuba-legends.com\/es\/especialidad-aire-enriquecido-nitrox\/#breadcrumb","itemListElement":[{"@type":"ListItem","position":1,"name":"Scuba Legends","item":"https:\/\/scuba-legends.com\/es\/"},{"@type":"ListItem","position":2,"name":"Especialidad PADI Aire Enriquecido \u2013 Nitrox"}]},{"@type":"WebSite","@id":"https:\/\/scuba-legends.com\/es\/#website","url":"https:\/\/scuba-legends.com\/es\/","name":"Scuba Legends","description":"Dive Center Lanzarote","publisher":{"@id":"https:\/\/scuba-legends.com\/es\/#organization"},"potentialAction":[{"@type":"SearchAction","target":{"@type":"EntryPoint","urlTemplate":"https:\/\/scuba-legends.com\/es\/?s={search_term_string}"},"query-input":{"@type":"PropertyValueSpecification","valueRequired":true,"valueName":"search_term_string"}}],"inLanguage":"es"},{"@type":"Organization","@id":"https:\/\/scuba-legends.com\/es\/#organization","name":"Scuba Legends Dive Center Lanzarote","url":"https:\/\/scuba-legends.com\/es\/","logo":{"@type":"ImageObject","inLanguage":"es","@id":"https:\/\/scuba-legends.com\/es\/#\/schema\/logo\/image\/","url":"https:\/\/scuba-legends.com\/wp-content\/uploads\/2020\/01\/scuba_legends_favicon.png","contentUrl":"https:\/\/scuba-legends.com\/wp-content\/uploads\/2020\/01\/scuba_legends_favicon.png","width":512,"height":512,"caption":"Scuba Legends Dive Center Lanzarote"},"image":{"@id":"https:\/\/scuba-legends.com\/es\/#\/schema\/logo\/image\/"},"sameAs":["https:\/\/www.facebook.com\/ScubaLegends\/","https:\/\/x.com\/scubalegends","https:\/\/www.instagram.com\/scuba_legends\/","https:\/\/www.youtube.com\/channel\/UCUjHU7Mmii5SfLoodxNZmqQ"]}]}},"_links":{"self":[{"href":"https:\/\/scuba-legends.com\/es\/wp-json\/wp\/v2\/pages\/5430","targetHints":{"allow":["GET"]}}],"collection":[{"href":"https:\/\/scuba-legends.com\/es\/wp-json\/wp\/v2\/pages"}],"about":[{"href":"https:\/\/scuba-legends.com\/es\/wp-json\/wp\/v2\/types\/page"}],"author":[{"embeddable":true,"href":"https:\/\/scuba-legends.com\/es\/wp-json\/wp\/v2\/users\/2"}],"replies":[{"embeddable":true,"href":"https:\/\/scuba-legends.com\/es\/wp-json\/wp\/v2\/comments?post=5430"}],"version-history":[{"count":8,"href":"https:\/\/scuba-legends.com\/es\/wp-json\/wp\/v2\/pages\/5430\/revisions"}],"predecessor-version":[{"id":20095,"href":"https:\/\/scuba-legends.com\/es\/wp-json\/wp\/v2\/pages\/5430\/revisions\/20095"}],"wp:attachment":[{"href":"https:\/\/scuba-legends.com\/es\/wp-json\/wp\/v2\/media?parent=5430"}],"curies":[{"name":"wp","href":"https:\/\/api.w.org\/{rel}","templated":true}]}}