{"id":5382,"date":"2020-09-08T19:23:42","date_gmt":"2020-09-08T19:23:42","guid":{"rendered":"https:\/\/scuba-legends.com\/?page_id=5382"},"modified":"2022-09-04T14:33:59","modified_gmt":"2022-09-04T14:33:59","slug":"especialidad-busqueda-y-recuperacion","status":"publish","type":"page","link":"https:\/\/scuba-legends.com\/es\/especialidad-busqueda-y-recuperacion\/","title":{"rendered":"Especialidad B\u00fasqueda y recuperaci\u00f3n"},"content":{"rendered":"<p>[et_pb_section fb_built=&#8221;1&#8243; fullwidth=&#8221;on&#8221; module_id=&#8221;spheader-section&#8221; _builder_version=&#8221;4.0.9&#8243;][et_pb_fullwidth_header title=&#8221;Especialidad PADI B\u00fasqueda y recuperaci\u00f3n&#8221; _builder_version=&#8221;4.0.9&#8243; title_text_align=&#8221;left&#8221; title_font_size=&#8221;54px&#8221; subhead_font=&#8221;|||on|||||&#8221; background_image=&#8221;https:\/\/scuba-legends.com\/wp-content\/uploads\/2020\/09\/18E-Busqueda-1280&#215;900-1.jpg&#8221; width=&#8221;100%&#8221; module_alignment=&#8221;center&#8221; custom_padding=&#8221;80px||80px||true|&#8221; title_font_size_tablet=&#8221;44px&#8221; background_last_edited=&#8221;on|desktop&#8221; custom_css_main_element=&#8221;background-position: center -240px;&#8221; custom_css_title=&#8221;order: 2;&#8221; custom_css_subtitle=&#8221;order: 1;&#8221; custom_css_main_element_last_edited=&#8221;on|tablet&#8221; custom_css_main_element_tablet=&#8221;background-position: center -70px;&#8221; custom_css_main_element_phone=&#8221;background-position: center center;&#8221;]<\/p>\n<p style=\"text-align: left;\">\u00a0MAKE IT LEGENDARY<\/p>\n<p>[\/et_pb_fullwidth_header][\/et_pb_section][et_pb_section fb_built=&#8221;1&#8243; _builder_version=&#8221;4.0.9&#8243; custom_margin=&#8221;-50px||||false|false&#8221;][et_pb_row _builder_version=&#8221;4.0.9&#8243;][et_pb_column type=&#8221;4_4&#8243; _builder_version=&#8221;4.0.9&#8243;][et_pb_text _builder_version=&#8221;4.0.9&#8243; text_font_size=&#8221;18px&#8221; custom_margin=&#8221;-20px||||false|false&#8221;]<\/p>\n<h2 style=\"text-align: center; color: #0db4d5;\">Aprende patrones de b\u00fasqueda y a recuperar tesoros perdidos<\/h2>\n<p>[\/et_pb_text][et_pb_text _builder_version=&#8221;4.0.9&#8243;]<\/p>\n<p>A todos nos pasa, llega un d\u00eda, en cualquier inmersi\u00f3n, en la que t\u00fa o alguno de tus compa\u00f1eros pierde accidentalmente algo. Desde ordenadores de buceo y c\u00e1maras a anillos de boda.\u00a0<\/p>\n<p>Pero tambi\u00e9n puede ocurrir, desafortunadamente, que en vez de un objeto se pierda un buzo, ya sea nuestro compa\u00f1ero o no.<\/p>\n<p>En el curso de especialidad de B\u00fasqueda y recuperaci\u00f3n (Search and Recovery) <strong>aprender\u00e1s formas efectivas de encontrar y recuperar el objeto perdido o buzo bajo el agua.<\/strong> Te ense\u00f1aremos los <strong>patrones de b\u00fasqueda y t\u00e9cnicas especiales<\/strong>. Qui\u00e9n sabe si puedes encontrar alg\u00fan tesoro.\u00a0<\/p>\n<p>[\/et_pb_text][\/et_pb_column][\/et_pb_row][\/et_pb_section][et_pb_section fb_built=&#8221;1&#8243; _builder_version=&#8221;4.0.9&#8243;][et_pb_row column_structure=&#8221;1_2,1_2&#8243; _builder_version=&#8221;4.0.9&#8243; background_color=&#8221;#212121&#8243; custom_margin=&#8221;-100px||||false|false&#8221; border_radii=&#8221;on|3px|3px|3px|3px&#8221; disabled_on=&#8221;on|on|on&#8221; disabled=&#8221;on&#8221;][et_pb_column type=&#8221;1_2&#8243; _builder_version=&#8221;4.0.9&#8243;][et_pb_text _builder_version=&#8221;4.0.9&#8243; text_text_color=&#8221;#0db4d5&#8243; text_font_size=&#8221;20px&#8221; custom_padding=&#8221;|15px||15px|false|false&#8221; animation_style=&#8221;bounce&#8221;]<\/p>\n<p><img loading=\"lazy\" decoding=\"async\" class=\"wp-image-4515 size-full alignleft\" src=\"https:\/\/scuba-legends.com\/wp-content\/uploads\/2020\/08\/Covid-80x80-1.png\" alt=\"\" width=\"80\" height=\"80\" \/><\/p>\n<p>Tomamos todas las medidas de seguridad frente al COVID 19.<\/p>\n<p>[\/et_pb_text][\/et_pb_column][et_pb_column type=&#8221;1_2&#8243; _builder_version=&#8221;4.0.9&#8243;][et_pb_text _builder_version=&#8221;4.0.9&#8243; text_text_color=&#8221;#0db4d5&#8243; text_font_size=&#8221;20px&#8221; custom_padding=&#8221;|15px||15px|false|false&#8221; animation_style=&#8221;bounce&#8221;]<\/p>\n<p><img loading=\"lazy\" decoding=\"async\" class=\"wp-image-4540 size-full alignleft\" src=\"https:\/\/scuba-legends.com\/wp-content\/uploads\/2020\/08\/Devolucion-80x80-2.png\" alt=\"\" width=\"80\" height=\"80\" \/><\/p>\n<p>100% devoluci\u00f3n de reservas por motivo del coronavirus.<\/p>\n<p>[\/et_pb_text][\/et_pb_column][\/et_pb_row][et_pb_row _builder_version=&#8221;4.0.9&#8243; background_color=&#8221;#212121&#8243; custom_margin=&#8221;-30px||||false|false&#8221;][et_pb_column type=&#8221;4_4&#8243; _builder_version=&#8221;4.0.9&#8243;][et_pb_divider color=&#8221;#ffffff&#8221; _builder_version=&#8221;4.0.9&#8243; width=&#8221;50%&#8221; module_alignment=&#8221;center&#8221;][\/et_pb_divider][et_pb_text _builder_version=&#8221;4.0.9&#8243; text_text_color=&#8221;#0db4d5&#8243; text_font_size=&#8221;20px&#8221; text_line_height=&#8221;1em&#8221; custom_padding=&#8221;|30px||30px|false|false&#8221;]<\/p>\n<p style=\"text-align: center;\">Haz la teor\u00eda online desde d\u00f3nde quieras,<font color=\"white\"> con PADI eLearning<\/font>. Har\u00e1s las pr\u00e1cticas cuando llegues a Lanzarote. En Scuba Legends NO cobramos coste extra.<\/p>\n<p>[\/et_pb_text][et_pb_button button_url=&#8221;https:\/\/scuba-legends.com\/es\/contacto\/&#8221; button_text=&#8221;M\u00e1s informaci\u00f3n&#8221; button_alignment=&#8221;center&#8221; _builder_version=&#8221;4.0.9&#8243; custom_button=&#8221;on&#8221; button_text_size=&#8221;16px&#8221; button_text_color=&#8221;#ffffff&#8221; button_bg_color=&#8221;#0db4d5&#8243; button_border_color=&#8221;rgba(0,0,0,0)&#8221; animation_style=&#8221;bounce&#8221;][\/et_pb_button][\/et_pb_column][\/et_pb_row][\/et_pb_section][et_pb_section fb_built=&#8221;1&#8243; _builder_version=&#8221;4.0.9&#8243; custom_margin=&#8221;-50px||||false|false&#8221;][et_pb_row _builder_version=&#8221;4.0.9&#8243; custom_margin=&#8221;-20px||||false|false&#8221;][et_pb_column type=&#8221;4_4&#8243; _builder_version=&#8221;4.0.9&#8243;][et_pb_text _builder_version=&#8221;4.0.9&#8243; text_font_size=&#8221;18px&#8221; custom_margin=&#8221;-20px||||false|false&#8221;]<\/p>\n<h2 style=\"text-align: center; color: #0db4d5;\">\u00bfEn qu\u00e9 consiste la especialidad PADI de B\u00fasqueda y recuperaci\u00f3n?<\/h2>\n<p>[\/et_pb_text][et_pb_text _builder_version=&#8221;4.0.9&#8243;]<\/p>\n<p>Durante <strong>cuatro inmersiones<\/strong>, tu instructor te ense\u00f1ar\u00e1 a recopilar informaci\u00f3n y recursos para planificar la b\u00fasqueda. Aprender\u00e1s patrones especiales de navegaci\u00f3n natural y con la br\u00fajula. Practicaremos a sacar objetos del mar usando una bolsa de elevaci\u00f3n, por grandes y pesados que sean.<\/p>\n<p>&nbsp;<\/p>\n<p>[\/et_pb_text][\/et_pb_column][\/et_pb_row][\/et_pb_section][et_pb_section fb_built=&#8221;1&#8243; _builder_version=&#8221;4.0.9&#8243;][et_pb_row column_structure=&#8221;1_2,1_2&#8243; _builder_version=&#8221;4.0.9&#8243; custom_margin=&#8221;-150px||||false|false&#8221;][et_pb_column type=&#8221;1_2&#8243; _builder_version=&#8221;4.0.9&#8243;][et_pb_text _builder_version=&#8221;4.0.9&#8243; hover_enabled=&#8221;0&#8243;]<\/p>\n<ul>\n<li><strong>Duraci\u00f3n de la actividad<\/strong>: 2 d\u00edas + eLearning<\/li>\n<li><strong>Requisitos<\/strong>:\n<ul>\n<li>M\u00e1s de 12 a\u00f1os<\/li>\n<li>Ser Advanced Open Water Diver o superior<\/li>\n<li>Estado de salud apto para buceo<\/li>\n<\/ul>\n<\/li>\n<li><strong>Precio: <\/strong>375\u20ac<\/li>\n<\/ul>\n<p>[\/et_pb_text][\/et_pb_column][et_pb_column type=&#8221;1_2&#8243; _builder_version=&#8221;4.0.9&#8243;][et_pb_text _builder_version=&#8221;4.0.9&#8243; background_color=&#8221;rgba(13,180,213,0.17)&#8221; custom_padding=&#8221;25px|25px|25px|25px|false|false&#8221; hover_enabled=&#8221;0&#8243; border_radii=&#8221;on|3px|3px|3px|3px&#8221;]<\/p>\n<h4 style=\"text-align: center; color: #0db4d5;\">Siempre incluido:<\/h4>\n<ul>\n<li>Materiales PADI o acceso a eLearning<\/li>\n<li>Refrigerio y snacks<\/li>\n<li><strong>No m\u00e1s de 4 personas por grupo<\/strong><\/li>\n<li><strong>Instructores apasionados y sobradamente preparados<\/strong><\/li>\n<\/ul>\n<p>[\/et_pb_text][\/et_pb_column][\/et_pb_row][et_pb_row _builder_version=&#8221;4.0.9&#8243;][et_pb_column type=&#8221;4_4&#8243; _builder_version=&#8221;4.0.9&#8243;][et_pb_button button_url=&#8221;https:\/\/fareharbor.com\/embeds\/book\/scuba-legends\/items\/270030\/?flow=483180&#8243; button_text=&#8221;RESERVAR&#8221; button_alignment=&#8221;center&#8221; _builder_version=&#8221;4.0.9&#8243; custom_button=&#8221;on&#8221; button_text_size=&#8221;16px&#8221; button_text_color=&#8221;#ffffff&#8221; button_bg_color=&#8221;#0db4d5&#8243; button_border_radius=&#8221;6px&#8221;][\/et_pb_button][\/et_pb_column][\/et_pb_row][\/et_pb_section][et_pb_section fb_built=&#8221;1&#8243; fullwidth=&#8221;on&#8221; _builder_version=&#8221;3.22&#8243;][et_pb_fullwidth_header text_orientation=&#8221;center&#8221; button_one_text=&#8221;M\u00e1s informaci\u00f3n&#8221; button_one_url=&#8221;https:\/\/scuba-legends.com\/es\/contacto\/&#8221; button_two_text=&#8221;Reserva&#8221; button_two_url=&#8221;https:\/\/scuba-legends.com\/es\/reservar\/&#8221; _builder_version=&#8221;4.0.9&#8243; title_level=&#8221;h3&#8243; background_image=&#8221;https:\/\/scuba-legends.com\/wp-content\/uploads\/2020\/08\/Hazlo-epico-1.jpg&#8221; custom_button_one=&#8221;on&#8221; button_one_text_size=&#8221;16px&#8221; button_one_custom_margin=&#8221;||||false|false&#8221; custom_button_two=&#8221;on&#8221; button_two_text_size=&#8221;16px&#8221; text_shadow_style=&#8221;preset3&#8243;]<\/p>\n<h2 style=\"text-align: center;\"><strong>Gu\u00eda e instructor de buceo privado. \u00a1Hazlo \u00e9pico!<\/strong><\/h2>\n<p style=\"text-align: center;\">Si quieres una atenci\u00f3n VIP, a\u00fan m\u00e1s personalizada y para ti solo (o con tu familia y amigos), te ofrecemos nuestro servicio exclusivo de submarinismo privado en Puerto del Carmen, Lanzarote.<br \/>Adaptamos la inmersi\u00f3n o curso a tus necesidades y tiempos.<\/p>\n<p>[\/et_pb_fullwidth_header][\/et_pb_section]<\/p>\n","protected":false},"excerpt":{"rendered":"<p>\u00a0MAKE IT LEGENDARYAprende patrones de b\u00fasqueda y a recuperar tesoros perdidosA todos nos pasa, llega un d\u00eda, en cualquier inmersi\u00f3n, en la que t\u00fa o alguno de tus compa\u00f1eros pierde accidentalmente algo. Desde ordenadores de buceo y c\u00e1maras a anillos de boda.\u00a0 Pero tambi\u00e9n puede ocurrir, desafortunadamente, que en vez de un objeto se pierda [&hellip;]<\/p>\n","protected":false},"author":2,"featured_media":0,"parent":0,"menu_order":172,"comment_status":"closed","ping_status":"closed","template":"","meta":{"_acf_changed":false,"_et_pb_use_builder":"on","_et_pb_old_content":"","_et_gb_content_width":"","footnotes":""},"class_list":["post-5382","page","type-page","status-publish","hentry"],"acf":[],"yoast_head":"<!-- This site is optimized with the Yoast SEO plugin v27.4 - https:\/\/yoast.com\/product\/yoast-seo-wordpress\/ -->\n<title>Especialidad B\u00fasqueda y recuperaci\u00f3n - Scuba Legends<\/title>\n<meta name=\"robots\" content=\"index, follow, max-snippet:-1, max-image-preview:large, max-video-preview:-1\" \/>\n<link rel=\"canonical\" href=\"https:\/\/scuba-legends.com\/es\/especialidad-busqueda-y-recuperacion\/\" \/>\n<meta property=\"og:locale\" content=\"es_ES\" \/>\n<meta property=\"og:type\" content=\"article\" \/>\n<meta property=\"og:title\" content=\"Especialidad B\u00fasqueda y recuperaci\u00f3n - Scuba Legends\" \/>\n<meta property=\"og:description\" content=\"\u00a0MAKE IT LEGENDARYAprende patrones de b\u00fasqueda y a recuperar tesoros perdidosA todos nos pasa, llega un d\u00eda, en cualquier inmersi\u00f3n, en la que t\u00fa o alguno de tus compa\u00f1eros pierde accidentalmente algo. Desde ordenadores de buceo y c\u00e1maras a anillos de boda.\u00a0 Pero tambi\u00e9n puede ocurrir, desafortunadamente, que en vez de un objeto se pierda [&hellip;]\" \/>\n<meta property=\"og:url\" content=\"https:\/\/scuba-legends.com\/es\/especialidad-busqueda-y-recuperacion\/\" \/>\n<meta property=\"og:site_name\" content=\"Scuba Legends\" \/>\n<meta property=\"article:publisher\" content=\"https:\/\/www.facebook.com\/ScubaLegends\/\" \/>\n<meta property=\"article:modified_time\" content=\"2022-09-04T14:33:59+00:00\" \/>\n<meta property=\"og:image\" content=\"https:\/\/scuba-legends.com\/wp-content\/uploads\/2020\/08\/Covid-80x80-1.png\" \/>\n<meta name=\"twitter:card\" content=\"summary_large_image\" \/>\n<meta name=\"twitter:site\" content=\"@scubalegends\" \/>\n<meta name=\"twitter:label1\" content=\"Tiempo de lectura\" \/>\n\t<meta name=\"twitter:data1\" content=\"3 minutos\" \/>\n<script type=\"application\/ld+json\" class=\"yoast-schema-graph\">{\"@context\":\"https:\\\/\\\/schema.org\",\"@graph\":[{\"@type\":\"WebPage\",\"@id\":\"https:\\\/\\\/scuba-legends.com\\\/es\\\/especialidad-busqueda-y-recuperacion\\\/\",\"url\":\"https:\\\/\\\/scuba-legends.com\\\/es\\\/especialidad-busqueda-y-recuperacion\\\/\",\"name\":\"Especialidad B\u00fasqueda y recuperaci\u00f3n - Scuba Legends\",\"isPartOf\":{\"@id\":\"https:\\\/\\\/scuba-legends.com\\\/es\\\/#website\"},\"primaryImageOfPage\":{\"@id\":\"https:\\\/\\\/scuba-legends.com\\\/es\\\/especialidad-busqueda-y-recuperacion\\\/#primaryimage\"},\"image\":{\"@id\":\"https:\\\/\\\/scuba-legends.com\\\/es\\\/especialidad-busqueda-y-recuperacion\\\/#primaryimage\"},\"thumbnailUrl\":\"https:\\\/\\\/scuba-legends.com\\\/wp-content\\\/uploads\\\/2020\\\/08\\\/Covid-80x80-1.png\",\"datePublished\":\"2020-09-08T19:23:42+00:00\",\"dateModified\":\"2022-09-04T14:33:59+00:00\",\"breadcrumb\":{\"@id\":\"https:\\\/\\\/scuba-legends.com\\\/es\\\/especialidad-busqueda-y-recuperacion\\\/#breadcrumb\"},\"inLanguage\":\"es\",\"potentialAction\":[{\"@type\":\"ReadAction\",\"target\":[\"https:\\\/\\\/scuba-legends.com\\\/es\\\/especialidad-busqueda-y-recuperacion\\\/\"]}]},{\"@type\":\"ImageObject\",\"inLanguage\":\"es\",\"@id\":\"https:\\\/\\\/scuba-legends.com\\\/es\\\/especialidad-busqueda-y-recuperacion\\\/#primaryimage\",\"url\":\"https:\\\/\\\/scuba-legends.com\\\/wp-content\\\/uploads\\\/2020\\\/08\\\/Covid-80x80-1.png\",\"contentUrl\":\"https:\\\/\\\/scuba-legends.com\\\/wp-content\\\/uploads\\\/2020\\\/08\\\/Covid-80x80-1.png\"},{\"@type\":\"BreadcrumbList\",\"@id\":\"https:\\\/\\\/scuba-legends.com\\\/es\\\/especialidad-busqueda-y-recuperacion\\\/#breadcrumb\",\"itemListElement\":[{\"@type\":\"ListItem\",\"position\":1,\"name\":\"Scuba Legends\",\"item\":\"https:\\\/\\\/scuba-legends.com\\\/es\\\/\"},{\"@type\":\"ListItem\",\"position\":2,\"name\":\"Especialidad B\u00fasqueda y recuperaci\u00f3n\"}]},{\"@type\":\"WebSite\",\"@id\":\"https:\\\/\\\/scuba-legends.com\\\/es\\\/#website\",\"url\":\"https:\\\/\\\/scuba-legends.com\\\/es\\\/\",\"name\":\"Scuba Legends\",\"description\":\"Dive Center Lanzarote\",\"publisher\":{\"@id\":\"https:\\\/\\\/scuba-legends.com\\\/es\\\/#organization\"},\"potentialAction\":[{\"@type\":\"SearchAction\",\"target\":{\"@type\":\"EntryPoint\",\"urlTemplate\":\"https:\\\/\\\/scuba-legends.com\\\/es\\\/?s={search_term_string}\"},\"query-input\":{\"@type\":\"PropertyValueSpecification\",\"valueRequired\":true,\"valueName\":\"search_term_string\"}}],\"inLanguage\":\"es\"},{\"@type\":\"Organization\",\"@id\":\"https:\\\/\\\/scuba-legends.com\\\/es\\\/#organization\",\"name\":\"Scuba Legends Dive Center Lanzarote\",\"url\":\"https:\\\/\\\/scuba-legends.com\\\/es\\\/\",\"logo\":{\"@type\":\"ImageObject\",\"inLanguage\":\"es\",\"@id\":\"https:\\\/\\\/scuba-legends.com\\\/es\\\/#\\\/schema\\\/logo\\\/image\\\/\",\"url\":\"https:\\\/\\\/scuba-legends.com\\\/wp-content\\\/uploads\\\/2020\\\/01\\\/scuba_legends_favicon.png\",\"contentUrl\":\"https:\\\/\\\/scuba-legends.com\\\/wp-content\\\/uploads\\\/2020\\\/01\\\/scuba_legends_favicon.png\",\"width\":512,\"height\":512,\"caption\":\"Scuba Legends Dive Center Lanzarote\"},\"image\":{\"@id\":\"https:\\\/\\\/scuba-legends.com\\\/es\\\/#\\\/schema\\\/logo\\\/image\\\/\"},\"sameAs\":[\"https:\\\/\\\/www.facebook.com\\\/ScubaLegends\\\/\",\"https:\\\/\\\/x.com\\\/scubalegends\",\"https:\\\/\\\/www.instagram.com\\\/scuba_legends\\\/\",\"https:\\\/\\\/www.youtube.com\\\/channel\\\/UCUjHU7Mmii5SfLoodxNZmqQ\"]}]}<\/script>\n<!-- \/ Yoast SEO plugin. -->","yoast_head_json":{"title":"Especialidad B\u00fasqueda y recuperaci\u00f3n - Scuba Legends","robots":{"index":"index","follow":"follow","max-snippet":"max-snippet:-1","max-image-preview":"max-image-preview:large","max-video-preview":"max-video-preview:-1"},"canonical":"https:\/\/scuba-legends.com\/es\/especialidad-busqueda-y-recuperacion\/","og_locale":"es_ES","og_type":"article","og_title":"Especialidad B\u00fasqueda y recuperaci\u00f3n - Scuba Legends","og_description":"\u00a0MAKE IT LEGENDARYAprende patrones de b\u00fasqueda y a recuperar tesoros perdidosA todos nos pasa, llega un d\u00eda, en cualquier inmersi\u00f3n, en la que t\u00fa o alguno de tus compa\u00f1eros pierde accidentalmente algo. Desde ordenadores de buceo y c\u00e1maras a anillos de boda.\u00a0 Pero tambi\u00e9n puede ocurrir, desafortunadamente, que en vez de un objeto se pierda [&hellip;]","og_url":"https:\/\/scuba-legends.com\/es\/especialidad-busqueda-y-recuperacion\/","og_site_name":"Scuba Legends","article_publisher":"https:\/\/www.facebook.com\/ScubaLegends\/","article_modified_time":"2022-09-04T14:33:59+00:00","og_image":[{"url":"https:\/\/scuba-legends.com\/wp-content\/uploads\/2020\/08\/Covid-80x80-1.png","type":"","width":"","height":""}],"twitter_card":"summary_large_image","twitter_site":"@scubalegends","twitter_misc":{"Tiempo de lectura":"3 minutos"},"schema":{"@context":"https:\/\/schema.org","@graph":[{"@type":"WebPage","@id":"https:\/\/scuba-legends.com\/es\/especialidad-busqueda-y-recuperacion\/","url":"https:\/\/scuba-legends.com\/es\/especialidad-busqueda-y-recuperacion\/","name":"Especialidad B\u00fasqueda y recuperaci\u00f3n - Scuba Legends","isPartOf":{"@id":"https:\/\/scuba-legends.com\/es\/#website"},"primaryImageOfPage":{"@id":"https:\/\/scuba-legends.com\/es\/especialidad-busqueda-y-recuperacion\/#primaryimage"},"image":{"@id":"https:\/\/scuba-legends.com\/es\/especialidad-busqueda-y-recuperacion\/#primaryimage"},"thumbnailUrl":"https:\/\/scuba-legends.com\/wp-content\/uploads\/2020\/08\/Covid-80x80-1.png","datePublished":"2020-09-08T19:23:42+00:00","dateModified":"2022-09-04T14:33:59+00:00","breadcrumb":{"@id":"https:\/\/scuba-legends.com\/es\/especialidad-busqueda-y-recuperacion\/#breadcrumb"},"inLanguage":"es","potentialAction":[{"@type":"ReadAction","target":["https:\/\/scuba-legends.com\/es\/especialidad-busqueda-y-recuperacion\/"]}]},{"@type":"ImageObject","inLanguage":"es","@id":"https:\/\/scuba-legends.com\/es\/especialidad-busqueda-y-recuperacion\/#primaryimage","url":"https:\/\/scuba-legends.com\/wp-content\/uploads\/2020\/08\/Covid-80x80-1.png","contentUrl":"https:\/\/scuba-legends.com\/wp-content\/uploads\/2020\/08\/Covid-80x80-1.png"},{"@type":"BreadcrumbList","@id":"https:\/\/scuba-legends.com\/es\/especialidad-busqueda-y-recuperacion\/#breadcrumb","itemListElement":[{"@type":"ListItem","position":1,"name":"Scuba Legends","item":"https:\/\/scuba-legends.com\/es\/"},{"@type":"ListItem","position":2,"name":"Especialidad B\u00fasqueda y recuperaci\u00f3n"}]},{"@type":"WebSite","@id":"https:\/\/scuba-legends.com\/es\/#website","url":"https:\/\/scuba-legends.com\/es\/","name":"Scuba Legends","description":"Dive Center Lanzarote","publisher":{"@id":"https:\/\/scuba-legends.com\/es\/#organization"},"potentialAction":[{"@type":"SearchAction","target":{"@type":"EntryPoint","urlTemplate":"https:\/\/scuba-legends.com\/es\/?s={search_term_string}"},"query-input":{"@type":"PropertyValueSpecification","valueRequired":true,"valueName":"search_term_string"}}],"inLanguage":"es"},{"@type":"Organization","@id":"https:\/\/scuba-legends.com\/es\/#organization","name":"Scuba Legends Dive Center Lanzarote","url":"https:\/\/scuba-legends.com\/es\/","logo":{"@type":"ImageObject","inLanguage":"es","@id":"https:\/\/scuba-legends.com\/es\/#\/schema\/logo\/image\/","url":"https:\/\/scuba-legends.com\/wp-content\/uploads\/2020\/01\/scuba_legends_favicon.png","contentUrl":"https:\/\/scuba-legends.com\/wp-content\/uploads\/2020\/01\/scuba_legends_favicon.png","width":512,"height":512,"caption":"Scuba Legends Dive Center Lanzarote"},"image":{"@id":"https:\/\/scuba-legends.com\/es\/#\/schema\/logo\/image\/"},"sameAs":["https:\/\/www.facebook.com\/ScubaLegends\/","https:\/\/x.com\/scubalegends","https:\/\/www.instagram.com\/scuba_legends\/","https:\/\/www.youtube.com\/channel\/UCUjHU7Mmii5SfLoodxNZmqQ"]}]}},"_links":{"self":[{"href":"https:\/\/scuba-legends.com\/es\/wp-json\/wp\/v2\/pages\/5382","targetHints":{"allow":["GET"]}}],"collection":[{"href":"https:\/\/scuba-legends.com\/es\/wp-json\/wp\/v2\/pages"}],"about":[{"href":"https:\/\/scuba-legends.com\/es\/wp-json\/wp\/v2\/types\/page"}],"author":[{"embeddable":true,"href":"https:\/\/scuba-legends.com\/es\/wp-json\/wp\/v2\/users\/2"}],"replies":[{"embeddable":true,"href":"https:\/\/scuba-legends.com\/es\/wp-json\/wp\/v2\/comments?post=5382"}],"version-history":[{"count":2,"href":"https:\/\/scuba-legends.com\/es\/wp-json\/wp\/v2\/pages\/5382\/revisions"}],"predecessor-version":[{"id":14665,"href":"https:\/\/scuba-legends.com\/es\/wp-json\/wp\/v2\/pages\/5382\/revisions\/14665"}],"wp:attachment":[{"href":"https:\/\/scuba-legends.com\/es\/wp-json\/wp\/v2\/media?parent=5382"}],"curies":[{"name":"wp","href":"https:\/\/api.w.org\/{rel}","templated":true}]}}