{"id":5375,"date":"2020-09-08T19:15:46","date_gmt":"2020-09-08T19:15:46","guid":{"rendered":"https:\/\/scuba-legends.com\/?page_id=5375"},"modified":"2026-01-06T09:32:35","modified_gmt":"2026-01-06T09:32:35","slug":"advanced-open-water","status":"publish","type":"page","link":"https:\/\/scuba-legends.com\/es\/advanced-open-water\/","title":{"rendered":"PADI Advanced Open Water"},"content":{"rendered":"<p>[et_pb_section fb_built=&#8221;1&#8243; fullwidth=&#8221;on&#8221; module_id=&#8221;spheader-section&#8221; _builder_version=&#8221;4.16&#8243; global_colors_info=&#8221;{}&#8221;][et_pb_fullwidth_header title=&#8221;PADI Advanced Open Water&#8221; _builder_version=&#8221;4.16&#8243; title_text_align=&#8221;left&#8221; title_font_size=&#8221;54px&#8221; subhead_font=&#8221;|||on|||||&#8221; background_image=&#8221;https:\/\/scuba-legends.com\/wp-content\/uploads\/2020\/09\/5-Advanced-1280&#215;900-1.jpg&#8221; width=&#8221;100%&#8221; module_alignment=&#8221;center&#8221; custom_padding=&#8221;80px||80px||true|&#8221; title_font_size_tablet=&#8221;44px&#8221; background_last_edited=&#8221;on|desktop&#8221; custom_css_main_element=&#8221;background-position: center -240px;&#8221; custom_css_title=&#8221;order: 2;&#8221; custom_css_subtitle=&#8221;order: 1;&#8221; global_colors_info=&#8221;{}&#8221; custom_css_main_element_last_edited=&#8221;on|tablet&#8221; custom_css_main_element_tablet=&#8221;background-position: center -70px;&#8221; custom_css_main_element_phone=&#8221;background-position: center center;&#8221;]<\/p>\n<p style=\"text-align: left;\">\u00a0MAKE IT LEGENDARY<\/p>\n<p>[\/et_pb_fullwidth_header][\/et_pb_section][et_pb_section fb_built=&#8221;1&#8243; _builder_version=&#8221;4.16&#8243; custom_margin=&#8221;-50px||||false|false&#8221; global_colors_info=&#8221;{}&#8221;][et_pb_row _builder_version=&#8221;4.16&#8243; global_colors_info=&#8221;{}&#8221;][et_pb_column type=&#8221;4_4&#8243; _builder_version=&#8221;4.16&#8243; global_colors_info=&#8221;{}&#8221;][et_pb_text _builder_version=&#8221;4.27.4&#8243; text_font_size=&#8221;18px&#8221; custom_margin=&#8221;-20px||||false|false&#8221; global_colors_info=&#8221;{}&#8221;]<\/p>\n<h2 style=\"text-align: center; color: #0db4d5;\">Convi\u00e9rtete en buceador PADI Avanzado en Lanzarote<\/h2>\n<p>[\/et_pb_text][et_pb_text admin_label=&#8221;Texto&#8221; _builder_version=&#8221;4.27.4&#8243; global_colors_info=&#8221;{}&#8221;]<\/p>\n<p>\u00a1Bucea m\u00e1s profundo, explora m\u00e1s lejos! Alcanza el siguiente nivel de aventura submarina con nuestro curso PADI Advanced Open Water en Lanzarote, Puerto del Carmen. Gana confianza, mejora tus habilidades de buceo, conquista nuevas profundidades y disfruta de emocionantes experiencias especializadas.<\/p>\n<p>Durante 5 inmersiones de aventura PADI, podr\u00e1s explorar y adquirir nuevas experiencias. Desde entrenamiento de flotabilidad y pr\u00e1cticas de respiraci\u00f3n hasta navegaci\u00f3n subacu\u00e1tica y buceo profundo. Explora pecios hundidos, obt\u00e9n una introducci\u00f3n al entrenamiento de rescate o aprende a bucear con aire enriquecido. <strong>Con el curso PADI Advanced Open Water, estar\u00e1s capacitado para bucear hasta una profundidad de 30 metros.<\/strong> Adem\u00e1s, cada inmersi\u00f3n de aventura cuenta como el primer paso para la especialidad correspondiente de PADI.<\/p>\n<p>\u00a1Convi\u00e9rtete en una leyenda del buceo! Te esperan una gran variedad de inmersiones de aventura, instructores expertos e inmersiones inolvidables.<\/p>\n<p>[\/et_pb_text][\/et_pb_column][\/et_pb_row][\/et_pb_section][et_pb_section fb_built=&#8221;1&#8243; _builder_version=&#8221;4.16&#8243; custom_margin=&#8221;-50px||||false|false&#8221; global_colors_info=&#8221;{}&#8221;][et_pb_row _builder_version=&#8221;4.16&#8243; custom_margin=&#8221;-20px||||false|false&#8221; global_colors_info=&#8221;{}&#8221;][et_pb_column type=&#8221;4_4&#8243; _builder_version=&#8221;4.16&#8243; global_colors_info=&#8221;{}&#8221;][et_pb_text _builder_version=&#8221;4.27.4&#8243; text_font_size=&#8221;18px&#8221; custom_margin=&#8221;-20px||||false|false&#8221; global_colors_info=&#8221;{}&#8221;]<\/p>\n<h2 style=\"text-align: center; color: #0db4d5;\">\u00bfEn qu\u00e9 consiste el curso PADI Advanced Open Water?<\/h2>\n<p>[\/et_pb_text][et_pb_text _builder_version=&#8221;4.27.5&#8243; hover_enabled=&#8221;0&#8243; global_colors_info=&#8221;{}&#8221; admin_label=&#8221;Texto&#8221; sticky_enabled=&#8221;0&#8243;]<\/p>\n<p>El curso PADI Advanced Open Water (AOWC) requiere <strong>5 inmersiones de aventura<\/strong>. La teor\u00eda se realiza en autoestudio antes de iniciar el curso a trav\u00e9s de PADI eLearning. Cada inmersi\u00f3n cubre un tema de aventura del PADI eLearning para introducirte en nuevas \u00e1reas.<\/p>\n<p>Las 5 inmersiones de aventura del AOWC se distribuyen en 2 d\u00edas de entrenamiento. Comenzamos alrededor de las 8:15 en Playa Chica (Puerto del Carmen) y terminamos entre la 1 y las 3 de la tarde. Las inmersiones de aventura est\u00e1n sujetas a disponibilidad y programaci\u00f3n.<\/p>\n<p>La inmersi\u00f3n profunda y el entrenamiento de navegaci\u00f3n subacu\u00e1tica son obligatorios, mientras que las otras tres aventuras las puedes elegir de los siguientes paquetes:<\/p>\n<ul>\n<li><strong>Flotabilidad de Alto Rendimiento<\/strong>: \u00a1Imprescindible para cualquier buceador!<\/li>\n<li><strong>Buceo en Pecios desde la Costa<\/strong>: Visita un peque\u00f1o pecio desde la orilla.<\/li>\n<li><strong>Aventura de Rescate<\/strong>: Obt\u00e9n una primera idea sobre el entrenamiento de rescate.<\/li>\n<li><strong>Despliegue de Boya de Superficie<\/strong>: Aprende a utilizar una boya para ascensos seguros.<\/li>\n<li><strong>Buceo desde Embarcaci\u00f3n<\/strong>: Aprende sobre procedimientos y seguridad en el buceo desde barco.<\/li>\n<li><strong>Buceo en Pecios desde Embarcaci\u00f3n<\/strong>: Explora los pecios de Puerto del Carmen desde barco.<\/li>\n<\/ul>\n<p><strong>OFERTA ESPECIAL +145,00\u20ac<\/strong><br \/>A\u00f1ade la <strong>especialidad PADI de Enriched Air (Nitrox)<\/strong> a precio reducido a cualquiera de los paquetes AOWC y obt\u00e9n una certificaci\u00f3n extra. Aprende todo sobre Nitrox: beneficios, an\u00e1lisis de tanques, configuraci\u00f3n de ordenadores y regulaciones de profundidad (no se requieren inmersiones; incluye PADI eLearning y tasas de certificaci\u00f3n).<\/p>\n<p><strong>Duraci\u00f3n de la actividad<\/strong>:<\/p>\n<ul>\n<li style=\"list-style-type: none;\">\n<ul>\n<li>2 d\u00edas + eLearning<\/li>\n<\/ul>\n<\/li>\n<\/ul>\n<p><strong>Requisitos:<\/strong><\/p>\n<ul>\n<li style=\"list-style-type: none;\">\n<ul>\n<li>M\u00e1s de 12 a\u00f1os<\/li>\n<li>Ser Open Water Diver<\/li>\n<li>Estado de salud apto para buceo<\/li>\n<\/ul>\n<\/li>\n<\/ul>\n<p>[\/et_pb_text][\/et_pb_column][\/et_pb_row][et_pb_row column_structure=&#8221;1_3,1_3,1_3&#8243; make_equal=&#8221;on&#8221; disabled_on=&#8221;off|off|off&#8221; admin_label=&#8221;Fila&#8221; _builder_version=&#8221;4.27.4&#8243; custom_margin=&#8221;-20px||||false|false&#8221; locked=&#8221;off&#8221; global_colors_info=&#8221;{}&#8221;][et_pb_column type=&#8221;1_3&#8243; _builder_version=&#8221;4.16&#8243; global_colors_info=&#8221;{}&#8221;][et_pb_text module_id=&#8221;moreinfo-1&#8243; module_class=&#8221;pricing-holder&#8221; _builder_version=&#8221;4.27.4&#8243; text_line_height=&#8221;1.3em&#8221; custom_padding=&#8221;||25px||false|false&#8221; animation_style=&#8221;zoom&#8221; custom_css_main_element=&#8221;overflow: visible;&#8221; border_radii=&#8221;on|3px|3px|3px|3px&#8221; box_shadow_style=&#8221;preset1&#8243; box_shadow_blur=&#8221;11px&#8221; box_shadow_color=&#8221;#0db4d5&#8243; global_colors_info=&#8221;{}&#8221;]<\/p>\n<div style=\"text-align: center; color: #ffffff;\">.<\/div>\n<div class=\"price-holder\"><img loading=\"lazy\" decoding=\"async\" class=\"wp-image-4540 size-full aligncenter\" src=\"https:\/\/scuba-legends.com\/wp-content\/uploads\/2020\/08\/icono-ok-80x80-1.jpg\" alt=\"\" width=\"80\" height=\"80\" \/><\/div>\n<div style=\"text-align: center; color: #ffffff;\">.<\/div>\n<h6 style=\"text-align: center; color: #0db4d5;\">B\u00c1SICO<\/h6>\n<div class=\"price-inner-content\">\n<p style=\"text-align: center;\">PADI eLearning + certificaci\u00f3n digital<br \/>Refrigerio y snacks<\/p>\n<p style=\"text-align: center;\"><strong>5 Inmersiones de Aventura:<\/strong><br \/>Navegaci\u00f3n<br \/>Buceo Profundo<br \/>Flotabilidad<br \/>Pecios desde la orilla<br \/>Despliegue de Boya de Superficie<\/p>\n<p>&nbsp;<\/p>\n<\/div>\n<p>[\/et_pb_text][et_pb_button button_url=&#8221;https:\/\/app.bukyapp.com\/front\/673ef83180e03463a90b61e6\/product\/67477797df06bb0ee0759414&#8243; url_new_window=&#8221;on&#8221; button_text=&#8221;Desde 379,00\u20ac&#8221; button_alignment=&#8221;center&#8221; _builder_version=&#8221;4.27.4&#8243; custom_button=&#8221;on&#8221; button_text_size=&#8221;16px&#8221; button_text_color=&#8221;#ffffff&#8221; button_bg_color=&#8221;#0db4d5&#8243; button_border_radius=&#8221;6px&#8221; custom_margin=&#8221;-93px||||false|false&#8221; global_colors_info=&#8221;{}&#8221;][\/et_pb_button][\/et_pb_column][et_pb_column type=&#8221;1_3&#8243; _builder_version=&#8221;4.16&#8243; global_colors_info=&#8221;{}&#8221;][et_pb_text module_id=&#8221;moreinfo-1&#8243; module_class=&#8221;pricing-holder&#8221; _builder_version=&#8221;4.27.4&#8243; text_line_height=&#8221;1.3em&#8221; custom_padding=&#8221;||25px||false|false&#8221; animation_style=&#8221;zoom&#8221; custom_css_main_element=&#8221;overflow: visible;&#8221; border_radii=&#8221;on|3px|3px|3px|3px&#8221; box_shadow_style=&#8221;preset1&#8243; box_shadow_blur=&#8221;30px&#8221; box_shadow_color=&#8221;#0db4d5&#8243; global_colors_info=&#8221;{}&#8221;]<\/p>\n<div style=\"text-align: center; color: #ffffff;\">.<\/div>\n<div class=\"price-holder\"><img loading=\"lazy\" decoding=\"async\" class=\"wp-image-4541 size-full aligncenter\" src=\"https:\/\/scuba-legends.com\/wp-content\/uploads\/2020\/08\/icon-bubbles-80x80-1.jpg\" alt=\"\" width=\"80\" height=\"80\" \/><\/div>\n<div style=\"text-align: center; color: #ffffff;\">.<\/div>\n<h6 style=\"text-align: center; color: #0db4d5;\">PREMIUM<\/h6>\n<div class=\"price-inner-content\">\n<p style=\"text-align: center;\">PADI eLearning + certificaci\u00f3n digital<br \/>Refrigerio y snacks<\/p>\n<p style=\"text-align: center;\"><strong>5 Inmersiones de Aventura:<\/strong><br \/>Navegaci\u00f3n<br \/>Buceo Profundo<br \/>Flotabilidad<br \/>Pecios desde la orilla<br \/>Rescate<\/p>\n<p>&nbsp;<\/p>\n<\/div>\n<p>[\/et_pb_text][et_pb_button button_url=&#8221;https:\/\/app.bukyapp.com\/front\/673ef83180e03463a90b61e6\/product\/67477797df06bb0ee0759414&#8243; url_new_window=&#8221;on&#8221; button_text=&#8221;Desde 399,00\u20ac&#8221; button_alignment=&#8221;center&#8221; _builder_version=&#8221;4.27.4&#8243; custom_button=&#8221;on&#8221; button_text_size=&#8221;16px&#8221; button_text_color=&#8221;#ffffff&#8221; button_bg_color=&#8221;#0db4d5&#8243; button_border_radius=&#8221;6px&#8221; custom_margin=&#8221;-93px||||false|false&#8221; global_colors_info=&#8221;{}&#8221;][\/et_pb_button][\/et_pb_column][et_pb_column type=&#8221;1_3&#8243; _builder_version=&#8221;4.16&#8243; global_colors_info=&#8221;{}&#8221;][et_pb_text module_id=&#8221;moreinfo-1&#8243; module_class=&#8221;pricing-holder&#8221; _builder_version=&#8221;4.27.4&#8243; text_line_height=&#8221;1.3em&#8221; custom_padding=&#8221;||25px||false|false&#8221; animation_style=&#8221;zoom&#8221; custom_css_main_element=&#8221;overflow: visible;&#8221; border_radii=&#8221;on|3px|3px|3px|3px&#8221; box_shadow_style=&#8221;preset1&#8243; box_shadow_blur=&#8221;11px&#8221; box_shadow_color=&#8221;#0db4d5&#8243; global_colors_info=&#8221;{}&#8221;]<\/p>\n<div style=\"text-align: center; color: #ffffff;\">.<\/div>\n<div class=\"price-holder\"><img loading=\"lazy\" decoding=\"async\" class=\"wp-image-4541 size-full aligncenter\" src=\"https:\/\/scuba-legends.com\/wp-content\/uploads\/2020\/08\/icono-cool-80x80-1.jpg\" alt=\"\" width=\"80\" height=\"80\" \/><\/div>\n<div style=\"text-align: center; color: #ffffff;\">.<\/div>\n<h6 style=\"text-align: center; color: #0db4d5;\">VIP<\/h6>\n<div class=\"price-inner-content\">\n<p style=\"text-align: center;\">PADI eLearning + certificaci\u00f3n digital<br \/>Refrigerio y snacks<\/p>\n<p style=\"text-align: center;\"><strong>5 Inmersiones de Aventura:<\/strong><br \/>Navegaci\u00f3n<br \/>Buceo Profundo<br \/>Flotabilidad<br \/>Buceo desde Embarcaci\u00f3n<br \/>Pecios desde barco<\/p>\n<p>&nbsp;<\/p>\n<\/div>\n<p>[\/et_pb_text][et_pb_button button_url=&#8221;https:\/\/app.bukyapp.com\/front\/673ef83180e03463a90b61e6\/product\/67477797df06bb0ee0759414&#8243; url_new_window=&#8221;on&#8221; button_text=&#8221;Desde 415,00\u20ac&#8221; button_alignment=&#8221;center&#8221; _builder_version=&#8221;4.27.4&#8243; custom_button=&#8221;on&#8221; button_text_size=&#8221;16px&#8221; button_text_color=&#8221;#ffffff&#8221; button_bg_color=&#8221;#0db4d5&#8243; button_border_radius=&#8221;6px&#8221; custom_margin=&#8221;-93px||||false|false&#8221; global_colors_info=&#8221;{}&#8221;][\/et_pb_button][\/et_pb_column][\/et_pb_row][\/et_pb_section]<\/p>\n","protected":false},"excerpt":{"rendered":"<p>\u00a0MAKE IT LEGENDARYConvi\u00e9rtete en buceador PADI Avanzado en Lanzarote\u00a1Bucea m\u00e1s profundo, explora m\u00e1s lejos! Alcanza el siguiente nivel de aventura submarina con nuestro curso PADI Advanced Open Water en Lanzarote, Puerto del Carmen. Gana confianza, mejora tus habilidades de buceo, conquista nuevas profundidades y disfruta de emocionantes experiencias especializadas. Durante 5 inmersiones de aventura PADI, [&hellip;]<\/p>\n","protected":false},"author":2,"featured_media":0,"parent":0,"menu_order":176,"comment_status":"closed","ping_status":"closed","template":"","meta":{"_acf_changed":false,"_et_pb_use_builder":"on","_et_pb_old_content":"","_et_gb_content_width":"","footnotes":""},"class_list":["post-5375","page","type-page","status-publish","hentry"],"acf":[],"yoast_head":"<!-- This site is optimized with the Yoast SEO plugin v27.3 - https:\/\/yoast.com\/product\/yoast-seo-wordpress\/ -->\n<title>Curso Avanzado PADI - Scuba Legends Centro de Buceo Lanzarote<\/title>\n<meta name=\"description\" content=\"Curso Padi Advanzado:5 inmersiones de aventura PADI, estar\u00e1s capacitado para bucear hasta una profundidad de 30 metros.\" \/>\n<meta name=\"robots\" content=\"index, follow, max-snippet:-1, max-image-preview:large, max-video-preview:-1\" \/>\n<link rel=\"canonical\" href=\"https:\/\/scuba-legends.com\/es\/advanced-open-water\/\" \/>\n<meta property=\"og:locale\" content=\"es_ES\" \/>\n<meta property=\"og:type\" content=\"article\" \/>\n<meta property=\"og:title\" content=\"Curso Avanzado PADI - Scuba Legends Centro de Buceo Lanzarote\" \/>\n<meta property=\"og:description\" content=\"Curso Padi Advanzado:5 inmersiones de aventura PADI, estar\u00e1s capacitado para bucear hasta una profundidad de 30 metros.\" \/>\n<meta property=\"og:url\" content=\"https:\/\/scuba-legends.com\/es\/advanced-open-water\/\" \/>\n<meta property=\"og:site_name\" content=\"Scuba Legends\" \/>\n<meta property=\"article:publisher\" content=\"https:\/\/www.facebook.com\/ScubaLegends\/\" \/>\n<meta property=\"article:modified_time\" content=\"2026-01-06T09:32:35+00:00\" \/>\n<meta property=\"og:image\" content=\"https:\/\/scuba-legends.com\/wp-content\/uploads\/2020\/08\/Devolucion-80x80-2.png\" \/>\n\t<meta property=\"og:image:width\" content=\"80\" \/>\n\t<meta property=\"og:image:height\" content=\"80\" \/>\n\t<meta property=\"og:image:type\" content=\"image\/png\" \/>\n<meta name=\"twitter:card\" content=\"summary_large_image\" \/>\n<meta name=\"twitter:site\" content=\"@scubalegends\" \/>\n<meta name=\"twitter:label1\" content=\"Tiempo de lectura\" \/>\n\t<meta name=\"twitter:data1\" content=\"3 minutos\" \/>\n<script type=\"application\/ld+json\" class=\"yoast-schema-graph\">{\"@context\":\"https:\\\/\\\/schema.org\",\"@graph\":[{\"@type\":\"WebPage\",\"@id\":\"https:\\\/\\\/scuba-legends.com\\\/es\\\/advanced-open-water\\\/\",\"url\":\"https:\\\/\\\/scuba-legends.com\\\/es\\\/advanced-open-water\\\/\",\"name\":\"Curso Avanzado PADI - Scuba Legends Centro de Buceo Lanzarote\",\"isPartOf\":{\"@id\":\"https:\\\/\\\/scuba-legends.com\\\/es\\\/#website\"},\"primaryImageOfPage\":{\"@id\":\"https:\\\/\\\/scuba-legends.com\\\/es\\\/advanced-open-water\\\/#primaryimage\"},\"image\":{\"@id\":\"https:\\\/\\\/scuba-legends.com\\\/es\\\/advanced-open-water\\\/#primaryimage\"},\"thumbnailUrl\":\"https:\\\/\\\/scuba-legends.com\\\/wp-content\\\/uploads\\\/2020\\\/08\\\/icono-ok-80x80-1.jpg\",\"datePublished\":\"2020-09-08T19:15:46+00:00\",\"dateModified\":\"2026-01-06T09:32:35+00:00\",\"description\":\"Curso Padi Advanzado:5 inmersiones de aventura PADI, estar\u00e1s capacitado para bucear hasta una profundidad de 30 metros.\",\"breadcrumb\":{\"@id\":\"https:\\\/\\\/scuba-legends.com\\\/es\\\/advanced-open-water\\\/#breadcrumb\"},\"inLanguage\":\"es\",\"potentialAction\":[{\"@type\":\"ReadAction\",\"target\":[\"https:\\\/\\\/scuba-legends.com\\\/es\\\/advanced-open-water\\\/\"]}]},{\"@type\":\"ImageObject\",\"inLanguage\":\"es\",\"@id\":\"https:\\\/\\\/scuba-legends.com\\\/es\\\/advanced-open-water\\\/#primaryimage\",\"url\":\"https:\\\/\\\/scuba-legends.com\\\/wp-content\\\/uploads\\\/2020\\\/08\\\/icono-ok-80x80-1.jpg\",\"contentUrl\":\"https:\\\/\\\/scuba-legends.com\\\/wp-content\\\/uploads\\\/2020\\\/08\\\/icono-ok-80x80-1.jpg\"},{\"@type\":\"BreadcrumbList\",\"@id\":\"https:\\\/\\\/scuba-legends.com\\\/es\\\/advanced-open-water\\\/#breadcrumb\",\"itemListElement\":[{\"@type\":\"ListItem\",\"position\":1,\"name\":\"Scuba Legends\",\"item\":\"https:\\\/\\\/scuba-legends.com\\\/es\\\/\"},{\"@type\":\"ListItem\",\"position\":2,\"name\":\"PADI Advanced Open Water\"}]},{\"@type\":\"WebSite\",\"@id\":\"https:\\\/\\\/scuba-legends.com\\\/es\\\/#website\",\"url\":\"https:\\\/\\\/scuba-legends.com\\\/es\\\/\",\"name\":\"Scuba Legends\",\"description\":\"Dive Center Lanzarote\",\"publisher\":{\"@id\":\"https:\\\/\\\/scuba-legends.com\\\/es\\\/#organization\"},\"potentialAction\":[{\"@type\":\"SearchAction\",\"target\":{\"@type\":\"EntryPoint\",\"urlTemplate\":\"https:\\\/\\\/scuba-legends.com\\\/es\\\/?s={search_term_string}\"},\"query-input\":{\"@type\":\"PropertyValueSpecification\",\"valueRequired\":true,\"valueName\":\"search_term_string\"}}],\"inLanguage\":\"es\"},{\"@type\":\"Organization\",\"@id\":\"https:\\\/\\\/scuba-legends.com\\\/es\\\/#organization\",\"name\":\"Scuba Legends Dive Center Lanzarote\",\"url\":\"https:\\\/\\\/scuba-legends.com\\\/es\\\/\",\"logo\":{\"@type\":\"ImageObject\",\"inLanguage\":\"es\",\"@id\":\"https:\\\/\\\/scuba-legends.com\\\/es\\\/#\\\/schema\\\/logo\\\/image\\\/\",\"url\":\"https:\\\/\\\/scuba-legends.com\\\/wp-content\\\/uploads\\\/2020\\\/01\\\/scuba_legends_favicon.png\",\"contentUrl\":\"https:\\\/\\\/scuba-legends.com\\\/wp-content\\\/uploads\\\/2020\\\/01\\\/scuba_legends_favicon.png\",\"width\":512,\"height\":512,\"caption\":\"Scuba Legends Dive Center Lanzarote\"},\"image\":{\"@id\":\"https:\\\/\\\/scuba-legends.com\\\/es\\\/#\\\/schema\\\/logo\\\/image\\\/\"},\"sameAs\":[\"https:\\\/\\\/www.facebook.com\\\/ScubaLegends\\\/\",\"https:\\\/\\\/x.com\\\/scubalegends\",\"https:\\\/\\\/www.instagram.com\\\/scuba_legends\\\/\",\"https:\\\/\\\/www.youtube.com\\\/channel\\\/UCUjHU7Mmii5SfLoodxNZmqQ\"]}]}<\/script>\n<!-- \/ Yoast SEO plugin. -->","yoast_head_json":{"title":"Curso Avanzado PADI - Scuba Legends Centro de Buceo Lanzarote","description":"Curso Padi Advanzado:5 inmersiones de aventura PADI, estar\u00e1s capacitado para bucear hasta una profundidad de 30 metros.","robots":{"index":"index","follow":"follow","max-snippet":"max-snippet:-1","max-image-preview":"max-image-preview:large","max-video-preview":"max-video-preview:-1"},"canonical":"https:\/\/scuba-legends.com\/es\/advanced-open-water\/","og_locale":"es_ES","og_type":"article","og_title":"Curso Avanzado PADI - Scuba Legends Centro de Buceo Lanzarote","og_description":"Curso Padi Advanzado:5 inmersiones de aventura PADI, estar\u00e1s capacitado para bucear hasta una profundidad de 30 metros.","og_url":"https:\/\/scuba-legends.com\/es\/advanced-open-water\/","og_site_name":"Scuba Legends","article_publisher":"https:\/\/www.facebook.com\/ScubaLegends\/","article_modified_time":"2026-01-06T09:32:35+00:00","og_image":[{"width":80,"height":80,"url":"https:\/\/scuba-legends.com\/wp-content\/uploads\/2020\/08\/Devolucion-80x80-2.png","type":"image\/png"}],"twitter_card":"summary_large_image","twitter_site":"@scubalegends","twitter_misc":{"Tiempo de lectura":"3 minutos"},"schema":{"@context":"https:\/\/schema.org","@graph":[{"@type":"WebPage","@id":"https:\/\/scuba-legends.com\/es\/advanced-open-water\/","url":"https:\/\/scuba-legends.com\/es\/advanced-open-water\/","name":"Curso Avanzado PADI - Scuba Legends Centro de Buceo Lanzarote","isPartOf":{"@id":"https:\/\/scuba-legends.com\/es\/#website"},"primaryImageOfPage":{"@id":"https:\/\/scuba-legends.com\/es\/advanced-open-water\/#primaryimage"},"image":{"@id":"https:\/\/scuba-legends.com\/es\/advanced-open-water\/#primaryimage"},"thumbnailUrl":"https:\/\/scuba-legends.com\/wp-content\/uploads\/2020\/08\/icono-ok-80x80-1.jpg","datePublished":"2020-09-08T19:15:46+00:00","dateModified":"2026-01-06T09:32:35+00:00","description":"Curso Padi Advanzado:5 inmersiones de aventura PADI, estar\u00e1s capacitado para bucear hasta una profundidad de 30 metros.","breadcrumb":{"@id":"https:\/\/scuba-legends.com\/es\/advanced-open-water\/#breadcrumb"},"inLanguage":"es","potentialAction":[{"@type":"ReadAction","target":["https:\/\/scuba-legends.com\/es\/advanced-open-water\/"]}]},{"@type":"ImageObject","inLanguage":"es","@id":"https:\/\/scuba-legends.com\/es\/advanced-open-water\/#primaryimage","url":"https:\/\/scuba-legends.com\/wp-content\/uploads\/2020\/08\/icono-ok-80x80-1.jpg","contentUrl":"https:\/\/scuba-legends.com\/wp-content\/uploads\/2020\/08\/icono-ok-80x80-1.jpg"},{"@type":"BreadcrumbList","@id":"https:\/\/scuba-legends.com\/es\/advanced-open-water\/#breadcrumb","itemListElement":[{"@type":"ListItem","position":1,"name":"Scuba Legends","item":"https:\/\/scuba-legends.com\/es\/"},{"@type":"ListItem","position":2,"name":"PADI Advanced Open Water"}]},{"@type":"WebSite","@id":"https:\/\/scuba-legends.com\/es\/#website","url":"https:\/\/scuba-legends.com\/es\/","name":"Scuba Legends","description":"Dive Center Lanzarote","publisher":{"@id":"https:\/\/scuba-legends.com\/es\/#organization"},"potentialAction":[{"@type":"SearchAction","target":{"@type":"EntryPoint","urlTemplate":"https:\/\/scuba-legends.com\/es\/?s={search_term_string}"},"query-input":{"@type":"PropertyValueSpecification","valueRequired":true,"valueName":"search_term_string"}}],"inLanguage":"es"},{"@type":"Organization","@id":"https:\/\/scuba-legends.com\/es\/#organization","name":"Scuba Legends Dive Center Lanzarote","url":"https:\/\/scuba-legends.com\/es\/","logo":{"@type":"ImageObject","inLanguage":"es","@id":"https:\/\/scuba-legends.com\/es\/#\/schema\/logo\/image\/","url":"https:\/\/scuba-legends.com\/wp-content\/uploads\/2020\/01\/scuba_legends_favicon.png","contentUrl":"https:\/\/scuba-legends.com\/wp-content\/uploads\/2020\/01\/scuba_legends_favicon.png","width":512,"height":512,"caption":"Scuba Legends Dive Center Lanzarote"},"image":{"@id":"https:\/\/scuba-legends.com\/es\/#\/schema\/logo\/image\/"},"sameAs":["https:\/\/www.facebook.com\/ScubaLegends\/","https:\/\/x.com\/scubalegends","https:\/\/www.instagram.com\/scuba_legends\/","https:\/\/www.youtube.com\/channel\/UCUjHU7Mmii5SfLoodxNZmqQ"]}]}},"_links":{"self":[{"href":"https:\/\/scuba-legends.com\/es\/wp-json\/wp\/v2\/pages\/5375","targetHints":{"allow":["GET"]}}],"collection":[{"href":"https:\/\/scuba-legends.com\/es\/wp-json\/wp\/v2\/pages"}],"about":[{"href":"https:\/\/scuba-legends.com\/es\/wp-json\/wp\/v2\/types\/page"}],"author":[{"embeddable":true,"href":"https:\/\/scuba-legends.com\/es\/wp-json\/wp\/v2\/users\/2"}],"replies":[{"embeddable":true,"href":"https:\/\/scuba-legends.com\/es\/wp-json\/wp\/v2\/comments?post=5375"}],"version-history":[{"count":28,"href":"https:\/\/scuba-legends.com\/es\/wp-json\/wp\/v2\/pages\/5375\/revisions"}],"predecessor-version":[{"id":20103,"href":"https:\/\/scuba-legends.com\/es\/wp-json\/wp\/v2\/pages\/5375\/revisions\/20103"}],"wp:attachment":[{"href":"https:\/\/scuba-legends.com\/es\/wp-json\/wp\/v2\/media?parent=5375"}],"curies":[{"name":"wp","href":"https:\/\/api.w.org\/{rel}","templated":true}]}}