{"id":5176,"date":"2020-09-06T11:40:19","date_gmt":"2020-09-06T11:40:19","guid":{"rendered":"https:\/\/scuba-legends.com\/?page_id=5176"},"modified":"2025-08-14T12:18:55","modified_gmt":"2025-08-14T12:18:55","slug":"snorkel-puerto-del-carmen","status":"publish","type":"page","link":"https:\/\/scuba-legends.com\/es\/snorkel-puerto-del-carmen\/","title":{"rendered":"Snorkel en Lanzarote"},"content":{"rendered":"<p>[et_pb_section fb_built=&#8221;1&#8243; fullwidth=&#8221;on&#8221; module_id=&#8221;spheader-section&#8221; _builder_version=&#8221;4.16&#8243; global_colors_info=&#8221;{}&#8221;][et_pb_fullwidth_header title=&#8221;SNORKEL EN LANZAROTE&#8221; content_max_width=&#8221;95%&#8221; admin_label=&#8221;T\u00edtulo de anchura completa&#8221; _builder_version=&#8221;4.25.1&#8243; title_font=&#8221;|||on|||||&#8221; title_font_size=&#8221;54px&#8221; subhead_font=&#8221;|||on|||||&#8221; background_image=&#8221;https:\/\/scuba-legends.com\/wp-content\/uploads\/2020\/02\/Snorkel_Header-scaled.jpg&#8221; background_position=&#8221;bottom_center&#8221; width=&#8221;95%&#8221; module_alignment=&#8221;center&#8221; custom_padding=&#8221;80px||80px||true|&#8221; title_font_size_tablet=&#8221;44px&#8221; background_last_edited=&#8221;off|desktop&#8221; background_image_phone=&#8221;https:\/\/scuba-legends.com\/wp-content\/uploads\/2020\/01\/museo_mobile_header_bg.png&#8221; background_enable_image_phone=&#8221;on&#8221; custom_css_title=&#8221;order: 2;&#8221; custom_css_subtitle=&#8221;order: 1;&#8221; global_colors_info=&#8221;{}&#8221;]<\/p>\n<p>MAKE IT LEGENDARY<\/p>\n<p>[\/et_pb_fullwidth_header][\/et_pb_section][et_pb_section fb_built=&#8221;1&#8243; _builder_version=&#8221;4.16&#8243; custom_margin=&#8221;-50px||||false|false&#8221; locked=&#8221;off&#8221; global_colors_info=&#8221;{}&#8221;][et_pb_row _builder_version=&#8221;4.16&#8243; global_colors_info=&#8221;{}&#8221;][et_pb_column type=&#8221;4_4&#8243; _builder_version=&#8221;4.16&#8243; global_colors_info=&#8221;{}&#8221;][et_pb_text admin_label=&#8221;Text&#8221; _builder_version=&#8221;4.25.1&#8243; text_font_size=&#8221;18px&#8221; custom_margin=&#8221;-20px||||false|false&#8221; global_colors_info=&#8221;{}&#8221;]<\/p>\n<h2 style=\"text-align: center; color: #0db4d5;\">Excursi\u00f3n de Snorkel en Lanzarote con Scuba Legends<\/h2>\n<p>[\/et_pb_text][et_pb_text _builder_version=&#8221;4.25.1&#8243; global_colors_info=&#8221;{}&#8221;]<\/p>\n<h3>Explora Playa Chica: Un Para\u00edso para el Snorkel<\/h3>\n<p>Bienvenido a Scuba Legends, tu escuela de buceo de primera clase para una inolvidable excursi\u00f3n de snorkel en Puerto del Carmen, Lanzarote. Sum\u00e9rgete en el vibrante mundo submarino de <strong>Playa Chica, un para\u00edso para \u00a0el snorkel<\/strong>, conocido por sus aguas claras y su maravillosa fauna marina. El snorkel es una <strong>actividad para toda la familia, ni\u00f1os y adultos de todas las edades<\/strong>. Es una actividad muy relajante; nos movemos tranquilamente con tubo, mascara y alteas en la superficie para que puedas disfrutar del entorno. Tambi\u00e9n llevar\u00e1s un traje de neopreno para mantenerte caliente y flotar sin esfuerzo en la superficie.<\/p>\n<p>Nuestra excursi\u00f3n de snorkel en Playa Chica ofrece una incre\u00edble aventura para los amantes del agua de <strong>todos los niveles de experiencia<\/strong>. Ya seas un snorkelista experimentado o un explorador principiante, nuestros gu\u00edas experimentados te explicar\u00e1n c\u00f3mo usar el equipo y te familiarizar\u00e1n con el snorkel. Con un f\u00e1cil acceso desde la playa, las aguas tranquilas y poco profundas de Playa Chica son el lugar perfecto para hacer snorkel. Comenzamos en la bah\u00eda protegida y, una vez que te sientas c\u00f3modo, exploramos los arrecifes m\u00e1s grandes. En un <strong>grupo peque\u00f1o<\/strong>, te mostraremos la vida marina y nos aseguraremos de que tengas una experiencia <strong>segura<\/strong> y placentera.<\/p>\n<h3>Explora el Mundo Submarino<\/h3>\n<p>El ecosistema submarino de Playa Chica est\u00e1 lleno de una variedad de especies marinas. Mientras haces snorkel en la superficie a lo largo de los arrecifes, te encontrar\u00e1s con cientos de peces y estar\u00e1s rodeado de habitantes marinos, mientras la luz del sol dibuja sus formas en la arena clara y las rocas volc\u00e1nicas. <strong>Los arrecifes rocosos y las formaciones volc\u00e1nicas<\/strong> ofrecen el h\u00e1bitat perfecto para una multitud de criaturas marinas. Te sorprender\u00e1 la <strong>rica<\/strong> <strong>biodiversidad<\/strong> que prospera en estas aguas, desde los cangrejos m\u00e1s peque\u00f1os hasta las majestuosas rayas que se deslizan sin esfuerzo por el mar. Estate atento a los coloridos peces viejas, pececillos, lenguados, pulpos, calamares, peces trompeta, sardinas y barracudas, que a\u00f1adir\u00e1n un toque de emoci\u00f3n a tu aventura de snorkel.<\/p>\n<h3>\u00bfPor qu\u00e9 reservar con Scuba Legends?<\/h3>\n<p>En Scuba Legends, nos enorgullecemos de ofrecer una experiencia de snorkel <strong>segura, educativa y consciente del medio ambiente<\/strong>. Nuestros gu\u00edas est\u00e1n educados y apasionados por el mundo marino y comprometidos con la protecci\u00f3n del oc\u00e9ano. Te brindar\u00e1n fascinantes conocimientos sobre el mundo submarino y se asegurar\u00e1n de que regreses a casa con una mayor apreciaci\u00f3n de la belleza de nuestros oc\u00e9anos. Adem\u00e1s, proporcionamos <strong>equipo de snorkel de alta calidad<\/strong> y cubrimos el seguro para la actividad.<\/p>\n<h3>Tu Aventura de Snorkel<\/h3>\n<p>Reserva con Scuba Legends para una <strong>inolvidable excursi\u00f3n de snorkel en Playa Chica, Puerto del Carmen<\/strong>. Ya sea que desees explorar el mundo submarino por primera vez o seas un snorkelista experimentado buscando una nueva aventura, nuestras excursiones est\u00e1n dise\u00f1adas para ofrecer a todos una experiencia excepcional.<\/p>\n<p><strong>Haz snorkel en la belleza de Playa Chica y crea momentos inolvidables.<\/strong><\/p>\n<p>[\/et_pb_text][\/et_pb_column][\/et_pb_row][\/et_pb_section][et_pb_section fb_built=&#8221;1&#8243; _builder_version=&#8221;4.25.1&#8243; custom_margin=&#8221;-120px||||false|false&#8221; locked=&#8221;off&#8221; global_colors_info=&#8221;{}&#8221;][et_pb_row _builder_version=&#8221;4.25.1&#8243; custom_margin=&#8221;||5px||false|false&#8221; global_colors_info=&#8221;{}&#8221;][et_pb_column type=&#8221;4_4&#8243; _builder_version=&#8221;4.16&#8243; global_colors_info=&#8221;{}&#8221;][et_pb_button button_url=&#8221;https:\/\/app.bukyapp.com\/front\/673ef83180e03463a90b61e6\/product\/67568ccf58b6804f2a656a21&#8243; url_new_window=&#8221;on&#8221; button_text=&#8221;DISPONIBILIDAD Y PRECIOS&#8221; button_alignment=&#8221;center&#8221; admin_label=&#8221;Bot\u00f3n&#8221; _builder_version=&#8221;4.27.4&#8243; custom_button=&#8221;on&#8221; button_text_size=&#8221;16px&#8221; button_text_color=&#8221;#ffffff&#8221; button_bg_color=&#8221;#0db4d5&#8243; button_border_radius=&#8221;6px&#8221; custom_margin=&#8221;||30px||false|false&#8221; global_colors_info=&#8221;{}&#8221;][\/et_pb_button][et_pb_button button_url=&#8221;https:\/\/fareharbor.com\/embeds\/book\/scuba-legends\/items\/269734\/?flow=489644&#8243; button_text=&#8221;DISPONIBILIDAD Y PRECIOS&#8221; button_alignment=&#8221;center&#8221; disabled_on=&#8221;on|on|on&#8221; admin_label=&#8221;Bot\u00f3n&#8221; _builder_version=&#8221;4.25.1&#8243; custom_button=&#8221;on&#8221; button_text_size=&#8221;16px&#8221; button_text_color=&#8221;#ffffff&#8221; button_bg_color=&#8221;#0db4d5&#8243; button_border_radius=&#8221;6px&#8221; custom_margin=&#8221;||30px||false|false&#8221; disabled=&#8221;on&#8221; global_colors_info=&#8221;{}&#8221;][\/et_pb_button][\/et_pb_column][\/et_pb_row][et_pb_row _builder_version=&#8221;4.16&#8243; custom_margin=&#8221;-20px||||false|false&#8221; locked=&#8221;off&#8221; global_colors_info=&#8221;{}&#8221;][et_pb_column type=&#8221;4_4&#8243; _builder_version=&#8221;4.16&#8243; global_colors_info=&#8221;{}&#8221;][et_pb_text admin_label=&#8221;Text&#8221; _builder_version=&#8221;4.25.1&#8243; text_font_size=&#8221;18px&#8221; custom_margin=&#8221;-20px||||false|false&#8221; global_colors_info=&#8221;{}&#8221;]<\/p>\n<h2 style=\"text-align: center; color: #0db4d5;\">Reserva hoy mismo tu excursi\u00f3n de snorkel en Lanzarote y explora el Oc\u00e9ano Atl\u00e1ntico.<\/h2>\n<p>[\/et_pb_text][\/et_pb_column][\/et_pb_row][et_pb_row column_structure=&#8221;1_3,1_3,1_3&#8243; _builder_version=&#8221;4.16&#8243; locked=&#8221;off&#8221; global_colors_info=&#8221;{}&#8221;][et_pb_column type=&#8221;1_3&#8243; _builder_version=&#8221;4.16&#8243; global_colors_info=&#8221;{}&#8221;][et_pb_text admin_label=&#8221;Text&#8221; _builder_version=&#8221;4.27.4&#8243; background_color=&#8221;rgba(13,180,213,0.17)&#8221; custom_padding=&#8221;25px|25px|25px|25px|false|false&#8221; border_radii=&#8221;on|3px|3px|3px|3px&#8221; global_colors_info=&#8221;{}&#8221;]<\/p>\n<h4 style=\"text-align: center; color: #0db4d5;\">Excursi\u00f3n de Snorkel<\/h4>\n<ul>\n<li>Ubicacion: Playa Chica, Puerto del Carmen<\/li>\n<li>Acesso: desde Playa<\/li>\n<li>Briefin y gu\u00eda: Si<\/li>\n<li>Duraci\u00f3n de la actividad: 2 horas<\/li>\n<li>Precio: desde 38\u20ac<\/li>\n<\/ul>\n<h4 style=\"text-align: center; color: #0db4d5;\"><a href=\"https:\/\/app.bukyapp.com\/front\/673ef83180e03463a90b61e6\/product\/67568ccf58b6804f2a656a21\">RESERVA<\/a><\/h4>\n<p>[\/et_pb_text][\/et_pb_column][et_pb_column type=&#8221;1_3&#8243; _builder_version=&#8221;4.16&#8243; global_colors_info=&#8221;{}&#8221;][et_pb_text _builder_version=&#8221;4.25.1&#8243; background_color=&#8221;rgba(13,180,213,0.17)&#8221; custom_padding=&#8221;25px|25px|25px|25px|false|false&#8221; border_radii=&#8221;on|3px|3px|3px|3px&#8221; global_colors_info=&#8221;{}&#8221;]<\/p>\n<h4 style=\"text-align: center; color: #0db4d5;\">\u00bfQue incluye?<\/h4>\n<ul>\n<li>Equipo de alquiler<\/li>\n<li>Seguro<\/li>\n<li>Agua y galletas<\/li>\n<li>Gu\u00eda con experiencia<\/li>\n<li>Grupos peque\u00f1os<\/li>\n<\/ul>\n<p>[\/et_pb_text][et_pb_text _builder_version=&#8221;4.27.4&#8243; background_color=&#8221;rgba(13,180,213,0.17)&#8221; custom_padding=&#8221;25px|25px|25px|25px|false|false&#8221; hover_enabled=&#8221;0&#8243; border_radii=&#8221;on|3px|3px|3px|3px&#8221; global_colors_info=&#8221;{}&#8221; sticky_enabled=&#8221;0&#8243;]<\/p>\n<h4 style=\"text-align: center; color: #0db4d5;\">\u00bfRequisitos?<\/h4>\n<ul>\n<li>M\u00e1s de 8 a\u00f1os<\/li>\n<li>Conocimientos b\u00e1sicos de nataci\u00f3n<\/li>\n<\/ul>\n<p>[\/et_pb_text][\/et_pb_column][et_pb_column type=&#8221;1_3&#8243; _builder_version=&#8221;4.16&#8243; global_colors_info=&#8221;{}&#8221;][et_pb_text _builder_version=&#8221;4.27.4&#8243; background_color=&#8221;rgba(13,180,213,0.17)&#8221; custom_padding=&#8221;25px|25px|25px|25px|false|false&#8221; border_radii=&#8221;on|3px|3px|3px|3px&#8221; global_colors_info=&#8221;{}&#8221;]<\/p>\n<h4 style=\"text-align: center; color: #0db4d5;\">Bueno saberlo!<\/h4>\n<ul>\n<li>No se require experiencia<\/li>\n<li>Trae: ropa de ba\u00f1o, toalla, gafas de sol, protector solar, ropa para cambiarte<\/li>\n<li>Se recomienda reservar con antelaci\u00f3n<\/li>\n<li>Camara de alquiler bajo petici\u00f3n (sujeto a disponibilidad)<\/li>\n<li>Hora de inicio: 8:15\/10:15\/12:15 (seg\u00fan temporada, opci\u00f3n, idioma y disponibilidad)<\/li>\n<\/ul>\n<p>[\/et_pb_text][\/et_pb_column][\/et_pb_row][et_pb_row _builder_version=&#8221;4.16&#8243; global_colors_info=&#8221;{}&#8221;][et_pb_column type=&#8221;4_4&#8243; _builder_version=&#8221;4.16&#8243; global_colors_info=&#8221;{}&#8221;][et_pb_button button_url=&#8221;https:\/\/app.bukyapp.com\/front\/673ef83180e03463a90b61e6\/product\/67568ccf58b6804f2a656a21&#8243; url_new_window=&#8221;on&#8221; button_text=&#8221;DISPONIBILIDAD Y PRECIOS&#8221; button_alignment=&#8221;center&#8221; admin_label=&#8221;Bot\u00f3n&#8221; _builder_version=&#8221;4.27.4&#8243; custom_button=&#8221;on&#8221; button_text_size=&#8221;16px&#8221; button_text_color=&#8221;#ffffff&#8221; button_bg_color=&#8221;#0db4d5&#8243; button_border_radius=&#8221;6px&#8221; global_colors_info=&#8221;{}&#8221;][\/et_pb_button][et_pb_button button_url=&#8221;https:\/\/fareharbor.com\/embeds\/book\/scuba-legends\/items\/269734\/?flow=489644&#8243; button_text=&#8221;DISPONIBILIDAD Y PRECIOS&#8221; button_alignment=&#8221;center&#8221; disabled_on=&#8221;on|on|on&#8221; admin_label=&#8221;Bot\u00f3n&#8221; _builder_version=&#8221;4.25.1&#8243; custom_button=&#8221;on&#8221; button_text_size=&#8221;16px&#8221; button_text_color=&#8221;#ffffff&#8221; button_bg_color=&#8221;#0db4d5&#8243; button_border_radius=&#8221;6px&#8221; disabled=&#8221;on&#8221; global_colors_info=&#8221;{}&#8221;][\/et_pb_button][\/et_pb_column][\/et_pb_row][\/et_pb_section][et_pb_section fb_built=&#8221;1&#8243; fullwidth=&#8221;on&#8221; _builder_version=&#8221;4.16&#8243; global_colors_info=&#8221;{}&#8221;][et_pb_fullwidth_header text_orientation=&#8221;center&#8221; button_one_text=&#8221;M\u00e1s informaci\u00f3n&#8221; button_one_url=&#8221;https:\/\/scuba-legends.com\/es\/contacto\/&#8221; _builder_version=&#8221;4.16&#8243; title_level=&#8221;h3&#8243; background_image=&#8221;https:\/\/scuba-legends.com\/wp-content\/uploads\/2020\/08\/Hazlo-epico-1.jpg&#8221; custom_button_one=&#8221;on&#8221; button_one_text_size=&#8221;16px&#8221; button_one_custom_margin=&#8221;||||false|false&#8221; custom_button_two=&#8221;on&#8221; button_two_text_size=&#8221;16px&#8221; text_shadow_style=&#8221;preset3&#8243; global_colors_info=&#8221;{}&#8221;]<\/p>\n<h2 style=\"text-align: center;\"><strong>Gu\u00eda e instructor de buceo privado. \u00a1Hazlo \u00e9pico!<\/strong><\/h2>\n<p style=\"text-align: center;\">Si quieres una atenci\u00f3n VIP, a\u00fan m\u00e1s personalizada y para ti solo (o con tu familia y amigos), te ofrecemos nuestro servicio exclusivo de submarinismo privado en Puerto del Carmen, Lanzarote.<br \/>Adaptamos la inmersi\u00f3n o curso a tus necesidades y tiempos.<\/p>\n<p>[\/et_pb_fullwidth_header][\/et_pb_section]<\/p>\n","protected":false},"excerpt":{"rendered":"<p>MAKE IT LEGENDARYExcursi\u00f3n de Snorkel en Lanzarote con Scuba LegendsExplora Playa Chica: Un Para\u00edso para el Snorkel Bienvenido a Scuba Legends, tu escuela de buceo de primera clase para una inolvidable excursi\u00f3n de snorkel en Puerto del Carmen, Lanzarote. Sum\u00e9rgete en el vibrante mundo submarino de Playa Chica, un para\u00edso para \u00a0el snorkel, conocido por [&hellip;]<\/p>\n","protected":false},"author":2,"featured_media":17661,"parent":0,"menu_order":192,"comment_status":"closed","ping_status":"closed","template":"","meta":{"_acf_changed":false,"_et_pb_use_builder":"on","_et_pb_old_content":"","_et_gb_content_width":"","footnotes":""},"class_list":["post-5176","page","type-page","status-publish","has-post-thumbnail","hentry"],"acf":[],"yoast_head":"<!-- This site is optimized with the Yoast SEO plugin v27.4 - https:\/\/yoast.com\/product\/yoast-seo-wordpress\/ -->\n<title>Snorkel en Lanzarote | Scuba Legends Centro de Buceo<\/title>\n<meta name=\"description\" content=\"Lanzarote para\u00edso para el snorkel, conocido por sus aguas claras y su maravillosa fauna marina. La actividad para todos los niveles y edades.\" \/>\n<meta name=\"robots\" content=\"index, follow, max-snippet:-1, max-image-preview:large, max-video-preview:-1\" \/>\n<link rel=\"canonical\" href=\"https:\/\/scuba-legends.com\/es\/snorkel-puerto-del-carmen\/\" \/>\n<meta property=\"og:locale\" content=\"es_ES\" \/>\n<meta property=\"og:type\" content=\"article\" \/>\n<meta property=\"og:title\" content=\"Snorkel en Lanzarote | Scuba Legends Centro de Buceo\" \/>\n<meta property=\"og:description\" content=\"Lanzarote para\u00edso para el snorkel, conocido por sus aguas claras y su maravillosa fauna marina. La actividad para todos los niveles y edades.\" \/>\n<meta property=\"og:url\" content=\"https:\/\/scuba-legends.com\/es\/snorkel-puerto-del-carmen\/\" \/>\n<meta property=\"og:site_name\" content=\"Scuba Legends\" \/>\n<meta property=\"article:publisher\" content=\"https:\/\/www.facebook.com\/ScubaLegends\/\" \/>\n<meta property=\"article:modified_time\" content=\"2025-08-14T12:18:55+00:00\" \/>\n<meta property=\"og:image\" content=\"https:\/\/scuba-legends.com\/wp-content\/uploads\/2024\/06\/P9010531-scaled.jpg\" \/>\n\t<meta property=\"og:image:width\" content=\"2560\" \/>\n\t<meta property=\"og:image:height\" content=\"1920\" \/>\n\t<meta property=\"og:image:type\" content=\"image\/jpeg\" \/>\n<meta name=\"twitter:card\" content=\"summary_large_image\" \/>\n<meta name=\"twitter:site\" content=\"@scubalegends\" \/>\n<meta name=\"twitter:label1\" content=\"Tiempo de lectura\" \/>\n\t<meta name=\"twitter:data1\" content=\"4 minutos\" \/>\n<script type=\"application\/ld+json\" class=\"yoast-schema-graph\">{\"@context\":\"https:\\\/\\\/schema.org\",\"@graph\":[{\"@type\":\"WebPage\",\"@id\":\"https:\\\/\\\/scuba-legends.com\\\/es\\\/snorkel-puerto-del-carmen\\\/\",\"url\":\"https:\\\/\\\/scuba-legends.com\\\/es\\\/snorkel-puerto-del-carmen\\\/\",\"name\":\"Snorkel en Lanzarote | Scuba Legends Centro de Buceo\",\"isPartOf\":{\"@id\":\"https:\\\/\\\/scuba-legends.com\\\/es\\\/#website\"},\"primaryImageOfPage\":{\"@id\":\"https:\\\/\\\/scuba-legends.com\\\/es\\\/snorkel-puerto-del-carmen\\\/#primaryimage\"},\"image\":{\"@id\":\"https:\\\/\\\/scuba-legends.com\\\/es\\\/snorkel-puerto-del-carmen\\\/#primaryimage\"},\"thumbnailUrl\":\"https:\\\/\\\/scuba-legends.com\\\/wp-content\\\/uploads\\\/2024\\\/06\\\/P9010531-scaled.jpg\",\"datePublished\":\"2020-09-06T11:40:19+00:00\",\"dateModified\":\"2025-08-14T12:18:55+00:00\",\"description\":\"Lanzarote para\u00edso para el snorkel, conocido por sus aguas claras y su maravillosa fauna marina. La actividad para todos los niveles y edades.\",\"breadcrumb\":{\"@id\":\"https:\\\/\\\/scuba-legends.com\\\/es\\\/snorkel-puerto-del-carmen\\\/#breadcrumb\"},\"inLanguage\":\"es\",\"potentialAction\":[{\"@type\":\"ReadAction\",\"target\":[\"https:\\\/\\\/scuba-legends.com\\\/es\\\/snorkel-puerto-del-carmen\\\/\"]}]},{\"@type\":\"ImageObject\",\"inLanguage\":\"es\",\"@id\":\"https:\\\/\\\/scuba-legends.com\\\/es\\\/snorkel-puerto-del-carmen\\\/#primaryimage\",\"url\":\"https:\\\/\\\/scuba-legends.com\\\/wp-content\\\/uploads\\\/2024\\\/06\\\/P9010531-scaled.jpg\",\"contentUrl\":\"https:\\\/\\\/scuba-legends.com\\\/wp-content\\\/uploads\\\/2024\\\/06\\\/P9010531-scaled.jpg\",\"width\":2560,\"height\":1920,\"caption\":\"Snorkel in Playa Chica, Puerto Del Carmen, Lanzarote\"},{\"@type\":\"BreadcrumbList\",\"@id\":\"https:\\\/\\\/scuba-legends.com\\\/es\\\/snorkel-puerto-del-carmen\\\/#breadcrumb\",\"itemListElement\":[{\"@type\":\"ListItem\",\"position\":1,\"name\":\"Scuba Legends\",\"item\":\"https:\\\/\\\/scuba-legends.com\\\/es\\\/\"},{\"@type\":\"ListItem\",\"position\":2,\"name\":\"Snorkel en Lanzarote\"}]},{\"@type\":\"WebSite\",\"@id\":\"https:\\\/\\\/scuba-legends.com\\\/es\\\/#website\",\"url\":\"https:\\\/\\\/scuba-legends.com\\\/es\\\/\",\"name\":\"Scuba Legends\",\"description\":\"Dive Center Lanzarote\",\"publisher\":{\"@id\":\"https:\\\/\\\/scuba-legends.com\\\/es\\\/#organization\"},\"potentialAction\":[{\"@type\":\"SearchAction\",\"target\":{\"@type\":\"EntryPoint\",\"urlTemplate\":\"https:\\\/\\\/scuba-legends.com\\\/es\\\/?s={search_term_string}\"},\"query-input\":{\"@type\":\"PropertyValueSpecification\",\"valueRequired\":true,\"valueName\":\"search_term_string\"}}],\"inLanguage\":\"es\"},{\"@type\":\"Organization\",\"@id\":\"https:\\\/\\\/scuba-legends.com\\\/es\\\/#organization\",\"name\":\"Scuba Legends Dive Center Lanzarote\",\"url\":\"https:\\\/\\\/scuba-legends.com\\\/es\\\/\",\"logo\":{\"@type\":\"ImageObject\",\"inLanguage\":\"es\",\"@id\":\"https:\\\/\\\/scuba-legends.com\\\/es\\\/#\\\/schema\\\/logo\\\/image\\\/\",\"url\":\"https:\\\/\\\/scuba-legends.com\\\/wp-content\\\/uploads\\\/2020\\\/01\\\/scuba_legends_favicon.png\",\"contentUrl\":\"https:\\\/\\\/scuba-legends.com\\\/wp-content\\\/uploads\\\/2020\\\/01\\\/scuba_legends_favicon.png\",\"width\":512,\"height\":512,\"caption\":\"Scuba Legends Dive Center Lanzarote\"},\"image\":{\"@id\":\"https:\\\/\\\/scuba-legends.com\\\/es\\\/#\\\/schema\\\/logo\\\/image\\\/\"},\"sameAs\":[\"https:\\\/\\\/www.facebook.com\\\/ScubaLegends\\\/\",\"https:\\\/\\\/x.com\\\/scubalegends\",\"https:\\\/\\\/www.instagram.com\\\/scuba_legends\\\/\",\"https:\\\/\\\/www.youtube.com\\\/channel\\\/UCUjHU7Mmii5SfLoodxNZmqQ\"]}]}<\/script>\n<!-- \/ Yoast SEO plugin. -->","yoast_head_json":{"title":"Snorkel en Lanzarote | Scuba Legends Centro de Buceo","description":"Lanzarote para\u00edso para el snorkel, conocido por sus aguas claras y su maravillosa fauna marina. La actividad para todos los niveles y edades.","robots":{"index":"index","follow":"follow","max-snippet":"max-snippet:-1","max-image-preview":"max-image-preview:large","max-video-preview":"max-video-preview:-1"},"canonical":"https:\/\/scuba-legends.com\/es\/snorkel-puerto-del-carmen\/","og_locale":"es_ES","og_type":"article","og_title":"Snorkel en Lanzarote | Scuba Legends Centro de Buceo","og_description":"Lanzarote para\u00edso para el snorkel, conocido por sus aguas claras y su maravillosa fauna marina. La actividad para todos los niveles y edades.","og_url":"https:\/\/scuba-legends.com\/es\/snorkel-puerto-del-carmen\/","og_site_name":"Scuba Legends","article_publisher":"https:\/\/www.facebook.com\/ScubaLegends\/","article_modified_time":"2025-08-14T12:18:55+00:00","og_image":[{"width":2560,"height":1920,"url":"https:\/\/scuba-legends.com\/wp-content\/uploads\/2024\/06\/P9010531-scaled.jpg","type":"image\/jpeg"}],"twitter_card":"summary_large_image","twitter_site":"@scubalegends","twitter_misc":{"Tiempo de lectura":"4 minutos"},"schema":{"@context":"https:\/\/schema.org","@graph":[{"@type":"WebPage","@id":"https:\/\/scuba-legends.com\/es\/snorkel-puerto-del-carmen\/","url":"https:\/\/scuba-legends.com\/es\/snorkel-puerto-del-carmen\/","name":"Snorkel en Lanzarote | Scuba Legends Centro de Buceo","isPartOf":{"@id":"https:\/\/scuba-legends.com\/es\/#website"},"primaryImageOfPage":{"@id":"https:\/\/scuba-legends.com\/es\/snorkel-puerto-del-carmen\/#primaryimage"},"image":{"@id":"https:\/\/scuba-legends.com\/es\/snorkel-puerto-del-carmen\/#primaryimage"},"thumbnailUrl":"https:\/\/scuba-legends.com\/wp-content\/uploads\/2024\/06\/P9010531-scaled.jpg","datePublished":"2020-09-06T11:40:19+00:00","dateModified":"2025-08-14T12:18:55+00:00","description":"Lanzarote para\u00edso para el snorkel, conocido por sus aguas claras y su maravillosa fauna marina. La actividad para todos los niveles y edades.","breadcrumb":{"@id":"https:\/\/scuba-legends.com\/es\/snorkel-puerto-del-carmen\/#breadcrumb"},"inLanguage":"es","potentialAction":[{"@type":"ReadAction","target":["https:\/\/scuba-legends.com\/es\/snorkel-puerto-del-carmen\/"]}]},{"@type":"ImageObject","inLanguage":"es","@id":"https:\/\/scuba-legends.com\/es\/snorkel-puerto-del-carmen\/#primaryimage","url":"https:\/\/scuba-legends.com\/wp-content\/uploads\/2024\/06\/P9010531-scaled.jpg","contentUrl":"https:\/\/scuba-legends.com\/wp-content\/uploads\/2024\/06\/P9010531-scaled.jpg","width":2560,"height":1920,"caption":"Snorkel in Playa Chica, Puerto Del Carmen, Lanzarote"},{"@type":"BreadcrumbList","@id":"https:\/\/scuba-legends.com\/es\/snorkel-puerto-del-carmen\/#breadcrumb","itemListElement":[{"@type":"ListItem","position":1,"name":"Scuba Legends","item":"https:\/\/scuba-legends.com\/es\/"},{"@type":"ListItem","position":2,"name":"Snorkel en Lanzarote"}]},{"@type":"WebSite","@id":"https:\/\/scuba-legends.com\/es\/#website","url":"https:\/\/scuba-legends.com\/es\/","name":"Scuba Legends","description":"Dive Center Lanzarote","publisher":{"@id":"https:\/\/scuba-legends.com\/es\/#organization"},"potentialAction":[{"@type":"SearchAction","target":{"@type":"EntryPoint","urlTemplate":"https:\/\/scuba-legends.com\/es\/?s={search_term_string}"},"query-input":{"@type":"PropertyValueSpecification","valueRequired":true,"valueName":"search_term_string"}}],"inLanguage":"es"},{"@type":"Organization","@id":"https:\/\/scuba-legends.com\/es\/#organization","name":"Scuba Legends Dive Center Lanzarote","url":"https:\/\/scuba-legends.com\/es\/","logo":{"@type":"ImageObject","inLanguage":"es","@id":"https:\/\/scuba-legends.com\/es\/#\/schema\/logo\/image\/","url":"https:\/\/scuba-legends.com\/wp-content\/uploads\/2020\/01\/scuba_legends_favicon.png","contentUrl":"https:\/\/scuba-legends.com\/wp-content\/uploads\/2020\/01\/scuba_legends_favicon.png","width":512,"height":512,"caption":"Scuba Legends Dive Center Lanzarote"},"image":{"@id":"https:\/\/scuba-legends.com\/es\/#\/schema\/logo\/image\/"},"sameAs":["https:\/\/www.facebook.com\/ScubaLegends\/","https:\/\/x.com\/scubalegends","https:\/\/www.instagram.com\/scuba_legends\/","https:\/\/www.youtube.com\/channel\/UCUjHU7Mmii5SfLoodxNZmqQ"]}]}},"_links":{"self":[{"href":"https:\/\/scuba-legends.com\/es\/wp-json\/wp\/v2\/pages\/5176","targetHints":{"allow":["GET"]}}],"collection":[{"href":"https:\/\/scuba-legends.com\/es\/wp-json\/wp\/v2\/pages"}],"about":[{"href":"https:\/\/scuba-legends.com\/es\/wp-json\/wp\/v2\/types\/page"}],"author":[{"embeddable":true,"href":"https:\/\/scuba-legends.com\/es\/wp-json\/wp\/v2\/users\/2"}],"replies":[{"embeddable":true,"href":"https:\/\/scuba-legends.com\/es\/wp-json\/wp\/v2\/comments?post=5176"}],"version-history":[{"count":20,"href":"https:\/\/scuba-legends.com\/es\/wp-json\/wp\/v2\/pages\/5176\/revisions"}],"predecessor-version":[{"id":19787,"href":"https:\/\/scuba-legends.com\/es\/wp-json\/wp\/v2\/pages\/5176\/revisions\/19787"}],"wp:featuredmedia":[{"embeddable":true,"href":"https:\/\/scuba-legends.com\/es\/wp-json\/wp\/v2\/media\/17661"}],"wp:attachment":[{"href":"https:\/\/scuba-legends.com\/es\/wp-json\/wp\/v2\/media?parent=5176"}],"curies":[{"name":"wp","href":"https:\/\/api.w.org\/{rel}","templated":true}]}}