{"id":4909,"date":"2020-08-31T09:30:03","date_gmt":"2020-08-31T09:30:03","guid":{"rendered":"https:\/\/scuba-legends.com\/?page_id=4909"},"modified":"2023-04-03T17:07:58","modified_gmt":"2023-04-03T17:07:58","slug":"contacto","status":"publish","type":"page","link":"https:\/\/scuba-legends.com\/es\/contacto\/","title":{"rendered":"Contacto"},"content":{"rendered":"<p>[et_pb_section fb_built=&#8221;1&#8243; fullwidth=&#8221;on&#8221; module_id=&#8221;spheader-section&#8221; _builder_version=&#8221;4.0.9&#8243;][et_pb_fullwidth_header title=&#8221;CONTACTO&#8221; content_max_width=&#8221;95%&#8221; _builder_version=&#8221;4.0.9&#8243; title_font=&#8221;|||on|||||&#8221; title_font_size=&#8221;54px&#8221; subhead_font=&#8221;|||on|||||&#8221; background_image=&#8221;https:\/\/scuba-legends.com\/wp-content\/uploads\/2020\/08\/Contacto-Header-1280&#215;900-2.jpg&#8221; width=&#8221;95%&#8221; module_alignment=&#8221;center&#8221; custom_padding=&#8221;80px||80px||true|&#8221; title_font_size_tablet=&#8221;44px&#8221; background_last_edited=&#8221;on|phone&#8221; background_image_phone=&#8221;https:\/\/scuba-legends.com\/wp-content\/uploads\/2020\/08\/Contacto-Header-1280&#215;900-2.jpg&#8221; background_enable_image_phone=&#8221;on&#8221; custom_css_title=&#8221;order: 2;&#8221; custom_css_subtitle=&#8221;order: 1;&#8221;]<\/p>\n<p style=\"text-align: left;\">MAKE IT LEGENDARY<\/p>\n<p>[\/et_pb_fullwidth_header][\/et_pb_section][et_pb_section fb_built=&#8221;1&#8243; custom_padding_last_edited=&#8221;on|tablet&#8221; module_id=&#8221;contact-section&#8221; _builder_version=&#8221;4.0.9&#8243; custom_margin_tablet=&#8221;&#8221; custom_margin_phone=&#8221;&#8221; custom_margin_last_edited=&#8221;on|tablet&#8221; custom_padding=&#8221;35px|||||&#8221; custom_padding_tablet=&#8221;20px||0px||false|false&#8221; custom_padding_phone=&#8221;&#8221;][et_pb_row _builder_version=&#8221;4.0.9&#8243; width_tablet=&#8221;90%&#8221; width_phone=&#8221;&#8221; width_last_edited=&#8221;on|tablet&#8221; custom_padding=&#8221;0px|||||&#8221;][et_pb_column type=&#8221;4_4&#8243; _builder_version=&#8221;4.0.9&#8243;][et_pb_text _builder_version=&#8221;4.0.9&#8243; text_font_size=&#8221;18px&#8221;]<\/p>\n<h2 style=\"text-align: center; color: #0db4d5; \">Resolvemos todas dudas<\/h2>\n<p>[\/et_pb_text][et_pb_text _builder_version=&#8221;4.0.9&#8243; hover_enabled=&#8221;0&#8243;]<\/p>\n<p style=\"text-align: center;\">Preg\u00fantanos sin compromiso sobre inmersiones, cursos o lo que quieras. Estamos encantados de resolverlas:<\/p>\n<p>[\/et_pb_text][\/et_pb_column][\/et_pb_row][et_pb_row column_structure=&#8221;1_2,1_2&#8243; custom_padding_last_edited=&#8221;on|tablet&#8221; module_class=&#8221;row-2&#8243; _builder_version=&#8221;4.0.9&#8243; width_tablet=&#8221;100%&#8221; width_phone=&#8221;&#8221; width_last_edited=&#8221;on|tablet&#8221; custom_padding_tablet=&#8221;||0px||false|false&#8221; custom_padding_phone=&#8221;&#8221;][et_pb_column type=&#8221;1_2&#8243; _builder_version=&#8221;4.0.9&#8243;][et_pb_blurb title=&#8221;Scuba Legends S.L&#8221; url=&#8221;https:\/\/g.page\/ScubaLegendsDiveCenterLanzarote?share&#8221; url_new_window=&#8221;on&#8221; image=&#8221;https:\/\/scuba-legends.com\/wp-content\/uploads\/2019\/12\/maps-and-flags-1-1.svg&#8221; icon_placement=&#8221;left&#8221; content_max_width_tablet=&#8221;90%&#8221; content_max_width_phone=&#8221;&#8221; content_max_width_last_edited=&#8221;on|tablet&#8221; _builder_version=&#8221;4.0.9&#8243; header_font=&#8221;||||||||&#8221; header_text_color=&#8221;#0db4d5&#8243;]<\/p>\n<p>Calle Anzuelo 54<br \/>Centro Comercial Puerto Cinco<br \/>2\u00aa planta, Local 50<br \/>35510 Puerto del Carmen, Lanzarote<br \/>Las Palmas, Spain<\/p>\n<p>[\/et_pb_blurb][et_pb_blurb image=&#8221;https:\/\/scuba-legends.com\/wp-content\/uploads\/2019\/12\/mail-1.svg&#8221; icon_placement=&#8221;left&#8221; content_max_width_tablet=&#8221;90%&#8221; content_max_width_phone=&#8221;&#8221; content_max_width_last_edited=&#8221;on|tablet&#8221; _builder_version=&#8221;4.0.9&#8243; header_text_color=&#8221;#0db4d5&#8243; body_text_color=&#8221;#0db4d5&#8243; custom_css_blurb_image=&#8221;position: relative;||bottom: -2px;&#8221;]<\/p>\n<p>info@scuba-legends.com<\/p>\n<p>[\/et_pb_blurb][et_pb_text _builder_version=&#8221;4.0.9&#8243; width_tablet=&#8221;90%&#8221; width_phone=&#8221;&#8221; width_last_edited=&#8221;on|tablet&#8221; max_width=&#8221;550px&#8221; max_width_tablet=&#8221;90%&#8221; max_width_phone=&#8221;&#8221; max_width_last_edited=&#8221;on|tablet&#8221; module_alignment=&#8221;center&#8221; custom_margin_last_edited=&#8221;off|tablet&#8221; hover_enabled=&#8221;0&#8243; module_alignment_tablet=&#8221;center&#8221; module_alignment_phone=&#8221;&#8221; module_alignment_last_edited=&#8221;on|tablet&#8221;]<\/p>\n<p><img decoding=\"async\" class=\"wp-image-346 alignleft size-thumbnail\" style=\"margin-top: -4px;\" src=\"https:\/\/scuba-legends.com\/wp-content\/uploads\/2019\/12\/phone-2.svg\" alt=\"\" width=\"32\" height=\"auto\" \/> <a href=\"tel:+34 662 090159\">+34 662 090 159<\/a><\/p>\n<p>[\/et_pb_text][dsm_embed_google_map address=&#8221;Calle Anzuelo 54 Centro Commercial Puerto Cinco, 2nd Floor, Local 50, 35510 Puerto del Carmen, Las Palmas, Spain&#8221; zoom=&#8221;17px&#8221; disabled_on=&#8221;off|off|on&#8221; _builder_version=&#8221;4.0.9&#8243;][\/dsm_embed_google_map][\/et_pb_column][et_pb_column type=&#8221;1_2&#8243; _builder_version=&#8221;4.0.9&#8243; background_image=&#8221;https:\/\/scuba-legends.com\/wp-content\/uploads\/2019\/12\/get_in_touch_bg.png&#8221;][et_pb_text _builder_version=&#8221;4.0.9&#8243; text_text_color=&#8221;#ffffff&#8221; text_orientation=&#8221;center&#8221; custom_margin=&#8221;40px||16px||false|false&#8221; custom_padding=&#8221;|40px||40px|false|true&#8221;]<\/p>\n<p>CONTACTO<\/p>\n<p>[\/et_pb_text][et_pb_text _builder_version=&#8221;4.0.9&#8243; text_text_color=&#8221;#ffffff&#8221; header_4_font=&#8221;|600||on|||||&#8221; header_4_text_align=&#8221;center&#8221; header_4_text_color=&#8221;#ffffff&#8221; text_orientation=&#8221;center&#8221; custom_padding=&#8221;|40px||40px|false|true&#8221;]<\/p>\n<h4>\u00bfHablamos?<\/h4>\n<p>[\/et_pb_text][et_pb_code _builder_version=&#8221;4.0.9&#8243; custom_padding=&#8221;|20px||20px|false|false&#8221;]<style id=\"wpforms-css-vars-4928\">\n\t\t\t\t#wpforms-4928 {\n\t\t\t\t\n\t\t\t}\n\t\t\t<\/style><div class=\"wpforms-container wpforms-container-full wpforms-render-modern\" id=\"wpforms-4928\"><form id=\"wpforms-form-4928\" class=\"wpforms-validate wpforms-form\" data-formid=\"4928\" method=\"post\" enctype=\"multipart\/form-data\" action=\"\/es\/wp-json\/wp\/v2\/pages\/4909\" data-token=\"425deaf62ac2c6b7c2c0abb3ea4e8d87\" data-token-time=\"1776356554\"><noscript class=\"wpforms-error-noscript\">Por favor, activa JavaScript en tu navegador para completar este formulario.<\/noscript><div id=\"wpforms-error-noscript\" style=\"display: none;\">Por favor, activa JavaScript en tu navegador para completar este formulario.<\/div><div class=\"wpforms-field-container\"><div id=\"wpforms-4928-field_0-container\" class=\"wpforms-field wpforms-field-name\" data-field-id=\"0\"><label class=\"wpforms-field-label wpforms-label-hide\" for=\"wpforms-4928-field_0\" aria-hidden=\"false\">Nombre <span class=\"wpforms-required-label\" aria-hidden=\"true\">*<\/span><\/label><input type=\"text\" id=\"wpforms-4928-field_0\" class=\"wpforms-field-large wpforms-field-required\" name=\"wpforms[fields][0]\" placeholder=\"Nombre\" aria-errormessage=\"wpforms-4928-field_0-error\" required><\/div><div id=\"wpforms-4928-field_8-container\" class=\"wpforms-field wpforms-field-text\" data-field-id=\"8\"><label class=\"wpforms-field-label wpforms-label-hide\" for=\"wpforms-4928-field_8\" aria-hidden=\"false\">Apellidos <span class=\"wpforms-required-label\" aria-hidden=\"true\">*<\/span><\/label><input type=\"text\" id=\"wpforms-4928-field_8\" class=\"wpforms-field-large wpforms-field-required\" name=\"wpforms[fields][8]\" placeholder=\"Apellidos\" aria-errormessage=\"wpforms-4928-field_8-error\" required><\/div><div id=\"wpforms-4928-field_1-container\" class=\"wpforms-field wpforms-field-email\" data-field-id=\"1\"><fieldset><legend class=\"wpforms-field-label wpforms-label-hide\" aria-hidden=\"false\">Email <span class=\"wpforms-required-label\" aria-hidden=\"true\">*<\/span><\/legend><div class=\"wpforms-field-row wpforms-field-large\"><div class=\"wpforms-field-row-block wpforms-one-half wpforms-first\"><input type=\"email\" id=\"wpforms-4928-field_1\" class=\"wpforms-field-required wpforms-field-email-primary\" name=\"wpforms[fields][1][primary]\" placeholder=\"Email\" spellcheck=\"false\" aria-errormessage=\"wpforms-4928-field_1-error\" aria-describedby=\"wpforms-4928-field_1-description\" required><label for=\"wpforms-4928-field_1\" class=\"wpforms-field-sublabel after\">Correo electr\u00f3nico<\/label><\/div><div class=\"wpforms-field-row-block wpforms-one-half\"><input type=\"email\" id=\"wpforms-4928-field_1-secondary\" class=\"wpforms-field-email-secondary wpforms-field-required\" data-rule-confirm=\"#wpforms-4928-field_1\" name=\"wpforms[fields][1][secondary]\" spellcheck=\"false\" aria-errormessage=\"wpforms-4928-field_1-secondary-error\" aria-describedby=\"wpforms-4928-field_1-description\" required><label for=\"wpforms-4928-field_1-secondary\" class=\"wpforms-field-sublabel after\">Confirmar el correo electr\u00f3nico<\/label><\/div><\/div><div id=\"wpforms-4928-field_1-description\" class=\"wpforms-field-description\">Por favor, aseg\u00farese de que su correo electr\u00f3nico es correcto, de lo contrario no podremos responder.<\/div><\/fieldset><\/div><div id=\"wpforms-4928-field_10-container\" class=\"wpforms-field wpforms-field-text\" data-field-id=\"10\"><label class=\"wpforms-field-label wpforms-label-hide\" for=\"wpforms-4928-field_10\" aria-hidden=\"false\">Phone Whatsapp<\/label><input type=\"text\" id=\"wpforms-4928-field_10\" class=\"wpforms-field-medium\" name=\"wpforms[fields][10]\" placeholder=\"M\u00f3vil \/ Whatsapp (+xx) xxx xxx xxx\" aria-errormessage=\"wpforms-4928-field_10-error\" aria-describedby=\"wpforms-4928-field_10-description\" ><div id=\"wpforms-4928-field_10-description\" class=\"wpforms-field-description\">Especialmente para las solicitudes de reserva de \u00faltima hora, probablemente podamos llegar m\u00e1s r\u00e1pido a trav\u00e9s de Whatsapp. No olvide el c\u00f3digo de pa\u00eds.<\/div><\/div><div id=\"wpforms-4928-field_7-container\" class=\"wpforms-field wpforms-field-text\" data-field-id=\"7\"><label class=\"wpforms-field-label wpforms-label-hide\" for=\"wpforms-4928-field_7\" aria-hidden=\"false\">Asunto <span class=\"wpforms-required-label\" aria-hidden=\"true\">*<\/span><\/label><input type=\"text\" id=\"wpforms-4928-field_7\" class=\"wpforms-field-large wpforms-field-required\" name=\"wpforms[fields][7]\" placeholder=\"Asunto\" aria-errormessage=\"wpforms-4928-field_7-error\" required><\/div><div id=\"wpforms-4928-field_2-container\" class=\"wpforms-field wpforms-field-textarea\" data-field-id=\"2\"><label class=\"wpforms-field-label wpforms-label-hide\" for=\"wpforms-4928-field_2\" aria-hidden=\"false\">Mensaje <span class=\"wpforms-required-label\" aria-hidden=\"true\">*<\/span><\/label><textarea id=\"wpforms-4928-field_2\" class=\"wpforms-field-medium wpforms-field-required\" name=\"wpforms[fields][2]\" placeholder=\"Mensaje\" aria-errormessage=\"wpforms-4928-field_2-error\" required><\/textarea><\/div><div id=\"wpforms-4928-field_6-container\" class=\"wpforms-field wpforms-field-checkbox\" data-field-id=\"6\"><fieldset><legend class=\"wpforms-field-label wpforms-label-hide\" aria-hidden=\"false\">Pol\u00edtica de privacidad <span class=\"wpforms-required-label\" aria-hidden=\"true\">*<\/span><\/legend><ul id=\"wpforms-4928-field_6\" class=\"wpforms-field-required\"><li class=\"choice-1 depth-1\"><input type=\"checkbox\" id=\"wpforms-4928-field_6_1\" name=\"wpforms[fields][6][]\" value=\"&lt;strong&gt;Acepto la &lt;a href=&quot;https:\/\/scuba-legends.com\/privacy-policy\/&quot;&gt;Pol\u00edtica de Privacidad&lt;\/a&gt;&lt;\/strong&gt;\" aria-errormessage=\"wpforms-4928-field_6_1-error\" required ><label class=\"wpforms-field-label-inline\" for=\"wpforms-4928-field_6_1\"><strong>Acepto la <a href=\"https:\/\/scuba-legends.com\/privacy-policy\/\">Pol\u00edtica de Privacidad<\/a><\/strong><\/label><\/li><\/ul><\/fieldset><\/div><\/div><!-- .wpforms-field-container --><div class=\"wpforms-recaptcha-container wpforms-is-turnstile\" ><div class=\"g-recaptcha\" data-sitekey=\"0x4AAAAAABqo5xi-315_t3PH\" data-action=\"FormID-4928\"><\/div><input type=\"text\" name=\"g-recaptcha-hidden\" class=\"wpforms-recaptcha-hidden\" style=\"position:absolute!important;clip:rect(0,0,0,0)!important;height:1px!important;width:1px!important;border:0!important;overflow:hidden!important;padding:0!important;margin:0!important;\" data-rule-turnstile=\"1\"><\/div><div class=\"wpforms-submit-container\" ><input type=\"hidden\" name=\"wpforms[id]\" value=\"4928\"><input type=\"hidden\" name=\"page_title\" value=\"\"><input type=\"hidden\" name=\"page_url\" value=\"https:\/\/scuba-legends.com\/es\/wp-json\/wp\/v2\/pages\/4909\"><input type=\"hidden\" name=\"url_referer\" value=\"\"><button type=\"submit\" name=\"wpforms[submit]\" id=\"wpforms-submit-4928\" class=\"wpforms-submit\" data-alt-text=\"Enviando\" data-submit-text=\"Enviar\" aria-live=\"assertive\" value=\"wpforms-submit\">Enviar<\/button><\/div><\/form><\/div>  <!-- .wpforms-container -->[\/et_pb_code][\/et_pb_column][\/et_pb_row][\/et_pb_section][et_pb_section fb_built=&#8221;1&#8243; disabled_on=&#8221;on|on|off&#8221; _builder_version=&#8221;4.0.9&#8243; custom_padding=&#8221;0px||0px|||&#8221;][et_pb_row _builder_version=&#8221;4.0.9&#8243; width=&#8221;100%&#8221; max_width=&#8221;100%&#8221; custom_padding=&#8221;0px||0px|||&#8221;][et_pb_column type=&#8221;4_4&#8243; _builder_version=&#8221;4.0.9&#8243;][dsm_embed_google_map address=&#8221;Calle Anzuelo 54 Centro Commercial Puerto Cinco, 2nd Floor, Local 50, 35510 Puerto del Carmen, Las Palmas, Spain&#8221; zoom=&#8221;17px&#8221; _builder_version=&#8221;4.0.9&#8243;][\/dsm_embed_google_map][\/et_pb_column][\/et_pb_row][\/et_pb_section]<\/p>\n","protected":false},"excerpt":{"rendered":"<p>MAKE IT LEGENDARYResolvemos todas dudasPreg\u00fantanos sin compromiso sobre inmersiones, cursos o lo que quieras. Estamos encantados de resolverlas:Calle Anzuelo 54Centro Comercial Puerto Cinco2\u00aa planta, Local 5035510 Puerto del Carmen, LanzaroteLas Palmas, Spaininfo@scuba-legends.com +34 662 090 159 <div class=\"et_pb_module dsm_embed_google_map dsm_embed_google_map_0\">\n\t\t\t\t\n\t\t\t\t\n\t\t\t\t\n\t\t\t\t\n\t\t\t\t\n\t\t\t\t\n\t\t\t\t<div class=\"et_pb_module_inner\">\n\t\t\t\t\t<iframe frameborder=\"0\" scrolling=\"no\" marginheight=\"0\" marginwidth=\"0\" src=\"https:\/\/maps.google.com\/maps?q=%26%238221%3BCalle&amp;t=m&amp;z=10&amp;output=embed&amp;iwloc=near&hl=es_ES\" aria-label=\"&#8221;Calle\"><\/iframe>\n\t\t\t\t<\/div>\n\t\t\t<\/div><\/p>\n","protected":false},"author":2,"featured_media":0,"parent":0,"menu_order":195,"comment_status":"closed","ping_status":"closed","template":"","meta":{"_acf_changed":false,"_et_pb_use_builder":"on","_et_pb_old_content":"","_et_gb_content_width":"","footnotes":""},"class_list":["post-4909","page","type-page","status-publish","hentry"],"acf":[],"yoast_head":"<!-- This site is optimized with the Yoast SEO plugin v27.4 - https:\/\/yoast.com\/product\/yoast-seo-wordpress\/ -->\n<title>Contacto - Scuba Legends<\/title>\n<meta name=\"robots\" content=\"index, follow, max-snippet:-1, max-image-preview:large, max-video-preview:-1\" \/>\n<link rel=\"canonical\" href=\"https:\/\/scuba-legends.com\/es\/contacto\/\" \/>\n<meta property=\"og:locale\" content=\"es_ES\" \/>\n<meta property=\"og:type\" content=\"article\" \/>\n<meta property=\"og:title\" content=\"Contacto - Scuba Legends\" \/>\n<meta property=\"og:description\" content=\"MAKE IT LEGENDARYResolvemos todas dudasPreg\u00fantanos sin compromiso sobre inmersiones, cursos o lo que quieras. Estamos encantados de resolverlas:Calle Anzuelo 54Centro Comercial Puerto Cinco2\u00aa planta, Local 5035510 Puerto del Carmen, LanzaroteLas Palmas, Spaininfo@scuba-legends.com +34 662 090 159\" \/>\n<meta property=\"og:url\" content=\"https:\/\/scuba-legends.com\/es\/contacto\/\" \/>\n<meta property=\"og:site_name\" content=\"Scuba Legends\" \/>\n<meta property=\"article:publisher\" content=\"https:\/\/www.facebook.com\/ScubaLegends\/\" \/>\n<meta property=\"article:modified_time\" content=\"2023-04-03T17:07:58+00:00\" \/>\n<meta property=\"og:image\" content=\"https:\/\/scuba-legends.com\/wp-content\/uploads\/2019\/12\/phone-2.svg\" \/>\n<meta name=\"twitter:card\" content=\"summary_large_image\" \/>\n<meta name=\"twitter:site\" content=\"@scubalegends\" \/>\n<meta name=\"twitter:label1\" content=\"Tiempo de lectura\" \/>\n\t<meta name=\"twitter:data1\" content=\"2 minutos\" \/>\n<script type=\"application\/ld+json\" class=\"yoast-schema-graph\">{\"@context\":\"https:\\\/\\\/schema.org\",\"@graph\":[{\"@type\":\"WebPage\",\"@id\":\"https:\\\/\\\/scuba-legends.com\\\/es\\\/contacto\\\/\",\"url\":\"https:\\\/\\\/scuba-legends.com\\\/es\\\/contacto\\\/\",\"name\":\"Contacto - Scuba Legends\",\"isPartOf\":{\"@id\":\"https:\\\/\\\/scuba-legends.com\\\/es\\\/#website\"},\"primaryImageOfPage\":{\"@id\":\"https:\\\/\\\/scuba-legends.com\\\/es\\\/contacto\\\/#primaryimage\"},\"image\":{\"@id\":\"https:\\\/\\\/scuba-legends.com\\\/es\\\/contacto\\\/#primaryimage\"},\"thumbnailUrl\":\"https:\\\/\\\/scuba-legends.com\\\/wp-content\\\/uploads\\\/2019\\\/12\\\/phone-2.svg\",\"datePublished\":\"2020-08-31T09:30:03+00:00\",\"dateModified\":\"2023-04-03T17:07:58+00:00\",\"breadcrumb\":{\"@id\":\"https:\\\/\\\/scuba-legends.com\\\/es\\\/contacto\\\/#breadcrumb\"},\"inLanguage\":\"es\",\"potentialAction\":[{\"@type\":\"ReadAction\",\"target\":[\"https:\\\/\\\/scuba-legends.com\\\/es\\\/contacto\\\/\"]}]},{\"@type\":\"ImageObject\",\"inLanguage\":\"es\",\"@id\":\"https:\\\/\\\/scuba-legends.com\\\/es\\\/contacto\\\/#primaryimage\",\"url\":\"https:\\\/\\\/scuba-legends.com\\\/wp-content\\\/uploads\\\/2019\\\/12\\\/phone-2.svg\",\"contentUrl\":\"https:\\\/\\\/scuba-legends.com\\\/wp-content\\\/uploads\\\/2019\\\/12\\\/phone-2.svg\"},{\"@type\":\"BreadcrumbList\",\"@id\":\"https:\\\/\\\/scuba-legends.com\\\/es\\\/contacto\\\/#breadcrumb\",\"itemListElement\":[{\"@type\":\"ListItem\",\"position\":1,\"name\":\"Scuba Legends\",\"item\":\"https:\\\/\\\/scuba-legends.com\\\/es\\\/\"},{\"@type\":\"ListItem\",\"position\":2,\"name\":\"Contacto\"}]},{\"@type\":\"WebSite\",\"@id\":\"https:\\\/\\\/scuba-legends.com\\\/es\\\/#website\",\"url\":\"https:\\\/\\\/scuba-legends.com\\\/es\\\/\",\"name\":\"Scuba Legends\",\"description\":\"Dive Center Lanzarote\",\"publisher\":{\"@id\":\"https:\\\/\\\/scuba-legends.com\\\/es\\\/#organization\"},\"potentialAction\":[{\"@type\":\"SearchAction\",\"target\":{\"@type\":\"EntryPoint\",\"urlTemplate\":\"https:\\\/\\\/scuba-legends.com\\\/es\\\/?s={search_term_string}\"},\"query-input\":{\"@type\":\"PropertyValueSpecification\",\"valueRequired\":true,\"valueName\":\"search_term_string\"}}],\"inLanguage\":\"es\"},{\"@type\":\"Organization\",\"@id\":\"https:\\\/\\\/scuba-legends.com\\\/es\\\/#organization\",\"name\":\"Scuba Legends Dive Center Lanzarote\",\"url\":\"https:\\\/\\\/scuba-legends.com\\\/es\\\/\",\"logo\":{\"@type\":\"ImageObject\",\"inLanguage\":\"es\",\"@id\":\"https:\\\/\\\/scuba-legends.com\\\/es\\\/#\\\/schema\\\/logo\\\/image\\\/\",\"url\":\"https:\\\/\\\/scuba-legends.com\\\/wp-content\\\/uploads\\\/2020\\\/01\\\/scuba_legends_favicon.png\",\"contentUrl\":\"https:\\\/\\\/scuba-legends.com\\\/wp-content\\\/uploads\\\/2020\\\/01\\\/scuba_legends_favicon.png\",\"width\":512,\"height\":512,\"caption\":\"Scuba Legends Dive Center Lanzarote\"},\"image\":{\"@id\":\"https:\\\/\\\/scuba-legends.com\\\/es\\\/#\\\/schema\\\/logo\\\/image\\\/\"},\"sameAs\":[\"https:\\\/\\\/www.facebook.com\\\/ScubaLegends\\\/\",\"https:\\\/\\\/x.com\\\/scubalegends\",\"https:\\\/\\\/www.instagram.com\\\/scuba_legends\\\/\",\"https:\\\/\\\/www.youtube.com\\\/channel\\\/UCUjHU7Mmii5SfLoodxNZmqQ\"]}]}<\/script>\n<!-- \/ Yoast SEO plugin. -->","yoast_head_json":{"title":"Contacto - Scuba Legends","robots":{"index":"index","follow":"follow","max-snippet":"max-snippet:-1","max-image-preview":"max-image-preview:large","max-video-preview":"max-video-preview:-1"},"canonical":"https:\/\/scuba-legends.com\/es\/contacto\/","og_locale":"es_ES","og_type":"article","og_title":"Contacto - Scuba Legends","og_description":"MAKE IT LEGENDARYResolvemos todas dudasPreg\u00fantanos sin compromiso sobre inmersiones, cursos o lo que quieras. Estamos encantados de resolverlas:Calle Anzuelo 54Centro Comercial Puerto Cinco2\u00aa planta, Local 5035510 Puerto del Carmen, LanzaroteLas Palmas, Spaininfo@scuba-legends.com +34 662 090 159","og_url":"https:\/\/scuba-legends.com\/es\/contacto\/","og_site_name":"Scuba Legends","article_publisher":"https:\/\/www.facebook.com\/ScubaLegends\/","article_modified_time":"2023-04-03T17:07:58+00:00","og_image":[{"url":"https:\/\/scuba-legends.com\/wp-content\/uploads\/2019\/12\/phone-2.svg","type":"","width":"","height":""}],"twitter_card":"summary_large_image","twitter_site":"@scubalegends","twitter_misc":{"Tiempo de lectura":"2 minutos"},"schema":{"@context":"https:\/\/schema.org","@graph":[{"@type":"WebPage","@id":"https:\/\/scuba-legends.com\/es\/contacto\/","url":"https:\/\/scuba-legends.com\/es\/contacto\/","name":"Contacto - Scuba Legends","isPartOf":{"@id":"https:\/\/scuba-legends.com\/es\/#website"},"primaryImageOfPage":{"@id":"https:\/\/scuba-legends.com\/es\/contacto\/#primaryimage"},"image":{"@id":"https:\/\/scuba-legends.com\/es\/contacto\/#primaryimage"},"thumbnailUrl":"https:\/\/scuba-legends.com\/wp-content\/uploads\/2019\/12\/phone-2.svg","datePublished":"2020-08-31T09:30:03+00:00","dateModified":"2023-04-03T17:07:58+00:00","breadcrumb":{"@id":"https:\/\/scuba-legends.com\/es\/contacto\/#breadcrumb"},"inLanguage":"es","potentialAction":[{"@type":"ReadAction","target":["https:\/\/scuba-legends.com\/es\/contacto\/"]}]},{"@type":"ImageObject","inLanguage":"es","@id":"https:\/\/scuba-legends.com\/es\/contacto\/#primaryimage","url":"https:\/\/scuba-legends.com\/wp-content\/uploads\/2019\/12\/phone-2.svg","contentUrl":"https:\/\/scuba-legends.com\/wp-content\/uploads\/2019\/12\/phone-2.svg"},{"@type":"BreadcrumbList","@id":"https:\/\/scuba-legends.com\/es\/contacto\/#breadcrumb","itemListElement":[{"@type":"ListItem","position":1,"name":"Scuba Legends","item":"https:\/\/scuba-legends.com\/es\/"},{"@type":"ListItem","position":2,"name":"Contacto"}]},{"@type":"WebSite","@id":"https:\/\/scuba-legends.com\/es\/#website","url":"https:\/\/scuba-legends.com\/es\/","name":"Scuba Legends","description":"Dive Center Lanzarote","publisher":{"@id":"https:\/\/scuba-legends.com\/es\/#organization"},"potentialAction":[{"@type":"SearchAction","target":{"@type":"EntryPoint","urlTemplate":"https:\/\/scuba-legends.com\/es\/?s={search_term_string}"},"query-input":{"@type":"PropertyValueSpecification","valueRequired":true,"valueName":"search_term_string"}}],"inLanguage":"es"},{"@type":"Organization","@id":"https:\/\/scuba-legends.com\/es\/#organization","name":"Scuba Legends Dive Center Lanzarote","url":"https:\/\/scuba-legends.com\/es\/","logo":{"@type":"ImageObject","inLanguage":"es","@id":"https:\/\/scuba-legends.com\/es\/#\/schema\/logo\/image\/","url":"https:\/\/scuba-legends.com\/wp-content\/uploads\/2020\/01\/scuba_legends_favicon.png","contentUrl":"https:\/\/scuba-legends.com\/wp-content\/uploads\/2020\/01\/scuba_legends_favicon.png","width":512,"height":512,"caption":"Scuba Legends Dive Center Lanzarote"},"image":{"@id":"https:\/\/scuba-legends.com\/es\/#\/schema\/logo\/image\/"},"sameAs":["https:\/\/www.facebook.com\/ScubaLegends\/","https:\/\/x.com\/scubalegends","https:\/\/www.instagram.com\/scuba_legends\/","https:\/\/www.youtube.com\/channel\/UCUjHU7Mmii5SfLoodxNZmqQ"]}]}},"_links":{"self":[{"href":"https:\/\/scuba-legends.com\/es\/wp-json\/wp\/v2\/pages\/4909","targetHints":{"allow":["GET"]}}],"collection":[{"href":"https:\/\/scuba-legends.com\/es\/wp-json\/wp\/v2\/pages"}],"about":[{"href":"https:\/\/scuba-legends.com\/es\/wp-json\/wp\/v2\/types\/page"}],"author":[{"embeddable":true,"href":"https:\/\/scuba-legends.com\/es\/wp-json\/wp\/v2\/users\/2"}],"replies":[{"embeddable":true,"href":"https:\/\/scuba-legends.com\/es\/wp-json\/wp\/v2\/comments?post=4909"}],"version-history":[{"count":1,"href":"https:\/\/scuba-legends.com\/es\/wp-json\/wp\/v2\/pages\/4909\/revisions"}],"predecessor-version":[{"id":15229,"href":"https:\/\/scuba-legends.com\/es\/wp-json\/wp\/v2\/pages\/4909\/revisions\/15229"}],"wp:attachment":[{"href":"https:\/\/scuba-legends.com\/es\/wp-json\/wp\/v2\/media?parent=4909"}],"curies":[{"name":"wp","href":"https:\/\/api.w.org\/{rel}","templated":true}]}}