{"id":4562,"date":"2020-08-30T09:12:14","date_gmt":"2020-08-30T09:12:14","guid":{"rendered":"https:\/\/scuba-legends.com\/?page_id=4562"},"modified":"2020-10-30T11:10:53","modified_gmt":"2020-10-30T11:10:53","slug":"cursos-buceo-tecnico","status":"publish","type":"page","link":"https:\/\/scuba-legends.com\/es\/cursos-buceo-tecnico\/","title":{"rendered":"Cursos Buceo T\u00e9cnico"},"content":{"rendered":"<p>[et_pb_section fb_built=&#8221;1&#8243; fullwidth=&#8221;on&#8221; module_id=&#8221;spheader-section&#8221; _builder_version=&#8221;4.0.9&#8243;][et_pb_fullwidth_header title=&#8221;Cursos de buceo t\u00e9cnico PADI en Lanzarote&#8221; _builder_version=&#8221;4.0.9&#8243; title_font_size=&#8221;54px&#8221; subhead_font=&#8221;|||on|||||&#8221; background_image=&#8221;https:\/\/scuba-legends.com\/wp-content\/uploads\/2020\/08\/0.-Header-tecnico-1280&#215;900-final.jpg&#8221; width=&#8221;100%&#8221; module_alignment=&#8221;center&#8221; custom_padding=&#8221;80px||80px||true|&#8221; title_font_size_tablet=&#8221;44px&#8221; background_last_edited=&#8221;on|desktop&#8221; custom_css_main_element=&#8221;background-position: center -240px;&#8221; custom_css_title=&#8221;order: 2;&#8221; custom_css_subtitle=&#8221;order: 1;&#8221; custom_css_main_element_last_edited=&#8221;on|tablet&#8221; custom_css_main_element_tablet=&#8221;background-position: center -70px;&#8221; custom_css_main_element_phone=&#8221;background-position: center center;&#8221;]MAKE IT LEGENDARY[\/et_pb_fullwidth_header][\/et_pb_section][et_pb_section fb_built=&#8221;1&#8243; _builder_version=&#8221;4.0.9&#8243; custom_margin=&#8221;-50px||||false|false&#8221;][et_pb_row _builder_version=&#8221;4.0.9&#8243;][et_pb_column type=&#8221;4_4&#8243; _builder_version=&#8221;4.0.9&#8243;][et_pb_text _builder_version=&#8221;4.0.9&#8243; text_font_size=&#8221;18px&#8221; custom_margin=&#8221;-20px||||false|false&#8221;]<\/p>\n<h2 style=\"text-align: center; color: #0db4d5;\">Scuba Legends &#8211; donde se forjan las leyendas. Todos los niveles, desde iniciaci\u00f3n a pro.<\/h2>\n<p>[\/et_pb_text][et_pb_text _builder_version=&#8221;4.0.9&#8243;]<strong>Ve m\u00e1s all\u00e1 de los l\u00edmites del buceo recreativo. Supera tus barreras y llega hasta donde muy pocos lo hacen, solo las leyendas.<\/strong> El buceo t\u00e9cnico es el escal\u00f3n m\u00e1s alto dentro del submarinismo, por eso no es para todo el mundo. Debes estar dispuesto a aprender un nuevo concepto de buceo y asumir los riesgos e inversi\u00f3n que exige el tec diving. <strong>Nuestros instructores son unos aut\u00e9nticos frikis y apasionados del buceo t\u00e9cnico<\/strong>. Te ense\u00f1ar\u00e1n todos sus conocimientos y habilidades, pero tambi\u00e9n te exigir\u00e1n un nivel de implicaci\u00f3n. Nuestro objetivo es que aprendas y seas aut\u00f3nomo, la tarjeta que consigues es lo de menos. Como parte del buceo t\u00e9cnico aprender\u00e1s nuevas destrezas que te har\u00e1n mejorar como buceador, usar un equipo nuevo y diferentes mezclas de gases. As\u00ed podr\u00e1s hacer buceos\u00a0 mucho m\u00e1s largos y profundos, llegando a lugares m\u00e1gicos e inexplorados.[\/et_pb_text][et_pb_text _builder_version=&#8221;4.0.9&#8243; text_text_color=&#8221;#0db4d5&#8243; text_font_size=&#8221;18px&#8221; custom_margin=&#8221;||||false|false&#8221;]<\/p>\n<h2 style=\"text-align: center; color: #0db4d5;\">Puerto del Carmen, de los mejores sitios de Europa para el buceo t\u00e9cnico.<\/h2>\n<p>[\/et_pb_text][et_pb_text _builder_version=&#8221;4.0.9&#8243;]Puerto del Carmen, en la mitad este de Lanzarote, es el lugar ideal para aprender y disfruta el buceo t\u00e9cnico. Fondos de roca volc\u00e1nica que se hunden en la profundidad del oc\u00e9ano m\u00e1s all\u00e1 de los 60 metros. Cuevas, cavernas y t\u00faneles que ofrecen muchas posibilidades. Y, por supuesto, la espectacularidad del paisaje submarino y la abundancia de vida del Atl\u00e1ntico.[\/et_pb_text][\/et_pb_column][\/et_pb_row][et_pb_row column_structure=&#8221;1_3,1_3,1_3&#8243; _builder_version=&#8221;4.0.9&#8243; custom_margin=&#8221;-20px||||false|false&#8221;][et_pb_column type=&#8221;1_3&#8243; _builder_version=&#8221;4.0.9&#8243; custom_padding=&#8221;|0px||0px|false|false&#8221;][et_pb_image src=&#8221;https:\/\/scuba-legends.com\/wp-content\/uploads\/2020\/08\/1.-Discover-Technical-Diving-350&#215;188-1.jpg&#8221; url=&#8221;https:\/\/scuba-legends.com\/es\/discover-technical-diving\/&#8221; _builder_version=&#8221;4.0.9&#8243; width=&#8221;100%&#8221; animation_style=&#8221;zoom&#8221; border_radii=&#8221;on|5px|5px|5px|5px&#8221;][\/et_pb_image][et_pb_text _builder_version=&#8221;4.0.9&#8243; text_text_color=&#8221;#000000&#8243; custom_margin=&#8221;-22px||||false|false&#8221;]<\/p>\n<h3 style=\"color: #0db4d5; text-align: left; font-size: 22px;\"><strong><a href=\"https:\/\/scuba-legends.com\/es\/discover-technical-diving\/\">PADI Discover Technical Diving<\/a><\/strong><\/h3>\n<p>Este programa es como un bautizo de buceo t\u00e9cnico para probarlo, antes de decidirte a hacer el primer curso PADI Tec 40. \u00bfTe atreves?<\/p>\n<p>[\/et_pb_text][\/et_pb_column][et_pb_column type=&#8221;1_3&#8243; _builder_version=&#8221;4.0.9&#8243;][et_pb_image src=&#8221;https:\/\/scuba-legends.com\/wp-content\/uploads\/2020\/08\/2.-TEC-40-350&#215;188-1.jpg&#8221; url=&#8221;https:\/\/scuba-legends.com\/es\/padi-tec-40\/&#8221; _builder_version=&#8221;4.0.9&#8243; width=&#8221;100%&#8221; animation_style=&#8221;zoom&#8221; border_radii=&#8221;on|5px|5px|5px|5px&#8221;][\/et_pb_image][et_pb_text _builder_version=&#8221;4.0.9&#8243; text_text_color=&#8221;#000000&#8243; custom_margin=&#8221;-22px||||false|false&#8221; hover_enabled=&#8221;0&#8243;]<\/p>\n<h3 style=\"color: #0db4d5; text-align: left; font-size: 22px;\"><a href=\"https:\/\/scuba-legends.com\/es\/padi-tec-40\/\"><strong>PADI Tec 40<\/strong><\/a><\/h3>\n<p>In\u00edciate en el buceo t\u00e9cnico con los mejores instructores. Aprender\u00e1s los conocimientos b\u00e1sicos y dar\u00e1s tus primeros pasos en inmersiones con descompresi\u00f3n acelerada.<\/p>\n<p>[\/et_pb_text][\/et_pb_column][et_pb_column type=&#8221;1_3&#8243; _builder_version=&#8221;4.0.9&#8243;][et_pb_image src=&#8221;https:\/\/scuba-legends.com\/wp-content\/uploads\/2020\/08\/3.-TEC-45-350&#215;188-1.jpg&#8221; url=&#8221;https:\/\/scuba-legends.com\/es\/padi-tec-45\/&#8221; _builder_version=&#8221;4.0.9&#8243; width=&#8221;100%&#8221; animation_style=&#8221;zoom&#8221; border_radii=&#8221;on|5px|5px|5px|5px&#8221;][\/et_pb_image][et_pb_text _builder_version=&#8221;4.0.9&#8243; text_text_color=&#8221;#000000&#8243; custom_margin=&#8221;-22px||||false|false&#8221;]<\/p>\n<h3 style=\"color: #0db4d5; text-align: left; font-size: 22px;\"><strong><a href=\"https:\/\/scuba-legends.com\/es\/padi-tec-45\/\">PADI Tec 45<\/a><\/strong><\/h3>\n<p>Es el segundo curso de buceo t\u00e9cnico de PADI, para seguir mejorando las habilidades y conocimientos. Contin\u00faa el camino de las leyendas.<\/p>\n<p>[\/et_pb_text][\/et_pb_column][\/et_pb_row][et_pb_row column_structure=&#8221;1_3,1_3,1_3&#8243; _builder_version=&#8221;4.0.9&#8243;][et_pb_column type=&#8221;1_3&#8243; _builder_version=&#8221;4.0.9&#8243;][et_pb_image src=&#8221;https:\/\/scuba-legends.com\/wp-content\/uploads\/2020\/08\/4.-TEC-50-350&#215;188-1.jpg&#8221; url=&#8221;https:\/\/scuba-legends.com\/es\/padi-tec-50\/&#8221; _builder_version=&#8221;4.0.9&#8243; width=&#8221;100%&#8221; animation_style=&#8221;zoom&#8221; border_radii=&#8221;on|5px|5px|5px|5px&#8221;][\/et_pb_image][et_pb_text _builder_version=&#8221;4.0.9&#8243; text_text_color=&#8221;#000000&#8243; custom_margin=&#8221;-22px||||false|false&#8221; hover_enabled=&#8221;0&#8243;]<\/p>\n<h3 style=\"color: #0db4d5; text-align: left; font-size: 22px;\"><strong><a href=\"https:\/\/scuba-legends.com\/es\/padi-tec-50\/\">PADI Tec 50<\/a><\/strong><\/h3>\n<p>O Tec Deep Diver es el curso m\u00e1s completo de buceo t\u00e9cnico. Convi\u00e9rtete en un buceador t\u00e9cnico experto en 12 d\u00edas intensos.<\/p>\n<p>[\/et_pb_text][\/et_pb_column][et_pb_column type=&#8221;1_3&#8243; _builder_version=&#8221;4.0.9&#8243;][et_pb_image src=&#8221;https:\/\/scuba-legends.com\/wp-content\/uploads\/2020\/08\/5.-TEC-Sidemount-350&#215;188-1.jpg&#8221; url=&#8221;https:\/\/scuba-legends.com\/es\/padi-tec-sidemount&#8221; _builder_version=&#8221;4.0.9&#8243; width=&#8221;100%&#8221; animation_style=&#8221;zoom&#8221; border_radii=&#8221;on|5px|5px|5px|5px&#8221;][\/et_pb_image][et_pb_text _builder_version=&#8221;4.0.9&#8243; text_text_color=&#8221;#000000&#8243; custom_margin=&#8221;-22px||||false|false&#8221;]<\/p>\n<h3 style=\"color: #0db4d5; text-align: left; font-size: 22px;\"><a href=\"https:\/\/scuba-legends.com\/es\/padi-tec-sidemount\"><strong>PADI Tec Sidemount<\/strong><\/a><\/h3>\n<p>Cabalga los oc\u00e9anos en montaje lateral. Ll\u00e9valo al siguiente nivel como parte del buceo t\u00e9cnico. Aprende a usar tanques con distintas mezclas de gases.<\/p>\n<p>[\/et_pb_text][\/et_pb_column][et_pb_column type=&#8221;1_3&#8243; _builder_version=&#8221;4.0.9&#8243;][et_pb_image src=&#8221;https:\/\/scuba-legends.com\/wp-content\/uploads\/2020\/08\/6.-TEC-Trimix-65-350&#215;188-1.jpg&#8221; url=&#8221;https:\/\/scuba-legends.com\/es\/padi-tec-trimix-65\/&#8221; _builder_version=&#8221;4.0.9&#8243; width=&#8221;100%&#8221; animation_style=&#8221;zoom&#8221; border_radii=&#8221;on|5px|5px|5px|5px&#8221;][\/et_pb_image][et_pb_text _builder_version=&#8221;4.0.9&#8243; text_text_color=&#8221;#000000&#8243; custom_margin=&#8221;-22px||||false|false&#8221;]<\/p>\n<h3 style=\"color: #0db4d5; text-align: left; font-size: 22px;\"><strong><a href=\"https:\/\/scuba-legends.com\/es\/padi-tec-trimix-65\/\">PADI Tec Trimix 65<\/a><\/strong><\/h3>\n<p>Supera los l\u00edmites del nitrox y aprende a bucear con Trimix, hasta los 65 metros. Aprende las ventajas del helio y a configurar mezclas de gases distintas.<\/p>\n<p>[\/et_pb_text][\/et_pb_column][\/et_pb_row][et_pb_row column_structure=&#8221;1_3,2_3&#8243; _builder_version=&#8221;4.0.9&#8243;][et_pb_column type=&#8221;1_3&#8243; _builder_version=&#8221;4.0.9&#8243;][et_pb_image src=&#8221;https:\/\/scuba-legends.com\/wp-content\/uploads\/2020\/08\/7.-TEC-Trimix-Diver-350&#215;188-1.jpg&#8221; url=&#8221;https:\/\/scuba-legends.com\/es\/padi-tec-trimix-diver\/&#8221; _builder_version=&#8221;4.0.9&#8243; width=&#8221;100%&#8221; animation_style=&#8221;zoom&#8221; border_radii=&#8221;on|5px|5px|5px|5px&#8221;][\/et_pb_image][et_pb_text _builder_version=&#8221;4.0.9&#8243; text_text_color=&#8221;#000000&#8243; custom_margin=&#8221;-22px||||false|false&#8221;]<\/p>\n<h3 style=\"color: #0db4d5; text-align: left; font-size: 22px;\"><strong><a href=\"https:\/\/scuba-legends.com\/es\/padi-tec-trimix-diver\/\">PADI Tec Trimix Diver<\/a><\/strong><\/h3>\n<p>\u00bfQuieres superar todas las barreras? Bucear hasta 90 metros de profundidad. El buceo t\u00e9cnico m\u00e1s extremo que solo es posible usando Trimix.<\/p>\n<p>[\/et_pb_text][\/et_pb_column][et_pb_column type=&#8221;2_3&#8243; _builder_version=&#8221;4.0.9&#8243;][et_pb_image src=&#8221;https:\/\/scuba-legends.com\/wp-content\/uploads\/2020\/08\/8-eLearning-700&#215;188-1.jpg&#8221; align=&#8221;center&#8221; _builder_version=&#8221;4.0.9&#8243; transform_scale=&#8221;111%|100%&#8221; transform_scale_linked=&#8221;off&#8221; width=&#8221;100%&#8221; animation_style=&#8221;zoom&#8221; border_radii=&#8221;on|5px|5px|5px|5px&#8221;][\/et_pb_image][et_pb_text _builder_version=&#8221;4.0.9&#8243; text_text_color=&#8221;#000000&#8243; custom_margin=&#8221;-22px||||false|false&#8221;]<\/p>\n<h3 style=\"color: #0db4d5; text-align: left; font-size: 22px;\"><strong>PADI eLearning. Avanza con la teor\u00eda antes de llegar a Lanzarote<\/strong><\/h3>\n<p>Ahora puedes ir estudiando la parte te\u00f3rica de tu curso de buceo y hacer la pr\u00e1ctica cuando llegues a la isla, para que aproveches al m\u00e1ximo tus vacaciones. Sin coste extra.<\/p>\n<p>[\/et_pb_text][et_pb_button button_url=&#8221;https:\/\/scuba-legends.com\/es\/contacto\/&#8221; button_text=&#8221;M\u00e1s informaci\u00f3n&#8221; button_alignment=&#8221;center&#8221; _builder_version=&#8221;4.0.9&#8243; custom_button=&#8221;on&#8221; button_text_size=&#8221;16px&#8221; button_text_color=&#8221;#0db4d5&#8243; button_border_color=&#8221;#0db4d5&#8243;][\/et_pb_button][\/et_pb_column][\/et_pb_row][\/et_pb_section][et_pb_section fb_built=&#8221;1&#8243; _builder_version=&#8221;4.0.9&#8243;][et_pb_row column_structure=&#8221;1_3,2_3&#8243; _builder_version=&#8221;4.0.9&#8243; custom_margin=&#8221;-30px||||false|false&#8221; border_radii=&#8221;on|3px|3px|3px|3px&#8221; border_width_all=&#8221;2px&#8221; border_color_all=&#8221;#0db4d5&#8243;][et_pb_column type=&#8221;1_3&#8243; _builder_version=&#8221;4.0.9&#8243;][et_pb_image src=&#8221;https:\/\/scuba-legends.com\/wp-content\/uploads\/2020\/08\/Logo-Halcyon-Jpg-223&#215;94-1.jpg&#8221; align=&#8221;center&#8221; _builder_version=&#8221;4.0.9&#8243;][\/et_pb_image][\/et_pb_column][et_pb_column type=&#8221;2_3&#8243; _builder_version=&#8221;4.0.9&#8243;][et_pb_text _builder_version=&#8221;4.0.9&#8243;]<\/p>\n<h3 style=\"text-align: center;\">Proveedor oficial de Halcyon<\/h3>\n<p style=\"text-align: center;\">Marca de reconocido prestigio en buceo t\u00e9cnico y tambi\u00e9n recreativo. Somos el \u00fanico vendedor autorizado en todo Canarias.<\/p>\n<p>[\/et_pb_text][\/et_pb_column][\/et_pb_row][\/et_pb_section][et_pb_section fb_built=&#8221;1&#8243; fullwidth=&#8221;on&#8221; _builder_version=&#8221;3.22&#8243;][et_pb_fullwidth_header text_orientation=&#8221;center&#8221; button_one_text=&#8221;M\u00e1s informaci\u00f3n&#8221; button_one_url=&#8221;https:\/\/scuba-legends.com\/es\/contacto\/&#8221; button_two_text=&#8221;Reserva&#8221; button_two_url=&#8221;https:\/\/scuba-legends.com\/es\/reservar\/&#8221; _builder_version=&#8221;4.0.9&#8243; title_level=&#8221;h3&#8243; background_image=&#8221;https:\/\/scuba-legends.com\/wp-content\/uploads\/2020\/08\/Hazlo-epico-1.jpg&#8221; custom_button_one=&#8221;on&#8221; button_one_text_size=&#8221;16px&#8221; button_one_custom_margin=&#8221;||||false|false&#8221; custom_button_two=&#8221;on&#8221; button_two_text_size=&#8221;16px&#8221; text_shadow_style=&#8221;preset3&#8243;]<\/p>\n<h2 style=\"text-align: center;\"><strong>Gu\u00eda e instructor de buceo privado. \u00a1Hazlo \u00e9pico!<\/strong><\/h2>\n<p style=\"text-align: center;\">Si quieres una atenci\u00f3n VIP, a\u00fan m\u00e1s personalizada y para ti solo (o con tu familia y amigos), te ofrecemos nuestro servicio exclusivo de submarinismo privado en Puerto del Carmen, Lanzarote. Adaptamos la inmersi\u00f3n o curso a tus necesidades y tiempos.<\/p>\n<p>[\/et_pb_fullwidth_header][\/et_pb_section]<\/p>\n","protected":false},"excerpt":{"rendered":"<p>MAKE IT LEGENDARYScuba Legends &#8211; donde se forjan las leyendas. Todos los niveles, desde iniciaci\u00f3n a pro.Ve m\u00e1s all\u00e1 de los l\u00edmites del buceo recreativo. Supera tus barreras y llega hasta donde muy pocos lo hacen, solo las leyendas. El buceo t\u00e9cnico es el escal\u00f3n m\u00e1s alto dentro del submarinismo, por eso no es para [&hellip;]<\/p>\n","protected":false},"author":2,"featured_media":0,"parent":0,"menu_order":198,"comment_status":"closed","ping_status":"closed","template":"","meta":{"_acf_changed":false,"_et_pb_use_builder":"on","_et_pb_old_content":"","_et_gb_content_width":"","footnotes":""},"class_list":["post-4562","page","type-page","status-publish","hentry"],"acf":[],"yoast_head":"<!-- This site is optimized with the Yoast SEO plugin v27.3 - https:\/\/yoast.com\/product\/yoast-seo-wordpress\/ -->\n<title>Cursos Buceo T\u00e9cnico - Scuba Legends<\/title>\n<meta name=\"robots\" content=\"index, follow, max-snippet:-1, max-image-preview:large, max-video-preview:-1\" \/>\n<link rel=\"canonical\" href=\"https:\/\/scuba-legends.com\/es\/cursos-buceo-tecnico\/\" \/>\n<meta property=\"og:locale\" content=\"es_ES\" \/>\n<meta property=\"og:type\" content=\"article\" \/>\n<meta property=\"og:title\" content=\"Cursos Buceo T\u00e9cnico - Scuba Legends\" \/>\n<meta property=\"og:description\" content=\"MAKE IT LEGENDARYScuba Legends - donde se forjan las leyendas. Todos los niveles, desde iniciaci\u00f3n a pro.Ve m\u00e1s all\u00e1 de los l\u00edmites del buceo recreativo. Supera tus barreras y llega hasta donde muy pocos lo hacen, solo las leyendas. El buceo t\u00e9cnico es el escal\u00f3n m\u00e1s alto dentro del submarinismo, por eso no es para [&hellip;]\" \/>\n<meta property=\"og:url\" content=\"https:\/\/scuba-legends.com\/es\/cursos-buceo-tecnico\/\" \/>\n<meta property=\"og:site_name\" content=\"Scuba Legends\" \/>\n<meta property=\"article:publisher\" content=\"https:\/\/www.facebook.com\/ScubaLegends\/\" \/>\n<meta property=\"article:modified_time\" content=\"2020-10-30T11:10:53+00:00\" \/>\n<meta property=\"og:image\" content=\"https:\/\/scuba-legends.com\/wp-content\/uploads\/2020\/01\/scuba_legend_logo_new1.png\" \/>\n\t<meta property=\"og:image:width\" content=\"150\" \/>\n\t<meta property=\"og:image:height\" content=\"150\" \/>\n\t<meta property=\"og:image:type\" content=\"image\/png\" \/>\n<meta name=\"twitter:card\" content=\"summary_large_image\" \/>\n<meta name=\"twitter:site\" content=\"@scubalegends\" \/>\n<meta name=\"twitter:label1\" content=\"Tiempo de lectura\" \/>\n\t<meta name=\"twitter:data1\" content=\"8 minutos\" \/>\n<script type=\"application\/ld+json\" class=\"yoast-schema-graph\">{\"@context\":\"https:\\\/\\\/schema.org\",\"@graph\":[{\"@type\":\"WebPage\",\"@id\":\"https:\\\/\\\/scuba-legends.com\\\/es\\\/cursos-buceo-tecnico\\\/\",\"url\":\"https:\\\/\\\/scuba-legends.com\\\/es\\\/cursos-buceo-tecnico\\\/\",\"name\":\"Cursos Buceo T\u00e9cnico - Scuba Legends\",\"isPartOf\":{\"@id\":\"https:\\\/\\\/scuba-legends.com\\\/es\\\/#website\"},\"datePublished\":\"2020-08-30T09:12:14+00:00\",\"dateModified\":\"2020-10-30T11:10:53+00:00\",\"breadcrumb\":{\"@id\":\"https:\\\/\\\/scuba-legends.com\\\/es\\\/cursos-buceo-tecnico\\\/#breadcrumb\"},\"inLanguage\":\"es\",\"potentialAction\":[{\"@type\":\"ReadAction\",\"target\":[\"https:\\\/\\\/scuba-legends.com\\\/es\\\/cursos-buceo-tecnico\\\/\"]}]},{\"@type\":\"BreadcrumbList\",\"@id\":\"https:\\\/\\\/scuba-legends.com\\\/es\\\/cursos-buceo-tecnico\\\/#breadcrumb\",\"itemListElement\":[{\"@type\":\"ListItem\",\"position\":1,\"name\":\"Scuba Legends\",\"item\":\"https:\\\/\\\/scuba-legends.com\\\/es\\\/\"},{\"@type\":\"ListItem\",\"position\":2,\"name\":\"Cursos Buceo T\u00e9cnico\"}]},{\"@type\":\"WebSite\",\"@id\":\"https:\\\/\\\/scuba-legends.com\\\/es\\\/#website\",\"url\":\"https:\\\/\\\/scuba-legends.com\\\/es\\\/\",\"name\":\"Scuba Legends\",\"description\":\"Dive Center Lanzarote\",\"publisher\":{\"@id\":\"https:\\\/\\\/scuba-legends.com\\\/es\\\/#organization\"},\"potentialAction\":[{\"@type\":\"SearchAction\",\"target\":{\"@type\":\"EntryPoint\",\"urlTemplate\":\"https:\\\/\\\/scuba-legends.com\\\/es\\\/?s={search_term_string}\"},\"query-input\":{\"@type\":\"PropertyValueSpecification\",\"valueRequired\":true,\"valueName\":\"search_term_string\"}}],\"inLanguage\":\"es\"},{\"@type\":\"Organization\",\"@id\":\"https:\\\/\\\/scuba-legends.com\\\/es\\\/#organization\",\"name\":\"Scuba Legends Dive Center Lanzarote\",\"url\":\"https:\\\/\\\/scuba-legends.com\\\/es\\\/\",\"logo\":{\"@type\":\"ImageObject\",\"inLanguage\":\"es\",\"@id\":\"https:\\\/\\\/scuba-legends.com\\\/es\\\/#\\\/schema\\\/logo\\\/image\\\/\",\"url\":\"https:\\\/\\\/scuba-legends.com\\\/wp-content\\\/uploads\\\/2020\\\/01\\\/scuba_legends_favicon.png\",\"contentUrl\":\"https:\\\/\\\/scuba-legends.com\\\/wp-content\\\/uploads\\\/2020\\\/01\\\/scuba_legends_favicon.png\",\"width\":512,\"height\":512,\"caption\":\"Scuba Legends Dive Center Lanzarote\"},\"image\":{\"@id\":\"https:\\\/\\\/scuba-legends.com\\\/es\\\/#\\\/schema\\\/logo\\\/image\\\/\"},\"sameAs\":[\"https:\\\/\\\/www.facebook.com\\\/ScubaLegends\\\/\",\"https:\\\/\\\/x.com\\\/scubalegends\",\"https:\\\/\\\/www.instagram.com\\\/scuba_legends\\\/\",\"https:\\\/\\\/www.youtube.com\\\/channel\\\/UCUjHU7Mmii5SfLoodxNZmqQ\"]}]}<\/script>\n<!-- \/ Yoast SEO plugin. -->","yoast_head_json":{"title":"Cursos Buceo T\u00e9cnico - Scuba Legends","robots":{"index":"index","follow":"follow","max-snippet":"max-snippet:-1","max-image-preview":"max-image-preview:large","max-video-preview":"max-video-preview:-1"},"canonical":"https:\/\/scuba-legends.com\/es\/cursos-buceo-tecnico\/","og_locale":"es_ES","og_type":"article","og_title":"Cursos Buceo T\u00e9cnico - Scuba Legends","og_description":"MAKE IT LEGENDARYScuba Legends - donde se forjan las leyendas. Todos los niveles, desde iniciaci\u00f3n a pro.Ve m\u00e1s all\u00e1 de los l\u00edmites del buceo recreativo. Supera tus barreras y llega hasta donde muy pocos lo hacen, solo las leyendas. El buceo t\u00e9cnico es el escal\u00f3n m\u00e1s alto dentro del submarinismo, por eso no es para [&hellip;]","og_url":"https:\/\/scuba-legends.com\/es\/cursos-buceo-tecnico\/","og_site_name":"Scuba Legends","article_publisher":"https:\/\/www.facebook.com\/ScubaLegends\/","article_modified_time":"2020-10-30T11:10:53+00:00","og_image":[{"width":150,"height":150,"url":"https:\/\/scuba-legends.com\/wp-content\/uploads\/2020\/01\/scuba_legend_logo_new1.png","type":"image\/png"}],"twitter_card":"summary_large_image","twitter_site":"@scubalegends","twitter_misc":{"Tiempo de lectura":"8 minutos"},"schema":{"@context":"https:\/\/schema.org","@graph":[{"@type":"WebPage","@id":"https:\/\/scuba-legends.com\/es\/cursos-buceo-tecnico\/","url":"https:\/\/scuba-legends.com\/es\/cursos-buceo-tecnico\/","name":"Cursos Buceo T\u00e9cnico - Scuba Legends","isPartOf":{"@id":"https:\/\/scuba-legends.com\/es\/#website"},"datePublished":"2020-08-30T09:12:14+00:00","dateModified":"2020-10-30T11:10:53+00:00","breadcrumb":{"@id":"https:\/\/scuba-legends.com\/es\/cursos-buceo-tecnico\/#breadcrumb"},"inLanguage":"es","potentialAction":[{"@type":"ReadAction","target":["https:\/\/scuba-legends.com\/es\/cursos-buceo-tecnico\/"]}]},{"@type":"BreadcrumbList","@id":"https:\/\/scuba-legends.com\/es\/cursos-buceo-tecnico\/#breadcrumb","itemListElement":[{"@type":"ListItem","position":1,"name":"Scuba Legends","item":"https:\/\/scuba-legends.com\/es\/"},{"@type":"ListItem","position":2,"name":"Cursos Buceo T\u00e9cnico"}]},{"@type":"WebSite","@id":"https:\/\/scuba-legends.com\/es\/#website","url":"https:\/\/scuba-legends.com\/es\/","name":"Scuba Legends","description":"Dive Center Lanzarote","publisher":{"@id":"https:\/\/scuba-legends.com\/es\/#organization"},"potentialAction":[{"@type":"SearchAction","target":{"@type":"EntryPoint","urlTemplate":"https:\/\/scuba-legends.com\/es\/?s={search_term_string}"},"query-input":{"@type":"PropertyValueSpecification","valueRequired":true,"valueName":"search_term_string"}}],"inLanguage":"es"},{"@type":"Organization","@id":"https:\/\/scuba-legends.com\/es\/#organization","name":"Scuba Legends Dive Center Lanzarote","url":"https:\/\/scuba-legends.com\/es\/","logo":{"@type":"ImageObject","inLanguage":"es","@id":"https:\/\/scuba-legends.com\/es\/#\/schema\/logo\/image\/","url":"https:\/\/scuba-legends.com\/wp-content\/uploads\/2020\/01\/scuba_legends_favicon.png","contentUrl":"https:\/\/scuba-legends.com\/wp-content\/uploads\/2020\/01\/scuba_legends_favicon.png","width":512,"height":512,"caption":"Scuba Legends Dive Center Lanzarote"},"image":{"@id":"https:\/\/scuba-legends.com\/es\/#\/schema\/logo\/image\/"},"sameAs":["https:\/\/www.facebook.com\/ScubaLegends\/","https:\/\/x.com\/scubalegends","https:\/\/www.instagram.com\/scuba_legends\/","https:\/\/www.youtube.com\/channel\/UCUjHU7Mmii5SfLoodxNZmqQ"]}]}},"_links":{"self":[{"href":"https:\/\/scuba-legends.com\/es\/wp-json\/wp\/v2\/pages\/4562","targetHints":{"allow":["GET"]}}],"collection":[{"href":"https:\/\/scuba-legends.com\/es\/wp-json\/wp\/v2\/pages"}],"about":[{"href":"https:\/\/scuba-legends.com\/es\/wp-json\/wp\/v2\/types\/page"}],"author":[{"embeddable":true,"href":"https:\/\/scuba-legends.com\/es\/wp-json\/wp\/v2\/users\/2"}],"replies":[{"embeddable":true,"href":"https:\/\/scuba-legends.com\/es\/wp-json\/wp\/v2\/comments?post=4562"}],"version-history":[{"count":0,"href":"https:\/\/scuba-legends.com\/es\/wp-json\/wp\/v2\/pages\/4562\/revisions"}],"wp:attachment":[{"href":"https:\/\/scuba-legends.com\/es\/wp-json\/wp\/v2\/media?parent=4562"}],"curies":[{"name":"wp","href":"https:\/\/api.w.org\/{rel}","templated":true}]}}