{"id":4458,"date":"2020-08-28T10:39:17","date_gmt":"2020-08-28T10:39:17","guid":{"rendered":"https:\/\/scuba-legends.com\/?page_id=4458"},"modified":"2025-08-21T14:02:14","modified_gmt":"2025-08-21T14:02:14","slug":"bautizo-de-buceo","status":"publish","type":"page","link":"https:\/\/scuba-legends.com\/es\/bautizo-de-buceo\/","title":{"rendered":"Bautizo de Buceo en Lanzarote &#8211; PADI Discover Scuba Diving"},"content":{"rendered":"<p>[et_pb_section fb_built=&#8221;1&#8243; fullwidth=&#8221;on&#8221; module_id=&#8221;spheader-section&#8221; _builder_version=&#8221;4.16&#8243; global_colors_info=&#8221;{}&#8221;][et_pb_fullwidth_header title=&#8221;PADI Discover Scuba Diving. M\u00e1s que un bautizo de buceo en Lanzarote.&#8221; admin_label=&#8221;T\u00edtulo de anchura completa&#8221; _builder_version=&#8221;4.16&#8243; title_text_align=&#8221;left&#8221; title_font_size=&#8221;54px&#8221; subhead_font=&#8221;|||on|||||&#8221; background_image=&#8221;https:\/\/scuba-legends.com\/wp-content\/uploads\/2024\/02\/Discover-Scuba-Diving-Image.jpg&#8221; width=&#8221;100%&#8221; module_alignment=&#8221;center&#8221; custom_padding=&#8221;80px||80px||true|&#8221; title_font_size_tablet=&#8221;44px&#8221; background_last_edited=&#8221;on|desktop&#8221; custom_css_main_element=&#8221;background-position: center -240px;&#8221; custom_css_title=&#8221;order: 2;&#8221; custom_css_subtitle=&#8221;order: 1;&#8221; global_colors_info=&#8221;{}&#8221; custom_css_main_element_last_edited=&#8221;on|tablet&#8221; custom_css_main_element_tablet=&#8221;background-position: center -70px;&#8221; custom_css_main_element_phone=&#8221;background-position: center center;&#8221;]<\/p>\n<p style=\"text-align: left;\">\u00a0MAKE IT LEGENDARY<\/p>\n<p>[\/et_pb_fullwidth_header][\/et_pb_section][et_pb_section fb_built=&#8221;1&#8243; _builder_version=&#8221;4.16&#8243; custom_margin=&#8221;-50px||||false|false&#8221; locked=&#8221;off&#8221; global_colors_info=&#8221;{}&#8221;][et_pb_row _builder_version=&#8221;4.16&#8243; global_colors_info=&#8221;{}&#8221;][et_pb_column type=&#8221;4_4&#8243; _builder_version=&#8221;4.16&#8243; global_colors_info=&#8221;{}&#8221;][et_pb_text admin_label=&#8221;Text&#8221; _builder_version=&#8221;4.27.4&#8243; text_font_size=&#8221;18px&#8221; custom_margin=&#8221;-20px||||false|false&#8221; global_colors_info=&#8221;{}&#8221;]<\/p>\n<h2 style=\"text-align: center; color: #0db4d5;\">\u00bfQuieres hacer un bautizo de buceo en Lanzarote? Es m\u00e1s f\u00e1cil de lo que piensas!<\/h2>\n<p>[\/et_pb_text][et_pb_text admin_label=&#8221;Text&#8221; _builder_version=&#8221;4.27.4&#8243; global_colors_info=&#8221;{}&#8221;]<\/p>\n<p>El PADI Discover Scuba Diving (DSD)\u00a0 &#8211; Bautizo de buceo en Lanzarote &#8211; brinda una oportunidad ideal para dar tus primeros pasos en el buceo. Actuando como la experiencia inicial de buceo, se puede considerar un <strong>&#8220;Programa Todo Incluido&#8221;<\/strong>. Tu instructor se encarga de todos los aspectos del proceso, permiti\u00e9ndote simplemente respirar e sumergirte en el mundo submarino. No es necesario tener conocimientos previos; lo \u00fanico que necesitas es estar en buena salud.<\/p>\n<p>Durante la primera charla, el instructor te guiar\u00e1 a trav\u00e9s de los fundamentos del buceo, brind\u00e1ndote los conocimientos necesarios para tu primera experiencia de buceo. Una vez equipados, entramos al agua desde la playa, comenzando en la zona poco profunda y protegida de Playa Chica. Aqu\u00ed, nos familiarizamos con el equipo en la superficie antes de descender gradualmente, practicando habilidades b\u00e1sicas de buceo en aguas poco profundas para familiarizarnos con el entorno submarino. Una vez que te sientas seguro, nos <strong>embarcamos en tu primera inmersi\u00f3n real<\/strong>, con la opci\u00f3n (pero no el requisito) de alcanzar una <strong>profundidad m\u00e1xima de 6m\/12m.<\/strong><\/p>\n<p>Queremos que tengas la <strong>experiencia aut\u00e9ntica de sentirte libre como un pez<\/strong> y disfrutar consciente y confiadamente de tu bautizo. Playa Chica, ubicada en Puerto del Carmen, es el <strong>mejor lugar de buceo<\/strong> en Lanzarote. Playa Chica ofrece accesos f\u00e1ciles caminando hacia el agua desde la playa o bajando las escaleras. Imagina un plateau poco profundo que se extiende hacia una enorme monta\u00f1a submarina con muchas rutas de buceo diferentes para todos los niveles de experiencia. La bah\u00eda protegida cautiva con un entorno seguro donde puedes maravillarte con <strong>cientos de peces coloridos<\/strong> y diversas criaturas submarinas. Es casi como un acuario.<\/p>\n<p><strong>PADI eLearning<\/strong><br \/>Recomendamos generalmente a todos los participantes a\u00f1adir el PADI eLearning opcional para Discover Scuba Diving (DSD) a su reserva. Puedes completar la teor\u00eda online, de f\u00e1cil acceso, c\u00f3modamente en solo 20\u201330 minutos en tu port\u00e1til, tableta o tel\u00e9fono m\u00f3vil antes de comenzar la actividad.<\/p>\n<ul>\n<li>Una introducci\u00f3n clara y sencilla a los conceptos b\u00e1sicos del buceo<\/li>\n<li>Informaci\u00f3n sobre el equipo de buceo y c\u00f3mo utilizarlo<\/li>\n<li>Reglas esenciales de seguridad y se\u00f1ales bajo el agua<\/li>\n<li>V\u00eddeos cortos y gr\u00e1ficos explicativos para ayudarte a recordar lo aprendido<\/li>\n<\/ul>\n<p><span style=\"text-decoration: underline;\">Ventajas:<\/span><\/p>\n<ul>\n<li><strong>Teor\u00eda en tu idioma<\/strong> \u2013 El eLearning est\u00e1 disponible en muchos idiomas diferentes<\/li>\n<li><strong>Mejor preparaci\u00f3n<\/strong> \u2013 Entrar\u00e1s al agua con una base s\u00f3lida y podr\u00e1s concentrarte m\u00e1s en disfrutar la experiencia<\/li>\n<li><strong>M\u00e1s confianza y seguridad<\/strong> \u2013 Sabr\u00e1s de antemano qu\u00e9 esperar y te sentir\u00e1s m\u00e1s relajado antes de bucear<\/li>\n<\/ul>\n<p>[\/et_pb_text][\/et_pb_column][\/et_pb_row][et_pb_row disabled_on=&#8221;on|on|on&#8221; _builder_version=&#8221;4.16&#8243; disabled=&#8221;on&#8221; locked=&#8221;on&#8221; global_colors_info=&#8221;{}&#8221;][et_pb_column type=&#8221;4_4&#8243; _builder_version=&#8221;4.16&#8243; global_colors_info=&#8221;{}&#8221;][et_pb_text disabled_on=&#8221;off|off|off&#8221; admin_label=&#8221;Text&#8221; module_id=&#8221;moreinfo-1&#8243; module_class=&#8221;pricing-holder&#8221; _builder_version=&#8221;4.27.4&#8243; text_line_height=&#8221;1.3em&#8221; custom_padding=&#8221;10px||0px||false|false&#8221; animation_style=&#8221;zoom&#8221; custom_css_main_element=&#8221;overflow: visible;&#8221; border_radii=&#8221;on|3px|3px|3px|3px&#8221; box_shadow_style=&#8221;preset1&#8243; box_shadow_blur=&#8221;12px&#8221; box_shadow_color=&#8221;#0db4d5&#8243; global_colors_info=&#8221;{}&#8221;]<\/p>\n<div class=\"price-inner-content\">\n<h2 style=\"text-align: center; color: #ff0000;\"><strong>*OFERTA DE PRIMAVERA &#8211; BAUTIZO POR 75\u20ac POR PERSONA &#8211; \u00a1RESERVA AHORA!*<\/strong><\/h2>\n<p style=\"text-align: center; color: #ff0000;\"><strong>*Descuento en reservas web realizadas antes del 10\/04\/25 con fechas de actividad hasta el 15\/04\/25.*<\/strong><\/p>\n<p style=\"text-align: center;\">V\u00e1lido para Bautizos de buceo reservados directamente a trav\u00e9s de esta web. Sujeto a disponibilidad limitada. El precio con descuento se aplica autom\u00e1ticamente durante el proceso de reserva en l\u00ednea.<\/p>\n<\/div>\n<p>[\/et_pb_text][\/et_pb_column][\/et_pb_row][et_pb_row disabled_on=&#8221;off|off|off&#8221; _builder_version=&#8221;4.16&#8243; locked=&#8221;off&#8221; global_colors_info=&#8221;{}&#8221;][et_pb_column type=&#8221;4_4&#8243; _builder_version=&#8221;4.16&#8243; global_colors_info=&#8221;{}&#8221;][et_pb_button button_url=&#8221;https:\/\/app.bukyapp.com\/front\/673ef83180e03463a90b61e6\/product\/6756c76e58b6804f2a6679ae&#8221; url_new_window=&#8221;on&#8221; button_text=&#8221;DISPONIBILIDAD Y PRECIOS&#8221; button_alignment=&#8221;center&#8221; admin_label=&#8221;Button&#8221; _builder_version=&#8221;4.27.4&#8243; custom_button=&#8221;on&#8221; button_text_size=&#8221;16px&#8221; button_text_color=&#8221;#ffffff&#8221; button_bg_color=&#8221;#0db4d5&#8243; button_border_radius=&#8221;6px&#8221; global_colors_info=&#8221;{}&#8221;][\/et_pb_button][\/et_pb_column][\/et_pb_row][et_pb_row column_structure=&#8221;1_3,1_3,1_3&#8243; _builder_version=&#8221;4.16&#8243; locked=&#8221;off&#8221; global_colors_info=&#8221;{}&#8221;][et_pb_column type=&#8221;1_3&#8243; _builder_version=&#8221;4.16&#8243; global_colors_info=&#8221;{}&#8221;][et_pb_text admin_label=&#8221;Text&#8221; _builder_version=&#8221;4.27.4&#8243; background_color=&#8221;rgba(13,180,213,0.17)&#8221; custom_padding=&#8221;25px|25px|25px|25px|false|false&#8221; hover_enabled=&#8221;0&#8243; border_radii=&#8221;on|3px|3px|3px|3px&#8221; global_colors_info=&#8221;{}&#8221; sticky_enabled=&#8221;0&#8243;]<\/p>\n<h4 style=\"text-align: center; color: #0db4d5;\">\u00bfQu\u00e9 opciones est\u00e1n disponibles?<\/h4>\n<p><strong>PADI DSD BASIC: UNA INMERSI\u00d3N<\/strong><\/p>\n<ul>\n<li>Ubicaci\u00f3n: La playa de Playa Chica<\/li>\n<li>Profundidad: 6 metros<\/li>\n<li>Duraci\u00f3n de la actividad: ~2 horas<\/li>\n<li>Precios desde 80\u20ac <del>95\u20ac<\/del><\/li>\n<\/ul>\n<p><strong>PADI DSD VIP: DOS INMERSIONES\u00a0<\/strong><\/p>\n<ul>\n<li>Ubicaci\u00f3n: La playa de Playa Chica + Muellito (2da inmersi\u00f3n)<\/li>\n<li>Profundidad: 6 metros + 12 metros<\/li>\n<li>Duraci\u00f3n de la actividad: 3,5-4 horas (incl. descanso entre inmersiones)<\/li>\n<li>Precios desde 125\u20ac <del>140\u20ac<\/del><\/li>\n<\/ul>\n<p style=\"text-align: center; color: #ff0000;\">\u00a1Oferta online &#8211; disponibilidad limitada!<\/p>\n<h4 style=\"text-align: center; color: #0db4d5;\"><a href=\"https:\/\/app.bukyapp.com\/front\/673ef83180e03463a90b61e6\/product\/6756c76e58b6804f2a6679ae\" target=\"_blank\" rel=\"noopener\">RESERVA<\/a><\/h4>\n<p>[\/et_pb_text][\/et_pb_column][et_pb_column type=&#8221;1_3&#8243; _builder_version=&#8221;4.16&#8243; global_colors_info=&#8221;{}&#8221;][et_pb_text _builder_version=&#8221;4.25.1&#8243; background_color=&#8221;rgba(13,180,213,0.17)&#8221; custom_padding=&#8221;25px|25px|25px|25px|false|false&#8221; border_radii=&#8221;on|3px|3px|3px|3px&#8221; global_colors_info=&#8221;{}&#8221;]<\/p>\n<h4 style=\"text-align: center; color: #0db4d5;\">\u00bfQue incluye?<\/h4>\n<ul>\n<li>Equipo de alquiler<\/li>\n<li>Seguro de buceo<\/li>\n<li>Agua y galletas entre inmersiones<\/li>\n<li>Instructor con experiencia<\/li>\n<li>Grupos peque\u00f1os<\/li>\n<\/ul>\n<p>[\/et_pb_text][et_pb_text _builder_version=&#8221;4.26.0&#8243; background_color=&#8221;rgba(13,180,213,0.17)&#8221; custom_padding=&#8221;25px|25px|25px|25px|false|false&#8221; border_radii=&#8221;on|3px|3px|3px|3px&#8221; global_colors_info=&#8221;{}&#8221;]<\/p>\n<h4 style=\"text-align: center; color: #0db4d5;\">\u00bfCu\u00e1les son los requisitos?<\/h4>\n<ul>\n<li>M\u00e1s de 10 a\u00f1os<\/li>\n<li>Apto para el buceo: algunas condiciones m\u00e9dicas previas requieren una evaluaci\u00f3n m\u00e9dica.<\/li>\n<li><a href=\"https:\/\/www.uhms.org\/es\/resources\/featured-resources\/es-recreational-diving-medical-screening-system.html\"><strong>Haz clic aqu\u00ed para comprobar si necesitas un certificado m\u00e9dico.<\/strong><\/a><\/li>\n<\/ul>\n<p>[\/et_pb_text][\/et_pb_column][et_pb_column type=&#8221;1_3&#8243; _builder_version=&#8221;4.16&#8243; global_colors_info=&#8221;{}&#8221;][et_pb_text _builder_version=&#8221;4.27.4&#8243; background_color=&#8221;rgba(13,180,213,0.17)&#8221; custom_padding=&#8221;25px|25px|25px|25px|false|false&#8221; border_radii=&#8221;on|3px|3px|3px|3px&#8221; global_colors_info=&#8221;{}&#8221;]<\/p>\n<h4 style=\"text-align: center; color: #0db4d5;\">Bueno saberlo!<\/h4>\n<ul>\n<li>No require experiencia<\/li>\n<li>Bucearemos desde la playa en Playa Chica (Puerto del Carmen)<\/li>\n<li>Trae: ropa de ba\u00f1o, toalla, gafas de sol, protector solar, ropa para cambiarte<\/li>\n<li>No puedes volar durante 12 horas despu\u00e9s de una inmersi\u00f3n (18 horas despu\u00e9s dos inmersiones)<\/li>\n<li>Se recomienda reservar con antelaci\u00f3n<\/li>\n<li>Opcional: PADI eLearning y paquetes de fotos disponibles<\/li>\n<li>Hora de inicio: 8:15\/12:15 (seg\u00fan temporada, opci\u00f3n, idioma y disponibilidad)<\/li>\n<\/ul>\n<p>[\/et_pb_text][\/et_pb_column][\/et_pb_row][et_pb_row disabled_on=&#8221;off|off|off&#8221; _builder_version=&#8221;4.16&#8243; locked=&#8221;off&#8221; global_colors_info=&#8221;{}&#8221;][et_pb_column type=&#8221;4_4&#8243; _builder_version=&#8221;4.16&#8243; global_colors_info=&#8221;{}&#8221;][et_pb_button button_url=&#8221;https:\/\/app.bukyapp.com\/front\/673ef83180e03463a90b61e6\/product\/6756c76e58b6804f2a6679ae&#8221; url_new_window=&#8221;on&#8221; button_text=&#8221;DISPONIBILIDAD Y PRECIOS&#8221; button_alignment=&#8221;center&#8221; admin_label=&#8221;Button&#8221; _builder_version=&#8221;4.27.4&#8243; custom_button=&#8221;on&#8221; button_text_size=&#8221;16px&#8221; button_text_color=&#8221;#ffffff&#8221; button_bg_color=&#8221;#0db4d5&#8243; button_border_radius=&#8221;6px&#8221; global_colors_info=&#8221;{}&#8221;][\/et_pb_button][\/et_pb_column][\/et_pb_row][\/et_pb_section][et_pb_section fb_built=&#8221;1&#8243; fullwidth=&#8221;on&#8221; _builder_version=&#8221;4.16&#8243; global_colors_info=&#8221;{}&#8221;][et_pb_fullwidth_header text_orientation=&#8221;center&#8221; button_one_text=&#8221;M\u00e1s informaci\u00f3n&#8221; button_one_url=&#8221;https:\/\/scuba-legends.com\/es\/contacto\/&#8221; _builder_version=&#8221;4.16&#8243; title_level=&#8221;h3&#8243; background_image=&#8221;https:\/\/scuba-legends.com\/wp-content\/uploads\/2020\/08\/Hazlo-epico-1.jpg&#8221; custom_button_one=&#8221;on&#8221; button_one_text_size=&#8221;16px&#8221; button_one_custom_margin=&#8221;||||false|false&#8221; custom_button_two=&#8221;on&#8221; button_two_text_size=&#8221;16px&#8221; text_shadow_style=&#8221;preset3&#8243; global_colors_info=&#8221;{}&#8221;]<\/p>\n<h2 style=\"text-align: center;\"><strong>Gu\u00eda e instructor de buceo privado. \u00a1Hazlo \u00e9pico!<\/strong><\/h2>\n<p style=\"text-align: center;\">Si quieres una atenci\u00f3n VIP, a\u00fan m\u00e1s personalizada y para ti solo (o con tu familia y amigos), te ofrecemos nuestro servicio exclusivo de submarinismo privado en Puerto del Carmen, Lanzarote.<br \/>Adaptamos la inmersi\u00f3n o curso a tus necesidades y tiempos.<\/p>\n<p>[\/et_pb_fullwidth_header][\/et_pb_section]<\/p>\n","protected":false},"excerpt":{"rendered":"<p>\u00a0MAKE IT LEGENDARY\u00bfQuieres hacer un bautizo de buceo en Lanzarote? Es m\u00e1s f\u00e1cil de lo que piensas!El PADI Discover Scuba Diving (DSD)\u00a0 &#8211; Bautizo de buceo en Lanzarote &#8211; brinda una oportunidad ideal para dar tus primeros pasos en el buceo. Actuando como la experiencia inicial de buceo, se puede considerar un &#8220;Programa Todo Incluido&#8221;. [&hellip;]<\/p>\n","protected":false},"author":2,"featured_media":16129,"parent":0,"menu_order":199,"comment_status":"closed","ping_status":"closed","template":"","meta":{"_acf_changed":false,"_et_pb_use_builder":"on","_et_pb_old_content":"","_et_gb_content_width":"","footnotes":""},"class_list":["post-4458","page","type-page","status-publish","has-post-thumbnail","hentry"],"acf":[],"yoast_head":"<!-- This site is optimized with the Yoast SEO plugin v27.3 - https:\/\/yoast.com\/product\/yoast-seo-wordpress\/ -->\n<title>Bautizo de Buceo en Lanzarote - PADI Discover Scuba Diving - Scuba Legends<\/title>\n<meta name=\"description\" content=\"PADI Discover Scuba Diving - Bautizo de buceo en Lanzarote. Prueba el buceo por la primera vez y disfruta la vida marina abajo del agua.\" \/>\n<meta name=\"robots\" content=\"index, follow, max-snippet:-1, max-image-preview:large, max-video-preview:-1\" \/>\n<link rel=\"canonical\" href=\"https:\/\/scuba-legends.com\/es\/bautizo-de-buceo\/\" \/>\n<meta property=\"og:locale\" content=\"es_ES\" \/>\n<meta property=\"og:type\" content=\"article\" \/>\n<meta property=\"og:title\" content=\"Bautizo de Buceo en Lanzarote - PADI Discover Scuba Diving - Scuba Legends\" \/>\n<meta property=\"og:description\" content=\"PADI Discover Scuba Diving - Bautizo de buceo en Lanzarote. Prueba el buceo por la primera vez y disfruta la vida marina abajo del agua.\" \/>\n<meta property=\"og:url\" content=\"https:\/\/scuba-legends.com\/es\/bautizo-de-buceo\/\" \/>\n<meta property=\"og:site_name\" content=\"Scuba Legends\" \/>\n<meta property=\"article:publisher\" content=\"https:\/\/www.facebook.com\/ScubaLegends\/\" \/>\n<meta property=\"article:modified_time\" content=\"2025-08-21T14:02:14+00:00\" \/>\n<meta property=\"og:image\" content=\"https:\/\/scuba-legends.com\/wp-content\/uploads\/2024\/02\/Discover-Scuba-Diving-Image.jpg\" \/>\n\t<meta property=\"og:image:width\" content=\"1920\" \/>\n\t<meta property=\"og:image:height\" content=\"1080\" \/>\n\t<meta property=\"og:image:type\" content=\"image\/jpeg\" \/>\n<meta name=\"twitter:card\" content=\"summary_large_image\" \/>\n<meta name=\"twitter:site\" content=\"@scubalegends\" \/>\n<meta name=\"twitter:label1\" content=\"Tiempo de lectura\" \/>\n\t<meta name=\"twitter:data1\" content=\"4 minutos\" \/>\n<script type=\"application\/ld+json\" class=\"yoast-schema-graph\">{\"@context\":\"https:\\\/\\\/schema.org\",\"@graph\":[{\"@type\":\"WebPage\",\"@id\":\"https:\\\/\\\/scuba-legends.com\\\/es\\\/bautizo-de-buceo\\\/\",\"url\":\"https:\\\/\\\/scuba-legends.com\\\/es\\\/bautizo-de-buceo\\\/\",\"name\":\"Bautizo de Buceo en Lanzarote - PADI Discover Scuba Diving - Scuba Legends\",\"isPartOf\":{\"@id\":\"https:\\\/\\\/scuba-legends.com\\\/es\\\/#website\"},\"primaryImageOfPage\":{\"@id\":\"https:\\\/\\\/scuba-legends.com\\\/es\\\/bautizo-de-buceo\\\/#primaryimage\"},\"image\":{\"@id\":\"https:\\\/\\\/scuba-legends.com\\\/es\\\/bautizo-de-buceo\\\/#primaryimage\"},\"thumbnailUrl\":\"https:\\\/\\\/scuba-legends.com\\\/wp-content\\\/uploads\\\/2024\\\/02\\\/Discover-Scuba-Diving-Image.jpg\",\"datePublished\":\"2020-08-28T10:39:17+00:00\",\"dateModified\":\"2025-08-21T14:02:14+00:00\",\"description\":\"PADI Discover Scuba Diving - Bautizo de buceo en Lanzarote. Prueba el buceo por la primera vez y disfruta la vida marina abajo del agua.\",\"breadcrumb\":{\"@id\":\"https:\\\/\\\/scuba-legends.com\\\/es\\\/bautizo-de-buceo\\\/#breadcrumb\"},\"inLanguage\":\"es\",\"potentialAction\":[{\"@type\":\"ReadAction\",\"target\":[\"https:\\\/\\\/scuba-legends.com\\\/es\\\/bautizo-de-buceo\\\/\"]}]},{\"@type\":\"ImageObject\",\"inLanguage\":\"es\",\"@id\":\"https:\\\/\\\/scuba-legends.com\\\/es\\\/bautizo-de-buceo\\\/#primaryimage\",\"url\":\"https:\\\/\\\/scuba-legends.com\\\/wp-content\\\/uploads\\\/2024\\\/02\\\/Discover-Scuba-Diving-Image.jpg\",\"contentUrl\":\"https:\\\/\\\/scuba-legends.com\\\/wp-content\\\/uploads\\\/2024\\\/02\\\/Discover-Scuba-Diving-Image.jpg\",\"width\":1920,\"height\":1080,\"caption\":\"Bautizo de Buceo - PADI Discover Scuba Diving\"},{\"@type\":\"BreadcrumbList\",\"@id\":\"https:\\\/\\\/scuba-legends.com\\\/es\\\/bautizo-de-buceo\\\/#breadcrumb\",\"itemListElement\":[{\"@type\":\"ListItem\",\"position\":1,\"name\":\"Scuba Legends\",\"item\":\"https:\\\/\\\/scuba-legends.com\\\/es\\\/\"},{\"@type\":\"ListItem\",\"position\":2,\"name\":\"Bautizo de Buceo en Lanzarote &#8211; PADI Discover Scuba Diving\"}]},{\"@type\":\"WebSite\",\"@id\":\"https:\\\/\\\/scuba-legends.com\\\/es\\\/#website\",\"url\":\"https:\\\/\\\/scuba-legends.com\\\/es\\\/\",\"name\":\"Scuba Legends\",\"description\":\"Dive Center Lanzarote\",\"publisher\":{\"@id\":\"https:\\\/\\\/scuba-legends.com\\\/es\\\/#organization\"},\"potentialAction\":[{\"@type\":\"SearchAction\",\"target\":{\"@type\":\"EntryPoint\",\"urlTemplate\":\"https:\\\/\\\/scuba-legends.com\\\/es\\\/?s={search_term_string}\"},\"query-input\":{\"@type\":\"PropertyValueSpecification\",\"valueRequired\":true,\"valueName\":\"search_term_string\"}}],\"inLanguage\":\"es\"},{\"@type\":\"Organization\",\"@id\":\"https:\\\/\\\/scuba-legends.com\\\/es\\\/#organization\",\"name\":\"Scuba Legends Dive Center Lanzarote\",\"url\":\"https:\\\/\\\/scuba-legends.com\\\/es\\\/\",\"logo\":{\"@type\":\"ImageObject\",\"inLanguage\":\"es\",\"@id\":\"https:\\\/\\\/scuba-legends.com\\\/es\\\/#\\\/schema\\\/logo\\\/image\\\/\",\"url\":\"https:\\\/\\\/scuba-legends.com\\\/wp-content\\\/uploads\\\/2020\\\/01\\\/scuba_legends_favicon.png\",\"contentUrl\":\"https:\\\/\\\/scuba-legends.com\\\/wp-content\\\/uploads\\\/2020\\\/01\\\/scuba_legends_favicon.png\",\"width\":512,\"height\":512,\"caption\":\"Scuba Legends Dive Center Lanzarote\"},\"image\":{\"@id\":\"https:\\\/\\\/scuba-legends.com\\\/es\\\/#\\\/schema\\\/logo\\\/image\\\/\"},\"sameAs\":[\"https:\\\/\\\/www.facebook.com\\\/ScubaLegends\\\/\",\"https:\\\/\\\/x.com\\\/scubalegends\",\"https:\\\/\\\/www.instagram.com\\\/scuba_legends\\\/\",\"https:\\\/\\\/www.youtube.com\\\/channel\\\/UCUjHU7Mmii5SfLoodxNZmqQ\"]}]}<\/script>\n<!-- \/ Yoast SEO plugin. -->","yoast_head_json":{"title":"Bautizo de Buceo en Lanzarote - PADI Discover Scuba Diving - Scuba Legends","description":"PADI Discover Scuba Diving - Bautizo de buceo en Lanzarote. Prueba el buceo por la primera vez y disfruta la vida marina abajo del agua.","robots":{"index":"index","follow":"follow","max-snippet":"max-snippet:-1","max-image-preview":"max-image-preview:large","max-video-preview":"max-video-preview:-1"},"canonical":"https:\/\/scuba-legends.com\/es\/bautizo-de-buceo\/","og_locale":"es_ES","og_type":"article","og_title":"Bautizo de Buceo en Lanzarote - PADI Discover Scuba Diving - Scuba Legends","og_description":"PADI Discover Scuba Diving - Bautizo de buceo en Lanzarote. Prueba el buceo por la primera vez y disfruta la vida marina abajo del agua.","og_url":"https:\/\/scuba-legends.com\/es\/bautizo-de-buceo\/","og_site_name":"Scuba Legends","article_publisher":"https:\/\/www.facebook.com\/ScubaLegends\/","article_modified_time":"2025-08-21T14:02:14+00:00","og_image":[{"width":1920,"height":1080,"url":"https:\/\/scuba-legends.com\/wp-content\/uploads\/2024\/02\/Discover-Scuba-Diving-Image.jpg","type":"image\/jpeg"}],"twitter_card":"summary_large_image","twitter_site":"@scubalegends","twitter_misc":{"Tiempo de lectura":"4 minutos"},"schema":{"@context":"https:\/\/schema.org","@graph":[{"@type":"WebPage","@id":"https:\/\/scuba-legends.com\/es\/bautizo-de-buceo\/","url":"https:\/\/scuba-legends.com\/es\/bautizo-de-buceo\/","name":"Bautizo de Buceo en Lanzarote - PADI Discover Scuba Diving - Scuba Legends","isPartOf":{"@id":"https:\/\/scuba-legends.com\/es\/#website"},"primaryImageOfPage":{"@id":"https:\/\/scuba-legends.com\/es\/bautizo-de-buceo\/#primaryimage"},"image":{"@id":"https:\/\/scuba-legends.com\/es\/bautizo-de-buceo\/#primaryimage"},"thumbnailUrl":"https:\/\/scuba-legends.com\/wp-content\/uploads\/2024\/02\/Discover-Scuba-Diving-Image.jpg","datePublished":"2020-08-28T10:39:17+00:00","dateModified":"2025-08-21T14:02:14+00:00","description":"PADI Discover Scuba Diving - Bautizo de buceo en Lanzarote. Prueba el buceo por la primera vez y disfruta la vida marina abajo del agua.","breadcrumb":{"@id":"https:\/\/scuba-legends.com\/es\/bautizo-de-buceo\/#breadcrumb"},"inLanguage":"es","potentialAction":[{"@type":"ReadAction","target":["https:\/\/scuba-legends.com\/es\/bautizo-de-buceo\/"]}]},{"@type":"ImageObject","inLanguage":"es","@id":"https:\/\/scuba-legends.com\/es\/bautizo-de-buceo\/#primaryimage","url":"https:\/\/scuba-legends.com\/wp-content\/uploads\/2024\/02\/Discover-Scuba-Diving-Image.jpg","contentUrl":"https:\/\/scuba-legends.com\/wp-content\/uploads\/2024\/02\/Discover-Scuba-Diving-Image.jpg","width":1920,"height":1080,"caption":"Bautizo de Buceo - PADI Discover Scuba Diving"},{"@type":"BreadcrumbList","@id":"https:\/\/scuba-legends.com\/es\/bautizo-de-buceo\/#breadcrumb","itemListElement":[{"@type":"ListItem","position":1,"name":"Scuba Legends","item":"https:\/\/scuba-legends.com\/es\/"},{"@type":"ListItem","position":2,"name":"Bautizo de Buceo en Lanzarote &#8211; PADI Discover Scuba Diving"}]},{"@type":"WebSite","@id":"https:\/\/scuba-legends.com\/es\/#website","url":"https:\/\/scuba-legends.com\/es\/","name":"Scuba Legends","description":"Dive Center Lanzarote","publisher":{"@id":"https:\/\/scuba-legends.com\/es\/#organization"},"potentialAction":[{"@type":"SearchAction","target":{"@type":"EntryPoint","urlTemplate":"https:\/\/scuba-legends.com\/es\/?s={search_term_string}"},"query-input":{"@type":"PropertyValueSpecification","valueRequired":true,"valueName":"search_term_string"}}],"inLanguage":"es"},{"@type":"Organization","@id":"https:\/\/scuba-legends.com\/es\/#organization","name":"Scuba Legends Dive Center Lanzarote","url":"https:\/\/scuba-legends.com\/es\/","logo":{"@type":"ImageObject","inLanguage":"es","@id":"https:\/\/scuba-legends.com\/es\/#\/schema\/logo\/image\/","url":"https:\/\/scuba-legends.com\/wp-content\/uploads\/2020\/01\/scuba_legends_favicon.png","contentUrl":"https:\/\/scuba-legends.com\/wp-content\/uploads\/2020\/01\/scuba_legends_favicon.png","width":512,"height":512,"caption":"Scuba Legends Dive Center Lanzarote"},"image":{"@id":"https:\/\/scuba-legends.com\/es\/#\/schema\/logo\/image\/"},"sameAs":["https:\/\/www.facebook.com\/ScubaLegends\/","https:\/\/x.com\/scubalegends","https:\/\/www.instagram.com\/scuba_legends\/","https:\/\/www.youtube.com\/channel\/UCUjHU7Mmii5SfLoodxNZmqQ"]}]}},"_links":{"self":[{"href":"https:\/\/scuba-legends.com\/es\/wp-json\/wp\/v2\/pages\/4458","targetHints":{"allow":["GET"]}}],"collection":[{"href":"https:\/\/scuba-legends.com\/es\/wp-json\/wp\/v2\/pages"}],"about":[{"href":"https:\/\/scuba-legends.com\/es\/wp-json\/wp\/v2\/types\/page"}],"author":[{"embeddable":true,"href":"https:\/\/scuba-legends.com\/es\/wp-json\/wp\/v2\/users\/2"}],"replies":[{"embeddable":true,"href":"https:\/\/scuba-legends.com\/es\/wp-json\/wp\/v2\/comments?post=4458"}],"version-history":[{"count":41,"href":"https:\/\/scuba-legends.com\/es\/wp-json\/wp\/v2\/pages\/4458\/revisions"}],"predecessor-version":[{"id":19844,"href":"https:\/\/scuba-legends.com\/es\/wp-json\/wp\/v2\/pages\/4458\/revisions\/19844"}],"wp:featuredmedia":[{"embeddable":true,"href":"https:\/\/scuba-legends.com\/es\/wp-json\/wp\/v2\/media\/16129"}],"wp:attachment":[{"href":"https:\/\/scuba-legends.com\/es\/wp-json\/wp\/v2\/media?parent=4458"}],"curies":[{"name":"wp","href":"https:\/\/api.w.org\/{rel}","templated":true}]}}