{"id":7598,"date":"2020-10-25T09:00:20","date_gmt":"2020-10-25T09:00:20","guid":{"rendered":"https:\/\/scuba-legends.com\/?page_id=7598"},"modified":"2025-06-03T22:11:49","modified_gmt":"2025-06-03T22:11:49","slug":"angebote","status":"publish","type":"page","link":"https:\/\/scuba-legends.com\/de\/angebote\/","title":{"rendered":"ANGEBOTE"},"content":{"rendered":"<p>[et_pb_section fb_built=&#8221;1&#8243; fullwidth=&#8221;on&#8221; module_id=&#8221;spheader-section&#8221; _builder_version=&#8221;4.16&#8243; global_colors_info=&#8221;{}&#8221;][et_pb_fullwidth_header title=&#8221;Aktionsangebote zum Tauchen auf Lanzarote&#8221; _builder_version=&#8221;4.16&#8243; title_text_align=&#8221;left&#8221; title_font_size=&#8221;54px&#8221; subhead_font=&#8221;|||on|||||&#8221; background_image=&#8221;https:\/\/scuba-legends.com\/wp-content\/uploads\/2020\/08\/Ofertas-Header-1280&#215;900-3.jpg&#8221; width=&#8221;100%&#8221; module_alignment=&#8221;center&#8221; custom_padding=&#8221;80px||80px||true|&#8221; title_font_size_tablet=&#8221;44px&#8221; background_last_edited=&#8221;on|desktop&#8221; custom_css_main_element=&#8221;background-position: center -240px;&#8221; custom_css_title=&#8221;order: 2;&#8221; custom_css_subtitle=&#8221;order: 1;&#8221; global_colors_info=&#8221;{}&#8221; custom_css_main_element_last_edited=&#8221;on|tablet&#8221; custom_css_main_element_tablet=&#8221;background-position: center -70px;&#8221; custom_css_main_element_phone=&#8221;background-position: center center;&#8221;]<\/p>\n<p>MAKE IT LEGENDARY<\/p>\n<p>[\/et_pb_fullwidth_header][\/et_pb_section][et_pb_section fb_built=&#8221;1&#8243; _builder_version=&#8221;4.16&#8243; custom_margin=&#8221;-50px||||false|false&#8221; locked=&#8221;off&#8221; global_colors_info=&#8221;{}&#8221;][et_pb_row _builder_version=&#8221;4.16&#8243; global_colors_info=&#8221;{}&#8221;][et_pb_column type=&#8221;4_4&#8243; _builder_version=&#8221;4.16&#8243; global_colors_info=&#8221;{}&#8221;][et_pb_text admin_label=&#8221;Text&#8221; _builder_version=&#8221;4.16&#8243; text_font_size=&#8221;18px&#8221; custom_margin=&#8221;-20px||||false|false&#8221; global_colors_info=&#8221;{}&#8221;]<\/p>\n<h2 style=\"text-align: center; color: #0db4d5;\">Aktionsangebote zum Tauchen auf Lanzarote. Bestes Preis-Leistungs-Verh\u00e4ltnis.<\/h2>\n<p>[\/et_pb_text][et_pb_text _builder_version=&#8221;4.16&#8243; global_colors_info=&#8221;{}&#8221;]<\/p>\n<p>Bestes Preis-Leistungs-Verh\u00e4ltnis. Legend\u00e4re Aktionsangebote zum Tauchen auf Lanzarote. Wir bereichern dich mit Promotionen und dicken Rabatten f\u00fcr unsere hcohwertigen Ausfl\u00fcge und Tauchkurse.<\/p>\n<p>Die unten aufgef\u00fchrten Angebote sind begrenzt verf\u00fcgbar und gelten nur f\u00fcr <strong>direkte ONLINE-BUCHUNGEN \u00fcber unsere Website<\/strong>. Buche jetzt und reserviere deinen Spot f\u00fcr ein legend\u00e4res Unterwassererlebnis.<\/p>\n<p>[\/et_pb_text][et_pb_text _builder_version=&#8221;4.16&#8243; text_font_size=&#8221;18px&#8221; custom_margin=&#8221;||||false|false&#8221; global_colors_info=&#8221;{}&#8221;]<\/p>\n<h2 style=\"text-align: center; color: #0db4d5;\">Kleine Gruppen. Professionelle Tauchlehrer. Legend\u00e4re Preise.<\/h2>\n<p>[\/et_pb_text][\/et_pb_column][\/et_pb_row][et_pb_row column_structure=&#8221;1_4,1_4,1_4,1_4&#8243; _builder_version=&#8221;4.16&#8243; custom_margin=&#8221;-20px||||false|false&#8221; global_colors_info=&#8221;{}&#8221;][et_pb_column type=&#8221;1_4&#8243; _builder_version=&#8221;4.16&#8243; global_colors_info=&#8221;{}&#8221;][et_pb_text module_id=&#8221;moreinfo-1&#8243; module_class=&#8221;pricing-holder&#8221; _builder_version=&#8221;4.27.4&#8243; text_line_height=&#8221;1.3em&#8221; custom_padding=&#8221;|20px|25px|20px|false|false&#8221; animation_style=&#8221;zoom&#8221; link_option_url=&#8221;https:\/\/app.bukyapp.com\/front\/673ef83180e03463a90b61e6\/product\/67568ccf58b6804f2a656a21&#8243; link_option_url_new_window=&#8221;on&#8221; custom_css_main_element=&#8221;overflow: visible;&#8221; border_radii=&#8221;on|3px|3px|3px|3px&#8221; box_shadow_style=&#8221;preset1&#8243; box_shadow_blur=&#8221;12px&#8221; box_shadow_color=&#8221;#0db4d5&#8243; global_colors_info=&#8221;{}&#8221;]<\/p>\n<div style=\"text-align: center; color: #ffffff;\">.<\/div>\n<div class=\"price-holder\"><img loading=\"lazy\" decoding=\"async\" class=\"aligncenter wp-image-16068\" style=\"color: #ffffff; text-align: center;\" src=\"https:\/\/scuba-legends.com\/wp-content\/uploads\/2024\/02\/Online-Offer-Scuba-Legends-150x150.png\" alt=\"Special Offers Diving in Lanzarote | Best Dive Center Aktionsangebote zum Tauchen auf Lanzarote\" width=\"81\" height=\"81\" \/><\/div>\n<div style=\"text-align: center; color: #ffffff;\">.<\/div>\n<h6 style=\"text-align: center; color: #0db4d5;\">Schnorcheln mit Guide<\/h6>\n<div class=\"price-inner-content\">\n<p style=\"text-align: center;\">Bis zu 15% Gruppenrabatt!<\/p>\n<p style=\"text-align: center;\">1-3 Personen &#8211; 45\u20ac p.P.<\/p>\n<p style=\"text-align: center;\">4er Gruppe &#8211; 40,50\u20ac p.P.<\/p>\n<p style=\"text-align: center;\">8er Gruppe- 38,25\u20ac p.P.<\/p>\n<\/div>\n<p>[\/et_pb_text][\/et_pb_column][et_pb_column type=&#8221;1_4&#8243; _builder_version=&#8221;4.16&#8243; global_colors_info=&#8221;{}&#8221;][et_pb_text admin_label=&#8221;Text&#8221; module_id=&#8221;moreinfo-1&#8243; module_class=&#8221;pricing-holder&#8221; _builder_version=&#8221;4.27.4&#8243; text_line_height=&#8221;1.3em&#8221; custom_padding=&#8221;|20px|25px|20px|false|false&#8221; animation_style=&#8221;zoom&#8221; link_option_url=&#8221;https:\/\/app.bukyapp.com\/front\/673ef83180e03463a90b61e6\/product\/6756c76e58b6804f2a6679ae&#8221; link_option_url_new_window=&#8221;on&#8221; custom_css_main_element=&#8221;overflow: visible;&#8221; border_radii=&#8221;on|3px|3px|3px|3px&#8221; box_shadow_style=&#8221;preset1&#8243; box_shadow_blur=&#8221;12px&#8221; box_shadow_color=&#8221;#0db4d5&#8243; global_colors_info=&#8221;{}&#8221;]<\/p>\n<div style=\"text-align: center; color: #ffffff;\">.<\/div>\n<div class=\"price-holder\"><img loading=\"lazy\" decoding=\"async\" class=\"aligncenter wp-image-16068 \" style=\"color: #ffffff; text-align: center;\" src=\"https:\/\/scuba-legends.com\/wp-content\/uploads\/2024\/02\/Online-Offer-Scuba-Legends-150x150.png\" alt=\"Diving Offers Scuba Legends Lanzarote\" width=\"81\" height=\"81\" \/><\/div>\n<div style=\"text-align: center; color: #ffffff;\">.<\/div>\n<h6 style=\"text-align: center; color: #0db4d5;\">Schnuppertauchen<\/h6>\n<div class=\"price-inner-content\">\n<p style=\"text-align: center;\">1 Person &#8211; 95\u20ac p.P.<\/p>\n<p style=\"text-align: center;\">2 Personen &#8211; 90\u20ac p.P.<\/p>\n<p style=\"text-align: center;\">3 Personen &#8211; 85\u20ac p.P.<\/p>\n<p style=\"text-align: center;\">4 Personen &#8211; 80\u20ac p.P.<\/p>\n<\/div>\n<p>[\/et_pb_text][\/et_pb_column][et_pb_column type=&#8221;1_4&#8243; _builder_version=&#8221;4.16&#8243; global_colors_info=&#8221;{}&#8221;][et_pb_text admin_label=&#8221;Text&#8221; module_id=&#8221;moreinfo-1&#8243; module_class=&#8221;pricing-holder&#8221; _builder_version=&#8221;4.27.4&#8243; text_line_height=&#8221;1.3em&#8221; custom_padding=&#8221;|20px|25px|20px|false|false&#8221; animation_style=&#8221;zoom&#8221; link_option_url=&#8221;https:\/\/app.bukyapp.com\/front\/673ef83180e03463a90b61e6\/product\/6745be609cf817cefab71c96&#8243; link_option_url_new_window=&#8221;on&#8221; hover_enabled=&#8221;0&#8243; custom_css_main_element=&#8221;overflow: visible;&#8221; border_radii=&#8221;on|3px|3px|3px|3px&#8221; box_shadow_style=&#8221;preset1&#8243; box_shadow_blur=&#8221;12px&#8221; box_shadow_color=&#8221;#0db4d5&#8243; global_colors_info=&#8221;{}&#8221; sticky_enabled=&#8221;0&#8243;]<\/p>\n<div style=\"text-align: center; color: #ffffff;\">.<\/div>\n<div class=\"price-holder\"><img loading=\"lazy\" decoding=\"async\" class=\"aligncenter wp-image-16068 \" style=\"color: #ffffff; text-align: center;\" src=\"https:\/\/scuba-legends.com\/wp-content\/uploads\/2024\/02\/Online-Offer-Scuba-Legends-150x150.png\" alt=\"Diving Offers Scuba Legends Lanzarote\" width=\"81\" height=\"81\" \/><\/div>\n<div style=\"text-align: center; color: #ffffff;\">.<\/div>\n<h6 style=\"text-align: center; color: #0db4d5;\">Open Water Kurs<\/h6>\n<div class=\"price-inner-content\">\n<p style=\"text-align: center;\">1 Person &#8211; 479\u20ac p.P.<\/p>\n<p style=\"text-align: center;\">2 Personen &#8211; 459\u20ac p.P.<\/p>\n<p style=\"text-align: center;\">3 Personen &#8211; 430\u20ac p.P.<\/p>\n<p style=\"text-align: center;\">4 Personen &#8211; 400\u20ac p.P.<\/p>\n<\/div>\n<p>[\/et_pb_text][\/et_pb_column][et_pb_column type=&#8221;1_4&#8243; _builder_version=&#8221;4.16&#8243; global_colors_info=&#8221;{}&#8221;][et_pb_text module_id=&#8221;moreinfo-1&#8243; module_class=&#8221;pricing-holder&#8221; _builder_version=&#8221;4.16&#8243; text_line_height=&#8221;1.3em&#8221; custom_padding=&#8221;|20px|25px|20px|false|false&#8221; animation_style=&#8221;zoom&#8221; link_option_url=&#8221;https:\/\/scuba-legends.com\/de\/kontakt\/&#8221; link_option_url_new_window=&#8221;on&#8221; custom_css_main_element=&#8221;overflow: visible;&#8221; border_radii=&#8221;on|3px|3px|3px|3px&#8221; box_shadow_style=&#8221;preset1&#8243; box_shadow_blur=&#8221;12px&#8221; box_shadow_color=&#8221;#0db4d5&#8243; global_colors_info=&#8221;{}&#8221;]<\/p>\n<div style=\"text-align: center; color: #ffffff;\">.<\/div>\n<div class=\"price-holder\"><img loading=\"lazy\" decoding=\"async\" class=\"aligncenter wp-image-16068 \" style=\"color: #ffffff; text-align: center;\" src=\"https:\/\/scuba-legends.com\/wp-content\/uploads\/2024\/02\/Online-Offer-Scuba-Legends-150x150.png\" alt=\"Diving Offers Scuba Legends Lanzarote\" width=\"81\" height=\"81\" \/><\/div>\n<div style=\"text-align: center; color: #ffffff;\">.<\/div>\n<h6 style=\"text-align: center; color: #0db4d5;\">Landtauchg\u00e4nge<\/h6>\n<div class=\"price-inner-content\">\n<p style=\"text-align: center;\">Rabatte<\/p>\n<p style=\"text-align: center;\">f\u00fcr Gruppen<\/p>\n<p style=\"text-align: center;\">von mehr als 4 Tauchern<\/p>\n<p style=\"text-align: center;\">Kontaktiere uns!<\/p>\n<\/div>\n<p>[\/et_pb_text][\/et_pb_column][\/et_pb_row][\/et_pb_section]<\/p>\n","protected":false},"excerpt":{"rendered":"<p>MAKE IT LEGENDARYAktionsangebote zum Tauchen auf Lanzarote. Bestes Preis-Leistungs-Verh\u00e4ltnis.Bestes Preis-Leistungs-Verh\u00e4ltnis. Legend\u00e4re Aktionsangebote zum Tauchen auf Lanzarote. Wir bereichern dich mit Promotionen und dicken Rabatten f\u00fcr unsere hcohwertigen Ausfl\u00fcge und Tauchkurse. Die unten aufgef\u00fchrten Angebote sind begrenzt verf\u00fcgbar und gelten nur f\u00fcr direkte ONLINE-BUCHUNGEN \u00fcber unsere Website. Buche jetzt und reserviere deinen Spot f\u00fcr ein legend\u00e4res [&hellip;]<\/p>\n","protected":false},"author":2,"featured_media":0,"parent":0,"menu_order":51,"comment_status":"closed","ping_status":"closed","template":"","meta":{"_acf_changed":false,"_et_pb_use_builder":"on","_et_pb_old_content":"","_et_gb_content_width":"","footnotes":""},"class_list":["post-7598","page","type-page","status-publish","hentry"],"acf":[],"yoast_head":"<!-- This site is optimized with the Yoast SEO plugin v27.3 - https:\/\/yoast.com\/product\/yoast-seo-wordpress\/ -->\n<title>Aktionsangebote zum Tauchen auf Lanzarote | Beste Tauchschule<\/title>\n<meta name=\"description\" content=\"Aktionsangebote zum Tauchen auf Lanzarote. Hervorragender Service. Kleine Gruppen. Professionelle Tauchlehrer. PADI 5* Tauchschule.\" \/>\n<meta name=\"robots\" content=\"index, follow, max-snippet:-1, max-image-preview:large, max-video-preview:-1\" \/>\n<link rel=\"canonical\" href=\"https:\/\/scuba-legends.com\/de\/angebote\/\" \/>\n<meta property=\"og:locale\" content=\"de_DE\" \/>\n<meta property=\"og:type\" content=\"article\" \/>\n<meta property=\"og:title\" content=\"Aktionsangebote zum Tauchen auf Lanzarote | Beste Tauchschule\" \/>\n<meta property=\"og:description\" content=\"Aktionsangebote zum Tauchen auf Lanzarote. Hervorragender Service. Kleine Gruppen. Professionelle Tauchlehrer. PADI 5* Tauchschule.\" \/>\n<meta property=\"og:url\" content=\"https:\/\/scuba-legends.com\/de\/angebote\/\" \/>\n<meta property=\"og:site_name\" content=\"Scuba Legends\" \/>\n<meta property=\"article:publisher\" content=\"https:\/\/www.facebook.com\/ScubaLegends\/\" \/>\n<meta property=\"article:modified_time\" content=\"2025-06-03T22:11:49+00:00\" \/>\n<meta property=\"og:image\" content=\"https:\/\/scuba-legends.com\/wp-content\/uploads\/2024\/02\/Online-Offer-Scuba-Legends.png\" \/>\n\t<meta property=\"og:image:width\" content=\"1080\" \/>\n\t<meta property=\"og:image:height\" content=\"1080\" \/>\n\t<meta property=\"og:image:type\" content=\"image\/png\" \/>\n<meta name=\"twitter:card\" content=\"summary_large_image\" \/>\n<meta name=\"twitter:site\" content=\"@scubalegends\" \/>\n<meta name=\"twitter:label1\" content=\"Gesch\u00e4tzte Lesezeit\" \/>\n\t<meta name=\"twitter:data1\" content=\"2\u00a0Minuten\" \/>\n<script type=\"application\/ld+json\" class=\"yoast-schema-graph\">{\"@context\":\"https:\\\/\\\/schema.org\",\"@graph\":[{\"@type\":\"WebPage\",\"@id\":\"https:\\\/\\\/scuba-legends.com\\\/de\\\/angebote\\\/\",\"url\":\"https:\\\/\\\/scuba-legends.com\\\/de\\\/angebote\\\/\",\"name\":\"Aktionsangebote zum Tauchen auf Lanzarote | Beste Tauchschule\",\"isPartOf\":{\"@id\":\"https:\\\/\\\/scuba-legends.com\\\/de\\\/#website\"},\"primaryImageOfPage\":{\"@id\":\"https:\\\/\\\/scuba-legends.com\\\/de\\\/angebote\\\/#primaryimage\"},\"image\":{\"@id\":\"https:\\\/\\\/scuba-legends.com\\\/de\\\/angebote\\\/#primaryimage\"},\"thumbnailUrl\":\"https:\\\/\\\/scuba-legends.com\\\/wp-content\\\/uploads\\\/2024\\\/02\\\/Online-Offer-Scuba-Legends-150x150.png\",\"datePublished\":\"2020-10-25T09:00:20+00:00\",\"dateModified\":\"2025-06-03T22:11:49+00:00\",\"description\":\"Aktionsangebote zum Tauchen auf Lanzarote. Hervorragender Service. Kleine Gruppen. Professionelle Tauchlehrer. PADI 5* Tauchschule.\",\"breadcrumb\":{\"@id\":\"https:\\\/\\\/scuba-legends.com\\\/de\\\/angebote\\\/#breadcrumb\"},\"inLanguage\":\"de\",\"potentialAction\":[{\"@type\":\"ReadAction\",\"target\":[\"https:\\\/\\\/scuba-legends.com\\\/de\\\/angebote\\\/\"]}]},{\"@type\":\"ImageObject\",\"inLanguage\":\"de\",\"@id\":\"https:\\\/\\\/scuba-legends.com\\\/de\\\/angebote\\\/#primaryimage\",\"url\":\"https:\\\/\\\/scuba-legends.com\\\/wp-content\\\/uploads\\\/2024\\\/02\\\/Online-Offer-Scuba-Legends-150x150.png\",\"contentUrl\":\"https:\\\/\\\/scuba-legends.com\\\/wp-content\\\/uploads\\\/2024\\\/02\\\/Online-Offer-Scuba-Legends-150x150.png\"},{\"@type\":\"BreadcrumbList\",\"@id\":\"https:\\\/\\\/scuba-legends.com\\\/de\\\/angebote\\\/#breadcrumb\",\"itemListElement\":[{\"@type\":\"ListItem\",\"position\":1,\"name\":\"Scuba Legends\",\"item\":\"https:\\\/\\\/scuba-legends.com\\\/de\\\/\"},{\"@type\":\"ListItem\",\"position\":2,\"name\":\"ANGEBOTE\"}]},{\"@type\":\"WebSite\",\"@id\":\"https:\\\/\\\/scuba-legends.com\\\/de\\\/#website\",\"url\":\"https:\\\/\\\/scuba-legends.com\\\/de\\\/\",\"name\":\"Scuba Legends\",\"description\":\"Dive Center Lanzarote\",\"publisher\":{\"@id\":\"https:\\\/\\\/scuba-legends.com\\\/de\\\/#organization\"},\"potentialAction\":[{\"@type\":\"SearchAction\",\"target\":{\"@type\":\"EntryPoint\",\"urlTemplate\":\"https:\\\/\\\/scuba-legends.com\\\/de\\\/?s={search_term_string}\"},\"query-input\":{\"@type\":\"PropertyValueSpecification\",\"valueRequired\":true,\"valueName\":\"search_term_string\"}}],\"inLanguage\":\"de\"},{\"@type\":\"Organization\",\"@id\":\"https:\\\/\\\/scuba-legends.com\\\/de\\\/#organization\",\"name\":\"Scuba Legends Dive Center Lanzarote\",\"url\":\"https:\\\/\\\/scuba-legends.com\\\/de\\\/\",\"logo\":{\"@type\":\"ImageObject\",\"inLanguage\":\"de\",\"@id\":\"https:\\\/\\\/scuba-legends.com\\\/de\\\/#\\\/schema\\\/logo\\\/image\\\/\",\"url\":\"https:\\\/\\\/scuba-legends.com\\\/wp-content\\\/uploads\\\/2020\\\/01\\\/scuba_legends_favicon.png\",\"contentUrl\":\"https:\\\/\\\/scuba-legends.com\\\/wp-content\\\/uploads\\\/2020\\\/01\\\/scuba_legends_favicon.png\",\"width\":512,\"height\":512,\"caption\":\"Scuba Legends Dive Center Lanzarote\"},\"image\":{\"@id\":\"https:\\\/\\\/scuba-legends.com\\\/de\\\/#\\\/schema\\\/logo\\\/image\\\/\"},\"sameAs\":[\"https:\\\/\\\/www.facebook.com\\\/ScubaLegends\\\/\",\"https:\\\/\\\/x.com\\\/scubalegends\",\"https:\\\/\\\/www.instagram.com\\\/scuba_legends\\\/\",\"https:\\\/\\\/www.youtube.com\\\/channel\\\/UCUjHU7Mmii5SfLoodxNZmqQ\"]}]}<\/script>\n<!-- \/ Yoast SEO plugin. -->","yoast_head_json":{"title":"Aktionsangebote zum Tauchen auf Lanzarote | Beste Tauchschule","description":"Aktionsangebote zum Tauchen auf Lanzarote. Hervorragender Service. Kleine Gruppen. Professionelle Tauchlehrer. PADI 5* Tauchschule.","robots":{"index":"index","follow":"follow","max-snippet":"max-snippet:-1","max-image-preview":"max-image-preview:large","max-video-preview":"max-video-preview:-1"},"canonical":"https:\/\/scuba-legends.com\/de\/angebote\/","og_locale":"de_DE","og_type":"article","og_title":"Aktionsangebote zum Tauchen auf Lanzarote | Beste Tauchschule","og_description":"Aktionsangebote zum Tauchen auf Lanzarote. Hervorragender Service. Kleine Gruppen. Professionelle Tauchlehrer. PADI 5* Tauchschule.","og_url":"https:\/\/scuba-legends.com\/de\/angebote\/","og_site_name":"Scuba Legends","article_publisher":"https:\/\/www.facebook.com\/ScubaLegends\/","article_modified_time":"2025-06-03T22:11:49+00:00","og_image":[{"width":1080,"height":1080,"url":"https:\/\/scuba-legends.com\/wp-content\/uploads\/2024\/02\/Online-Offer-Scuba-Legends.png","type":"image\/png"}],"twitter_card":"summary_large_image","twitter_site":"@scubalegends","twitter_misc":{"Gesch\u00e4tzte Lesezeit":"2\u00a0Minuten"},"schema":{"@context":"https:\/\/schema.org","@graph":[{"@type":"WebPage","@id":"https:\/\/scuba-legends.com\/de\/angebote\/","url":"https:\/\/scuba-legends.com\/de\/angebote\/","name":"Aktionsangebote zum Tauchen auf Lanzarote | Beste Tauchschule","isPartOf":{"@id":"https:\/\/scuba-legends.com\/de\/#website"},"primaryImageOfPage":{"@id":"https:\/\/scuba-legends.com\/de\/angebote\/#primaryimage"},"image":{"@id":"https:\/\/scuba-legends.com\/de\/angebote\/#primaryimage"},"thumbnailUrl":"https:\/\/scuba-legends.com\/wp-content\/uploads\/2024\/02\/Online-Offer-Scuba-Legends-150x150.png","datePublished":"2020-10-25T09:00:20+00:00","dateModified":"2025-06-03T22:11:49+00:00","description":"Aktionsangebote zum Tauchen auf Lanzarote. Hervorragender Service. Kleine Gruppen. Professionelle Tauchlehrer. PADI 5* Tauchschule.","breadcrumb":{"@id":"https:\/\/scuba-legends.com\/de\/angebote\/#breadcrumb"},"inLanguage":"de","potentialAction":[{"@type":"ReadAction","target":["https:\/\/scuba-legends.com\/de\/angebote\/"]}]},{"@type":"ImageObject","inLanguage":"de","@id":"https:\/\/scuba-legends.com\/de\/angebote\/#primaryimage","url":"https:\/\/scuba-legends.com\/wp-content\/uploads\/2024\/02\/Online-Offer-Scuba-Legends-150x150.png","contentUrl":"https:\/\/scuba-legends.com\/wp-content\/uploads\/2024\/02\/Online-Offer-Scuba-Legends-150x150.png"},{"@type":"BreadcrumbList","@id":"https:\/\/scuba-legends.com\/de\/angebote\/#breadcrumb","itemListElement":[{"@type":"ListItem","position":1,"name":"Scuba Legends","item":"https:\/\/scuba-legends.com\/de\/"},{"@type":"ListItem","position":2,"name":"ANGEBOTE"}]},{"@type":"WebSite","@id":"https:\/\/scuba-legends.com\/de\/#website","url":"https:\/\/scuba-legends.com\/de\/","name":"Scuba Legends","description":"Dive Center Lanzarote","publisher":{"@id":"https:\/\/scuba-legends.com\/de\/#organization"},"potentialAction":[{"@type":"SearchAction","target":{"@type":"EntryPoint","urlTemplate":"https:\/\/scuba-legends.com\/de\/?s={search_term_string}"},"query-input":{"@type":"PropertyValueSpecification","valueRequired":true,"valueName":"search_term_string"}}],"inLanguage":"de"},{"@type":"Organization","@id":"https:\/\/scuba-legends.com\/de\/#organization","name":"Scuba Legends Dive Center Lanzarote","url":"https:\/\/scuba-legends.com\/de\/","logo":{"@type":"ImageObject","inLanguage":"de","@id":"https:\/\/scuba-legends.com\/de\/#\/schema\/logo\/image\/","url":"https:\/\/scuba-legends.com\/wp-content\/uploads\/2020\/01\/scuba_legends_favicon.png","contentUrl":"https:\/\/scuba-legends.com\/wp-content\/uploads\/2020\/01\/scuba_legends_favicon.png","width":512,"height":512,"caption":"Scuba Legends Dive Center Lanzarote"},"image":{"@id":"https:\/\/scuba-legends.com\/de\/#\/schema\/logo\/image\/"},"sameAs":["https:\/\/www.facebook.com\/ScubaLegends\/","https:\/\/x.com\/scubalegends","https:\/\/www.instagram.com\/scuba_legends\/","https:\/\/www.youtube.com\/channel\/UCUjHU7Mmii5SfLoodxNZmqQ"]}]}},"_links":{"self":[{"href":"https:\/\/scuba-legends.com\/de\/wp-json\/wp\/v2\/pages\/7598","targetHints":{"allow":["GET"]}}],"collection":[{"href":"https:\/\/scuba-legends.com\/de\/wp-json\/wp\/v2\/pages"}],"about":[{"href":"https:\/\/scuba-legends.com\/de\/wp-json\/wp\/v2\/types\/page"}],"author":[{"embeddable":true,"href":"https:\/\/scuba-legends.com\/de\/wp-json\/wp\/v2\/users\/2"}],"replies":[{"embeddable":true,"href":"https:\/\/scuba-legends.com\/de\/wp-json\/wp\/v2\/comments?post=7598"}],"version-history":[{"count":21,"href":"https:\/\/scuba-legends.com\/de\/wp-json\/wp\/v2\/pages\/7598\/revisions"}],"predecessor-version":[{"id":19545,"href":"https:\/\/scuba-legends.com\/de\/wp-json\/wp\/v2\/pages\/7598\/revisions\/19545"}],"wp:attachment":[{"href":"https:\/\/scuba-legends.com\/de\/wp-json\/wp\/v2\/media?parent=7598"}],"curies":[{"name":"wp","href":"https:\/\/api.w.org\/{rel}","templated":true}]}}