{"id":7582,"date":"2020-10-25T08:45:40","date_gmt":"2020-10-25T08:45:40","guid":{"rendered":"https:\/\/scuba-legends.com\/?page_id=7582"},"modified":"2024-05-11T15:39:24","modified_gmt":"2024-05-11T15:39:24","slug":"uber-uns","status":"publish","type":"page","link":"https:\/\/scuba-legends.com\/de\/uber-uns\/","title":{"rendered":"\u00dcber uns"},"content":{"rendered":"<p>[et_pb_section fb_built=&#8221;1&#8243; fullwidth=&#8221;on&#8221; module_id=&#8221;spheader-section&#8221; _builder_version=&#8221;4.16&#8243; global_colors_info=&#8221;{}&#8221;][et_pb_fullwidth_header title=&#8221;Scuba Legends &#8211; Deine Tauchschule auf Lanzarote&#8221; _builder_version=&#8221;4.16&#8243; title_text_align=&#8221;left&#8221; title_text_color=&#8221;#0db4d5&#8243; title_font_size=&#8221;54px&#8221; content_text_color=&#8221;#0db4d5&#8243; subhead_font=&#8221;|||on|||||&#8221; subhead_text_align=&#8221;left&#8221; background_image=&#8221;https:\/\/scuba-legends.com\/wp-content\/uploads\/2023\/12\/Header-About-Us-1400&#215;900-1.jpg&#8221; width=&#8221;100%&#8221; module_alignment=&#8221;center&#8221; custom_padding=&#8221;80px||80px||true|&#8221; title_font_size_tablet=&#8221;44px&#8221; background_last_edited=&#8221;on|desktop&#8221; custom_css_main_element=&#8221;background-position: center -240px;&#8221; custom_css_title=&#8221;order: 2;&#8221; custom_css_subtitle=&#8221;order: 1;&#8221; global_colors_info=&#8221;{}&#8221; custom_css_main_element_last_edited=&#8221;on|tablet&#8221; custom_css_main_element_tablet=&#8221;background-position: center -70px;&#8221; custom_css_main_element_phone=&#8221;background-position: center center;&#8221;]MAKE IT LEGENDARY<br \/>\n[\/et_pb_fullwidth_header][\/et_pb_section][et_pb_section fb_built=&#8221;1&#8243; _builder_version=&#8221;4.16&#8243; custom_margin=&#8221;-50px||||false|false&#8221; global_colors_info=&#8221;{}&#8221;][et_pb_row _builder_version=&#8221;4.16&#8243; global_colors_info=&#8221;{}&#8221;][et_pb_column type=&#8221;4_4&#8243; _builder_version=&#8221;4.16&#8243; global_colors_info=&#8221;{}&#8221;][et_pb_text _builder_version=&#8221;4.16&#8243; text_font_size=&#8221;18px&#8221; custom_margin=&#8221;-20px||||false|false&#8221; global_colors_info=&#8221;{}&#8221;]<\/p>\n<h2 style=\"text-align: center; color: #0db4d5;\">Tauchen ist unsere Leidenschaft. Tauchen ist unser Leben. Make it legendary!<\/h2>\n<p>[\/et_pb_text][et_pb_text _builder_version=&#8221;4.16&#8243; global_colors_info=&#8221;{}&#8221;]<\/p>\n<p>Tauche in das Au\u00dfergew\u00f6hnliche ein mit dem Scuba Legends Dive Center in Lanzarote \u2013 wo Tauchen nicht nur ein Hobby ist. Es ist unsere Leidenschaft, unser Leben und die Gelegenheit, jeden Moment unter Wasser legend\u00e4r zu machen.<\/p>\n<p>Finde uns mitten im Herzen von Puerto del Carmen, im aufregenden Einkaufszentrum &#8220;Puerto Cinco&#8221; (direkt \u00fcber dem Dino Express Supermarkt). Unsere Tauchschule ist nicht nur unser Arbeitsplatz; es ist unser Zuhause. Bequem im Zentrum gelegen und nur einen Steinwurf von den <strong>besten Tauchpl\u00e4tzen der Insel<\/strong> entfernt.<\/p>\n<p>Bei Scuba Legends geht es um <strong>legend\u00e4re Tauchg\u00e4nge.<\/strong> Lass unsere Liebe zum Ozean und die Begeisterung f\u00fcr das Tauchen deine Unterwasserabenteuer inspirieren.<\/p>\n<p>Schau dir an, was unsere Tauchschule zu bieten hat \u2013 stell dir eine ger\u00e4umige Terrasse mit atemberaubendem Meerblick vor, der perfekte Ort, um nach einem aufregenden Tauchgang zu entspannen und ein k\u00fchles Getr\u00e4nk zu genie\u00dfen. Wir haben alle wichtigen Einrichtungen f\u00fcr dich \u2013 einen Reinigungs- und Trockenbereich, ein Bad und einen Klassenraum f\u00fcr Theorieeinheiten \u2013 alles, was du brauchst, einfach und unkompliziert.<\/p>\n<p><strong>Deine Sicherheit steht bei uns an erster Stelle.<\/strong> Wir stellen sicher, dass unsere Tauchschule alle notwendigen Hygiene- und COVID-19-Pr\u00e4ventionsma\u00dfnahmen einh\u00e4lt, damit du mit Vertrauen tauchen kannst.<\/p>\n<p>Und es gibt noch mehr \u2013 erkunde unseren kleinen Shop, in dem du hochwertiges Tauch- und Schnorchelzubeh\u00f6r kaufen kannst. Au\u00dferdem sind wir offizieller H\u00e4ndler der renommierten Marke Halcyon \u2013 der einzige auf den Kanarischen Inseln.<\/p>\n<p>[\/et_pb_text][et_pb_text _builder_version=&#8221;4.16&#8243; text_font_size=&#8221;18px&#8221; custom_margin=&#8221;-20px||||false|false&#8221; global_colors_info=&#8221;{}&#8221;]<\/p>\n<h2 style=\"text-align: center; color: #0db4d5;\">Warum Scuba Legends?<\/h2>\n<p>[\/et_pb_text][et_pb_text _builder_version=&#8221;4.16&#8243; global_colors_info=&#8221;{}&#8221;]<\/p>\n<p>Weil unsere Mission klar ist \u2013 dich mit unserer endlosen Leidenschaft f\u00fcr den Ozean zu inspirieren und die Wunder Unterwasser enth\u00fcllen. Wenn es um Sicherheit geht, machen wir keine Kompromisse. Unsere Ausbildung ist erstklassig und folgt den h\u00f6chsten Sicherheitsstandards und Protokollen. Du buchst nicht einfach einen Tauchgang; du sicherst dir ein Erlebnis, das mit Pr\u00e4zision und Sorgfalt gestaltet wurde.<\/p>\n<p>Warum w\u00fcrdest du dich mit einem gew\u00f6hnlichen Tauchgang zufriedengeben, wenn du es mit Scuba Legends legend\u00e4r machen kannst? Hier ist, warum das Buchen deiner Tauchg\u00e4nge bei uns die clevere Wahl ist:<\/p>\n<p><strong>Erstklassige Ausr\u00fcstung:<\/strong> Tauche ein in die Unterwasserwunder mit hochwertiger Ausr\u00fcstung von renommierten Marken wie Scubapro, Tecline und Halcyon. Bei Scuba Legends sind wir \u00fcberzeugt, dass erstklassige Ausr\u00fcstung der Schl\u00fcssel zu einem au\u00dfergew\u00f6hnlichen Tauchgang ist.<\/p>\n<p><strong>Regelm\u00e4\u00dfige Wartung:<\/strong> Keine Sorgen um das Wesentliche! Unsere Ausr\u00fcstung und Flaschen werden akribisch gewartet, um optimale Leistung und deine Sicherheit Unterwasser zu gew\u00e4hrleisten.<\/p>\n<p><strong>Saubere Umgebung:<\/strong> Erlebe das Unterwasserreich in seiner reinsten Form. Wir sind stolz darauf, eine saubere und gepflegte Tauchschule sowie Tauchumgebung zu bieten, damit du die Sch\u00f6nheit des Meeres ohne Ablenkungen genie\u00dfen kannst.<\/p>\n<p><strong>Kleine Gruppen, Gro\u00dfes Erlebnis:<\/strong> Vergiss \u00fcberf\u00fcllte Gruppen! Wir glauben an eine pers\u00f6nliche und inidivduelle Betreuung. Mit kleinen Gruppen erh\u00e4ltst du mehr Aufmerksamkeit von unseren erfahrenen Tauchlehrern und schaffst eine Atmosph\u00e4re der Kameradschaft und gemeinsamen Begeisterung.<\/p>\n<p><strong>Sicherheit an erster Stelle:<\/strong> Deine Sicherheit hat f\u00fcr uns oberste Priorit\u00e4t. Unser erfahrenes Team folgt strengen Sicherheitsprotokollen, sodass jeder Tauchgang nicht nur aufregend, sondern auch nach den h\u00f6chsten Sicherheitsstandards durchgef\u00fchrt wird.<\/p>\n<p>Bei Scuba Legends bieten wir nicht nur Tauchg\u00e4nge an, sondern ein transformatives Erlebnis unter den der Oberfl\u00e4che. Genie\u00dfe die besten Tauchg\u00e4nge auf Lanzarote. Mach deine Tauchabenteuer legend\u00e4r mit Scuba Legends \u2013 wo Leidenschaft auf Professionalit\u00e4t trifft und jeder Tauchgang die Chance bietet, deine Unterwasserreise wirklich unvergesslich zu machen. Buche heute deinen Tauchgang und entdecke die Tiefen mit Stil!<\/p>\n<p>[\/et_pb_text][\/et_pb_column][\/et_pb_row][et_pb_row _builder_version=&#8221;4.16&#8243; locked=&#8221;off&#8221; global_colors_info=&#8221;{}&#8221;][et_pb_column type=&#8221;4_4&#8243; _builder_version=&#8221;4.16&#8243; global_colors_info=&#8221;{}&#8221;][et_pb_dp_oc_custom thumbnail_size=&#8221;et-pb-post-main-image&#8221; number_thumb=&#8221;4&#8243; _builder_version=&#8221;4.25.1&#8243; _module_preset=&#8221;default&#8221; hover_enabled=&#8221;0&#8243; global_colors_info=&#8221;{}&#8221; admin_label=&#8221;DP Owl Image Carousel&#8221; sticky_enabled=&#8221;0&#8243;][et_pb_dp_oc_custom_item _builder_version=&#8221;4.25.1&#8243; _module_preset=&#8221;default&#8221; alt=&#8221;Oficina Recepcion Scuba Legends Dive Center&#8221; title_text=&#8221;AboutUs_Slider1&#8243; upload_image=&#8221;https:\/\/scuba-legends.com\/wp-content\/uploads\/2023\/08\/AboutUs_Slider1.webp&#8221; hover_enabled=&#8221;0&#8243; sticky_enabled=&#8221;0&#8243;][\/et_pb_dp_oc_custom_item][et_pb_dp_oc_custom_item _builder_version=&#8221;4.25.1&#8243; _module_preset=&#8221;default&#8221; alt=&#8221;Scuba Legends Dive Center Lanzarote in Puerto del Carmen Shop&#8221; title_text=&#8221;2-700&#215;525&#8243; upload_image=&#8221;https:\/\/scuba-legends.com\/wp-content\/uploads\/2020\/08\/2-700&#215;525-1.jpg&#8221; hover_enabled=&#8221;0&#8243; sticky_enabled=&#8221;0&#8243;][\/et_pb_dp_oc_custom_item][et_pb_dp_oc_custom_item _builder_version=&#8221;4.25.1&#8243; _module_preset=&#8221;default&#8221; alt=&#8221;Scuba Legends Dive Center Lanzarote in Puerto del Carmen wetsuits&#8221; title_text=&#8221;3-700&#215;525&#8243; upload_image=&#8221;https:\/\/scuba-legends.com\/wp-content\/uploads\/2020\/08\/3-700&#215;525-1.jpg&#8221; hover_enabled=&#8221;0&#8243; sticky_enabled=&#8221;0&#8243;][\/et_pb_dp_oc_custom_item][et_pb_dp_oc_custom_item _builder_version=&#8221;4.25.1&#8243; _module_preset=&#8221;default&#8221; alt=&#8221;Scuba Legends Dive Center Lanzarote in Puerto del Carmen Shop Classroom&#8221; title_text=&#8221;4-700&#215;525&#8243; upload_image=&#8221;https:\/\/scuba-legends.com\/wp-content\/uploads\/2020\/08\/4-700&#215;525-1.jpg&#8221; hover_enabled=&#8221;0&#8243; sticky_enabled=&#8221;0&#8243;][\/et_pb_dp_oc_custom_item][et_pb_dp_oc_custom_item _builder_version=&#8221;4.25.1&#8243; _module_preset=&#8221;default&#8221; alt=&#8221;Scuba Legends Dive Center Lanzarote in Puerto del Carmen terrace facility&#8221; title_text=&#8221;1-700&#215;525&#8243; upload_image=&#8221;https:\/\/scuba-legends.com\/wp-content\/uploads\/2020\/08\/1-700&#215;525-1.jpg&#8221; hover_enabled=&#8221;0&#8243; sticky_enabled=&#8221;0&#8243;][\/et_pb_dp_oc_custom_item][\/et_pb_dp_oc_custom][\/et_pb_column][\/et_pb_row][et_pb_row disabled_on=&#8221;on|on|on&#8221; _builder_version=&#8221;4.16&#8243; global_colors_info=&#8221;{}&#8221; disabled=&#8221;on&#8221;][et_pb_column type=&#8221;4_4&#8243; _builder_version=&#8221;4.16&#8243; global_colors_info=&#8221;{}&#8221;][dica_divi_carousel show_items_desktop=&#8221;3&#8243; show_items_tablet=&#8221;2&#8243; loop=&#8221;on&#8221; dot_nav=&#8221;on&#8221; advanced_effect=&#8221;1&#8243; admin_label=&#8221;Divi Carousel&#8221; _builder_version=&#8221;4.0.9&#8243; _i=&#8221;0&#8243; _address=&#8221;1.1.0.0&#8243; \/][\/et_pb_column][\/et_pb_row][et_pb_row _builder_version=&#8221;4.16&#8243; global_colors_info=&#8221;{}&#8221;][et_pb_column type=&#8221;4_4&#8243; _builder_version=&#8221;4.16&#8243; global_colors_info=&#8221;{}&#8221;][et_pb_text _builder_version=&#8221;4.16&#8243; text_font_size=&#8221;18px&#8221; custom_margin=&#8221;-20px||||false|false&#8221; global_colors_info=&#8221;{}&#8221;]<\/p>\n<h2 style=\"text-align: center; color: #0db4d5;\">Das Team<\/h2>\n<p>[\/et_pb_text][et_pb_text _builder_version=&#8221;4.16&#8243; global_colors_info=&#8221;{}&#8221;]<\/p>\n<p>Lerne unser Team von Legenden kennen \u2013 erfahrene PADI Tauchlehrer und Divemaster, die bei jedem Tauchgang ihre umfangreiche Erfahrung einbringen. Wir sind nicht nur Profis; wir sind eine Gruppe hochqualifizierter und verr\u00fcckt leidenschaftlicher Meeresliebhaber. Wir sind deine Unterwasserbegleiter und freuen uns darauf, dein Tauchabenteuer unvergesslich zu machen.<\/p>\n<p>Aber das ist nicht alles \u2013 wir sind eine internationale Crew. Sprich mit uns auf Spanisch, Englisch, Franz\u00f6sisch, Deutsch oder Katalanisch \u2013 dein Wohlbefinden steht f\u00fcr uns an erster Stelle. Tauche ein in die Sprachen, die dir am besten liegen, und lass das Abenteuer im Ozean nahtlos entfalten.<\/p>\n<p>[\/et_pb_text][\/et_pb_column][\/et_pb_row][\/et_pb_section][et_pb_section fb_built=&#8221;1&#8243; module_id=&#8221;diver-info-section&#8221; _builder_version=&#8221;4.16&#8243; background_color=&#8221;#03333D&#8221; saved_tabs=&#8221;all&#8221; global_colors_info=&#8221;{}&#8221;][et_pb_row _builder_version=&#8221;4.16&#8243; global_colors_info=&#8221;{}&#8221;][et_pb_column type=&#8221;4_4&#8243; _builder_version=&#8221;4.16&#8243; global_colors_info=&#8221;{}&#8221;][et_pb_text _builder_version=&#8221;4.16&#8243; global_colors_info=&#8221;{}&#8221;]<\/p>\n<h3 style=\"text-align: center; color: #ffffff;\">Unser legend\u00e4res Team<\/h3>\n<p>[\/et_pb_text][\/et_pb_column][\/et_pb_row][et_pb_row _builder_version=&#8221;4.16&#8243; locked=&#8221;off&#8221; global_colors_info=&#8221;{}&#8221; disabled_on=&#8221;off|off|off&#8221;][et_pb_column type=&#8221;4_4&#8243; _builder_version=&#8221;4.16&#8243; global_colors_info=&#8221;{}&#8221;][et_pb_dp_oc_custom thumbnail_size=&#8221;et-pb-post-main-image&#8221; number_thumb=&#8221;4&#8243; _builder_version=&#8221;4.25.1&#8243; _module_preset=&#8221;default&#8221; global_colors_info=&#8221;{}&#8221;][et_pb_dp_oc_custom_item upload_image=&#8221;https:\/\/scuba-legends.com\/wp-content\/uploads\/2023\/07\/271664413_1344788872637964_6561470453358296529_n.jpg&#8221; _builder_version=&#8221;4.25.1&#8243; _module_preset=&#8221;default&#8221; global_colors_info=&#8221;{}&#8221;][\/et_pb_dp_oc_custom_item][et_pb_dp_oc_custom_item upload_image=&#8221;https:\/\/scuba-legends.com\/wp-content\/uploads\/2023\/07\/Chantal_900x720_reiszed.jpg&#8221; _builder_version=&#8221;4.25.1&#8243; _module_preset=&#8221;default&#8221; global_colors_info=&#8221;{}&#8221;][\/et_pb_dp_oc_custom_item][et_pb_dp_oc_custom_item upload_image=&#8221;https:\/\/scuba-legends.com\/wp-content\/uploads\/2023\/07\/Adri_900x720_reiszed.jpg&#8221; _builder_version=&#8221;4.25.1&#8243; _module_preset=&#8221;default&#8221; global_colors_info=&#8221;{}&#8221;][\/et_pb_dp_oc_custom_item][et_pb_dp_oc_custom_item upload_image=&#8221;https:\/\/scuba-legends.com\/wp-content\/uploads\/2023\/07\/Maria_900x720_resized.jpg&#8221; _builder_version=&#8221;4.25.1&#8243; _module_preset=&#8221;default&#8221; global_colors_info=&#8221;{}&#8221;][\/et_pb_dp_oc_custom_item][et_pb_dp_oc_custom_item upload_image=&#8221;https:\/\/scuba-legends.com\/wp-content\/uploads\/2023\/07\/Mo_900x720_resized.jpg&#8221; _builder_version=&#8221;4.25.1&#8243; _module_preset=&#8221;default&#8221; global_colors_info=&#8221;{}&#8221;][\/et_pb_dp_oc_custom_item][et_pb_dp_oc_custom_item upload_image=&#8221;https:\/\/scuba-legends.com\/wp-content\/uploads\/2023\/07\/Max_900x720_resized.jpg&#8221; _builder_version=&#8221;4.25.1&#8243; _module_preset=&#8221;default&#8221; global_colors_info=&#8221;{}&#8221;][\/et_pb_dp_oc_custom_item][et_pb_dp_oc_custom_item upload_image=&#8221;https:\/\/scuba-legends.com\/wp-content\/uploads\/2023\/07\/Santi_900x720_resized.jpg&#8221; _builder_version=&#8221;4.25.1&#8243; _module_preset=&#8221;default&#8221; global_colors_info=&#8221;{}&#8221;][\/et_pb_dp_oc_custom_item][\/et_pb_dp_oc_custom][\/et_pb_column][\/et_pb_row][et_pb_row disabled_on=&#8221;on|on|on&#8221; _builder_version=&#8221;4.16&#8243; disabled=&#8221;on&#8221; locked=&#8221;off&#8221; global_colors_info=&#8221;{}&#8221;][et_pb_column type=&#8221;4_4&#8243; _builder_version=&#8221;4.16&#8243; global_colors_info=&#8221;{}&#8221;][dica_divi_carousel show_items_desktop=&#8221;3&#8243; show_items_tablet=&#8221;2&#8243; loop=&#8221;on&#8221; dot_nav=&#8221;on&#8221; advanced_effect=&#8221;1&#8243; admin_label=&#8221;Divi Carousel&#8221; _builder_version=&#8221;4.0.9&#8243; locked=&#8221;off&#8221; _i=&#8221;0&#8243; _address=&#8221;2.2.0.0&#8243; \/][\/et_pb_column][\/et_pb_row][\/et_pb_section]<\/p>\n","protected":false},"excerpt":{"rendered":"<p>MAKE IT LEGENDARY Tauchen ist unsere Leidenschaft. Tauchen ist unser Leben. Make it legendary!Tauche in das Au\u00dfergew\u00f6hnliche ein mit dem Scuba Legends Dive Center in Lanzarote \u2013 wo Tauchen nicht nur ein Hobby ist. Es ist unsere Leidenschaft, unser Leben und die Gelegenheit, jeden Moment unter Wasser legend\u00e4r zu machen. Finde uns mitten im Herzen [&hellip;]<\/p>\n","protected":false},"author":2,"featured_media":0,"parent":0,"menu_order":54,"comment_status":"closed","ping_status":"closed","template":"","meta":{"_acf_changed":false,"_et_pb_use_builder":"on","_et_pb_old_content":"","_et_gb_content_width":"","footnotes":""},"class_list":["post-7582","page","type-page","status-publish","hentry"],"acf":[],"yoast_head":"<!-- This site is optimized with the Yoast SEO plugin v27.4 - https:\/\/yoast.com\/product\/yoast-seo-wordpress\/ -->\n<title>\u00dcber uns - Scuba Legends Dive Center Lanzarote<\/title>\n<meta name=\"robots\" content=\"index, follow, max-snippet:-1, max-image-preview:large, max-video-preview:-1\" \/>\n<link rel=\"canonical\" href=\"https:\/\/scuba-legends.com\/de\/uber-uns\/\" \/>\n<meta property=\"og:locale\" content=\"de_DE\" \/>\n<meta property=\"og:type\" content=\"article\" \/>\n<meta property=\"og:title\" content=\"\u00dcber uns - Scuba Legends Dive Center Lanzarote\" \/>\n<meta property=\"og:description\" content=\"MAKE IT LEGENDARY Tauchen ist unsere Leidenschaft. Tauchen ist unser Leben. Make it legendary!Tauche in das Au\u00dfergew\u00f6hnliche ein mit dem Scuba Legends Dive Center in Lanzarote \u2013 wo Tauchen nicht nur ein Hobby ist. Es ist unsere Leidenschaft, unser Leben und die Gelegenheit, jeden Moment unter Wasser legend\u00e4r zu machen. Finde uns mitten im Herzen [&hellip;]\" \/>\n<meta property=\"og:url\" content=\"https:\/\/scuba-legends.com\/de\/uber-uns\/\" \/>\n<meta property=\"og:site_name\" content=\"Scuba Legends\" \/>\n<meta property=\"article:publisher\" content=\"https:\/\/www.facebook.com\/ScubaLegends\/\" \/>\n<meta property=\"article:modified_time\" content=\"2024-05-11T15:39:24+00:00\" \/>\n<meta property=\"og:image\" content=\"https:\/\/scuba-legends.com\/wp-content\/uploads\/2020\/01\/scuba_legend_logo_new1.png\" \/>\n\t<meta property=\"og:image:width\" content=\"150\" \/>\n\t<meta property=\"og:image:height\" content=\"150\" \/>\n\t<meta property=\"og:image:type\" content=\"image\/png\" \/>\n<meta name=\"twitter:card\" content=\"summary_large_image\" \/>\n<meta name=\"twitter:site\" content=\"@scubalegends\" \/>\n<meta name=\"twitter:label1\" content=\"Gesch\u00e4tzte Lesezeit\" \/>\n\t<meta name=\"twitter:data1\" content=\"6\u00a0Minuten\" \/>\n<script type=\"application\/ld+json\" class=\"yoast-schema-graph\">{\"@context\":\"https:\\\/\\\/schema.org\",\"@graph\":[{\"@type\":\"WebPage\",\"@id\":\"https:\\\/\\\/scuba-legends.com\\\/de\\\/uber-uns\\\/\",\"url\":\"https:\\\/\\\/scuba-legends.com\\\/de\\\/uber-uns\\\/\",\"name\":\"\u00dcber uns - Scuba Legends Dive Center Lanzarote\",\"isPartOf\":{\"@id\":\"https:\\\/\\\/scuba-legends.com\\\/de\\\/#website\"},\"datePublished\":\"2020-10-25T08:45:40+00:00\",\"dateModified\":\"2024-05-11T15:39:24+00:00\",\"breadcrumb\":{\"@id\":\"https:\\\/\\\/scuba-legends.com\\\/de\\\/uber-uns\\\/#breadcrumb\"},\"inLanguage\":\"de\",\"potentialAction\":[{\"@type\":\"ReadAction\",\"target\":[\"https:\\\/\\\/scuba-legends.com\\\/de\\\/uber-uns\\\/\"]}]},{\"@type\":\"BreadcrumbList\",\"@id\":\"https:\\\/\\\/scuba-legends.com\\\/de\\\/uber-uns\\\/#breadcrumb\",\"itemListElement\":[{\"@type\":\"ListItem\",\"position\":1,\"name\":\"Scuba Legends\",\"item\":\"https:\\\/\\\/scuba-legends.com\\\/de\\\/\"},{\"@type\":\"ListItem\",\"position\":2,\"name\":\"\u00dcber uns\"}]},{\"@type\":\"WebSite\",\"@id\":\"https:\\\/\\\/scuba-legends.com\\\/de\\\/#website\",\"url\":\"https:\\\/\\\/scuba-legends.com\\\/de\\\/\",\"name\":\"Scuba Legends\",\"description\":\"Dive Center Lanzarote\",\"publisher\":{\"@id\":\"https:\\\/\\\/scuba-legends.com\\\/de\\\/#organization\"},\"potentialAction\":[{\"@type\":\"SearchAction\",\"target\":{\"@type\":\"EntryPoint\",\"urlTemplate\":\"https:\\\/\\\/scuba-legends.com\\\/de\\\/?s={search_term_string}\"},\"query-input\":{\"@type\":\"PropertyValueSpecification\",\"valueRequired\":true,\"valueName\":\"search_term_string\"}}],\"inLanguage\":\"de\"},{\"@type\":\"Organization\",\"@id\":\"https:\\\/\\\/scuba-legends.com\\\/de\\\/#organization\",\"name\":\"Scuba Legends Dive Center Lanzarote\",\"url\":\"https:\\\/\\\/scuba-legends.com\\\/de\\\/\",\"logo\":{\"@type\":\"ImageObject\",\"inLanguage\":\"de\",\"@id\":\"https:\\\/\\\/scuba-legends.com\\\/de\\\/#\\\/schema\\\/logo\\\/image\\\/\",\"url\":\"https:\\\/\\\/scuba-legends.com\\\/wp-content\\\/uploads\\\/2020\\\/01\\\/scuba_legends_favicon.png\",\"contentUrl\":\"https:\\\/\\\/scuba-legends.com\\\/wp-content\\\/uploads\\\/2020\\\/01\\\/scuba_legends_favicon.png\",\"width\":512,\"height\":512,\"caption\":\"Scuba Legends Dive Center Lanzarote\"},\"image\":{\"@id\":\"https:\\\/\\\/scuba-legends.com\\\/de\\\/#\\\/schema\\\/logo\\\/image\\\/\"},\"sameAs\":[\"https:\\\/\\\/www.facebook.com\\\/ScubaLegends\\\/\",\"https:\\\/\\\/x.com\\\/scubalegends\",\"https:\\\/\\\/www.instagram.com\\\/scuba_legends\\\/\",\"https:\\\/\\\/www.youtube.com\\\/channel\\\/UCUjHU7Mmii5SfLoodxNZmqQ\"]}]}<\/script>\n<!-- \/ Yoast SEO plugin. -->","yoast_head_json":{"title":"\u00dcber uns - Scuba Legends Dive Center Lanzarote","robots":{"index":"index","follow":"follow","max-snippet":"max-snippet:-1","max-image-preview":"max-image-preview:large","max-video-preview":"max-video-preview:-1"},"canonical":"https:\/\/scuba-legends.com\/de\/uber-uns\/","og_locale":"de_DE","og_type":"article","og_title":"\u00dcber uns - Scuba Legends Dive Center Lanzarote","og_description":"MAKE IT LEGENDARY Tauchen ist unsere Leidenschaft. Tauchen ist unser Leben. Make it legendary!Tauche in das Au\u00dfergew\u00f6hnliche ein mit dem Scuba Legends Dive Center in Lanzarote \u2013 wo Tauchen nicht nur ein Hobby ist. Es ist unsere Leidenschaft, unser Leben und die Gelegenheit, jeden Moment unter Wasser legend\u00e4r zu machen. Finde uns mitten im Herzen [&hellip;]","og_url":"https:\/\/scuba-legends.com\/de\/uber-uns\/","og_site_name":"Scuba Legends","article_publisher":"https:\/\/www.facebook.com\/ScubaLegends\/","article_modified_time":"2024-05-11T15:39:24+00:00","og_image":[{"width":150,"height":150,"url":"https:\/\/scuba-legends.com\/wp-content\/uploads\/2020\/01\/scuba_legend_logo_new1.png","type":"image\/png"}],"twitter_card":"summary_large_image","twitter_site":"@scubalegends","twitter_misc":{"Gesch\u00e4tzte Lesezeit":"6\u00a0Minuten"},"schema":{"@context":"https:\/\/schema.org","@graph":[{"@type":"WebPage","@id":"https:\/\/scuba-legends.com\/de\/uber-uns\/","url":"https:\/\/scuba-legends.com\/de\/uber-uns\/","name":"\u00dcber uns - Scuba Legends Dive Center Lanzarote","isPartOf":{"@id":"https:\/\/scuba-legends.com\/de\/#website"},"datePublished":"2020-10-25T08:45:40+00:00","dateModified":"2024-05-11T15:39:24+00:00","breadcrumb":{"@id":"https:\/\/scuba-legends.com\/de\/uber-uns\/#breadcrumb"},"inLanguage":"de","potentialAction":[{"@type":"ReadAction","target":["https:\/\/scuba-legends.com\/de\/uber-uns\/"]}]},{"@type":"BreadcrumbList","@id":"https:\/\/scuba-legends.com\/de\/uber-uns\/#breadcrumb","itemListElement":[{"@type":"ListItem","position":1,"name":"Scuba Legends","item":"https:\/\/scuba-legends.com\/de\/"},{"@type":"ListItem","position":2,"name":"\u00dcber uns"}]},{"@type":"WebSite","@id":"https:\/\/scuba-legends.com\/de\/#website","url":"https:\/\/scuba-legends.com\/de\/","name":"Scuba Legends","description":"Dive Center Lanzarote","publisher":{"@id":"https:\/\/scuba-legends.com\/de\/#organization"},"potentialAction":[{"@type":"SearchAction","target":{"@type":"EntryPoint","urlTemplate":"https:\/\/scuba-legends.com\/de\/?s={search_term_string}"},"query-input":{"@type":"PropertyValueSpecification","valueRequired":true,"valueName":"search_term_string"}}],"inLanguage":"de"},{"@type":"Organization","@id":"https:\/\/scuba-legends.com\/de\/#organization","name":"Scuba Legends Dive Center Lanzarote","url":"https:\/\/scuba-legends.com\/de\/","logo":{"@type":"ImageObject","inLanguage":"de","@id":"https:\/\/scuba-legends.com\/de\/#\/schema\/logo\/image\/","url":"https:\/\/scuba-legends.com\/wp-content\/uploads\/2020\/01\/scuba_legends_favicon.png","contentUrl":"https:\/\/scuba-legends.com\/wp-content\/uploads\/2020\/01\/scuba_legends_favicon.png","width":512,"height":512,"caption":"Scuba Legends Dive Center Lanzarote"},"image":{"@id":"https:\/\/scuba-legends.com\/de\/#\/schema\/logo\/image\/"},"sameAs":["https:\/\/www.facebook.com\/ScubaLegends\/","https:\/\/x.com\/scubalegends","https:\/\/www.instagram.com\/scuba_legends\/","https:\/\/www.youtube.com\/channel\/UCUjHU7Mmii5SfLoodxNZmqQ"]}]}},"_links":{"self":[{"href":"https:\/\/scuba-legends.com\/de\/wp-json\/wp\/v2\/pages\/7582","targetHints":{"allow":["GET"]}}],"collection":[{"href":"https:\/\/scuba-legends.com\/de\/wp-json\/wp\/v2\/pages"}],"about":[{"href":"https:\/\/scuba-legends.com\/de\/wp-json\/wp\/v2\/types\/page"}],"author":[{"embeddable":true,"href":"https:\/\/scuba-legends.com\/de\/wp-json\/wp\/v2\/users\/2"}],"replies":[{"embeddable":true,"href":"https:\/\/scuba-legends.com\/de\/wp-json\/wp\/v2\/comments?post=7582"}],"version-history":[{"count":8,"href":"https:\/\/scuba-legends.com\/de\/wp-json\/wp\/v2\/pages\/7582\/revisions"}],"predecessor-version":[{"id":17616,"href":"https:\/\/scuba-legends.com\/de\/wp-json\/wp\/v2\/pages\/7582\/revisions\/17616"}],"wp:attachment":[{"href":"https:\/\/scuba-legends.com\/de\/wp-json\/wp\/v2\/media?parent=7582"}],"curies":[{"name":"wp","href":"https:\/\/api.w.org\/{rel}","templated":true}]}}