{"id":7556,"date":"2020-10-23T18:21:29","date_gmt":"2020-10-23T18:21:29","guid":{"rendered":"https:\/\/scuba-legends.com\/?page_id=7556"},"modified":"2024-12-20T13:52:47","modified_gmt":"2024-12-20T13:52:47","slug":"museo-atlantico-lanzarote","status":"publish","type":"page","link":"https:\/\/scuba-legends.com\/de\/museo-atlantico-lanzarote\/","title":{"rendered":"Museo Atlantico Lanzarote"},"content":{"rendered":"<p>[et_pb_section fb_built=&#8221;1&#8243; fullwidth=&#8221;on&#8221; module_id=&#8221;spheader-section&#8221; _builder_version=&#8221;4.16&#8243; global_colors_info=&#8221;{}&#8221;][et_pb_fullwidth_header title=&#8221;Museo Atl\u00e1ntico, Unterwassermuseum auf Lanzarote&#8221; _builder_version=&#8221;4.27.4&#8243; title_text_align=&#8221;left&#8221; title_font_size=&#8221;54px&#8221; subhead_font=&#8221;|||on|||||&#8221; background_image=&#8221;https:\/\/scuba-legends.com\/wp-content\/uploads\/2020\/08\/Ofertas-header-1280&#215;900-2.jpg&#8221; width=&#8221;100%&#8221; module_alignment=&#8221;center&#8221; custom_padding=&#8221;80px||80px||true|&#8221; hover_enabled=&#8221;0&#8243; title_font_size_tablet=&#8221;44px&#8221; background_last_edited=&#8221;on|desktop&#8221; custom_css_main_element=&#8221;background-position: center -240px;&#8221; custom_css_title=&#8221;order: 2;&#8221; custom_css_subtitle=&#8221;order: 1;&#8221; global_colors_info=&#8221;{}&#8221; custom_css_main_element_last_edited=&#8221;on|tablet&#8221; custom_css_main_element_tablet=&#8221;background-position: center -70px;&#8221; custom_css_main_element_phone=&#8221;background-position: center center;&#8221; sticky_enabled=&#8221;0&#8243;]<\/p>\n<p>MAKE IT LEGENDARY<\/p>\n<p>[\/et_pb_fullwidth_header][\/et_pb_section][et_pb_section fb_built=&#8221;1&#8243; _builder_version=&#8221;4.16&#8243; custom_margin=&#8221;-50px||||false|false&#8221; global_colors_info=&#8221;{}&#8221;][et_pb_row _builder_version=&#8221;4.16&#8243; global_colors_info=&#8221;{}&#8221;][et_pb_column type=&#8221;4_4&#8243; _builder_version=&#8221;4.16&#8243; global_colors_info=&#8221;{}&#8221;][et_pb_text _builder_version=&#8221;4.27.4&#8243; text_font_size=&#8221;18px&#8221; custom_margin=&#8221;-20px||||false|false&#8221; global_colors_info=&#8221;{}&#8221;]<\/p>\n<h2 style=\"text-align: center; color: #0db4d5;\">Erkunde das Museo Atl\u00e1ntico \u2013 Das Unterwassermuseum auf Lanzarote<\/h2>\n<p>[\/et_pb_text][et_pb_text _builder_version=&#8221;4.27.4&#8243; hover_enabled=&#8221;0&#8243; global_colors_info=&#8221;{}&#8221; sticky_enabled=&#8221;0&#8243;]<\/p>\n<p>Das <strong>Unterwassermuseum auf Lanzarote<\/strong>, auch bekannt als \u201e<strong>Museo Atl\u00e1ntico<\/strong>\u201c, ist eines der wenigen Unterwassermuseen der Welt. Es ist ein <strong>einzigartiger<\/strong> <strong>Tauchgang<\/strong>, den du mindestens einmal im Leben erleben solltest. Vom Hafen von Playa Blanca aus ist das Museum nur eine kurze Bootsfahrt von der K\u00fcste entfernt. Die Tauchstelle hat eine <strong>Tiefe von 10 bis 14 Metern<\/strong> und ist f\u00fcr <strong>Taucher aller Erfahrungsstufen<\/strong> geeignet, von Anf\u00e4ngern bis hin zu erfahrenen Tauchern. Der Fokus dieses Tauchgangs liegt auf den k\u00fcnstlerischen Skulpturen und ihrer Umgebung. Au\u00dferdem wirst du eine erstaunliche Unterwasserwelt entdecken!<\/p>\n<p>Das Projekt wurde 2017 vom <strong>britischen K\u00fcnstler Jason deCaires Taylor<\/strong> ins Leben gerufen. Das Unterwassermuseum erstreckt sich \u00fcber eine Fl\u00e4che von etwa 50 x 50 Metern auf sandigem Boden und einem Riff, in dem viele Arten leben. Es umfasst <strong>eine Reihe von beeindruckenden und zum Nachdenken anregenden Skulpturen<\/strong>, die auf dem Meeresboden platziert sind und sich mit der Zeit zu k\u00fcnstlichen Riffen entwickeln sollen. Jede Skulpturengruppe <strong>erz\u00e4hlt eine Geschichte oder vermittelt eine Botschaft \u00fcber die Gesellschaft, die Umwelt oder den menschlichen Einfluss auf die Natur.<\/strong><\/p>\n<p>Die Umgebung ist gesch\u00fctzt und bietet einen sicheren Ort f\u00fcr die Fortpflanzung. Zu den h\u00e4ufigen Besuchern des Museums geh\u00f6ren Engelhaie, Sardinen, Papageifische, Barrakudas und viele mehr. Wir m\u00f6chten die Umwelt und das Meeresleben w\u00e4hrend des Tauchgangs sch\u00fctzen und bitten alle Taucher, gr\u00f6\u00dftm\u00f6glichen Respekt f\u00fcr die Unterwasserwelt zu zeigen und weder die Skulpturen noch das Meeresleben zu ber\u00fchren oder zu besch\u00e4digen.<\/p>\n<p>[\/et_pb_text][\/et_pb_column][\/et_pb_row][\/et_pb_section][et_pb_section fb_built=&#8221;1&#8243; module_id=&#8221;ma-section-slider&#8221; _builder_version=&#8221;4.16&#8243; background_color=&#8221;#ffffff&#8221; custom_margin=&#8221;-80px||20px||false|false&#8221; custom_padding=&#8221;40px||35px|||&#8221; global_colors_info=&#8221;{}&#8221;][et_pb_row column_structure=&#8221;1_4,1_4,1_4,1_4&#8243; use_custom_gutter=&#8221;on&#8221; gutter_width=&#8221;2&#8243; disabled_on=&#8221;off|off|off&#8221; module_class=&#8221;museo-image-holder&#8221; _builder_version=&#8221;4.16&#8243; width=&#8221;90%&#8221; max_width=&#8221;90%&#8221; custom_margin=&#8221;||0px||false|false&#8221; custom_margin_tablet=&#8221;&#8221; custom_margin_phone=&#8221;||0px||false|false&#8221; custom_margin_last_edited=&#8221;on|phone&#8221; custom_padding=&#8221;0px||0px||false|false&#8221; global_colors_info=&#8221;{}&#8221;][et_pb_column type=&#8221;1_4&#8243; _builder_version=&#8221;4.16&#8243; global_colors_info=&#8221;{}&#8221;][et_pb_image src=&#8221;https:\/\/scuba-legends.com\/wp-content\/uploads\/2020\/01\/museo_image_1.png&#8221; show_in_lightbox=&#8221;on&#8221; align=&#8221;center&#8221; module_class=&#8221;ma-1&#8243; _builder_version=&#8221;4.16&#8243; global_colors_info=&#8221;{}&#8221;][\/et_pb_image][\/et_pb_column][et_pb_column type=&#8221;1_4&#8243; _builder_version=&#8221;4.16&#8243; global_colors_info=&#8221;{}&#8221;][et_pb_image src=&#8221;https:\/\/scuba-legends.com\/wp-content\/uploads\/2020\/01\/museo_image_2.png&#8221; show_in_lightbox=&#8221;on&#8221; align=&#8221;center&#8221; module_class=&#8221;ma-2&#8243; _builder_version=&#8221;4.16&#8243; global_colors_info=&#8221;{}&#8221;][\/et_pb_image][\/et_pb_column][et_pb_column type=&#8221;1_4&#8243; _builder_version=&#8221;4.16&#8243; global_colors_info=&#8221;{}&#8221;][et_pb_image src=&#8221;https:\/\/scuba-legends.com\/wp-content\/uploads\/2020\/01\/museo_image_3.png&#8221; show_in_lightbox=&#8221;on&#8221; align=&#8221;center&#8221; module_class=&#8221;ma-3&#8243; _builder_version=&#8221;4.16&#8243; global_colors_info=&#8221;{}&#8221;][\/et_pb_image][\/et_pb_column][et_pb_column type=&#8221;1_4&#8243; _builder_version=&#8221;4.16&#8243; global_colors_info=&#8221;{}&#8221;][et_pb_image src=&#8221;https:\/\/scuba-legends.com\/wp-content\/uploads\/2020\/01\/museo_image_4.png&#8221; show_in_lightbox=&#8221;on&#8221; align=&#8221;center&#8221; module_class=&#8221;ma-4&#8243; _builder_version=&#8221;4.16&#8243; global_colors_info=&#8221;{}&#8221;][\/et_pb_image][\/et_pb_column][\/et_pb_row][et_pb_row _builder_version=&#8221;4.16&#8243; global_colors_info=&#8221;{}&#8221;][et_pb_column type=&#8221;4_4&#8243; _builder_version=&#8221;4.16&#8243; global_colors_info=&#8221;{}&#8221;][et_pb_text _builder_version=&#8221;4.27.4&#8243; hover_enabled=&#8221;0&#8243; global_colors_info=&#8221;{}&#8221; sticky_enabled=&#8221;0&#8243;]<\/p>\n<h2 style=\"text-align: center; color: #0db4d5;\">Bootstauchen in Playa Blanca<\/h2>\n<p>[\/et_pb_text][et_pb_text _builder_version=&#8221;4.27.4&#8243; hover_enabled=&#8221;0&#8243; global_colors_info=&#8221;{}&#8221; sticky_enabled=&#8221;0&#8243;]<\/p>\n<p><strong>Tiefe:<\/strong> 10-25m<br \/><strong>Tauchpl\u00e4tze:<\/strong> Unterwassermuseum, Punta Berruga, Las Coloradas, Las Lenguas, Emisario, Punta Gin\u00e9s<\/p>\n<p>Beim Tauchen im S\u00fcden fahren wir zum Hafen von Playa Blanca und starten von dort aus mit dem Boot. Wir machen <strong>einen Tauchgang im Unterwassermuseum, w\u00e4hrend der zweite ein Rifftauchgang an einem der nahegelegenen Tauchpl\u00e4tze ist.<\/strong><\/p>\n<p>[\/et_pb_text][et_pb_text _builder_version=&#8221;4.27.4&#8243; hover_enabled=&#8221;0&#8243; global_colors_info=&#8221;{}&#8221; sticky_enabled=&#8221;0&#8243; admin_label=&#8221;Text&#8221;]<\/p>\n<h2 style=\"text-align: center; color: #0db4d5;\">Noch kein zertifizierter Taucher, aber du m\u00f6chtest im Unterwassermuseum tauchen?<\/h2>\n<p>[\/et_pb_text][et_pb_text _builder_version=&#8221;4.27.4&#8243; hover_enabled=&#8221;0&#8243; global_colors_info=&#8221;{}&#8221; sticky_enabled=&#8221;0&#8243;]<\/p>\n<p>Gute Nachrichten! Auch <strong>ohne Tauchzertifizierung kannst du im Unterwassermuseum tauchen<\/strong>. Der Tauchplatz bietet jedoch keinen flachen Bereich f\u00fcr erste \u00dcbungen. Daher musst du <strong>zuerst das PADI Discover Scuba Diving vom Strand <\/strong>in Playa Chica absolvieren. Im <strong>flachen Wasser \u00fcbst du die wichtigsten Grundlagen<\/strong>, um dich wohlzuf\u00fchlen und dein erstes Taucherlebnis in einer Tiefe von bis zu 6 Metern zu genie\u00dfen. <strong>Nach dem erfolgreichen Abschluss des ersten Tauchgangs<\/strong> bist du bereit f\u00fcr den Bootstauchgang im Unterwassermuseum und kannst bis zu einer maximalen Tiefe von 12 Metern tauchen.<\/p>\n<p>[\/et_pb_text][et_pb_text _builder_version=&#8221;4.27.4&#8243; hover_enabled=&#8221;0&#8243; global_colors_info=&#8221;{}&#8221; sticky_enabled=&#8221;0&#8243;]<\/p>\n<h2 style=\"text-align: center; color: #0db4d5;\">Verf\u00fcgbarkeit \u2013 Wichtig!<\/h2>\n<p>[\/et_pb_text][et_pb_text _builder_version=&#8221;4.27.4&#8243; hover_enabled=&#8221;0&#8243; global_colors_info=&#8221;{}&#8221; sticky_enabled=&#8221;0&#8243;]<\/p>\n<p>Bitte beachte, dass die Kapazit\u00e4t des Bootes begrenzt ist und <strong>die Pl\u00e4tze oft im Voraus ausgebucht sind<\/strong>. Wir empfehlen, so <strong>fr\u00fch wie m\u00f6glich zu buchen<\/strong>. Kontaktiere uns, falls der Online-Kalender keine weiteren Verf\u00fcgbarkeiten zeigt. Es k\u00f6nnte m\u00f6glich sein, eine zus\u00e4tzliche Bootsfahrt zu organisieren (<a href=\"http:\/\/wa.me\/+34662090159\">Whatsapp: +34662090159<\/a>).<\/p>\n<p>[\/et_pb_text][et_pb_code _builder_version=&#8221;4.27.4&#8243; locked=&#8221;off&#8221; global_colors_info=&#8221;{}&#8221;]<!--BUKY APP LISTADOMuseo Atl\u00e1ntico--><!-- [et_pb_line_break_holder] --><\/p>\n<div class=\"SCXP_WIDGET\" data-widget=\"List\" data-customer=\"673ef83180e03463a90b61e6\" data-categories=\"676551d85fa342ee92a2c34a\"><\/div>\n<p>[\/et_pb_code][\/et_pb_column][\/et_pb_row][\/et_pb_section][et_pb_section fb_built=&#8221;1&#8243; fullwidth=&#8221;on&#8221; _builder_version=&#8221;4.16&#8243; global_colors_info=&#8221;{}&#8221;][et_pb_fullwidth_header text_orientation=&#8221;center&#8221; button_one_text=&#8221;Mehr Infos &#8221; button_one_url=&#8221;https:\/\/scuba-legends.com\/de\/kontakt\/&#8221; button_two_text=&#8221;Reservierung&#8221; button_two_url=&#8221;https:\/\/scuba-legends.com\/de\/buchung\/&#8221; _builder_version=&#8221;4.16&#8243; title_level=&#8221;h3&#8243; background_image=&#8221;https:\/\/scuba-legends.com\/wp-content\/uploads\/2020\/08\/Hazlo-epico-1.jpg&#8221; custom_button_one=&#8221;on&#8221; button_one_text_size=&#8221;16px&#8221; button_one_custom_margin=&#8221;||||false|false&#8221; custom_button_two=&#8221;on&#8221; button_two_text_size=&#8221;16px&#8221; text_shadow_style=&#8221;preset3&#8243; global_colors_info=&#8221;{}&#8221;]<\/p>\n<h2 style=\"text-align: center;\"><strong>Private Tauchlehrer und Tauchguides \u2013 Mach\u2019s episch!<\/strong><\/h2>\n<p style=\"text-align: center;\">Pers\u00f6nlicher VIP-Service f\u00fcr Dich allein (oder mit Deiner Familie und Freunden) gew\u00fcnscht? Wir bieten Dir unseren exklusiven privaten Tauchservice in Puerto del Carmen, Lanzarote, an. Wir passen Dein Taucherlebnis an Deine Bed\u00fcrfnisse und Zeiten an.<\/p>\n<p>[\/et_pb_fullwidth_header][\/et_pb_section]<\/p>\n","protected":false},"excerpt":{"rendered":"<p>MAKE IT LEGENDARYErkunde das Museo Atl\u00e1ntico \u2013 Das Unterwassermuseum auf LanzaroteDas Unterwassermuseum auf Lanzarote, auch bekannt als \u201eMuseo Atl\u00e1ntico\u201c, ist eines der wenigen Unterwassermuseen der Welt. Es ist ein einzigartiger Tauchgang, den du mindestens einmal im Leben erleben solltest. Vom Hafen von Playa Blanca aus ist das Museum nur eine kurze Bootsfahrt von der K\u00fcste [&hellip;]<\/p>\n","protected":false},"author":2,"featured_media":0,"parent":0,"menu_order":57,"comment_status":"closed","ping_status":"closed","template":"","meta":{"_acf_changed":false,"_et_pb_use_builder":"on","_et_pb_old_content":"","_et_gb_content_width":"","footnotes":""},"class_list":["post-7556","page","type-page","status-publish","hentry"],"acf":[],"yoast_head":"<!-- This site is optimized with the Yoast SEO plugin v27.4 - https:\/\/yoast.com\/product\/yoast-seo-wordpress\/ -->\n<title>Museo Atlantico Lanzarote - Scuba Legends<\/title>\n<meta name=\"description\" content=\"Erkunde das Unterwassermuseum auf Lanzarote. Die Tauchstelle hat eine Tiefe von 10-14m und ist f\u00fcr Taucher aller Erfahrungsstufen geeignet.\" \/>\n<meta name=\"robots\" content=\"index, follow, max-snippet:-1, max-image-preview:large, max-video-preview:-1\" \/>\n<link rel=\"canonical\" href=\"https:\/\/scuba-legends.com\/de\/museo-atlantico-lanzarote\/\" \/>\n<meta property=\"og:locale\" content=\"de_DE\" \/>\n<meta property=\"og:type\" content=\"article\" \/>\n<meta property=\"og:title\" content=\"Museo Atlantico Lanzarote - Scuba Legends\" \/>\n<meta property=\"og:description\" content=\"Erkunde das Unterwassermuseum auf Lanzarote. Die Tauchstelle hat eine Tiefe von 10-14m und ist f\u00fcr Taucher aller Erfahrungsstufen geeignet.\" \/>\n<meta property=\"og:url\" content=\"https:\/\/scuba-legends.com\/de\/museo-atlantico-lanzarote\/\" \/>\n<meta property=\"og:site_name\" content=\"Scuba Legends\" \/>\n<meta property=\"article:publisher\" content=\"https:\/\/www.facebook.com\/ScubaLegends\/\" \/>\n<meta property=\"article:modified_time\" content=\"2024-12-20T13:52:47+00:00\" \/>\n<meta property=\"og:image\" content=\"https:\/\/scuba-legends.com\/wp-content\/uploads\/2020\/01\/scuba_legend_logo_new1.png\" \/>\n\t<meta property=\"og:image:width\" content=\"150\" \/>\n\t<meta property=\"og:image:height\" content=\"150\" \/>\n\t<meta property=\"og:image:type\" content=\"image\/png\" \/>\n<meta name=\"twitter:card\" content=\"summary_large_image\" \/>\n<meta name=\"twitter:site\" content=\"@scubalegends\" \/>\n<meta name=\"twitter:label1\" content=\"Gesch\u00e4tzte Lesezeit\" \/>\n\t<meta name=\"twitter:data1\" content=\"3\u00a0Minuten\" \/>\n<script type=\"application\/ld+json\" class=\"yoast-schema-graph\">{\"@context\":\"https:\\\/\\\/schema.org\",\"@graph\":[{\"@type\":\"WebPage\",\"@id\":\"https:\\\/\\\/scuba-legends.com\\\/de\\\/museo-atlantico-lanzarote\\\/\",\"url\":\"https:\\\/\\\/scuba-legends.com\\\/de\\\/museo-atlantico-lanzarote\\\/\",\"name\":\"Museo Atlantico Lanzarote - Scuba Legends\",\"isPartOf\":{\"@id\":\"https:\\\/\\\/scuba-legends.com\\\/de\\\/#website\"},\"datePublished\":\"2020-10-23T18:21:29+00:00\",\"dateModified\":\"2024-12-20T13:52:47+00:00\",\"description\":\"Erkunde das Unterwassermuseum auf Lanzarote. Die Tauchstelle hat eine Tiefe von 10-14m und ist f\u00fcr Taucher aller Erfahrungsstufen geeignet.\",\"breadcrumb\":{\"@id\":\"https:\\\/\\\/scuba-legends.com\\\/de\\\/museo-atlantico-lanzarote\\\/#breadcrumb\"},\"inLanguage\":\"de\",\"potentialAction\":[{\"@type\":\"ReadAction\",\"target\":[\"https:\\\/\\\/scuba-legends.com\\\/de\\\/museo-atlantico-lanzarote\\\/\"]}]},{\"@type\":\"BreadcrumbList\",\"@id\":\"https:\\\/\\\/scuba-legends.com\\\/de\\\/museo-atlantico-lanzarote\\\/#breadcrumb\",\"itemListElement\":[{\"@type\":\"ListItem\",\"position\":1,\"name\":\"Scuba Legends\",\"item\":\"https:\\\/\\\/scuba-legends.com\\\/de\\\/\"},{\"@type\":\"ListItem\",\"position\":2,\"name\":\"Museo Atlantico Lanzarote\"}]},{\"@type\":\"WebSite\",\"@id\":\"https:\\\/\\\/scuba-legends.com\\\/de\\\/#website\",\"url\":\"https:\\\/\\\/scuba-legends.com\\\/de\\\/\",\"name\":\"Scuba Legends\",\"description\":\"Dive Center Lanzarote\",\"publisher\":{\"@id\":\"https:\\\/\\\/scuba-legends.com\\\/de\\\/#organization\"},\"potentialAction\":[{\"@type\":\"SearchAction\",\"target\":{\"@type\":\"EntryPoint\",\"urlTemplate\":\"https:\\\/\\\/scuba-legends.com\\\/de\\\/?s={search_term_string}\"},\"query-input\":{\"@type\":\"PropertyValueSpecification\",\"valueRequired\":true,\"valueName\":\"search_term_string\"}}],\"inLanguage\":\"de\"},{\"@type\":\"Organization\",\"@id\":\"https:\\\/\\\/scuba-legends.com\\\/de\\\/#organization\",\"name\":\"Scuba Legends Dive Center Lanzarote\",\"url\":\"https:\\\/\\\/scuba-legends.com\\\/de\\\/\",\"logo\":{\"@type\":\"ImageObject\",\"inLanguage\":\"de\",\"@id\":\"https:\\\/\\\/scuba-legends.com\\\/de\\\/#\\\/schema\\\/logo\\\/image\\\/\",\"url\":\"https:\\\/\\\/scuba-legends.com\\\/wp-content\\\/uploads\\\/2020\\\/01\\\/scuba_legends_favicon.png\",\"contentUrl\":\"https:\\\/\\\/scuba-legends.com\\\/wp-content\\\/uploads\\\/2020\\\/01\\\/scuba_legends_favicon.png\",\"width\":512,\"height\":512,\"caption\":\"Scuba Legends Dive Center Lanzarote\"},\"image\":{\"@id\":\"https:\\\/\\\/scuba-legends.com\\\/de\\\/#\\\/schema\\\/logo\\\/image\\\/\"},\"sameAs\":[\"https:\\\/\\\/www.facebook.com\\\/ScubaLegends\\\/\",\"https:\\\/\\\/x.com\\\/scubalegends\",\"https:\\\/\\\/www.instagram.com\\\/scuba_legends\\\/\",\"https:\\\/\\\/www.youtube.com\\\/channel\\\/UCUjHU7Mmii5SfLoodxNZmqQ\"]}]}<\/script>\n<!-- \/ Yoast SEO plugin. -->","yoast_head_json":{"title":"Museo Atlantico Lanzarote - Scuba Legends","description":"Erkunde das Unterwassermuseum auf Lanzarote. Die Tauchstelle hat eine Tiefe von 10-14m und ist f\u00fcr Taucher aller Erfahrungsstufen geeignet.","robots":{"index":"index","follow":"follow","max-snippet":"max-snippet:-1","max-image-preview":"max-image-preview:large","max-video-preview":"max-video-preview:-1"},"canonical":"https:\/\/scuba-legends.com\/de\/museo-atlantico-lanzarote\/","og_locale":"de_DE","og_type":"article","og_title":"Museo Atlantico Lanzarote - Scuba Legends","og_description":"Erkunde das Unterwassermuseum auf Lanzarote. Die Tauchstelle hat eine Tiefe von 10-14m und ist f\u00fcr Taucher aller Erfahrungsstufen geeignet.","og_url":"https:\/\/scuba-legends.com\/de\/museo-atlantico-lanzarote\/","og_site_name":"Scuba Legends","article_publisher":"https:\/\/www.facebook.com\/ScubaLegends\/","article_modified_time":"2024-12-20T13:52:47+00:00","og_image":[{"width":150,"height":150,"url":"https:\/\/scuba-legends.com\/wp-content\/uploads\/2020\/01\/scuba_legend_logo_new1.png","type":"image\/png"}],"twitter_card":"summary_large_image","twitter_site":"@scubalegends","twitter_misc":{"Gesch\u00e4tzte Lesezeit":"3\u00a0Minuten"},"schema":{"@context":"https:\/\/schema.org","@graph":[{"@type":"WebPage","@id":"https:\/\/scuba-legends.com\/de\/museo-atlantico-lanzarote\/","url":"https:\/\/scuba-legends.com\/de\/museo-atlantico-lanzarote\/","name":"Museo Atlantico Lanzarote - Scuba Legends","isPartOf":{"@id":"https:\/\/scuba-legends.com\/de\/#website"},"datePublished":"2020-10-23T18:21:29+00:00","dateModified":"2024-12-20T13:52:47+00:00","description":"Erkunde das Unterwassermuseum auf Lanzarote. Die Tauchstelle hat eine Tiefe von 10-14m und ist f\u00fcr Taucher aller Erfahrungsstufen geeignet.","breadcrumb":{"@id":"https:\/\/scuba-legends.com\/de\/museo-atlantico-lanzarote\/#breadcrumb"},"inLanguage":"de","potentialAction":[{"@type":"ReadAction","target":["https:\/\/scuba-legends.com\/de\/museo-atlantico-lanzarote\/"]}]},{"@type":"BreadcrumbList","@id":"https:\/\/scuba-legends.com\/de\/museo-atlantico-lanzarote\/#breadcrumb","itemListElement":[{"@type":"ListItem","position":1,"name":"Scuba Legends","item":"https:\/\/scuba-legends.com\/de\/"},{"@type":"ListItem","position":2,"name":"Museo Atlantico Lanzarote"}]},{"@type":"WebSite","@id":"https:\/\/scuba-legends.com\/de\/#website","url":"https:\/\/scuba-legends.com\/de\/","name":"Scuba Legends","description":"Dive Center Lanzarote","publisher":{"@id":"https:\/\/scuba-legends.com\/de\/#organization"},"potentialAction":[{"@type":"SearchAction","target":{"@type":"EntryPoint","urlTemplate":"https:\/\/scuba-legends.com\/de\/?s={search_term_string}"},"query-input":{"@type":"PropertyValueSpecification","valueRequired":true,"valueName":"search_term_string"}}],"inLanguage":"de"},{"@type":"Organization","@id":"https:\/\/scuba-legends.com\/de\/#organization","name":"Scuba Legends Dive Center Lanzarote","url":"https:\/\/scuba-legends.com\/de\/","logo":{"@type":"ImageObject","inLanguage":"de","@id":"https:\/\/scuba-legends.com\/de\/#\/schema\/logo\/image\/","url":"https:\/\/scuba-legends.com\/wp-content\/uploads\/2020\/01\/scuba_legends_favicon.png","contentUrl":"https:\/\/scuba-legends.com\/wp-content\/uploads\/2020\/01\/scuba_legends_favicon.png","width":512,"height":512,"caption":"Scuba Legends Dive Center Lanzarote"},"image":{"@id":"https:\/\/scuba-legends.com\/de\/#\/schema\/logo\/image\/"},"sameAs":["https:\/\/www.facebook.com\/ScubaLegends\/","https:\/\/x.com\/scubalegends","https:\/\/www.instagram.com\/scuba_legends\/","https:\/\/www.youtube.com\/channel\/UCUjHU7Mmii5SfLoodxNZmqQ"]}]}},"_links":{"self":[{"href":"https:\/\/scuba-legends.com\/de\/wp-json\/wp\/v2\/pages\/7556","targetHints":{"allow":["GET"]}}],"collection":[{"href":"https:\/\/scuba-legends.com\/de\/wp-json\/wp\/v2\/pages"}],"about":[{"href":"https:\/\/scuba-legends.com\/de\/wp-json\/wp\/v2\/types\/page"}],"author":[{"embeddable":true,"href":"https:\/\/scuba-legends.com\/de\/wp-json\/wp\/v2\/users\/2"}],"replies":[{"embeddable":true,"href":"https:\/\/scuba-legends.com\/de\/wp-json\/wp\/v2\/comments?post=7556"}],"version-history":[{"count":5,"href":"https:\/\/scuba-legends.com\/de\/wp-json\/wp\/v2\/pages\/7556\/revisions"}],"predecessor-version":[{"id":18966,"href":"https:\/\/scuba-legends.com\/de\/wp-json\/wp\/v2\/pages\/7556\/revisions\/18966"}],"wp:attachment":[{"href":"https:\/\/scuba-legends.com\/de\/wp-json\/wp\/v2\/media?parent=7556"}],"curies":[{"name":"wp","href":"https:\/\/api.w.org\/{rel}","templated":true}]}}