{"id":6363,"date":"2020-09-30T12:16:42","date_gmt":"2020-09-30T12:16:42","guid":{"rendered":"https:\/\/scuba-legends.com\/padi-tec-50\/"},"modified":"2025-04-24T11:33:07","modified_gmt":"2025-04-24T11:33:07","slug":"padi-tec-50","status":"publish","type":"page","link":"https:\/\/scuba-legends.com\/de\/padi-tec-50\/","title":{"rendered":"PADI Tec 50"},"content":{"rendered":"<p>[et_pb_section fb_built=&#8221;1&#8243; fullwidth=&#8221;on&#8221; module_id=&#8221;spheader-section&#8221; _builder_version=&#8221;4.16&#8243; global_colors_info=&#8221;{}&#8221;][et_pb_fullwidth_header title=&#8221;PADI Tec 50 &#8221; _builder_version=&#8221;4.16&#8243; title_text_align=&#8221;left&#8221; title_font_size=&#8221;54px&#8221; subhead_font=&#8221;|||on|||||&#8221; background_image=&#8221;https:\/\/scuba-legends.com\/wp-content\/uploads\/2020\/09\/31.-TEC-50-1280&#215;900-1.jpg&#8221; width=&#8221;100%&#8221; module_alignment=&#8221;center&#8221; custom_padding=&#8221;80px||80px||true|&#8221; title_font_size_tablet=&#8221;44px&#8221; background_last_edited=&#8221;on|desktop&#8221; custom_css_main_element=&#8221;background-position: center -240px;&#8221; custom_css_title=&#8221;order: 2;&#8221; custom_css_subtitle=&#8221;order: 1;&#8221; global_colors_info=&#8221;{}&#8221; custom_css_main_element_last_edited=&#8221;on|tablet&#8221; custom_css_main_element_tablet=&#8221;background-position: center -70px;&#8221; custom_css_main_element_phone=&#8221;background-position: center center;&#8221;]<\/p>\n<p>MAKE IT LEGENDARY<\/p>\n<p>[\/et_pb_fullwidth_header][\/et_pb_section][et_pb_section fb_built=&#8221;1&#8243; _builder_version=&#8221;4.16&#8243; custom_margin=&#8221;-50px||||false|false&#8221; global_colors_info=&#8221;{}&#8221;][et_pb_row _builder_version=&#8221;4.16&#8243; global_colors_info=&#8221;{}&#8221;][et_pb_column type=&#8221;4_4&#8243; _builder_version=&#8221;4.16&#8243; global_colors_info=&#8221;{}&#8221;][et_pb_text _builder_version=&#8221;4.16&#8243; text_font_size=&#8221;18px&#8221; custom_margin=&#8221;-20px||||false|false&#8221; global_colors_info=&#8221;{}&#8221;]<\/p>\n<h2 style=\"text-align: center; color: #0db4d5;\">Werde eine der gro\u00dfen Legenden des technischen Tauchens<\/h2>\n<p>[\/et_pb_text][et_pb_text _builder_version=&#8221;4.16&#8243; global_colors_info=&#8221;{}&#8221;]<\/p>\n<p>M\u00f6chtest Du ein Experte f\u00fcr technisches Tauchen werden und bist davon \u00fcberzeugt, dass nichts au\u00dferhalb Deiner Reichweite liegt? Lerne mit den besten und leidenschaftlichsten Tauchlehrern in Puerto del Carmen auf Lanzarote. Der PADI Tec 50 Kurs (fr\u00fcher: Tec Deep Diver) ist die h\u00f6chste Zertifizierung, die ein technischer Taucher erhalten kann. Das Kurspaket kombiniert die Kurse <a href=\"https:\/\/scuba-legends.com\/de\/padi-tec-40\/\">Tec 40<\/a>, <a href=\"https:\/\/scuba-legends.com\/de\/padi-tec-45\/\">Tec 45<\/a> und Tec 50. Du wirst den Kurs mit voller technischer Ausr\u00fcstung absolvieren. Die anf\u00e4ngliche Konfiguration erfolgt generell mit der Doppelflaschen auf dem R\u00fccken (Backmount), aber du kannst den Kurs ebenfalls zum verg\u00fcnstigten Preis mit Tec Sidemount kombinieren und so die Seitenmontage erlernen und eine weitere Zertifizierung erhalten (link).<\/p>\n<p>[\/et_pb_text][\/et_pb_column][\/et_pb_row][\/et_pb_section][et_pb_section fb_built=&#8221;1&#8243; _builder_version=&#8221;4.16&#8243; custom_margin=&#8221;-50px||||false|false&#8221; global_colors_info=&#8221;{}&#8221;][et_pb_row _builder_version=&#8221;4.16&#8243; custom_margin=&#8221;-20px||||false|false&#8221; global_colors_info=&#8221;{}&#8221;][et_pb_column type=&#8221;4_4&#8243; _builder_version=&#8221;4.16&#8243; global_colors_info=&#8221;{}&#8221;][et_pb_text _builder_version=&#8221;4.16&#8243; text_font_size=&#8221;18px&#8221; custom_margin=&#8221;-20px||||false|false&#8221; global_colors_info=&#8221;{}&#8221;]<\/p>\n<h2 style=\"text-align: center; color: #0db4d5;\">Was beinhaltet der PADI Tec 50 Kurs?<\/h2>\n<p>[\/et_pb_text][et_pb_text _builder_version=&#8221;4.16&#8243; global_colors_info=&#8221;{}&#8221;]<\/p>\n<p>Der Kurs besteht aus 12 Tagen intensivem Training kombiniert aus Theorie, praktischen Workshops und Freiwassertauchg\u00e4ngen. Durch den Abschluss der integrierten Kurse Tec 40 und Tec 45 (Teil davon) erwirbst Du das Wissen, die Erfahrung und die Denkweise, die f\u00fcr die Planung und Durchf\u00fchrung von Multi-Stopp-Dekompressionstauchg\u00e4ngen bis zu einer maximalen Tiefe von 50 Metern erforderlich sind. Wenn Du bereits den Tec 40 und Tec 45 Kurs abgeschlossen hast und nun den letzten Schritt zum Tec 50 Taucher machen m\u00f6chtest, bieten wir ein Upgrade von Tec 45 zu Tec 50 zum verg\u00fcnstigten Preis an. Kontaktieren uns f\u00fcr weitere Informationen. \u00a0<\/p>\n<ul>\n<li><strong>Dauer<\/strong>: 12 Tage + eLearning<\/li>\n<li><strong>Mindestvoraussetzungen<\/strong>:\n<ul>\n<li>18 Jahre<\/li>\n<li>100 Tauchg\u00e4nge, von denen mindestens 20 mit Nitrox tiefer als 18m und 15 Tauchg\u00e4nge tiefer als 30m waren. Falls nicht, bringen wir Dich gerne auf den notwendigen Stand.<\/li>\n<li>Rescue Diver, Tieftaucher und Nitrox Zertifizierung<\/li>\n<li>Gesundheitlich fit zum Tauchen<\/li>\n<\/ul>\n<\/li>\n<\/ul>\n<p>[\/et_pb_text][\/et_pb_column][\/et_pb_row][\/et_pb_section][et_pb_section fb_built=&#8221;1&#8243; _builder_version=&#8221;4.16&#8243; global_colors_info=&#8221;{}&#8221;][et_pb_row column_structure=&#8221;1_2,1_2&#8243; _builder_version=&#8221;4.16&#8243; custom_margin=&#8221;-150px||||false|false&#8221; global_colors_info=&#8221;{}&#8221;][et_pb_column type=&#8221;1_2&#8243; _builder_version=&#8221;4.16&#8243; global_colors_info=&#8221;{}&#8221;][et_pb_text _builder_version=&#8221;4.16&#8243; custom_padding=&#8221;25px|25px|25px|25px|false|false&#8221; border_radii=&#8221;on|3px|3px|3px|3px&#8221; border_width_all=&#8221;2px&#8221; border_color_all=&#8221;#0db4d5&#8243; global_colors_info=&#8221;{}&#8221;]<\/p>\n<h4 style=\"text-align: center; color: #0db4d5;\">W\u00e4hle Deine Option:<\/h4>\n<ul>\n<li>PADI Tec 45 BASIC: 1800\u20ac<\/li>\n<li>PADI Tec 45 PREMIUM: 2150\u20ac\n<ul>\n<li>+ PADI Tec Sidemount<\/li>\n<\/ul>\n<\/li>\n<\/ul>\n<p>[\/et_pb_text][\/et_pb_column][et_pb_column type=&#8221;1_2&#8243; _builder_version=&#8221;4.16&#8243; global_colors_info=&#8221;{}&#8221;][et_pb_text _builder_version=&#8221;4.16&#8243; background_color=&#8221;rgba(13,180,213,0.17)&#8221; custom_padding=&#8221;25px|25px|25px|25px|false|false&#8221; border_radii=&#8221;on|3px|3px|3px|3px&#8221; global_colors_info=&#8221;{}&#8221;]<\/p>\n<h4 style=\"text-align: center; color: #0db4d5;\">Immer inklusive:<\/h4>\n<ul>\n<li>PADI Materialien oder Zugang PADI eLearning<\/li>\n<li>Wasser und Snacks<\/li>\n<li><strong>Maximal 2 Taucher in einer Gruppe<\/strong><\/li>\n<li><strong>Leidenschaftliche und erfahrene Tauchlehrer<\/strong><\/li>\n<\/ul>\n<p>[\/et_pb_text][\/et_pb_column][\/et_pb_row][et_pb_row _builder_version=&#8221;4.16&#8243; global_colors_info=&#8221;{}&#8221;][et_pb_column type=&#8221;4_4&#8243; _builder_version=&#8221;4.16&#8243; global_colors_info=&#8221;{}&#8221;][et_pb_button button_url=&#8221;https:\/\/scuba-legends.com\/de\/kontakt\/&#8221; button_text=&#8221;Kontaktiere uns&#8221; button_alignment=&#8221;center&#8221; _builder_version=&#8221;4.16&#8243; custom_button=&#8221;on&#8221; button_text_size=&#8221;15px&#8221; button_text_color=&#8221;#ffffff&#8221; button_bg_color=&#8221;#0db4d5&#8243; button_border_color=&#8221;rgba(0,0,0,0)&#8221; global_colors_info=&#8221;{}&#8221; locked=&#8221;off&#8221;][\/et_pb_button][\/et_pb_column][\/et_pb_row][\/et_pb_section][et_pb_section fb_built=&#8221;1&#8243; fullwidth=&#8221;on&#8221; _builder_version=&#8221;4.16&#8243; global_colors_info=&#8221;{}&#8221;][et_pb_fullwidth_header text_orientation=&#8221;center&#8221; button_one_text=&#8221;Mehr Infos &#8221; button_one_url=&#8221;https:\/\/scuba-legends.com\/de\/kontakt\/&#8221; button_two_text=&#8221;Reservierung&#8221; button_two_url=&#8221;https:\/\/scuba-legends.com\/de\/buchung\/&#8221; _builder_version=&#8221;4.16&#8243; title_level=&#8221;h3&#8243; background_image=&#8221;https:\/\/scuba-legends.com\/wp-content\/uploads\/2020\/08\/Hazlo-epico-1.jpg&#8221; custom_button_one=&#8221;on&#8221; button_one_text_size=&#8221;16px&#8221; button_one_custom_margin=&#8221;||||false|false&#8221; custom_button_two=&#8221;on&#8221; button_two_text_size=&#8221;16px&#8221; text_shadow_style=&#8221;preset3&#8243; global_colors_info=&#8221;{}&#8221;]<\/p>\n<h2 style=\"text-align: center;\"><strong>Private Tauchlehrer und Tauchguides \u2013 Mach\u2019s episch!<\/strong><\/h2>\n<p style=\"text-align: center;\">Pers\u00f6nlicher VIP-Service f\u00fcr Dich allein (oder mit Deiner Familie und Freunden) gew\u00fcnscht? Wir bieten Dir unseren exklusiven privaten Tauchservice in Puerto del Carmen, Lanzarote, an. <br \/>Wir passen Dein Taucherlebnis an Deine Bed\u00fcrfnisse und Zeiten an.<\/p>\n<p>[\/et_pb_fullwidth_header][\/et_pb_section]<\/p>\n","protected":false},"excerpt":{"rendered":"<p>MAKE IT LEGENDARYWerde eine der gro\u00dfen Legenden des technischen TauchensM\u00f6chtest Du ein Experte f\u00fcr technisches Tauchen werden und bist davon \u00fcberzeugt, dass nichts au\u00dferhalb Deiner Reichweite liegt? Lerne mit den besten und leidenschaftlichsten Tauchlehrern in Puerto del Carmen auf Lanzarote. Der PADI Tec 50 Kurs (fr\u00fcher: Tec Deep Diver) ist die h\u00f6chste Zertifizierung, die ein [&hellip;]<\/p>\n","protected":false},"author":2,"featured_media":0,"parent":0,"menu_order":140,"comment_status":"closed","ping_status":"closed","template":"","meta":{"_acf_changed":false,"_et_pb_use_builder":"on","_et_pb_old_content":"","_et_gb_content_width":"","footnotes":""},"class_list":["post-6363","page","type-page","status-publish","hentry"],"acf":[],"yoast_head":"<!-- This site is optimized with the Yoast SEO plugin v27.4 - https:\/\/yoast.com\/product\/yoast-seo-wordpress\/ -->\n<title>PADI Tec 50 - Scuba Legends<\/title>\n<meta name=\"robots\" content=\"index, follow, max-snippet:-1, max-image-preview:large, max-video-preview:-1\" \/>\n<link rel=\"canonical\" href=\"https:\/\/scuba-legends.com\/de\/padi-tec-50\/\" \/>\n<meta property=\"og:locale\" content=\"de_DE\" \/>\n<meta property=\"og:type\" content=\"article\" \/>\n<meta property=\"og:title\" content=\"PADI Tec 50 - Scuba Legends\" \/>\n<meta property=\"og:description\" content=\"MAKE IT LEGENDARYWerde eine der gro\u00dfen Legenden des technischen TauchensM\u00f6chtest Du ein Experte f\u00fcr technisches Tauchen werden und bist davon \u00fcberzeugt, dass nichts au\u00dferhalb Deiner Reichweite liegt? Lerne mit den besten und leidenschaftlichsten Tauchlehrern in Puerto del Carmen auf Lanzarote. Der PADI Tec 50 Kurs (fr\u00fcher: Tec Deep Diver) ist die h\u00f6chste Zertifizierung, die ein [&hellip;]\" \/>\n<meta property=\"og:url\" content=\"https:\/\/scuba-legends.com\/de\/padi-tec-50\/\" \/>\n<meta property=\"og:site_name\" content=\"Scuba Legends\" \/>\n<meta property=\"article:publisher\" content=\"https:\/\/www.facebook.com\/ScubaLegends\/\" \/>\n<meta property=\"article:modified_time\" content=\"2025-04-24T11:33:07+00:00\" \/>\n<meta property=\"og:image\" content=\"https:\/\/scuba-legends.com\/wp-content\/uploads\/2020\/01\/scuba_legend_logo_new1.png\" \/>\n\t<meta property=\"og:image:width\" content=\"150\" \/>\n\t<meta property=\"og:image:height\" content=\"150\" \/>\n\t<meta property=\"og:image:type\" content=\"image\/png\" \/>\n<meta name=\"twitter:card\" content=\"summary_large_image\" \/>\n<meta name=\"twitter:site\" content=\"@scubalegends\" \/>\n<meta name=\"twitter:label1\" content=\"Gesch\u00e4tzte Lesezeit\" \/>\n\t<meta name=\"twitter:data1\" content=\"2\u00a0Minuten\" \/>\n<script type=\"application\/ld+json\" class=\"yoast-schema-graph\">{\"@context\":\"https:\\\/\\\/schema.org\",\"@graph\":[{\"@type\":\"WebPage\",\"@id\":\"https:\\\/\\\/scuba-legends.com\\\/de\\\/padi-tec-50\\\/\",\"url\":\"https:\\\/\\\/scuba-legends.com\\\/de\\\/padi-tec-50\\\/\",\"name\":\"PADI Tec 50 - Scuba Legends\",\"isPartOf\":{\"@id\":\"https:\\\/\\\/scuba-legends.com\\\/de\\\/#website\"},\"datePublished\":\"2020-09-30T12:16:42+00:00\",\"dateModified\":\"2025-04-24T11:33:07+00:00\",\"breadcrumb\":{\"@id\":\"https:\\\/\\\/scuba-legends.com\\\/de\\\/padi-tec-50\\\/#breadcrumb\"},\"inLanguage\":\"de\",\"potentialAction\":[{\"@type\":\"ReadAction\",\"target\":[\"https:\\\/\\\/scuba-legends.com\\\/de\\\/padi-tec-50\\\/\"]}]},{\"@type\":\"BreadcrumbList\",\"@id\":\"https:\\\/\\\/scuba-legends.com\\\/de\\\/padi-tec-50\\\/#breadcrumb\",\"itemListElement\":[{\"@type\":\"ListItem\",\"position\":1,\"name\":\"Scuba Legends\",\"item\":\"https:\\\/\\\/scuba-legends.com\\\/de\\\/\"},{\"@type\":\"ListItem\",\"position\":2,\"name\":\"PADI Tec 50\"}]},{\"@type\":\"WebSite\",\"@id\":\"https:\\\/\\\/scuba-legends.com\\\/de\\\/#website\",\"url\":\"https:\\\/\\\/scuba-legends.com\\\/de\\\/\",\"name\":\"Scuba Legends\",\"description\":\"Dive Center Lanzarote\",\"publisher\":{\"@id\":\"https:\\\/\\\/scuba-legends.com\\\/de\\\/#organization\"},\"potentialAction\":[{\"@type\":\"SearchAction\",\"target\":{\"@type\":\"EntryPoint\",\"urlTemplate\":\"https:\\\/\\\/scuba-legends.com\\\/de\\\/?s={search_term_string}\"},\"query-input\":{\"@type\":\"PropertyValueSpecification\",\"valueRequired\":true,\"valueName\":\"search_term_string\"}}],\"inLanguage\":\"de\"},{\"@type\":\"Organization\",\"@id\":\"https:\\\/\\\/scuba-legends.com\\\/de\\\/#organization\",\"name\":\"Scuba Legends Dive Center Lanzarote\",\"url\":\"https:\\\/\\\/scuba-legends.com\\\/de\\\/\",\"logo\":{\"@type\":\"ImageObject\",\"inLanguage\":\"de\",\"@id\":\"https:\\\/\\\/scuba-legends.com\\\/de\\\/#\\\/schema\\\/logo\\\/image\\\/\",\"url\":\"https:\\\/\\\/scuba-legends.com\\\/wp-content\\\/uploads\\\/2020\\\/01\\\/scuba_legends_favicon.png\",\"contentUrl\":\"https:\\\/\\\/scuba-legends.com\\\/wp-content\\\/uploads\\\/2020\\\/01\\\/scuba_legends_favicon.png\",\"width\":512,\"height\":512,\"caption\":\"Scuba Legends Dive Center Lanzarote\"},\"image\":{\"@id\":\"https:\\\/\\\/scuba-legends.com\\\/de\\\/#\\\/schema\\\/logo\\\/image\\\/\"},\"sameAs\":[\"https:\\\/\\\/www.facebook.com\\\/ScubaLegends\\\/\",\"https:\\\/\\\/x.com\\\/scubalegends\",\"https:\\\/\\\/www.instagram.com\\\/scuba_legends\\\/\",\"https:\\\/\\\/www.youtube.com\\\/channel\\\/UCUjHU7Mmii5SfLoodxNZmqQ\"]}]}<\/script>\n<!-- \/ Yoast SEO plugin. -->","yoast_head_json":{"title":"PADI Tec 50 - Scuba Legends","robots":{"index":"index","follow":"follow","max-snippet":"max-snippet:-1","max-image-preview":"max-image-preview:large","max-video-preview":"max-video-preview:-1"},"canonical":"https:\/\/scuba-legends.com\/de\/padi-tec-50\/","og_locale":"de_DE","og_type":"article","og_title":"PADI Tec 50 - Scuba Legends","og_description":"MAKE IT LEGENDARYWerde eine der gro\u00dfen Legenden des technischen TauchensM\u00f6chtest Du ein Experte f\u00fcr technisches Tauchen werden und bist davon \u00fcberzeugt, dass nichts au\u00dferhalb Deiner Reichweite liegt? Lerne mit den besten und leidenschaftlichsten Tauchlehrern in Puerto del Carmen auf Lanzarote. Der PADI Tec 50 Kurs (fr\u00fcher: Tec Deep Diver) ist die h\u00f6chste Zertifizierung, die ein [&hellip;]","og_url":"https:\/\/scuba-legends.com\/de\/padi-tec-50\/","og_site_name":"Scuba Legends","article_publisher":"https:\/\/www.facebook.com\/ScubaLegends\/","article_modified_time":"2025-04-24T11:33:07+00:00","og_image":[{"width":150,"height":150,"url":"https:\/\/scuba-legends.com\/wp-content\/uploads\/2020\/01\/scuba_legend_logo_new1.png","type":"image\/png"}],"twitter_card":"summary_large_image","twitter_site":"@scubalegends","twitter_misc":{"Gesch\u00e4tzte Lesezeit":"2\u00a0Minuten"},"schema":{"@context":"https:\/\/schema.org","@graph":[{"@type":"WebPage","@id":"https:\/\/scuba-legends.com\/de\/padi-tec-50\/","url":"https:\/\/scuba-legends.com\/de\/padi-tec-50\/","name":"PADI Tec 50 - Scuba Legends","isPartOf":{"@id":"https:\/\/scuba-legends.com\/de\/#website"},"datePublished":"2020-09-30T12:16:42+00:00","dateModified":"2025-04-24T11:33:07+00:00","breadcrumb":{"@id":"https:\/\/scuba-legends.com\/de\/padi-tec-50\/#breadcrumb"},"inLanguage":"de","potentialAction":[{"@type":"ReadAction","target":["https:\/\/scuba-legends.com\/de\/padi-tec-50\/"]}]},{"@type":"BreadcrumbList","@id":"https:\/\/scuba-legends.com\/de\/padi-tec-50\/#breadcrumb","itemListElement":[{"@type":"ListItem","position":1,"name":"Scuba Legends","item":"https:\/\/scuba-legends.com\/de\/"},{"@type":"ListItem","position":2,"name":"PADI Tec 50"}]},{"@type":"WebSite","@id":"https:\/\/scuba-legends.com\/de\/#website","url":"https:\/\/scuba-legends.com\/de\/","name":"Scuba Legends","description":"Dive Center Lanzarote","publisher":{"@id":"https:\/\/scuba-legends.com\/de\/#organization"},"potentialAction":[{"@type":"SearchAction","target":{"@type":"EntryPoint","urlTemplate":"https:\/\/scuba-legends.com\/de\/?s={search_term_string}"},"query-input":{"@type":"PropertyValueSpecification","valueRequired":true,"valueName":"search_term_string"}}],"inLanguage":"de"},{"@type":"Organization","@id":"https:\/\/scuba-legends.com\/de\/#organization","name":"Scuba Legends Dive Center Lanzarote","url":"https:\/\/scuba-legends.com\/de\/","logo":{"@type":"ImageObject","inLanguage":"de","@id":"https:\/\/scuba-legends.com\/de\/#\/schema\/logo\/image\/","url":"https:\/\/scuba-legends.com\/wp-content\/uploads\/2020\/01\/scuba_legends_favicon.png","contentUrl":"https:\/\/scuba-legends.com\/wp-content\/uploads\/2020\/01\/scuba_legends_favicon.png","width":512,"height":512,"caption":"Scuba Legends Dive Center Lanzarote"},"image":{"@id":"https:\/\/scuba-legends.com\/de\/#\/schema\/logo\/image\/"},"sameAs":["https:\/\/www.facebook.com\/ScubaLegends\/","https:\/\/x.com\/scubalegends","https:\/\/www.instagram.com\/scuba_legends\/","https:\/\/www.youtube.com\/channel\/UCUjHU7Mmii5SfLoodxNZmqQ"]}]}},"_links":{"self":[{"href":"https:\/\/scuba-legends.com\/de\/wp-json\/wp\/v2\/pages\/6363","targetHints":{"allow":["GET"]}}],"collection":[{"href":"https:\/\/scuba-legends.com\/de\/wp-json\/wp\/v2\/pages"}],"about":[{"href":"https:\/\/scuba-legends.com\/de\/wp-json\/wp\/v2\/types\/page"}],"author":[{"embeddable":true,"href":"https:\/\/scuba-legends.com\/de\/wp-json\/wp\/v2\/users\/2"}],"replies":[{"embeddable":true,"href":"https:\/\/scuba-legends.com\/de\/wp-json\/wp\/v2\/comments?post=6363"}],"version-history":[{"count":8,"href":"https:\/\/scuba-legends.com\/de\/wp-json\/wp\/v2\/pages\/6363\/revisions"}],"predecessor-version":[{"id":19361,"href":"https:\/\/scuba-legends.com\/de\/wp-json\/wp\/v2\/pages\/6363\/revisions\/19361"}],"wp:attachment":[{"href":"https:\/\/scuba-legends.com\/de\/wp-json\/wp\/v2\/media?parent=6363"}],"curies":[{"name":"wp","href":"https:\/\/api.w.org\/{rel}","templated":true}]}}