{"id":6330,"date":"2020-09-30T11:07:38","date_gmt":"2020-09-30T11:07:38","guid":{"rendered":"https:\/\/scuba-legends.com\/padi-tauchlehrer-assistent\/"},"modified":"2022-11-10T12:49:24","modified_gmt":"2022-11-10T12:49:24","slug":"padi-tauchlehrer-assistent","status":"publish","type":"page","link":"https:\/\/scuba-legends.com\/de\/padi-tauchlehrer-assistent\/","title":{"rendered":"PADI Tauchlehrer Assistent"},"content":{"rendered":"<p>[et_pb_section fb_built=&#8221;1&#8243; fullwidth=&#8221;on&#8221; module_id=&#8221;spheader-section&#8221; _builder_version=&#8221;4.0.9&#8243;][et_pb_fullwidth_header title=&#8221;PADI Tauchlehrer Assistent (AI)&#8221; _builder_version=&#8221;4.0.9&#8243; title_text_align=&#8221;left&#8221; title_font_size=&#8221;54px&#8221; subhead_font=&#8221;|||on|||||&#8221; background_image=&#8221;https:\/\/scuba-legends.com\/wp-content\/uploads\/2020\/09\/26-Assistant-1280&#215;900-1.jpg&#8221; width=&#8221;100%&#8221; module_alignment=&#8221;center&#8221; custom_padding=&#8221;80px||80px||true|&#8221; title_font_size_tablet=&#8221;44px&#8221; background_last_edited=&#8221;on|desktop&#8221; custom_css_main_element=&#8221;background-position: center -240px;&#8221; custom_css_title=&#8221;order: 2;&#8221; custom_css_subtitle=&#8221;order: 1;&#8221; custom_css_main_element_last_edited=&#8221;on|tablet&#8221; custom_css_main_element_tablet=&#8221;background-position: center -70px;&#8221; custom_css_main_element_phone=&#8221;background-position: center center;&#8221;]MAKE IT LEGENDARY[\/et_pb_fullwidth_header][\/et_pb_section][et_pb_section fb_built=&#8221;1&#8243; _builder_version=&#8221;4.0.9&#8243; custom_margin=&#8221;-50px||||false|false&#8221;][et_pb_row _builder_version=&#8221;4.0.9&#8243;][et_pb_column type=&#8221;4_4&#8243; _builder_version=&#8221;4.0.9&#8243;][et_pb_text _builder_version=&#8221;4.0.9&#8243; text_font_size=&#8221;18px&#8221; custom_margin=&#8221;-20px||||false|false&#8221;]<\/p>\n<h2 style=\"text-align: center; color: #0db4d5;\">Wo nur wenige ankommen. Lerne mit den Besten <\/h2>\n<p>[\/et_pb_text][et_pb_text _builder_version=&#8221;4.0.9&#8243; hover_enabled=&#8221;0&#8243; admin_label=&#8221;Text&#8221;]<\/p>\n<p>Teilen Deine Leidenschaft mit anderen Ozeanliebhabern und bereite ihnen ein einzigartiges Erlebnis.<\/p>\n<p>Der PADI Tauchlehrer Assistent oder Assistent Instructor (AI) ist der erste Teil des PADI Open Water Scuba Instructor Kurses (OWSI).<\/p>\n<p>Als zertifizierter Tauchlehrer Assistent im aktiven Lehrstatus kannst Du unter direkter Aufsicht eines Tauchlehrers erste \u00dcbungen zur Entwicklung von Wissen und F\u00e4higkeiten w\u00e4hrend Tauchg\u00e4ngen in flachem Wasser pr\u00e4sentieren sowie Open Water \u00dcbungen w\u00e4hrend des Open Water Diver Kurses durchf\u00fchren.<\/p>\n<p>Um ein PADI Tauchlehrer Assistent zu werden, musst Du am Instructor Development Course (IDC) teilnehmen, der in zwei Teile unterteilt ist:<\/p>\n<ul>\n<li>Tauchlehrer Assistent Kurs (AI): 2-3<\/li>\n<li>Open Water Scuba Instructor Programm (OWSI): 5-7 Tage<\/li>\n<\/ul>\n<p>Die meisten Tauchprofis absolvieren das komplette IDC und nehmen dann an der Abschlusspr\u00fcfung teil, dem Instructor Exam (IE).<\/p>\n<p>Die IE- oder Tauchlehrer Pr\u00fcfung ist ein zweit\u00e4giges Bewertungsprogramm, bei dem die Kandidaten auf ihre Lehrf\u00e4higkeiten, theoretischen Kenntnisse und Tauchf\u00e4higkeiten hin bewertet werden. Du musst die Kontrolle \u00fcber Deine F\u00e4higkeiten nachweisen, Deine Professionalit\u00e4t und eine gute Einstellung sowie die Kenntnisse der PADI Standards unter Beweis stellen.<\/p>\n<p>Das Tauchlehrer Exam (IE) wird von PADI durchgef\u00fchrt, daher wird f\u00fcr die Verwaltung und Zertifizierung eine zus\u00e4tzliche Geb\u00fchr sowie der Mitgliedsbeitrag direkt an PADI gezahlt. Kontaktieren uns f\u00fcr weitere Informationen.<\/p>\n<p>Wenn Du nur einen begrenzten Zeitraum zur Verf\u00fcgung hast kannst Du das IDC in zwei Abschnitte aufteilen. Der erste ist der Assistant Instructor Kurs (AI). Sobald Du fertig bist, kannst Du das OWSI-Programm abschlie\u00dfen, und dann die IE-Pr\u00fcfung ablegen.<\/p>\n<p>Um den Tauchlehrer Assistenten Kurs zu beginnen, musst Du mindestens ein zertifizierter Divemaster (oder h\u00f6her) sein und mindestens 60 protokollierte Tauchg\u00e4nge haben (100, um am IE teilzunehmen). Au\u00dferdem musst du innerhalb der letzten 24 Monate einen g\u00fcltigen Erste-Hilfe-Kurs (EFR) abgeschlossen haben.<\/p>\n<p>[\/et_pb_text][\/et_pb_column][\/et_pb_row][\/et_pb_section][et_pb_section fb_built=&#8221;1&#8243; _builder_version=&#8221;4.0.9&#8243;][et_pb_row _builder_version=&#8221;4.0.9&#8243; background_color=&#8221;#212121&#8243; custom_margin=&#8221;-30px||||false|false&#8221;][et_pb_column type=&#8221;4_4&#8243; _builder_version=&#8221;4.0.9&#8243;][et_pb_divider color=&#8221;#ffffff&#8221; _builder_version=&#8221;4.0.9&#8243; width=&#8221;50%&#8221; module_alignment=&#8221;center&#8221;][\/et_pb_divider][et_pb_text _builder_version=&#8221;4.0.9&#8243; text_text_color=&#8221;#0db4d5&#8243; text_font_size=&#8221;20px&#8221; text_line_height=&#8221;1em&#8221; custom_padding=&#8221;|30px||30px|false|false&#8221;]<\/p>\n<p style=\"text-align: center;\"><span style=\"color: white;\">Mit PADI eLearning <\/span>kannst Du die Theorie bequem zu Hause absolvieren. So kannst du Dich bei Ankunft auf Lanzarote voll auf\u2019s Tauchen und Erholung konzentrieren und deine Urlaubszeit bestm\u00f6glich auskosten. Es entstehen keine zus\u00e4tzlichen Kosten.<\/p>\n<p>[\/et_pb_text][et_pb_button button_url=&#8221;https:\/\/scuba-legends.com\/de\/kontakt\/&#8221; button_text=&#8221;Mehr Infos &#8221; button_alignment=&#8221;center&#8221; _builder_version=&#8221;4.0.9&#8243; custom_button=&#8221;on&#8221; button_text_size=&#8221;16px&#8221; button_text_color=&#8221;#ffffff&#8221; button_bg_color=&#8221;#0db4d5&#8243; button_border_color=&#8221;rgba(0,0,0,0)&#8221; animation_style=&#8221;bounce&#8221;][\/et_pb_button][\/et_pb_column][\/et_pb_row][\/et_pb_section][et_pb_section fb_built=&#8221;1&#8243; _builder_version=&#8221;4.0.9&#8243; custom_margin=&#8221;-50px||||false|false&#8221;][et_pb_row _builder_version=&#8221;4.0.9&#8243; custom_margin=&#8221;-20px||||false|false&#8221;][et_pb_column type=&#8221;4_4&#8243; _builder_version=&#8221;4.0.9&#8243;][et_pb_text _builder_version=&#8221;4.0.9&#8243; text_font_size=&#8221;18px&#8221; custom_margin=&#8221;-20px||||false|false&#8221;]<\/p>\n<h2 style=\"text-align: center; color: #0db4d5;\">Was beinhaltet der Kurs zum PADI Tauchlehrer Assistenten?<\/h2>\n<p>[\/et_pb_text][et_pb_text _builder_version=&#8221;4.0.9&#8243;]W\u00e4hrend des Programms wird Dir Dein PADI IDC STAFF Instructor und \/ oder der Course Director beibringen, wie Du die PADI Kurse ausf\u00fchrst und unterrichtest. Du lernst, das Tauchen zu unterrichten, Kurse zu organisieren und zu pr\u00e4sentieren, Skills-Sessions durchzuf\u00fchren und Tauchg\u00e4nge zu beaufsichtigen.<\/p>\n<p>Die Hauptthemen sind die PADI Standards und Verfahren, das Lern- und Lehrsystem sowie das Risikomanagement und die Sicherheit von Tauchern<\/p>\n<p>Du wirst die Tauchindustrie und Deine Rolle und Verantwortung als Tauchlehrer besser verstehen lernen. Au\u00dferdem erh\u00e4ltst Du auch Marketing- und Verkaufsberatung f\u00fcr das Tauchen.[\/et_pb_text][et_pb_text _builder_version=&#8221;4.0.9&#8243;]<\/p>\n<ul>\n<li><strong>Dauer<\/strong>: 2 \u2013 3 Tage + eLearning<\/li>\n<li><strong>Mindestvoraussetzungen<\/strong>:\n<ul>\n<li>Mindestalter 18 Jahre<\/li>\n<li>PADI Divemaster<\/li>\n<li>60 geloggte Tauchg\u00e4nge<\/li>\n<li>G\u00fcltige Erste-Hilfe Qualifikation innerhalb der letzten 24 Monate<\/li>\n<li>Gesundheitlich fit zum Tauchen<\/li>\n<\/ul>\n<\/li>\n<li><strong>Preis: <\/strong>Auf Anfrage<\/li>\n<\/ul>\n<p>[\/et_pb_text][\/et_pb_column][\/et_pb_row][\/et_pb_section][et_pb_section fb_built=&#8221;1&#8243; _builder_version=&#8221;4.0.9&#8243; custom_margin=&#8221;-130px||||false|false&#8221;][et_pb_row _builder_version=&#8221;4.0.9&#8243;][et_pb_column type=&#8221;4_4&#8243; _builder_version=&#8221;4.0.9&#8243;][et_pb_button button_url=&#8221;https:\/\/scuba-legends.com\/de\/kontakt\/&#8221; button_text=&#8221;Kontaktiere uns&#8221; button_alignment=&#8221;center&#8221; _builder_version=&#8221;4.0.9&#8243; custom_button=&#8221;on&#8221; button_text_size=&#8221;15px&#8221; button_text_color=&#8221;#ffffff&#8221; button_bg_color=&#8221;#0db4d5&#8243; button_border_color=&#8221;rgba(0,0,0,0)&#8221;][\/et_pb_button][\/et_pb_column][\/et_pb_row][\/et_pb_section][et_pb_section fb_built=&#8221;1&#8243; fullwidth=&#8221;on&#8221; _builder_version=&#8221;3.22&#8243;][et_pb_fullwidth_header text_orientation=&#8221;center&#8221; button_one_text=&#8221;Mehr Infos &#8221; button_one_url=&#8221;https:\/\/scuba-legends.com\/de\/kontakt\/&#8221; button_two_text=&#8221;Reservierung&#8221; button_two_url=&#8221;https:\/\/scuba-legends.com\/de\/buchung\/&#8221; _builder_version=&#8221;4.0.9&#8243; title_level=&#8221;h3&#8243; background_image=&#8221;https:\/\/scuba-legends.com\/wp-content\/uploads\/2020\/08\/Hazlo-epico-1.jpg&#8221; custom_button_one=&#8221;on&#8221; button_one_text_size=&#8221;16px&#8221; button_one_custom_margin=&#8221;||||false|false&#8221; custom_button_two=&#8221;on&#8221; button_two_text_size=&#8221;16px&#8221; text_shadow_style=&#8221;preset3&#8243;]<\/p>\n<h2 style=\"text-align: center;\"><strong>Mach\u2019s episch!<\/strong><\/h2>\n<p style=\"text-align: center;\">Mit einem Tauchlehrer nur f\u00fcr Dich.<\/p>\n<p>[\/et_pb_fullwidth_header][\/et_pb_section]<\/p>\n","protected":false},"excerpt":{"rendered":"<p>MAKE IT LEGENDARYWo nur wenige ankommen. Lerne mit den Besten Teilen Deine Leidenschaft mit anderen Ozeanliebhabern und bereite ihnen ein einzigartiges Erlebnis. Der PADI Tauchlehrer Assistent oder Assistent Instructor (AI) ist der erste Teil des PADI Open Water Scuba Instructor Kurses (OWSI). Als zertifizierter Tauchlehrer Assistent im aktiven Lehrstatus kannst Du unter direkter Aufsicht eines [&hellip;]<\/p>\n","protected":false},"author":2,"featured_media":0,"parent":0,"menu_order":145,"comment_status":"closed","ping_status":"closed","template":"","meta":{"_acf_changed":false,"_et_pb_use_builder":"on","_et_pb_old_content":"","_et_gb_content_width":"","footnotes":""},"class_list":["post-6330","page","type-page","status-publish","hentry"],"acf":[],"yoast_head":"<!-- This site is optimized with the Yoast SEO plugin v27.3 - https:\/\/yoast.com\/product\/yoast-seo-wordpress\/ -->\n<title>PADI Tauchlehrer Assistent - Scuba Legends<\/title>\n<meta name=\"robots\" content=\"index, follow, max-snippet:-1, max-image-preview:large, max-video-preview:-1\" \/>\n<link rel=\"canonical\" href=\"https:\/\/scuba-legends.com\/de\/padi-tauchlehrer-assistent\/\" \/>\n<meta property=\"og:locale\" content=\"de_DE\" \/>\n<meta property=\"og:type\" content=\"article\" \/>\n<meta property=\"og:title\" content=\"PADI Tauchlehrer Assistent - Scuba Legends\" \/>\n<meta property=\"og:description\" content=\"MAKE IT LEGENDARYWo nur wenige ankommen. Lerne mit den Besten Teilen Deine Leidenschaft mit anderen Ozeanliebhabern und bereite ihnen ein einzigartiges Erlebnis. Der PADI Tauchlehrer Assistent oder Assistent Instructor (AI) ist der erste Teil des PADI Open Water Scuba Instructor Kurses (OWSI). Als zertifizierter Tauchlehrer Assistent im aktiven Lehrstatus kannst Du unter direkter Aufsicht eines [&hellip;]\" \/>\n<meta property=\"og:url\" content=\"https:\/\/scuba-legends.com\/de\/padi-tauchlehrer-assistent\/\" \/>\n<meta property=\"og:site_name\" content=\"Scuba Legends\" \/>\n<meta property=\"article:publisher\" content=\"https:\/\/www.facebook.com\/ScubaLegends\/\" \/>\n<meta property=\"article:modified_time\" content=\"2022-11-10T12:49:24+00:00\" \/>\n<meta property=\"og:image\" content=\"https:\/\/scuba-legends.com\/wp-content\/uploads\/2020\/01\/scuba_legend_logo_new1.png\" \/>\n\t<meta property=\"og:image:width\" content=\"150\" \/>\n\t<meta property=\"og:image:height\" content=\"150\" \/>\n\t<meta property=\"og:image:type\" content=\"image\/png\" \/>\n<meta name=\"twitter:card\" content=\"summary_large_image\" \/>\n<meta name=\"twitter:site\" content=\"@scubalegends\" \/>\n<meta name=\"twitter:label1\" content=\"Gesch\u00e4tzte Lesezeit\" \/>\n\t<meta name=\"twitter:data1\" content=\"4\u00a0Minuten\" \/>\n<script type=\"application\/ld+json\" class=\"yoast-schema-graph\">{\"@context\":\"https:\\\/\\\/schema.org\",\"@graph\":[{\"@type\":\"WebPage\",\"@id\":\"https:\\\/\\\/scuba-legends.com\\\/de\\\/padi-tauchlehrer-assistent\\\/\",\"url\":\"https:\\\/\\\/scuba-legends.com\\\/de\\\/padi-tauchlehrer-assistent\\\/\",\"name\":\"PADI Tauchlehrer Assistent - Scuba Legends\",\"isPartOf\":{\"@id\":\"https:\\\/\\\/scuba-legends.com\\\/de\\\/#website\"},\"datePublished\":\"2020-09-30T11:07:38+00:00\",\"dateModified\":\"2022-11-10T12:49:24+00:00\",\"breadcrumb\":{\"@id\":\"https:\\\/\\\/scuba-legends.com\\\/de\\\/padi-tauchlehrer-assistent\\\/#breadcrumb\"},\"inLanguage\":\"de\",\"potentialAction\":[{\"@type\":\"ReadAction\",\"target\":[\"https:\\\/\\\/scuba-legends.com\\\/de\\\/padi-tauchlehrer-assistent\\\/\"]}]},{\"@type\":\"BreadcrumbList\",\"@id\":\"https:\\\/\\\/scuba-legends.com\\\/de\\\/padi-tauchlehrer-assistent\\\/#breadcrumb\",\"itemListElement\":[{\"@type\":\"ListItem\",\"position\":1,\"name\":\"Scuba Legends\",\"item\":\"https:\\\/\\\/scuba-legends.com\\\/de\\\/\"},{\"@type\":\"ListItem\",\"position\":2,\"name\":\"PADI Tauchlehrer Assistent\"}]},{\"@type\":\"WebSite\",\"@id\":\"https:\\\/\\\/scuba-legends.com\\\/de\\\/#website\",\"url\":\"https:\\\/\\\/scuba-legends.com\\\/de\\\/\",\"name\":\"Scuba Legends\",\"description\":\"Dive Center Lanzarote\",\"publisher\":{\"@id\":\"https:\\\/\\\/scuba-legends.com\\\/de\\\/#organization\"},\"potentialAction\":[{\"@type\":\"SearchAction\",\"target\":{\"@type\":\"EntryPoint\",\"urlTemplate\":\"https:\\\/\\\/scuba-legends.com\\\/de\\\/?s={search_term_string}\"},\"query-input\":{\"@type\":\"PropertyValueSpecification\",\"valueRequired\":true,\"valueName\":\"search_term_string\"}}],\"inLanguage\":\"de\"},{\"@type\":\"Organization\",\"@id\":\"https:\\\/\\\/scuba-legends.com\\\/de\\\/#organization\",\"name\":\"Scuba Legends Dive Center Lanzarote\",\"url\":\"https:\\\/\\\/scuba-legends.com\\\/de\\\/\",\"logo\":{\"@type\":\"ImageObject\",\"inLanguage\":\"de\",\"@id\":\"https:\\\/\\\/scuba-legends.com\\\/de\\\/#\\\/schema\\\/logo\\\/image\\\/\",\"url\":\"https:\\\/\\\/scuba-legends.com\\\/wp-content\\\/uploads\\\/2020\\\/01\\\/scuba_legends_favicon.png\",\"contentUrl\":\"https:\\\/\\\/scuba-legends.com\\\/wp-content\\\/uploads\\\/2020\\\/01\\\/scuba_legends_favicon.png\",\"width\":512,\"height\":512,\"caption\":\"Scuba Legends Dive Center Lanzarote\"},\"image\":{\"@id\":\"https:\\\/\\\/scuba-legends.com\\\/de\\\/#\\\/schema\\\/logo\\\/image\\\/\"},\"sameAs\":[\"https:\\\/\\\/www.facebook.com\\\/ScubaLegends\\\/\",\"https:\\\/\\\/x.com\\\/scubalegends\",\"https:\\\/\\\/www.instagram.com\\\/scuba_legends\\\/\",\"https:\\\/\\\/www.youtube.com\\\/channel\\\/UCUjHU7Mmii5SfLoodxNZmqQ\"]}]}<\/script>\n<!-- \/ Yoast SEO plugin. -->","yoast_head_json":{"title":"PADI Tauchlehrer Assistent - Scuba Legends","robots":{"index":"index","follow":"follow","max-snippet":"max-snippet:-1","max-image-preview":"max-image-preview:large","max-video-preview":"max-video-preview:-1"},"canonical":"https:\/\/scuba-legends.com\/de\/padi-tauchlehrer-assistent\/","og_locale":"de_DE","og_type":"article","og_title":"PADI Tauchlehrer Assistent - Scuba Legends","og_description":"MAKE IT LEGENDARYWo nur wenige ankommen. Lerne mit den Besten Teilen Deine Leidenschaft mit anderen Ozeanliebhabern und bereite ihnen ein einzigartiges Erlebnis. Der PADI Tauchlehrer Assistent oder Assistent Instructor (AI) ist der erste Teil des PADI Open Water Scuba Instructor Kurses (OWSI). Als zertifizierter Tauchlehrer Assistent im aktiven Lehrstatus kannst Du unter direkter Aufsicht eines [&hellip;]","og_url":"https:\/\/scuba-legends.com\/de\/padi-tauchlehrer-assistent\/","og_site_name":"Scuba Legends","article_publisher":"https:\/\/www.facebook.com\/ScubaLegends\/","article_modified_time":"2022-11-10T12:49:24+00:00","og_image":[{"width":150,"height":150,"url":"https:\/\/scuba-legends.com\/wp-content\/uploads\/2020\/01\/scuba_legend_logo_new1.png","type":"image\/png"}],"twitter_card":"summary_large_image","twitter_site":"@scubalegends","twitter_misc":{"Gesch\u00e4tzte Lesezeit":"4\u00a0Minuten"},"schema":{"@context":"https:\/\/schema.org","@graph":[{"@type":"WebPage","@id":"https:\/\/scuba-legends.com\/de\/padi-tauchlehrer-assistent\/","url":"https:\/\/scuba-legends.com\/de\/padi-tauchlehrer-assistent\/","name":"PADI Tauchlehrer Assistent - Scuba Legends","isPartOf":{"@id":"https:\/\/scuba-legends.com\/de\/#website"},"datePublished":"2020-09-30T11:07:38+00:00","dateModified":"2022-11-10T12:49:24+00:00","breadcrumb":{"@id":"https:\/\/scuba-legends.com\/de\/padi-tauchlehrer-assistent\/#breadcrumb"},"inLanguage":"de","potentialAction":[{"@type":"ReadAction","target":["https:\/\/scuba-legends.com\/de\/padi-tauchlehrer-assistent\/"]}]},{"@type":"BreadcrumbList","@id":"https:\/\/scuba-legends.com\/de\/padi-tauchlehrer-assistent\/#breadcrumb","itemListElement":[{"@type":"ListItem","position":1,"name":"Scuba Legends","item":"https:\/\/scuba-legends.com\/de\/"},{"@type":"ListItem","position":2,"name":"PADI Tauchlehrer Assistent"}]},{"@type":"WebSite","@id":"https:\/\/scuba-legends.com\/de\/#website","url":"https:\/\/scuba-legends.com\/de\/","name":"Scuba Legends","description":"Dive Center Lanzarote","publisher":{"@id":"https:\/\/scuba-legends.com\/de\/#organization"},"potentialAction":[{"@type":"SearchAction","target":{"@type":"EntryPoint","urlTemplate":"https:\/\/scuba-legends.com\/de\/?s={search_term_string}"},"query-input":{"@type":"PropertyValueSpecification","valueRequired":true,"valueName":"search_term_string"}}],"inLanguage":"de"},{"@type":"Organization","@id":"https:\/\/scuba-legends.com\/de\/#organization","name":"Scuba Legends Dive Center Lanzarote","url":"https:\/\/scuba-legends.com\/de\/","logo":{"@type":"ImageObject","inLanguage":"de","@id":"https:\/\/scuba-legends.com\/de\/#\/schema\/logo\/image\/","url":"https:\/\/scuba-legends.com\/wp-content\/uploads\/2020\/01\/scuba_legends_favicon.png","contentUrl":"https:\/\/scuba-legends.com\/wp-content\/uploads\/2020\/01\/scuba_legends_favicon.png","width":512,"height":512,"caption":"Scuba Legends Dive Center Lanzarote"},"image":{"@id":"https:\/\/scuba-legends.com\/de\/#\/schema\/logo\/image\/"},"sameAs":["https:\/\/www.facebook.com\/ScubaLegends\/","https:\/\/x.com\/scubalegends","https:\/\/www.instagram.com\/scuba_legends\/","https:\/\/www.youtube.com\/channel\/UCUjHU7Mmii5SfLoodxNZmqQ"]}]}},"_links":{"self":[{"href":"https:\/\/scuba-legends.com\/de\/wp-json\/wp\/v2\/pages\/6330","targetHints":{"allow":["GET"]}}],"collection":[{"href":"https:\/\/scuba-legends.com\/de\/wp-json\/wp\/v2\/pages"}],"about":[{"href":"https:\/\/scuba-legends.com\/de\/wp-json\/wp\/v2\/types\/page"}],"author":[{"embeddable":true,"href":"https:\/\/scuba-legends.com\/de\/wp-json\/wp\/v2\/users\/2"}],"replies":[{"embeddable":true,"href":"https:\/\/scuba-legends.com\/de\/wp-json\/wp\/v2\/comments?post=6330"}],"version-history":[{"count":1,"href":"https:\/\/scuba-legends.com\/de\/wp-json\/wp\/v2\/pages\/6330\/revisions"}],"predecessor-version":[{"id":14825,"href":"https:\/\/scuba-legends.com\/de\/wp-json\/wp\/v2\/pages\/6330\/revisions\/14825"}],"wp:attachment":[{"href":"https:\/\/scuba-legends.com\/de\/wp-json\/wp\/v2\/media?parent=6330"}],"curies":[{"name":"wp","href":"https:\/\/api.w.org\/{rel}","templated":true}]}}