{"id":6324,"date":"2020-09-30T11:03:09","date_gmt":"2020-09-30T11:03:09","guid":{"rendered":"https:\/\/scuba-legends.com\/padi-divemaster\/"},"modified":"2025-08-25T12:07:05","modified_gmt":"2025-08-25T12:07:05","slug":"padi-divemaster","status":"publish","type":"page","link":"https:\/\/scuba-legends.com\/de\/padi-divemaster\/","title":{"rendered":"PADI Divemaster"},"content":{"rendered":"<p>[et_pb_section fb_built=&#8221;1&#8243; fullwidth=&#8221;on&#8221; module_id=&#8221;spheader-section&#8221; _builder_version=&#8221;4.16&#8243; global_colors_info=&#8221;{}&#8221;][et_pb_fullwidth_header title=&#8221;PADI Divemaster&#8221; _builder_version=&#8221;4.16&#8243; title_text_align=&#8221;left&#8221; title_font_size=&#8221;54px&#8221; subhead_font=&#8221;|||on|||||&#8221; background_image=&#8221;https:\/\/scuba-legends.com\/wp-content\/uploads\/2020\/09\/25-Divemaster-1280&#215;900-1.jpg&#8221; width=&#8221;100%&#8221; module_alignment=&#8221;center&#8221; custom_padding=&#8221;80px||80px||true|&#8221; title_font_size_tablet=&#8221;44px&#8221; background_last_edited=&#8221;on|desktop&#8221; custom_css_main_element=&#8221;background-position: center -240px;&#8221; custom_css_title=&#8221;order: 2;&#8221; custom_css_subtitle=&#8221;order: 1;&#8221; global_colors_info=&#8221;{}&#8221; custom_css_main_element_last_edited=&#8221;on|tablet&#8221; custom_css_main_element_tablet=&#8221;background-position: center -70px;&#8221; custom_css_main_element_phone=&#8221;background-position: center center;&#8221;]MAKE IT LEGENDARY[\/et_pb_fullwidth_header][\/et_pb_section][et_pb_section fb_built=&#8221;1&#8243; _builder_version=&#8221;4.16&#8243; custom_margin=&#8221;-50px||||false|false&#8221; global_colors_info=&#8221;{}&#8221;][et_pb_row _builder_version=&#8221;4.16&#8243; global_colors_info=&#8221;{}&#8221;][et_pb_column type=&#8221;4_4&#8243; _builder_version=&#8221;4.16&#8243; global_colors_info=&#8221;{}&#8221;][et_pb_text admin_label=&#8221;Text&#8221; _builder_version=&#8221;4.16&#8243; text_font_size=&#8221;18px&#8221; custom_margin=&#8221;-20px||||false|false&#8221; global_colors_info=&#8221;{}&#8221;]<\/p>\n<h2 style=\"text-align: center; color: #0db4d5;\">PADI Divemaster. Werde zur Tauchlegende. Trainiere mit den Besten.<\/h2>\n<p>[\/et_pb_text][et_pb_text _builder_version=&#8221;4.16&#8243; global_colors_info=&#8221;{}&#8221;]<\/p>\n<p>M\u00f6chtest du nur tauchen oder nur ein legend\u00e4rer Taucher sein? Verwandle deine Leidenschaft in dein Leben. Es gibt nichts Sch\u00f6neres, als dich professionell dem zu widmen, was du liebst, glaub uns.<\/p>\n<p>Der PADI Divemaster ist die erste professionelle Zertifizierung und der erste Schritt Deiner Tauchkarriere. Als Divemaster bist du ein Vorbild f\u00fcr andere Taucher, sie werden dich bewundern und von Dir lernen. Du wirst die rechte Hand des Tauchlehrers sein, Taucher leiten, beaufsichtigen und motivieren.<\/p>\n<p>Wenn Du eine kontaktfreudige, offene Person mit einem Talent f\u00fcr Menschen bist, bereit bist Deine Tauchfertigkeiten zu verbessern und etwas \u00fcber das Tauchen und die Branche lernen m\u00f6chtest, ist das Divemaster Programm das richtige f\u00fcr Dich.<\/p>\n<p>Bei Scuba Legends nehmen wir das Training sehr ernst. Erst recht, wenn es um den Sprung zwischen einem normalen Sporttaucher und einem professionellen Taucher geht. Wir arbeiten nicht nur eine Checkliste ab und h\u00e4ndigen \u201ceiner weitere Plastikkarte\u201d aus. Unsere Divemaster Kandidaten werden auf h\u00f6chstem Niveau ausgebildet und lernen weit \u00fcber den Tellerrand hinaus. Wir sind ehrlich, Du musst Dir Deine Qualifikation mit Schwei\u00df und M\u00fche verdienen. Du wirst, wie wir alles, geistig anstrengende und herausfordernde Zeiten durchmachen, aber nur so kannst Du wirklich zur Legende werden.<\/p>\n<p>[\/et_pb_text][\/et_pb_column][\/et_pb_row][\/et_pb_section][et_pb_section fb_built=&#8221;1&#8243; _builder_version=&#8221;4.16&#8243; custom_margin=&#8221;-50px||||false|false&#8221; global_colors_info=&#8221;{}&#8221;][et_pb_row _builder_version=&#8221;4.16&#8243; custom_margin=&#8221;-20px||||false|false&#8221; global_colors_info=&#8221;{}&#8221;][et_pb_column type=&#8221;4_4&#8243; _builder_version=&#8221;4.16&#8243; global_colors_info=&#8221;{}&#8221;][et_pb_text admin_label=&#8221;Text&#8221; _builder_version=&#8221;4.16&#8243; text_font_size=&#8221;18px&#8221; custom_margin=&#8221;-20px||||false|false&#8221; global_colors_info=&#8221;{}&#8221;]<\/p>\n<h2 style=\"text-align: center; color: #0db4d5;\">Was beinhaltet der PADI Divemaster Kurs?<\/h2>\n<p>[\/et_pb_text][et_pb_text _builder_version=&#8221;4.16&#8243; global_colors_info=&#8221;{}&#8221;]<\/p>\n<p>Der Kurs umfasst Module zur Wissensentwicklung, praktische Bewertungen, \u00dcbungen und Workshops zu Wasserf\u00e4higkeiten sowie Pr\u00e4sentationen.<\/p>\n<p>Das PADI Divemaster Training umfasst folgende Themen:<\/p>\n<ul>\n<li>Die Rolle und Eigenschaften des PADI Divemasters<\/li>\n<li>Aufsicht der Tauchaktivit\u00e4ten und unterst\u00fctzen mit Tauchsch\u00fclern<\/li>\n<li>Tauchsicherheit und Risikomanagement<\/li>\n<li>Spezialisierte Programme und F\u00e4higkeiten<\/li>\n<li>Das Tauchgesch\u00e4ft und Deine Karriere<\/li>\n<li>Bewusstsein f\u00fcr die Tauchumgebung<\/li>\n<li>Konfiguration und Verwaltung von Tauchg\u00e4ngen<\/li>\n<li>Kartierung eines Tauchplatzes<\/li>\n<li>Pr\u00e4sentation oder Einweisung von Tauchg\u00e4ngen<\/li>\n<li>Tieftauchen sowie die Suche und das Bergen von Gegenst\u00e4nden<\/li>\n<li>Assistenz in einem Skin Diver Kurs<\/li>\n<li>Unterst\u00fctzung beim PADI Schnuppertauchen und F\u00fchrungstauchg\u00e4ngen (Discover Local Diving).<\/li>\n<\/ul>\n<p>Wenn Du an dem <strong>Divemaster Programm<\/strong> teilnehmen m\u00f6chtest, wirst Du mindestens 4 Wochen lang in unser Team aufgenommen (abh\u00e4ngig von Deiner bisherigen Taucherfahrung). Nur so kannst Du die t\u00e4gliche Logistik und Organisationeiner Tauchbasis erlernen, z. B. Empfang von Tauchern, Administration, Instandhaltung und Konfiguration verschiedener Ausr\u00fcstung, Vorbereitung von Tauchausfl\u00fcgen.<\/p>\n<p>Vor allem aber wirst Du eine gro\u00dfartige Zeit in lustigen Trainingseinheiten mit Deinem Tauchlehrer haben. Unser Team ist sehr offen und leidenschaftlich im Unterrichten und Teilen unseres Wissens und Erfahrung. Wir lieben es zu tauchen und \u00fcber das Tauchen zu sprechen! Du wirst unglaubliche Erfahrungen machen, Deine Tauch- und pers\u00f6nlichen F\u00e4higkeiten verbessern, neue Menschen und Kulturen kennenlernen. Wache auf mit der Sonne im Gesicht und Gr\u00fc\u00dfe den Atlantik am Morgen.<\/p>\n<p>Um den PADI Divemaster Kurs zu beginnen, musst Du mindestens 40 geloggte Tauchg\u00e4nge haben, ein Rescue Diver sein und in den letzten 24 Monaten einen Erste-Hilfe-Kurs absolviert haben. Solltest Du diese Mindestvoraussetzungen noch nicht erf\u00fcllen, k\u00f6nnen wir die Trainingszeit verl\u00e4ngern und basierend auf Deinem aktuellen Ausbildungsstand starten.<\/p>\n<p>Wenn Du Dich f\u00fcr andere Kurse, Spezialgebiete oder technisches Tauchen interessierst, hast Du w\u00e4hrend des Trainings die M\u00f6glichkeit in andere Gebiete reinzuschnuppern.<\/p>\n<p>[\/et_pb_text][et_pb_text _builder_version=&#8221;4.27.4&#8243; hover_enabled=&#8221;0&#8243; global_colors_info=&#8221;{}&#8221; sticky_enabled=&#8221;0&#8243;]<\/p>\n<ul>\n<li><strong>Dauer<\/strong>: mind. 1 Monat<\/li>\n<li><strong>Mindestvoraussetzungen<\/strong>:\n<ul>\n<li>Mindestalter 18 Jahre<\/li>\n<li>Rescue Diver<\/li>\n<li>40 geloggte Tauchg\u00e4nge<\/li>\n<li>G\u00fcltige Erste-Hilfe Qualifikation innerhalb der letzten 24 Monate<\/li>\n<li>Gesundheitlich fit zum Tauchen<\/li>\n<\/ul>\n<\/li>\n<li><strong>Preis: <\/strong>ab 999\u20ac*<\/li>\n<\/ul>\n<p>*Abh\u00e4ngig von Deiner aktuellen Zertifizierungsstufe. PADI Geb\u00fchren und Materialien nicht enthalten.<\/p>\n<p>[\/et_pb_text][\/et_pb_column][\/et_pb_row][\/et_pb_section][et_pb_section fb_built=&#8221;1&#8243; _builder_version=&#8221;4.16&#8243; custom_margin=&#8221;-130px||||false|false&#8221; global_colors_info=&#8221;{}&#8221;][et_pb_row _builder_version=&#8221;4.16&#8243; global_colors_info=&#8221;{}&#8221;][et_pb_column type=&#8221;4_4&#8243; _builder_version=&#8221;4.16&#8243; global_colors_info=&#8221;{}&#8221;][et_pb_button button_url=&#8221;https:\/\/scuba-legends.com\/de\/kontakt\/&#8221; button_text=&#8221;Kontaktiere uns&#8221; button_alignment=&#8221;center&#8221; _builder_version=&#8221;4.16&#8243; custom_button=&#8221;on&#8221; button_text_size=&#8221;15px&#8221; button_text_color=&#8221;#ffffff&#8221; button_bg_color=&#8221;#0db4d5&#8243; button_border_color=&#8221;rgba(0,0,0,0)&#8221; global_colors_info=&#8221;{}&#8221;][\/et_pb_button][\/et_pb_column][\/et_pb_row][\/et_pb_section]<\/p>\n","protected":false},"excerpt":{"rendered":"<p>MAKE IT LEGENDARYPADI Divemaster. Werde zur Tauchlegende. Trainiere mit den Besten.M\u00f6chtest du nur tauchen oder nur ein legend\u00e4rer Taucher sein? Verwandle deine Leidenschaft in dein Leben. Es gibt nichts Sch\u00f6neres, als dich professionell dem zu widmen, was du liebst, glaub uns. Der PADI Divemaster ist die erste professionelle Zertifizierung und der erste Schritt Deiner Tauchkarriere. [&hellip;]<\/p>\n","protected":false},"author":2,"featured_media":0,"parent":0,"menu_order":149,"comment_status":"closed","ping_status":"closed","template":"","meta":{"_acf_changed":false,"_et_pb_use_builder":"on","_et_pb_old_content":"","_et_gb_content_width":"","footnotes":""},"class_list":["post-6324","page","type-page","status-publish","hentry"],"acf":[],"yoast_head":"<!-- This site is optimized with the Yoast SEO plugin v27.3 - https:\/\/yoast.com\/product\/yoast-seo-wordpress\/ -->\n<title>PADI Divemaster | Scuba Legends Tauchschule Lanzarote<\/title>\n<meta name=\"description\" content=\"PADI Divemaster. Trainiere mit den Besten. Die Kandidaten werden auf h\u00f6chstem Niveau ausgebildet und lernen weit \u00fcber den Tellerrand hinaus.\" \/>\n<meta name=\"robots\" content=\"index, follow, max-snippet:-1, max-image-preview:large, max-video-preview:-1\" \/>\n<link rel=\"canonical\" href=\"https:\/\/scuba-legends.com\/de\/padi-divemaster\/\" \/>\n<meta property=\"og:locale\" content=\"de_DE\" \/>\n<meta property=\"og:type\" content=\"article\" \/>\n<meta property=\"og:title\" content=\"PADI Divemaster | Scuba Legends Tauchschule Lanzarote\" \/>\n<meta property=\"og:description\" content=\"PADI Divemaster. Trainiere mit den Besten. Die Kandidaten werden auf h\u00f6chstem Niveau ausgebildet und lernen weit \u00fcber den Tellerrand hinaus.\" \/>\n<meta property=\"og:url\" content=\"https:\/\/scuba-legends.com\/de\/padi-divemaster\/\" \/>\n<meta property=\"og:site_name\" content=\"Scuba Legends\" \/>\n<meta property=\"article:publisher\" content=\"https:\/\/www.facebook.com\/ScubaLegends\/\" \/>\n<meta property=\"article:modified_time\" content=\"2025-08-25T12:07:05+00:00\" \/>\n<meta property=\"og:image\" content=\"https:\/\/scuba-legends.com\/wp-content\/uploads\/2020\/01\/scuba_legend_logo_new1.png\" \/>\n\t<meta property=\"og:image:width\" content=\"150\" \/>\n\t<meta property=\"og:image:height\" content=\"150\" \/>\n\t<meta property=\"og:image:type\" content=\"image\/png\" \/>\n<meta name=\"twitter:card\" content=\"summary_large_image\" \/>\n<meta name=\"twitter:site\" content=\"@scubalegends\" \/>\n<meta name=\"twitter:label1\" content=\"Gesch\u00e4tzte Lesezeit\" \/>\n\t<meta name=\"twitter:data1\" content=\"3\u00a0Minuten\" \/>\n<script type=\"application\/ld+json\" class=\"yoast-schema-graph\">{\"@context\":\"https:\\\/\\\/schema.org\",\"@graph\":[{\"@type\":\"WebPage\",\"@id\":\"https:\\\/\\\/scuba-legends.com\\\/de\\\/padi-divemaster\\\/\",\"url\":\"https:\\\/\\\/scuba-legends.com\\\/de\\\/padi-divemaster\\\/\",\"name\":\"PADI Divemaster | Scuba Legends Tauchschule Lanzarote\",\"isPartOf\":{\"@id\":\"https:\\\/\\\/scuba-legends.com\\\/de\\\/#website\"},\"datePublished\":\"2020-09-30T11:03:09+00:00\",\"dateModified\":\"2025-08-25T12:07:05+00:00\",\"description\":\"PADI Divemaster. Trainiere mit den Besten. Die Kandidaten werden auf h\u00f6chstem Niveau ausgebildet und lernen weit \u00fcber den Tellerrand hinaus.\",\"breadcrumb\":{\"@id\":\"https:\\\/\\\/scuba-legends.com\\\/de\\\/padi-divemaster\\\/#breadcrumb\"},\"inLanguage\":\"de\",\"potentialAction\":[{\"@type\":\"ReadAction\",\"target\":[\"https:\\\/\\\/scuba-legends.com\\\/de\\\/padi-divemaster\\\/\"]}]},{\"@type\":\"BreadcrumbList\",\"@id\":\"https:\\\/\\\/scuba-legends.com\\\/de\\\/padi-divemaster\\\/#breadcrumb\",\"itemListElement\":[{\"@type\":\"ListItem\",\"position\":1,\"name\":\"Scuba Legends\",\"item\":\"https:\\\/\\\/scuba-legends.com\\\/de\\\/\"},{\"@type\":\"ListItem\",\"position\":2,\"name\":\"PADI Divemaster\"}]},{\"@type\":\"WebSite\",\"@id\":\"https:\\\/\\\/scuba-legends.com\\\/de\\\/#website\",\"url\":\"https:\\\/\\\/scuba-legends.com\\\/de\\\/\",\"name\":\"Scuba Legends\",\"description\":\"Dive Center Lanzarote\",\"publisher\":{\"@id\":\"https:\\\/\\\/scuba-legends.com\\\/de\\\/#organization\"},\"potentialAction\":[{\"@type\":\"SearchAction\",\"target\":{\"@type\":\"EntryPoint\",\"urlTemplate\":\"https:\\\/\\\/scuba-legends.com\\\/de\\\/?s={search_term_string}\"},\"query-input\":{\"@type\":\"PropertyValueSpecification\",\"valueRequired\":true,\"valueName\":\"search_term_string\"}}],\"inLanguage\":\"de\"},{\"@type\":\"Organization\",\"@id\":\"https:\\\/\\\/scuba-legends.com\\\/de\\\/#organization\",\"name\":\"Scuba Legends Dive Center Lanzarote\",\"url\":\"https:\\\/\\\/scuba-legends.com\\\/de\\\/\",\"logo\":{\"@type\":\"ImageObject\",\"inLanguage\":\"de\",\"@id\":\"https:\\\/\\\/scuba-legends.com\\\/de\\\/#\\\/schema\\\/logo\\\/image\\\/\",\"url\":\"https:\\\/\\\/scuba-legends.com\\\/wp-content\\\/uploads\\\/2020\\\/01\\\/scuba_legends_favicon.png\",\"contentUrl\":\"https:\\\/\\\/scuba-legends.com\\\/wp-content\\\/uploads\\\/2020\\\/01\\\/scuba_legends_favicon.png\",\"width\":512,\"height\":512,\"caption\":\"Scuba Legends Dive Center Lanzarote\"},\"image\":{\"@id\":\"https:\\\/\\\/scuba-legends.com\\\/de\\\/#\\\/schema\\\/logo\\\/image\\\/\"},\"sameAs\":[\"https:\\\/\\\/www.facebook.com\\\/ScubaLegends\\\/\",\"https:\\\/\\\/x.com\\\/scubalegends\",\"https:\\\/\\\/www.instagram.com\\\/scuba_legends\\\/\",\"https:\\\/\\\/www.youtube.com\\\/channel\\\/UCUjHU7Mmii5SfLoodxNZmqQ\"]}]}<\/script>\n<!-- \/ Yoast SEO plugin. -->","yoast_head_json":{"title":"PADI Divemaster | Scuba Legends Tauchschule Lanzarote","description":"PADI Divemaster. Trainiere mit den Besten. Die Kandidaten werden auf h\u00f6chstem Niveau ausgebildet und lernen weit \u00fcber den Tellerrand hinaus.","robots":{"index":"index","follow":"follow","max-snippet":"max-snippet:-1","max-image-preview":"max-image-preview:large","max-video-preview":"max-video-preview:-1"},"canonical":"https:\/\/scuba-legends.com\/de\/padi-divemaster\/","og_locale":"de_DE","og_type":"article","og_title":"PADI Divemaster | Scuba Legends Tauchschule Lanzarote","og_description":"PADI Divemaster. Trainiere mit den Besten. Die Kandidaten werden auf h\u00f6chstem Niveau ausgebildet und lernen weit \u00fcber den Tellerrand hinaus.","og_url":"https:\/\/scuba-legends.com\/de\/padi-divemaster\/","og_site_name":"Scuba Legends","article_publisher":"https:\/\/www.facebook.com\/ScubaLegends\/","article_modified_time":"2025-08-25T12:07:05+00:00","og_image":[{"width":150,"height":150,"url":"https:\/\/scuba-legends.com\/wp-content\/uploads\/2020\/01\/scuba_legend_logo_new1.png","type":"image\/png"}],"twitter_card":"summary_large_image","twitter_site":"@scubalegends","twitter_misc":{"Gesch\u00e4tzte Lesezeit":"3\u00a0Minuten"},"schema":{"@context":"https:\/\/schema.org","@graph":[{"@type":"WebPage","@id":"https:\/\/scuba-legends.com\/de\/padi-divemaster\/","url":"https:\/\/scuba-legends.com\/de\/padi-divemaster\/","name":"PADI Divemaster | Scuba Legends Tauchschule Lanzarote","isPartOf":{"@id":"https:\/\/scuba-legends.com\/de\/#website"},"datePublished":"2020-09-30T11:03:09+00:00","dateModified":"2025-08-25T12:07:05+00:00","description":"PADI Divemaster. Trainiere mit den Besten. Die Kandidaten werden auf h\u00f6chstem Niveau ausgebildet und lernen weit \u00fcber den Tellerrand hinaus.","breadcrumb":{"@id":"https:\/\/scuba-legends.com\/de\/padi-divemaster\/#breadcrumb"},"inLanguage":"de","potentialAction":[{"@type":"ReadAction","target":["https:\/\/scuba-legends.com\/de\/padi-divemaster\/"]}]},{"@type":"BreadcrumbList","@id":"https:\/\/scuba-legends.com\/de\/padi-divemaster\/#breadcrumb","itemListElement":[{"@type":"ListItem","position":1,"name":"Scuba Legends","item":"https:\/\/scuba-legends.com\/de\/"},{"@type":"ListItem","position":2,"name":"PADI Divemaster"}]},{"@type":"WebSite","@id":"https:\/\/scuba-legends.com\/de\/#website","url":"https:\/\/scuba-legends.com\/de\/","name":"Scuba Legends","description":"Dive Center Lanzarote","publisher":{"@id":"https:\/\/scuba-legends.com\/de\/#organization"},"potentialAction":[{"@type":"SearchAction","target":{"@type":"EntryPoint","urlTemplate":"https:\/\/scuba-legends.com\/de\/?s={search_term_string}"},"query-input":{"@type":"PropertyValueSpecification","valueRequired":true,"valueName":"search_term_string"}}],"inLanguage":"de"},{"@type":"Organization","@id":"https:\/\/scuba-legends.com\/de\/#organization","name":"Scuba Legends Dive Center Lanzarote","url":"https:\/\/scuba-legends.com\/de\/","logo":{"@type":"ImageObject","inLanguage":"de","@id":"https:\/\/scuba-legends.com\/de\/#\/schema\/logo\/image\/","url":"https:\/\/scuba-legends.com\/wp-content\/uploads\/2020\/01\/scuba_legends_favicon.png","contentUrl":"https:\/\/scuba-legends.com\/wp-content\/uploads\/2020\/01\/scuba_legends_favicon.png","width":512,"height":512,"caption":"Scuba Legends Dive Center Lanzarote"},"image":{"@id":"https:\/\/scuba-legends.com\/de\/#\/schema\/logo\/image\/"},"sameAs":["https:\/\/www.facebook.com\/ScubaLegends\/","https:\/\/x.com\/scubalegends","https:\/\/www.instagram.com\/scuba_legends\/","https:\/\/www.youtube.com\/channel\/UCUjHU7Mmii5SfLoodxNZmqQ"]}]}},"_links":{"self":[{"href":"https:\/\/scuba-legends.com\/de\/wp-json\/wp\/v2\/pages\/6324","targetHints":{"allow":["GET"]}}],"collection":[{"href":"https:\/\/scuba-legends.com\/de\/wp-json\/wp\/v2\/pages"}],"about":[{"href":"https:\/\/scuba-legends.com\/de\/wp-json\/wp\/v2\/types\/page"}],"author":[{"embeddable":true,"href":"https:\/\/scuba-legends.com\/de\/wp-json\/wp\/v2\/users\/2"}],"replies":[{"embeddable":true,"href":"https:\/\/scuba-legends.com\/de\/wp-json\/wp\/v2\/comments?post=6324"}],"version-history":[{"count":12,"href":"https:\/\/scuba-legends.com\/de\/wp-json\/wp\/v2\/pages\/6324\/revisions"}],"predecessor-version":[{"id":19911,"href":"https:\/\/scuba-legends.com\/de\/wp-json\/wp\/v2\/pages\/6324\/revisions\/19911"}],"wp:attachment":[{"href":"https:\/\/scuba-legends.com\/de\/wp-json\/wp\/v2\/media?parent=6324"}],"curies":[{"name":"wp","href":"https:\/\/api.w.org\/{rel}","templated":true}]}}