{"id":6313,"date":"2020-09-30T10:52:21","date_gmt":"2020-09-30T10:52:21","guid":{"rendered":"https:\/\/scuba-legends.com\/padi-rescue-diver\/"},"modified":"2025-12-09T17:18:54","modified_gmt":"2025-12-09T17:18:54","slug":"padi-rescue-diver","status":"publish","type":"page","link":"https:\/\/scuba-legends.com\/de\/padi-rescue-diver\/","title":{"rendered":"PADI Rescue Diver"},"content":{"rendered":"<p>[et_pb_section fb_built=&#8221;1&#8243; fullwidth=&#8221;on&#8221; module_id=&#8221;spheader-section&#8221; _builder_version=&#8221;4.16&#8243; global_colors_info=&#8221;{}&#8221;][et_pb_fullwidth_header title=&#8221;PADI Rescue Diver&#8221; _builder_version=&#8221;4.16&#8243; title_text_align=&#8221;left&#8221; title_font_size=&#8221;54px&#8221; subhead_font=&#8221;|||on|||||&#8221; background_image=&#8221;https:\/\/scuba-legends.com\/wp-content\/uploads\/2020\/09\/23E-Rescue-1280&#215;900-1.jpg&#8221; width=&#8221;100%&#8221; module_alignment=&#8221;center&#8221; custom_padding=&#8221;80px||80px||true|&#8221; title_font_size_tablet=&#8221;44px&#8221; background_last_edited=&#8221;on|desktop&#8221; custom_css_main_element=&#8221;background-position: center -240px;&#8221; custom_css_title=&#8221;order: 2;&#8221; custom_css_subtitle=&#8221;order: 1;&#8221; global_colors_info=&#8221;{}&#8221; custom_css_main_element_last_edited=&#8221;on|tablet&#8221; custom_css_main_element_tablet=&#8221;background-position: center -70px;&#8221; custom_css_main_element_phone=&#8221;background-position: center center;&#8221;]<\/p>\n<p>MAKE IT LEGENDARY<\/p>\n<p>[\/et_pb_fullwidth_header][\/et_pb_section][et_pb_section fb_built=&#8221;1&#8243; _builder_version=&#8221;4.16&#8243; custom_margin=&#8221;-50px||||false|false&#8221; global_colors_info=&#8221;{}&#8221;][et_pb_row _builder_version=&#8221;4.16&#8243; global_colors_info=&#8221;{}&#8221;][et_pb_column type=&#8221;4_4&#8243; _builder_version=&#8221;4.16&#8243; global_colors_info=&#8221;{}&#8221;][et_pb_text _builder_version=&#8221;4.27.4&#8243; text_font_size=&#8221;18px&#8221; custom_margin=&#8221;-20px||||false|false&#8221; global_colors_info=&#8221;{}&#8221;]<\/p>\n<h2 style=\"text-align: center; color: #0db4d5;\">Werde der beste Tauchpartner. Lerne Leben zu retten mit dem PADI Rescue Diver Kurs.<\/h2>\n<p>[\/et_pb_text][et_pb_text _builder_version=&#8221;4.27.4&#8243; global_colors_info=&#8221;{}&#8221;]<\/p>\n<p>Verbessere deine Tauchf\u00e4higkeiten und gewinne Selbstvertrauen unter Wasser und an Land. Erfahre, wie Du Risiken vermeiden und Probleme l\u00f6sen kannst. Der PADI Rescue Diver Kurs oder Rettungskurs ist einer der umfassendsten und anstrengendsten Programme, aber zugleich auch der unterhaltsamste.<\/p>\n<p>Obwohl die Rettungsszenarien ernst zu nehmen sind, wirst Du eine tolle Zeit mit deinem Tauchlehrer haben und viel lernen &amp; lachen Die Teilnahme am Erste-Hilfe-Kurs (EFR) ist erforderlich (falls nicht vorhanden) f\u00fcr die Ausbildung zum Rescue Diver, um eine vollst\u00e4ndige Schulung zum Umgang mit Rettung und Notf\u00e4llen zu gew\u00e4hrleisten.<\/p>\n<p>[\/et_pb_text][\/et_pb_column][\/et_pb_row][\/et_pb_section][et_pb_section fb_built=&#8221;1&#8243; _builder_version=&#8221;4.16&#8243; custom_margin=&#8221;-50px||||false|false&#8221; global_colors_info=&#8221;{}&#8221;][et_pb_row _builder_version=&#8221;4.16&#8243; custom_margin=&#8221;-20px||||false|false&#8221; global_colors_info=&#8221;{}&#8221;][et_pb_column type=&#8221;4_4&#8243; _builder_version=&#8221;4.16&#8243; global_colors_info=&#8221;{}&#8221;][et_pb_text _builder_version=&#8221;4.27.5&#8243; text_font_size=&#8221;18px&#8221; custom_margin=&#8221;-20px||||false|false&#8221; hover_enabled=&#8221;0&#8243; global_colors_info=&#8221;{}&#8221; admin_label=&#8221;Text&#8221; sticky_enabled=&#8221;0&#8243;]<\/p>\n<h2 style=\"text-align: center; color: #0db4d5;\">Was beinhaltet der PADI Rescue Diver Kurs?<\/h2>\n<p>[\/et_pb_text][et_pb_text _builder_version=&#8221;4.16&#8243; global_colors_info=&#8221;{}&#8221;]<\/p>\n<p>Der erste Teil des Kurses ist die Entwicklung von Wissen, das die theoretische Grundlage f\u00fcr nachfolgende Praktiken bildet. In mehreren Tauchg\u00e4ngen werden wir die verschiedenen Rettungsszenarien \u00fcben. Am Ende des Kurses kannst du die Situationen eigenst\u00e4ndig bew\u00e4ltigen bist bereit, Leben zu retten. Mit dem Rettungskurs kombiniert wird in der Regel der Erste-Hilfe-Kurs (EFR) (link). Du wirst lernen ruhig zu bleiben, Dich zu konzentrieren und mit Notsituationen umzugehen. Von einem Taucher, der in Panik ger\u00e4t, bis zu jemandem, der bei einem Tauchgang ohnm\u00e4chtig wird, und vielen anderen F\u00e4llen. Du wirst verstehen, wie Du Dir selbst und Deinem Tauchpartner hilfst, Stress bei anderen Tauchern erkennst und diese beruhigst und rettest.<\/p>\n<p>&nbsp;<\/p>\n<ul>\n<li><strong>Dauer<\/strong>: 2 Tage + eLearning<\/li>\n<li><strong>Mindestvoraussetzungen<\/strong>:\n<ul>\n<li>Mindestalter 12 Jahre<\/li>\n<li>Adventure Diver<\/li>\n<li>Gesundheitlich fit zum Tauchen<\/li>\n<\/ul>\n<\/li>\n<\/ul>\n<p>[\/et_pb_text][\/et_pb_column][\/et_pb_row][et_pb_row column_structure=&#8221;1_3,1_3,1_3&#8243; disabled_on=&#8221;off|off|off&#8221; _builder_version=&#8221;4.16&#8243; custom_margin=&#8221;-20px||||false|false&#8221; locked=&#8221;off&#8221; global_colors_info=&#8221;{}&#8221;][et_pb_column type=&#8221;1_3&#8243; _builder_version=&#8221;4.16&#8243; global_colors_info=&#8221;{}&#8221;][et_pb_text module_id=&#8221;moreinfo-1&#8243; module_class=&#8221;pricing-holder&#8221; _builder_version=&#8221;4.27.4&#8243; text_line_height=&#8221;1.3em&#8221; custom_padding=&#8221;||25px||false|false&#8221; animation_style=&#8221;zoom&#8221; hover_enabled=&#8221;0&#8243; custom_css_main_element=&#8221;overflow: visible;&#8221; border_radii=&#8221;on|3px|3px|3px|3px&#8221; box_shadow_style=&#8221;preset1&#8243; box_shadow_blur=&#8221;11px&#8221; box_shadow_color=&#8221;#0db4d5&#8243; global_colors_info=&#8221;{}&#8221; sticky_enabled=&#8221;0&#8243;]<\/p>\n<div style=\"text-align: center; color: #ffffff;\">.<\/div>\n<div class=\"price-holder\"><img loading=\"lazy\" decoding=\"async\" class=\"wp-image-4540 size-full aligncenter\" src=\"https:\/\/scuba-legends.com\/wp-content\/uploads\/2020\/08\/icono-ok-80x80-1.jpg\" alt=\"\" width=\"80\" height=\"80\" \/><\/div>\n<div style=\"text-align: center; color: #ffffff;\">.<\/div>\n<h6 style=\"text-align: center; color: #0db4d5;\">BASIC<\/h6>\n<div class=\"price-inner-content\">\n<p style=\"text-align: center;\">Rescue Kurs<br \/>PADI eLearning + digitale Zertifizierung<br \/>Wasser und Snack<\/p>\n<\/div>\n<p>[\/et_pb_text][et_pb_button button_url=&#8221;https:\/\/app.bukyapp.com\/front\/673ef83180e03463a90b61e6\/product\/67505354d05b4ae728564a8e&#8221; url_new_window=&#8221;on&#8221; button_text=&#8221;450,00\u20ac&#8221; button_alignment=&#8221;center&#8221; _builder_version=&#8221;4.27.4&#8243; custom_button=&#8221;on&#8221; button_text_size=&#8221;16px&#8221; button_text_color=&#8221;#ffffff&#8221; button_bg_color=&#8221;#0db4d5&#8243; button_border_radius=&#8221;6px&#8221; custom_margin=&#8221;-93px||||false|false&#8221; global_colors_info=&#8221;{}&#8221;][\/et_pb_button][\/et_pb_column][et_pb_column type=&#8221;1_3&#8243; _builder_version=&#8221;4.16&#8243; global_colors_info=&#8221;{}&#8221;][et_pb_text module_id=&#8221;moreinfo-1&#8243; module_class=&#8221;pricing-holder&#8221; _builder_version=&#8221;4.27.5&#8243; text_line_height=&#8221;1.3em&#8221; custom_padding=&#8221;||25px||false|false&#8221; animation_style=&#8221;zoom&#8221; hover_enabled=&#8221;0&#8243; custom_css_main_element=&#8221;overflow: visible;&#8221; border_radii=&#8221;on|3px|3px|3px|3px&#8221; box_shadow_style=&#8221;preset1&#8243; box_shadow_blur=&#8221;30px&#8221; box_shadow_color=&#8221;#0db4d5&#8243; global_colors_info=&#8221;{}&#8221; sticky_enabled=&#8221;0&#8243;]<\/p>\n<div style=\"text-align: center; color: #ffffff;\">.<\/div>\n<div class=\"price-holder\"><img loading=\"lazy\" decoding=\"async\" class=\"wp-image-4541 size-full aligncenter\" src=\"https:\/\/scuba-legends.com\/wp-content\/uploads\/2020\/08\/icon-bubbles-80x80-1.jpg\" alt=\"\" width=\"80\" height=\"80\" \/><\/div>\n<div style=\"text-align: center; color: #ffffff;\">.<\/div>\n<h6 style=\"text-align: center; color: #0db4d5;\">PREMIUM<\/h6>\n<div class=\"price-inner-content\">\n<p style=\"text-align: center;\">Basic<br \/>+<br \/>Semi-privater Kurs (maximal 2 Sch\u00fcler pro Lehrer)<\/p>\n<p>&nbsp;<\/p>\n<\/div>\n<p>[\/et_pb_text][et_pb_button button_url=&#8221;https:\/\/app.bukyapp.com\/front\/673ef83180e03463a90b61e6\/product\/67505354d05b4ae728564a8e&#8221; url_new_window=&#8221;on&#8221; button_text=&#8221;630,00\u20ac&#8221; button_alignment=&#8221;center&#8221; _builder_version=&#8221;4.27.4&#8243; custom_button=&#8221;on&#8221; button_text_size=&#8221;16px&#8221; button_text_color=&#8221;#ffffff&#8221; button_bg_color=&#8221;#0db4d5&#8243; button_border_radius=&#8221;6px&#8221; custom_margin=&#8221;-93px||||false|false&#8221; global_colors_info=&#8221;{}&#8221;][\/et_pb_button][\/et_pb_column][et_pb_column type=&#8221;1_3&#8243; _builder_version=&#8221;4.16&#8243; global_colors_info=&#8221;{}&#8221;][et_pb_text module_id=&#8221;moreinfo-1&#8243; module_class=&#8221;pricing-holder&#8221; _builder_version=&#8221;4.27.5&#8243; text_line_height=&#8221;1.3em&#8221; custom_padding=&#8221;||25px||false|false&#8221; animation_style=&#8221;zoom&#8221; hover_enabled=&#8221;0&#8243; custom_css_main_element=&#8221;overflow: visible;&#8221; border_radii=&#8221;on|3px|3px|3px|3px&#8221; box_shadow_style=&#8221;preset1&#8243; box_shadow_blur=&#8221;11px&#8221; box_shadow_color=&#8221;#0db4d5&#8243; global_colors_info=&#8221;{}&#8221; sticky_enabled=&#8221;0&#8243;]<\/p>\n<div style=\"text-align: center; color: #ffffff;\">.<\/div>\n<div class=\"price-holder\"><img loading=\"lazy\" decoding=\"async\" class=\"wp-image-4541 size-full aligncenter\" src=\"https:\/\/scuba-legends.com\/wp-content\/uploads\/2020\/08\/icono-cool-80x80-1.jpg\" alt=\"\" width=\"80\" height=\"80\" \/><\/div>\n<div style=\"text-align: center; color: #ffffff;\">.<\/div>\n<h6 style=\"text-align: center; color: #0db4d5;\">VIP<\/h6>\n<div class=\"price-inner-content\">\n<p style=\"text-align: center;\">Basic<br \/>+<br \/>Privater Kurs (maximal 1 Sch\u00fcler pro Lehrer)<\/p>\n<\/div>\n<p>[\/et_pb_text][et_pb_button button_url=&#8221;https:\/\/app.bukyapp.com\/front\/673ef83180e03463a90b61e6\/product\/67505354d05b4ae728564a8e&#8221; url_new_window=&#8221;on&#8221; button_text=&#8221;1199,00\u20ac&#8221; button_alignment=&#8221;center&#8221; _builder_version=&#8221;4.27.4&#8243; custom_button=&#8221;on&#8221; button_text_size=&#8221;16px&#8221; button_text_color=&#8221;#ffffff&#8221; button_bg_color=&#8221;#0db4d5&#8243; button_border_radius=&#8221;6px&#8221; custom_margin=&#8221;-93px||||false|false&#8221; global_colors_info=&#8221;{}&#8221;][\/et_pb_button][\/et_pb_column][\/et_pb_row][\/et_pb_section][et_pb_section fb_built=&#8221;1&#8243; fullwidth=&#8221;on&#8221; _builder_version=&#8221;4.16&#8243; global_colors_info=&#8221;{}&#8221;][et_pb_fullwidth_header text_orientation=&#8221;center&#8221; button_one_text=&#8221;Mehr Infos &#8221; button_one_url=&#8221;https:\/\/scuba-legends.com\/de\/kontakt\/&#8221; button_two_text=&#8221;Reservierung&#8221; button_two_url=&#8221;https:\/\/scuba-legends.com\/de\/buchung\/&#8221; _builder_version=&#8221;4.16&#8243; title_level=&#8221;h3&#8243; background_image=&#8221;https:\/\/scuba-legends.com\/wp-content\/uploads\/2020\/08\/Hazlo-epico-1.jpg&#8221; custom_button_one=&#8221;on&#8221; button_one_text_size=&#8221;16px&#8221; button_one_custom_margin=&#8221;||||false|false&#8221; custom_button_two=&#8221;on&#8221; button_two_text_size=&#8221;16px&#8221; text_shadow_style=&#8221;preset3&#8243; global_colors_info=&#8221;{}&#8221;]<\/p>\n<h2 style=\"text-align: center;\"><strong>Private Tauchlehrer und Tauchguides \u2013 Mach\u2019s episch!<\/strong><\/h2>\n<p style=\"text-align: center;\">Pers\u00f6nlicher VIP-Service f\u00fcr Dich allein (oder mit Deiner Familie und Freunden) gew\u00fcnscht? Wir bieten Dir unseren exklusiven privaten Tauchservice in Puerto del Carmen, Lanzarote, an. <br \/>Wir passen Dein Taucherlebnis an Deine Bed\u00fcrfnisse und Zeiten an.<\/p>\n<p>[\/et_pb_fullwidth_header][\/et_pb_section]<\/p>\n","protected":false},"excerpt":{"rendered":"<p>MAKE IT LEGENDARYWerde der beste Tauchpartner. Lerne Leben zu retten mit dem PADI Rescue Diver Kurs.Verbessere deine Tauchf\u00e4higkeiten und gewinne Selbstvertrauen unter Wasser und an Land. Erfahre, wie Du Risiken vermeiden und Probleme l\u00f6sen kannst. Der PADI Rescue Diver Kurs oder Rettungskurs ist einer der umfassendsten und anstrengendsten Programme, aber zugleich auch der unterhaltsamste. Obwohl [&hellip;]<\/p>\n","protected":false},"author":2,"featured_media":0,"parent":0,"menu_order":154,"comment_status":"closed","ping_status":"closed","template":"","meta":{"_acf_changed":false,"_et_pb_use_builder":"on","_et_pb_old_content":"","_et_gb_content_width":"","footnotes":""},"class_list":["post-6313","page","type-page","status-publish","hentry"],"acf":[],"yoast_head":"<!-- This site is optimized with the Yoast SEO plugin v27.3 - https:\/\/yoast.com\/product\/yoast-seo-wordpress\/ -->\n<title>PADI Rescue Diver Kurs - Scuba Legends Tauchschule Lanzarote<\/title>\n<meta name=\"description\" content=\"Verbessere deine Tauchf\u00e4higkeiten und gewinne Selbstvertrauen unter Wasser und an Land. Erfahre, wie Du Risiken vermeiden und Probleme l\u00f6sen kannst.\" \/>\n<meta name=\"robots\" content=\"index, follow, max-snippet:-1, max-image-preview:large, max-video-preview:-1\" \/>\n<link rel=\"canonical\" href=\"https:\/\/scuba-legends.com\/de\/padi-rescue-diver\/\" \/>\n<meta property=\"og:locale\" content=\"de_DE\" \/>\n<meta property=\"og:type\" content=\"article\" \/>\n<meta property=\"og:title\" content=\"PADI Rescue Diver Kurs - Scuba Legends Tauchschule Lanzarote\" \/>\n<meta property=\"og:description\" content=\"Verbessere deine Tauchf\u00e4higkeiten und gewinne Selbstvertrauen unter Wasser und an Land. Erfahre, wie Du Risiken vermeiden und Probleme l\u00f6sen kannst.\" \/>\n<meta property=\"og:url\" content=\"https:\/\/scuba-legends.com\/de\/padi-rescue-diver\/\" \/>\n<meta property=\"og:site_name\" content=\"Scuba Legends\" \/>\n<meta property=\"article:publisher\" content=\"https:\/\/www.facebook.com\/ScubaLegends\/\" \/>\n<meta property=\"article:modified_time\" content=\"2025-12-09T17:18:54+00:00\" \/>\n<meta property=\"og:image\" content=\"https:\/\/scuba-legends.com\/wp-content\/uploads\/2020\/08\/Devolucion-80x80-2.png\" \/>\n\t<meta property=\"og:image:width\" content=\"80\" \/>\n\t<meta property=\"og:image:height\" content=\"80\" \/>\n\t<meta property=\"og:image:type\" content=\"image\/png\" \/>\n<meta name=\"twitter:card\" content=\"summary_large_image\" \/>\n<meta name=\"twitter:site\" content=\"@scubalegends\" \/>\n<meta name=\"twitter:label1\" content=\"Gesch\u00e4tzte Lesezeit\" \/>\n\t<meta name=\"twitter:data1\" content=\"2\u00a0Minuten\" \/>\n<script type=\"application\/ld+json\" class=\"yoast-schema-graph\">{\"@context\":\"https:\\\/\\\/schema.org\",\"@graph\":[{\"@type\":\"WebPage\",\"@id\":\"https:\\\/\\\/scuba-legends.com\\\/de\\\/padi-rescue-diver\\\/\",\"url\":\"https:\\\/\\\/scuba-legends.com\\\/de\\\/padi-rescue-diver\\\/\",\"name\":\"PADI Rescue Diver Kurs - Scuba Legends Tauchschule Lanzarote\",\"isPartOf\":{\"@id\":\"https:\\\/\\\/scuba-legends.com\\\/de\\\/#website\"},\"primaryImageOfPage\":{\"@id\":\"https:\\\/\\\/scuba-legends.com\\\/de\\\/padi-rescue-diver\\\/#primaryimage\"},\"image\":{\"@id\":\"https:\\\/\\\/scuba-legends.com\\\/de\\\/padi-rescue-diver\\\/#primaryimage\"},\"thumbnailUrl\":\"https:\\\/\\\/scuba-legends.com\\\/wp-content\\\/uploads\\\/2020\\\/08\\\/icono-ok-80x80-1.jpg\",\"datePublished\":\"2020-09-30T10:52:21+00:00\",\"dateModified\":\"2025-12-09T17:18:54+00:00\",\"description\":\"Verbessere deine Tauchf\u00e4higkeiten und gewinne Selbstvertrauen unter Wasser und an Land. Erfahre, wie Du Risiken vermeiden und Probleme l\u00f6sen kannst.\",\"breadcrumb\":{\"@id\":\"https:\\\/\\\/scuba-legends.com\\\/de\\\/padi-rescue-diver\\\/#breadcrumb\"},\"inLanguage\":\"de\",\"potentialAction\":[{\"@type\":\"ReadAction\",\"target\":[\"https:\\\/\\\/scuba-legends.com\\\/de\\\/padi-rescue-diver\\\/\"]}]},{\"@type\":\"ImageObject\",\"inLanguage\":\"de\",\"@id\":\"https:\\\/\\\/scuba-legends.com\\\/de\\\/padi-rescue-diver\\\/#primaryimage\",\"url\":\"https:\\\/\\\/scuba-legends.com\\\/wp-content\\\/uploads\\\/2020\\\/08\\\/icono-ok-80x80-1.jpg\",\"contentUrl\":\"https:\\\/\\\/scuba-legends.com\\\/wp-content\\\/uploads\\\/2020\\\/08\\\/icono-ok-80x80-1.jpg\"},{\"@type\":\"BreadcrumbList\",\"@id\":\"https:\\\/\\\/scuba-legends.com\\\/de\\\/padi-rescue-diver\\\/#breadcrumb\",\"itemListElement\":[{\"@type\":\"ListItem\",\"position\":1,\"name\":\"Scuba Legends\",\"item\":\"https:\\\/\\\/scuba-legends.com\\\/de\\\/\"},{\"@type\":\"ListItem\",\"position\":2,\"name\":\"PADI Rescue Diver\"}]},{\"@type\":\"WebSite\",\"@id\":\"https:\\\/\\\/scuba-legends.com\\\/de\\\/#website\",\"url\":\"https:\\\/\\\/scuba-legends.com\\\/de\\\/\",\"name\":\"Scuba Legends\",\"description\":\"Dive Center Lanzarote\",\"publisher\":{\"@id\":\"https:\\\/\\\/scuba-legends.com\\\/de\\\/#organization\"},\"potentialAction\":[{\"@type\":\"SearchAction\",\"target\":{\"@type\":\"EntryPoint\",\"urlTemplate\":\"https:\\\/\\\/scuba-legends.com\\\/de\\\/?s={search_term_string}\"},\"query-input\":{\"@type\":\"PropertyValueSpecification\",\"valueRequired\":true,\"valueName\":\"search_term_string\"}}],\"inLanguage\":\"de\"},{\"@type\":\"Organization\",\"@id\":\"https:\\\/\\\/scuba-legends.com\\\/de\\\/#organization\",\"name\":\"Scuba Legends Dive Center Lanzarote\",\"url\":\"https:\\\/\\\/scuba-legends.com\\\/de\\\/\",\"logo\":{\"@type\":\"ImageObject\",\"inLanguage\":\"de\",\"@id\":\"https:\\\/\\\/scuba-legends.com\\\/de\\\/#\\\/schema\\\/logo\\\/image\\\/\",\"url\":\"https:\\\/\\\/scuba-legends.com\\\/wp-content\\\/uploads\\\/2020\\\/01\\\/scuba_legends_favicon.png\",\"contentUrl\":\"https:\\\/\\\/scuba-legends.com\\\/wp-content\\\/uploads\\\/2020\\\/01\\\/scuba_legends_favicon.png\",\"width\":512,\"height\":512,\"caption\":\"Scuba Legends Dive Center Lanzarote\"},\"image\":{\"@id\":\"https:\\\/\\\/scuba-legends.com\\\/de\\\/#\\\/schema\\\/logo\\\/image\\\/\"},\"sameAs\":[\"https:\\\/\\\/www.facebook.com\\\/ScubaLegends\\\/\",\"https:\\\/\\\/x.com\\\/scubalegends\",\"https:\\\/\\\/www.instagram.com\\\/scuba_legends\\\/\",\"https:\\\/\\\/www.youtube.com\\\/channel\\\/UCUjHU7Mmii5SfLoodxNZmqQ\"]}]}<\/script>\n<!-- \/ Yoast SEO plugin. -->","yoast_head_json":{"title":"PADI Rescue Diver Kurs - Scuba Legends Tauchschule Lanzarote","description":"Verbessere deine Tauchf\u00e4higkeiten und gewinne Selbstvertrauen unter Wasser und an Land. Erfahre, wie Du Risiken vermeiden und Probleme l\u00f6sen kannst.","robots":{"index":"index","follow":"follow","max-snippet":"max-snippet:-1","max-image-preview":"max-image-preview:large","max-video-preview":"max-video-preview:-1"},"canonical":"https:\/\/scuba-legends.com\/de\/padi-rescue-diver\/","og_locale":"de_DE","og_type":"article","og_title":"PADI Rescue Diver Kurs - Scuba Legends Tauchschule Lanzarote","og_description":"Verbessere deine Tauchf\u00e4higkeiten und gewinne Selbstvertrauen unter Wasser und an Land. Erfahre, wie Du Risiken vermeiden und Probleme l\u00f6sen kannst.","og_url":"https:\/\/scuba-legends.com\/de\/padi-rescue-diver\/","og_site_name":"Scuba Legends","article_publisher":"https:\/\/www.facebook.com\/ScubaLegends\/","article_modified_time":"2025-12-09T17:18:54+00:00","og_image":[{"width":80,"height":80,"url":"https:\/\/scuba-legends.com\/wp-content\/uploads\/2020\/08\/Devolucion-80x80-2.png","type":"image\/png"}],"twitter_card":"summary_large_image","twitter_site":"@scubalegends","twitter_misc":{"Gesch\u00e4tzte Lesezeit":"2\u00a0Minuten"},"schema":{"@context":"https:\/\/schema.org","@graph":[{"@type":"WebPage","@id":"https:\/\/scuba-legends.com\/de\/padi-rescue-diver\/","url":"https:\/\/scuba-legends.com\/de\/padi-rescue-diver\/","name":"PADI Rescue Diver Kurs - Scuba Legends Tauchschule Lanzarote","isPartOf":{"@id":"https:\/\/scuba-legends.com\/de\/#website"},"primaryImageOfPage":{"@id":"https:\/\/scuba-legends.com\/de\/padi-rescue-diver\/#primaryimage"},"image":{"@id":"https:\/\/scuba-legends.com\/de\/padi-rescue-diver\/#primaryimage"},"thumbnailUrl":"https:\/\/scuba-legends.com\/wp-content\/uploads\/2020\/08\/icono-ok-80x80-1.jpg","datePublished":"2020-09-30T10:52:21+00:00","dateModified":"2025-12-09T17:18:54+00:00","description":"Verbessere deine Tauchf\u00e4higkeiten und gewinne Selbstvertrauen unter Wasser und an Land. Erfahre, wie Du Risiken vermeiden und Probleme l\u00f6sen kannst.","breadcrumb":{"@id":"https:\/\/scuba-legends.com\/de\/padi-rescue-diver\/#breadcrumb"},"inLanguage":"de","potentialAction":[{"@type":"ReadAction","target":["https:\/\/scuba-legends.com\/de\/padi-rescue-diver\/"]}]},{"@type":"ImageObject","inLanguage":"de","@id":"https:\/\/scuba-legends.com\/de\/padi-rescue-diver\/#primaryimage","url":"https:\/\/scuba-legends.com\/wp-content\/uploads\/2020\/08\/icono-ok-80x80-1.jpg","contentUrl":"https:\/\/scuba-legends.com\/wp-content\/uploads\/2020\/08\/icono-ok-80x80-1.jpg"},{"@type":"BreadcrumbList","@id":"https:\/\/scuba-legends.com\/de\/padi-rescue-diver\/#breadcrumb","itemListElement":[{"@type":"ListItem","position":1,"name":"Scuba Legends","item":"https:\/\/scuba-legends.com\/de\/"},{"@type":"ListItem","position":2,"name":"PADI Rescue Diver"}]},{"@type":"WebSite","@id":"https:\/\/scuba-legends.com\/de\/#website","url":"https:\/\/scuba-legends.com\/de\/","name":"Scuba Legends","description":"Dive Center Lanzarote","publisher":{"@id":"https:\/\/scuba-legends.com\/de\/#organization"},"potentialAction":[{"@type":"SearchAction","target":{"@type":"EntryPoint","urlTemplate":"https:\/\/scuba-legends.com\/de\/?s={search_term_string}"},"query-input":{"@type":"PropertyValueSpecification","valueRequired":true,"valueName":"search_term_string"}}],"inLanguage":"de"},{"@type":"Organization","@id":"https:\/\/scuba-legends.com\/de\/#organization","name":"Scuba Legends Dive Center Lanzarote","url":"https:\/\/scuba-legends.com\/de\/","logo":{"@type":"ImageObject","inLanguage":"de","@id":"https:\/\/scuba-legends.com\/de\/#\/schema\/logo\/image\/","url":"https:\/\/scuba-legends.com\/wp-content\/uploads\/2020\/01\/scuba_legends_favicon.png","contentUrl":"https:\/\/scuba-legends.com\/wp-content\/uploads\/2020\/01\/scuba_legends_favicon.png","width":512,"height":512,"caption":"Scuba Legends Dive Center Lanzarote"},"image":{"@id":"https:\/\/scuba-legends.com\/de\/#\/schema\/logo\/image\/"},"sameAs":["https:\/\/www.facebook.com\/ScubaLegends\/","https:\/\/x.com\/scubalegends","https:\/\/www.instagram.com\/scuba_legends\/","https:\/\/www.youtube.com\/channel\/UCUjHU7Mmii5SfLoodxNZmqQ"]}]}},"_links":{"self":[{"href":"https:\/\/scuba-legends.com\/de\/wp-json\/wp\/v2\/pages\/6313","targetHints":{"allow":["GET"]}}],"collection":[{"href":"https:\/\/scuba-legends.com\/de\/wp-json\/wp\/v2\/pages"}],"about":[{"href":"https:\/\/scuba-legends.com\/de\/wp-json\/wp\/v2\/types\/page"}],"author":[{"embeddable":true,"href":"https:\/\/scuba-legends.com\/de\/wp-json\/wp\/v2\/users\/2"}],"replies":[{"embeddable":true,"href":"https:\/\/scuba-legends.com\/de\/wp-json\/wp\/v2\/comments?post=6313"}],"version-history":[{"count":10,"href":"https:\/\/scuba-legends.com\/de\/wp-json\/wp\/v2\/pages\/6313\/revisions"}],"predecessor-version":[{"id":20059,"href":"https:\/\/scuba-legends.com\/de\/wp-json\/wp\/v2\/pages\/6313\/revisions\/20059"}],"wp:attachment":[{"href":"https:\/\/scuba-legends.com\/de\/wp-json\/wp\/v2\/media?parent=6313"}],"curies":[{"name":"wp","href":"https:\/\/api.w.org\/{rel}","templated":true}]}}