{"id":6307,"date":"2020-09-30T10:44:53","date_gmt":"2020-09-30T10:44:53","guid":{"rendered":"https:\/\/scuba-legends.com\/padi-reactivate\/"},"modified":"2025-06-23T11:25:21","modified_gmt":"2025-06-23T11:25:21","slug":"padi-reactivate","status":"publish","type":"page","link":"https:\/\/scuba-legends.com\/de\/padi-reactivate\/","title":{"rendered":"Auffrischung deiner Tauchfertigkeiten"},"content":{"rendered":"<p>[et_pb_section fb_built=&#8221;1&#8243; fullwidth=&#8221;on&#8221; module_id=&#8221;spheader-section&#8221; _builder_version=&#8221;4.16&#8243; global_colors_info=&#8221;{}&#8221;][et_pb_fullwidth_header title=&#8221;Auffrischung deiner Tauchfertigkeiten&#8221; admin_label=&#8221;Vollbreite Kopfzeile&#8221; _builder_version=&#8221;4.27.4&#8243; title_text_align=&#8221;left&#8221; title_font_size=&#8221;54px&#8221; subhead_font=&#8221;|||on|||||&#8221; background_image=&#8221;https:\/\/scuba-legends.com\/wp-content\/uploads\/2023\/12\/Header-About-Us-1400&#215;900-1.jpg&#8221; width=&#8221;100%&#8221; module_alignment=&#8221;center&#8221; custom_padding=&#8221;80px||80px||true|&#8221; hover_enabled=&#8221;0&#8243; title_font_size_tablet=&#8221;44px&#8221; background_last_edited=&#8221;on|desktop&#8221; custom_css_main_element=&#8221;background-position: center -240px;&#8221; custom_css_title=&#8221;order: 2;&#8221; custom_css_subtitle=&#8221;order: 1;&#8221; global_colors_info=&#8221;{}&#8221; custom_css_main_element_last_edited=&#8221;on|tablet&#8221; custom_css_main_element_tablet=&#8221;background-position: center -70px;&#8221; custom_css_main_element_phone=&#8221;background-position: center center;&#8221; sticky_enabled=&#8221;0&#8243;]<\/p>\n<p style=\"text-align: left;\">\u00a0MAKE IT LEGENDARY<\/p>\n<p>[\/et_pb_fullwidth_header][\/et_pb_section][et_pb_section fb_built=&#8221;1&#8243; _builder_version=&#8221;4.16&#8243; custom_margin=&#8221;-50px||||false|false&#8221; global_colors_info=&#8221;{}&#8221;][et_pb_row _builder_version=&#8221;4.16&#8243; global_colors_info=&#8221;{}&#8221;][et_pb_column type=&#8221;4_4&#8243; _builder_version=&#8221;4.16&#8243; global_colors_info=&#8221;{}&#8221;][et_pb_text _builder_version=&#8221;4.27.4&#8243; text_font_size=&#8221;18px&#8221; custom_margin=&#8221;-20px||||false|false&#8221; hover_enabled=&#8221;0&#8243; global_colors_info=&#8221;{}&#8221; sticky_enabled=&#8221;0&#8243;]<\/p>\n<h2 style=\"text-align: center; color: #0db4d5;\">F\u00fchlst du dich ein wenig eingerostet? Zeit f\u00fcr eine Auffrischung deiner Tauchfertigkeiten!<\/h2>\n<p>[\/et_pb_text][et_pb_text _builder_version=&#8221;4.27.4&#8243; hover_enabled=&#8221;0&#8243; global_colors_info=&#8221;{}&#8221; sticky_enabled=&#8221;0&#8243;]<\/p>\n<p data-start=\"215\" data-end=\"845\">Du warst schon l\u00e4nger nicht mehr tauchen? Die regelm\u00e4\u00dfige Auffrischung deiner Tauchfertigkeiten ist sehr wichtig. Besonders, wenn du weniger als 30 Tauchg\u00e4nge hast und\/oder seit \u00fcber 12 Monaten nicht mehr im Wasser warst, empfehlen wir dir, an einer Trainingseinheit teilzunehmen, um deine Tauchfertigkeiten aufzufrischen. Gemeinsam gehen wir wichtige Grundlagen durch: Ger\u00e4tezusammenbau, \u00dcbungen unter Wasser und Tarierungstraining, damit du sicher und entspannt wieder abtauchen kannst. Die Session passen wir individuell an deine Bed\u00fcrfnisse an \u2013 ob gezieltes Techniktraining oder eine Kombination aus \u00dcbungen und einem Tauchgang.<\/p>\n<p data-start=\"847\" data-end=\"1103\"><strong data-start=\"847\" data-end=\"919\">Sicherheit geht vor \u2013 f\u00fcr dich, deinen Guide und deine Tauchpartner.<\/strong> Wenn du dich unsicher f\u00fchlst, ist es absolut in Ordnung, erstmal einen Schritt zur\u00fcckzugehen. Denk daran: Tauchen ist ein Abenteuersport \u2013 und Sicherheit steht immer an erster Stelle!<\/p>\n<p data-start=\"847\" data-end=\"1103\"><strong data-start=\"1105\" data-end=\"1176\">M\u00f6chtest du dein Tauchwissen auffrischen, bevor es ins Wasser geht?<\/strong><br data-start=\"1176\" data-end=\"1179\" \/>Wir k\u00f6nnen dich f\u00fcr das optionale PADI eLearning ReActivate-Programm anmelden. Nach erfolgreichem Abschluss erh\u00e4ltst du eine Re-Zertifizierung und kannst wieder selbstbewusst tauchen. Wenn dein Tauchschein schon \u00fcber ein Jahrzehnt alt ist und du seither nicht mehr getaucht bist, \u00fcberlege dir, ob nicht ein kompletter Kurs sinnvoller w\u00e4re als nur eine Auffrischung. Wir helfen dir dabei, wieder sicher und mit Freude ins Wasser zur\u00fcckzukehren.<\/p>\n<p>[\/et_pb_text][\/et_pb_column][\/et_pb_row][\/et_pb_section][et_pb_section fb_built=&#8221;1&#8243; _builder_version=&#8221;4.16&#8243; custom_margin=&#8221;-50px||||false|false&#8221; global_colors_info=&#8221;{}&#8221;][et_pb_row _builder_version=&#8221;4.16&#8243; custom_margin=&#8221;-20px||||false|false&#8221; global_colors_info=&#8221;{}&#8221;][et_pb_column type=&#8221;4_4&#8243; _builder_version=&#8221;4.16&#8243; global_colors_info=&#8221;{}&#8221;][et_pb_text _builder_version=&#8221;4.27.4&#8243; text_font_size=&#8221;18px&#8221; custom_margin=&#8221;-20px||||false|false&#8221; hover_enabled=&#8221;0&#8243; global_colors_info=&#8221;{}&#8221; sticky_enabled=&#8221;0&#8243;]<\/p>\n<h2 style=\"text-align: center; color: #0db4d5;\">Was beinhaltet die Auffrischung deiner Tauchfertigkeiten?<\/h2>\n<p>[\/et_pb_text][et_pb_text _builder_version=&#8221;4.27.4&#8243; hover_enabled=&#8221;0&#8243; global_colors_info=&#8221;{}&#8221; sticky_enabled=&#8221;0&#8243; admin_label=&#8221;Text&#8221;]<\/p>\n<p>Wir gestalten dei Auffrischung deiner Tauchfertigkeiten ganz nach deinem Kenntnisstand und deiner Erfahrung. Gemeinsam besprechen wir, welche Themen du wiederholen m\u00f6chtest. Wir gehen die wichtigsten theoretischen Grundlagen durch \u2013 Sicherheit, Ausr\u00fcstung, Tauchgangsplanung und Probleml\u00f6sungen. Danach \u00fcben wir im flachen Wasser deine Tauchfertigkeiten. Sobald du dich wohlf\u00fchlst, machen wir einen kleinen Tauchgang, um das Gef\u00fchl der Schwerelosigkeit wiederzuerlangen.<\/p>\n<p>[\/et_pb_text][\/et_pb_column][\/et_pb_row][\/et_pb_section][et_pb_section fb_built=&#8221;1&#8243; _builder_version=&#8221;4.16&#8243; global_colors_info=&#8221;{}&#8221;][et_pb_row column_structure=&#8221;1_2,1_2&#8243; _builder_version=&#8221;4.16&#8243; custom_margin=&#8221;-150px||||false|false&#8221; global_colors_info=&#8221;{}&#8221;][et_pb_column type=&#8221;1_2&#8243; _builder_version=&#8221;4.16&#8243; global_colors_info=&#8221;{}&#8221;][et_pb_text _builder_version=&#8221;4.27.4&#8243; global_colors_info=&#8221;{}&#8221;]<\/p>\n<ul>\n<li><strong>Dauer<\/strong>: 2 Stunden<\/li>\n<li><strong>Mindestvoraussetzungen<\/strong>:\n<ul>\n<li>Mindestalter 10 Jahre<\/li>\n<li>Zertifizierter Taucher<\/li>\n<li>Gesundheitlich fit zum Tauchen<\/li>\n<\/ul>\n<\/li>\n<li><strong>Preis: <\/strong>75\u20ac (Optional: PADI ReActivate eLearning +55\u20ac)<\/li>\n<\/ul>\n<p>[\/et_pb_text][\/et_pb_column][et_pb_column type=&#8221;1_2&#8243; _builder_version=&#8221;4.16&#8243; global_colors_info=&#8221;{}&#8221;][et_pb_text _builder_version=&#8221;4.27.4&#8243; background_color=&#8221;rgba(13,180,213,0.17)&#8221; custom_padding=&#8221;25px|25px|25px|25px|false|false&#8221; hover_enabled=&#8221;0&#8243; border_radii=&#8221;on|3px|3px|3px|3px&#8221; global_colors_info=&#8221;{}&#8221; sticky_enabled=&#8221;0&#8243;]<\/p>\n<h4 style=\"text-align: center; color: #0db4d5;\">Immer inklusive:<\/h4>\n<ul>\n<li style=\"list-style-type: none;\">\n<ul>\n<li>1 Auffrischungstauchgang inkl. \u00dcbungen<\/li>\n<li>Wasser und Snacks<\/li>\n<li><strong>Maximal 5 Taucher in einer Gruppe<\/strong><\/li>\n<li><strong>Leidenschaftliche und erfahrene Tauchlehrer<\/strong><\/li>\n<\/ul>\n<\/li>\n<\/ul>\n<p>[\/et_pb_text][\/et_pb_column][\/et_pb_row][et_pb_row _builder_version=&#8221;4.16&#8243; global_colors_info=&#8221;{}&#8221;][et_pb_column type=&#8221;4_4&#8243; _builder_version=&#8221;4.16&#8243; global_colors_info=&#8221;{}&#8221;][et_pb_button button_url=&#8221;https:\/\/app.bukyapp.com\/front\/673ef83180e03463a90b61e6\/product\/6751c0fa06c0ee8645c26653?lang=en&#8221; url_new_window=&#8221;on&#8221; button_text=&#8221;JETZT BUCHEN&#8221; button_alignment=&#8221;center&#8221; _builder_version=&#8221;4.27.4&#8243; custom_button=&#8221;on&#8221; button_text_size=&#8221;16px&#8221; button_text_color=&#8221;#ffffff&#8221; button_bg_color=&#8221;#0db4d5&#8243; button_border_width=&#8221;6px&#8221; global_colors_info=&#8221;{}&#8221;][\/et_pb_button][\/et_pb_column][\/et_pb_row][\/et_pb_section][et_pb_section fb_built=&#8221;1&#8243; fullwidth=&#8221;on&#8221; _builder_version=&#8221;4.16&#8243; global_colors_info=&#8221;{}&#8221;][et_pb_fullwidth_header text_orientation=&#8221;center&#8221; button_one_text=&#8221;Mehr Infos &#8221; button_one_url=&#8221;https:\/\/scuba-legends.com\/de\/kontakt\/&#8221; button_two_text=&#8221;Reservierung&#8221; button_two_url=&#8221;https:\/\/scuba-legends.com\/de\/buchung\/&#8221; _builder_version=&#8221;4.16&#8243; title_level=&#8221;h3&#8243; background_image=&#8221;https:\/\/scuba-legends.com\/wp-content\/uploads\/2020\/08\/Hazlo-epico-1.jpg&#8221; custom_button_one=&#8221;on&#8221; button_one_text_size=&#8221;16px&#8221; button_one_custom_margin=&#8221;||||false|false&#8221; custom_button_two=&#8221;on&#8221; button_two_text_size=&#8221;16px&#8221; text_shadow_style=&#8221;preset3&#8243; global_colors_info=&#8221;{}&#8221;]<\/p>\n<h2 style=\"text-align: center;\"><strong>Private Tauchlehrer und Tauchguides \u2013 Mach\u2019s episch!<\/strong><\/h2>\n<p style=\"text-align: center;\">Pers\u00f6nlicher VIP-Service f\u00fcr Dich allein (oder mit Deiner Familie und Freunden) gew\u00fcnscht? Wir bieten Dir unseren exklusiven privaten Tauchservice in Puerto del Carmen, Lanzarote, an. <br \/>Wir passen Dein Taucherlebnis an Deine Bed\u00fcrfnisse und Zeiten an.<\/p>\n<p>[\/et_pb_fullwidth_header][\/et_pb_section]<\/p>\n","protected":false},"excerpt":{"rendered":"<p>\u00a0MAKE IT LEGENDARYF\u00fchlst du dich ein wenig eingerostet? Zeit f\u00fcr eine Auffrischung deiner Tauchfertigkeiten!Du warst schon l\u00e4nger nicht mehr tauchen? Die regelm\u00e4\u00dfige Auffrischung deiner Tauchfertigkeiten ist sehr wichtig. Besonders, wenn du weniger als 30 Tauchg\u00e4nge hast und\/oder seit \u00fcber 12 Monaten nicht mehr im Wasser warst, empfehlen wir dir, an einer Trainingseinheit teilzunehmen, um deine [&hellip;]<\/p>\n","protected":false},"author":2,"featured_media":18342,"parent":0,"menu_order":155,"comment_status":"closed","ping_status":"closed","template":"","meta":{"_acf_changed":false,"_et_pb_use_builder":"on","_et_pb_old_content":"","_et_gb_content_width":"","footnotes":""},"class_list":["post-6307","page","type-page","status-publish","has-post-thumbnail","hentry"],"acf":[],"yoast_head":"<!-- This site is optimized with the Yoast SEO plugin v27.4 - https:\/\/yoast.com\/product\/yoast-seo-wordpress\/ -->\n<title>Auffrischung deiner Tauchfertigkeiten - Scuba Legends<\/title>\n<meta name=\"description\" content=\"Du warst schon l\u00e4nger nicht mehr tauchen? Die regelm\u00e4\u00dfige Auffrischung deiner Tauchfertigkeiten ist sehr wichtig.\" \/>\n<meta name=\"robots\" content=\"index, follow, max-snippet:-1, max-image-preview:large, max-video-preview:-1\" \/>\n<link rel=\"canonical\" href=\"https:\/\/scuba-legends.com\/de\/padi-reactivate\/\" \/>\n<meta property=\"og:locale\" content=\"de_DE\" \/>\n<meta property=\"og:type\" content=\"article\" \/>\n<meta property=\"og:title\" content=\"Auffrischung deiner Tauchfertigkeiten - Scuba Legends\" \/>\n<meta property=\"og:description\" content=\"Du warst schon l\u00e4nger nicht mehr tauchen? Die regelm\u00e4\u00dfige Auffrischung deiner Tauchfertigkeiten ist sehr wichtig.\" \/>\n<meta property=\"og:url\" content=\"https:\/\/scuba-legends.com\/de\/padi-reactivate\/\" \/>\n<meta property=\"og:site_name\" content=\"Scuba Legends\" \/>\n<meta property=\"article:publisher\" content=\"https:\/\/www.facebook.com\/ScubaLegends\/\" \/>\n<meta property=\"article:modified_time\" content=\"2025-06-23T11:25:21+00:00\" \/>\n<meta property=\"og:image\" content=\"https:\/\/scuba-legends.com\/wp-content\/uploads\/2024\/08\/Refresh-ReActivate-Header.jpg\" \/>\n\t<meta property=\"og:image:width\" content=\"1200\" \/>\n\t<meta property=\"og:image:height\" content=\"900\" \/>\n\t<meta property=\"og:image:type\" content=\"image\/jpeg\" \/>\n<meta name=\"twitter:card\" content=\"summary_large_image\" \/>\n<meta name=\"twitter:site\" content=\"@scubalegends\" \/>\n<meta name=\"twitter:label1\" content=\"Gesch\u00e4tzte Lesezeit\" \/>\n\t<meta name=\"twitter:data1\" content=\"2\u00a0Minuten\" \/>\n<script type=\"application\/ld+json\" class=\"yoast-schema-graph\">{\"@context\":\"https:\\\/\\\/schema.org\",\"@graph\":[{\"@type\":\"WebPage\",\"@id\":\"https:\\\/\\\/scuba-legends.com\\\/de\\\/padi-reactivate\\\/\",\"url\":\"https:\\\/\\\/scuba-legends.com\\\/de\\\/padi-reactivate\\\/\",\"name\":\"Auffrischung deiner Tauchfertigkeiten - Scuba Legends\",\"isPartOf\":{\"@id\":\"https:\\\/\\\/scuba-legends.com\\\/de\\\/#website\"},\"primaryImageOfPage\":{\"@id\":\"https:\\\/\\\/scuba-legends.com\\\/de\\\/padi-reactivate\\\/#primaryimage\"},\"image\":{\"@id\":\"https:\\\/\\\/scuba-legends.com\\\/de\\\/padi-reactivate\\\/#primaryimage\"},\"thumbnailUrl\":\"https:\\\/\\\/scuba-legends.com\\\/wp-content\\\/uploads\\\/2024\\\/08\\\/Refresh-ReActivate-Header.jpg\",\"datePublished\":\"2020-09-30T10:44:53+00:00\",\"dateModified\":\"2025-06-23T11:25:21+00:00\",\"description\":\"Du warst schon l\u00e4nger nicht mehr tauchen? Die regelm\u00e4\u00dfige Auffrischung deiner Tauchfertigkeiten ist sehr wichtig.\",\"breadcrumb\":{\"@id\":\"https:\\\/\\\/scuba-legends.com\\\/de\\\/padi-reactivate\\\/#breadcrumb\"},\"inLanguage\":\"de\",\"potentialAction\":[{\"@type\":\"ReadAction\",\"target\":[\"https:\\\/\\\/scuba-legends.com\\\/de\\\/padi-reactivate\\\/\"]}]},{\"@type\":\"ImageObject\",\"inLanguage\":\"de\",\"@id\":\"https:\\\/\\\/scuba-legends.com\\\/de\\\/padi-reactivate\\\/#primaryimage\",\"url\":\"https:\\\/\\\/scuba-legends.com\\\/wp-content\\\/uploads\\\/2024\\\/08\\\/Refresh-ReActivate-Header.jpg\",\"contentUrl\":\"https:\\\/\\\/scuba-legends.com\\\/wp-content\\\/uploads\\\/2024\\\/08\\\/Refresh-ReActivate-Header.jpg\",\"width\":1200,\"height\":900,\"caption\":\"Reactivate Refresh your diving skills Auffrischung deiner Tauchfertigkeiten\"},{\"@type\":\"BreadcrumbList\",\"@id\":\"https:\\\/\\\/scuba-legends.com\\\/de\\\/padi-reactivate\\\/#breadcrumb\",\"itemListElement\":[{\"@type\":\"ListItem\",\"position\":1,\"name\":\"Scuba Legends\",\"item\":\"https:\\\/\\\/scuba-legends.com\\\/de\\\/\"},{\"@type\":\"ListItem\",\"position\":2,\"name\":\"Auffrischung deiner Tauchfertigkeiten\"}]},{\"@type\":\"WebSite\",\"@id\":\"https:\\\/\\\/scuba-legends.com\\\/de\\\/#website\",\"url\":\"https:\\\/\\\/scuba-legends.com\\\/de\\\/\",\"name\":\"Scuba Legends\",\"description\":\"Dive Center Lanzarote\",\"publisher\":{\"@id\":\"https:\\\/\\\/scuba-legends.com\\\/de\\\/#organization\"},\"potentialAction\":[{\"@type\":\"SearchAction\",\"target\":{\"@type\":\"EntryPoint\",\"urlTemplate\":\"https:\\\/\\\/scuba-legends.com\\\/de\\\/?s={search_term_string}\"},\"query-input\":{\"@type\":\"PropertyValueSpecification\",\"valueRequired\":true,\"valueName\":\"search_term_string\"}}],\"inLanguage\":\"de\"},{\"@type\":\"Organization\",\"@id\":\"https:\\\/\\\/scuba-legends.com\\\/de\\\/#organization\",\"name\":\"Scuba Legends Dive Center Lanzarote\",\"url\":\"https:\\\/\\\/scuba-legends.com\\\/de\\\/\",\"logo\":{\"@type\":\"ImageObject\",\"inLanguage\":\"de\",\"@id\":\"https:\\\/\\\/scuba-legends.com\\\/de\\\/#\\\/schema\\\/logo\\\/image\\\/\",\"url\":\"https:\\\/\\\/scuba-legends.com\\\/wp-content\\\/uploads\\\/2020\\\/01\\\/scuba_legends_favicon.png\",\"contentUrl\":\"https:\\\/\\\/scuba-legends.com\\\/wp-content\\\/uploads\\\/2020\\\/01\\\/scuba_legends_favicon.png\",\"width\":512,\"height\":512,\"caption\":\"Scuba Legends Dive Center Lanzarote\"},\"image\":{\"@id\":\"https:\\\/\\\/scuba-legends.com\\\/de\\\/#\\\/schema\\\/logo\\\/image\\\/\"},\"sameAs\":[\"https:\\\/\\\/www.facebook.com\\\/ScubaLegends\\\/\",\"https:\\\/\\\/x.com\\\/scubalegends\",\"https:\\\/\\\/www.instagram.com\\\/scuba_legends\\\/\",\"https:\\\/\\\/www.youtube.com\\\/channel\\\/UCUjHU7Mmii5SfLoodxNZmqQ\"]}]}<\/script>\n<!-- \/ Yoast SEO plugin. -->","yoast_head_json":{"title":"Auffrischung deiner Tauchfertigkeiten - Scuba Legends","description":"Du warst schon l\u00e4nger nicht mehr tauchen? Die regelm\u00e4\u00dfige Auffrischung deiner Tauchfertigkeiten ist sehr wichtig.","robots":{"index":"index","follow":"follow","max-snippet":"max-snippet:-1","max-image-preview":"max-image-preview:large","max-video-preview":"max-video-preview:-1"},"canonical":"https:\/\/scuba-legends.com\/de\/padi-reactivate\/","og_locale":"de_DE","og_type":"article","og_title":"Auffrischung deiner Tauchfertigkeiten - Scuba Legends","og_description":"Du warst schon l\u00e4nger nicht mehr tauchen? Die regelm\u00e4\u00dfige Auffrischung deiner Tauchfertigkeiten ist sehr wichtig.","og_url":"https:\/\/scuba-legends.com\/de\/padi-reactivate\/","og_site_name":"Scuba Legends","article_publisher":"https:\/\/www.facebook.com\/ScubaLegends\/","article_modified_time":"2025-06-23T11:25:21+00:00","og_image":[{"width":1200,"height":900,"url":"https:\/\/scuba-legends.com\/wp-content\/uploads\/2024\/08\/Refresh-ReActivate-Header.jpg","type":"image\/jpeg"}],"twitter_card":"summary_large_image","twitter_site":"@scubalegends","twitter_misc":{"Gesch\u00e4tzte Lesezeit":"2\u00a0Minuten"},"schema":{"@context":"https:\/\/schema.org","@graph":[{"@type":"WebPage","@id":"https:\/\/scuba-legends.com\/de\/padi-reactivate\/","url":"https:\/\/scuba-legends.com\/de\/padi-reactivate\/","name":"Auffrischung deiner Tauchfertigkeiten - Scuba Legends","isPartOf":{"@id":"https:\/\/scuba-legends.com\/de\/#website"},"primaryImageOfPage":{"@id":"https:\/\/scuba-legends.com\/de\/padi-reactivate\/#primaryimage"},"image":{"@id":"https:\/\/scuba-legends.com\/de\/padi-reactivate\/#primaryimage"},"thumbnailUrl":"https:\/\/scuba-legends.com\/wp-content\/uploads\/2024\/08\/Refresh-ReActivate-Header.jpg","datePublished":"2020-09-30T10:44:53+00:00","dateModified":"2025-06-23T11:25:21+00:00","description":"Du warst schon l\u00e4nger nicht mehr tauchen? Die regelm\u00e4\u00dfige Auffrischung deiner Tauchfertigkeiten ist sehr wichtig.","breadcrumb":{"@id":"https:\/\/scuba-legends.com\/de\/padi-reactivate\/#breadcrumb"},"inLanguage":"de","potentialAction":[{"@type":"ReadAction","target":["https:\/\/scuba-legends.com\/de\/padi-reactivate\/"]}]},{"@type":"ImageObject","inLanguage":"de","@id":"https:\/\/scuba-legends.com\/de\/padi-reactivate\/#primaryimage","url":"https:\/\/scuba-legends.com\/wp-content\/uploads\/2024\/08\/Refresh-ReActivate-Header.jpg","contentUrl":"https:\/\/scuba-legends.com\/wp-content\/uploads\/2024\/08\/Refresh-ReActivate-Header.jpg","width":1200,"height":900,"caption":"Reactivate Refresh your diving skills Auffrischung deiner Tauchfertigkeiten"},{"@type":"BreadcrumbList","@id":"https:\/\/scuba-legends.com\/de\/padi-reactivate\/#breadcrumb","itemListElement":[{"@type":"ListItem","position":1,"name":"Scuba Legends","item":"https:\/\/scuba-legends.com\/de\/"},{"@type":"ListItem","position":2,"name":"Auffrischung deiner Tauchfertigkeiten"}]},{"@type":"WebSite","@id":"https:\/\/scuba-legends.com\/de\/#website","url":"https:\/\/scuba-legends.com\/de\/","name":"Scuba Legends","description":"Dive Center Lanzarote","publisher":{"@id":"https:\/\/scuba-legends.com\/de\/#organization"},"potentialAction":[{"@type":"SearchAction","target":{"@type":"EntryPoint","urlTemplate":"https:\/\/scuba-legends.com\/de\/?s={search_term_string}"},"query-input":{"@type":"PropertyValueSpecification","valueRequired":true,"valueName":"search_term_string"}}],"inLanguage":"de"},{"@type":"Organization","@id":"https:\/\/scuba-legends.com\/de\/#organization","name":"Scuba Legends Dive Center Lanzarote","url":"https:\/\/scuba-legends.com\/de\/","logo":{"@type":"ImageObject","inLanguage":"de","@id":"https:\/\/scuba-legends.com\/de\/#\/schema\/logo\/image\/","url":"https:\/\/scuba-legends.com\/wp-content\/uploads\/2020\/01\/scuba_legends_favicon.png","contentUrl":"https:\/\/scuba-legends.com\/wp-content\/uploads\/2020\/01\/scuba_legends_favicon.png","width":512,"height":512,"caption":"Scuba Legends Dive Center Lanzarote"},"image":{"@id":"https:\/\/scuba-legends.com\/de\/#\/schema\/logo\/image\/"},"sameAs":["https:\/\/www.facebook.com\/ScubaLegends\/","https:\/\/x.com\/scubalegends","https:\/\/www.instagram.com\/scuba_legends\/","https:\/\/www.youtube.com\/channel\/UCUjHU7Mmii5SfLoodxNZmqQ"]}]}},"_links":{"self":[{"href":"https:\/\/scuba-legends.com\/de\/wp-json\/wp\/v2\/pages\/6307","targetHints":{"allow":["GET"]}}],"collection":[{"href":"https:\/\/scuba-legends.com\/de\/wp-json\/wp\/v2\/pages"}],"about":[{"href":"https:\/\/scuba-legends.com\/de\/wp-json\/wp\/v2\/types\/page"}],"author":[{"embeddable":true,"href":"https:\/\/scuba-legends.com\/de\/wp-json\/wp\/v2\/users\/2"}],"replies":[{"embeddable":true,"href":"https:\/\/scuba-legends.com\/de\/wp-json\/wp\/v2\/comments?post=6307"}],"version-history":[{"count":10,"href":"https:\/\/scuba-legends.com\/de\/wp-json\/wp\/v2\/pages\/6307\/revisions"}],"predecessor-version":[{"id":19601,"href":"https:\/\/scuba-legends.com\/de\/wp-json\/wp\/v2\/pages\/6307\/revisions\/19601"}],"wp:featuredmedia":[{"embeddable":true,"href":"https:\/\/scuba-legends.com\/de\/wp-json\/wp\/v2\/media\/18342"}],"wp:attachment":[{"href":"https:\/\/scuba-legends.com\/de\/wp-json\/wp\/v2\/media?parent=6307"}],"curies":[{"name":"wp","href":"https:\/\/api.w.org\/{rel}","templated":true}]}}