{"id":6278,"date":"2020-09-30T10:05:03","date_gmt":"2020-09-30T10:05:03","guid":{"rendered":"https:\/\/scuba-legends.com\/spezialkurs-wracktauchen\/"},"modified":"2025-08-18T09:45:39","modified_gmt":"2025-08-18T09:45:39","slug":"spezialkurs-wracktauchen","status":"publish","type":"page","link":"https:\/\/scuba-legends.com\/de\/spezialkurs-wracktauchen\/","title":{"rendered":"PADI Spezialkurs Wracktauchen"},"content":{"rendered":"<p>[et_pb_section fb_built=&#8221;1&#8243; fullwidth=&#8221;on&#8221; module_id=&#8221;spheader-section&#8221; _builder_version=&#8221;4.16&#8243; global_colors_info=&#8221;{}&#8221;][et_pb_fullwidth_header title=&#8221;PADI Spezialkurs Wracktauchen&#8221; _builder_version=&#8221;4.16&#8243; title_text_align=&#8221;left&#8221; title_font_size=&#8221;54px&#8221; subhead_font=&#8221;|||on|||||&#8221; background_image=&#8221;https:\/\/scuba-legends.com\/wp-content\/uploads\/2020\/09\/8E-Wrecks-1280&#215;900-1.jpg&#8221; width=&#8221;100%&#8221; module_alignment=&#8221;center&#8221; custom_padding=&#8221;80px||80px||true|&#8221; title_font_size_tablet=&#8221;44px&#8221; background_last_edited=&#8221;on|desktop&#8221; custom_css_main_element=&#8221;background-position: center -240px;&#8221; custom_css_title=&#8221;order: 2;&#8221; custom_css_subtitle=&#8221;order: 1;&#8221; global_colors_info=&#8221;{}&#8221; custom_css_main_element_last_edited=&#8221;on|tablet&#8221; custom_css_main_element_tablet=&#8221;background-position: center -70px;&#8221; custom_css_main_element_phone=&#8221;background-position: center center;&#8221;]<\/p>\n<p>MAKE IT LEGENDARY<\/p>\n<p>[\/et_pb_fullwidth_header][\/et_pb_section][et_pb_section fb_built=&#8221;1&#8243; _builder_version=&#8221;4.16&#8243; custom_margin=&#8221;-50px||||false|false&#8221; locked=&#8221;off&#8221; global_colors_info=&#8221;{}&#8221;][et_pb_row _builder_version=&#8221;4.16&#8243; global_colors_info=&#8221;{}&#8221;][et_pb_column type=&#8221;4_4&#8243; _builder_version=&#8221;4.16&#8243; global_colors_info=&#8221;{}&#8221;][et_pb_text _builder_version=&#8221;4.27.4&#8243; text_font_size=&#8221;18px&#8221; custom_margin=&#8221;-20px||||false|false&#8221; global_colors_info=&#8221;{}&#8221;]<\/p>\n<h2 style=\"text-align: center; color: #0db4d5;\">PADI Spezialkurs Wracktauchen \u2013 Erkunde Wracks in Puerto del Carmen<\/h2>\n<p>[\/et_pb_text][et_pb_text _builder_version=&#8221;4.27.4&#8243; global_colors_info=&#8221;{}&#8221;]<\/p>\n<p data-start=\"4294\" data-end=\"4678\">Tauche ein in die Geschichte unter den Wellen mit unserem <strong>PADI Spezialkurs Wracktauchen in Puerto del Carmen, Lanzarote.<\/strong> Wracktauchen vereint Abenteuer, Geschichte und Erkundung \u2013 hier kannst du faszinierende versunkene Schiffe entdecken und gleichzeitig die Legenden und Geschichten erleben, die sie erz\u00e4hlen.<\/p>\n<p data-start=\"4680\" data-end=\"5159\">Puerto del Carmen beheimatet mehrere Wracks und ist damit der ideale Ort f\u00fcr diesen Spezialkurs. Von absichtlich versenkten Booten bis zu Booten mit tragischer Vergangenheit bieten die Wracks hier vielf\u00e4ltige Herausforderungen f\u00fcr Taucher aller Erfahrungsstufen. Die Tauchpl\u00e4tze richten sich nach deinem Erfahrungslevel und den Wetterbedingungen und k\u00f6nnen das <strong>Barco Hundido in Playa Chica<\/strong>, die <strong>Wracks von Puerto del Carme<\/strong>n und die W<strong>racks des Barranco del Qu\u00e9quere<\/strong> umfassen.<\/p>\n<p data-start=\"5161\" data-end=\"5238\">W\u00e4hrend des Kurses wird dein Instructor dich durch folgende Inhalte f\u00fchren:<\/p>\n<ul data-start=\"5239\" data-end=\"5497\">\n<li data-start=\"5239\" data-end=\"5325\">\n<p data-start=\"5241\" data-end=\"5325\">Die verschiedenen Arten von Wracks und ihre historische sowie kulturelle Bedeutung<\/p>\n<\/li>\n<li data-start=\"5326\" data-end=\"5423\">\n<p data-start=\"5328\" data-end=\"5423\">Lokale gesetzliche Einschr\u00e4nkungen und bew\u00e4hrte Praktiken f\u00fcr verantwortungsbewusstes Tauchen<\/p>\n<\/li>\n<li data-start=\"5424\" data-end=\"5497\">\n<p data-start=\"5426\" data-end=\"5497\">Techniken zur sicheren Navigation in Wracks unter Schonung der Umwelt<\/p>\n<\/li>\n<\/ul>\n<p data-start=\"5499\" data-end=\"5573\">Das Programm beinhaltet <strong>vier Freiwassertauchg\u00e4nge<\/strong>:<\/p>\n<ul data-start=\"5574\" data-end=\"5800\">\n<li data-start=\"5574\" data-end=\"5622\">\n<p data-start=\"5576\" data-end=\"5622\">Untergetauchte Wracks erkunden und kartieren<\/p>\n<\/li>\n<li data-start=\"5623\" data-end=\"5714\">\n<p data-start=\"5625\" data-end=\"5714\">Tarierungskontrolle \u00fcben und Techniken zur Vermeidung von Sedimentaufwirbelung anwenden<\/p>\n<\/li>\n<li data-start=\"5715\" data-end=\"5800\">\n<p data-start=\"5717\" data-end=\"5800\">Den Umgang mit Penetrationsleinen und Spulen f\u00fcr sichere Wracknavigation erlernen<\/p>\n<\/li>\n<\/ul>\n<p data-start=\"5802\" data-end=\"6033\">F\u00fcr erfahrene Taucher und wenn die Bedingungen es zulassen, <strong>kann der letzte Tauchgang eine Wrackpenetration beinhalten<\/strong>, die dir eine einzigartige Perspektive des Lebens unter Wasser bietet, ohne die empfindliche Umwelt zu st\u00f6ren.<\/p>\n<p data-start=\"6035\" data-end=\"6228\">Am Ende des Kurses verf\u00fcgst du \u00fcber das Wissen und die F\u00e4higkeiten, Wracks sicher, verantwortungsvoll und selbstbewusst zu tauchen \u2013 und erschlie\u00dft eine Welt voller Geschichte unter dem Meer.<\/p>\n<p>[\/et_pb_text][\/et_pb_column][\/et_pb_row][et_pb_row _builder_version=&#8221;4.16&#8243; global_colors_info=&#8221;{}&#8221;][et_pb_column type=&#8221;4_4&#8243; _builder_version=&#8221;4.16&#8243; global_colors_info=&#8221;{}&#8221;][et_pb_button button_url=&#8221;https:\/\/app.bukyapp.com\/front\/673ef83180e03463a90b61e6\/product\/6751c4f106c0ee8645c29c34&#8243; url_new_window=&#8221;on&#8221; button_text=&#8221;VERF\u00dcGBARKEIT &#038; PREISE&#8221; button_alignment=&#8221;center&#8221; _builder_version=&#8221;4.27.4&#8243; custom_button=&#8221;on&#8221; button_text_size=&#8221;16px&#8221; button_text_color=&#8221;#ffffff&#8221; button_bg_color=&#8221;#0db4d5&#8243; button_border_width=&#8221;6px&#8221; global_colors_info=&#8221;{}&#8221;][\/et_pb_button][\/et_pb_column][\/et_pb_row][et_pb_row column_structure=&#8221;1_3,1_3,1_3&#8243; _builder_version=&#8221;4.16&#8243; locked=&#8221;off&#8221; global_colors_info=&#8221;{}&#8221;][et_pb_column type=&#8221;1_3&#8243; _builder_version=&#8221;4.16&#8243; global_colors_info=&#8221;{}&#8221;][et_pb_text admin_label=&#8221;Text&#8221; _builder_version=&#8221;4.27.4&#8243; background_color=&#8221;rgba(13,180,213,0.17)&#8221; custom_padding=&#8221;25px|25px|25px|25px|false|false&#8221; hover_enabled=&#8221;0&#8243; border_radii=&#8221;on|3px|3px|3px|3px&#8221; global_colors_info=&#8221;{}&#8221; sticky_enabled=&#8221;0&#8243;]<\/p>\n<h4 style=\"text-align: center; color: #0db4d5;\">Weitere Infos?<\/h4>\n<p><strong>PADI SPEZIALKURS WRACKTAUCHEN<\/strong><\/p>\n<ul>\n<li>Tauchplatz: Playa Chica + Bootstauchg\u00e4nge (Puerto del Carmen)<\/li>\n<li>Tauchg\u00e4nge: 4<\/li>\n<li>Tiefe: max. 40 Meter<\/li>\n<li>Dauer: 2-2,5 Tage + eLearning<\/li>\n<li>Preis: ab 450\u20ac<\/li>\n<\/ul>\n<h4 style=\"text-align: center; color: #0db4d5;\"><a href=\"https:\/\/app.bukyapp.com\/front\/673ef83180e03463a90b61e6\/product\/6751c4f106c0ee8645c29c34\" target=\"_blank\" rel=\"noopener\">JETZT BUCHEN<\/a><\/h4>\n<p>[\/et_pb_text][\/et_pb_column][et_pb_column type=&#8221;1_3&#8243; _builder_version=&#8221;4.16&#8243; global_colors_info=&#8221;{}&#8221;][et_pb_text _builder_version=&#8221;4.27.4&#8243; background_color=&#8221;rgba(13,180,213,0.17)&#8221; custom_padding=&#8221;25px|25px|25px|25px|false|false&#8221; border_radii=&#8221;on|3px|3px|3px|3px&#8221; global_colors_info=&#8221;{}&#8221;]<\/p>\n<h4 style=\"text-align: center; color: #0db4d5;\">Was ist inklusive?<\/h4>\n<ul>\n<li>PADI eLearning Zugang<\/li>\n<li>PADI Zertifizierungskosten<\/li>\n<li>Wasser und Kekse zwischen den Tauchg\u00e4ngen<\/li>\n<li>Erfahrener Tauchlehrer<\/li>\n<li>Kleine Gruppen<\/li>\n<\/ul>\n<p>[\/et_pb_text][et_pb_text admin_label=&#8221;Text&#8221; _builder_version=&#8221;4.27.4&#8243; background_color=&#8221;rgba(13,180,213,0.17)&#8221; custom_padding=&#8221;25px|25px|25px|25px|false|false&#8221; border_radii=&#8221;on|3px|3px|3px|3px&#8221; global_colors_info=&#8221;{}&#8221;]<\/p>\n<h4 style=\"text-align: center; color: #0db4d5;\">Was sind die Voraussetzungen?<\/h4>\n<ul>\n<li>Mindestalter 15 Jahre<\/li>\n<li>Min. Adventure Diver<\/li>\n<li>Gesundheitlich tauchtauglich: Einige Vorerkrankungen erfordern \u00e4rztliche Abkl\u00e4rung.<\/li>\n<li><strong><a href=\"https:\/\/www.uhms.org\/de\/resources\/featured-resources\/recreational-diving-medical-screening-system.html\">Klick hier, um zu \u00fcberpr\u00fcfen, ob Du ein \u00e4rztliches Attest ben\u00f6tigst.<\/a><\/strong><\/li>\n<\/ul>\n<p>[\/et_pb_text][\/et_pb_column][et_pb_column type=&#8221;1_3&#8243; _builder_version=&#8221;4.16&#8243; global_colors_info=&#8221;{}&#8221;][et_pb_text _builder_version=&#8221;4.27.4&#8243; background_color=&#8221;rgba(13,180,213,0.17)&#8221; custom_padding=&#8221;25px|25px|25px|25px|false|false&#8221; border_radii=&#8221;on|3px|3px|3px|3px&#8221; global_colors_info=&#8221;{}&#8221;]<\/p>\n<h4 style=\"text-align: center; color: #0db4d5;\">Gut zu wissen!<\/h4>\n<ul>\n<li>Verleih von Tauchausr\u00fcstung verf\u00fcgbar<\/li>\n<li>Buche deine DAN Tauchversicherung mit uns<\/li>\n<li>Mitzubringen: Badekleidung, Handtuch, Sonnenbrille, Sonnenschutz, Wechselkleidung<\/li>\n<li>+18 Stunden Flugverbot nach zwei oder mehr Tauchg\u00e4ngen<\/li>\n<li>Es wird empfohlen, im Voraus zu buchen<\/li>\n<\/ul>\n<p>[\/et_pb_text][\/et_pb_column][\/et_pb_row][et_pb_row _builder_version=&#8221;4.16&#8243; global_colors_info=&#8221;{}&#8221;][et_pb_column type=&#8221;4_4&#8243; _builder_version=&#8221;4.16&#8243; global_colors_info=&#8221;{}&#8221;][et_pb_button button_url=&#8221;https:\/\/app.bukyapp.com\/front\/673ef83180e03463a90b61e6\/product\/6751c4f106c0ee8645c29c34&#8243; url_new_window=&#8221;on&#8221; button_text=&#8221;VERF\u00dcGBARKEIT &#038; PREISE&#8221; button_alignment=&#8221;center&#8221; _builder_version=&#8221;4.27.4&#8243; custom_button=&#8221;on&#8221; button_text_size=&#8221;16px&#8221; button_text_color=&#8221;#ffffff&#8221; button_bg_color=&#8221;#0db4d5&#8243; button_border_width=&#8221;6px&#8221; global_colors_info=&#8221;{}&#8221;][\/et_pb_button][\/et_pb_column][\/et_pb_row][\/et_pb_section][et_pb_section fb_built=&#8221;1&#8243; fullwidth=&#8221;on&#8221; _builder_version=&#8221;4.16&#8243; global_colors_info=&#8221;{}&#8221;][et_pb_fullwidth_header text_orientation=&#8221;center&#8221; button_one_text=&#8221;Mehr Infos &#8221; button_one_url=&#8221;https:\/\/scuba-legends.com\/de\/kontakt\/&#8221; button_two_text=&#8221;Reservierung&#8221; button_two_url=&#8221;https:\/\/scuba-legends.com\/de\/buchung\/&#8221; _builder_version=&#8221;4.16&#8243; title_level=&#8221;h3&#8243; background_image=&#8221;https:\/\/scuba-legends.com\/wp-content\/uploads\/2020\/08\/Hazlo-epico-1.jpg&#8221; custom_button_one=&#8221;on&#8221; button_one_text_size=&#8221;16px&#8221; button_one_custom_margin=&#8221;||||false|false&#8221; custom_button_two=&#8221;on&#8221; button_two_text_size=&#8221;16px&#8221; text_shadow_style=&#8221;preset3&#8243; global_colors_info=&#8221;{}&#8221;]<\/p>\n<h2 style=\"text-align: center;\"><strong>Private Tauchlehrer und Tauchguides \u2013 Mach\u2019s episch!<\/strong><\/h2>\n<p style=\"text-align: center;\">Pers\u00f6nlicher VIP-Service f\u00fcr Dich allein (oder mit Deiner Familie und Freunden) gew\u00fcnscht? Wir bieten Dir unseren exklusiven privaten Tauchservice in Puerto del Carmen, Lanzarote, an. <br \/>Wir passen Dein Taucherlebnis an Deine Bed\u00fcrfnisse und Zeiten an.<\/p>\n<p>[\/et_pb_fullwidth_header][\/et_pb_section]<\/p>\n","protected":false},"excerpt":{"rendered":"<p>MAKE IT LEGENDARYPADI Spezialkurs Wracktauchen \u2013 Erkunde Wracks in Puerto del CarmenTauche ein in die Geschichte unter den Wellen mit unserem PADI Spezialkurs Wracktauchen in Puerto del Carmen, Lanzarote. Wracktauchen vereint Abenteuer, Geschichte und Erkundung \u2013 hier kannst du faszinierende versunkene Schiffe entdecken und gleichzeitig die Legenden und Geschichten erleben, die sie erz\u00e4hlen. Puerto del [&hellip;]<\/p>\n","protected":false},"author":2,"featured_media":5240,"parent":0,"menu_order":159,"comment_status":"closed","ping_status":"closed","template":"","meta":{"_acf_changed":false,"_et_pb_use_builder":"on","_et_pb_old_content":"","_et_gb_content_width":"","footnotes":""},"class_list":["post-6278","page","type-page","status-publish","has-post-thumbnail","hentry"],"acf":[],"yoast_head":"<!-- This site is optimized with the Yoast SEO plugin v27.3 - https:\/\/yoast.com\/product\/yoast-seo-wordpress\/ -->\n<title>PADI Spezialkurs Wracktauchen - Scuba Legends<\/title>\n<meta name=\"description\" content=\"Erkunde Wracks in Puerto del Carmen mit dem PADI Spezialkurs Wracktauchen. Lerne sicheres Wracktauchen &amp; entdecke die Geschichte.\" \/>\n<meta name=\"robots\" content=\"index, follow, max-snippet:-1, max-image-preview:large, max-video-preview:-1\" \/>\n<link rel=\"canonical\" href=\"https:\/\/scuba-legends.com\/de\/spezialkurs-wracktauchen\/\" \/>\n<meta property=\"og:locale\" content=\"de_DE\" \/>\n<meta property=\"og:type\" content=\"article\" \/>\n<meta property=\"og:title\" content=\"PADI Spezialkurs Wracktauchen - Scuba Legends\" \/>\n<meta property=\"og:description\" content=\"Erkunde Wracks in Puerto del Carmen mit dem PADI Spezialkurs Wracktauchen. Lerne sicheres Wracktauchen &amp; entdecke die Geschichte.\" \/>\n<meta property=\"og:url\" content=\"https:\/\/scuba-legends.com\/de\/spezialkurs-wracktauchen\/\" \/>\n<meta property=\"og:site_name\" content=\"Scuba Legends\" \/>\n<meta property=\"article:publisher\" content=\"https:\/\/www.facebook.com\/ScubaLegends\/\" \/>\n<meta property=\"article:modified_time\" content=\"2025-08-18T09:45:39+00:00\" \/>\n<meta property=\"og:image\" content=\"https:\/\/scuba-legends.com\/wp-content\/uploads\/2020\/09\/8E-Wrecks-1280x900-1.jpg\" \/>\n\t<meta property=\"og:image:width\" content=\"1280\" \/>\n\t<meta property=\"og:image:height\" content=\"900\" \/>\n\t<meta property=\"og:image:type\" content=\"image\/jpeg\" \/>\n<meta name=\"twitter:card\" content=\"summary_large_image\" \/>\n<meta name=\"twitter:site\" content=\"@scubalegends\" \/>\n<meta name=\"twitter:label1\" content=\"Gesch\u00e4tzte Lesezeit\" \/>\n\t<meta name=\"twitter:data1\" content=\"2\u00a0Minuten\" \/>\n<script type=\"application\/ld+json\" class=\"yoast-schema-graph\">{\"@context\":\"https:\\\/\\\/schema.org\",\"@graph\":[{\"@type\":\"WebPage\",\"@id\":\"https:\\\/\\\/scuba-legends.com\\\/de\\\/spezialkurs-wracktauchen\\\/\",\"url\":\"https:\\\/\\\/scuba-legends.com\\\/de\\\/spezialkurs-wracktauchen\\\/\",\"name\":\"PADI Spezialkurs Wracktauchen - Scuba Legends\",\"isPartOf\":{\"@id\":\"https:\\\/\\\/scuba-legends.com\\\/de\\\/#website\"},\"primaryImageOfPage\":{\"@id\":\"https:\\\/\\\/scuba-legends.com\\\/de\\\/spezialkurs-wracktauchen\\\/#primaryimage\"},\"image\":{\"@id\":\"https:\\\/\\\/scuba-legends.com\\\/de\\\/spezialkurs-wracktauchen\\\/#primaryimage\"},\"thumbnailUrl\":\"https:\\\/\\\/scuba-legends.com\\\/wp-content\\\/uploads\\\/2020\\\/09\\\/8E-Wrecks-1280x900-1.jpg\",\"datePublished\":\"2020-09-30T10:05:03+00:00\",\"dateModified\":\"2025-08-18T09:45:39+00:00\",\"description\":\"Erkunde Wracks in Puerto del Carmen mit dem PADI Spezialkurs Wracktauchen. Lerne sicheres Wracktauchen & entdecke die Geschichte.\",\"breadcrumb\":{\"@id\":\"https:\\\/\\\/scuba-legends.com\\\/de\\\/spezialkurs-wracktauchen\\\/#breadcrumb\"},\"inLanguage\":\"de\",\"potentialAction\":[{\"@type\":\"ReadAction\",\"target\":[\"https:\\\/\\\/scuba-legends.com\\\/de\\\/spezialkurs-wracktauchen\\\/\"]}]},{\"@type\":\"ImageObject\",\"inLanguage\":\"de\",\"@id\":\"https:\\\/\\\/scuba-legends.com\\\/de\\\/spezialkurs-wracktauchen\\\/#primaryimage\",\"url\":\"https:\\\/\\\/scuba-legends.com\\\/wp-content\\\/uploads\\\/2020\\\/09\\\/8E-Wrecks-1280x900-1.jpg\",\"contentUrl\":\"https:\\\/\\\/scuba-legends.com\\\/wp-content\\\/uploads\\\/2020\\\/09\\\/8E-Wrecks-1280x900-1.jpg\",\"width\":1280,\"height\":900,\"caption\":\"PADI Speyialkurs Wracktauchen Taucher pentriert ein versunkenes Schriffswrack umgeben von Fischen | Scuba Legends\"},{\"@type\":\"BreadcrumbList\",\"@id\":\"https:\\\/\\\/scuba-legends.com\\\/de\\\/spezialkurs-wracktauchen\\\/#breadcrumb\",\"itemListElement\":[{\"@type\":\"ListItem\",\"position\":1,\"name\":\"Scuba Legends\",\"item\":\"https:\\\/\\\/scuba-legends.com\\\/de\\\/\"},{\"@type\":\"ListItem\",\"position\":2,\"name\":\"PADI Spezialkurs Wracktauchen\"}]},{\"@type\":\"WebSite\",\"@id\":\"https:\\\/\\\/scuba-legends.com\\\/de\\\/#website\",\"url\":\"https:\\\/\\\/scuba-legends.com\\\/de\\\/\",\"name\":\"Scuba Legends\",\"description\":\"Dive Center Lanzarote\",\"publisher\":{\"@id\":\"https:\\\/\\\/scuba-legends.com\\\/de\\\/#organization\"},\"potentialAction\":[{\"@type\":\"SearchAction\",\"target\":{\"@type\":\"EntryPoint\",\"urlTemplate\":\"https:\\\/\\\/scuba-legends.com\\\/de\\\/?s={search_term_string}\"},\"query-input\":{\"@type\":\"PropertyValueSpecification\",\"valueRequired\":true,\"valueName\":\"search_term_string\"}}],\"inLanguage\":\"de\"},{\"@type\":\"Organization\",\"@id\":\"https:\\\/\\\/scuba-legends.com\\\/de\\\/#organization\",\"name\":\"Scuba Legends Dive Center Lanzarote\",\"url\":\"https:\\\/\\\/scuba-legends.com\\\/de\\\/\",\"logo\":{\"@type\":\"ImageObject\",\"inLanguage\":\"de\",\"@id\":\"https:\\\/\\\/scuba-legends.com\\\/de\\\/#\\\/schema\\\/logo\\\/image\\\/\",\"url\":\"https:\\\/\\\/scuba-legends.com\\\/wp-content\\\/uploads\\\/2020\\\/01\\\/scuba_legends_favicon.png\",\"contentUrl\":\"https:\\\/\\\/scuba-legends.com\\\/wp-content\\\/uploads\\\/2020\\\/01\\\/scuba_legends_favicon.png\",\"width\":512,\"height\":512,\"caption\":\"Scuba Legends Dive Center Lanzarote\"},\"image\":{\"@id\":\"https:\\\/\\\/scuba-legends.com\\\/de\\\/#\\\/schema\\\/logo\\\/image\\\/\"},\"sameAs\":[\"https:\\\/\\\/www.facebook.com\\\/ScubaLegends\\\/\",\"https:\\\/\\\/x.com\\\/scubalegends\",\"https:\\\/\\\/www.instagram.com\\\/scuba_legends\\\/\",\"https:\\\/\\\/www.youtube.com\\\/channel\\\/UCUjHU7Mmii5SfLoodxNZmqQ\"]}]}<\/script>\n<!-- \/ Yoast SEO plugin. -->","yoast_head_json":{"title":"PADI Spezialkurs Wracktauchen - Scuba Legends","description":"Erkunde Wracks in Puerto del Carmen mit dem PADI Spezialkurs Wracktauchen. Lerne sicheres Wracktauchen & entdecke die Geschichte.","robots":{"index":"index","follow":"follow","max-snippet":"max-snippet:-1","max-image-preview":"max-image-preview:large","max-video-preview":"max-video-preview:-1"},"canonical":"https:\/\/scuba-legends.com\/de\/spezialkurs-wracktauchen\/","og_locale":"de_DE","og_type":"article","og_title":"PADI Spezialkurs Wracktauchen - Scuba Legends","og_description":"Erkunde Wracks in Puerto del Carmen mit dem PADI Spezialkurs Wracktauchen. Lerne sicheres Wracktauchen & entdecke die Geschichte.","og_url":"https:\/\/scuba-legends.com\/de\/spezialkurs-wracktauchen\/","og_site_name":"Scuba Legends","article_publisher":"https:\/\/www.facebook.com\/ScubaLegends\/","article_modified_time":"2025-08-18T09:45:39+00:00","og_image":[{"width":1280,"height":900,"url":"https:\/\/scuba-legends.com\/wp-content\/uploads\/2020\/09\/8E-Wrecks-1280x900-1.jpg","type":"image\/jpeg"}],"twitter_card":"summary_large_image","twitter_site":"@scubalegends","twitter_misc":{"Gesch\u00e4tzte Lesezeit":"2\u00a0Minuten"},"schema":{"@context":"https:\/\/schema.org","@graph":[{"@type":"WebPage","@id":"https:\/\/scuba-legends.com\/de\/spezialkurs-wracktauchen\/","url":"https:\/\/scuba-legends.com\/de\/spezialkurs-wracktauchen\/","name":"PADI Spezialkurs Wracktauchen - Scuba Legends","isPartOf":{"@id":"https:\/\/scuba-legends.com\/de\/#website"},"primaryImageOfPage":{"@id":"https:\/\/scuba-legends.com\/de\/spezialkurs-wracktauchen\/#primaryimage"},"image":{"@id":"https:\/\/scuba-legends.com\/de\/spezialkurs-wracktauchen\/#primaryimage"},"thumbnailUrl":"https:\/\/scuba-legends.com\/wp-content\/uploads\/2020\/09\/8E-Wrecks-1280x900-1.jpg","datePublished":"2020-09-30T10:05:03+00:00","dateModified":"2025-08-18T09:45:39+00:00","description":"Erkunde Wracks in Puerto del Carmen mit dem PADI Spezialkurs Wracktauchen. Lerne sicheres Wracktauchen & entdecke die Geschichte.","breadcrumb":{"@id":"https:\/\/scuba-legends.com\/de\/spezialkurs-wracktauchen\/#breadcrumb"},"inLanguage":"de","potentialAction":[{"@type":"ReadAction","target":["https:\/\/scuba-legends.com\/de\/spezialkurs-wracktauchen\/"]}]},{"@type":"ImageObject","inLanguage":"de","@id":"https:\/\/scuba-legends.com\/de\/spezialkurs-wracktauchen\/#primaryimage","url":"https:\/\/scuba-legends.com\/wp-content\/uploads\/2020\/09\/8E-Wrecks-1280x900-1.jpg","contentUrl":"https:\/\/scuba-legends.com\/wp-content\/uploads\/2020\/09\/8E-Wrecks-1280x900-1.jpg","width":1280,"height":900,"caption":"PADI Speyialkurs Wracktauchen Taucher pentriert ein versunkenes Schriffswrack umgeben von Fischen | Scuba Legends"},{"@type":"BreadcrumbList","@id":"https:\/\/scuba-legends.com\/de\/spezialkurs-wracktauchen\/#breadcrumb","itemListElement":[{"@type":"ListItem","position":1,"name":"Scuba Legends","item":"https:\/\/scuba-legends.com\/de\/"},{"@type":"ListItem","position":2,"name":"PADI Spezialkurs Wracktauchen"}]},{"@type":"WebSite","@id":"https:\/\/scuba-legends.com\/de\/#website","url":"https:\/\/scuba-legends.com\/de\/","name":"Scuba Legends","description":"Dive Center Lanzarote","publisher":{"@id":"https:\/\/scuba-legends.com\/de\/#organization"},"potentialAction":[{"@type":"SearchAction","target":{"@type":"EntryPoint","urlTemplate":"https:\/\/scuba-legends.com\/de\/?s={search_term_string}"},"query-input":{"@type":"PropertyValueSpecification","valueRequired":true,"valueName":"search_term_string"}}],"inLanguage":"de"},{"@type":"Organization","@id":"https:\/\/scuba-legends.com\/de\/#organization","name":"Scuba Legends Dive Center Lanzarote","url":"https:\/\/scuba-legends.com\/de\/","logo":{"@type":"ImageObject","inLanguage":"de","@id":"https:\/\/scuba-legends.com\/de\/#\/schema\/logo\/image\/","url":"https:\/\/scuba-legends.com\/wp-content\/uploads\/2020\/01\/scuba_legends_favicon.png","contentUrl":"https:\/\/scuba-legends.com\/wp-content\/uploads\/2020\/01\/scuba_legends_favicon.png","width":512,"height":512,"caption":"Scuba Legends Dive Center Lanzarote"},"image":{"@id":"https:\/\/scuba-legends.com\/de\/#\/schema\/logo\/image\/"},"sameAs":["https:\/\/www.facebook.com\/ScubaLegends\/","https:\/\/x.com\/scubalegends","https:\/\/www.instagram.com\/scuba_legends\/","https:\/\/www.youtube.com\/channel\/UCUjHU7Mmii5SfLoodxNZmqQ"]}]}},"_links":{"self":[{"href":"https:\/\/scuba-legends.com\/de\/wp-json\/wp\/v2\/pages\/6278","targetHints":{"allow":["GET"]}}],"collection":[{"href":"https:\/\/scuba-legends.com\/de\/wp-json\/wp\/v2\/pages"}],"about":[{"href":"https:\/\/scuba-legends.com\/de\/wp-json\/wp\/v2\/types\/page"}],"author":[{"embeddable":true,"href":"https:\/\/scuba-legends.com\/de\/wp-json\/wp\/v2\/users\/2"}],"replies":[{"embeddable":true,"href":"https:\/\/scuba-legends.com\/de\/wp-json\/wp\/v2\/comments?post=6278"}],"version-history":[{"count":7,"href":"https:\/\/scuba-legends.com\/de\/wp-json\/wp\/v2\/pages\/6278\/revisions"}],"predecessor-version":[{"id":19804,"href":"https:\/\/scuba-legends.com\/de\/wp-json\/wp\/v2\/pages\/6278\/revisions\/19804"}],"wp:featuredmedia":[{"embeddable":true,"href":"https:\/\/scuba-legends.com\/de\/wp-json\/wp\/v2\/media\/5240"}],"wp:attachment":[{"href":"https:\/\/scuba-legends.com\/de\/wp-json\/wp\/v2\/media?parent=6278"}],"curies":[{"name":"wp","href":"https:\/\/api.w.org\/{rel}","templated":true}]}}