{"id":6266,"date":"2020-09-30T09:56:50","date_gmt":"2020-09-30T09:56:50","guid":{"rendered":"https:\/\/scuba-legends.com\/spezialkurs-nachttauchen\/"},"modified":"2022-09-04T13:32:49","modified_gmt":"2022-09-04T13:32:49","slug":"spezialkurs-nachttauchen","status":"publish","type":"page","link":"https:\/\/scuba-legends.com\/de\/spezialkurs-nachttauchen\/","title":{"rendered":"Spezialkurs Nachttauchen"},"content":{"rendered":"<p>[et_pb_section fb_built=&#8221;1&#8243; fullwidth=&#8221;on&#8221; module_id=&#8221;spheader-section&#8221; _builder_version=&#8221;4.0.9&#8243;][et_pb_fullwidth_header title=&#8221;PADI Spezialkurs Nachttauchen&#8221; _builder_version=&#8221;4.0.9&#8243; title_text_align=&#8221;left&#8221; title_font_size=&#8221;54px&#8221; subhead_font=&#8221;|||on|||||&#8221; background_image=&#8221;https:\/\/scuba-legends.com\/wp-content\/uploads\/2020\/09\/9E-Night-1280&#215;900-1.jpg&#8221; width=&#8221;100%&#8221; module_alignment=&#8221;center&#8221; custom_padding=&#8221;80px||80px||true|&#8221; title_font_size_tablet=&#8221;44px&#8221; background_last_edited=&#8221;on|desktop&#8221; custom_css_main_element=&#8221;background-position: center -240px;&#8221; custom_css_title=&#8221;order: 2;&#8221; custom_css_subtitle=&#8221;order: 1;&#8221; custom_css_main_element_last_edited=&#8221;on|tablet&#8221; custom_css_main_element_tablet=&#8221;background-position: center -70px;&#8221; custom_css_main_element_phone=&#8221;background-position: center center;&#8221;]<\/p>\n<p>MAKE IT LEGENDARY<\/p>\n<p>[\/et_pb_fullwidth_header][\/et_pb_section][et_pb_section fb_built=&#8221;1&#8243; _builder_version=&#8221;4.0.9&#8243; custom_margin=&#8221;-50px||||false|false&#8221;][et_pb_row _builder_version=&#8221;4.0.9&#8243;][et_pb_column type=&#8221;4_4&#8243; _builder_version=&#8221;4.0.9&#8243;][et_pb_text _builder_version=&#8221;4.0.9&#8243; text_font_size=&#8221;18px&#8221; custom_margin=&#8221;-20px||||false|false&#8221;]<\/p>\n<h2 style=\"text-align: center; color: #0db4d5;\">Tauche ein in die Dunkelheit und entdecke eine neue Unterwasserwelt bei Nacht<\/h2>\n<p>[\/et_pb_text][et_pb_text _builder_version=&#8221;4.0.9&#8243;]<\/p>\n<p>Was gibt es Sch\u00f6neres als nach dem unglaublichen Sonnenuntergang auf Lanzarote, ins Wasser zu gehen und eine neue Unterwasserumgebung zu entdecken, die sich stark von der tags\u00fcber unterscheidet? Der Mond scheint, w\u00e4hrend einige Tiere schlafen und andere gerade erst aufwachen. Genie\u00dfe das Schauspiel, wie die Nacht das Unter Wasserleben erweckt. Es ist definitiv einer der beeindruckendsten Tauchg\u00e4nge und aufgrund seiner spektakul\u00e4ren Natur eine der gefragtesten PADI Spezialit\u00e4ten.<\/p>\n<p>[\/et_pb_text][\/et_pb_column][\/et_pb_row][\/et_pb_section][et_pb_section fb_built=&#8221;1&#8243; _builder_version=&#8221;4.0.9&#8243;][et_pb_row column_structure=&#8221;1_2,1_2&#8243; _builder_version=&#8221;4.0.9&#8243; background_color=&#8221;#212121&#8243; custom_margin=&#8221;-100px||||false|false&#8221; border_radii=&#8221;on|3px|3px|3px|3px&#8221; disabled_on=&#8221;on|on|on&#8221; disabled=&#8221;on&#8221;][et_pb_column type=&#8221;1_2&#8243; _builder_version=&#8221;4.0.9&#8243;][et_pb_text _builder_version=&#8221;4.0.9&#8243; text_text_color=&#8221;#0db4d5&#8243; text_font_size=&#8221;20px&#8221; custom_padding=&#8221;|15px||15px|false|false&#8221; animation_style=&#8221;bounce&#8221;]<\/p>\n<p><img loading=\"lazy\" decoding=\"async\" class=\"wp-image-4517 size-full alignleft\" src=\"https:\/\/scuba-legends.com\/wp-content\/uploads\/2020\/08\/Covid-80x80-1.png\" alt=\"\" width=\"80\" height=\"80\" \/> Spezielle COVID19 Ma\u00dfnahmen.<\/p>\n<p>[\/et_pb_text][\/et_pb_column][et_pb_column type=&#8221;1_2&#8243; _builder_version=&#8221;4.0.9&#8243;][et_pb_text _builder_version=&#8221;4.0.9&#8243; text_text_color=&#8221;#0db4d5&#8243; text_font_size=&#8221;20px&#8221; custom_padding=&#8221;|15px||15px|false|false&#8221; animation_style=&#8221;bounce&#8221;]<\/p>\n<p><img loading=\"lazy\" decoding=\"async\" class=\"wp-image-4542 size-full alignleft\" src=\"https:\/\/scuba-legends.com\/wp-content\/uploads\/2020\/08\/Devolucion-80x80-2.png\" alt=\"\" width=\"80\" height=\"80\" \/> 100% R\u00fcckerstattung bei Stornierungen wegen Coronavirus.<\/p>\n<p>[\/et_pb_text][\/et_pb_column][\/et_pb_row][et_pb_row _builder_version=&#8221;4.0.9&#8243; background_color=&#8221;#212121&#8243; custom_margin=&#8221;-30px||||false|false&#8221;][et_pb_column type=&#8221;4_4&#8243; _builder_version=&#8221;4.0.9&#8243;][et_pb_divider color=&#8221;#ffffff&#8221; _builder_version=&#8221;4.0.9&#8243; width=&#8221;50%&#8221; module_alignment=&#8221;center&#8221;][\/et_pb_divider][et_pb_text _builder_version=&#8221;4.0.9&#8243; text_text_color=&#8221;#0db4d5&#8243; text_font_size=&#8221;20px&#8221; text_line_height=&#8221;1em&#8221; custom_margin=&#8221;-30px||||false|false&#8221; custom_padding=&#8221;|30px||30px|false|false&#8221;]<\/p>\n<p style=\"text-align: center;\"><span style=\"color: white;\">Mit PADI eLearning <\/span>kannst Du die Theorie bequem zu Hause absolvieren. So kannst du Dich bei Ankunft auf Lanzarote voll auf\u2019s Tauchen und Erholung konzentrieren und deine Urlaubszeit bestm\u00f6glich auskosten. Es entstehen keine zus\u00e4tzlichen Kosten.<\/p>\n<p>[\/et_pb_text][et_pb_button button_url=&#8221;https:\/\/scuba-legends.com\/de\/kontakt\/&#8221; button_text=&#8221;Mehr Infos &#8221; button_alignment=&#8221;center&#8221; _builder_version=&#8221;4.0.9&#8243; custom_button=&#8221;on&#8221; button_text_size=&#8221;16px&#8221; button_text_color=&#8221;#ffffff&#8221; button_bg_color=&#8221;#0db4d5&#8243; button_border_color=&#8221;rgba(0,0,0,0)&#8221; animation_style=&#8221;bounce&#8221;][\/et_pb_button][\/et_pb_column][\/et_pb_row][\/et_pb_section][et_pb_section fb_built=&#8221;1&#8243; _builder_version=&#8221;4.0.9&#8243; custom_margin=&#8221;-50px||||false|false&#8221;][et_pb_row _builder_version=&#8221;4.0.9&#8243; custom_margin=&#8221;-20px||||false|false&#8221;][et_pb_column type=&#8221;4_4&#8243; _builder_version=&#8221;4.0.9&#8243;][et_pb_text _builder_version=&#8221;4.0.9&#8243; text_font_size=&#8221;18px&#8221; custom_margin=&#8221;-20px||||false|false&#8221;]<\/p>\n<h2 style=\"text-align: center; color: #0db4d5;\">Was beinhaltet der PADI Spezialkurs Nachttauchen?<\/h2>\n<p>[\/et_pb_text][et_pb_text _builder_version=&#8221;4.0.9&#8243;]<\/p>\n<p>Die Spezialit\u00e4t PADI Nachttauchen besteht aus 3 Nachttauchg\u00e4ngen, bei denen Dein Tauchlehrer Dir die Wichtigkeit und den Unterschied von Tarierung bei Nacht und Kontakt mit Deinem Tauchpartner beibringt. Deine Sinne werden sensibilisiert und Du musst darauf achten, nichts vom Unter Wassergeschehen zu verpassen. Keine Sorge, wir werden Dir die Unterschiede im Verhalten des Meereslebens in der Nacht erkl\u00e4ren. Lerne neue Kommunikationstechniken, Taschenlampenmanagement und Navigation im Dunkeln. Wir bringen Dir auch bei, wie Du nachts ins und aus dem Wasser kommst. \u00a0<\/p>\n<ul>\n<li><strong>Dauer:<\/strong>1 &#8211; 1,5 Tage + eLearning<\/li>\n<li><strong>Mindestvoraussetzungen<\/strong>:\n<ul>\n<li>Mindestalter 12 Jahre<\/li>\n<li>Open Water Diver<\/li>\n<li>Gesundheitlich fit zum Tauchen<\/li>\n<\/ul>\n<\/li>\n<\/ul>\n<p>[\/et_pb_text][\/et_pb_column][\/et_pb_row][\/et_pb_section][et_pb_section fb_built=&#8221;1&#8243; _builder_version=&#8221;4.0.9&#8243;][et_pb_row column_structure=&#8221;1_2,1_2&#8243; _builder_version=&#8221;4.0.9&#8243; custom_margin=&#8221;-150px||||false|false&#8221;][et_pb_column type=&#8221;1_2&#8243; _builder_version=&#8221;4.0.9&#8243;][et_pb_text _builder_version=&#8221;4.0.9&#8243; custom_padding=&#8221;25px|25px|25px|25px|false|false&#8221; hover_enabled=&#8221;0&#8243; border_radii=&#8221;on|3px|3px|3px|3px&#8221; border_width_all=&#8221;2px&#8221; border_color_all=&#8221;#0db4d5&#8243;]<\/p>\n<h4 style=\"text-align: center; color: #0db4d5;\">W\u00e4hle Deine Option:<\/h4>\n<ul>\n<li>Spezialkurs Nachttauchen BASIC: 375\u20ac<\/li>\n<\/ul>\n<p>[\/et_pb_text][\/et_pb_column][et_pb_column type=&#8221;1_2&#8243; _builder_version=&#8221;4.0.9&#8243;][et_pb_text _builder_version=&#8221;4.0.9&#8243; background_color=&#8221;rgba(13,180,213,0.17)&#8221; custom_padding=&#8221;25px|25px|25px|25px|false|false&#8221; hover_enabled=&#8221;0&#8243; border_radii=&#8221;on|3px|3px|3px|3px&#8221;]<\/p>\n<h4 style=\"text-align: center; color: #0db4d5;\">Immer inklusive:<\/h4>\n<ul>\n<li>3 Tauchg\u00e4nge<\/li>\n<li>PADI Materialien oder Zugang PADI eLearning<\/li>\n<li>Wasser und Snacks<\/li>\n<li><strong>Maximal 4 Taucher in einer Gruppe<\/strong><\/li>\n<li><strong>Leidenschaftliche und erfahrene Tauchlehrer<\/strong><\/li>\n<\/ul>\n<p>[\/et_pb_text][\/et_pb_column][\/et_pb_row][et_pb_row _builder_version=&#8221;4.0.9&#8243;][et_pb_column type=&#8221;4_4&#8243; _builder_version=&#8221;4.0.9&#8243;][et_pb_button button_url=&#8221;https:\/\/fareharbor.com\/embeds\/book\/scuba-legends\/items\/270011\/?flow=483180&#8243; button_text=&#8221;JETZT BUCHEN&#8221; button_alignment=&#8221;center&#8221; _builder_version=&#8221;4.0.9&#8243; custom_button=&#8221;on&#8221; button_text_size=&#8221;16px&#8221; button_text_color=&#8221;#ffffff&#8221; button_bg_color=&#8221;#0db4d5&#8243; button_border_width=&#8221;6px&#8221;][\/et_pb_button][\/et_pb_column][\/et_pb_row][\/et_pb_section][et_pb_section fb_built=&#8221;1&#8243; fullwidth=&#8221;on&#8221; _builder_version=&#8221;3.22&#8243;][et_pb_fullwidth_header text_orientation=&#8221;center&#8221; button_one_text=&#8221;Mehr Infos &#8221; button_one_url=&#8221;https:\/\/scuba-legends.com\/de\/kontakt\/&#8221; button_two_text=&#8221;Reservierung&#8221; button_two_url=&#8221;https:\/\/scuba-legends.com\/de\/buchung\/&#8221; _builder_version=&#8221;4.0.9&#8243; title_level=&#8221;h3&#8243; background_image=&#8221;https:\/\/scuba-legends.com\/wp-content\/uploads\/2020\/08\/Hazlo-epico-1.jpg&#8221; custom_button_one=&#8221;on&#8221; button_one_text_size=&#8221;16px&#8221; button_one_custom_margin=&#8221;||||false|false&#8221; custom_button_two=&#8221;on&#8221; button_two_text_size=&#8221;16px&#8221; text_shadow_style=&#8221;preset3&#8243;]<\/p>\n<h2 style=\"text-align: center;\"><strong>Private Tauchlehrer und Tauchguides \u2013 Mach\u2019s episch!<\/strong><\/h2>\n<p style=\"text-align: center;\">Pers\u00f6nlicher VIP-Service f\u00fcr Dich allein (oder mit Deiner Familie und Freunden) gew\u00fcnscht? Wir bieten Dir unseren exklusiven privaten Tauchservice in Puerto del Carmen, Lanzarote, an. <br \/>Wir passen Dein Taucherlebnis an Deine Bed\u00fcrfnisse und Zeiten an.<\/p>\n<p>[\/et_pb_fullwidth_header][\/et_pb_section]<\/p>\n","protected":false},"excerpt":{"rendered":"<p>MAKE IT LEGENDARYTauche ein in die Dunkelheit und entdecke eine neue Unterwasserwelt bei NachtWas gibt es Sch\u00f6neres als nach dem unglaublichen Sonnenuntergang auf Lanzarote, ins Wasser zu gehen und eine neue Unterwasserumgebung zu entdecken, die sich stark von der tags\u00fcber unterscheidet? Der Mond scheint, w\u00e4hrend einige Tiere schlafen und andere gerade erst aufwachen. Genie\u00dfe das [&hellip;]<\/p>\n","protected":false},"author":2,"featured_media":0,"parent":0,"menu_order":161,"comment_status":"closed","ping_status":"closed","template":"","meta":{"_acf_changed":false,"_et_pb_use_builder":"on","_et_pb_old_content":"","_et_gb_content_width":"","footnotes":""},"class_list":["post-6266","page","type-page","status-publish","hentry"],"acf":[],"yoast_head":"<!-- This site is optimized with the Yoast SEO plugin v27.4 - https:\/\/yoast.com\/product\/yoast-seo-wordpress\/ -->\n<title>Spezialkurs Nachttauchen - Scuba Legends<\/title>\n<meta name=\"robots\" content=\"index, follow, max-snippet:-1, max-image-preview:large, max-video-preview:-1\" \/>\n<link rel=\"canonical\" href=\"https:\/\/scuba-legends.com\/de\/spezialkurs-nachttauchen\/\" \/>\n<meta property=\"og:locale\" content=\"de_DE\" \/>\n<meta property=\"og:type\" content=\"article\" \/>\n<meta property=\"og:title\" content=\"Spezialkurs Nachttauchen - Scuba Legends\" \/>\n<meta property=\"og:description\" content=\"MAKE IT LEGENDARYTauche ein in die Dunkelheit und entdecke eine neue Unterwasserwelt bei NachtWas gibt es Sch\u00f6neres als nach dem unglaublichen Sonnenuntergang auf Lanzarote, ins Wasser zu gehen und eine neue Unterwasserumgebung zu entdecken, die sich stark von der tags\u00fcber unterscheidet? Der Mond scheint, w\u00e4hrend einige Tiere schlafen und andere gerade erst aufwachen. Genie\u00dfe das [&hellip;]\" \/>\n<meta property=\"og:url\" content=\"https:\/\/scuba-legends.com\/de\/spezialkurs-nachttauchen\/\" \/>\n<meta property=\"og:site_name\" content=\"Scuba Legends\" \/>\n<meta property=\"article:publisher\" content=\"https:\/\/www.facebook.com\/ScubaLegends\/\" \/>\n<meta property=\"article:modified_time\" content=\"2022-09-04T13:32:49+00:00\" \/>\n<meta property=\"og:image\" content=\"https:\/\/scuba-legends.com\/wp-content\/uploads\/2020\/08\/Covid-80x80-1.png\" \/>\n<meta name=\"twitter:card\" content=\"summary_large_image\" \/>\n<meta name=\"twitter:site\" content=\"@scubalegends\" \/>\n<meta name=\"twitter:label1\" content=\"Gesch\u00e4tzte Lesezeit\" \/>\n\t<meta name=\"twitter:data1\" content=\"3\u00a0Minuten\" \/>\n<script type=\"application\/ld+json\" class=\"yoast-schema-graph\">{\"@context\":\"https:\\\/\\\/schema.org\",\"@graph\":[{\"@type\":\"WebPage\",\"@id\":\"https:\\\/\\\/scuba-legends.com\\\/de\\\/spezialkurs-nachttauchen\\\/\",\"url\":\"https:\\\/\\\/scuba-legends.com\\\/de\\\/spezialkurs-nachttauchen\\\/\",\"name\":\"Spezialkurs Nachttauchen - Scuba Legends\",\"isPartOf\":{\"@id\":\"https:\\\/\\\/scuba-legends.com\\\/de\\\/#website\"},\"primaryImageOfPage\":{\"@id\":\"https:\\\/\\\/scuba-legends.com\\\/de\\\/spezialkurs-nachttauchen\\\/#primaryimage\"},\"image\":{\"@id\":\"https:\\\/\\\/scuba-legends.com\\\/de\\\/spezialkurs-nachttauchen\\\/#primaryimage\"},\"thumbnailUrl\":\"https:\\\/\\\/scuba-legends.com\\\/wp-content\\\/uploads\\\/2020\\\/08\\\/Covid-80x80-1.png\",\"datePublished\":\"2020-09-30T09:56:50+00:00\",\"dateModified\":\"2022-09-04T13:32:49+00:00\",\"breadcrumb\":{\"@id\":\"https:\\\/\\\/scuba-legends.com\\\/de\\\/spezialkurs-nachttauchen\\\/#breadcrumb\"},\"inLanguage\":\"de\",\"potentialAction\":[{\"@type\":\"ReadAction\",\"target\":[\"https:\\\/\\\/scuba-legends.com\\\/de\\\/spezialkurs-nachttauchen\\\/\"]}]},{\"@type\":\"ImageObject\",\"inLanguage\":\"de\",\"@id\":\"https:\\\/\\\/scuba-legends.com\\\/de\\\/spezialkurs-nachttauchen\\\/#primaryimage\",\"url\":\"https:\\\/\\\/scuba-legends.com\\\/wp-content\\\/uploads\\\/2020\\\/08\\\/Covid-80x80-1.png\",\"contentUrl\":\"https:\\\/\\\/scuba-legends.com\\\/wp-content\\\/uploads\\\/2020\\\/08\\\/Covid-80x80-1.png\"},{\"@type\":\"BreadcrumbList\",\"@id\":\"https:\\\/\\\/scuba-legends.com\\\/de\\\/spezialkurs-nachttauchen\\\/#breadcrumb\",\"itemListElement\":[{\"@type\":\"ListItem\",\"position\":1,\"name\":\"Scuba Legends\",\"item\":\"https:\\\/\\\/scuba-legends.com\\\/de\\\/\"},{\"@type\":\"ListItem\",\"position\":2,\"name\":\"Spezialkurs Nachttauchen\"}]},{\"@type\":\"WebSite\",\"@id\":\"https:\\\/\\\/scuba-legends.com\\\/de\\\/#website\",\"url\":\"https:\\\/\\\/scuba-legends.com\\\/de\\\/\",\"name\":\"Scuba Legends\",\"description\":\"Dive Center Lanzarote\",\"publisher\":{\"@id\":\"https:\\\/\\\/scuba-legends.com\\\/de\\\/#organization\"},\"potentialAction\":[{\"@type\":\"SearchAction\",\"target\":{\"@type\":\"EntryPoint\",\"urlTemplate\":\"https:\\\/\\\/scuba-legends.com\\\/de\\\/?s={search_term_string}\"},\"query-input\":{\"@type\":\"PropertyValueSpecification\",\"valueRequired\":true,\"valueName\":\"search_term_string\"}}],\"inLanguage\":\"de\"},{\"@type\":\"Organization\",\"@id\":\"https:\\\/\\\/scuba-legends.com\\\/de\\\/#organization\",\"name\":\"Scuba Legends Dive Center Lanzarote\",\"url\":\"https:\\\/\\\/scuba-legends.com\\\/de\\\/\",\"logo\":{\"@type\":\"ImageObject\",\"inLanguage\":\"de\",\"@id\":\"https:\\\/\\\/scuba-legends.com\\\/de\\\/#\\\/schema\\\/logo\\\/image\\\/\",\"url\":\"https:\\\/\\\/scuba-legends.com\\\/wp-content\\\/uploads\\\/2020\\\/01\\\/scuba_legends_favicon.png\",\"contentUrl\":\"https:\\\/\\\/scuba-legends.com\\\/wp-content\\\/uploads\\\/2020\\\/01\\\/scuba_legends_favicon.png\",\"width\":512,\"height\":512,\"caption\":\"Scuba Legends Dive Center Lanzarote\"},\"image\":{\"@id\":\"https:\\\/\\\/scuba-legends.com\\\/de\\\/#\\\/schema\\\/logo\\\/image\\\/\"},\"sameAs\":[\"https:\\\/\\\/www.facebook.com\\\/ScubaLegends\\\/\",\"https:\\\/\\\/x.com\\\/scubalegends\",\"https:\\\/\\\/www.instagram.com\\\/scuba_legends\\\/\",\"https:\\\/\\\/www.youtube.com\\\/channel\\\/UCUjHU7Mmii5SfLoodxNZmqQ\"]}]}<\/script>\n<!-- \/ Yoast SEO plugin. -->","yoast_head_json":{"title":"Spezialkurs Nachttauchen - Scuba Legends","robots":{"index":"index","follow":"follow","max-snippet":"max-snippet:-1","max-image-preview":"max-image-preview:large","max-video-preview":"max-video-preview:-1"},"canonical":"https:\/\/scuba-legends.com\/de\/spezialkurs-nachttauchen\/","og_locale":"de_DE","og_type":"article","og_title":"Spezialkurs Nachttauchen - Scuba Legends","og_description":"MAKE IT LEGENDARYTauche ein in die Dunkelheit und entdecke eine neue Unterwasserwelt bei NachtWas gibt es Sch\u00f6neres als nach dem unglaublichen Sonnenuntergang auf Lanzarote, ins Wasser zu gehen und eine neue Unterwasserumgebung zu entdecken, die sich stark von der tags\u00fcber unterscheidet? Der Mond scheint, w\u00e4hrend einige Tiere schlafen und andere gerade erst aufwachen. Genie\u00dfe das [&hellip;]","og_url":"https:\/\/scuba-legends.com\/de\/spezialkurs-nachttauchen\/","og_site_name":"Scuba Legends","article_publisher":"https:\/\/www.facebook.com\/ScubaLegends\/","article_modified_time":"2022-09-04T13:32:49+00:00","og_image":[{"url":"https:\/\/scuba-legends.com\/wp-content\/uploads\/2020\/08\/Covid-80x80-1.png","type":"","width":"","height":""}],"twitter_card":"summary_large_image","twitter_site":"@scubalegends","twitter_misc":{"Gesch\u00e4tzte Lesezeit":"3\u00a0Minuten"},"schema":{"@context":"https:\/\/schema.org","@graph":[{"@type":"WebPage","@id":"https:\/\/scuba-legends.com\/de\/spezialkurs-nachttauchen\/","url":"https:\/\/scuba-legends.com\/de\/spezialkurs-nachttauchen\/","name":"Spezialkurs Nachttauchen - Scuba Legends","isPartOf":{"@id":"https:\/\/scuba-legends.com\/de\/#website"},"primaryImageOfPage":{"@id":"https:\/\/scuba-legends.com\/de\/spezialkurs-nachttauchen\/#primaryimage"},"image":{"@id":"https:\/\/scuba-legends.com\/de\/spezialkurs-nachttauchen\/#primaryimage"},"thumbnailUrl":"https:\/\/scuba-legends.com\/wp-content\/uploads\/2020\/08\/Covid-80x80-1.png","datePublished":"2020-09-30T09:56:50+00:00","dateModified":"2022-09-04T13:32:49+00:00","breadcrumb":{"@id":"https:\/\/scuba-legends.com\/de\/spezialkurs-nachttauchen\/#breadcrumb"},"inLanguage":"de","potentialAction":[{"@type":"ReadAction","target":["https:\/\/scuba-legends.com\/de\/spezialkurs-nachttauchen\/"]}]},{"@type":"ImageObject","inLanguage":"de","@id":"https:\/\/scuba-legends.com\/de\/spezialkurs-nachttauchen\/#primaryimage","url":"https:\/\/scuba-legends.com\/wp-content\/uploads\/2020\/08\/Covid-80x80-1.png","contentUrl":"https:\/\/scuba-legends.com\/wp-content\/uploads\/2020\/08\/Covid-80x80-1.png"},{"@type":"BreadcrumbList","@id":"https:\/\/scuba-legends.com\/de\/spezialkurs-nachttauchen\/#breadcrumb","itemListElement":[{"@type":"ListItem","position":1,"name":"Scuba Legends","item":"https:\/\/scuba-legends.com\/de\/"},{"@type":"ListItem","position":2,"name":"Spezialkurs Nachttauchen"}]},{"@type":"WebSite","@id":"https:\/\/scuba-legends.com\/de\/#website","url":"https:\/\/scuba-legends.com\/de\/","name":"Scuba Legends","description":"Dive Center Lanzarote","publisher":{"@id":"https:\/\/scuba-legends.com\/de\/#organization"},"potentialAction":[{"@type":"SearchAction","target":{"@type":"EntryPoint","urlTemplate":"https:\/\/scuba-legends.com\/de\/?s={search_term_string}"},"query-input":{"@type":"PropertyValueSpecification","valueRequired":true,"valueName":"search_term_string"}}],"inLanguage":"de"},{"@type":"Organization","@id":"https:\/\/scuba-legends.com\/de\/#organization","name":"Scuba Legends Dive Center Lanzarote","url":"https:\/\/scuba-legends.com\/de\/","logo":{"@type":"ImageObject","inLanguage":"de","@id":"https:\/\/scuba-legends.com\/de\/#\/schema\/logo\/image\/","url":"https:\/\/scuba-legends.com\/wp-content\/uploads\/2020\/01\/scuba_legends_favicon.png","contentUrl":"https:\/\/scuba-legends.com\/wp-content\/uploads\/2020\/01\/scuba_legends_favicon.png","width":512,"height":512,"caption":"Scuba Legends Dive Center Lanzarote"},"image":{"@id":"https:\/\/scuba-legends.com\/de\/#\/schema\/logo\/image\/"},"sameAs":["https:\/\/www.facebook.com\/ScubaLegends\/","https:\/\/x.com\/scubalegends","https:\/\/www.instagram.com\/scuba_legends\/","https:\/\/www.youtube.com\/channel\/UCUjHU7Mmii5SfLoodxNZmqQ"]}]}},"_links":{"self":[{"href":"https:\/\/scuba-legends.com\/de\/wp-json\/wp\/v2\/pages\/6266","targetHints":{"allow":["GET"]}}],"collection":[{"href":"https:\/\/scuba-legends.com\/de\/wp-json\/wp\/v2\/pages"}],"about":[{"href":"https:\/\/scuba-legends.com\/de\/wp-json\/wp\/v2\/types\/page"}],"author":[{"embeddable":true,"href":"https:\/\/scuba-legends.com\/de\/wp-json\/wp\/v2\/users\/2"}],"replies":[{"embeddable":true,"href":"https:\/\/scuba-legends.com\/de\/wp-json\/wp\/v2\/comments?post=6266"}],"version-history":[{"count":3,"href":"https:\/\/scuba-legends.com\/de\/wp-json\/wp\/v2\/pages\/6266\/revisions"}],"predecessor-version":[{"id":14632,"href":"https:\/\/scuba-legends.com\/de\/wp-json\/wp\/v2\/pages\/6266\/revisions\/14632"}],"wp:attachment":[{"href":"https:\/\/scuba-legends.com\/de\/wp-json\/wp\/v2\/media?parent=6266"}],"curies":[{"name":"wp","href":"https:\/\/api.w.org\/{rel}","templated":true}]}}