{"id":6128,"date":"2020-09-28T18:43:34","date_gmt":"2020-09-28T18:43:34","guid":{"rendered":"https:\/\/scuba-legends.com\/spezialkurs-suchen-und-bergen-2\/"},"modified":"2022-09-04T14:37:07","modified_gmt":"2022-09-04T14:37:07","slug":"spezialkurs-suchen-und-bergen-2","status":"publish","type":"page","link":"https:\/\/scuba-legends.com\/de\/spezialkurs-suchen-und-bergen-2\/","title":{"rendered":"Spezialkurs Suchen und Bergen"},"content":{"rendered":"<p>[et_pb_section fb_built=&#8221;1&#8243; fullwidth=&#8221;on&#8221; module_id=&#8221;spheader-section&#8221; _builder_version=&#8221;4.0.9&#8243;][et_pb_fullwidth_header title=&#8221;PADI Spezialkurs Suchen und Bergen&#8221; _builder_version=&#8221;4.0.9&#8243; title_text_align=&#8221;left&#8221; title_font_size=&#8221;54px&#8221; subhead_font=&#8221;|||on|||||&#8221; background_image=&#8221;https:\/\/scuba-legends.com\/wp-content\/uploads\/2020\/09\/18E-Busqueda-1280&#215;900-1.jpg&#8221; width=&#8221;100%&#8221; module_alignment=&#8221;center&#8221; custom_padding=&#8221;80px||80px||true|&#8221; title_font_size_tablet=&#8221;44px&#8221; background_last_edited=&#8221;on|desktop&#8221; custom_css_main_element=&#8221;background-position: center -240px;&#8221; custom_css_title=&#8221;order: 2;&#8221; custom_css_subtitle=&#8221;order: 1;&#8221; custom_css_main_element_last_edited=&#8221;on|tablet&#8221; custom_css_main_element_tablet=&#8221;background-position: center -70px;&#8221; custom_css_main_element_phone=&#8221;background-position: center center;&#8221;]<\/p>\n<p>MAKE IT LEGENDARY<\/p>\n<p>[\/et_pb_fullwidth_header][\/et_pb_section][et_pb_section fb_built=&#8221;1&#8243; _builder_version=&#8221;4.0.9&#8243; custom_margin=&#8221;-50px||||false|false&#8221;][et_pb_row _builder_version=&#8221;4.0.9&#8243;][et_pb_column type=&#8221;4_4&#8243; _builder_version=&#8221;4.0.9&#8243;][et_pb_text _builder_version=&#8221;4.0.9&#8243; text_font_size=&#8221;18px&#8221; custom_margin=&#8221;-20px||||false|false&#8221;]<\/p>\n<h2 style=\"text-align: center; color: #0db4d5;\">Lerne verschiedene Suchmuster und finde verlorene Sch\u00e4tze<\/h2>\n<p>[\/et_pb_text][et_pb_text _builder_version=&#8221;4.0.9&#8243;]<\/p>\n<p>Es passiert uns allen, es kommt ein Tag in dem Leben eines Tauchers, an dem Du oder einer Deiner Begleiter versehentlich etwas verliert. Von Tauchcomputern und Kameras bis zu Eheringen. Es kann aber leider auch vorkommen, dass anstelle eines Objekts ein Taucher verloren geht, egal ob es unser Partner ist oder nicht. Im Spezialkurs Suchen und Bergen lernst Du effektive Methoden, um das verlorene Objekt oder den Taucher unter Wasser zu finden und zu bergen. Wir bringen Dir die Suchmuster und spezielle Techniken bei. Wer wei\u00df, ob Du einen Schatz finden kannst.<\/p>\n<p>[\/et_pb_text][\/et_pb_column][\/et_pb_row][\/et_pb_section][et_pb_section fb_built=&#8221;1&#8243; _builder_version=&#8221;4.0.9&#8243;][et_pb_row column_structure=&#8221;1_2,1_2&#8243; _builder_version=&#8221;4.0.9&#8243; background_color=&#8221;#212121&#8243; custom_margin=&#8221;-100px||||false|false&#8221; border_radii=&#8221;on|3px|3px|3px|3px&#8221; disabled_on=&#8221;on|on|on&#8221; disabled=&#8221;on&#8221;][et_pb_column type=&#8221;1_2&#8243; _builder_version=&#8221;4.0.9&#8243;][et_pb_text _builder_version=&#8221;4.0.9&#8243; text_text_color=&#8221;#0db4d5&#8243; text_font_size=&#8221;20px&#8221; custom_padding=&#8221;|15px||15px|false|false&#8221; animation_style=&#8221;bounce&#8221;]<\/p>\n<p><img loading=\"lazy\" decoding=\"async\" class=\"wp-image-4517 size-full alignleft\" src=\"https:\/\/scuba-legends.com\/wp-content\/uploads\/2020\/08\/Covid-80x80-1.png\" alt=\"\" width=\"80\" height=\"80\" \/> Spezielle COVID19 Ma\u00dfnahmen.<\/p>\n<p>[\/et_pb_text][\/et_pb_column][et_pb_column type=&#8221;1_2&#8243; _builder_version=&#8221;4.0.9&#8243;][et_pb_text _builder_version=&#8221;4.0.9&#8243; text_text_color=&#8221;#0db4d5&#8243; text_font_size=&#8221;20px&#8221; custom_padding=&#8221;|15px||15px|false|false&#8221; animation_style=&#8221;bounce&#8221;]<\/p>\n<p><img loading=\"lazy\" decoding=\"async\" class=\"wp-image-4542 size-full alignleft\" src=\"https:\/\/scuba-legends.com\/wp-content\/uploads\/2020\/08\/Devolucion-80x80-2.png\" alt=\"\" width=\"80\" height=\"80\" \/> 100% R\u00fcckerstattung bei Stornierungen wegen Coronavirus.<\/p>\n<p>[\/et_pb_text][\/et_pb_column][\/et_pb_row][et_pb_row _builder_version=&#8221;4.0.9&#8243; background_color=&#8221;#212121&#8243; custom_margin=&#8221;-30px||||false|false&#8221;][et_pb_column type=&#8221;4_4&#8243; _builder_version=&#8221;4.0.9&#8243;][et_pb_divider color=&#8221;#ffffff&#8221; _builder_version=&#8221;4.0.9&#8243; width=&#8221;50%&#8221; module_alignment=&#8221;center&#8221;][\/et_pb_divider][et_pb_text _builder_version=&#8221;4.0.9&#8243; text_text_color=&#8221;#0db4d5&#8243; text_font_size=&#8221;20px&#8221; text_line_height=&#8221;1em&#8221; custom_padding=&#8221;|30px||30px|false|false&#8221;]<\/p>\n<p style=\"text-align: center;\"><span style=\"color: white;\">Mit PADI eLearning <\/span>kannst Du die Theorie bequem zu Hause absolvieren. So kannst du Dich bei Ankunft auf Lanzarote voll auf\u2019s Tauchen und Erholung konzentrieren und deine Urlaubszeit bestm\u00f6glich auskosten. Es entstehen keine zus\u00e4tzlichen Kosten.<\/p>\n<p>[\/et_pb_text][et_pb_button button_url=&#8221;https:\/\/scuba-legends.com\/de\/kontakt\/&#8221; button_text=&#8221;Mehr Infos &#8221; button_alignment=&#8221;center&#8221; _builder_version=&#8221;4.0.9&#8243; custom_button=&#8221;on&#8221; button_text_size=&#8221;16px&#8221; button_text_color=&#8221;#ffffff&#8221; button_bg_color=&#8221;#0db4d5&#8243; button_border_color=&#8221;rgba(0,0,0,0)&#8221; animation_style=&#8221;bounce&#8221;][\/et_pb_button][\/et_pb_column][\/et_pb_row][\/et_pb_section][et_pb_section fb_built=&#8221;1&#8243; _builder_version=&#8221;4.0.9&#8243; custom_margin=&#8221;-50px||||false|false&#8221;][et_pb_row _builder_version=&#8221;4.0.9&#8243; custom_margin=&#8221;-20px||||false|false&#8221;][et_pb_column type=&#8221;4_4&#8243; _builder_version=&#8221;4.0.9&#8243;][et_pb_text _builder_version=&#8221;4.0.9&#8243; text_font_size=&#8221;18px&#8221; custom_margin=&#8221;-20px||||false|false&#8221;]<\/p>\n<h2 style=\"text-align: center; color: #0db4d5;\">Was beinhaltet der PADI Spezialkurs Suchen und Bergen?<\/h2>\n<p>[\/et_pb_text][et_pb_text _builder_version=&#8221;4.0.9&#8243;]<\/p>\n<p>W\u00e4hrend vier Tauchg\u00e4ngen bringt Dir Dein Tauchlehrer bei, wie Du Informationen und Ressourcen sammelst, um Deine Suche zu planen. Du lernst spezielle Navigationsmuster unter Anwendung eines Kompasses sowie nat\u00fcrlicher Orientation. Wir \u00fcben, Gegenst\u00e4nde mit einem Hebesack aus dem Meer zu entfernen, egal wie gro\u00df und schwer sie sind.<\/p>\n<p>[\/et_pb_text][\/et_pb_column][\/et_pb_row][\/et_pb_section][et_pb_section fb_built=&#8221;1&#8243; _builder_version=&#8221;4.0.9&#8243;][et_pb_row column_structure=&#8221;1_2,1_2&#8243; _builder_version=&#8221;4.0.9&#8243; custom_margin=&#8221;-150px||||false|false&#8221;][et_pb_column type=&#8221;1_2&#8243; _builder_version=&#8221;4.0.9&#8243;][et_pb_text _builder_version=&#8221;4.0.9&#8243; hover_enabled=&#8221;0&#8243;]<\/p>\n<ul>\n<li><strong>Dauer<\/strong>: 2 Tage + eLearning<\/li>\n<li><strong>Mindestvoraussetzungen:<\/strong>\n<ul>\n<li>Mindestalter 12 Jahre<\/li>\n<li>Advanced Open Water Diver<\/li>\n<li>Gesundheitlich fit zum Tauchen<\/li>\n<\/ul>\n<\/li>\n<li><strong>Preis: <\/strong>375\u20ac<\/li>\n<\/ul>\n<p>[\/et_pb_text][\/et_pb_column][et_pb_column type=&#8221;1_2&#8243; _builder_version=&#8221;4.0.9&#8243;][et_pb_text _builder_version=&#8221;4.0.9&#8243; background_color=&#8221;rgba(13,180,213,0.17)&#8221; custom_padding=&#8221;25px|25px|25px|25px|false|false&#8221; hover_enabled=&#8221;0&#8243; border_radii=&#8221;on|3px|3px|3px|3px&#8221;]<\/p>\n<h4 style=\"text-align: center; color: #0db4d5;\">Immer inklusive:<\/h4>\n<ul>\n<li>PADI Materialien oder Zugang PADI eLearning<\/li>\n<li>Wasser und Snacks<\/li>\n<li><strong>Maximal 4 Taucher in einer Gruppe<\/strong><\/li>\n<li><strong>Leidenschaftliche und erfahrene Tauchlehrer<\/strong><\/li>\n<\/ul>\n<p>[\/et_pb_text][\/et_pb_column][\/et_pb_row][et_pb_row _builder_version=&#8221;4.0.9&#8243;][et_pb_column type=&#8221;4_4&#8243; _builder_version=&#8221;4.0.9&#8243;][et_pb_button button_url=&#8221;https:\/\/fareharbor.com\/embeds\/book\/scuba-legends\/items\/270030\/?flow=483180&#8243; button_text=&#8221;JETZT BUCHEN&#8221; button_alignment=&#8221;center&#8221; _builder_version=&#8221;4.0.9&#8243; custom_button=&#8221;on&#8221; button_text_size=&#8221;16px&#8221; button_text_color=&#8221;#ffffff&#8221; button_bg_color=&#8221;#0db4d5&#8243; button_border_radius=&#8221;6px&#8221;][\/et_pb_button][\/et_pb_column][\/et_pb_row][\/et_pb_section][et_pb_section fb_built=&#8221;1&#8243; fullwidth=&#8221;on&#8221; _builder_version=&#8221;3.22&#8243;][et_pb_fullwidth_header text_orientation=&#8221;center&#8221; button_one_text=&#8221;Mehr Infos &#8221; button_one_url=&#8221;https:\/\/scuba-legends.com\/de\/kontakt\/&#8221; button_two_text=&#8221;Reservierung&#8221; button_two_url=&#8221;https:\/\/scuba-legends.com\/de\/buchung\/&#8221; _builder_version=&#8221;4.0.9&#8243; title_level=&#8221;h3&#8243; background_image=&#8221;https:\/\/scuba-legends.com\/wp-content\/uploads\/2020\/08\/Hazlo-epico-1.jpg&#8221; custom_button_one=&#8221;on&#8221; button_one_text_size=&#8221;16px&#8221; button_one_custom_margin=&#8221;||||false|false&#8221; custom_button_two=&#8221;on&#8221; button_two_text_size=&#8221;16px&#8221; text_shadow_style=&#8221;preset3&#8243;]<\/p>\n<h2 style=\"text-align: center;\"><strong>Private Tauchlehrer und Tauchguides \u2013 Mach\u2019s episch!<\/strong><\/h2>\n<p style=\"text-align: center;\">Pers\u00f6nlicher VIP-Service f\u00fcr Dich allein (oder mit Deiner Familie und Freunden) gew\u00fcnscht? Wir bieten Dir unseren exklusiven privaten Tauchservice in Puerto del Carmen, Lanzarote, an. <br \/>Wir passen Dein Taucherlebnis an Deine Bed\u00fcrfnisse und Zeiten an.<\/p>\n<p>[\/et_pb_fullwidth_header][\/et_pb_section]<\/p>\n","protected":false},"excerpt":{"rendered":"<p>MAKE IT LEGENDARYLerne verschiedene Suchmuster und finde verlorene Sch\u00e4tzeEs passiert uns allen, es kommt ein Tag in dem Leben eines Tauchers, an dem Du oder einer Deiner Begleiter versehentlich etwas verliert. Von Tauchcomputern und Kameras bis zu Eheringen. Es kann aber leider auch vorkommen, dass anstelle eines Objekts ein Taucher verloren geht, egal ob es [&hellip;]<\/p>\n","protected":false},"author":2,"featured_media":0,"parent":0,"menu_order":172,"comment_status":"closed","ping_status":"closed","template":"","meta":{"_acf_changed":false,"_et_pb_use_builder":"on","_et_pb_old_content":"","_et_gb_content_width":"","footnotes":""},"class_list":["post-6128","page","type-page","status-publish","hentry"],"acf":[],"yoast_head":"<!-- This site is optimized with the Yoast SEO plugin v27.4 - https:\/\/yoast.com\/product\/yoast-seo-wordpress\/ -->\n<title>Spezialkurs Suchen und Bergen - Scuba Legends<\/title>\n<meta name=\"robots\" content=\"index, follow, max-snippet:-1, max-image-preview:large, max-video-preview:-1\" \/>\n<link rel=\"canonical\" href=\"https:\/\/scuba-legends.com\/de\/spezialkurs-suchen-und-bergen-2\/\" \/>\n<meta property=\"og:locale\" content=\"de_DE\" \/>\n<meta property=\"og:type\" content=\"article\" \/>\n<meta property=\"og:title\" content=\"Spezialkurs Suchen und Bergen - Scuba Legends\" \/>\n<meta property=\"og:description\" content=\"MAKE IT LEGENDARYLerne verschiedene Suchmuster und finde verlorene Sch\u00e4tzeEs passiert uns allen, es kommt ein Tag in dem Leben eines Tauchers, an dem Du oder einer Deiner Begleiter versehentlich etwas verliert. Von Tauchcomputern und Kameras bis zu Eheringen. Es kann aber leider auch vorkommen, dass anstelle eines Objekts ein Taucher verloren geht, egal ob es [&hellip;]\" \/>\n<meta property=\"og:url\" content=\"https:\/\/scuba-legends.com\/de\/spezialkurs-suchen-und-bergen-2\/\" \/>\n<meta property=\"og:site_name\" content=\"Scuba Legends\" \/>\n<meta property=\"article:publisher\" content=\"https:\/\/www.facebook.com\/ScubaLegends\/\" \/>\n<meta property=\"article:modified_time\" content=\"2022-09-04T14:37:07+00:00\" \/>\n<meta property=\"og:image\" content=\"https:\/\/scuba-legends.com\/wp-content\/uploads\/2020\/08\/Covid-80x80-1.png\" \/>\n<meta name=\"twitter:card\" content=\"summary_large_image\" \/>\n<meta name=\"twitter:site\" content=\"@scubalegends\" \/>\n<meta name=\"twitter:label1\" content=\"Gesch\u00e4tzte Lesezeit\" \/>\n\t<meta name=\"twitter:data1\" content=\"3\u00a0Minuten\" \/>\n<script type=\"application\/ld+json\" class=\"yoast-schema-graph\">{\"@context\":\"https:\\\/\\\/schema.org\",\"@graph\":[{\"@type\":\"WebPage\",\"@id\":\"https:\\\/\\\/scuba-legends.com\\\/de\\\/spezialkurs-suchen-und-bergen-2\\\/\",\"url\":\"https:\\\/\\\/scuba-legends.com\\\/de\\\/spezialkurs-suchen-und-bergen-2\\\/\",\"name\":\"Spezialkurs Suchen und Bergen - Scuba Legends\",\"isPartOf\":{\"@id\":\"https:\\\/\\\/scuba-legends.com\\\/de\\\/#website\"},\"primaryImageOfPage\":{\"@id\":\"https:\\\/\\\/scuba-legends.com\\\/de\\\/spezialkurs-suchen-und-bergen-2\\\/#primaryimage\"},\"image\":{\"@id\":\"https:\\\/\\\/scuba-legends.com\\\/de\\\/spezialkurs-suchen-und-bergen-2\\\/#primaryimage\"},\"thumbnailUrl\":\"https:\\\/\\\/scuba-legends.com\\\/wp-content\\\/uploads\\\/2020\\\/08\\\/Covid-80x80-1.png\",\"datePublished\":\"2020-09-28T18:43:34+00:00\",\"dateModified\":\"2022-09-04T14:37:07+00:00\",\"breadcrumb\":{\"@id\":\"https:\\\/\\\/scuba-legends.com\\\/de\\\/spezialkurs-suchen-und-bergen-2\\\/#breadcrumb\"},\"inLanguage\":\"de\",\"potentialAction\":[{\"@type\":\"ReadAction\",\"target\":[\"https:\\\/\\\/scuba-legends.com\\\/de\\\/spezialkurs-suchen-und-bergen-2\\\/\"]}]},{\"@type\":\"ImageObject\",\"inLanguage\":\"de\",\"@id\":\"https:\\\/\\\/scuba-legends.com\\\/de\\\/spezialkurs-suchen-und-bergen-2\\\/#primaryimage\",\"url\":\"https:\\\/\\\/scuba-legends.com\\\/wp-content\\\/uploads\\\/2020\\\/08\\\/Covid-80x80-1.png\",\"contentUrl\":\"https:\\\/\\\/scuba-legends.com\\\/wp-content\\\/uploads\\\/2020\\\/08\\\/Covid-80x80-1.png\"},{\"@type\":\"BreadcrumbList\",\"@id\":\"https:\\\/\\\/scuba-legends.com\\\/de\\\/spezialkurs-suchen-und-bergen-2\\\/#breadcrumb\",\"itemListElement\":[{\"@type\":\"ListItem\",\"position\":1,\"name\":\"Scuba Legends\",\"item\":\"https:\\\/\\\/scuba-legends.com\\\/de\\\/\"},{\"@type\":\"ListItem\",\"position\":2,\"name\":\"Spezialkurs Suchen und Bergen\"}]},{\"@type\":\"WebSite\",\"@id\":\"https:\\\/\\\/scuba-legends.com\\\/de\\\/#website\",\"url\":\"https:\\\/\\\/scuba-legends.com\\\/de\\\/\",\"name\":\"Scuba Legends\",\"description\":\"Dive Center Lanzarote\",\"publisher\":{\"@id\":\"https:\\\/\\\/scuba-legends.com\\\/de\\\/#organization\"},\"potentialAction\":[{\"@type\":\"SearchAction\",\"target\":{\"@type\":\"EntryPoint\",\"urlTemplate\":\"https:\\\/\\\/scuba-legends.com\\\/de\\\/?s={search_term_string}\"},\"query-input\":{\"@type\":\"PropertyValueSpecification\",\"valueRequired\":true,\"valueName\":\"search_term_string\"}}],\"inLanguage\":\"de\"},{\"@type\":\"Organization\",\"@id\":\"https:\\\/\\\/scuba-legends.com\\\/de\\\/#organization\",\"name\":\"Scuba Legends Dive Center Lanzarote\",\"url\":\"https:\\\/\\\/scuba-legends.com\\\/de\\\/\",\"logo\":{\"@type\":\"ImageObject\",\"inLanguage\":\"de\",\"@id\":\"https:\\\/\\\/scuba-legends.com\\\/de\\\/#\\\/schema\\\/logo\\\/image\\\/\",\"url\":\"https:\\\/\\\/scuba-legends.com\\\/wp-content\\\/uploads\\\/2020\\\/01\\\/scuba_legends_favicon.png\",\"contentUrl\":\"https:\\\/\\\/scuba-legends.com\\\/wp-content\\\/uploads\\\/2020\\\/01\\\/scuba_legends_favicon.png\",\"width\":512,\"height\":512,\"caption\":\"Scuba Legends Dive Center Lanzarote\"},\"image\":{\"@id\":\"https:\\\/\\\/scuba-legends.com\\\/de\\\/#\\\/schema\\\/logo\\\/image\\\/\"},\"sameAs\":[\"https:\\\/\\\/www.facebook.com\\\/ScubaLegends\\\/\",\"https:\\\/\\\/x.com\\\/scubalegends\",\"https:\\\/\\\/www.instagram.com\\\/scuba_legends\\\/\",\"https:\\\/\\\/www.youtube.com\\\/channel\\\/UCUjHU7Mmii5SfLoodxNZmqQ\"]}]}<\/script>\n<!-- \/ Yoast SEO plugin. -->","yoast_head_json":{"title":"Spezialkurs Suchen und Bergen - Scuba Legends","robots":{"index":"index","follow":"follow","max-snippet":"max-snippet:-1","max-image-preview":"max-image-preview:large","max-video-preview":"max-video-preview:-1"},"canonical":"https:\/\/scuba-legends.com\/de\/spezialkurs-suchen-und-bergen-2\/","og_locale":"de_DE","og_type":"article","og_title":"Spezialkurs Suchen und Bergen - Scuba Legends","og_description":"MAKE IT LEGENDARYLerne verschiedene Suchmuster und finde verlorene Sch\u00e4tzeEs passiert uns allen, es kommt ein Tag in dem Leben eines Tauchers, an dem Du oder einer Deiner Begleiter versehentlich etwas verliert. Von Tauchcomputern und Kameras bis zu Eheringen. Es kann aber leider auch vorkommen, dass anstelle eines Objekts ein Taucher verloren geht, egal ob es [&hellip;]","og_url":"https:\/\/scuba-legends.com\/de\/spezialkurs-suchen-und-bergen-2\/","og_site_name":"Scuba Legends","article_publisher":"https:\/\/www.facebook.com\/ScubaLegends\/","article_modified_time":"2022-09-04T14:37:07+00:00","og_image":[{"url":"https:\/\/scuba-legends.com\/wp-content\/uploads\/2020\/08\/Covid-80x80-1.png","type":"","width":"","height":""}],"twitter_card":"summary_large_image","twitter_site":"@scubalegends","twitter_misc":{"Gesch\u00e4tzte Lesezeit":"3\u00a0Minuten"},"schema":{"@context":"https:\/\/schema.org","@graph":[{"@type":"WebPage","@id":"https:\/\/scuba-legends.com\/de\/spezialkurs-suchen-und-bergen-2\/","url":"https:\/\/scuba-legends.com\/de\/spezialkurs-suchen-und-bergen-2\/","name":"Spezialkurs Suchen und Bergen - Scuba Legends","isPartOf":{"@id":"https:\/\/scuba-legends.com\/de\/#website"},"primaryImageOfPage":{"@id":"https:\/\/scuba-legends.com\/de\/spezialkurs-suchen-und-bergen-2\/#primaryimage"},"image":{"@id":"https:\/\/scuba-legends.com\/de\/spezialkurs-suchen-und-bergen-2\/#primaryimage"},"thumbnailUrl":"https:\/\/scuba-legends.com\/wp-content\/uploads\/2020\/08\/Covid-80x80-1.png","datePublished":"2020-09-28T18:43:34+00:00","dateModified":"2022-09-04T14:37:07+00:00","breadcrumb":{"@id":"https:\/\/scuba-legends.com\/de\/spezialkurs-suchen-und-bergen-2\/#breadcrumb"},"inLanguage":"de","potentialAction":[{"@type":"ReadAction","target":["https:\/\/scuba-legends.com\/de\/spezialkurs-suchen-und-bergen-2\/"]}]},{"@type":"ImageObject","inLanguage":"de","@id":"https:\/\/scuba-legends.com\/de\/spezialkurs-suchen-und-bergen-2\/#primaryimage","url":"https:\/\/scuba-legends.com\/wp-content\/uploads\/2020\/08\/Covid-80x80-1.png","contentUrl":"https:\/\/scuba-legends.com\/wp-content\/uploads\/2020\/08\/Covid-80x80-1.png"},{"@type":"BreadcrumbList","@id":"https:\/\/scuba-legends.com\/de\/spezialkurs-suchen-und-bergen-2\/#breadcrumb","itemListElement":[{"@type":"ListItem","position":1,"name":"Scuba Legends","item":"https:\/\/scuba-legends.com\/de\/"},{"@type":"ListItem","position":2,"name":"Spezialkurs Suchen und Bergen"}]},{"@type":"WebSite","@id":"https:\/\/scuba-legends.com\/de\/#website","url":"https:\/\/scuba-legends.com\/de\/","name":"Scuba Legends","description":"Dive Center Lanzarote","publisher":{"@id":"https:\/\/scuba-legends.com\/de\/#organization"},"potentialAction":[{"@type":"SearchAction","target":{"@type":"EntryPoint","urlTemplate":"https:\/\/scuba-legends.com\/de\/?s={search_term_string}"},"query-input":{"@type":"PropertyValueSpecification","valueRequired":true,"valueName":"search_term_string"}}],"inLanguage":"de"},{"@type":"Organization","@id":"https:\/\/scuba-legends.com\/de\/#organization","name":"Scuba Legends Dive Center Lanzarote","url":"https:\/\/scuba-legends.com\/de\/","logo":{"@type":"ImageObject","inLanguage":"de","@id":"https:\/\/scuba-legends.com\/de\/#\/schema\/logo\/image\/","url":"https:\/\/scuba-legends.com\/wp-content\/uploads\/2020\/01\/scuba_legends_favicon.png","contentUrl":"https:\/\/scuba-legends.com\/wp-content\/uploads\/2020\/01\/scuba_legends_favicon.png","width":512,"height":512,"caption":"Scuba Legends Dive Center Lanzarote"},"image":{"@id":"https:\/\/scuba-legends.com\/de\/#\/schema\/logo\/image\/"},"sameAs":["https:\/\/www.facebook.com\/ScubaLegends\/","https:\/\/x.com\/scubalegends","https:\/\/www.instagram.com\/scuba_legends\/","https:\/\/www.youtube.com\/channel\/UCUjHU7Mmii5SfLoodxNZmqQ"]}]}},"_links":{"self":[{"href":"https:\/\/scuba-legends.com\/de\/wp-json\/wp\/v2\/pages\/6128","targetHints":{"allow":["GET"]}}],"collection":[{"href":"https:\/\/scuba-legends.com\/de\/wp-json\/wp\/v2\/pages"}],"about":[{"href":"https:\/\/scuba-legends.com\/de\/wp-json\/wp\/v2\/types\/page"}],"author":[{"embeddable":true,"href":"https:\/\/scuba-legends.com\/de\/wp-json\/wp\/v2\/users\/2"}],"replies":[{"embeddable":true,"href":"https:\/\/scuba-legends.com\/de\/wp-json\/wp\/v2\/comments?post=6128"}],"version-history":[{"count":3,"href":"https:\/\/scuba-legends.com\/de\/wp-json\/wp\/v2\/pages\/6128\/revisions"}],"predecessor-version":[{"id":14670,"href":"https:\/\/scuba-legends.com\/de\/wp-json\/wp\/v2\/pages\/6128\/revisions\/14670"}],"wp:attachment":[{"href":"https:\/\/scuba-legends.com\/de\/wp-json\/wp\/v2\/media?parent=6128"}],"curies":[{"name":"wp","href":"https:\/\/api.w.org\/{rel}","templated":true}]}}