{"id":6106,"date":"2020-09-28T18:23:47","date_gmt":"2020-09-28T18:23:47","guid":{"rendered":"https:\/\/scuba-legends.com\/spezialkurs-emergency-oxygen-provider\/"},"modified":"2022-03-27T11:19:29","modified_gmt":"2022-03-27T11:19:29","slug":"spezialkurs-emergency-oxygen-provider","status":"publish","type":"page","link":"https:\/\/scuba-legends.com\/de\/spezialkurs-emergency-oxygen-provider\/","title":{"rendered":"Spezialkurs Emergency Oxygen Provider"},"content":{"rendered":"<p>[et_pb_section fb_built=&#8221;1&#8243; fullwidth=&#8221;on&#8221; module_id=&#8221;spheader-section&#8221; _builder_version=&#8221;4.0.9&#8243;][et_pb_fullwidth_header title=&#8221;PADI Spezialkurs Emergency Oxygen Provider&#8221; _builder_version=&#8221;4.0.9&#8243; title_text_align=&#8221;left&#8221; title_font_size=&#8221;54px&#8221; subhead_font=&#8221;|||on|||||&#8221; background_image=&#8221;https:\/\/scuba-legends.com\/wp-content\/uploads\/2020\/09\/24E-Emergency-Oxygen-Provider-Specialty-1280&#215;900-1.jpg&#8221; width=&#8221;100%&#8221; module_alignment=&#8221;center&#8221; custom_padding=&#8221;80px||80px||true|&#8221; title_font_size_tablet=&#8221;44px&#8221; background_last_edited=&#8221;on|desktop&#8221; custom_css_main_element=&#8221;background-position: center -240px;&#8221; custom_css_title=&#8221;order: 2;&#8221; custom_css_subtitle=&#8221;order: 1;&#8221; custom_css_main_element_last_edited=&#8221;on|tablet&#8221; custom_css_main_element_tablet=&#8221;background-position: center -70px;&#8221; custom_css_main_element_phone=&#8221;background-position: center center;&#8221;]<\/p>\n<p>MAKE IT LEGENDARY<\/p>\n<p>[\/et_pb_fullwidth_header][\/et_pb_section][et_pb_section fb_built=&#8221;1&#8243; _builder_version=&#8221;4.0.9&#8243; custom_margin=&#8221;-50px||||false|false&#8221;][et_pb_row _builder_version=&#8221;4.0.9&#8243;][et_pb_column type=&#8221;4_4&#8243; _builder_version=&#8221;4.0.9&#8243;][et_pb_text _builder_version=&#8221;4.0.9&#8243; text_font_size=&#8221;18px&#8221; custom_margin=&#8221;-20px||||false|false&#8221;]<\/p>\n<h2 style=\"text-align: center; color: #0db4d5;\">Handle schnell und richtig bei Tauch- und Dekompressionsnotf\u00e4llen<\/h2>\n<p>[\/et_pb_text][et_pb_text _builder_version=&#8221;4.0.9&#8243;]<\/p>\n<p>Dieser Kurs bereitet Dich darauf vor, ruhig zu bleiben und bei Problemen mit hyperbarischen Dekompressionsverletzungen (Pneumothorax, Mediastinalemphysems, arterielle Gasembolie etc.) schnell zu handeln und zu wissen, wie und welche Menge Sauerstoff dem Verletzten zur Verf\u00fcgung gestellt werden muss. Jeder, der an einer Tauchkrankheit erkrankt war oder diese miterlebt hat, wird verstehen, wie wichtig es ist, gut auf die Bereitstellung von Notfallsauerstoff vorbereitet zu sein. Leider wissen die meisten Taucher nicht, wie sie auf diese Situationen reagieren sollen. Der Spezialkurs PADI Emergency Oxygen Provider steht jedem zur Verf\u00fcgung und erfordert keine Teilnahmevoraussetzungen. Besonders empfehlenswert f\u00fcr begeisterte Taucher, die auch in der Heimat gern auf eigene Faust die Unterwasserwelt erkunden.<\/p>\n<p>[\/et_pb_text][\/et_pb_column][\/et_pb_row][\/et_pb_section][et_pb_section fb_built=&#8221;1&#8243; _builder_version=&#8221;4.0.9&#8243;][et_pb_row column_structure=&#8221;1_2,1_2&#8243; _builder_version=&#8221;4.0.9&#8243; background_color=&#8221;#212121&#8243; custom_margin=&#8221;-100px||||false|false&#8221; border_radii=&#8221;on|3px|3px|3px|3px&#8221;][et_pb_column type=&#8221;1_2&#8243; _builder_version=&#8221;4.0.9&#8243;][et_pb_text _builder_version=&#8221;4.0.9&#8243; text_text_color=&#8221;#0db4d5&#8243; text_font_size=&#8221;20px&#8221; custom_padding=&#8221;|15px||15px|false|false&#8221; animation_style=&#8221;bounce&#8221;]<\/p>\n<p><img loading=\"lazy\" decoding=\"async\" class=\"wp-image-4517 size-full alignleft\" src=\"https:\/\/scuba-legends.com\/wp-content\/uploads\/2020\/08\/Covid-80x80-1.png\" alt=\"\" width=\"80\" height=\"80\" \/> Spezielle COVID19 Ma\u00dfnahmen.<\/p>\n<p>[\/et_pb_text][\/et_pb_column][et_pb_column type=&#8221;1_2&#8243; _builder_version=&#8221;4.0.9&#8243;][et_pb_text _builder_version=&#8221;4.0.9&#8243; text_text_color=&#8221;#0db4d5&#8243; text_font_size=&#8221;20px&#8221; custom_padding=&#8221;|15px||15px|false|false&#8221; animation_style=&#8221;bounce&#8221;]<\/p>\n<p><img loading=\"lazy\" decoding=\"async\" class=\"wp-image-4542 size-full alignleft\" src=\"https:\/\/scuba-legends.com\/wp-content\/uploads\/2020\/08\/Devolucion-80x80-2.png\" alt=\"\" width=\"80\" height=\"80\" \/> 100% R\u00fcckerstattung bei Stornierungen wegen Coronavirus.<\/p>\n<p>[\/et_pb_text][\/et_pb_column][\/et_pb_row][et_pb_row _builder_version=&#8221;4.0.9&#8243; background_color=&#8221;#212121&#8243; custom_margin=&#8221;-30px||||false|false&#8221;][et_pb_column type=&#8221;4_4&#8243; _builder_version=&#8221;4.0.9&#8243;][et_pb_divider color=&#8221;#ffffff&#8221; _builder_version=&#8221;4.0.9&#8243; width=&#8221;50%&#8221; module_alignment=&#8221;center&#8221;][\/et_pb_divider][et_pb_text _builder_version=&#8221;4.0.9&#8243; text_text_color=&#8221;#0db4d5&#8243; text_font_size=&#8221;20px&#8221; text_line_height=&#8221;1em&#8221; custom_padding=&#8221;|30px||30px|false|false&#8221;]<\/p>\n<p style=\"text-align: center;\"><span style=\"color: white;\">Mit PADI eLearning <\/span>kannst Du die Theorie bequem zu Hause absolvieren. So kannst du Dich bei Ankunft auf Lanzarote voll auf\u2019s Tauchen und Erholung konzentrieren und deine Urlaubszeit bestm\u00f6glich auskosten. Es entstehen keine zus\u00e4tzlichen Kosten.<\/p>\n<p>[\/et_pb_text][et_pb_button button_url=&#8221;https:\/\/scuba-legends.com\/de\/kontakt\/&#8221; button_text=&#8221;Mehr Infos &#8221; button_alignment=&#8221;center&#8221; _builder_version=&#8221;4.0.9&#8243; custom_button=&#8221;on&#8221; button_text_size=&#8221;16px&#8221; button_text_color=&#8221;#ffffff&#8221; button_bg_color=&#8221;#0db4d5&#8243; button_border_color=&#8221;rgba(0,0,0,0)&#8221; animation_style=&#8221;bounce&#8221;][\/et_pb_button][\/et_pb_column][\/et_pb_row][\/et_pb_section][et_pb_section fb_built=&#8221;1&#8243; _builder_version=&#8221;4.0.9&#8243; custom_margin=&#8221;-50px||||false|false&#8221;][et_pb_row _builder_version=&#8221;4.0.9&#8243; custom_margin=&#8221;-20px||||false|false&#8221;][et_pb_column type=&#8221;4_4&#8243; _builder_version=&#8221;4.0.9&#8243;][et_pb_text _builder_version=&#8221;4.0.9&#8243; text_font_size=&#8221;18px&#8221; custom_margin=&#8221;-20px||||false|false&#8221;]<\/p>\n<h2 style=\"text-align: center; color: #0db4d5;\">Was beinhaltet der PADI Spezialkurs Oxygen Provider?<\/h2>\n<p>[\/et_pb_text][et_pb_text _builder_version=&#8221;4.0.9&#8243;]<\/p>\n<p>W\u00e4hrend des PADI Emergency Oxygen Provider Kurses, der in Puerto del Carmen (Lanzarote) stattfindet, wird Dich Dein Tauchlehrer \u00fcber die verschiedenen Tauchverletzungen, Arten von Notfallsauerstoff und die Sicherheitsverfahren bei deren Verwendung informieren. Du \u00fcbst das Zusammenbauen und Zerlegen des Sauerstoff-Kits und die Verabreichung an einen Taucher, w\u00e4hrend Du eine Maske ohne Rebreather und einen Bedarfsinhalator nutzt. Au\u00dferdem verwendest Du eine Taschenmaske bei einem nicht atmenden Taucher.<\/p>\n<p>[\/et_pb_text][\/et_pb_column][\/et_pb_row][\/et_pb_section][et_pb_section fb_built=&#8221;1&#8243; _builder_version=&#8221;4.0.9&#8243;][et_pb_row column_structure=&#8221;1_2,1_2&#8243; _builder_version=&#8221;4.0.9&#8243; custom_margin=&#8221;-150px||||false|false&#8221;][et_pb_column type=&#8221;1_2&#8243; _builder_version=&#8221;4.0.9&#8243;][et_pb_text _builder_version=&#8221;4.0.9&#8243; hover_enabled=&#8221;0&#8243;]<\/p>\n<ul>\n<li><strong>Dauer<\/strong>: 1 Tag<\/li>\n<li><strong>Mindestvoraussetzungen<\/strong>:\n<ul>\n<li>Interesse am Helfen in Notfallsituation<\/li>\n<\/ul>\n<\/li>\n<li><strong>Preis: 130\u20ac<\/strong><\/li>\n<\/ul>\n<p>&nbsp;<\/p>\n<p>[\/et_pb_text][\/et_pb_column][et_pb_column type=&#8221;1_2&#8243; _builder_version=&#8221;4.0.9&#8243;][et_pb_text _builder_version=&#8221;4.0.9&#8243; background_color=&#8221;rgba(13,180,213,0.17)&#8221; custom_padding=&#8221;25px|25px|25px|25px|false|false&#8221; hover_enabled=&#8221;0&#8243; border_radii=&#8221;on|3px|3px|3px|3px&#8221;]<\/p>\n<h4 style=\"text-align: center; color: #0db4d5;\">Immer inklusive:<\/h4>\n<ul>\n<li>PADI Materialien oder Zugang PADI eLearning<\/li>\n<li>Trainingsmaterialien Zur Simulation der \u00dcbungen<\/li>\n<li><strong>Maximal 4 Taucher in einer Gruppe<\/strong><\/li>\n<li><strong>Leidenschaftliche und erfahrene Tauchlehrer<\/strong><\/li>\n<\/ul>\n<p>[\/et_pb_text][\/et_pb_column][\/et_pb_row][et_pb_row _builder_version=&#8221;4.0.9&#8243;][et_pb_column type=&#8221;4_4&#8243; _builder_version=&#8221;4.0.9&#8243;][et_pb_button button_url=&#8221;https:\/\/fareharbor.com\/embeds\/book\/scuba-legends\/items\/270035\/?flow=483180&#8243; button_text=&#8221;JETZT BUCHEN&#8221; button_alignment=&#8221;center&#8221; _builder_version=&#8221;4.0.9&#8243; custom_button=&#8221;on&#8221; button_text_size=&#8221;16px&#8221; button_text_color=&#8221;#ffffff&#8221; button_bg_color=&#8221;#0db4d5&#8243; button_border_radius=&#8221;6px&#8221;][\/et_pb_button][\/et_pb_column][\/et_pb_row][\/et_pb_section][et_pb_section fb_built=&#8221;1&#8243; fullwidth=&#8221;on&#8221; _builder_version=&#8221;3.22&#8243;][et_pb_fullwidth_header text_orientation=&#8221;center&#8221; button_one_text=&#8221;Mehr Infos &#8221; button_one_url=&#8221;https:\/\/scuba-legends.com\/de\/kontakt\/&#8221; button_two_text=&#8221;Reservierung&#8221; button_two_url=&#8221;https:\/\/scuba-legends.com\/de\/buchung\/&#8221; _builder_version=&#8221;4.0.9&#8243; title_level=&#8221;h3&#8243; background_image=&#8221;https:\/\/scuba-legends.com\/wp-content\/uploads\/2020\/08\/Hazlo-epico-1.jpg&#8221; custom_button_one=&#8221;on&#8221; button_one_text_size=&#8221;16px&#8221; button_one_custom_margin=&#8221;||||false|false&#8221; custom_button_two=&#8221;on&#8221; button_two_text_size=&#8221;16px&#8221; text_shadow_style=&#8221;preset3&#8243;]<\/p>\n<h2 style=\"text-align: center;\"><strong>Private Tauchlehrer und Tauchguides \u2013 Mach\u2019s episch!<\/strong><\/h2>\n<p style=\"text-align: center;\">Pers\u00f6nlicher VIP-Service f\u00fcr Dich allein (oder mit Deiner Familie und Freunden) gew\u00fcnscht? Wir bieten Dir unseren exklusiven privaten Tauchservice in Puerto del Carmen, Lanzarote, an. <br \/>Wir passen Dein Taucherlebnis an Deine Bed\u00fcrfnisse und Zeiten an.<\/p>\n<p>[\/et_pb_fullwidth_header][\/et_pb_section]<\/p>\n","protected":false},"excerpt":{"rendered":"<p>MAKE IT LEGENDARYHandle schnell und richtig bei Tauch- und Dekompressionsnotf\u00e4llenDieser Kurs bereitet Dich darauf vor, ruhig zu bleiben und bei Problemen mit hyperbarischen Dekompressionsverletzungen (Pneumothorax, Mediastinalemphysems, arterielle Gasembolie etc.) schnell zu handeln und zu wissen, wie und welche Menge Sauerstoff dem Verletzten zur Verf\u00fcgung gestellt werden muss. Jeder, der an einer Tauchkrankheit erkrankt war oder [&hellip;]<\/p>\n","protected":false},"author":2,"featured_media":0,"parent":0,"menu_order":169,"comment_status":"closed","ping_status":"closed","template":"","meta":{"_acf_changed":false,"_et_pb_use_builder":"on","_et_pb_old_content":"","_et_gb_content_width":"","footnotes":""},"class_list":["post-6106","page","type-page","status-publish","hentry"],"acf":[],"yoast_head":"<!-- This site is optimized with the Yoast SEO plugin v27.4 - https:\/\/yoast.com\/product\/yoast-seo-wordpress\/ -->\n<title>Spezialkurs Emergency Oxygen Provider - Scuba Legends<\/title>\n<meta name=\"robots\" content=\"index, follow, max-snippet:-1, max-image-preview:large, max-video-preview:-1\" \/>\n<link rel=\"canonical\" href=\"https:\/\/scuba-legends.com\/de\/spezialkurs-emergency-oxygen-provider\/\" \/>\n<meta property=\"og:locale\" content=\"de_DE\" \/>\n<meta property=\"og:type\" content=\"article\" \/>\n<meta property=\"og:title\" content=\"Spezialkurs Emergency Oxygen Provider - Scuba Legends\" \/>\n<meta property=\"og:description\" content=\"MAKE IT LEGENDARYHandle schnell und richtig bei Tauch- und Dekompressionsnotf\u00e4llenDieser Kurs bereitet Dich darauf vor, ruhig zu bleiben und bei Problemen mit hyperbarischen Dekompressionsverletzungen (Pneumothorax, Mediastinalemphysems, arterielle Gasembolie etc.) schnell zu handeln und zu wissen, wie und welche Menge Sauerstoff dem Verletzten zur Verf\u00fcgung gestellt werden muss. Jeder, der an einer Tauchkrankheit erkrankt war oder [&hellip;]\" \/>\n<meta property=\"og:url\" content=\"https:\/\/scuba-legends.com\/de\/spezialkurs-emergency-oxygen-provider\/\" \/>\n<meta property=\"og:site_name\" content=\"Scuba Legends\" \/>\n<meta property=\"article:publisher\" content=\"https:\/\/www.facebook.com\/ScubaLegends\/\" \/>\n<meta property=\"article:modified_time\" content=\"2022-03-27T11:19:29+00:00\" \/>\n<meta property=\"og:image\" content=\"https:\/\/scuba-legends.com\/wp-content\/uploads\/2020\/08\/Covid-80x80-1.png\" \/>\n<meta name=\"twitter:card\" content=\"summary_large_image\" \/>\n<meta name=\"twitter:site\" content=\"@scubalegends\" \/>\n<meta name=\"twitter:label1\" content=\"Gesch\u00e4tzte Lesezeit\" \/>\n\t<meta name=\"twitter:data1\" content=\"5\u00a0Minuten\" \/>\n<script type=\"application\/ld+json\" class=\"yoast-schema-graph\">{\"@context\":\"https:\\\/\\\/schema.org\",\"@graph\":[{\"@type\":\"WebPage\",\"@id\":\"https:\\\/\\\/scuba-legends.com\\\/de\\\/spezialkurs-emergency-oxygen-provider\\\/\",\"url\":\"https:\\\/\\\/scuba-legends.com\\\/de\\\/spezialkurs-emergency-oxygen-provider\\\/\",\"name\":\"Spezialkurs Emergency Oxygen Provider - Scuba Legends\",\"isPartOf\":{\"@id\":\"https:\\\/\\\/scuba-legends.com\\\/de\\\/#website\"},\"primaryImageOfPage\":{\"@id\":\"https:\\\/\\\/scuba-legends.com\\\/de\\\/spezialkurs-emergency-oxygen-provider\\\/#primaryimage\"},\"image\":{\"@id\":\"https:\\\/\\\/scuba-legends.com\\\/de\\\/spezialkurs-emergency-oxygen-provider\\\/#primaryimage\"},\"thumbnailUrl\":\"https:\\\/\\\/scuba-legends.com\\\/wp-content\\\/uploads\\\/2020\\\/08\\\/Covid-80x80-1.png\",\"datePublished\":\"2020-09-28T18:23:47+00:00\",\"dateModified\":\"2022-03-27T11:19:29+00:00\",\"breadcrumb\":{\"@id\":\"https:\\\/\\\/scuba-legends.com\\\/de\\\/spezialkurs-emergency-oxygen-provider\\\/#breadcrumb\"},\"inLanguage\":\"de\",\"potentialAction\":[{\"@type\":\"ReadAction\",\"target\":[\"https:\\\/\\\/scuba-legends.com\\\/de\\\/spezialkurs-emergency-oxygen-provider\\\/\"]}]},{\"@type\":\"ImageObject\",\"inLanguage\":\"de\",\"@id\":\"https:\\\/\\\/scuba-legends.com\\\/de\\\/spezialkurs-emergency-oxygen-provider\\\/#primaryimage\",\"url\":\"https:\\\/\\\/scuba-legends.com\\\/wp-content\\\/uploads\\\/2020\\\/08\\\/Covid-80x80-1.png\",\"contentUrl\":\"https:\\\/\\\/scuba-legends.com\\\/wp-content\\\/uploads\\\/2020\\\/08\\\/Covid-80x80-1.png\"},{\"@type\":\"BreadcrumbList\",\"@id\":\"https:\\\/\\\/scuba-legends.com\\\/de\\\/spezialkurs-emergency-oxygen-provider\\\/#breadcrumb\",\"itemListElement\":[{\"@type\":\"ListItem\",\"position\":1,\"name\":\"Scuba Legends\",\"item\":\"https:\\\/\\\/scuba-legends.com\\\/de\\\/\"},{\"@type\":\"ListItem\",\"position\":2,\"name\":\"Spezialkurs Emergency Oxygen Provider\"}]},{\"@type\":\"WebSite\",\"@id\":\"https:\\\/\\\/scuba-legends.com\\\/de\\\/#website\",\"url\":\"https:\\\/\\\/scuba-legends.com\\\/de\\\/\",\"name\":\"Scuba Legends\",\"description\":\"Dive Center Lanzarote\",\"publisher\":{\"@id\":\"https:\\\/\\\/scuba-legends.com\\\/de\\\/#organization\"},\"potentialAction\":[{\"@type\":\"SearchAction\",\"target\":{\"@type\":\"EntryPoint\",\"urlTemplate\":\"https:\\\/\\\/scuba-legends.com\\\/de\\\/?s={search_term_string}\"},\"query-input\":{\"@type\":\"PropertyValueSpecification\",\"valueRequired\":true,\"valueName\":\"search_term_string\"}}],\"inLanguage\":\"de\"},{\"@type\":\"Organization\",\"@id\":\"https:\\\/\\\/scuba-legends.com\\\/de\\\/#organization\",\"name\":\"Scuba Legends Dive Center Lanzarote\",\"url\":\"https:\\\/\\\/scuba-legends.com\\\/de\\\/\",\"logo\":{\"@type\":\"ImageObject\",\"inLanguage\":\"de\",\"@id\":\"https:\\\/\\\/scuba-legends.com\\\/de\\\/#\\\/schema\\\/logo\\\/image\\\/\",\"url\":\"https:\\\/\\\/scuba-legends.com\\\/wp-content\\\/uploads\\\/2020\\\/01\\\/scuba_legends_favicon.png\",\"contentUrl\":\"https:\\\/\\\/scuba-legends.com\\\/wp-content\\\/uploads\\\/2020\\\/01\\\/scuba_legends_favicon.png\",\"width\":512,\"height\":512,\"caption\":\"Scuba Legends Dive Center Lanzarote\"},\"image\":{\"@id\":\"https:\\\/\\\/scuba-legends.com\\\/de\\\/#\\\/schema\\\/logo\\\/image\\\/\"},\"sameAs\":[\"https:\\\/\\\/www.facebook.com\\\/ScubaLegends\\\/\",\"https:\\\/\\\/x.com\\\/scubalegends\",\"https:\\\/\\\/www.instagram.com\\\/scuba_legends\\\/\",\"https:\\\/\\\/www.youtube.com\\\/channel\\\/UCUjHU7Mmii5SfLoodxNZmqQ\"]}]}<\/script>\n<!-- \/ Yoast SEO plugin. -->","yoast_head_json":{"title":"Spezialkurs Emergency Oxygen Provider - Scuba Legends","robots":{"index":"index","follow":"follow","max-snippet":"max-snippet:-1","max-image-preview":"max-image-preview:large","max-video-preview":"max-video-preview:-1"},"canonical":"https:\/\/scuba-legends.com\/de\/spezialkurs-emergency-oxygen-provider\/","og_locale":"de_DE","og_type":"article","og_title":"Spezialkurs Emergency Oxygen Provider - Scuba Legends","og_description":"MAKE IT LEGENDARYHandle schnell und richtig bei Tauch- und Dekompressionsnotf\u00e4llenDieser Kurs bereitet Dich darauf vor, ruhig zu bleiben und bei Problemen mit hyperbarischen Dekompressionsverletzungen (Pneumothorax, Mediastinalemphysems, arterielle Gasembolie etc.) schnell zu handeln und zu wissen, wie und welche Menge Sauerstoff dem Verletzten zur Verf\u00fcgung gestellt werden muss. Jeder, der an einer Tauchkrankheit erkrankt war oder [&hellip;]","og_url":"https:\/\/scuba-legends.com\/de\/spezialkurs-emergency-oxygen-provider\/","og_site_name":"Scuba Legends","article_publisher":"https:\/\/www.facebook.com\/ScubaLegends\/","article_modified_time":"2022-03-27T11:19:29+00:00","og_image":[{"url":"https:\/\/scuba-legends.com\/wp-content\/uploads\/2020\/08\/Covid-80x80-1.png","type":"","width":"","height":""}],"twitter_card":"summary_large_image","twitter_site":"@scubalegends","twitter_misc":{"Gesch\u00e4tzte Lesezeit":"5\u00a0Minuten"},"schema":{"@context":"https:\/\/schema.org","@graph":[{"@type":"WebPage","@id":"https:\/\/scuba-legends.com\/de\/spezialkurs-emergency-oxygen-provider\/","url":"https:\/\/scuba-legends.com\/de\/spezialkurs-emergency-oxygen-provider\/","name":"Spezialkurs Emergency Oxygen Provider - Scuba Legends","isPartOf":{"@id":"https:\/\/scuba-legends.com\/de\/#website"},"primaryImageOfPage":{"@id":"https:\/\/scuba-legends.com\/de\/spezialkurs-emergency-oxygen-provider\/#primaryimage"},"image":{"@id":"https:\/\/scuba-legends.com\/de\/spezialkurs-emergency-oxygen-provider\/#primaryimage"},"thumbnailUrl":"https:\/\/scuba-legends.com\/wp-content\/uploads\/2020\/08\/Covid-80x80-1.png","datePublished":"2020-09-28T18:23:47+00:00","dateModified":"2022-03-27T11:19:29+00:00","breadcrumb":{"@id":"https:\/\/scuba-legends.com\/de\/spezialkurs-emergency-oxygen-provider\/#breadcrumb"},"inLanguage":"de","potentialAction":[{"@type":"ReadAction","target":["https:\/\/scuba-legends.com\/de\/spezialkurs-emergency-oxygen-provider\/"]}]},{"@type":"ImageObject","inLanguage":"de","@id":"https:\/\/scuba-legends.com\/de\/spezialkurs-emergency-oxygen-provider\/#primaryimage","url":"https:\/\/scuba-legends.com\/wp-content\/uploads\/2020\/08\/Covid-80x80-1.png","contentUrl":"https:\/\/scuba-legends.com\/wp-content\/uploads\/2020\/08\/Covid-80x80-1.png"},{"@type":"BreadcrumbList","@id":"https:\/\/scuba-legends.com\/de\/spezialkurs-emergency-oxygen-provider\/#breadcrumb","itemListElement":[{"@type":"ListItem","position":1,"name":"Scuba Legends","item":"https:\/\/scuba-legends.com\/de\/"},{"@type":"ListItem","position":2,"name":"Spezialkurs Emergency Oxygen Provider"}]},{"@type":"WebSite","@id":"https:\/\/scuba-legends.com\/de\/#website","url":"https:\/\/scuba-legends.com\/de\/","name":"Scuba Legends","description":"Dive Center Lanzarote","publisher":{"@id":"https:\/\/scuba-legends.com\/de\/#organization"},"potentialAction":[{"@type":"SearchAction","target":{"@type":"EntryPoint","urlTemplate":"https:\/\/scuba-legends.com\/de\/?s={search_term_string}"},"query-input":{"@type":"PropertyValueSpecification","valueRequired":true,"valueName":"search_term_string"}}],"inLanguage":"de"},{"@type":"Organization","@id":"https:\/\/scuba-legends.com\/de\/#organization","name":"Scuba Legends Dive Center Lanzarote","url":"https:\/\/scuba-legends.com\/de\/","logo":{"@type":"ImageObject","inLanguage":"de","@id":"https:\/\/scuba-legends.com\/de\/#\/schema\/logo\/image\/","url":"https:\/\/scuba-legends.com\/wp-content\/uploads\/2020\/01\/scuba_legends_favicon.png","contentUrl":"https:\/\/scuba-legends.com\/wp-content\/uploads\/2020\/01\/scuba_legends_favicon.png","width":512,"height":512,"caption":"Scuba Legends Dive Center Lanzarote"},"image":{"@id":"https:\/\/scuba-legends.com\/de\/#\/schema\/logo\/image\/"},"sameAs":["https:\/\/www.facebook.com\/ScubaLegends\/","https:\/\/x.com\/scubalegends","https:\/\/www.instagram.com\/scuba_legends\/","https:\/\/www.youtube.com\/channel\/UCUjHU7Mmii5SfLoodxNZmqQ"]}]}},"_links":{"self":[{"href":"https:\/\/scuba-legends.com\/de\/wp-json\/wp\/v2\/pages\/6106","targetHints":{"allow":["GET"]}}],"collection":[{"href":"https:\/\/scuba-legends.com\/de\/wp-json\/wp\/v2\/pages"}],"about":[{"href":"https:\/\/scuba-legends.com\/de\/wp-json\/wp\/v2\/types\/page"}],"author":[{"embeddable":true,"href":"https:\/\/scuba-legends.com\/de\/wp-json\/wp\/v2\/users\/2"}],"replies":[{"embeddable":true,"href":"https:\/\/scuba-legends.com\/de\/wp-json\/wp\/v2\/comments?post=6106"}],"version-history":[{"count":1,"href":"https:\/\/scuba-legends.com\/de\/wp-json\/wp\/v2\/pages\/6106\/revisions"}],"predecessor-version":[{"id":14250,"href":"https:\/\/scuba-legends.com\/de\/wp-json\/wp\/v2\/pages\/6106\/revisions\/14250"}],"wp:attachment":[{"href":"https:\/\/scuba-legends.com\/de\/wp-json\/wp\/v2\/media?parent=6106"}],"curies":[{"name":"wp","href":"https:\/\/api.w.org\/{rel}","templated":true}]}}