{"id":6089,"date":"2020-09-28T18:09:07","date_gmt":"2020-09-28T18:09:07","guid":{"rendered":"https:\/\/scuba-legends.com\/spezialkurs-enriched-air-nitrox\/"},"modified":"2026-01-06T09:30:48","modified_gmt":"2026-01-06T09:30:48","slug":"spezialkurs-enriched-air-nitrox","status":"publish","type":"page","link":"https:\/\/scuba-legends.com\/de\/spezialkurs-enriched-air-nitrox\/","title":{"rendered":"Spezialkurs Enriched Air Nitrox"},"content":{"rendered":"<p>[et_pb_section fb_built=&#8221;1&#8243; fullwidth=&#8221;on&#8221; module_id=&#8221;spheader-section&#8221; _builder_version=&#8221;4.16&#8243; global_colors_info=&#8221;{}&#8221;][et_pb_fullwidth_header title=&#8221;PADI Spezialkurs Enriched Air &#8211; Nitrox&#8221; _builder_version=&#8221;4.16&#8243; title_text_align=&#8221;left&#8221; title_font_size=&#8221;54px&#8221; subhead_font=&#8221;|||on|||||&#8221; background_image=&#8221;https:\/\/scuba-legends.com\/wp-content\/uploads\/2020\/09\/7E-Enriched-Air-Diver-Specialty-1280&#215;900-1.jpg&#8221; width=&#8221;100%&#8221; module_alignment=&#8221;center&#8221; custom_padding=&#8221;80px||80px||true|&#8221; title_font_size_tablet=&#8221;44px&#8221; background_last_edited=&#8221;on|desktop&#8221; custom_css_main_element=&#8221;background-position: center -240px;&#8221; custom_css_title=&#8221;order: 2;&#8221; custom_css_subtitle=&#8221;order: 1;&#8221; global_colors_info=&#8221;{}&#8221; custom_css_main_element_last_edited=&#8221;on|tablet&#8221; custom_css_main_element_tablet=&#8221;background-position: center -70px;&#8221; custom_css_main_element_phone=&#8221;background-position: center center;&#8221;]<\/p>\n<p>MAKE IT LEGENDARY<\/p>\n<p>[\/et_pb_fullwidth_header][\/et_pb_section][et_pb_section fb_built=&#8221;1&#8243; _builder_version=&#8221;4.16&#8243; custom_margin=&#8221;-50px||||false|false&#8221; locked=&#8221;off&#8221; global_colors_info=&#8221;{}&#8221;][et_pb_row _builder_version=&#8221;4.16&#8243; global_colors_info=&#8221;{}&#8221;][et_pb_column type=&#8221;4_4&#8243; _builder_version=&#8221;4.16&#8243; global_colors_info=&#8221;{}&#8221;][et_pb_text _builder_version=&#8221;4.27.4&#8243; text_font_size=&#8221;18px&#8221; custom_margin=&#8221;-20px||||false|false&#8221; global_colors_info=&#8221;{}&#8221;]<\/p>\n<h2 style=\"text-align: center; color: #0db4d5;\">PADI Spezialkurs Enriched Air \u2013 Nitrox \u2013 Genie\u00dfe l\u00e4ngere Nullzeiten!<\/h2>\n<p>[\/et_pb_text][et_pb_text _builder_version=&#8221;4.27.4&#8243; global_colors_info=&#8221;{}&#8221;]<\/p>\n<p class=\"\" data-start=\"346\" data-end=\"851\">Enriched Air (EAN) oder Nitrox ist ein Gasgemisch mit einem h\u00f6heren Sauerstoffanteil als normale Luft. Der <strong data-start=\"453\" data-end=\"495\">PADI Spezialkurs Enriched Air \u2013 Nitrox<\/strong> ist ideal f\u00fcr Taucher, die ihre Grundzeit maximieren und ihr Taucherlebnis verbessern m\u00f6chten. Du lernst, wie du mit Nitrox sicher deine <strong>Nullzeitgrenzen verl\u00e4ngern<\/strong> kannst \u2013 besonders vorteilhaft bei Wiederholungstauchg\u00e4ngen oder tieferen Tauchg\u00e4ngen. Zudem verringert sich durch die reduzierte Stickstoffaufnahme das Risiko einer Dekompressionserkrankung.<\/p>\n<p class=\"\" data-start=\"853\" data-end=\"947\">Die g\u00e4ngigsten Mischungen sind Nitrox 32 und 36 mit einem Sauerstoffanteil von 32\u202f% bzw. 36\u202f%.<\/p>\n<h3>Warum mit Nitrox tauchen?<\/h3>\n<ul>\n<li>L\u00e4ngere Grundzeiten: Bleibe l\u00e4nger unter Wasser, ohne deine Nullzeitgrenze zu erreichen.<\/li>\n<li>Weniger M\u00fcdigkeit: Viele Taucher berichten, sich nach dem Tauchgang fitter zu f\u00fchlen.<\/li>\n<li>Mehr Sicherheit: Weniger Stickstoffaufnahme senkt das Risiko einer Dekompressionserkrankung.<\/li>\n<\/ul>\n<p><strong data-start=\"1276\" data-end=\"1354\">Buche jetzt deinen Platz und bring dein Taucherlebnis auf ein neues Level!<\/strong><\/p>\n<p class=\"\" data-start=\"1356\" data-end=\"1856\">Lerne, wie du deine Gasbelastung managen kannst, und f\u00fchre eine praktische \u00dcbung durch, bei der du den <strong>Sauerstoffgehalt der Mischung analysierst<\/strong>. Du erf\u00e4hrst, welche besonderen Verfahren f\u00fcr das Tauchen mit Nitrox notwendig sind, welches Equipment du brauchst und wie du deinen <strong>Tauchcomputer<\/strong> richtig einstellst. Das Tauchen mit <strong>Nitrox ist einfach<\/strong> \u2013 unter Wasser sind keine speziellen Ma\u00dfnahmen n\u00f6tig. Entscheidend ist, dass du verstehst, was Nitrox ist und wie es deine Tauchgangsplanung beeinflusst.<\/p>\n<p class=\"\" data-start=\"1858\" data-end=\"2299\">Der Kurs beinhaltet <strong data-start=\"1878\" data-end=\"1896\">PADI eLearning<\/strong>, sodass du die Theorie flexibel in deinem Tempo absolvieren kannst \u2013 Tauchg\u00e4nge sind f\u00fcr die Zertifizierung nicht verpflichtend. Du wirst f\u00fcr das Tauchen mit Nitrox 40 (max. 40\u202f% Sauerstoff) zertifiziert. Die <strong data-start=\"2106\" data-end=\"2124\">PREMIUM-Option<\/strong> enth\u00e4lt zwei Tauchg\u00e4nge in Playa Chica, Puerto del Carmen \u2013 mit bis zu zehn abwechslungsreichen Tauchpl\u00e4tzen, beeindruckenden Unterwasserlandschaften und reicher Meeresfauna.<\/p>\n<p>[\/et_pb_text][\/et_pb_column][\/et_pb_row][et_pb_row _builder_version=&#8221;4.16&#8243; locked=&#8221;off&#8221; global_colors_info=&#8221;{}&#8221;][et_pb_column type=&#8221;4_4&#8243; _builder_version=&#8221;4.16&#8243; global_colors_info=&#8221;{}&#8221;][et_pb_button button_url=&#8221;https:\/\/app.bukyapp.com\/front\/673ef83180e03463a90b61e6\/product\/6751c46206c0ee8645c29292&#8243; url_new_window=&#8221;on&#8221; button_text=&#8221;VERF\u00dcGBARKEIT &#038; PREISE&#8221; button_alignment=&#8221;center&#8221; admin_label=&#8221;Button&#8221; _builder_version=&#8221;4.27.4&#8243; custom_button=&#8221;on&#8221; button_text_size=&#8221;16px&#8221; button_text_color=&#8221;#ffffff&#8221; button_bg_color=&#8221;#0db4d5&#8243; button_border_width=&#8221;6px&#8221; global_colors_info=&#8221;{}&#8221;][\/et_pb_button][\/et_pb_column][\/et_pb_row][et_pb_row column_structure=&#8221;1_3,1_3,1_3&#8243; _builder_version=&#8221;4.16&#8243; locked=&#8221;off&#8221; global_colors_info=&#8221;{}&#8221;][et_pb_column type=&#8221;1_3&#8243; _builder_version=&#8221;4.16&#8243; global_colors_info=&#8221;{}&#8221;][et_pb_text admin_label=&#8221;Text&#8221; _builder_version=&#8221;4.27.5&#8243; background_color=&#8221;rgba(13,180,213,0.17)&#8221; custom_padding=&#8221;25px|25px|25px|25px|false|false&#8221; hover_enabled=&#8221;0&#8243; border_radii=&#8221;on|3px|3px|3px|3px&#8221; global_colors_info=&#8221;{}&#8221; sticky_enabled=&#8221;0&#8243;]<\/p>\n<h4 style=\"text-align: center; color: #0db4d5;\">Mehr Informationen?<\/h4>\n<p><strong>PADI SPEZIALKURS NITROX BASIC<\/strong><\/p>\n<ul>\n<li>Nur eLearning<\/li>\n<li>Keine Tauchg\u00e4nge erforderlich<\/li>\n<li>Dauer: 2 Stunden eLearning<\/li>\n<li>Duration: 2 hours eLearning<\/li>\n<li>Preis: ab 145 \u20ac<\/li>\n<\/ul>\n<p><strong>PADI SPEZIALKURS NITROX PREMIUM<\/strong><\/p>\n<ul>\n<li>Nur eLearning<\/li>\n<li>Zwei Landtauchg\u00e4nge an der Playa Chica<\/li>\n<li>Dauer: \u00bd Tag + 2 Stunden eLearning<\/li>\n<li>Preis: ab 235 \u20ac<\/li>\n<\/ul>\n<h4 style=\"text-align: center; color: #0db4d5;\"><a href=\"https:\/\/app.bukyapp.com\/front\/673ef83180e03463a90b61e6\/product\/6751c42e06c0ee8645c28b70\" target=\"_blank\" rel=\"noopener\">JETZT BUCHEN<\/a><\/h4>\n<p>[\/et_pb_text][\/et_pb_column][et_pb_column type=&#8221;1_3&#8243; _builder_version=&#8221;4.16&#8243; global_colors_info=&#8221;{}&#8221;][et_pb_text _builder_version=&#8221;4.27.4&#8243; background_color=&#8221;rgba(13,180,213,0.17)&#8221; custom_padding=&#8221;25px|25px|25px|25px|false|false&#8221; border_radii=&#8221;on|3px|3px|3px|3px&#8221; global_colors_info=&#8221;{}&#8221;]<\/p>\n<h4 style=\"text-align: center; color: #0db4d5;\">Was ist inklusive?<\/h4>\n<ul>\n<li>Zugang zum PADI eLearning<\/li>\n<li>PADI-Zertifizierungsgeb\u00fchren<\/li>\n<li>Wasser und Kekse zwischen den Tauchg\u00e4ngen<\/li>\n<li>Erfahrener Tauchlehrer<\/li>\n<li>Kleine Gruppen<\/li>\n<\/ul>\n<p>[\/et_pb_text][et_pb_text _builder_version=&#8221;4.27.4&#8243; background_color=&#8221;rgba(13,180,213,0.17)&#8221; custom_padding=&#8221;25px|25px|25px|25px|false|false&#8221; border_radii=&#8221;on|3px|3px|3px|3px&#8221; global_colors_info=&#8221;{}&#8221;]<\/p>\n<h4 style=\"text-align: center; color: #0db4d5;\">Voraussetzungen?<\/h4>\n<ul>\n<li style=\"list-style-type: none\">\n<ul>\n<li>Mindestens 10 Jahre alt<\/li>\n<li>Mindestens Scuba Diver Zertifizierung<\/li>\n<li>Tauchmedizinisch fit sein: Bestimmte Bedingungen erfordern eine \u00e4rztliche Tauglichkeitsbescheinigung<\/li>\n<li><strong><a class=\"\" href=\"#\" rel=\"noopener\" data-start=\"940\" data-end=\"1008\">Klick hier, um zu pr\u00fcfen, ob du ein \u00e4rztliches Attest ben\u00f6tigst<\/a><\/strong><\/li>\n<\/ul>\n<\/li>\n<\/ul>\n<p>&nbsp;<\/p>\n<p>[\/et_pb_text][\/et_pb_column][et_pb_column type=&#8221;1_3&#8243; _builder_version=&#8221;4.16&#8243; global_colors_info=&#8221;{}&#8221;][et_pb_text _builder_version=&#8221;4.27.4&#8243; background_color=&#8221;rgba(13,180,213,0.17)&#8221; custom_padding=&#8221;25px|25px|25px|25px|false|false&#8221; border_radii=&#8221;on|3px|3px|3px|3px&#8221; global_colors_info=&#8221;{}&#8221;]<\/p>\n<h4 style=\"text-align: center; color: #0db4d5;\">Gut zu wissen!<\/h4>\n<ul>\n<li>Tauchausr\u00fcstung kann gemietet werden<\/li>\n<li>DAN-Tauchversicherung direkt bei uns abschlie\u00dfen<\/li>\n<li>Mitzubringen: Badebekleidung, Handtuch, Sonnenbrille, Sonnenschutz, Wechselkleidung<\/li>\n<li>Kein Fliegen f\u00fcr mind. 18 Stunden nach zwei oder mehr Tauchg\u00e4ngen<\/li>\n<li>Vorab-Buchung wird empfohlen<\/li>\n<\/ul>\n<p>[\/et_pb_text][\/et_pb_column][\/et_pb_row][et_pb_row _builder_version=&#8221;4.16&#8243; locked=&#8221;off&#8221; global_colors_info=&#8221;{}&#8221;][et_pb_column type=&#8221;4_4&#8243; _builder_version=&#8221;4.16&#8243; global_colors_info=&#8221;{}&#8221;][et_pb_button button_url=&#8221;https:\/\/app.bukyapp.com\/front\/673ef83180e03463a90b61e6\/product\/6751c46206c0ee8645c29292&#8243; url_new_window=&#8221;on&#8221; button_text=&#8221;VERF\u00dcGBARKEIT &#038; PREISE&#8221; button_alignment=&#8221;center&#8221; admin_label=&#8221;Button&#8221; _builder_version=&#8221;4.27.4&#8243; custom_button=&#8221;on&#8221; button_text_size=&#8221;16px&#8221; button_text_color=&#8221;#ffffff&#8221; button_bg_color=&#8221;#0db4d5&#8243; button_border_width=&#8221;6px&#8221; global_colors_info=&#8221;{}&#8221;][\/et_pb_button][\/et_pb_column][\/et_pb_row][\/et_pb_section][et_pb_section fb_built=&#8221;1&#8243; fullwidth=&#8221;on&#8221; _builder_version=&#8221;4.16&#8243; global_colors_info=&#8221;{}&#8221;][et_pb_fullwidth_header text_orientation=&#8221;center&#8221; button_one_text=&#8221;Mehr Infos &#8221; button_one_url=&#8221;https:\/\/scuba-legends.com\/de\/kontakt\/&#8221; button_two_text=&#8221;Reservierung&#8221; button_two_url=&#8221;https:\/\/scuba-legends.com\/de\/buchung\/&#8221; _builder_version=&#8221;4.16&#8243; title_level=&#8221;h3&#8243; background_image=&#8221;https:\/\/scuba-legends.com\/wp-content\/uploads\/2020\/08\/Hazlo-epico-1.jpg&#8221; custom_button_one=&#8221;on&#8221; button_one_text_size=&#8221;16px&#8221; button_one_custom_margin=&#8221;||||false|false&#8221; custom_button_two=&#8221;on&#8221; button_two_text_size=&#8221;16px&#8221; text_shadow_style=&#8221;preset3&#8243; global_colors_info=&#8221;{}&#8221;]<\/p>\n<h2 style=\"text-align: center;\"><strong>Private Tauchlehrer und Tauchguides \u2013 Mach\u2019s episch!<\/strong><\/h2>\n<p style=\"text-align: center;\">Pers\u00f6nlicher VIP-Service f\u00fcr Dich allein (oder mit Deiner Familie und Freunden) gew\u00fcnscht? Wir bieten Dir unseren exklusiven privaten Tauchservice in Puerto del Carmen, Lanzarote, an. <br \/>Wir passen Dein Taucherlebnis an Deine Bed\u00fcrfnisse und Zeiten an.<\/p>\n<p>[\/et_pb_fullwidth_header][\/et_pb_section]<\/p>\n","protected":false},"excerpt":{"rendered":"<p>MAKE IT LEGENDARYPADI Spezialkurs Enriched Air \u2013 Nitrox \u2013 Genie\u00dfe l\u00e4ngere Nullzeiten!Enriched Air (EAN) oder Nitrox ist ein Gasgemisch mit einem h\u00f6heren Sauerstoffanteil als normale Luft. Der PADI Spezialkurs Enriched Air \u2013 Nitrox ist ideal f\u00fcr Taucher, die ihre Grundzeit maximieren und ihr Taucherlebnis verbessern m\u00f6chten. Du lernst, wie du mit Nitrox sicher deine Nullzeitgrenzen [&hellip;]<\/p>\n","protected":false},"author":2,"featured_media":0,"parent":0,"menu_order":166,"comment_status":"closed","ping_status":"closed","template":"","meta":{"_acf_changed":false,"_et_pb_use_builder":"on","_et_pb_old_content":"","_et_gb_content_width":"","footnotes":""},"class_list":["post-6089","page","type-page","status-publish","hentry"],"acf":[],"yoast_head":"<!-- This site is optimized with the Yoast SEO plugin v27.4 - https:\/\/yoast.com\/product\/yoast-seo-wordpress\/ -->\n<title>Spezialkurs Enriched Air Nitrox - Scuba Legends<\/title>\n<meta name=\"description\" content=\"Der PADI Spezialkurs Enriched Air \u2013 Nitrox ist ideal f\u00fcr Taucher, die ihre Grundzeit maximieren und ihr Taucherlebnis verbessern m\u00f6chten.\" \/>\n<meta name=\"robots\" content=\"index, follow, max-snippet:-1, max-image-preview:large, max-video-preview:-1\" \/>\n<link rel=\"canonical\" href=\"https:\/\/scuba-legends.com\/de\/spezialkurs-enriched-air-nitrox\/\" \/>\n<meta property=\"og:locale\" content=\"de_DE\" \/>\n<meta property=\"og:type\" content=\"article\" \/>\n<meta property=\"og:title\" content=\"Spezialkurs Enriched Air Nitrox - Scuba Legends\" \/>\n<meta property=\"og:description\" content=\"Der PADI Spezialkurs Enriched Air \u2013 Nitrox ist ideal f\u00fcr Taucher, die ihre Grundzeit maximieren und ihr Taucherlebnis verbessern m\u00f6chten.\" \/>\n<meta property=\"og:url\" content=\"https:\/\/scuba-legends.com\/de\/spezialkurs-enriched-air-nitrox\/\" \/>\n<meta property=\"og:site_name\" content=\"Scuba Legends\" \/>\n<meta property=\"article:publisher\" content=\"https:\/\/www.facebook.com\/ScubaLegends\/\" \/>\n<meta property=\"article:modified_time\" content=\"2026-01-06T09:30:48+00:00\" \/>\n<meta property=\"og:image\" content=\"https:\/\/scuba-legends.com\/wp-content\/uploads\/2020\/01\/scuba_legend_logo_new1.png\" \/>\n\t<meta property=\"og:image:width\" content=\"150\" \/>\n\t<meta property=\"og:image:height\" content=\"150\" \/>\n\t<meta property=\"og:image:type\" content=\"image\/png\" \/>\n<meta name=\"twitter:card\" content=\"summary_large_image\" \/>\n<meta name=\"twitter:site\" content=\"@scubalegends\" \/>\n<meta name=\"twitter:label1\" content=\"Gesch\u00e4tzte Lesezeit\" \/>\n\t<meta name=\"twitter:data1\" content=\"2\u00a0Minuten\" \/>\n<script type=\"application\/ld+json\" class=\"yoast-schema-graph\">{\"@context\":\"https:\\\/\\\/schema.org\",\"@graph\":[{\"@type\":\"WebPage\",\"@id\":\"https:\\\/\\\/scuba-legends.com\\\/de\\\/spezialkurs-enriched-air-nitrox\\\/\",\"url\":\"https:\\\/\\\/scuba-legends.com\\\/de\\\/spezialkurs-enriched-air-nitrox\\\/\",\"name\":\"Spezialkurs Enriched Air Nitrox - Scuba Legends\",\"isPartOf\":{\"@id\":\"https:\\\/\\\/scuba-legends.com\\\/de\\\/#website\"},\"datePublished\":\"2020-09-28T18:09:07+00:00\",\"dateModified\":\"2026-01-06T09:30:48+00:00\",\"description\":\"Der PADI Spezialkurs Enriched Air \u2013 Nitrox ist ideal f\u00fcr Taucher, die ihre Grundzeit maximieren und ihr Taucherlebnis verbessern m\u00f6chten.\",\"breadcrumb\":{\"@id\":\"https:\\\/\\\/scuba-legends.com\\\/de\\\/spezialkurs-enriched-air-nitrox\\\/#breadcrumb\"},\"inLanguage\":\"de\",\"potentialAction\":[{\"@type\":\"ReadAction\",\"target\":[\"https:\\\/\\\/scuba-legends.com\\\/de\\\/spezialkurs-enriched-air-nitrox\\\/\"]}]},{\"@type\":\"BreadcrumbList\",\"@id\":\"https:\\\/\\\/scuba-legends.com\\\/de\\\/spezialkurs-enriched-air-nitrox\\\/#breadcrumb\",\"itemListElement\":[{\"@type\":\"ListItem\",\"position\":1,\"name\":\"Scuba Legends\",\"item\":\"https:\\\/\\\/scuba-legends.com\\\/de\\\/\"},{\"@type\":\"ListItem\",\"position\":2,\"name\":\"Spezialkurs Enriched Air Nitrox\"}]},{\"@type\":\"WebSite\",\"@id\":\"https:\\\/\\\/scuba-legends.com\\\/de\\\/#website\",\"url\":\"https:\\\/\\\/scuba-legends.com\\\/de\\\/\",\"name\":\"Scuba Legends\",\"description\":\"Dive Center Lanzarote\",\"publisher\":{\"@id\":\"https:\\\/\\\/scuba-legends.com\\\/de\\\/#organization\"},\"potentialAction\":[{\"@type\":\"SearchAction\",\"target\":{\"@type\":\"EntryPoint\",\"urlTemplate\":\"https:\\\/\\\/scuba-legends.com\\\/de\\\/?s={search_term_string}\"},\"query-input\":{\"@type\":\"PropertyValueSpecification\",\"valueRequired\":true,\"valueName\":\"search_term_string\"}}],\"inLanguage\":\"de\"},{\"@type\":\"Organization\",\"@id\":\"https:\\\/\\\/scuba-legends.com\\\/de\\\/#organization\",\"name\":\"Scuba Legends Dive Center Lanzarote\",\"url\":\"https:\\\/\\\/scuba-legends.com\\\/de\\\/\",\"logo\":{\"@type\":\"ImageObject\",\"inLanguage\":\"de\",\"@id\":\"https:\\\/\\\/scuba-legends.com\\\/de\\\/#\\\/schema\\\/logo\\\/image\\\/\",\"url\":\"https:\\\/\\\/scuba-legends.com\\\/wp-content\\\/uploads\\\/2020\\\/01\\\/scuba_legends_favicon.png\",\"contentUrl\":\"https:\\\/\\\/scuba-legends.com\\\/wp-content\\\/uploads\\\/2020\\\/01\\\/scuba_legends_favicon.png\",\"width\":512,\"height\":512,\"caption\":\"Scuba Legends Dive Center Lanzarote\"},\"image\":{\"@id\":\"https:\\\/\\\/scuba-legends.com\\\/de\\\/#\\\/schema\\\/logo\\\/image\\\/\"},\"sameAs\":[\"https:\\\/\\\/www.facebook.com\\\/ScubaLegends\\\/\",\"https:\\\/\\\/x.com\\\/scubalegends\",\"https:\\\/\\\/www.instagram.com\\\/scuba_legends\\\/\",\"https:\\\/\\\/www.youtube.com\\\/channel\\\/UCUjHU7Mmii5SfLoodxNZmqQ\"]}]}<\/script>\n<!-- \/ Yoast SEO plugin. -->","yoast_head_json":{"title":"Spezialkurs Enriched Air Nitrox - Scuba Legends","description":"Der PADI Spezialkurs Enriched Air \u2013 Nitrox ist ideal f\u00fcr Taucher, die ihre Grundzeit maximieren und ihr Taucherlebnis verbessern m\u00f6chten.","robots":{"index":"index","follow":"follow","max-snippet":"max-snippet:-1","max-image-preview":"max-image-preview:large","max-video-preview":"max-video-preview:-1"},"canonical":"https:\/\/scuba-legends.com\/de\/spezialkurs-enriched-air-nitrox\/","og_locale":"de_DE","og_type":"article","og_title":"Spezialkurs Enriched Air Nitrox - Scuba Legends","og_description":"Der PADI Spezialkurs Enriched Air \u2013 Nitrox ist ideal f\u00fcr Taucher, die ihre Grundzeit maximieren und ihr Taucherlebnis verbessern m\u00f6chten.","og_url":"https:\/\/scuba-legends.com\/de\/spezialkurs-enriched-air-nitrox\/","og_site_name":"Scuba Legends","article_publisher":"https:\/\/www.facebook.com\/ScubaLegends\/","article_modified_time":"2026-01-06T09:30:48+00:00","og_image":[{"width":150,"height":150,"url":"https:\/\/scuba-legends.com\/wp-content\/uploads\/2020\/01\/scuba_legend_logo_new1.png","type":"image\/png"}],"twitter_card":"summary_large_image","twitter_site":"@scubalegends","twitter_misc":{"Gesch\u00e4tzte Lesezeit":"2\u00a0Minuten"},"schema":{"@context":"https:\/\/schema.org","@graph":[{"@type":"WebPage","@id":"https:\/\/scuba-legends.com\/de\/spezialkurs-enriched-air-nitrox\/","url":"https:\/\/scuba-legends.com\/de\/spezialkurs-enriched-air-nitrox\/","name":"Spezialkurs Enriched Air Nitrox - Scuba Legends","isPartOf":{"@id":"https:\/\/scuba-legends.com\/de\/#website"},"datePublished":"2020-09-28T18:09:07+00:00","dateModified":"2026-01-06T09:30:48+00:00","description":"Der PADI Spezialkurs Enriched Air \u2013 Nitrox ist ideal f\u00fcr Taucher, die ihre Grundzeit maximieren und ihr Taucherlebnis verbessern m\u00f6chten.","breadcrumb":{"@id":"https:\/\/scuba-legends.com\/de\/spezialkurs-enriched-air-nitrox\/#breadcrumb"},"inLanguage":"de","potentialAction":[{"@type":"ReadAction","target":["https:\/\/scuba-legends.com\/de\/spezialkurs-enriched-air-nitrox\/"]}]},{"@type":"BreadcrumbList","@id":"https:\/\/scuba-legends.com\/de\/spezialkurs-enriched-air-nitrox\/#breadcrumb","itemListElement":[{"@type":"ListItem","position":1,"name":"Scuba Legends","item":"https:\/\/scuba-legends.com\/de\/"},{"@type":"ListItem","position":2,"name":"Spezialkurs Enriched Air Nitrox"}]},{"@type":"WebSite","@id":"https:\/\/scuba-legends.com\/de\/#website","url":"https:\/\/scuba-legends.com\/de\/","name":"Scuba Legends","description":"Dive Center Lanzarote","publisher":{"@id":"https:\/\/scuba-legends.com\/de\/#organization"},"potentialAction":[{"@type":"SearchAction","target":{"@type":"EntryPoint","urlTemplate":"https:\/\/scuba-legends.com\/de\/?s={search_term_string}"},"query-input":{"@type":"PropertyValueSpecification","valueRequired":true,"valueName":"search_term_string"}}],"inLanguage":"de"},{"@type":"Organization","@id":"https:\/\/scuba-legends.com\/de\/#organization","name":"Scuba Legends Dive Center Lanzarote","url":"https:\/\/scuba-legends.com\/de\/","logo":{"@type":"ImageObject","inLanguage":"de","@id":"https:\/\/scuba-legends.com\/de\/#\/schema\/logo\/image\/","url":"https:\/\/scuba-legends.com\/wp-content\/uploads\/2020\/01\/scuba_legends_favicon.png","contentUrl":"https:\/\/scuba-legends.com\/wp-content\/uploads\/2020\/01\/scuba_legends_favicon.png","width":512,"height":512,"caption":"Scuba Legends Dive Center Lanzarote"},"image":{"@id":"https:\/\/scuba-legends.com\/de\/#\/schema\/logo\/image\/"},"sameAs":["https:\/\/www.facebook.com\/ScubaLegends\/","https:\/\/x.com\/scubalegends","https:\/\/www.instagram.com\/scuba_legends\/","https:\/\/www.youtube.com\/channel\/UCUjHU7Mmii5SfLoodxNZmqQ"]}]}},"_links":{"self":[{"href":"https:\/\/scuba-legends.com\/de\/wp-json\/wp\/v2\/pages\/6089","targetHints":{"allow":["GET"]}}],"collection":[{"href":"https:\/\/scuba-legends.com\/de\/wp-json\/wp\/v2\/pages"}],"about":[{"href":"https:\/\/scuba-legends.com\/de\/wp-json\/wp\/v2\/types\/page"}],"author":[{"embeddable":true,"href":"https:\/\/scuba-legends.com\/de\/wp-json\/wp\/v2\/users\/2"}],"replies":[{"embeddable":true,"href":"https:\/\/scuba-legends.com\/de\/wp-json\/wp\/v2\/comments?post=6089"}],"version-history":[{"count":10,"href":"https:\/\/scuba-legends.com\/de\/wp-json\/wp\/v2\/pages\/6089\/revisions"}],"predecessor-version":[{"id":20093,"href":"https:\/\/scuba-legends.com\/de\/wp-json\/wp\/v2\/pages\/6089\/revisions\/20093"}],"wp:attachment":[{"href":"https:\/\/scuba-legends.com\/de\/wp-json\/wp\/v2\/media?parent=6089"}],"curies":[{"name":"wp","href":"https:\/\/api.w.org\/{rel}","templated":true}]}}