{"id":6064,"date":"2020-09-28T17:07:11","date_gmt":"2020-09-28T17:07:11","guid":{"rendered":"https:\/\/scuba-legends.com\/advanced-open-water-diver\/"},"modified":"2026-01-06T09:32:24","modified_gmt":"2026-01-06T09:32:24","slug":"advanced-open-water-diver","status":"publish","type":"page","link":"https:\/\/scuba-legends.com\/de\/advanced-open-water-diver\/","title":{"rendered":"PADI Advanced Open Water Course"},"content":{"rendered":"<p>[et_pb_section fb_built=&#8221;1&#8243; fullwidth=&#8221;on&#8221; module_id=&#8221;spheader-section&#8221; _builder_version=&#8221;4.16&#8243; global_colors_info=&#8221;{}&#8221;][et_pb_fullwidth_header title=&#8221;PADI Advanced Open Water Diver&#8221; admin_label=&#8221;Vollbreite Kopfzeile&#8221; _builder_version=&#8221;4.16&#8243; title_text_align=&#8221;left&#8221; title_font_size=&#8221;54px&#8221; subhead_font=&#8221;|||on|||||&#8221; background_image=&#8221;https:\/\/scuba-legends.com\/wp-content\/uploads\/2020\/09\/5-Advanced-1280&#215;900-1.jpg&#8221; width=&#8221;100%&#8221; module_alignment=&#8221;center&#8221; custom_padding=&#8221;80px||80px||true|&#8221; title_font_size_tablet=&#8221;44px&#8221; background_last_edited=&#8221;on|desktop&#8221; custom_css_main_element=&#8221;background-position: center -240px;&#8221; custom_css_title=&#8221;order: 2;&#8221; custom_css_subtitle=&#8221;order: 1;&#8221; global_colors_info=&#8221;{}&#8221; custom_css_main_element_last_edited=&#8221;on|tablet&#8221; custom_css_main_element_tablet=&#8221;background-position: center -70px;&#8221; custom_css_main_element_phone=&#8221;background-position: center center;&#8221;]<\/p>\n<p>MAKE IT LEGENDARY<\/p>\n<p>[\/et_pb_fullwidth_header][\/et_pb_section][et_pb_section fb_built=&#8221;1&#8243; _builder_version=&#8221;4.16&#8243; custom_margin=&#8221;-50px||||false|false&#8221; global_colors_info=&#8221;{}&#8221;][et_pb_row _builder_version=&#8221;4.16&#8243; global_colors_info=&#8221;{}&#8221;][et_pb_column type=&#8221;4_4&#8243; _builder_version=&#8221;4.16&#8243; global_colors_info=&#8221;{}&#8221;][et_pb_text _builder_version=&#8221;4.27.4&#8243; text_font_size=&#8221;18px&#8221; custom_margin=&#8221;-20px||||false|false&#8221; global_colors_info=&#8221;{}&#8221;]<\/p>\n<h2 style=\"text-align: center; color: #0db4d5;\">Werde ein PADI Advanced Open Water Diver in Lanzarote<\/h2>\n<p>[\/et_pb_text][et_pb_text admin_label=&#8221;Text&#8221; _builder_version=&#8221;4.27.4&#8243; global_colors_info=&#8221;{}&#8221;]<\/p>\n<p>Tauche tiefer, erkunde mehr! Schalte das n\u00e4chste Level des Unterwasserabenteuers frei mit unserem PADI Advanced Open Water Kurs in Lanzarote, Puerto del Carmen. Gewinne Selbstvertrauen, steigere deine Tauchfertigkeiten, erobere neue Tiefen und tauche in aufregende Spezialerlebnisse ein.<\/p>\n<p>W\u00e4hrend 5 PADI Adventure Dives kannst du erkunden und neue Erfahrungen sammeln. Von Tarierungstraining und Atem\u00fcbungen bis hin zu Unterwassernavigation und Tieftauchen. Erforsche versunkene Schiffswracks, erhalte eine Einf\u00fchrung ins Rettungstraining oder lerne, mit angereichertem Luft zu tauchen. <strong>Mit dem PADI Advanced Open Water Kurs wirst du darauf trainiert, bis zu einer Tiefe von 30 Metern zu tauchen.<\/strong> Mit jedem Abenteuertauchgang kannst du Anerkennung f\u00fcr den ersten Tauchgang des jeweiligen PADI Spezialkurses erhalten.<\/p>\n<p>Werde zur Tauchlegende! Eine gro\u00dfe Vielfalt an Abenteuertauchg\u00e4ngen, erfahrene Tauchlehrer und unvergessliche Tauchg\u00e4nge warten auf dich.<\/p>\n<p>[\/et_pb_text][\/et_pb_column][\/et_pb_row][\/et_pb_section][et_pb_section fb_built=&#8221;1&#8243; _builder_version=&#8221;4.16&#8243; custom_margin=&#8221;-50px||||false|false&#8221; global_colors_info=&#8221;{}&#8221;][et_pb_row _builder_version=&#8221;4.16&#8243; custom_margin=&#8221;-20px||||false|false&#8221; global_colors_info=&#8221;{}&#8221;][et_pb_column type=&#8221;4_4&#8243; _builder_version=&#8221;4.16&#8243; global_colors_info=&#8221;{}&#8221;][et_pb_text _builder_version=&#8221;4.16&#8243; text_font_size=&#8221;18px&#8221; custom_margin=&#8221;-20px||||false|false&#8221; global_colors_info=&#8221;{}&#8221;]<\/p>\n<h2 style=\"text-align: center; color: #0db4d5;\">Was beinhaltet der PADI Advanced Open Water Kurs?<\/h2>\n<p>[\/et_pb_text][et_pb_text _builder_version=&#8221;4.27.5&#8243; hover_enabled=&#8221;0&#8243; global_colors_info=&#8221;{}&#8221; sticky_enabled=&#8221;0&#8243;]<\/p>\n<p>Der PADI Advanced Open Water Kurs (AOWC) umfasst 5 Abenteuertauchg\u00e4nge. Die Theorie wird im Selbststudium vor Kursbeginn \u00fcber das PADI eLearning abgeschlossen. Jeder Tauchgang behandelt ein Abenteuerthema aus dem PADI eLearning und bietet dir eine Einf\u00fchrung in neue Bereiche.<\/p>\n<p>Die 5 Abenteuertauchg\u00e4nge des AOWC werden \u00fcber 2 Trainingstage verteilt. Wir beginnen um etwa 8:15 in Playa Chica (Puerto del Carmen) und beenden den Tag zwischen 13 und 15 Uhr. Die Abenteuertauchg\u00e4nge sind abh\u00e4ngig von Verf\u00fcgbarkeit und Planung.<\/p>\n<p>Der <strong>Tieftauchgang und das Training zur Unterwassernavigation sind obligatorisch<\/strong>, die anderen drei Abenteuer kannst du aus den folgenden Paketen w\u00e4hlen:<\/p>\n<ul>\n<li><strong>Tarierung in Perfektion<\/strong>: Ein Muss f\u00fcr jeden Taucher!<\/li>\n<li><strong>Wracktauchen vom Ufer<\/strong>: Besichtige ein kleines Wrack vom Ufer in Playa Chica.<\/li>\n<li><strong>Oberfl\u00e4chenboje einsetzen:<\/strong> Lerne den sicheren Einsatz einer Boje f\u00fcr den Aufstieg.<\/li>\n<li><strong>Rescue Adventure<\/strong>: Einf\u00fchrung ins Rettungstraining. Erste Einblicke in Selbstrettung &amp; Verfahren.<\/li>\n<li><strong>Wracktauchen vom Boot<\/strong>: Entdecke Wracks in Puerto del Carmen vom Boot aus.<\/li>\n<li><strong>Bootstauchen<\/strong>: Lerne Verfahren und Sicherheit beim Bootstauchen.<\/li>\n<\/ul>\n<p><strong>SONDERANGEBOT +145,00\u20ac<\/strong><br \/>F\u00fcge die PADI Enriched Air Specialty (Nitrox) zu einem erm\u00e4\u00dfigten Preis zu einem der AOWC-Pakete hinzu und erhalte eine zus\u00e4tzliche Zertifizierung. Lerne alles \u00fcber Nitrox: Vorteile, Tankanalyse, Computerkonfiguration und Tiefenregelungen (keine Tauchg\u00e4nge erforderlich; inklusive PADI eLearning und Zertifizierungsgeb\u00fchren).<\/p>\n<p><strong>Dauer<\/strong>:<\/p>\n<ul>\n<li style=\"list-style-type: none;\">\n<ul>\n<li>2 Tage + eLearning<\/li>\n<\/ul>\n<\/li>\n<\/ul>\n<p><strong>Mindestvoraussetzungen<\/strong>:<\/p>\n<ul>\n<li style=\"list-style-type: none;\">\n<ul>\n<li>Mindestalter 12 Jahre<\/li>\n<li>Open Water Diver<\/li>\n<li>Gesundheitlich fit zum Tauchen<\/li>\n<\/ul>\n<\/li>\n<\/ul>\n<p>[\/et_pb_text][\/et_pb_column][\/et_pb_row][et_pb_row column_structure=&#8221;1_3,1_3,1_3&#8243; make_equal=&#8221;on&#8221; disabled_on=&#8221;off|off|off&#8221; _builder_version=&#8221;4.27.4&#8243; custom_margin=&#8221;-20px||||false|false&#8221; locked=&#8221;off&#8221; global_colors_info=&#8221;{}&#8221;][et_pb_column type=&#8221;1_3&#8243; _builder_version=&#8221;4.16&#8243; global_colors_info=&#8221;{}&#8221;][et_pb_text module_id=&#8221;moreinfo-1&#8243; module_class=&#8221;pricing-holder&#8221; _builder_version=&#8221;4.27.4&#8243; text_line_height=&#8221;1.3em&#8221; custom_padding=&#8221;||25px||false|false&#8221; animation_style=&#8221;zoom&#8221; link_option_url=&#8221;https:\/\/scuba-legends.com\/booking\/&#8221; custom_css_main_element=&#8221;overflow: visible;&#8221; border_radii=&#8221;on|3px|3px|3px|3px&#8221; box_shadow_style=&#8221;preset1&#8243; box_shadow_blur=&#8221;11px&#8221; box_shadow_color=&#8221;#0db4d5&#8243; global_colors_info=&#8221;{}&#8221;]<\/p>\n<div style=\"text-align: center; color: #ffffff;\">.<\/div>\n<div class=\"price-holder\"><img loading=\"lazy\" decoding=\"async\" class=\"wp-image-4540 size-full aligncenter\" src=\"https:\/\/scuba-legends.com\/wp-content\/uploads\/2020\/08\/icono-ok-80x80-1.jpg\" alt=\"\" width=\"80\" height=\"80\" \/><\/div>\n<div style=\"text-align: center; color: #ffffff;\">.<\/div>\n<h6 style=\"text-align: center; color: #0db4d5;\">BASIC<\/h6>\n<div class=\"price-inner-content\">\n<p style=\"text-align: center;\">PADI eLearning + digitale Zertifizierung<br \/>Wasser und Snack<\/p>\n<p style=\"text-align: center;\"><strong>5 Abenteuertauchg\u00e4nge<\/strong><br \/>Unterwassernavigation<br \/>Tieftauchen<br \/>Tarierung<br \/>Wracktauchen von Land<br \/>Bojenbereitstellung<\/p>\n<p>&nbsp;<\/p>\n<\/div>\n<p>[\/et_pb_text][et_pb_button button_url=&#8221;https:\/\/app.bukyapp.com\/front\/673ef83180e03463a90b61e6\/product\/67477797df06bb0ee0759414&#8243; url_new_window=&#8221;on&#8221; button_text=&#8221;Ab 379,00\u20ac&#8221; button_alignment=&#8221;center&#8221; _builder_version=&#8221;4.27.4&#8243; custom_button=&#8221;on&#8221; button_text_size=&#8221;16px&#8221; button_text_color=&#8221;#ffffff&#8221; button_bg_color=&#8221;#0db4d5&#8243; button_border_radius=&#8221;6px&#8221; custom_margin=&#8221;-93px||||false|false&#8221; global_colors_info=&#8221;{}&#8221;][\/et_pb_button][\/et_pb_column][et_pb_column type=&#8221;1_3&#8243; _builder_version=&#8221;4.16&#8243; global_colors_info=&#8221;{}&#8221;][et_pb_text module_id=&#8221;moreinfo-1&#8243; module_class=&#8221;pricing-holder&#8221; _builder_version=&#8221;4.27.4&#8243; text_line_height=&#8221;1.3em&#8221; custom_padding=&#8221;||25px||false|false&#8221; animation_style=&#8221;zoom&#8221; custom_css_main_element=&#8221;overflow: visible;&#8221; border_radii=&#8221;on|3px|3px|3px|3px&#8221; box_shadow_style=&#8221;preset1&#8243; box_shadow_blur=&#8221;30px&#8221; box_shadow_color=&#8221;#0db4d5&#8243; global_colors_info=&#8221;{}&#8221;]<\/p>\n<div style=\"text-align: center; color: #ffffff;\">.<\/div>\n<div class=\"price-holder\"><img loading=\"lazy\" decoding=\"async\" class=\"wp-image-4541 size-full aligncenter\" src=\"https:\/\/scuba-legends.com\/wp-content\/uploads\/2020\/08\/icon-bubbles-80x80-1.jpg\" alt=\"\" width=\"80\" height=\"80\" \/><\/div>\n<div style=\"text-align: center; color: #ffffff;\">.<\/div>\n<h6 style=\"text-align: center; color: #0db4d5;\">PREMIUM<\/h6>\n<div class=\"price-inner-content\">\n<p style=\"text-align: center;\">PADI eLearning + digitale Zertifizierung<br \/>Wasser und Snack<\/p>\n<p style=\"text-align: center;\"><strong>5 Abenteuertauchg\u00e4nge<\/strong><br \/>Unterwassernavigation<br \/>Tieftauchen<br \/>Tarierung<br \/>Wracktauchen von Land<br \/>Rettungsabenteuer<\/p>\n<p>&nbsp;<\/p>\n<\/div>\n<p>[\/et_pb_text][et_pb_button button_url=&#8221;https:\/\/app.bukyapp.com\/front\/673ef83180e03463a90b61e6\/product\/67477797df06bb0ee0759414&#8243; url_new_window=&#8221;on&#8221; button_text=&#8221;Ab 399,00\u20ac&#8221; button_alignment=&#8221;center&#8221; _builder_version=&#8221;4.27.4&#8243; custom_button=&#8221;on&#8221; button_text_size=&#8221;16px&#8221; button_text_color=&#8221;#ffffff&#8221; button_bg_color=&#8221;#0db4d5&#8243; button_border_radius=&#8221;6px&#8221; custom_margin=&#8221;-93px||||false|false&#8221; global_colors_info=&#8221;{}&#8221;][\/et_pb_button][\/et_pb_column][et_pb_column type=&#8221;1_3&#8243; _builder_version=&#8221;4.16&#8243; global_colors_info=&#8221;{}&#8221;][et_pb_text module_id=&#8221;moreinfo-1&#8243; module_class=&#8221;pricing-holder&#8221; _builder_version=&#8221;4.27.4&#8243; text_line_height=&#8221;1.3em&#8221; custom_padding=&#8221;||25px||false|false&#8221; animation_style=&#8221;zoom&#8221; link_option_url=&#8221;https:\/\/scuba-legends.com\/booking\/&#8221; custom_css_main_element=&#8221;overflow: visible;&#8221; border_radii=&#8221;on|3px|3px|3px|3px&#8221; box_shadow_style=&#8221;preset1&#8243; box_shadow_blur=&#8221;11px&#8221; box_shadow_color=&#8221;#0db4d5&#8243; global_colors_info=&#8221;{}&#8221;]<\/p>\n<div style=\"text-align: center; color: #ffffff;\">.<\/div>\n<div class=\"price-holder\"><img loading=\"lazy\" decoding=\"async\" class=\"wp-image-4541 size-full aligncenter\" src=\"https:\/\/scuba-legends.com\/wp-content\/uploads\/2020\/08\/icono-cool-80x80-1.jpg\" alt=\"\" width=\"80\" height=\"80\" \/><\/div>\n<div style=\"text-align: center; color: #ffffff;\">.<\/div>\n<h6 style=\"text-align: center; color: #0db4d5;\">VIP<\/h6>\n<div class=\"price-inner-content\">\n<p style=\"text-align: center;\">PADI eLearning + digitale Zertifizierung<br \/>Wasser und Snack<\/p>\n<p style=\"text-align: center;\"><strong>5 Abenteuertauchg\u00e4nge<\/strong><br \/>Unterwassernavigation<br \/>Tieftauchen<br \/>Tarierung<br \/>Bootstauchen<br \/>Wracktauchen vom Boot<\/p>\n<p>&nbsp;<\/p>\n<\/div>\n<p>[\/et_pb_text][et_pb_button button_url=&#8221;https:\/\/app.bukyapp.com\/front\/673ef83180e03463a90b61e6\/product\/67477797df06bb0ee0759414&#8243; url_new_window=&#8221;on&#8221; button_text=&#8221;Ab 415,00\u20ac&#8221; button_alignment=&#8221;center&#8221; _builder_version=&#8221;4.27.4&#8243; custom_button=&#8221;on&#8221; button_text_size=&#8221;16px&#8221; button_text_color=&#8221;#ffffff&#8221; button_bg_color=&#8221;#0db4d5&#8243; button_border_radius=&#8221;6px&#8221; custom_margin=&#8221;-93px||||false|false&#8221; global_colors_info=&#8221;{}&#8221;][\/et_pb_button][\/et_pb_column][\/et_pb_row][\/et_pb_section]<\/p>\n","protected":false},"excerpt":{"rendered":"<p>MAKE IT LEGENDARYWerde ein PADI Advanced Open Water Diver in LanzaroteTauche tiefer, erkunde mehr! Schalte das n\u00e4chste Level des Unterwasserabenteuers frei mit unserem PADI Advanced Open Water Kurs in Lanzarote, Puerto del Carmen. Gewinne Selbstvertrauen, steigere deine Tauchfertigkeiten, erobere neue Tiefen und tauche in aufregende Spezialerlebnisse ein. W\u00e4hrend 5 PADI Adventure Dives kannst du erkunden [&hellip;]<\/p>\n","protected":false},"author":2,"featured_media":0,"parent":0,"menu_order":176,"comment_status":"closed","ping_status":"closed","template":"","meta":{"_acf_changed":false,"_et_pb_use_builder":"on","_et_pb_old_content":"","_et_gb_content_width":"","footnotes":""},"class_list":["post-6064","page","type-page","status-publish","hentry"],"acf":[],"yoast_head":"<!-- This site is optimized with the Yoast SEO plugin v27.4 - https:\/\/yoast.com\/product\/yoast-seo-wordpress\/ -->\n<title>PADI Advanced Open Water Kurs - Scuba Legends Tauchschule Lanzarote<\/title>\n<meta name=\"description\" content=\"Mit dem PADI Advanced Open Water Kurs wirst du darauf trainiert, bis zu einer Tiefe von 30 Metern zu tauchen. Erkunde Lanzarote Unterwasser!\" \/>\n<meta name=\"robots\" content=\"index, follow, max-snippet:-1, max-image-preview:large, max-video-preview:-1\" \/>\n<link rel=\"canonical\" href=\"https:\/\/scuba-legends.com\/de\/advanced-open-water-diver\/\" \/>\n<meta property=\"og:locale\" content=\"de_DE\" \/>\n<meta property=\"og:type\" content=\"article\" \/>\n<meta property=\"og:title\" content=\"PADI Advanced Open Water Kurs - Scuba Legends Tauchschule Lanzarote\" \/>\n<meta property=\"og:description\" content=\"Mit dem PADI Advanced Open Water Kurs wirst du darauf trainiert, bis zu einer Tiefe von 30 Metern zu tauchen. Erkunde Lanzarote Unterwasser!\" \/>\n<meta property=\"og:url\" content=\"https:\/\/scuba-legends.com\/de\/advanced-open-water-diver\/\" \/>\n<meta property=\"og:site_name\" content=\"Scuba Legends\" \/>\n<meta property=\"article:publisher\" content=\"https:\/\/www.facebook.com\/ScubaLegends\/\" \/>\n<meta property=\"article:modified_time\" content=\"2026-01-06T09:32:24+00:00\" \/>\n<meta property=\"og:image\" content=\"https:\/\/scuba-legends.com\/wp-content\/uploads\/2020\/08\/Devolucion-80x80-2.png\" \/>\n\t<meta property=\"og:image:width\" content=\"80\" \/>\n\t<meta property=\"og:image:height\" content=\"80\" \/>\n\t<meta property=\"og:image:type\" content=\"image\/png\" \/>\n<meta name=\"twitter:card\" content=\"summary_large_image\" \/>\n<meta name=\"twitter:site\" content=\"@scubalegends\" \/>\n<meta name=\"twitter:label1\" content=\"Gesch\u00e4tzte Lesezeit\" \/>\n\t<meta name=\"twitter:data1\" content=\"3\u00a0Minuten\" \/>\n<script type=\"application\/ld+json\" class=\"yoast-schema-graph\">{\"@context\":\"https:\\\/\\\/schema.org\",\"@graph\":[{\"@type\":\"WebPage\",\"@id\":\"https:\\\/\\\/scuba-legends.com\\\/de\\\/advanced-open-water-diver\\\/\",\"url\":\"https:\\\/\\\/scuba-legends.com\\\/de\\\/advanced-open-water-diver\\\/\",\"name\":\"PADI Advanced Open Water Kurs - Scuba Legends Tauchschule Lanzarote\",\"isPartOf\":{\"@id\":\"https:\\\/\\\/scuba-legends.com\\\/de\\\/#website\"},\"primaryImageOfPage\":{\"@id\":\"https:\\\/\\\/scuba-legends.com\\\/de\\\/advanced-open-water-diver\\\/#primaryimage\"},\"image\":{\"@id\":\"https:\\\/\\\/scuba-legends.com\\\/de\\\/advanced-open-water-diver\\\/#primaryimage\"},\"thumbnailUrl\":\"https:\\\/\\\/scuba-legends.com\\\/wp-content\\\/uploads\\\/2020\\\/08\\\/icono-ok-80x80-1.jpg\",\"datePublished\":\"2020-09-28T17:07:11+00:00\",\"dateModified\":\"2026-01-06T09:32:24+00:00\",\"description\":\"Mit dem PADI Advanced Open Water Kurs wirst du darauf trainiert, bis zu einer Tiefe von 30 Metern zu tauchen. Erkunde Lanzarote Unterwasser!\",\"breadcrumb\":{\"@id\":\"https:\\\/\\\/scuba-legends.com\\\/de\\\/advanced-open-water-diver\\\/#breadcrumb\"},\"inLanguage\":\"de\",\"potentialAction\":[{\"@type\":\"ReadAction\",\"target\":[\"https:\\\/\\\/scuba-legends.com\\\/de\\\/advanced-open-water-diver\\\/\"]}]},{\"@type\":\"ImageObject\",\"inLanguage\":\"de\",\"@id\":\"https:\\\/\\\/scuba-legends.com\\\/de\\\/advanced-open-water-diver\\\/#primaryimage\",\"url\":\"https:\\\/\\\/scuba-legends.com\\\/wp-content\\\/uploads\\\/2020\\\/08\\\/icono-ok-80x80-1.jpg\",\"contentUrl\":\"https:\\\/\\\/scuba-legends.com\\\/wp-content\\\/uploads\\\/2020\\\/08\\\/icono-ok-80x80-1.jpg\"},{\"@type\":\"BreadcrumbList\",\"@id\":\"https:\\\/\\\/scuba-legends.com\\\/de\\\/advanced-open-water-diver\\\/#breadcrumb\",\"itemListElement\":[{\"@type\":\"ListItem\",\"position\":1,\"name\":\"Scuba Legends\",\"item\":\"https:\\\/\\\/scuba-legends.com\\\/de\\\/\"},{\"@type\":\"ListItem\",\"position\":2,\"name\":\"PADI Advanced Open Water Course\"}]},{\"@type\":\"WebSite\",\"@id\":\"https:\\\/\\\/scuba-legends.com\\\/de\\\/#website\",\"url\":\"https:\\\/\\\/scuba-legends.com\\\/de\\\/\",\"name\":\"Scuba Legends\",\"description\":\"Dive Center Lanzarote\",\"publisher\":{\"@id\":\"https:\\\/\\\/scuba-legends.com\\\/de\\\/#organization\"},\"potentialAction\":[{\"@type\":\"SearchAction\",\"target\":{\"@type\":\"EntryPoint\",\"urlTemplate\":\"https:\\\/\\\/scuba-legends.com\\\/de\\\/?s={search_term_string}\"},\"query-input\":{\"@type\":\"PropertyValueSpecification\",\"valueRequired\":true,\"valueName\":\"search_term_string\"}}],\"inLanguage\":\"de\"},{\"@type\":\"Organization\",\"@id\":\"https:\\\/\\\/scuba-legends.com\\\/de\\\/#organization\",\"name\":\"Scuba Legends Dive Center Lanzarote\",\"url\":\"https:\\\/\\\/scuba-legends.com\\\/de\\\/\",\"logo\":{\"@type\":\"ImageObject\",\"inLanguage\":\"de\",\"@id\":\"https:\\\/\\\/scuba-legends.com\\\/de\\\/#\\\/schema\\\/logo\\\/image\\\/\",\"url\":\"https:\\\/\\\/scuba-legends.com\\\/wp-content\\\/uploads\\\/2020\\\/01\\\/scuba_legends_favicon.png\",\"contentUrl\":\"https:\\\/\\\/scuba-legends.com\\\/wp-content\\\/uploads\\\/2020\\\/01\\\/scuba_legends_favicon.png\",\"width\":512,\"height\":512,\"caption\":\"Scuba Legends Dive Center Lanzarote\"},\"image\":{\"@id\":\"https:\\\/\\\/scuba-legends.com\\\/de\\\/#\\\/schema\\\/logo\\\/image\\\/\"},\"sameAs\":[\"https:\\\/\\\/www.facebook.com\\\/ScubaLegends\\\/\",\"https:\\\/\\\/x.com\\\/scubalegends\",\"https:\\\/\\\/www.instagram.com\\\/scuba_legends\\\/\",\"https:\\\/\\\/www.youtube.com\\\/channel\\\/UCUjHU7Mmii5SfLoodxNZmqQ\"]}]}<\/script>\n<!-- \/ Yoast SEO plugin. -->","yoast_head_json":{"title":"PADI Advanced Open Water Kurs - Scuba Legends Tauchschule Lanzarote","description":"Mit dem PADI Advanced Open Water Kurs wirst du darauf trainiert, bis zu einer Tiefe von 30 Metern zu tauchen. Erkunde Lanzarote Unterwasser!","robots":{"index":"index","follow":"follow","max-snippet":"max-snippet:-1","max-image-preview":"max-image-preview:large","max-video-preview":"max-video-preview:-1"},"canonical":"https:\/\/scuba-legends.com\/de\/advanced-open-water-diver\/","og_locale":"de_DE","og_type":"article","og_title":"PADI Advanced Open Water Kurs - Scuba Legends Tauchschule Lanzarote","og_description":"Mit dem PADI Advanced Open Water Kurs wirst du darauf trainiert, bis zu einer Tiefe von 30 Metern zu tauchen. Erkunde Lanzarote Unterwasser!","og_url":"https:\/\/scuba-legends.com\/de\/advanced-open-water-diver\/","og_site_name":"Scuba Legends","article_publisher":"https:\/\/www.facebook.com\/ScubaLegends\/","article_modified_time":"2026-01-06T09:32:24+00:00","og_image":[{"width":80,"height":80,"url":"https:\/\/scuba-legends.com\/wp-content\/uploads\/2020\/08\/Devolucion-80x80-2.png","type":"image\/png"}],"twitter_card":"summary_large_image","twitter_site":"@scubalegends","twitter_misc":{"Gesch\u00e4tzte Lesezeit":"3\u00a0Minuten"},"schema":{"@context":"https:\/\/schema.org","@graph":[{"@type":"WebPage","@id":"https:\/\/scuba-legends.com\/de\/advanced-open-water-diver\/","url":"https:\/\/scuba-legends.com\/de\/advanced-open-water-diver\/","name":"PADI Advanced Open Water Kurs - Scuba Legends Tauchschule Lanzarote","isPartOf":{"@id":"https:\/\/scuba-legends.com\/de\/#website"},"primaryImageOfPage":{"@id":"https:\/\/scuba-legends.com\/de\/advanced-open-water-diver\/#primaryimage"},"image":{"@id":"https:\/\/scuba-legends.com\/de\/advanced-open-water-diver\/#primaryimage"},"thumbnailUrl":"https:\/\/scuba-legends.com\/wp-content\/uploads\/2020\/08\/icono-ok-80x80-1.jpg","datePublished":"2020-09-28T17:07:11+00:00","dateModified":"2026-01-06T09:32:24+00:00","description":"Mit dem PADI Advanced Open Water Kurs wirst du darauf trainiert, bis zu einer Tiefe von 30 Metern zu tauchen. Erkunde Lanzarote Unterwasser!","breadcrumb":{"@id":"https:\/\/scuba-legends.com\/de\/advanced-open-water-diver\/#breadcrumb"},"inLanguage":"de","potentialAction":[{"@type":"ReadAction","target":["https:\/\/scuba-legends.com\/de\/advanced-open-water-diver\/"]}]},{"@type":"ImageObject","inLanguage":"de","@id":"https:\/\/scuba-legends.com\/de\/advanced-open-water-diver\/#primaryimage","url":"https:\/\/scuba-legends.com\/wp-content\/uploads\/2020\/08\/icono-ok-80x80-1.jpg","contentUrl":"https:\/\/scuba-legends.com\/wp-content\/uploads\/2020\/08\/icono-ok-80x80-1.jpg"},{"@type":"BreadcrumbList","@id":"https:\/\/scuba-legends.com\/de\/advanced-open-water-diver\/#breadcrumb","itemListElement":[{"@type":"ListItem","position":1,"name":"Scuba Legends","item":"https:\/\/scuba-legends.com\/de\/"},{"@type":"ListItem","position":2,"name":"PADI Advanced Open Water Course"}]},{"@type":"WebSite","@id":"https:\/\/scuba-legends.com\/de\/#website","url":"https:\/\/scuba-legends.com\/de\/","name":"Scuba Legends","description":"Dive Center Lanzarote","publisher":{"@id":"https:\/\/scuba-legends.com\/de\/#organization"},"potentialAction":[{"@type":"SearchAction","target":{"@type":"EntryPoint","urlTemplate":"https:\/\/scuba-legends.com\/de\/?s={search_term_string}"},"query-input":{"@type":"PropertyValueSpecification","valueRequired":true,"valueName":"search_term_string"}}],"inLanguage":"de"},{"@type":"Organization","@id":"https:\/\/scuba-legends.com\/de\/#organization","name":"Scuba Legends Dive Center Lanzarote","url":"https:\/\/scuba-legends.com\/de\/","logo":{"@type":"ImageObject","inLanguage":"de","@id":"https:\/\/scuba-legends.com\/de\/#\/schema\/logo\/image\/","url":"https:\/\/scuba-legends.com\/wp-content\/uploads\/2020\/01\/scuba_legends_favicon.png","contentUrl":"https:\/\/scuba-legends.com\/wp-content\/uploads\/2020\/01\/scuba_legends_favicon.png","width":512,"height":512,"caption":"Scuba Legends Dive Center Lanzarote"},"image":{"@id":"https:\/\/scuba-legends.com\/de\/#\/schema\/logo\/image\/"},"sameAs":["https:\/\/www.facebook.com\/ScubaLegends\/","https:\/\/x.com\/scubalegends","https:\/\/www.instagram.com\/scuba_legends\/","https:\/\/www.youtube.com\/channel\/UCUjHU7Mmii5SfLoodxNZmqQ"]}]}},"_links":{"self":[{"href":"https:\/\/scuba-legends.com\/de\/wp-json\/wp\/v2\/pages\/6064","targetHints":{"allow":["GET"]}}],"collection":[{"href":"https:\/\/scuba-legends.com\/de\/wp-json\/wp\/v2\/pages"}],"about":[{"href":"https:\/\/scuba-legends.com\/de\/wp-json\/wp\/v2\/types\/page"}],"author":[{"embeddable":true,"href":"https:\/\/scuba-legends.com\/de\/wp-json\/wp\/v2\/users\/2"}],"replies":[{"embeddable":true,"href":"https:\/\/scuba-legends.com\/de\/wp-json\/wp\/v2\/comments?post=6064"}],"version-history":[{"count":27,"href":"https:\/\/scuba-legends.com\/de\/wp-json\/wp\/v2\/pages\/6064\/revisions"}],"predecessor-version":[{"id":20101,"href":"https:\/\/scuba-legends.com\/de\/wp-json\/wp\/v2\/pages\/6064\/revisions\/20101"}],"wp:attachment":[{"href":"https:\/\/scuba-legends.com\/de\/wp-json\/wp\/v2\/media?parent=6064"}],"curies":[{"name":"wp","href":"https:\/\/api.w.org\/{rel}","templated":true}]}}