{"id":6043,"date":"2020-09-27T19:55:16","date_gmt":"2020-09-27T19:55:16","guid":{"rendered":"https:\/\/scuba-legends.com\/snorkel-in-puerto-del-carmen\/"},"modified":"2025-08-14T12:18:17","modified_gmt":"2025-08-14T12:18:17","slug":"schnorcheln-in-puerto-del-carmen","status":"publish","type":"page","link":"https:\/\/scuba-legends.com\/de\/schnorcheln-in-puerto-del-carmen\/","title":{"rendered":"Schnorcheln auf Lanzarote"},"content":{"rendered":"<p>[et_pb_section fb_built=&#8221;1&#8243; fullwidth=&#8221;on&#8221; module_id=&#8221;spheader-section&#8221; _builder_version=&#8221;4.16&#8243; global_colors_info=&#8221;{}&#8221;][et_pb_fullwidth_header title=&#8221;Schnorcheln auf Lanzarote&#8221; content_max_width=&#8221;95%&#8221; _builder_version=&#8221;4.16&#8243; title_font=&#8221;|||on|||||&#8221; title_font_size=&#8221;54px&#8221; subhead_font=&#8221;|||on|||||&#8221; background_image=&#8221;https:\/\/scuba-legends.com\/wp-content\/uploads\/2020\/02\/Snorkel_Header-scaled.jpg&#8221; background_position=&#8221;bottom_center&#8221; width=&#8221;95%&#8221; module_alignment=&#8221;center&#8221; custom_padding=&#8221;80px||80px||true|&#8221; title_font_size_tablet=&#8221;44px&#8221; background_last_edited=&#8221;off|desktop&#8221; background_image_phone=&#8221;https:\/\/scuba-legends.com\/wp-content\/uploads\/2020\/01\/museo_mobile_header_bg.png&#8221; background_enable_image_phone=&#8221;on&#8221; custom_css_title=&#8221;order: 2;&#8221; custom_css_subtitle=&#8221;order: 1;&#8221; global_colors_info=&#8221;{}&#8221;]<\/p>\n<p>MAKE IT LEGENDARY<\/p>\n<p>[\/et_pb_fullwidth_header][\/et_pb_section][et_pb_section fb_built=&#8221;1&#8243; _builder_version=&#8221;4.16&#8243; custom_margin=&#8221;-50px||||false|false&#8221; locked=&#8221;off&#8221; global_colors_info=&#8221;{}&#8221;][et_pb_row _builder_version=&#8221;4.16&#8243; global_colors_info=&#8221;{}&#8221;][et_pb_column type=&#8221;4_4&#8243; _builder_version=&#8221;4.16&#8243; global_colors_info=&#8221;{}&#8221;][et_pb_text admin_label=&#8221;Text&#8221; _builder_version=&#8221;4.25.1&#8243; text_font_size=&#8221;18px&#8221; custom_margin=&#8221;-20px||||false|false&#8221; global_colors_info=&#8221;{}&#8221;]<\/p>\n<h2 style=\"text-align: center; color: #0db4d5;\">Schnorcheln auf Lanzarote mit Scuba Legends<\/h2>\n<p>[\/et_pb_text][et_pb_text _builder_version=&#8221;4.25.1&#8243; global_colors_info=&#8221;{}&#8221;]<\/p>\n<h3>Erkunde Playa Chica: Ein Schnorchelparadies<\/h3>\n<p>Willkommen bei Scuba Legends, deiner erstklassigen Tauchschule f\u00fcr einen unvergesslichen Schnorchelausflug in Puerto del Carmen, Lanzarote. Tauche ein in die lebendige Unterwasserwelt von Playa Chica, einem Schnorchelparadies, das f\u00fcr sein <strong>klares Wasser und seine wunderbare Meeresfauna<\/strong> bekannt ist. Schnorcheln ist eine Aktivit\u00e4t f\u00fcr die <strong>ganze Familie, Kinder und Erwachsene jeden Alters<\/strong>. Es ist eine sehr entspannende Aktivit\u00e4t; wir schnorcheln langsam, damit du die Umgebung genie\u00dfen kannst. Du tr\u00e4gst auch einen Neoprenanzug, um dich warm zu halten und m\u00fchelos an der Oberfl\u00e4che zu treiben.<\/p>\n<p>Unser Schnorchelausflug in Playa Chica bietet ein unglaubliches Abenteuer f\u00fcr <strong>Wasserliebhaber aller Erfahrungsstufen.<\/strong> Egal, ob du ein erfahrener Schnorchler oder ein Ersterkundler bist, unsere erfahrenen Guides erkl\u00e4ren dir, wie du die Ausr\u00fcstung benutzt und machen dich mit dem Schnorcheln vertraut. Mit einfachem Zugang vom Strand aus sind die ruhigen und flachen Gew\u00e4sser von Playa Chica der perfekte Ort zum Schnorcheln. Wir starten in der gesch\u00fctzten Bucht und sobald du dich wohl f\u00fchlst, entdecken wir die gr\u00f6\u00dferen Riffe. In einer <strong>kleinen Gruppe<\/strong> zeigen wir dir die Meereslebewesen und sorgen f\u00fcr ein sicheres und angenehmes Erlebnis.<\/p>\n<h3>Erkunde die Unterwasserwelt<\/h3>\n<p>Das Unterwasser\u00f6kosystem von Playa Chica wimmelt von einer <strong>Vielzahl an Meeresarten<\/strong>. W\u00e4hrend du an der Oberfl\u00e4che entlang der Riffe schnorchelst, wirst du hunderten von Fischen begegnen und von Meeresbewohnern umgeben sein, w\u00e4hrend das Sonnenlicht seine Formen auf den hellen Sand und die Vulkansteine zeichnet. Die <strong>felsigen Riffe und vulkanischen Formationen<\/strong> bieten den perfekten Lebensraum f\u00fcr eine Vielzahl von Meereslebewesen. Du wirst von der reichen <strong>Biodiversit\u00e4t<\/strong>, die in diesen Gew\u00e4ssern gedeiht, erstaunt sein, von den kleinsten Krabben bis zu den majest\u00e4tischen Rochen, die m\u00fchelos durch das Meer gleiten. Halte Ausschau nach bunten Papageifischen, Jungfischen, Flundern, Oktopussen, Tintenfischen, Trompetenfischen, Sardinen und Barrakudas, die deinem Schnorchelabenteuer einen zus\u00e4tzlichen Nervenkitzel verleihen.<\/p>\n<h3>Warum mit Scuba Legends buchen?<\/h3>\n<p>Bei Scuba Legends sind wir stolz darauf, ein s<strong>icheres, lehrreiches und umweltbewusstes Schnorchelerlebnis<\/strong> zu bieten. Unsere sachkundigen Guides sind begeistert von der Meereswelt und engagiert, den Ozean zu sch\u00fctzen. Sie geben dir faszinierende Einblicke in die Unterwasserwelt und sorgen daf\u00fcr, dass du mit einer tieferen Wertsch\u00e4tzung f\u00fcr die Sch\u00f6nheit unserer Ozeane nach Hause gehst. Ausserdem stellen <strong>hochwertige Schnorchelausr\u00fcstung z<\/strong>ur Verf\u00fcgung und decken die Versicherung f\u00fcr die Aktivit\u00e4t ab.<\/p>\n<h3>Dein Schnorchelabenteuer erwartet dich<\/h3>\n<p>Buche mit Scuba Legends f\u00fcr einen unvergesslichen Schnorchelausflug in Playa Chica, Puerto del Carmen an. Egal, ob du die Unterwasserwelt zum ersten Mal erkunden m\u00f6chtest oder ein erfahrener Schnorchler bist, der neue Meereswunder entdecken m\u00f6chte, unsere Touren sind darauf ausgelegt, jedem ein au\u00dfergew\u00f6hnliches Erlebnis zu bieten.<\/p>\n<p><strong>Schnorchle in die Sch\u00f6nheit von Playa Chica und kreeire unvergessliche Momente.<\/strong><\/p>\n<p>[\/et_pb_text][\/et_pb_column][\/et_pb_row][\/et_pb_section][et_pb_section fb_built=&#8221;1&#8243; _builder_version=&#8221;4.25.1&#8243; custom_margin=&#8221;-120px||||false|false&#8221; locked=&#8221;off&#8221; global_colors_info=&#8221;{}&#8221;][et_pb_row _builder_version=&#8221;4.25.1&#8243; custom_margin=&#8221;||5px||false|false&#8221; global_colors_info=&#8221;{}&#8221;][et_pb_column type=&#8221;4_4&#8243; _builder_version=&#8221;4.16&#8243; global_colors_info=&#8221;{}&#8221;][et_pb_button button_url=&#8221;https:\/\/app.bukyapp.com\/front\/673ef83180e03463a90b61e6\/product\/67568ccf58b6804f2a656a21&#8243; url_new_window=&#8221;on&#8221; button_text=&#8221;VERF\u00dcGBARKEIT &#038; PREISE&#8221; button_alignment=&#8221;center&#8221; _builder_version=&#8221;4.27.4&#8243; custom_button=&#8221;on&#8221; button_text_size=&#8221;16px&#8221; button_text_color=&#8221;#ffffff&#8221; button_bg_color=&#8221;#0db4d5&#8243; button_border_radius=&#8221;6px&#8221; custom_margin=&#8221;||30px||false|false&#8221; global_colors_info=&#8221;{}&#8221;][\/et_pb_button][\/et_pb_column][\/et_pb_row][et_pb_row _builder_version=&#8221;4.16&#8243; custom_margin=&#8221;-20px||||false|false&#8221; locked=&#8221;off&#8221; global_colors_info=&#8221;{}&#8221;][et_pb_column type=&#8221;4_4&#8243; _builder_version=&#8221;4.16&#8243; global_colors_info=&#8221;{}&#8221;][et_pb_text admin_label=&#8221;Text&#8221; _builder_version=&#8221;4.25.1&#8243; text_font_size=&#8221;18px&#8221; custom_margin=&#8221;-20px||||false|false&#8221; global_colors_info=&#8221;{}&#8221;]<\/p>\n<h2 style=\"text-align: center; color: #0db4d5;\">Buche noch heute deinen Schnorchelausflug auf Lanzarote und erkunde den Atlantik.<\/h2>\n<p>[\/et_pb_text][\/et_pb_column][\/et_pb_row][et_pb_row column_structure=&#8221;1_3,1_3,1_3&#8243; _builder_version=&#8221;4.16&#8243; locked=&#8221;off&#8221; global_colors_info=&#8221;{}&#8221;][et_pb_column type=&#8221;1_3&#8243; _builder_version=&#8221;4.16&#8243; global_colors_info=&#8221;{}&#8221;][et_pb_text admin_label=&#8221;Text&#8221; _builder_version=&#8221;4.27.4&#8243; background_color=&#8221;rgba(13,180,213,0.17)&#8221; custom_padding=&#8221;25px|25px|25px|25px|false|false&#8221; border_radii=&#8221;on|3px|3px|3px|3px&#8221; global_colors_info=&#8221;{}&#8221;]<\/p>\n<h4 style=\"text-align: center; color: #0db4d5;\">Schnorchelausflug<\/h4>\n<ul>\n<li>Location: Playa Chica, Puerto del Carmen<\/li>\n<li>Zugang: vom Strand<\/li>\n<li>Anweisungen + Guide: Ja<\/li>\n<li>Aktivit\u00e4tsdauer: 2 Stunden<\/li>\n<li>Preis: ab 38\u20ac<\/li>\n<\/ul>\n<h4 style=\"text-align: center; color: #0db4d5;\"><a href=\"https:\/\/app.bukyapp.com\/front\/673ef83180e03463a90b61e6\/product\/67568ccf58b6804f2a656a21\" target=\"_blank\" rel=\"noopener\">JETZT BUCHEN<\/a><\/h4>\n<p>[\/et_pb_text][\/et_pb_column][et_pb_column type=&#8221;1_3&#8243; _builder_version=&#8221;4.16&#8243; global_colors_info=&#8221;{}&#8221;][et_pb_text _builder_version=&#8221;4.25.1&#8243; background_color=&#8221;rgba(13,180,213,0.17)&#8221; custom_padding=&#8221;25px|25px|25px|25px|false|false&#8221; border_radii=&#8221;on|3px|3px|3px|3px&#8221; global_colors_info=&#8221;{}&#8221;]<\/p>\n<h4 style=\"text-align: center; color: #0db4d5;\">Was ist inklusive?<\/h4>\n<ul>\n<li>Hochwertige Schnorchausr\u00fcstung<\/li>\n<li>Versicherung<\/li>\n<li>Wasser und Kekse<\/li>\n<li>Erfahrener Guide<\/li>\n<li>Kleine Gruppen<\/li>\n<\/ul>\n<p>[\/et_pb_text][et_pb_text _builder_version=&#8221;4.27.4&#8243; background_color=&#8221;rgba(13,180,213,0.17)&#8221; custom_padding=&#8221;25px|25px|25px|25px|false|false&#8221; hover_enabled=&#8221;0&#8243; border_radii=&#8221;on|3px|3px|3px|3px&#8221; global_colors_info=&#8221;{}&#8221; sticky_enabled=&#8221;0&#8243;]<\/p>\n<h4 style=\"text-align: center; color: #0db4d5;\">Voraussetzungen?<\/h4>\n<ul>\n<li>Min. 8 Jahre alt<\/li>\n<li>Grundlegende Schwimmkenntnisse<\/li>\n<\/ul>\n<p>[\/et_pb_text][\/et_pb_column][et_pb_column type=&#8221;1_3&#8243; _builder_version=&#8221;4.16&#8243; global_colors_info=&#8221;{}&#8221;][et_pb_text admin_label=&#8221;Text&#8221; _builder_version=&#8221;4.27.4&#8243; background_color=&#8221;rgba(13,180,213,0.17)&#8221; custom_padding=&#8221;25px|25px|25px|25px|false|false&#8221; hover_enabled=&#8221;0&#8243; border_radii=&#8221;on|3px|3px|3px|3px&#8221; global_colors_info=&#8221;{}&#8221; sticky_enabled=&#8221;0&#8243;]<\/p>\n<h4 style=\"text-align: center; color: #0db4d5;\">Gut zu wissen!<\/h4>\n<ul>\n<li>Vorkenntnisse sind nicht erforderlich<\/li>\n<li>Mitzubringen: Badekleidung, Handtuch, Sonnenbrille, Sonnenschutz, Wechselkleidung<\/li>\n<li>Es wird empfohlen, im Voraus zu buchen<\/li>\n<li>Leihkamera auf Anfrage (begrenzte Verf\u00fcgbarkeit)<\/li>\n<li>Startzeit: 8:15\/10:15\/12:15 (saisonabh\u00e4ngig, je nach gebuchter Option, Sprache &amp; Verf\u00fcgbarkeit)<\/li>\n<\/ul>\n<p>[\/et_pb_text][\/et_pb_column][\/et_pb_row][et_pb_row _builder_version=&#8221;4.16&#8243; global_colors_info=&#8221;{}&#8221;][et_pb_column type=&#8221;4_4&#8243; _builder_version=&#8221;4.16&#8243; global_colors_info=&#8221;{}&#8221;][et_pb_button button_url=&#8221;https:\/\/app.bukyapp.com\/front\/673ef83180e03463a90b61e6\/product\/67568ccf58b6804f2a656a21&#8243; url_new_window=&#8221;on&#8221; button_text=&#8221;VERF\u00dcGBARKEIT &#038; PREISE&#8221; button_alignment=&#8221;center&#8221; admin_label=&#8221;Button&#8221; _builder_version=&#8221;4.27.4&#8243; custom_button=&#8221;on&#8221; button_text_size=&#8221;16px&#8221; button_text_color=&#8221;#ffffff&#8221; button_bg_color=&#8221;#0db4d5&#8243; button_border_radius=&#8221;6px&#8221; global_colors_info=&#8221;{}&#8221;][\/et_pb_button][\/et_pb_column][\/et_pb_row][\/et_pb_section][et_pb_section fb_built=&#8221;1&#8243; fullwidth=&#8221;on&#8221; _builder_version=&#8221;4.16&#8243; global_colors_info=&#8221;{}&#8221;][et_pb_fullwidth_header text_orientation=&#8221;center&#8221; button_one_text=&#8221;Mehr Infos &#8221; button_one_url=&#8221;https:\/\/scuba-legends.com\/de\/kontakt\/&#8221; _builder_version=&#8221;4.16&#8243; title_level=&#8221;h3&#8243; background_image=&#8221;https:\/\/scuba-legends.com\/wp-content\/uploads\/2020\/08\/Hazlo-epico-1.jpg&#8221; custom_button_one=&#8221;on&#8221; button_one_text_size=&#8221;16px&#8221; button_one_custom_margin=&#8221;||||false|false&#8221; custom_button_two=&#8221;on&#8221; button_two_text_size=&#8221;16px&#8221; text_shadow_style=&#8221;preset3&#8243; global_colors_info=&#8221;{}&#8221;]<\/p>\n<h2 style=\"text-align: center;\"><strong>Private Tauchlehrer und Tauchguides \u2013 Mach\u2019s episch!<\/strong><\/h2>\n<p style=\"text-align: center;\">Pers\u00f6nlicher VIP-Service f\u00fcr Dich allein (oder mit Deiner Familie und Freunden) gew\u00fcnscht? Wir bieten Dir unseren exklusiven privaten Tauchservice in Puerto del Carmen, Lanzarote, an.<br \/>Wir passen Dein Taucherlebnis an Deine Bed\u00fcrfnisse und Zeiten an.<\/p>\n<p>[\/et_pb_fullwidth_header][\/et_pb_section]<\/p>\n","protected":false},"excerpt":{"rendered":"<p>MAKE IT LEGENDARYSchnorcheln auf Lanzarote mit Scuba LegendsErkunde Playa Chica: Ein Schnorchelparadies Willkommen bei Scuba Legends, deiner erstklassigen Tauchschule f\u00fcr einen unvergesslichen Schnorchelausflug in Puerto del Carmen, Lanzarote. Tauche ein in die lebendige Unterwasserwelt von Playa Chica, einem Schnorchelparadies, das f\u00fcr sein klares Wasser und seine wunderbare Meeresfauna bekannt ist. Schnorcheln ist eine Aktivit\u00e4t f\u00fcr [&hellip;]<\/p>\n","protected":false},"author":2,"featured_media":17660,"parent":0,"menu_order":192,"comment_status":"closed","ping_status":"closed","template":"","meta":{"_acf_changed":false,"_et_pb_use_builder":"on","_et_pb_old_content":"","_et_gb_content_width":"","footnotes":""},"class_list":["post-6043","page","type-page","status-publish","has-post-thumbnail","hentry"],"acf":[],"yoast_head":"<!-- This site is optimized with the Yoast SEO plugin v27.4 - https:\/\/yoast.com\/product\/yoast-seo-wordpress\/ -->\n<title>Schnorcheln auf Lanzarote | Scuba Legends Dive Center Lanzarote<\/title>\n<meta name=\"description\" content=\"Schnorchelausflug mit Guide f\u00fcr alle Erfahrungsstufen. Felsige Riffe, vulkanische Formationen &amp; eine atemberaubende Unterwasserlandschaft.\" \/>\n<meta name=\"robots\" content=\"index, follow, max-snippet:-1, max-image-preview:large, max-video-preview:-1\" \/>\n<link rel=\"canonical\" href=\"https:\/\/scuba-legends.com\/de\/schnorcheln-in-puerto-del-carmen\/\" \/>\n<meta property=\"og:locale\" content=\"de_DE\" \/>\n<meta property=\"og:type\" content=\"article\" \/>\n<meta property=\"og:title\" content=\"Schnorcheln auf Lanzarote | Scuba Legends Dive Center Lanzarote\" \/>\n<meta property=\"og:description\" content=\"Schnorchelausflug mit Guide f\u00fcr alle Erfahrungsstufen. Felsige Riffe, vulkanische Formationen &amp; eine atemberaubende Unterwasserlandschaft.\" \/>\n<meta property=\"og:url\" content=\"https:\/\/scuba-legends.com\/de\/schnorcheln-in-puerto-del-carmen\/\" \/>\n<meta property=\"og:site_name\" content=\"Scuba Legends\" \/>\n<meta property=\"article:publisher\" content=\"https:\/\/www.facebook.com\/ScubaLegends\/\" \/>\n<meta property=\"article:modified_time\" content=\"2025-08-14T12:18:17+00:00\" \/>\n<meta property=\"og:image\" content=\"https:\/\/scuba-legends.com\/wp-content\/uploads\/2024\/06\/P9010531-scaled.jpg\" \/>\n\t<meta property=\"og:image:width\" content=\"2560\" \/>\n\t<meta property=\"og:image:height\" content=\"1920\" \/>\n\t<meta property=\"og:image:type\" content=\"image\/jpeg\" \/>\n<meta name=\"twitter:card\" content=\"summary_large_image\" \/>\n<meta name=\"twitter:site\" content=\"@scubalegends\" \/>\n<meta name=\"twitter:label1\" content=\"Gesch\u00e4tzte Lesezeit\" \/>\n\t<meta name=\"twitter:data1\" content=\"3\u00a0Minuten\" \/>\n<script type=\"application\/ld+json\" class=\"yoast-schema-graph\">{\"@context\":\"https:\\\/\\\/schema.org\",\"@graph\":[{\"@type\":\"WebPage\",\"@id\":\"https:\\\/\\\/scuba-legends.com\\\/de\\\/schnorcheln-in-puerto-del-carmen\\\/\",\"url\":\"https:\\\/\\\/scuba-legends.com\\\/de\\\/schnorcheln-in-puerto-del-carmen\\\/\",\"name\":\"Schnorcheln auf Lanzarote | Scuba Legends Dive Center Lanzarote\",\"isPartOf\":{\"@id\":\"https:\\\/\\\/scuba-legends.com\\\/de\\\/#website\"},\"primaryImageOfPage\":{\"@id\":\"https:\\\/\\\/scuba-legends.com\\\/de\\\/schnorcheln-in-puerto-del-carmen\\\/#primaryimage\"},\"image\":{\"@id\":\"https:\\\/\\\/scuba-legends.com\\\/de\\\/schnorcheln-in-puerto-del-carmen\\\/#primaryimage\"},\"thumbnailUrl\":\"https:\\\/\\\/scuba-legends.com\\\/wp-content\\\/uploads\\\/2024\\\/06\\\/P9010531-scaled.jpg\",\"datePublished\":\"2020-09-27T19:55:16+00:00\",\"dateModified\":\"2025-08-14T12:18:17+00:00\",\"description\":\"Schnorchelausflug mit Guide f\u00fcr alle Erfahrungsstufen. Felsige Riffe, vulkanische Formationen & eine atemberaubende Unterwasserlandschaft.\",\"breadcrumb\":{\"@id\":\"https:\\\/\\\/scuba-legends.com\\\/de\\\/schnorcheln-in-puerto-del-carmen\\\/#breadcrumb\"},\"inLanguage\":\"de\",\"potentialAction\":[{\"@type\":\"ReadAction\",\"target\":[\"https:\\\/\\\/scuba-legends.com\\\/de\\\/schnorcheln-in-puerto-del-carmen\\\/\"]}]},{\"@type\":\"ImageObject\",\"inLanguage\":\"de\",\"@id\":\"https:\\\/\\\/scuba-legends.com\\\/de\\\/schnorcheln-in-puerto-del-carmen\\\/#primaryimage\",\"url\":\"https:\\\/\\\/scuba-legends.com\\\/wp-content\\\/uploads\\\/2024\\\/06\\\/P9010531-scaled.jpg\",\"contentUrl\":\"https:\\\/\\\/scuba-legends.com\\\/wp-content\\\/uploads\\\/2024\\\/06\\\/P9010531-scaled.jpg\",\"width\":2560,\"height\":1920,\"caption\":\"Snorkel in Playa Chica, Puerto Del Carmen, Lanzarote\"},{\"@type\":\"BreadcrumbList\",\"@id\":\"https:\\\/\\\/scuba-legends.com\\\/de\\\/schnorcheln-in-puerto-del-carmen\\\/#breadcrumb\",\"itemListElement\":[{\"@type\":\"ListItem\",\"position\":1,\"name\":\"Scuba Legends\",\"item\":\"https:\\\/\\\/scuba-legends.com\\\/de\\\/\"},{\"@type\":\"ListItem\",\"position\":2,\"name\":\"Schnorcheln auf Lanzarote\"}]},{\"@type\":\"WebSite\",\"@id\":\"https:\\\/\\\/scuba-legends.com\\\/de\\\/#website\",\"url\":\"https:\\\/\\\/scuba-legends.com\\\/de\\\/\",\"name\":\"Scuba Legends\",\"description\":\"Dive Center Lanzarote\",\"publisher\":{\"@id\":\"https:\\\/\\\/scuba-legends.com\\\/de\\\/#organization\"},\"potentialAction\":[{\"@type\":\"SearchAction\",\"target\":{\"@type\":\"EntryPoint\",\"urlTemplate\":\"https:\\\/\\\/scuba-legends.com\\\/de\\\/?s={search_term_string}\"},\"query-input\":{\"@type\":\"PropertyValueSpecification\",\"valueRequired\":true,\"valueName\":\"search_term_string\"}}],\"inLanguage\":\"de\"},{\"@type\":\"Organization\",\"@id\":\"https:\\\/\\\/scuba-legends.com\\\/de\\\/#organization\",\"name\":\"Scuba Legends Dive Center Lanzarote\",\"url\":\"https:\\\/\\\/scuba-legends.com\\\/de\\\/\",\"logo\":{\"@type\":\"ImageObject\",\"inLanguage\":\"de\",\"@id\":\"https:\\\/\\\/scuba-legends.com\\\/de\\\/#\\\/schema\\\/logo\\\/image\\\/\",\"url\":\"https:\\\/\\\/scuba-legends.com\\\/wp-content\\\/uploads\\\/2020\\\/01\\\/scuba_legends_favicon.png\",\"contentUrl\":\"https:\\\/\\\/scuba-legends.com\\\/wp-content\\\/uploads\\\/2020\\\/01\\\/scuba_legends_favicon.png\",\"width\":512,\"height\":512,\"caption\":\"Scuba Legends Dive Center Lanzarote\"},\"image\":{\"@id\":\"https:\\\/\\\/scuba-legends.com\\\/de\\\/#\\\/schema\\\/logo\\\/image\\\/\"},\"sameAs\":[\"https:\\\/\\\/www.facebook.com\\\/ScubaLegends\\\/\",\"https:\\\/\\\/x.com\\\/scubalegends\",\"https:\\\/\\\/www.instagram.com\\\/scuba_legends\\\/\",\"https:\\\/\\\/www.youtube.com\\\/channel\\\/UCUjHU7Mmii5SfLoodxNZmqQ\"]}]}<\/script>\n<!-- \/ Yoast SEO plugin. -->","yoast_head_json":{"title":"Schnorcheln auf Lanzarote | Scuba Legends Dive Center Lanzarote","description":"Schnorchelausflug mit Guide f\u00fcr alle Erfahrungsstufen. Felsige Riffe, vulkanische Formationen & eine atemberaubende Unterwasserlandschaft.","robots":{"index":"index","follow":"follow","max-snippet":"max-snippet:-1","max-image-preview":"max-image-preview:large","max-video-preview":"max-video-preview:-1"},"canonical":"https:\/\/scuba-legends.com\/de\/schnorcheln-in-puerto-del-carmen\/","og_locale":"de_DE","og_type":"article","og_title":"Schnorcheln auf Lanzarote | Scuba Legends Dive Center Lanzarote","og_description":"Schnorchelausflug mit Guide f\u00fcr alle Erfahrungsstufen. Felsige Riffe, vulkanische Formationen & eine atemberaubende Unterwasserlandschaft.","og_url":"https:\/\/scuba-legends.com\/de\/schnorcheln-in-puerto-del-carmen\/","og_site_name":"Scuba Legends","article_publisher":"https:\/\/www.facebook.com\/ScubaLegends\/","article_modified_time":"2025-08-14T12:18:17+00:00","og_image":[{"width":2560,"height":1920,"url":"https:\/\/scuba-legends.com\/wp-content\/uploads\/2024\/06\/P9010531-scaled.jpg","type":"image\/jpeg"}],"twitter_card":"summary_large_image","twitter_site":"@scubalegends","twitter_misc":{"Gesch\u00e4tzte Lesezeit":"3\u00a0Minuten"},"schema":{"@context":"https:\/\/schema.org","@graph":[{"@type":"WebPage","@id":"https:\/\/scuba-legends.com\/de\/schnorcheln-in-puerto-del-carmen\/","url":"https:\/\/scuba-legends.com\/de\/schnorcheln-in-puerto-del-carmen\/","name":"Schnorcheln auf Lanzarote | Scuba Legends Dive Center Lanzarote","isPartOf":{"@id":"https:\/\/scuba-legends.com\/de\/#website"},"primaryImageOfPage":{"@id":"https:\/\/scuba-legends.com\/de\/schnorcheln-in-puerto-del-carmen\/#primaryimage"},"image":{"@id":"https:\/\/scuba-legends.com\/de\/schnorcheln-in-puerto-del-carmen\/#primaryimage"},"thumbnailUrl":"https:\/\/scuba-legends.com\/wp-content\/uploads\/2024\/06\/P9010531-scaled.jpg","datePublished":"2020-09-27T19:55:16+00:00","dateModified":"2025-08-14T12:18:17+00:00","description":"Schnorchelausflug mit Guide f\u00fcr alle Erfahrungsstufen. Felsige Riffe, vulkanische Formationen & eine atemberaubende Unterwasserlandschaft.","breadcrumb":{"@id":"https:\/\/scuba-legends.com\/de\/schnorcheln-in-puerto-del-carmen\/#breadcrumb"},"inLanguage":"de","potentialAction":[{"@type":"ReadAction","target":["https:\/\/scuba-legends.com\/de\/schnorcheln-in-puerto-del-carmen\/"]}]},{"@type":"ImageObject","inLanguage":"de","@id":"https:\/\/scuba-legends.com\/de\/schnorcheln-in-puerto-del-carmen\/#primaryimage","url":"https:\/\/scuba-legends.com\/wp-content\/uploads\/2024\/06\/P9010531-scaled.jpg","contentUrl":"https:\/\/scuba-legends.com\/wp-content\/uploads\/2024\/06\/P9010531-scaled.jpg","width":2560,"height":1920,"caption":"Snorkel in Playa Chica, Puerto Del Carmen, Lanzarote"},{"@type":"BreadcrumbList","@id":"https:\/\/scuba-legends.com\/de\/schnorcheln-in-puerto-del-carmen\/#breadcrumb","itemListElement":[{"@type":"ListItem","position":1,"name":"Scuba Legends","item":"https:\/\/scuba-legends.com\/de\/"},{"@type":"ListItem","position":2,"name":"Schnorcheln auf Lanzarote"}]},{"@type":"WebSite","@id":"https:\/\/scuba-legends.com\/de\/#website","url":"https:\/\/scuba-legends.com\/de\/","name":"Scuba Legends","description":"Dive Center Lanzarote","publisher":{"@id":"https:\/\/scuba-legends.com\/de\/#organization"},"potentialAction":[{"@type":"SearchAction","target":{"@type":"EntryPoint","urlTemplate":"https:\/\/scuba-legends.com\/de\/?s={search_term_string}"},"query-input":{"@type":"PropertyValueSpecification","valueRequired":true,"valueName":"search_term_string"}}],"inLanguage":"de"},{"@type":"Organization","@id":"https:\/\/scuba-legends.com\/de\/#organization","name":"Scuba Legends Dive Center Lanzarote","url":"https:\/\/scuba-legends.com\/de\/","logo":{"@type":"ImageObject","inLanguage":"de","@id":"https:\/\/scuba-legends.com\/de\/#\/schema\/logo\/image\/","url":"https:\/\/scuba-legends.com\/wp-content\/uploads\/2020\/01\/scuba_legends_favicon.png","contentUrl":"https:\/\/scuba-legends.com\/wp-content\/uploads\/2020\/01\/scuba_legends_favicon.png","width":512,"height":512,"caption":"Scuba Legends Dive Center Lanzarote"},"image":{"@id":"https:\/\/scuba-legends.com\/de\/#\/schema\/logo\/image\/"},"sameAs":["https:\/\/www.facebook.com\/ScubaLegends\/","https:\/\/x.com\/scubalegends","https:\/\/www.instagram.com\/scuba_legends\/","https:\/\/www.youtube.com\/channel\/UCUjHU7Mmii5SfLoodxNZmqQ"]}]}},"_links":{"self":[{"href":"https:\/\/scuba-legends.com\/de\/wp-json\/wp\/v2\/pages\/6043","targetHints":{"allow":["GET"]}}],"collection":[{"href":"https:\/\/scuba-legends.com\/de\/wp-json\/wp\/v2\/pages"}],"about":[{"href":"https:\/\/scuba-legends.com\/de\/wp-json\/wp\/v2\/types\/page"}],"author":[{"embeddable":true,"href":"https:\/\/scuba-legends.com\/de\/wp-json\/wp\/v2\/users\/2"}],"replies":[{"embeddable":true,"href":"https:\/\/scuba-legends.com\/de\/wp-json\/wp\/v2\/comments?post=6043"}],"version-history":[{"count":22,"href":"https:\/\/scuba-legends.com\/de\/wp-json\/wp\/v2\/pages\/6043\/revisions"}],"predecessor-version":[{"id":19779,"href":"https:\/\/scuba-legends.com\/de\/wp-json\/wp\/v2\/pages\/6043\/revisions\/19779"}],"wp:featuredmedia":[{"embeddable":true,"href":"https:\/\/scuba-legends.com\/de\/wp-json\/wp\/v2\/media\/17660"}],"wp:attachment":[{"href":"https:\/\/scuba-legends.com\/de\/wp-json\/wp\/v2\/media?parent=6043"}],"curies":[{"name":"wp","href":"https:\/\/api.w.org\/{rel}","templated":true}]}}