{"id":6015,"date":"2020-09-27T18:54:24","date_gmt":"2020-09-27T18:54:24","guid":{"rendered":"https:\/\/scuba-legends.com\/schnuppertauchen-padi-dsd\/"},"modified":"2025-08-21T14:00:25","modified_gmt":"2025-08-21T14:00:25","slug":"schnuppertauchen-padi-dsd","status":"publish","type":"page","link":"https:\/\/scuba-legends.com\/de\/schnuppertauchen-padi-dsd\/","title":{"rendered":"Schnuppertauchen &#8211; PADI Discover Scuba Diving"},"content":{"rendered":"<p>[et_pb_section fb_built=&#8221;1&#8243; fullwidth=&#8221;on&#8221; module_id=&#8221;spheader-section&#8221; _builder_version=&#8221;4.16&#8243; global_colors_info=&#8221;{}&#8221;][et_pb_fullwidth_header title=&#8221;PADI Discover Scuba Diving. Mehr als nur ein Schnuppertauchen auf Lanzarote.&#8221; admin_label=&#8221;Vollbreite Kopfzeile&#8221; _builder_version=&#8221;4.16&#8243; title_text_align=&#8221;left&#8221; title_font_size=&#8221;54px&#8221; subhead_font=&#8221;|||on|||||&#8221; background_image=&#8221;https:\/\/scuba-legends.com\/wp-content\/uploads\/2024\/02\/Discover-Scuba-Diving-Image.jpg&#8221; width=&#8221;100%&#8221; module_alignment=&#8221;center&#8221; custom_padding=&#8221;80px||80px||true|&#8221; title_font_size_tablet=&#8221;44px&#8221; background_last_edited=&#8221;on|desktop&#8221; custom_css_main_element=&#8221;background-position: center -240px;&#8221; custom_css_title=&#8221;order: 2;&#8221; custom_css_subtitle=&#8221;order: 1;&#8221; global_colors_info=&#8221;{}&#8221; custom_css_main_element_last_edited=&#8221;on|tablet&#8221; custom_css_main_element_tablet=&#8221;background-position: center -70px;&#8221; custom_css_main_element_phone=&#8221;background-position: center center;&#8221;]<\/p>\n<p>MAKE IT LEGENDARY<\/p>\n<p>[\/et_pb_fullwidth_header][\/et_pb_section][et_pb_section fb_built=&#8221;1&#8243; _builder_version=&#8221;4.16&#8243; custom_margin=&#8221;-50px||||false|false&#8221; locked=&#8221;off&#8221; global_colors_info=&#8221;{}&#8221;][et_pb_row _builder_version=&#8221;4.16&#8243; global_colors_info=&#8221;{}&#8221;][et_pb_column type=&#8221;4_4&#8243; _builder_version=&#8221;4.16&#8243; global_colors_info=&#8221;{}&#8221;][et_pb_text admin_label=&#8221;Text&#8221; _builder_version=&#8221;4.16&#8243; text_font_size=&#8221;18px&#8221; custom_margin=&#8221;-20px||||false|false&#8221; global_colors_info=&#8221;{}&#8221;]<\/p>\n<h2 style=\"text-align: center; color: #0db4d5;\">Lust auf ein Schnuppertauchen auf Lanzarote? Es ist einfacher als du denkst!<\/h2>\n<p>[\/et_pb_text][et_pb_text admin_label=&#8221;Text&#8221; _builder_version=&#8221;4.27.4&#8243; global_colors_info=&#8221;{}&#8221;]<\/p>\n<p>Das PADI Discover Scuba Diving (DSD) bietet eine ideale Gelegenheit, deine ersten Schritte ins Tauchen zu wagen. Als erste Taucherfahrung kann es als &#8220;<strong>All-Inclusive-Programm<\/strong>&#8221; betrachtet werden. Dein Tauchlehrer \u00fcbernimmt alle Aspekte des Prozesses, sodass du dich einfach nur auf das Atmen konzenttierst und entspannt in die Unterwasserwelt eintauchen kannst. Vorkenntnisse sind nicht erforderlich; du musst nur gesundheitlich fit sein.<\/p>\n<p>W\u00e4hrend der theoretischen Einf\u00fchrung leitet dich der Instructor durch die Grundlagen des Tauchens und vermittelt dir das notwendige Wissen f\u00fcr deine allererste Unterwassererfahrung. Sobald wir ausger\u00fcstet sind, gehen wir vom Strand ins Wasser und beginnen im flachen und gesch\u00fctzten Bereich von Playa Chica. Hier machen wir uns an der Oberfl\u00e4che mit der Ausr\u00fcstung vertraut, bevor wir allm\u00e4hlich abtauchen und grundlegende Tauchfertigkeiten im flachen Wasser \u00fcben, um uns behutsam an die Unterwasserumgebung zu gew\u00f6hnen. Sobald du dich sicher f\u00fchlst, st\u00fcrtzen wir uns in deinen <strong>ersten richtigen Tauchgang<\/strong>, mit der M\u00f6glichkeit (es ist aber keine Pflicht), bis auf eine <strong>maximale Tiefe von 6m\/12m<\/strong> abzutauchen.<\/p>\n<p>Wir m\u00f6chten, dass du eine <strong>authentische Erfahrung machst, dich frei wie ein Fisch f\u00fchlst<\/strong> und deinen Tauchgang bewusst genie\u00dfen kannst. Playa Chica, in Puerto del Carmen gelegen, ist der <strong>beste Tauchplatz<\/strong> in Lanzarote. Playa Chica bietet einfache Zug\u00e4nge, indem man vom Strand ins Wasser geht oder die Treppen hinabsteigt. Stell dir ein flaches Plateau vor, das sich in einen riesigen Unterwasserberg erstreckt, mit zahlreichen verschiedenen Tauchrouten f\u00fcr alle Erfahrungslevel. Die gesch\u00fctzte Bucht bezaubert mit einer sicheren Umgebung, in der du <strong>Hunderte bunter Fische<\/strong> und verschiedene Unterwasserlebewesen bestaunen kannst. Es ist wie ein Aquarium.<\/p>\n<p><strong>PADI eLearning<\/strong><br \/>Wir empfehlen allen Teilnehmern generell, das optionale PADI eLearning f\u00fcr Discover Scuba Diving (DSD) zu ihrer Buchung hinzuzuf\u00fcgen. Du kannst die leicht zug\u00e4ngliche Online-Theorie bequem in nur 20\u201330 Minuten auf deinem Laptop, Tablet oder Smartphone vor Beginn der Aktivit\u00e4t absolvieren.<\/p>\n<ul>\n<li>Eine leicht verst\u00e4ndliche Einf\u00fchrung in die Grundlagen des Tauchens<\/li>\n<li>Infos zur Tauchausr\u00fcstung und deren Benutzung<\/li>\n<li>Wichtige Sicherheitsregeln und Handzeichen unter Wasser<\/li>\n<li>Kurze Videos und anschauliche Grafiken, um das Gelernte zu festigen<\/li>\n<\/ul>\n<p><span style=\"text-decoration: underline;\">Vorteile:<\/span><\/p>\n<ul>\n<li><strong>Theorie in Muttersprache<\/strong> \u2013 Das eLearning ist in zahlreichen Sprachen verfuegbar<\/li>\n<li><strong>Bessere Vorbereitung<\/strong> \u2013 Du gehst mit einem Grundverst\u00e4ndnis ins Wasser und kannst dich mehr aufs Erleben konzentrieren.<\/li>\n<li><strong>H\u00f6heres Sicherheitsgef\u00fchl<\/strong> \u2013 Du wei\u00dft schon vorher, was auf dich zukommt, und f\u00fchlst dich entspannter.<\/li>\n<\/ul>\n<p>[\/et_pb_text][\/et_pb_column][\/et_pb_row][et_pb_row disabled_on=&#8221;on|on|on&#8221; _builder_version=&#8221;4.16&#8243; disabled=&#8221;on&#8221; locked=&#8221;on&#8221; global_colors_info=&#8221;{}&#8221;][et_pb_column type=&#8221;4_4&#8243; _builder_version=&#8221;4.16&#8243; global_colors_info=&#8221;{}&#8221;][et_pb_text disabled_on=&#8221;off|off|off&#8221; admin_label=&#8221;Text&#8221; module_id=&#8221;moreinfo-1&#8243; module_class=&#8221;pricing-holder&#8221; _builder_version=&#8221;4.27.4&#8243; text_line_height=&#8221;1.3em&#8221; custom_padding=&#8221;10px||0px||false|false&#8221; animation_style=&#8221;zoom&#8221; custom_css_main_element=&#8221;overflow: visible;&#8221; border_radii=&#8221;on|3px|3px|3px|3px&#8221; box_shadow_style=&#8221;preset1&#8243; box_shadow_blur=&#8221;12px&#8221; box_shadow_color=&#8221;#0db4d5&#8243; global_colors_info=&#8221;{}&#8221;]<\/p>\n<div class=\"price-inner-content\">\n<h2 style=\"text-align: center; color: #ff0000;\"><strong>*FR\u00dcHLINGSANGEBOT &#8211; SCNUPPERTAUCHEN 75\u20ac PRO PERSON &#8211; BUCHE JETZT!*<\/strong><\/h2>\n<p style=\"text-align: center; color: #ff0000;\"><strong>*<em data-start=\"531\" data-end=\"640\">Rabatt auf Online-Buchungen, die vor dem 10.04.25 gemacht werden, mit Aktivit\u00e4tsdatum bis zum 15.04.25.*<\/em><\/strong><\/p>\n<p style=\"text-align: center;\">G\u00fcltig f\u00fcr Schnuppertauchg\u00e4nge, die direkt \u00fcber diese Website gebucht werden. Angebot nur begrenzt verf\u00fcgbar. Der Rabatt wird w\u00e4hrend des Online-Buchungsvorgangs automatisch angewendet.<\/p>\n<\/div>\n<p data-start=\"644\" data-end=\"844\">[\/et_pb_text][\/et_pb_column][\/et_pb_row][et_pb_row disabled_on=&#8221;off|off|off&#8221; _builder_version=&#8221;4.16&#8243; locked=&#8221;off&#8221; global_colors_info=&#8221;{}&#8221;][et_pb_column type=&#8221;4_4&#8243; _builder_version=&#8221;4.16&#8243; global_colors_info=&#8221;{}&#8221;][et_pb_button button_url=&#8221;https:\/\/app.bukyapp.com\/front\/673ef83180e03463a90b61e6\/product\/6756c76e58b6804f2a6679ae&#8221; url_new_window=&#8221;on&#8221; button_text=&#8221;VERF\u00dcGBARKEIT UND PREISE&#8221; button_alignment=&#8221;center&#8221; admin_label=&#8221;Button&#8221; _builder_version=&#8221;4.27.4&#8243; custom_button=&#8221;on&#8221; button_text_size=&#8221;16px&#8221; button_text_color=&#8221;#ffffff&#8221; button_bg_color=&#8221;#0db4d5&#8243; button_border_radius=&#8221;6px&#8221; global_colors_info=&#8221;{}&#8221;][\/et_pb_button][\/et_pb_column][\/et_pb_row][et_pb_row column_structure=&#8221;1_3,1_3,1_3&#8243; _builder_version=&#8221;4.16&#8243; locked=&#8221;off&#8221; global_colors_info=&#8221;{}&#8221;][et_pb_column type=&#8221;1_3&#8243; _builder_version=&#8221;4.16&#8243; global_colors_info=&#8221;{}&#8221;][et_pb_text admin_label=&#8221;Text&#8221; _builder_version=&#8221;4.27.4&#8243; background_color=&#8221;rgba(13,180,213,0.17)&#8221; custom_padding=&#8221;25px|25px|25px|25px|false|false&#8221; hover_enabled=&#8221;0&#8243; border_radii=&#8221;on|3px|3px|3px|3px&#8221; global_colors_info=&#8221;{}&#8221; sticky_enabled=&#8221;0&#8243;]<\/p>\n<h4 style=\"text-align: center; color: #0db4d5;\">Welche Optionen gibt es?<\/h4>\n<p><strong>PADI DSD BASIC: EIN TAUCHGANG<\/strong><\/p>\n<ul>\n<li>Tauchplatz: Strand von Playa Chica<\/li>\n<li>Tiefe: 6 Meter<\/li>\n<li>Aktivit\u00e4tsdauer: ~2 Stunden<\/li>\n<li>Preise ab 80\u20ac <del>95\u20ac<\/del><\/li>\n<\/ul>\n<p><strong>PADI DSD VIP: ZWEI TAUCHG\u00c4NGE\u00a0<\/strong><\/p>\n<ul>\n<li>Tauchplaetz: Strand von Playa Chica + Muellito (2. Tauchgang)<\/li>\n<li>Tiefe: 6 Meter + 12 Meter<\/li>\n<li>Aktivit\u00e4tsdauer: 3,5-4 Stunden (inkl. Pause zwischen den Tauchg\u00e4ngen)<\/li>\n<li>Preise ab 125\u20ac <del>140\u20ac<\/del><\/li>\n<\/ul>\n<p style=\"text-align: center; color: #ff0000;\">Onlineangebot &#8211; begrenzte Verf\u00fcgbarkeit!<\/p>\n<h4 style=\"text-align: center; color: #0db4d5;\"><a href=\"https:\/\/app.bukyapp.com\/front\/673ef83180e03463a90b61e6\/product\/6756c76e58b6804f2a6679ae\" target=\"_blank\" rel=\"noopener\">JETZT BUCHEN<\/a><\/h4>\n<p>[\/et_pb_text][\/et_pb_column][et_pb_column type=&#8221;1_3&#8243; _builder_version=&#8221;4.16&#8243; global_colors_info=&#8221;{}&#8221;][et_pb_text _builder_version=&#8221;4.16&#8243; background_color=&#8221;rgba(13,180,213,0.17)&#8221; custom_padding=&#8221;25px|25px|25px|25px|false|false&#8221; border_radii=&#8221;on|3px|3px|3px|3px&#8221; global_colors_info=&#8221;{}&#8221;]<\/p>\n<h4 style=\"text-align: center; color: #0db4d5;\">Was ist inklusive?<\/h4>\n<ul>\n<li>Leihausr\u00fcstung<\/li>\n<li>Tauchversicherung<\/li>\n<li>Wasser und Kekse zwischen den Tauchg\u00e4ngen<\/li>\n<li>Erfahrener Tauchlehrer<\/li>\n<li>Kleine Gruppen<\/li>\n<\/ul>\n<p>[\/et_pb_text][et_pb_text admin_label=&#8221;Text&#8221; _builder_version=&#8221;4.26.0&#8243; background_color=&#8221;rgba(13,180,213,0.17)&#8221; custom_padding=&#8221;25px|25px|25px|25px|false|false&#8221; border_radii=&#8221;on|3px|3px|3px|3px&#8221; global_colors_info=&#8221;{}&#8221;]<\/p>\n<h4 style=\"text-align: center; color: #0db4d5;\">Was sind die Voraussetzungen?<\/h4>\n<ul>\n<li>Mindestalter 10 Jahre<\/li>\n<li>Gesundheitlich tauchtauglich: Einige Vorerkrankungen erfordern \u00e4rztliche Abkl\u00e4rung.<\/li>\n<li><strong><a href=\"https:\/\/www.uhms.org\/de\/resources\/featured-resources\/recreational-diving-medical-screening-system.html\">Klick hier, um zu \u00fcberpr\u00fcfen, ob Du ein \u00e4rztliches Attest ben\u00f6tigst.<\/a><\/strong><\/li>\n<\/ul>\n<p>[\/et_pb_text][\/et_pb_column][et_pb_column type=&#8221;1_3&#8243; _builder_version=&#8221;4.16&#8243; global_colors_info=&#8221;{}&#8221;][et_pb_text _builder_version=&#8221;4.27.4&#8243; background_color=&#8221;rgba(13,180,213,0.17)&#8221; custom_padding=&#8221;25px|25px|25px|25px|false|false&#8221; border_radii=&#8221;on|3px|3px|3px|3px&#8221; global_colors_info=&#8221;{}&#8221;]<\/p>\n<h4 style=\"text-align: center; color: #0db4d5;\">Gut zu wissen!<\/h4>\n<ul>\n<li>Vorkenntnisse sind nicht erforderlich<\/li>\n<li>Wir tauchen vom Strand in Playa Chica (Puerto del Carmen)<\/li>\n<li>Mitzubringen: Badekleidung, Handtuch, Sonnenbrille, Sonnenschutz, Wechselkleidung<\/li>\n<li>12 Stunden Flugverbot nach einem Tauchgang (18 Stunden nach zwei Tauchg\u00e4ngen)<\/li>\n<li>Es wird empfohlen, im Voraus zu buchen<\/li>\n<li>Optional: PADI eLearning &amp; Fotopakete verf\u00fcgbar<\/li>\n<li>Startzeit: 8:15\/12:15 (saisonabh\u00e4ngig, je nach gebuchter Option, Sprache &amp; Verf\u00fcgbarkeit)<\/li>\n<\/ul>\n<p>[\/et_pb_text][\/et_pb_column][\/et_pb_row][et_pb_row disabled_on=&#8221;off|off|off&#8221; _builder_version=&#8221;4.16&#8243; locked=&#8221;off&#8221; global_colors_info=&#8221;{}&#8221;][et_pb_column type=&#8221;4_4&#8243; _builder_version=&#8221;4.16&#8243; global_colors_info=&#8221;{}&#8221;][et_pb_button button_url=&#8221;https:\/\/app.bukyapp.com\/front\/673ef83180e03463a90b61e6\/product\/6756c76e58b6804f2a6679ae&#8221; url_new_window=&#8221;on&#8221; button_text=&#8221;VERF\u00dcGBARKEIT UND PREISE&#8221; button_alignment=&#8221;center&#8221; admin_label=&#8221;Button&#8221; _builder_version=&#8221;4.27.4&#8243; custom_button=&#8221;on&#8221; button_text_size=&#8221;16px&#8221; button_text_color=&#8221;#ffffff&#8221; button_bg_color=&#8221;#0db4d5&#8243; button_border_radius=&#8221;6px&#8221; global_colors_info=&#8221;{}&#8221;][\/et_pb_button][\/et_pb_column][\/et_pb_row][\/et_pb_section][et_pb_section fb_built=&#8221;1&#8243; fullwidth=&#8221;on&#8221; _builder_version=&#8221;4.16&#8243; global_colors_info=&#8221;{}&#8221;][et_pb_fullwidth_header text_orientation=&#8221;center&#8221; button_one_text=&#8221;Mehr Infos &#8221; button_one_url=&#8221;https:\/\/scuba-legends.com\/de\/kontakt\/&#8221; admin_label=&#8221;Vollbreite Kopfzeile&#8221; _builder_version=&#8221;4.16&#8243; title_level=&#8221;h3&#8243; background_image=&#8221;https:\/\/scuba-legends.com\/wp-content\/uploads\/2020\/08\/Hazlo-epico-1.jpg&#8221; custom_button_one=&#8221;on&#8221; button_one_text_size=&#8221;16px&#8221; button_one_custom_margin=&#8221;||||false|false&#8221; custom_button_two=&#8221;on&#8221; button_two_text_size=&#8221;16px&#8221; text_shadow_style=&#8221;preset3&#8243; global_colors_info=&#8221;{}&#8221;]<\/p>\n<h2 style=\"text-align: center;\"><strong>Private Tauchlehrer und Tauchguides \u2013 Mach\u2019s episch!<\/strong><\/h2>\n<p style=\"text-align: center;\">Pers\u00f6nlicher VIP-Service f\u00fcr Dich allein (oder mit Deiner Familie und Freunden) gew\u00fcnscht? Wir bieten Dir unseren exklusiven privaten Tauchservice in Puerto del Carmen, Lanzarote, an.<br \/>Wir passen Dein Taucherlebnis an Deine Bed\u00fcrfnisse und Zeiten an.<\/p>\n<p>[\/et_pb_fullwidth_header][\/et_pb_section]<\/p>\n","protected":false},"excerpt":{"rendered":"<p>MAKE IT LEGENDARYLust auf ein Schnuppertauchen auf Lanzarote? Es ist einfacher als du denkst!Das PADI Discover Scuba Diving (DSD) bietet eine ideale Gelegenheit, deine ersten Schritte ins Tauchen zu wagen. Als erste Taucherfahrung kann es als &#8220;All-Inclusive-Programm&#8221; betrachtet werden. Dein Tauchlehrer \u00fcbernimmt alle Aspekte des Prozesses, sodass du dich einfach nur auf das Atmen konzenttierst [&hellip;]<\/p>\n","protected":false},"author":2,"featured_media":16128,"parent":0,"menu_order":199,"comment_status":"closed","ping_status":"closed","template":"","meta":{"_acf_changed":false,"_et_pb_use_builder":"on","_et_pb_old_content":"","_et_gb_content_width":"","footnotes":""},"class_list":["post-6015","page","type-page","status-publish","has-post-thumbnail","hentry"],"acf":[],"yoast_head":"<!-- This site is optimized with the Yoast SEO plugin v27.4 - https:\/\/yoast.com\/product\/yoast-seo-wordpress\/ -->\n<title>Schnuppertauchen - PADI Discover Scuba Diving - Scuba Legends<\/title>\n<meta name=\"description\" content=\"PADI Discover Scuba Diving - Schnuppertauchen auf Lanzarote - Dein erstes Unterwasserabenteuer und jede Menge bunte Fische.\" \/>\n<meta name=\"robots\" content=\"index, follow, max-snippet:-1, max-image-preview:large, max-video-preview:-1\" \/>\n<link rel=\"canonical\" href=\"https:\/\/scuba-legends.com\/de\/schnuppertauchen-padi-dsd\/\" \/>\n<meta property=\"og:locale\" content=\"de_DE\" \/>\n<meta property=\"og:type\" content=\"article\" \/>\n<meta property=\"og:title\" content=\"Schnuppertauchen - PADI Discover Scuba Diving - Scuba Legends\" \/>\n<meta property=\"og:description\" content=\"PADI Discover Scuba Diving - Schnuppertauchen auf Lanzarote - Dein erstes Unterwasserabenteuer und jede Menge bunte Fische.\" \/>\n<meta property=\"og:url\" content=\"https:\/\/scuba-legends.com\/de\/schnuppertauchen-padi-dsd\/\" \/>\n<meta property=\"og:site_name\" content=\"Scuba Legends\" \/>\n<meta property=\"article:publisher\" content=\"https:\/\/www.facebook.com\/ScubaLegends\/\" \/>\n<meta property=\"article:modified_time\" content=\"2025-08-21T14:00:25+00:00\" \/>\n<meta property=\"og:image\" content=\"https:\/\/scuba-legends.com\/wp-content\/uploads\/2024\/02\/Discover-Scuba-Diving-Image.jpg\" \/>\n\t<meta property=\"og:image:width\" content=\"1920\" \/>\n\t<meta property=\"og:image:height\" content=\"1080\" \/>\n\t<meta property=\"og:image:type\" content=\"image\/jpeg\" \/>\n<meta name=\"twitter:card\" content=\"summary_large_image\" \/>\n<meta name=\"twitter:site\" content=\"@scubalegends\" \/>\n<meta name=\"twitter:label1\" content=\"Gesch\u00e4tzte Lesezeit\" \/>\n\t<meta name=\"twitter:data1\" content=\"3\u00a0Minuten\" \/>\n<script type=\"application\/ld+json\" class=\"yoast-schema-graph\">{\"@context\":\"https:\\\/\\\/schema.org\",\"@graph\":[{\"@type\":\"WebPage\",\"@id\":\"https:\\\/\\\/scuba-legends.com\\\/de\\\/schnuppertauchen-padi-dsd\\\/\",\"url\":\"https:\\\/\\\/scuba-legends.com\\\/de\\\/schnuppertauchen-padi-dsd\\\/\",\"name\":\"Schnuppertauchen - PADI Discover Scuba Diving - Scuba Legends\",\"isPartOf\":{\"@id\":\"https:\\\/\\\/scuba-legends.com\\\/de\\\/#website\"},\"primaryImageOfPage\":{\"@id\":\"https:\\\/\\\/scuba-legends.com\\\/de\\\/schnuppertauchen-padi-dsd\\\/#primaryimage\"},\"image\":{\"@id\":\"https:\\\/\\\/scuba-legends.com\\\/de\\\/schnuppertauchen-padi-dsd\\\/#primaryimage\"},\"thumbnailUrl\":\"https:\\\/\\\/scuba-legends.com\\\/wp-content\\\/uploads\\\/2024\\\/02\\\/Discover-Scuba-Diving-Image.jpg\",\"datePublished\":\"2020-09-27T18:54:24+00:00\",\"dateModified\":\"2025-08-21T14:00:25+00:00\",\"description\":\"PADI Discover Scuba Diving - Schnuppertauchen auf Lanzarote - Dein erstes Unterwasserabenteuer und jede Menge bunte Fische.\",\"breadcrumb\":{\"@id\":\"https:\\\/\\\/scuba-legends.com\\\/de\\\/schnuppertauchen-padi-dsd\\\/#breadcrumb\"},\"inLanguage\":\"de\",\"potentialAction\":[{\"@type\":\"ReadAction\",\"target\":[\"https:\\\/\\\/scuba-legends.com\\\/de\\\/schnuppertauchen-padi-dsd\\\/\"]}]},{\"@type\":\"ImageObject\",\"inLanguage\":\"de\",\"@id\":\"https:\\\/\\\/scuba-legends.com\\\/de\\\/schnuppertauchen-padi-dsd\\\/#primaryimage\",\"url\":\"https:\\\/\\\/scuba-legends.com\\\/wp-content\\\/uploads\\\/2024\\\/02\\\/Discover-Scuba-Diving-Image.jpg\",\"contentUrl\":\"https:\\\/\\\/scuba-legends.com\\\/wp-content\\\/uploads\\\/2024\\\/02\\\/Discover-Scuba-Diving-Image.jpg\",\"width\":1920,\"height\":1080,\"caption\":\"Schnuppertauchen - PADI Discover Scuba Diving\"},{\"@type\":\"BreadcrumbList\",\"@id\":\"https:\\\/\\\/scuba-legends.com\\\/de\\\/schnuppertauchen-padi-dsd\\\/#breadcrumb\",\"itemListElement\":[{\"@type\":\"ListItem\",\"position\":1,\"name\":\"Scuba Legends\",\"item\":\"https:\\\/\\\/scuba-legends.com\\\/de\\\/\"},{\"@type\":\"ListItem\",\"position\":2,\"name\":\"Schnuppertauchen &#8211; PADI Discover Scuba Diving\"}]},{\"@type\":\"WebSite\",\"@id\":\"https:\\\/\\\/scuba-legends.com\\\/de\\\/#website\",\"url\":\"https:\\\/\\\/scuba-legends.com\\\/de\\\/\",\"name\":\"Scuba Legends\",\"description\":\"Dive Center Lanzarote\",\"publisher\":{\"@id\":\"https:\\\/\\\/scuba-legends.com\\\/de\\\/#organization\"},\"potentialAction\":[{\"@type\":\"SearchAction\",\"target\":{\"@type\":\"EntryPoint\",\"urlTemplate\":\"https:\\\/\\\/scuba-legends.com\\\/de\\\/?s={search_term_string}\"},\"query-input\":{\"@type\":\"PropertyValueSpecification\",\"valueRequired\":true,\"valueName\":\"search_term_string\"}}],\"inLanguage\":\"de\"},{\"@type\":\"Organization\",\"@id\":\"https:\\\/\\\/scuba-legends.com\\\/de\\\/#organization\",\"name\":\"Scuba Legends Dive Center Lanzarote\",\"url\":\"https:\\\/\\\/scuba-legends.com\\\/de\\\/\",\"logo\":{\"@type\":\"ImageObject\",\"inLanguage\":\"de\",\"@id\":\"https:\\\/\\\/scuba-legends.com\\\/de\\\/#\\\/schema\\\/logo\\\/image\\\/\",\"url\":\"https:\\\/\\\/scuba-legends.com\\\/wp-content\\\/uploads\\\/2020\\\/01\\\/scuba_legends_favicon.png\",\"contentUrl\":\"https:\\\/\\\/scuba-legends.com\\\/wp-content\\\/uploads\\\/2020\\\/01\\\/scuba_legends_favicon.png\",\"width\":512,\"height\":512,\"caption\":\"Scuba Legends Dive Center Lanzarote\"},\"image\":{\"@id\":\"https:\\\/\\\/scuba-legends.com\\\/de\\\/#\\\/schema\\\/logo\\\/image\\\/\"},\"sameAs\":[\"https:\\\/\\\/www.facebook.com\\\/ScubaLegends\\\/\",\"https:\\\/\\\/x.com\\\/scubalegends\",\"https:\\\/\\\/www.instagram.com\\\/scuba_legends\\\/\",\"https:\\\/\\\/www.youtube.com\\\/channel\\\/UCUjHU7Mmii5SfLoodxNZmqQ\"]}]}<\/script>\n<!-- \/ Yoast SEO plugin. -->","yoast_head_json":{"title":"Schnuppertauchen - PADI Discover Scuba Diving - Scuba Legends","description":"PADI Discover Scuba Diving - Schnuppertauchen auf Lanzarote - Dein erstes Unterwasserabenteuer und jede Menge bunte Fische.","robots":{"index":"index","follow":"follow","max-snippet":"max-snippet:-1","max-image-preview":"max-image-preview:large","max-video-preview":"max-video-preview:-1"},"canonical":"https:\/\/scuba-legends.com\/de\/schnuppertauchen-padi-dsd\/","og_locale":"de_DE","og_type":"article","og_title":"Schnuppertauchen - PADI Discover Scuba Diving - Scuba Legends","og_description":"PADI Discover Scuba Diving - Schnuppertauchen auf Lanzarote - Dein erstes Unterwasserabenteuer und jede Menge bunte Fische.","og_url":"https:\/\/scuba-legends.com\/de\/schnuppertauchen-padi-dsd\/","og_site_name":"Scuba Legends","article_publisher":"https:\/\/www.facebook.com\/ScubaLegends\/","article_modified_time":"2025-08-21T14:00:25+00:00","og_image":[{"width":1920,"height":1080,"url":"https:\/\/scuba-legends.com\/wp-content\/uploads\/2024\/02\/Discover-Scuba-Diving-Image.jpg","type":"image\/jpeg"}],"twitter_card":"summary_large_image","twitter_site":"@scubalegends","twitter_misc":{"Gesch\u00e4tzte Lesezeit":"3\u00a0Minuten"},"schema":{"@context":"https:\/\/schema.org","@graph":[{"@type":"WebPage","@id":"https:\/\/scuba-legends.com\/de\/schnuppertauchen-padi-dsd\/","url":"https:\/\/scuba-legends.com\/de\/schnuppertauchen-padi-dsd\/","name":"Schnuppertauchen - PADI Discover Scuba Diving - Scuba Legends","isPartOf":{"@id":"https:\/\/scuba-legends.com\/de\/#website"},"primaryImageOfPage":{"@id":"https:\/\/scuba-legends.com\/de\/schnuppertauchen-padi-dsd\/#primaryimage"},"image":{"@id":"https:\/\/scuba-legends.com\/de\/schnuppertauchen-padi-dsd\/#primaryimage"},"thumbnailUrl":"https:\/\/scuba-legends.com\/wp-content\/uploads\/2024\/02\/Discover-Scuba-Diving-Image.jpg","datePublished":"2020-09-27T18:54:24+00:00","dateModified":"2025-08-21T14:00:25+00:00","description":"PADI Discover Scuba Diving - Schnuppertauchen auf Lanzarote - Dein erstes Unterwasserabenteuer und jede Menge bunte Fische.","breadcrumb":{"@id":"https:\/\/scuba-legends.com\/de\/schnuppertauchen-padi-dsd\/#breadcrumb"},"inLanguage":"de","potentialAction":[{"@type":"ReadAction","target":["https:\/\/scuba-legends.com\/de\/schnuppertauchen-padi-dsd\/"]}]},{"@type":"ImageObject","inLanguage":"de","@id":"https:\/\/scuba-legends.com\/de\/schnuppertauchen-padi-dsd\/#primaryimage","url":"https:\/\/scuba-legends.com\/wp-content\/uploads\/2024\/02\/Discover-Scuba-Diving-Image.jpg","contentUrl":"https:\/\/scuba-legends.com\/wp-content\/uploads\/2024\/02\/Discover-Scuba-Diving-Image.jpg","width":1920,"height":1080,"caption":"Schnuppertauchen - PADI Discover Scuba Diving"},{"@type":"BreadcrumbList","@id":"https:\/\/scuba-legends.com\/de\/schnuppertauchen-padi-dsd\/#breadcrumb","itemListElement":[{"@type":"ListItem","position":1,"name":"Scuba Legends","item":"https:\/\/scuba-legends.com\/de\/"},{"@type":"ListItem","position":2,"name":"Schnuppertauchen &#8211; PADI Discover Scuba Diving"}]},{"@type":"WebSite","@id":"https:\/\/scuba-legends.com\/de\/#website","url":"https:\/\/scuba-legends.com\/de\/","name":"Scuba Legends","description":"Dive Center Lanzarote","publisher":{"@id":"https:\/\/scuba-legends.com\/de\/#organization"},"potentialAction":[{"@type":"SearchAction","target":{"@type":"EntryPoint","urlTemplate":"https:\/\/scuba-legends.com\/de\/?s={search_term_string}"},"query-input":{"@type":"PropertyValueSpecification","valueRequired":true,"valueName":"search_term_string"}}],"inLanguage":"de"},{"@type":"Organization","@id":"https:\/\/scuba-legends.com\/de\/#organization","name":"Scuba Legends Dive Center Lanzarote","url":"https:\/\/scuba-legends.com\/de\/","logo":{"@type":"ImageObject","inLanguage":"de","@id":"https:\/\/scuba-legends.com\/de\/#\/schema\/logo\/image\/","url":"https:\/\/scuba-legends.com\/wp-content\/uploads\/2020\/01\/scuba_legends_favicon.png","contentUrl":"https:\/\/scuba-legends.com\/wp-content\/uploads\/2020\/01\/scuba_legends_favicon.png","width":512,"height":512,"caption":"Scuba Legends Dive Center Lanzarote"},"image":{"@id":"https:\/\/scuba-legends.com\/de\/#\/schema\/logo\/image\/"},"sameAs":["https:\/\/www.facebook.com\/ScubaLegends\/","https:\/\/x.com\/scubalegends","https:\/\/www.instagram.com\/scuba_legends\/","https:\/\/www.youtube.com\/channel\/UCUjHU7Mmii5SfLoodxNZmqQ"]}]}},"_links":{"self":[{"href":"https:\/\/scuba-legends.com\/de\/wp-json\/wp\/v2\/pages\/6015","targetHints":{"allow":["GET"]}}],"collection":[{"href":"https:\/\/scuba-legends.com\/de\/wp-json\/wp\/v2\/pages"}],"about":[{"href":"https:\/\/scuba-legends.com\/de\/wp-json\/wp\/v2\/types\/page"}],"author":[{"embeddable":true,"href":"https:\/\/scuba-legends.com\/de\/wp-json\/wp\/v2\/users\/2"}],"replies":[{"embeddable":true,"href":"https:\/\/scuba-legends.com\/de\/wp-json\/wp\/v2\/comments?post=6015"}],"version-history":[{"count":33,"href":"https:\/\/scuba-legends.com\/de\/wp-json\/wp\/v2\/pages\/6015\/revisions"}],"predecessor-version":[{"id":19838,"href":"https:\/\/scuba-legends.com\/de\/wp-json\/wp\/v2\/pages\/6015\/revisions\/19838"}],"wp:featuredmedia":[{"embeddable":true,"href":"https:\/\/scuba-legends.com\/de\/wp-json\/wp\/v2\/media\/16128"}],"wp:attachment":[{"href":"https:\/\/scuba-legends.com\/de\/wp-json\/wp\/v2\/media?parent=6015"}],"curies":[{"name":"wp","href":"https:\/\/api.w.org\/{rel}","templated":true}]}}