{"id":6008,"date":"2020-09-27T18:44:17","date_gmt":"2020-09-27T18:44:17","guid":{"rendered":"https:\/\/scuba-legends.com\/technische-tauchkurse\/"},"modified":"2020-10-30T11:11:13","modified_gmt":"2020-10-30T11:11:13","slug":"technische-tauchkurse","status":"publish","type":"page","link":"https:\/\/scuba-legends.com\/de\/technische-tauchkurse\/","title":{"rendered":"Technische Tauchkurse"},"content":{"rendered":"<p>[et_pb_section fb_built=&#8221;1&#8243; fullwidth=&#8221;on&#8221; module_id=&#8221;spheader-section&#8221; _builder_version=&#8221;4.0.9&#8243;][et_pb_fullwidth_header title=&#8221;Technische Tauchkurse auf Lanzarote&#8221; _builder_version=&#8221;4.0.9&#8243; title_font_size=&#8221;54px&#8221; subhead_font=&#8221;|||on|||||&#8221; background_image=&#8221;https:\/\/scuba-legends.com\/wp-content\/uploads\/2020\/08\/0.-Header-tecnico-1280&#215;900-final.jpg&#8221; width=&#8221;100%&#8221; module_alignment=&#8221;center&#8221; custom_padding=&#8221;80px||80px||true|&#8221; title_font_size_tablet=&#8221;44px&#8221; background_last_edited=&#8221;on|desktop&#8221; custom_css_main_element=&#8221;background-position: center -240px;&#8221; custom_css_title=&#8221;order: 2;&#8221; custom_css_subtitle=&#8221;order: 1;&#8221; custom_css_main_element_last_edited=&#8221;on|tablet&#8221; custom_css_main_element_tablet=&#8221;background-position: center -70px;&#8221; custom_css_main_element_phone=&#8221;background-position: center center;&#8221;]<\/p>\n<p>MAKE IT LEGENDARY<\/p>\n<p>[\/et_pb_fullwidth_header][\/et_pb_section][et_pb_section fb_built=&#8221;1&#8243; _builder_version=&#8221;4.0.9&#8243; custom_margin=&#8221;-50px||||false|false&#8221;][et_pb_row _builder_version=&#8221;4.0.9&#8243;][et_pb_column type=&#8221;4_4&#8243; _builder_version=&#8221;4.0.9&#8243;][et_pb_text _builder_version=&#8221;4.0.9&#8243; text_font_size=&#8221;18px&#8221; custom_margin=&#8221;-20px||||false|false&#8221;]<\/p>\n<h2 style=\"text-align: center; color: #0db4d5;\">Scuba Legends: wo Legenden entstehen. Alle Niveaus, vom Anf\u00e4nger bis zum Profi.<\/h2>\n<p>[\/et_pb_text][et_pb_text _builder_version=&#8221;4.0.9&#8243;]<\/p>\n<p>Gehe \u00fcber die Grenzen des Sporttauchens hinaus. \u00dcberwinde deine Barrieren und gehe dorthin, wo nur sehr wenige es hinschaffen, nur die Legenden. Technisches Tauchen ist das h\u00f6chste Level beim Tauchen, daher ist es nicht jedermanns Sache. Du musst bereit sein, ein neues Konzept des Tauchens zu erlernen und die Risiken und Investitionen zu \u00fcbernehmen, die f\u00fcr das technische Tauchen erforderlich sind. Unsere Tauchlehrer sind echte Geeks und leidenschaftlich im technischen Tauchen. Wir werden Dir all unsere Kenntnisse und F\u00e4higkeiten beibringen, aber zugleich auch ein gewisses Ma\u00df an Engagement erfordern. Unser Ziel ist es, dass Du lernst 100% autonom bzw. selbstst\u00e4ndig zu tauchen. Im Rahmen des technischen Tauchens lernst du neue F\u00e4higkeiten, die Dich als Taucher auf ein neues Level bringen, sowie die Verwendung von neuer Ausr\u00fcstung und verschiedener Gasgemische. So kannst Du viel l\u00e4nger und tiefer tauchen und magische und unerforschte Orte erreichen.<\/p>\n<p>[\/et_pb_text][et_pb_text _builder_version=&#8221;4.0.9&#8243; text_text_color=&#8221;#0db4d5&#8243; text_font_size=&#8221;18px&#8221; custom_margin=&#8221;||||false|false&#8221;]<\/p>\n<h2 style=\"text-align: center; color: #0db4d5;\">Puerto del Carmen, einer der besten Orte in Europa f\u00fcr technisches Tauchen<\/h2>\n<p>[\/et_pb_text][et_pb_text _builder_version=&#8221;4.0.9&#8243;]<\/p>\n<p>Puerto del Carmen in der \u00f6stlichen H\u00e4lfte von Lanzarote ist der ideale Ort, um technisches Tauchen zu lernen und zu genie\u00dfen. Vulkangesteinb\u00f6den, die \u00fcber 60 Meter in die Tiefe des Ozeans sinken. Grotten, H\u00f6hlen und Tunnel, die viele M\u00f6glichkeiten bieten. Und nat\u00fcrlich die spektakul\u00e4re Unter Wasserlandschaft und die F\u00fclle des Lebens im Atlantik.<\/p>\n<p>[\/et_pb_text][\/et_pb_column][\/et_pb_row][et_pb_row column_structure=&#8221;1_3,1_3,1_3&#8243; _builder_version=&#8221;4.0.9&#8243; custom_margin=&#8221;-20px||||false|false&#8221;][et_pb_column type=&#8221;1_3&#8243; _builder_version=&#8221;4.0.9&#8243; custom_padding=&#8221;|0px||0px|false|false&#8221;][et_pb_image src=&#8221;https:\/\/scuba-legends.com\/wp-content\/uploads\/2020\/08\/1.-Discover-Technical-Diving-350&#215;188-1.jpg&#8221; url=&#8221;https:\/\/scuba-legends.com\/de\/discover-technical-diving\/&#8221; _builder_version=&#8221;4.0.9&#8243; width=&#8221;100%&#8221; animation_style=&#8221;zoom&#8221; border_radii=&#8221;on|5px|5px|5px|5px&#8221;][\/et_pb_image][et_pb_text _builder_version=&#8221;4.0.9&#8243; text_text_color=&#8221;#000000&#8243; custom_margin=&#8221;-22px||||false|false&#8221;]<\/p>\n<h3 style=\"color: #0db4d5; text-align: left; font-size: 22px;\"><strong><a href=\"https:\/\/scuba-legends.com\/de\/discover-technical-diving\/\">PADI Discover Technical Diving<\/a><\/strong><\/h3>\n<p>Dieses Programm ist ein Schnuppertauchen in technischer Ausr\u00fcstung, um es auszuprobieren, bevor Du sich f\u00fcr den ersten PADI Tec 40 Kurs entscheidest. Traust Du Dich?<\/p>\n<p>[\/et_pb_text][\/et_pb_column][et_pb_column type=&#8221;1_3&#8243; _builder_version=&#8221;4.0.9&#8243;][et_pb_image src=&#8221;https:\/\/scuba-legends.com\/wp-content\/uploads\/2020\/08\/2.-TEC-40-350&#215;188-1.jpg&#8221; url=&#8221;https:\/\/scuba-legends.com\/de\/padi-tec-40\/&#8221; _builder_version=&#8221;4.0.9&#8243; width=&#8221;100%&#8221; animation_style=&#8221;zoom&#8221; border_radii=&#8221;on|5px|5px|5px|5px&#8221;][\/et_pb_image][et_pb_text _builder_version=&#8221;4.0.9&#8243; text_text_color=&#8221;#000000&#8243; custom_margin=&#8221;-22px||||false|false&#8221; hover_enabled=&#8221;0&#8243;]<\/p>\n<h3 style=\"color: #0db4d5; text-align: left; font-size: 22px;\"><a href=\"https:\/\/scuba-legends.com\/de\/padi-tec-40\/\"><strong>PADI Tec 40<\/strong><\/a><\/h3>\n<p>Beginne mit den besten Tauchlehrern im technischen Tauchen. Lerne das technische und praktische Grundwissen sowie notwendige Dekompressionstechniken.<\/p>\n<p>[\/et_pb_text][\/et_pb_column][et_pb_column type=&#8221;1_3&#8243; _builder_version=&#8221;4.0.9&#8243;][et_pb_image src=&#8221;https:\/\/scuba-legends.com\/wp-content\/uploads\/2020\/08\/3.-TEC-45-350&#215;188-1.jpg&#8221; url=&#8221;https:\/\/scuba-legends.com\/de\/padi-tec-45\/&#8221; _builder_version=&#8221;4.0.9&#8243; width=&#8221;100%&#8221; animation_style=&#8221;zoom&#8221; border_radii=&#8221;on|5px|5px|5px|5px&#8221;][\/et_pb_image][et_pb_text _builder_version=&#8221;4.0.9&#8243; text_text_color=&#8221;#000000&#8243; custom_margin=&#8221;-22px||||false|false&#8221;]<\/p>\n<h3 style=\"color: #0db4d5; text-align: left; font-size: 22px;\"><strong><a href=\"https:\/\/scuba-legends.com\/de\/padi-tec-45\/\">PADI Tec 45<\/a><\/strong><\/h3>\n<p>Der zweite Schritt zum Tec Diver, bei dem Deine F\u00e4higkeiten und Kenntnisse weiter ausgereift werden. Setze den Weg der Legenden fort in die Tiefe.<\/p>\n<p>[\/et_pb_text][\/et_pb_column][\/et_pb_row][et_pb_row column_structure=&#8221;1_3,1_3,1_3&#8243; _builder_version=&#8221;4.0.9&#8243;][et_pb_column type=&#8221;1_3&#8243; _builder_version=&#8221;4.0.9&#8243;][et_pb_image src=&#8221;https:\/\/scuba-legends.com\/wp-content\/uploads\/2020\/08\/4.-TEC-50-350&#215;188-1.jpg&#8221; url=&#8221;https:\/\/scuba-legends.com\/de\/padi-tec-50\/&#8221; _builder_version=&#8221;4.0.9&#8243; width=&#8221;100%&#8221; animation_style=&#8221;zoom&#8221; border_radii=&#8221;on|5px|5px|5px|5px&#8221;][\/et_pb_image][et_pb_text _builder_version=&#8221;4.0.9&#8243; text_text_color=&#8221;#000000&#8243; custom_margin=&#8221;-22px||||false|false&#8221; hover_enabled=&#8221;0&#8243;]<\/p>\n<h3 style=\"color: #0db4d5; text-align: left; font-size: 22px;\"><strong><a href=\"https:\/\/scuba-legends.com\/de\/padi-tec-50\/\">PADI Tec 50<\/a><\/strong><\/h3>\n<p>Auch Tec Deep Diver genannt, ist der vollst\u00e4ndige technische Tauchkurs, die h\u00f6chste Qualifikation. Werde in 12 intensiven Tagen ein erfahrener technischer Taucher.<\/p>\n<p>[\/et_pb_text][\/et_pb_column][et_pb_column type=&#8221;1_3&#8243; _builder_version=&#8221;4.0.9&#8243;][et_pb_image src=&#8221;https:\/\/scuba-legends.com\/wp-content\/uploads\/2020\/08\/5.-TEC-Sidemount-350&#215;188-1.jpg&#8221; url=&#8221;https:\/\/scuba-legends.com\/de\/padi-tec-sidemount\/&#8221; _builder_version=&#8221;4.0.9&#8243; width=&#8221;100%&#8221; animation_style=&#8221;zoom&#8221; border_radii=&#8221;on|5px|5px|5px|5px&#8221;][\/et_pb_image][et_pb_text _builder_version=&#8221;4.0.9&#8243; text_text_color=&#8221;#000000&#8243; custom_margin=&#8221;-22px||||false|false&#8221;]<\/p>\n<h3 style=\"color: #0db4d5; text-align: left; font-size: 22px;\"><a href=\"https:\/\/scuba-legends.com\/de\/padi-tec-sidemount\/\"><strong>PADI Tec Sidemount<\/strong><\/a><\/h3>\n<p>Tauche in Sidemount durch die Tiefen der Ozeane. Spring zum n\u00e4chsten Level, lerne den Umgang mit mehreren Flaschen und diversen Gasgemischen in Seitenmontage.<\/p>\n<p>[\/et_pb_text][\/et_pb_column][et_pb_column type=&#8221;1_3&#8243; _builder_version=&#8221;4.0.9&#8243;][et_pb_image src=&#8221;https:\/\/scuba-legends.com\/wp-content\/uploads\/2020\/08\/6.-TEC-Trimix-65-350&#215;188-1.jpg&#8221; url=&#8221;https:\/\/scuba-legends.com\/de\/padi-tec-trimix-65\/&#8221; _builder_version=&#8221;4.0.9&#8243; width=&#8221;100%&#8221; animation_style=&#8221;zoom&#8221; border_radii=&#8221;on|5px|5px|5px|5px&#8221;][\/et_pb_image][et_pb_text _builder_version=&#8221;4.0.9&#8243; text_text_color=&#8221;#000000&#8243; custom_margin=&#8221;-22px||||false|false&#8221;]<\/p>\n<h3 style=\"color: #0db4d5; text-align: left; font-size: 22px;\"><strong><a href=\"https:\/\/scuba-legends.com\/de\/padi-tec-trimix-65\/\">PADI Tec Trimix 65<\/a><\/strong><\/h3>\n<p>\u00dcberschreite die Grenzen von Nitrox und lerne mit Trimix bis zu 65 Meter zu tauchen. Erfahre die Vorteile von Helium und wie Du verschiedene Gasgemische konfigurierst.<\/p>\n<p>[\/et_pb_text][\/et_pb_column][\/et_pb_row][et_pb_row column_structure=&#8221;1_3,2_3&#8243; _builder_version=&#8221;4.0.9&#8243;][et_pb_column type=&#8221;1_3&#8243; _builder_version=&#8221;4.0.9&#8243;][et_pb_image src=&#8221;https:\/\/scuba-legends.com\/wp-content\/uploads\/2020\/08\/7.-TEC-Trimix-Diver-350&#215;188-1.jpg&#8221; url=&#8221;https:\/\/scuba-legends.com\/de\/padi-tec-trimix-diver\/&#8221; _builder_version=&#8221;4.0.9&#8243; width=&#8221;100%&#8221; animation_style=&#8221;zoom&#8221; border_radii=&#8221;on|5px|5px|5px|5px&#8221;][\/et_pb_image][et_pb_text _builder_version=&#8221;4.0.9&#8243; text_text_color=&#8221;#000000&#8243; custom_margin=&#8221;-22px||||false|false&#8221;]<\/p>\n<h3 style=\"color: #0db4d5; text-align: left; font-size: 22px;\"><strong><a href=\"https:\/\/scuba-legends.com\/de\/padi-tec-trimix-diver\/\">PADI Tec Trimix Diver<\/a><\/strong><\/h3>\n<p>M\u00f6chtest Du alle Hindernisse \u00fcberwinden? Tauche bis zu 90 Meter tief. Das extreme technische Tauchen, das nur mit Trimix m\u00f6glich ist.<\/p>\n<p>[\/et_pb_text][\/et_pb_column][et_pb_column type=&#8221;2_3&#8243; _builder_version=&#8221;4.0.9&#8243;][et_pb_image src=&#8221;https:\/\/scuba-legends.com\/wp-content\/uploads\/2020\/08\/8-eLearning-700&#215;188-1.jpg&#8221; align=&#8221;center&#8221; _builder_version=&#8221;4.0.9&#8243; transform_scale=&#8221;111%|100%&#8221; transform_scale_linked=&#8221;off&#8221; width=&#8221;100%&#8221; animation_style=&#8221;zoom&#8221; border_radii=&#8221;on|5px|5px|5px|5px&#8221;][\/et_pb_image][et_pb_text _builder_version=&#8221;4.0.9&#8243; text_text_color=&#8221;#000000&#8243; custom_margin=&#8221;-22px||||false|false&#8221;]<\/p>\n<h3 style=\"color: #0db4d5; text-align: left; font-size: 22px;\"><strong>PADI eLearning. Mache Dich mit der Theorie vertraut, bevor Du auf Lanzarote ankommst.<\/strong><\/h3>\n<p>Jetzt kannst du den theoretischen Teil Deines Tauchkurses auch bequem zu Hause absolvieren. So kannst du dich bei Ankunft auf Lanzarote voll auf\u2019s Tauchen und Erholung konzentrieren und deine Urlaubszeit bestm\u00f6glich auskosten. Es entstehen keine zus\u00e4tzlichen Kosten.<\/p>\n<p>[\/et_pb_text][et_pb_button button_url=&#8221;https:\/\/scuba-legends.com\/de\/kontakt\/&#8221; button_text=&#8221;Mehr Infos &#8221; button_alignment=&#8221;center&#8221; _builder_version=&#8221;4.0.9&#8243; custom_button=&#8221;on&#8221; button_text_size=&#8221;16px&#8221; button_text_color=&#8221;#0db4d5&#8243; button_border_color=&#8221;#0db4d5&#8243;][\/et_pb_button][\/et_pb_column][\/et_pb_row][\/et_pb_section][et_pb_section fb_built=&#8221;1&#8243; _builder_version=&#8221;4.0.9&#8243;][et_pb_row column_structure=&#8221;1_3,2_3&#8243; _builder_version=&#8221;4.0.9&#8243; custom_margin=&#8221;-30px||||false|false&#8221; border_radii=&#8221;on|3px|3px|3px|3px&#8221; border_width_all=&#8221;2px&#8221; border_color_all=&#8221;#0db4d5&#8243;][et_pb_column type=&#8221;1_3&#8243; _builder_version=&#8221;4.0.9&#8243;][et_pb_image src=&#8221;https:\/\/scuba-legends.com\/wp-content\/uploads\/2020\/08\/Logo-Halcyon-Jpg-223&#215;94-1.jpg&#8221; align=&#8221;center&#8221; _builder_version=&#8221;4.0.9&#8243;][\/et_pb_image][\/et_pb_column][et_pb_column type=&#8221;2_3&#8243; _builder_version=&#8221;4.0.9&#8243;][et_pb_text _builder_version=&#8221;4.0.9&#8243;]<\/p>\n<h3 style=\"text-align: center;\">Offizieller Halcyon Dealer<\/h3>\n<p style=\"text-align: center;\">Halcyon, eine Marke bekannt f\u00fcr seine hochwertige Qualit\u00e4t uns Langlebigkeit. Anerkennung und Prestige, sowohl im technischen als auch im Freizeittauchen. Wir sind der einzige autorisierte Halcyon Dealer auf den gesamten Kanarischen Inseln.<\/p>\n<p>[\/et_pb_text][\/et_pb_column][\/et_pb_row][\/et_pb_section][et_pb_section fb_built=&#8221;1&#8243; fullwidth=&#8221;on&#8221; _builder_version=&#8221;3.22&#8243;][et_pb_fullwidth_header text_orientation=&#8221;center&#8221; button_one_text=&#8221;Mehr Infos &#8221; button_one_url=&#8221;https:\/\/scuba-legends.com\/de\/kontakt\/&#8221; button_two_text=&#8221;Reservierung&#8221; button_two_url=&#8221;https:\/\/scuba-legends.com\/de\/buchung\/&#8221; _builder_version=&#8221;4.0.9&#8243; title_level=&#8221;h3&#8243; background_image=&#8221;https:\/\/scuba-legends.com\/wp-content\/uploads\/2020\/08\/Hazlo-epico-1.jpg&#8221; custom_button_one=&#8221;on&#8221; button_one_text_size=&#8221;16px&#8221; button_one_custom_margin=&#8221;||||false|false&#8221; custom_button_two=&#8221;on&#8221; button_two_text_size=&#8221;16px&#8221; text_shadow_style=&#8221;preset3&#8243;]<\/p>\n<h2 style=\"text-align: center;\"><strong>Private Tauchlehrer und Tauchguides \u2013 Mach\u2019s episch!<\/strong><\/h2>\n<p style=\"text-align: center;\">Pers\u00f6nlicher VIP-Service f\u00fcr Dich allein (oder mit Deiner Familie und Freunden) gew\u00fcnscht? Wir bieten Dir unseren exklusiven privaten Tauchservice in Puerto del Carmen, Lanzarote, an. <br \/>Wir passen Dein Taucherlebnis an Deine Bed\u00fcrfnisse und Zeiten an.<\/p>\n<p>[\/et_pb_fullwidth_header][\/et_pb_section]<\/p>\n","protected":false},"excerpt":{"rendered":"<p>MAKE IT LEGENDARYScuba Legends: wo Legenden entstehen. Alle Niveaus, vom Anf\u00e4nger bis zum Profi.Gehe \u00fcber die Grenzen des Sporttauchens hinaus. \u00dcberwinde deine Barrieren und gehe dorthin, wo nur sehr wenige es hinschaffen, nur die Legenden. Technisches Tauchen ist das h\u00f6chste Level beim Tauchen, daher ist es nicht jedermanns Sache. Du musst bereit sein, ein neues [&hellip;]<\/p>\n","protected":false},"author":2,"featured_media":0,"parent":0,"menu_order":130,"comment_status":"closed","ping_status":"closed","template":"","meta":{"_acf_changed":false,"_et_pb_use_builder":"on","_et_pb_old_content":"","_et_gb_content_width":"","footnotes":""},"class_list":["post-6008","page","type-page","status-publish","hentry"],"acf":[],"yoast_head":"<!-- This site is optimized with the Yoast SEO plugin v27.3 - https:\/\/yoast.com\/product\/yoast-seo-wordpress\/ -->\n<title>Technische Tauchkurse - Scuba Legends<\/title>\n<meta name=\"robots\" content=\"index, follow, max-snippet:-1, max-image-preview:large, max-video-preview:-1\" \/>\n<link rel=\"canonical\" href=\"https:\/\/scuba-legends.com\/de\/technische-tauchkurse\/\" \/>\n<meta property=\"og:locale\" content=\"de_DE\" \/>\n<meta property=\"og:type\" content=\"article\" \/>\n<meta property=\"og:title\" content=\"Technische Tauchkurse - Scuba Legends\" \/>\n<meta property=\"og:description\" content=\"MAKE IT LEGENDARYScuba Legends: wo Legenden entstehen. Alle Niveaus, vom Anf\u00e4nger bis zum Profi.Gehe \u00fcber die Grenzen des Sporttauchens hinaus. \u00dcberwinde deine Barrieren und gehe dorthin, wo nur sehr wenige es hinschaffen, nur die Legenden. Technisches Tauchen ist das h\u00f6chste Level beim Tauchen, daher ist es nicht jedermanns Sache. Du musst bereit sein, ein neues [&hellip;]\" \/>\n<meta property=\"og:url\" content=\"https:\/\/scuba-legends.com\/de\/technische-tauchkurse\/\" \/>\n<meta property=\"og:site_name\" content=\"Scuba Legends\" \/>\n<meta property=\"article:publisher\" content=\"https:\/\/www.facebook.com\/ScubaLegends\/\" \/>\n<meta property=\"article:modified_time\" content=\"2020-10-30T11:11:13+00:00\" \/>\n<meta property=\"og:image\" content=\"https:\/\/scuba-legends.com\/wp-content\/uploads\/2020\/01\/scuba_legend_logo_new1.png\" \/>\n\t<meta property=\"og:image:width\" content=\"150\" \/>\n\t<meta property=\"og:image:height\" content=\"150\" \/>\n\t<meta property=\"og:image:type\" content=\"image\/png\" \/>\n<meta name=\"twitter:card\" content=\"summary_large_image\" \/>\n<meta name=\"twitter:site\" content=\"@scubalegends\" \/>\n<meta name=\"twitter:label1\" content=\"Gesch\u00e4tzte Lesezeit\" \/>\n\t<meta name=\"twitter:data1\" content=\"8\u00a0Minuten\" \/>\n<script type=\"application\/ld+json\" class=\"yoast-schema-graph\">{\"@context\":\"https:\\\/\\\/schema.org\",\"@graph\":[{\"@type\":\"WebPage\",\"@id\":\"https:\\\/\\\/scuba-legends.com\\\/de\\\/technische-tauchkurse\\\/\",\"url\":\"https:\\\/\\\/scuba-legends.com\\\/de\\\/technische-tauchkurse\\\/\",\"name\":\"Technische Tauchkurse - Scuba Legends\",\"isPartOf\":{\"@id\":\"https:\\\/\\\/scuba-legends.com\\\/de\\\/#website\"},\"datePublished\":\"2020-09-27T18:44:17+00:00\",\"dateModified\":\"2020-10-30T11:11:13+00:00\",\"breadcrumb\":{\"@id\":\"https:\\\/\\\/scuba-legends.com\\\/de\\\/technische-tauchkurse\\\/#breadcrumb\"},\"inLanguage\":\"de\",\"potentialAction\":[{\"@type\":\"ReadAction\",\"target\":[\"https:\\\/\\\/scuba-legends.com\\\/de\\\/technische-tauchkurse\\\/\"]}]},{\"@type\":\"BreadcrumbList\",\"@id\":\"https:\\\/\\\/scuba-legends.com\\\/de\\\/technische-tauchkurse\\\/#breadcrumb\",\"itemListElement\":[{\"@type\":\"ListItem\",\"position\":1,\"name\":\"Scuba Legends\",\"item\":\"https:\\\/\\\/scuba-legends.com\\\/de\\\/\"},{\"@type\":\"ListItem\",\"position\":2,\"name\":\"Technische Tauchkurse\"}]},{\"@type\":\"WebSite\",\"@id\":\"https:\\\/\\\/scuba-legends.com\\\/de\\\/#website\",\"url\":\"https:\\\/\\\/scuba-legends.com\\\/de\\\/\",\"name\":\"Scuba Legends\",\"description\":\"Dive Center Lanzarote\",\"publisher\":{\"@id\":\"https:\\\/\\\/scuba-legends.com\\\/de\\\/#organization\"},\"potentialAction\":[{\"@type\":\"SearchAction\",\"target\":{\"@type\":\"EntryPoint\",\"urlTemplate\":\"https:\\\/\\\/scuba-legends.com\\\/de\\\/?s={search_term_string}\"},\"query-input\":{\"@type\":\"PropertyValueSpecification\",\"valueRequired\":true,\"valueName\":\"search_term_string\"}}],\"inLanguage\":\"de\"},{\"@type\":\"Organization\",\"@id\":\"https:\\\/\\\/scuba-legends.com\\\/de\\\/#organization\",\"name\":\"Scuba Legends Dive Center Lanzarote\",\"url\":\"https:\\\/\\\/scuba-legends.com\\\/de\\\/\",\"logo\":{\"@type\":\"ImageObject\",\"inLanguage\":\"de\",\"@id\":\"https:\\\/\\\/scuba-legends.com\\\/de\\\/#\\\/schema\\\/logo\\\/image\\\/\",\"url\":\"https:\\\/\\\/scuba-legends.com\\\/wp-content\\\/uploads\\\/2020\\\/01\\\/scuba_legends_favicon.png\",\"contentUrl\":\"https:\\\/\\\/scuba-legends.com\\\/wp-content\\\/uploads\\\/2020\\\/01\\\/scuba_legends_favicon.png\",\"width\":512,\"height\":512,\"caption\":\"Scuba Legends Dive Center Lanzarote\"},\"image\":{\"@id\":\"https:\\\/\\\/scuba-legends.com\\\/de\\\/#\\\/schema\\\/logo\\\/image\\\/\"},\"sameAs\":[\"https:\\\/\\\/www.facebook.com\\\/ScubaLegends\\\/\",\"https:\\\/\\\/x.com\\\/scubalegends\",\"https:\\\/\\\/www.instagram.com\\\/scuba_legends\\\/\",\"https:\\\/\\\/www.youtube.com\\\/channel\\\/UCUjHU7Mmii5SfLoodxNZmqQ\"]}]}<\/script>\n<!-- \/ Yoast SEO plugin. -->","yoast_head_json":{"title":"Technische Tauchkurse - Scuba Legends","robots":{"index":"index","follow":"follow","max-snippet":"max-snippet:-1","max-image-preview":"max-image-preview:large","max-video-preview":"max-video-preview:-1"},"canonical":"https:\/\/scuba-legends.com\/de\/technische-tauchkurse\/","og_locale":"de_DE","og_type":"article","og_title":"Technische Tauchkurse - Scuba Legends","og_description":"MAKE IT LEGENDARYScuba Legends: wo Legenden entstehen. Alle Niveaus, vom Anf\u00e4nger bis zum Profi.Gehe \u00fcber die Grenzen des Sporttauchens hinaus. \u00dcberwinde deine Barrieren und gehe dorthin, wo nur sehr wenige es hinschaffen, nur die Legenden. Technisches Tauchen ist das h\u00f6chste Level beim Tauchen, daher ist es nicht jedermanns Sache. Du musst bereit sein, ein neues [&hellip;]","og_url":"https:\/\/scuba-legends.com\/de\/technische-tauchkurse\/","og_site_name":"Scuba Legends","article_publisher":"https:\/\/www.facebook.com\/ScubaLegends\/","article_modified_time":"2020-10-30T11:11:13+00:00","og_image":[{"width":150,"height":150,"url":"https:\/\/scuba-legends.com\/wp-content\/uploads\/2020\/01\/scuba_legend_logo_new1.png","type":"image\/png"}],"twitter_card":"summary_large_image","twitter_site":"@scubalegends","twitter_misc":{"Gesch\u00e4tzte Lesezeit":"8\u00a0Minuten"},"schema":{"@context":"https:\/\/schema.org","@graph":[{"@type":"WebPage","@id":"https:\/\/scuba-legends.com\/de\/technische-tauchkurse\/","url":"https:\/\/scuba-legends.com\/de\/technische-tauchkurse\/","name":"Technische Tauchkurse - Scuba Legends","isPartOf":{"@id":"https:\/\/scuba-legends.com\/de\/#website"},"datePublished":"2020-09-27T18:44:17+00:00","dateModified":"2020-10-30T11:11:13+00:00","breadcrumb":{"@id":"https:\/\/scuba-legends.com\/de\/technische-tauchkurse\/#breadcrumb"},"inLanguage":"de","potentialAction":[{"@type":"ReadAction","target":["https:\/\/scuba-legends.com\/de\/technische-tauchkurse\/"]}]},{"@type":"BreadcrumbList","@id":"https:\/\/scuba-legends.com\/de\/technische-tauchkurse\/#breadcrumb","itemListElement":[{"@type":"ListItem","position":1,"name":"Scuba Legends","item":"https:\/\/scuba-legends.com\/de\/"},{"@type":"ListItem","position":2,"name":"Technische Tauchkurse"}]},{"@type":"WebSite","@id":"https:\/\/scuba-legends.com\/de\/#website","url":"https:\/\/scuba-legends.com\/de\/","name":"Scuba Legends","description":"Dive Center Lanzarote","publisher":{"@id":"https:\/\/scuba-legends.com\/de\/#organization"},"potentialAction":[{"@type":"SearchAction","target":{"@type":"EntryPoint","urlTemplate":"https:\/\/scuba-legends.com\/de\/?s={search_term_string}"},"query-input":{"@type":"PropertyValueSpecification","valueRequired":true,"valueName":"search_term_string"}}],"inLanguage":"de"},{"@type":"Organization","@id":"https:\/\/scuba-legends.com\/de\/#organization","name":"Scuba Legends Dive Center Lanzarote","url":"https:\/\/scuba-legends.com\/de\/","logo":{"@type":"ImageObject","inLanguage":"de","@id":"https:\/\/scuba-legends.com\/de\/#\/schema\/logo\/image\/","url":"https:\/\/scuba-legends.com\/wp-content\/uploads\/2020\/01\/scuba_legends_favicon.png","contentUrl":"https:\/\/scuba-legends.com\/wp-content\/uploads\/2020\/01\/scuba_legends_favicon.png","width":512,"height":512,"caption":"Scuba Legends Dive Center Lanzarote"},"image":{"@id":"https:\/\/scuba-legends.com\/de\/#\/schema\/logo\/image\/"},"sameAs":["https:\/\/www.facebook.com\/ScubaLegends\/","https:\/\/x.com\/scubalegends","https:\/\/www.instagram.com\/scuba_legends\/","https:\/\/www.youtube.com\/channel\/UCUjHU7Mmii5SfLoodxNZmqQ"]}]}},"_links":{"self":[{"href":"https:\/\/scuba-legends.com\/de\/wp-json\/wp\/v2\/pages\/6008","targetHints":{"allow":["GET"]}}],"collection":[{"href":"https:\/\/scuba-legends.com\/de\/wp-json\/wp\/v2\/pages"}],"about":[{"href":"https:\/\/scuba-legends.com\/de\/wp-json\/wp\/v2\/types\/page"}],"author":[{"embeddable":true,"href":"https:\/\/scuba-legends.com\/de\/wp-json\/wp\/v2\/users\/2"}],"replies":[{"embeddable":true,"href":"https:\/\/scuba-legends.com\/de\/wp-json\/wp\/v2\/comments?post=6008"}],"version-history":[{"count":0,"href":"https:\/\/scuba-legends.com\/de\/wp-json\/wp\/v2\/pages\/6008\/revisions"}],"wp:attachment":[{"href":"https:\/\/scuba-legends.com\/de\/wp-json\/wp\/v2\/media?parent=6008"}],"curies":[{"name":"wp","href":"https:\/\/api.w.org\/{rel}","templated":true}]}}