{"id":9565,"date":"2020-11-04T20:40:38","date_gmt":"2020-11-04T20:40:38","guid":{"rendered":"https:\/\/scuba-legends.com\/imprint\/"},"modified":"2024-12-31T12:19:17","modified_gmt":"2024-12-31T12:19:17","slug":"imprint","status":"publish","type":"page","link":"https:\/\/scuba-legends.com\/ca\/imprint\/","title":{"rendered":"Imprint"},"content":{"rendered":"<p>[et_pb_section fb_built=&#8221;1&#8243; fullwidth=&#8221;on&#8221; module_id=&#8221;spheader-section&#8221; _builder_version=&#8221;4.16&#8243; global_colors_info=&#8221;{}&#8221;][et_pb_fullwidth_header title=&#8221;Imprint&#8221; content_max_width=&#8221;95%&#8221; _builder_version=&#8221;4.16&#8243; title_font=&#8221;|||on|||||&#8221; title_font_size=&#8221;54px&#8221; subhead_font=&#8221;|||on|||||&#8221; background_image=&#8221;https:\/\/scuba-legends.com\/wp-content\/uploads\/2020\/09\/Imprint_Header-1280&#215;900-1.jpg&#8221; width=&#8221;95%&#8221; module_alignment=&#8221;center&#8221; custom_padding=&#8221;80px||80px||true|&#8221; title_font_size_tablet=&#8221;44px&#8221; background_last_edited=&#8221;off|desktop&#8221; background_image_phone=&#8221;https:\/\/scuba-legends.com\/wp-content\/uploads\/2020\/01\/faq_mobile_header_bg.png&#8221; background_enable_image_phone=&#8221;on&#8221; custom_css_title=&#8221;order: 2;&#8221; custom_css_subtitle=&#8221;order: 1;&#8221; global_colors_info=&#8221;{}&#8221;]<\/p>\n<p>SCUBA LEGENDS<\/p>\n<p>[\/et_pb_fullwidth_header][\/et_pb_section][et_pb_section fb_built=&#8221;1&#8243; _builder_version=&#8221;4.16&#8243; global_colors_info=&#8221;{}&#8221;][et_pb_row _builder_version=&#8221;4.16&#8243; global_colors_info=&#8221;{}&#8221;][et_pb_column type=&#8221;4_4&#8243; _builder_version=&#8221;4.16&#8243; global_colors_info=&#8221;{}&#8221;][et_pb_text _builder_version=&#8221;4.27.4&#8243; hover_enabled=&#8221;0&#8243; global_colors_info=&#8221;{}&#8221; sticky_enabled=&#8221;0&#8243;]<\/p>\n<h2>Publicat por<\/h2>\n<p><strong>Scuba Legends, S.L.U.<\/strong><br \/>C.C. Puerto Cinco, Calle Anzuelo 54 2\u00ba planta, Local 50<br \/>35510 Puerto del Carmen, Lanzarote, Las Palmas, Espa\u00f1a<br \/>CIF B76316413<a href=\"https:\/\/g.page\/ScubaLegendsDiveCenterLanzarote?share\"><br \/><\/a><\/p>\n<p><strong>Administradora<\/strong><br \/>Chantal Lange<\/p>\n<p>Telefon: <a href=\"tel:+34%20662%20090%20159\">+34 662 090 159<\/a><br \/>Email:\u00a0info@scuba-legends.com<\/p>\n<p>[\/et_pb_text][et_pb_text _builder_version=&#8221;4.27.4&#8243; hover_enabled=&#8221;0&#8243; global_colors_info=&#8221;{}&#8221; sticky_enabled=&#8221;0&#8243;]<\/p>\n<h3>Av\u00eds Legal<\/h3>\n<p><strong>Responsabilitat pel Contingut<\/strong><br \/>Tots els continguts de la nostra p\u00e0gina web han estat creats amb la m\u00e0xima cura i segons el nostre millor coneixement. No obstant aix\u00f2, no podem garantir l&#8217;exactitud, integritat o actualitat dels continguts. Com a prove\u00efdors de serveis, som responsables dels nostres propis continguts en aquestes p\u00e0gines segons el \u00a7 7 (1) TMG d&#8217;acord amb les lleis generals. Tanmateix, segons els \u00a7\u00a7 8 a 10 TMG, no estem obligats com a prove\u00efdors de serveis a supervisar informaci\u00f3 externa transmesa o emmagatzemada ni a investigar circumst\u00e0ncies que indiquin activitats il\u00b7legals. Les obligacions d&#8217;eliminar o bloquejar l&#8217;\u00fas d&#8217;informaci\u00f3 segons les lleis generals no es veuen afectades.<\/p>\n<p>La responsabilitat en aquest sentit nom\u00e9s \u00e9s possible a partir del moment en qu\u00e8 tinguem coneixement d&#8217;una infracci\u00f3 concreta. En tenir coneixement d&#8217;aquestes infraccions legals, eliminarem el contingut de manera immediata.<\/p>\n<p><strong>Limitaci\u00f3 de Responsabilitat per Enlla\u00e7os Externs<\/strong><br \/>La nostra p\u00e0gina web cont\u00e9 enlla\u00e7os a p\u00e0gines web externes de tercers. No tenim influ\u00e8ncia sobre el contingut d&#8217;aquestes p\u00e0gines enlla\u00e7ades de manera directa o indirecta. Per tant, no podem garantir l&#8217;exactitud del contingut dels \u201cenlla\u00e7os externs.\u201d Els prove\u00efdors o operadors respectius (autors) de les p\u00e0gines enlla\u00e7ades s\u00f3n responsables del seu contingut.<\/p>\n<p>Els enlla\u00e7os externs es van revisar a la recerca de possibles infraccions legals en el moment de la seva inclusi\u00f3, i no es van identificar continguts il\u00b7legals en aquell moment. Una supervisi\u00f3 constant dels enlla\u00e7os externs no \u00e9s raonable sense indicis concrets d&#8217;infraccions legals. En cas d&#8217;enlla\u00e7os directes o indirectes a p\u00e0gines web de tercers fora del nostre \u00e0mbit de responsabilitat, la responsabilitat nom\u00e9s s&#8217;aplicaria si tingu\u00e9ssim coneixement del contingut i fos t\u00e8cnicament possible i raonable evitar el seu \u00fas en cas de continguts il\u00b7legals.<\/p>\n<p>Aquesta declaraci\u00f3 d&#8217;exempci\u00f3 de responsabilitat tamb\u00e9 s&#8217;aplica als enlla\u00e7os i refer\u00e8ncies establerts dins de la nostra pr\u00f2pia p\u00e0gina web \u201cNom del vostre Domini\u201d per persones que facin preguntes, entrades de blog o convidats en f\u00f2rums de discussi\u00f3. Per continguts il\u00b7legals, incorrectes o incomplets i, especialment, per danys resultants de l&#8217;\u00fas o no \u00fas d&#8217;aquesta informaci\u00f3, nom\u00e9s \u00e9s responsable el prove\u00efdor de la p\u00e0gina enlla\u00e7ada, no qui simplement fa refer\u00e8ncia a la publicaci\u00f3 mitjan\u00e7ant enlla\u00e7os.<\/p>\n<p>Si tenim coneixement d&#8217;infraccions legals, eliminarem aquests enlla\u00e7os externs de manera immediata.<\/p>\n<p><strong>Drets d&#8217;Autor<\/strong><br \/>Els continguts i obres publicats a la nostra p\u00e0gina web estan subjectes a la llei de drets d&#8217;autor. La reproducci\u00f3, processament, distribuci\u00f3 i qualsevol forma d&#8217;\u00fas de la propietat intel\u00b7lectual m\u00e9s enll\u00e0 dels l\u00edmits de la llei de drets d&#8217;autor requereixen el consentiment previ per escrit de l&#8217;autor respectiu segons la llei de drets d&#8217;autor. Les desc\u00e0rregues i c\u00f2pies d&#8217;aquesta p\u00e0gina nom\u00e9s estan permeses per a \u00fas privat i no comercial. Si els continguts de la nostra p\u00e0gina web no van ser creats per nosaltres, es respecten els drets d&#8217;autor de tercers. Els continguts de tercers estan identificats com a tals. Si, malgrat aix\u00f2, detecteu una infracci\u00f3 de drets d&#8217;autor, us demanem que ens ho comuniqueu. En tenir coneixement d&#8217;infraccions legals, eliminarem aquests continguts de manera immediata.<\/p>\n<p>[\/et_pb_text][\/et_pb_column][\/et_pb_row][\/et_pb_section]<\/p>\n","protected":false},"excerpt":{"rendered":"<p>SCUBA LEGENDSPublicat por Scuba Legends, S.L.U.C.C. Puerto Cinco, Calle Anzuelo 54 2\u00ba planta, Local 5035510 Puerto del Carmen, Lanzarote, Las Palmas, Espa\u00f1aCIF B76316413 AdministradoraChantal Lange Telefon: +34 662 090 159Email:\u00a0info@scuba-legends.comAv\u00eds Legal Responsabilitat pel ContingutTots els continguts de la nostra p\u00e0gina web han estat creats amb la m\u00e0xima cura i segons el nostre millor coneixement. No [&hellip;]<\/p>\n","protected":false},"author":2,"featured_media":10756,"parent":0,"menu_order":134,"comment_status":"closed","ping_status":"closed","template":"","meta":{"_acf_changed":false,"_et_pb_use_builder":"on","_et_pb_old_content":"","_et_gb_content_width":"","footnotes":""},"class_list":["post-9565","page","type-page","status-publish","has-post-thumbnail","hentry"],"acf":[],"yoast_head":"<!-- This site is optimized with the Yoast SEO plugin v27.4 - https:\/\/yoast.com\/product\/yoast-seo-wordpress\/ -->\n<title>Imprint - Scuba Legends<\/title>\n<meta name=\"robots\" content=\"index, follow, max-snippet:-1, max-image-preview:large, max-video-preview:-1\" \/>\n<link rel=\"canonical\" href=\"https:\/\/scuba-legends.com\/ca\/imprint\/\" \/>\n<meta property=\"og:locale\" content=\"ca_ES\" \/>\n<meta property=\"og:type\" content=\"article\" \/>\n<meta property=\"og:title\" content=\"Imprint - Scuba Legends\" \/>\n<meta property=\"og:description\" content=\"SCUBA LEGENDSPublicat por Scuba Legends, S.L.U.C.C. Puerto Cinco, Calle Anzuelo 54 2\u00ba planta, Local 5035510 Puerto del Carmen, Lanzarote, Las Palmas, Espa\u00f1aCIF B76316413 AdministradoraChantal Lange Telefon: +34 662 090 159Email:\u00a0info@scuba-legends.comAv\u00eds Legal Responsabilitat pel ContingutTots els continguts de la nostra p\u00e0gina web han estat creats amb la m\u00e0xima cura i segons el nostre millor coneixement. No [&hellip;]\" \/>\n<meta property=\"og:url\" content=\"https:\/\/scuba-legends.com\/ca\/imprint\/\" \/>\n<meta property=\"og:site_name\" content=\"Scuba Legends\" \/>\n<meta property=\"article:publisher\" content=\"https:\/\/www.facebook.com\/ScubaLegends\/\" \/>\n<meta property=\"article:modified_time\" content=\"2024-12-31T12:19:17+00:00\" \/>\n<meta property=\"og:image\" content=\"https:\/\/scuba-legends.com\/wp-content\/uploads\/2020\/09\/Imprint_Header-1280x900-1.jpg\" \/>\n\t<meta property=\"og:image:width\" content=\"1280\" \/>\n\t<meta property=\"og:image:height\" content=\"900\" \/>\n\t<meta property=\"og:image:type\" content=\"image\/jpeg\" \/>\n<meta name=\"twitter:card\" content=\"summary_large_image\" \/>\n<meta name=\"twitter:site\" content=\"@scubalegends\" \/>\n<meta name=\"twitter:label1\" content=\"Temps estimat de lectura\" \/>\n\t<meta name=\"twitter:data1\" content=\"3 minuts\" \/>\n<script type=\"application\/ld+json\" class=\"yoast-schema-graph\">{\"@context\":\"https:\\\/\\\/schema.org\",\"@graph\":[{\"@type\":\"WebPage\",\"@id\":\"https:\\\/\\\/scuba-legends.com\\\/ca\\\/imprint\\\/\",\"url\":\"https:\\\/\\\/scuba-legends.com\\\/ca\\\/imprint\\\/\",\"name\":\"Imprint - Scuba Legends\",\"isPartOf\":{\"@id\":\"https:\\\/\\\/scuba-legends.com\\\/ca\\\/#website\"},\"primaryImageOfPage\":{\"@id\":\"https:\\\/\\\/scuba-legends.com\\\/ca\\\/imprint\\\/#primaryimage\"},\"image\":{\"@id\":\"https:\\\/\\\/scuba-legends.com\\\/ca\\\/imprint\\\/#primaryimage\"},\"thumbnailUrl\":\"https:\\\/\\\/scuba-legends.com\\\/wp-content\\\/uploads\\\/2020\\\/09\\\/Imprint_Header-1280x900-1.jpg\",\"datePublished\":\"2020-11-04T20:40:38+00:00\",\"dateModified\":\"2024-12-31T12:19:17+00:00\",\"breadcrumb\":{\"@id\":\"https:\\\/\\\/scuba-legends.com\\\/ca\\\/imprint\\\/#breadcrumb\"},\"inLanguage\":\"ca\",\"potentialAction\":[{\"@type\":\"ReadAction\",\"target\":[\"https:\\\/\\\/scuba-legends.com\\\/ca\\\/imprint\\\/\"]}]},{\"@type\":\"ImageObject\",\"inLanguage\":\"ca\",\"@id\":\"https:\\\/\\\/scuba-legends.com\\\/ca\\\/imprint\\\/#primaryimage\",\"url\":\"https:\\\/\\\/scuba-legends.com\\\/wp-content\\\/uploads\\\/2020\\\/09\\\/Imprint_Header-1280x900-1.jpg\",\"contentUrl\":\"https:\\\/\\\/scuba-legends.com\\\/wp-content\\\/uploads\\\/2020\\\/09\\\/Imprint_Header-1280x900-1.jpg\",\"width\":1280,\"height\":900},{\"@type\":\"BreadcrumbList\",\"@id\":\"https:\\\/\\\/scuba-legends.com\\\/ca\\\/imprint\\\/#breadcrumb\",\"itemListElement\":[{\"@type\":\"ListItem\",\"position\":1,\"name\":\"Scuba Legends\",\"item\":\"https:\\\/\\\/scuba-legends.com\\\/ca\\\/\"},{\"@type\":\"ListItem\",\"position\":2,\"name\":\"Imprint\"}]},{\"@type\":\"WebSite\",\"@id\":\"https:\\\/\\\/scuba-legends.com\\\/ca\\\/#website\",\"url\":\"https:\\\/\\\/scuba-legends.com\\\/ca\\\/\",\"name\":\"Scuba Legends\",\"description\":\"Dive Center Lanzarote\",\"publisher\":{\"@id\":\"https:\\\/\\\/scuba-legends.com\\\/ca\\\/#organization\"},\"potentialAction\":[{\"@type\":\"SearchAction\",\"target\":{\"@type\":\"EntryPoint\",\"urlTemplate\":\"https:\\\/\\\/scuba-legends.com\\\/ca\\\/?s={search_term_string}\"},\"query-input\":{\"@type\":\"PropertyValueSpecification\",\"valueRequired\":true,\"valueName\":\"search_term_string\"}}],\"inLanguage\":\"ca\"},{\"@type\":\"Organization\",\"@id\":\"https:\\\/\\\/scuba-legends.com\\\/ca\\\/#organization\",\"name\":\"Scuba Legends Dive Center Lanzarote\",\"url\":\"https:\\\/\\\/scuba-legends.com\\\/ca\\\/\",\"logo\":{\"@type\":\"ImageObject\",\"inLanguage\":\"ca\",\"@id\":\"https:\\\/\\\/scuba-legends.com\\\/ca\\\/#\\\/schema\\\/logo\\\/image\\\/\",\"url\":\"https:\\\/\\\/scuba-legends.com\\\/wp-content\\\/uploads\\\/2020\\\/01\\\/scuba_legends_favicon.png\",\"contentUrl\":\"https:\\\/\\\/scuba-legends.com\\\/wp-content\\\/uploads\\\/2020\\\/01\\\/scuba_legends_favicon.png\",\"width\":512,\"height\":512,\"caption\":\"Scuba Legends Dive Center Lanzarote\"},\"image\":{\"@id\":\"https:\\\/\\\/scuba-legends.com\\\/ca\\\/#\\\/schema\\\/logo\\\/image\\\/\"},\"sameAs\":[\"https:\\\/\\\/www.facebook.com\\\/ScubaLegends\\\/\",\"https:\\\/\\\/x.com\\\/scubalegends\",\"https:\\\/\\\/www.instagram.com\\\/scuba_legends\\\/\",\"https:\\\/\\\/www.youtube.com\\\/channel\\\/UCUjHU7Mmii5SfLoodxNZmqQ\"]}]}<\/script>\n<!-- \/ Yoast SEO plugin. -->","yoast_head_json":{"title":"Imprint - Scuba Legends","robots":{"index":"index","follow":"follow","max-snippet":"max-snippet:-1","max-image-preview":"max-image-preview:large","max-video-preview":"max-video-preview:-1"},"canonical":"https:\/\/scuba-legends.com\/ca\/imprint\/","og_locale":"ca_ES","og_type":"article","og_title":"Imprint - Scuba Legends","og_description":"SCUBA LEGENDSPublicat por Scuba Legends, S.L.U.C.C. Puerto Cinco, Calle Anzuelo 54 2\u00ba planta, Local 5035510 Puerto del Carmen, Lanzarote, Las Palmas, Espa\u00f1aCIF B76316413 AdministradoraChantal Lange Telefon: +34 662 090 159Email:\u00a0info@scuba-legends.comAv\u00eds Legal Responsabilitat pel ContingutTots els continguts de la nostra p\u00e0gina web han estat creats amb la m\u00e0xima cura i segons el nostre millor coneixement. No [&hellip;]","og_url":"https:\/\/scuba-legends.com\/ca\/imprint\/","og_site_name":"Scuba Legends","article_publisher":"https:\/\/www.facebook.com\/ScubaLegends\/","article_modified_time":"2024-12-31T12:19:17+00:00","og_image":[{"width":1280,"height":900,"url":"https:\/\/scuba-legends.com\/wp-content\/uploads\/2020\/09\/Imprint_Header-1280x900-1.jpg","type":"image\/jpeg"}],"twitter_card":"summary_large_image","twitter_site":"@scubalegends","twitter_misc":{"Temps estimat de lectura":"3 minuts"},"schema":{"@context":"https:\/\/schema.org","@graph":[{"@type":"WebPage","@id":"https:\/\/scuba-legends.com\/ca\/imprint\/","url":"https:\/\/scuba-legends.com\/ca\/imprint\/","name":"Imprint - Scuba Legends","isPartOf":{"@id":"https:\/\/scuba-legends.com\/ca\/#website"},"primaryImageOfPage":{"@id":"https:\/\/scuba-legends.com\/ca\/imprint\/#primaryimage"},"image":{"@id":"https:\/\/scuba-legends.com\/ca\/imprint\/#primaryimage"},"thumbnailUrl":"https:\/\/scuba-legends.com\/wp-content\/uploads\/2020\/09\/Imprint_Header-1280x900-1.jpg","datePublished":"2020-11-04T20:40:38+00:00","dateModified":"2024-12-31T12:19:17+00:00","breadcrumb":{"@id":"https:\/\/scuba-legends.com\/ca\/imprint\/#breadcrumb"},"inLanguage":"ca","potentialAction":[{"@type":"ReadAction","target":["https:\/\/scuba-legends.com\/ca\/imprint\/"]}]},{"@type":"ImageObject","inLanguage":"ca","@id":"https:\/\/scuba-legends.com\/ca\/imprint\/#primaryimage","url":"https:\/\/scuba-legends.com\/wp-content\/uploads\/2020\/09\/Imprint_Header-1280x900-1.jpg","contentUrl":"https:\/\/scuba-legends.com\/wp-content\/uploads\/2020\/09\/Imprint_Header-1280x900-1.jpg","width":1280,"height":900},{"@type":"BreadcrumbList","@id":"https:\/\/scuba-legends.com\/ca\/imprint\/#breadcrumb","itemListElement":[{"@type":"ListItem","position":1,"name":"Scuba Legends","item":"https:\/\/scuba-legends.com\/ca\/"},{"@type":"ListItem","position":2,"name":"Imprint"}]},{"@type":"WebSite","@id":"https:\/\/scuba-legends.com\/ca\/#website","url":"https:\/\/scuba-legends.com\/ca\/","name":"Scuba Legends","description":"Dive Center Lanzarote","publisher":{"@id":"https:\/\/scuba-legends.com\/ca\/#organization"},"potentialAction":[{"@type":"SearchAction","target":{"@type":"EntryPoint","urlTemplate":"https:\/\/scuba-legends.com\/ca\/?s={search_term_string}"},"query-input":{"@type":"PropertyValueSpecification","valueRequired":true,"valueName":"search_term_string"}}],"inLanguage":"ca"},{"@type":"Organization","@id":"https:\/\/scuba-legends.com\/ca\/#organization","name":"Scuba Legends Dive Center Lanzarote","url":"https:\/\/scuba-legends.com\/ca\/","logo":{"@type":"ImageObject","inLanguage":"ca","@id":"https:\/\/scuba-legends.com\/ca\/#\/schema\/logo\/image\/","url":"https:\/\/scuba-legends.com\/wp-content\/uploads\/2020\/01\/scuba_legends_favicon.png","contentUrl":"https:\/\/scuba-legends.com\/wp-content\/uploads\/2020\/01\/scuba_legends_favicon.png","width":512,"height":512,"caption":"Scuba Legends Dive Center Lanzarote"},"image":{"@id":"https:\/\/scuba-legends.com\/ca\/#\/schema\/logo\/image\/"},"sameAs":["https:\/\/www.facebook.com\/ScubaLegends\/","https:\/\/x.com\/scubalegends","https:\/\/www.instagram.com\/scuba_legends\/","https:\/\/www.youtube.com\/channel\/UCUjHU7Mmii5SfLoodxNZmqQ"]}]}},"_links":{"self":[{"href":"https:\/\/scuba-legends.com\/ca\/wp-json\/wp\/v2\/pages\/9565","targetHints":{"allow":["GET"]}}],"collection":[{"href":"https:\/\/scuba-legends.com\/ca\/wp-json\/wp\/v2\/pages"}],"about":[{"href":"https:\/\/scuba-legends.com\/ca\/wp-json\/wp\/v2\/types\/page"}],"author":[{"embeddable":true,"href":"https:\/\/scuba-legends.com\/ca\/wp-json\/wp\/v2\/users\/2"}],"replies":[{"embeddable":true,"href":"https:\/\/scuba-legends.com\/ca\/wp-json\/wp\/v2\/comments?post=9565"}],"version-history":[{"count":5,"href":"https:\/\/scuba-legends.com\/ca\/wp-json\/wp\/v2\/pages\/9565\/revisions"}],"predecessor-version":[{"id":19026,"href":"https:\/\/scuba-legends.com\/ca\/wp-json\/wp\/v2\/pages\/9565\/revisions\/19026"}],"wp:featuredmedia":[{"embeddable":true,"href":"https:\/\/scuba-legends.com\/ca\/wp-json\/wp\/v2\/media\/10756"}],"wp:attachment":[{"href":"https:\/\/scuba-legends.com\/ca\/wp-json\/wp\/v2\/media?parent=9565"}],"curies":[{"name":"wp","href":"https:\/\/api.w.org\/{rel}","templated":true}]}}