{"id":9472,"date":"2020-11-04T19:43:46","date_gmt":"2020-11-04T19:43:46","guid":{"rendered":"https:\/\/scuba-legends.com\/cursos-busseig-tecnic\/"},"modified":"2020-11-14T11:54:17","modified_gmt":"2020-11-14T11:54:17","slug":"cursos-busseig-tecnic","status":"publish","type":"page","link":"https:\/\/scuba-legends.com\/ca\/cursos-busseig-tecnic\/","title":{"rendered":"Cursos busseig tecnic"},"content":{"rendered":"<p>[et_pb_section fb_built=&#8221;1&#8243; fullwidth=&#8221;on&#8221; module_id=&#8221;spheader-section&#8221; _builder_version=&#8221;4.0.9&#8243;][et_pb_fullwidth_header title=&#8221;Cursos de busseig t\u00e8cnic a Lanzarote&#8221; _builder_version=&#8221;4.0.9&#8243; title_font_size=&#8221;54px&#8221; subhead_font=&#8221;|||on|||||&#8221; background_image=&#8221;https:\/\/scuba-legends.com\/wp-content\/uploads\/2020\/08\/0.-Header-tecnico-1280&#215;900-final.jpg&#8221; width=&#8221;100%&#8221; module_alignment=&#8221;center&#8221; custom_padding=&#8221;80px||80px||true|&#8221; title_font_size_tablet=&#8221;44px&#8221; background_last_edited=&#8221;on|desktop&#8221; custom_css_main_element=&#8221;background-position: center -240px;&#8221; custom_css_title=&#8221;order: 2;&#8221; custom_css_subtitle=&#8221;order: 1;&#8221; custom_css_main_element_last_edited=&#8221;on|tablet&#8221; custom_css_main_element_tablet=&#8221;background-position: center -70px;&#8221; custom_css_main_element_phone=&#8221;background-position: center center;&#8221;]MAKE IT LEGENDARY[\/et_pb_fullwidth_header][\/et_pb_section][et_pb_section fb_built=&#8221;1&#8243; _builder_version=&#8221;4.0.9&#8243; custom_margin=&#8221;-50px||||false|false&#8221;][et_pb_row _builder_version=&#8221;4.0.9&#8243;][et_pb_column type=&#8221;4_4&#8243; _builder_version=&#8221;4.0.9&#8243;][et_pb_text _builder_version=&#8221;4.0.9&#8243; text_font_size=&#8221;18px&#8221; custom_margin=&#8221;-20px||||false|false&#8221;]<\/p>\n<h2 style=\"text-align: center; color: #0db4d5;\">Scuba Legends: on es forgen les llegendes. Tots els nivells, des de iniciaci\u00f3 a pro.<\/h2>\n<p>[\/et_pb_text][et_pb_text _builder_version=&#8221;4.0.9&#8243;]<\/p>\n<p>Ves m\u00e9s enll\u00e0 dels l\u00edmits de busseig recreatiu. Supera les teves barreres i arriba fins on nom\u00e9s arriben les llegendes.<\/p>\n<p>El busseig t\u00e8cnic es l\u2019escalaf\u00f3 m\u00e9s alt dins del submarinisme, per aix\u00f2 mateix no \u00e9s per a tothom. Has d\u2019estar disposat aprendre un nou concepte de busseig i a assumir els riscos i inversi\u00f3 que exigeix el Tec Diving.<\/p>\n<p>Els nostres instructors s\u00f3n uns aut\u00e8ntics frikis i apassionats del busseig t\u00e8cnic. T\u2019ensenyaran tots els seus coneixements i habilitats, per\u00f2 tamb\u00e9 t\u2019exigiran un nivell d\u2019implicaci\u00f3 alt. El nostre objectiu es que aprenguis molt\u00a0 i arribis a ser un bussejador 100% aut\u00f2nom. La tarja que aconsegueixis es lo de menys.<\/p>\n<p>Com a part del busseig t\u00e8cnic aprendr\u00e0s noves destreses que et faran millorar com a bussejador, far\u00e0s servir equip nou i diferents mescles de gasos. Aix\u00ed, podr\u00e0s fer bussejos m\u00e9s llargs i\/o profunds, arribant a llocs m\u00e0gics i inexplorats.<\/p>\n<p>[\/et_pb_text][et_pb_text _builder_version=&#8221;4.0.9&#8243; text_text_color=&#8221;#0db4d5&#8243; text_font_size=&#8221;18px&#8221; custom_margin=&#8221;||||false|false&#8221;]<\/p>\n<h2 style=\"text-align: center; color: #0db4d5;\">Puerto del Carmen, un dels millors llocs d\u2019Europa per al busseig t\u00e8cnic.<\/h2>\n<p>[\/et_pb_text][et_pb_text _builder_version=&#8221;4.0.9&#8243;]<\/p>\n<p>Puerto del Carmen, a la meitat est de Lanzarote, \u00e9s el lloc ideal per aprendre i gaudir del busseig t\u00e8cnic. Fons de roca volc\u00e0nica que s&#8217;enfonsen en la profunditat de l&#8217;oce\u00e0 m\u00e9s enll\u00e0 dels 60 metres. Coves, cavernes i t\u00fanels que ofereixen moltes possibilitats. I, per descomptat, l&#8217;espectacularitat del paisatge submar\u00ed i l&#8217;abund\u00e0ncia de vida de l&#8217;Atl\u00e0ntic.<\/p>\n<p>[\/et_pb_text][\/et_pb_column][\/et_pb_row][et_pb_row column_structure=&#8221;1_3,1_3,1_3&#8243; _builder_version=&#8221;4.0.9&#8243; custom_margin=&#8221;-20px||||false|false&#8221;][et_pb_column type=&#8221;1_3&#8243; _builder_version=&#8221;4.0.9&#8243; custom_padding=&#8221;|0px||0px|false|false&#8221;][et_pb_image src=&#8221;https:\/\/scuba-legends.com\/wp-content\/uploads\/2020\/08\/1.-Discover-Technical-Diving-350&#215;188-1.jpg&#8221; url=&#8221;https:\/\/scuba-legends.com\/ca\/discover-technical-diving\/&#8221; _builder_version=&#8221;4.0.9&#8243; width=&#8221;100%&#8221; animation_style=&#8221;zoom&#8221; border_radii=&#8221;on|5px|5px|5px|5px&#8221;][\/et_pb_image][et_pb_text _builder_version=&#8221;4.0.9&#8243; text_text_color=&#8221;#000000&#8243; custom_margin=&#8221;-22px||||false|false&#8221;]<\/p>\n<h3 style=\"color: #0db4d5; text-align: left; font-size: 22px;\"><strong><a href=\"https:\/\/scuba-legends.com\/ca\/discover-technical-diving\/\">PADI Discover Technical Diving<\/a><\/strong><\/h3>\n<p>Aquest programa es com un bateig de busseig t\u00e8cnic per a provar-ho abans de decidir-te a fer el primer curs PADI Tec 40. T\u2019atreveixes? <\/p>\n<p>[\/et_pb_text][\/et_pb_column][et_pb_column type=&#8221;1_3&#8243; _builder_version=&#8221;4.0.9&#8243;][et_pb_image src=&#8221;https:\/\/scuba-legends.com\/wp-content\/uploads\/2020\/08\/2.-TEC-40-350&#215;188-1.jpg&#8221; url=&#8221;https:\/\/scuba-legends.com\/ca\/padi-tec-40\/&#8221; _builder_version=&#8221;4.0.9&#8243; width=&#8221;100%&#8221; animation_style=&#8221;zoom&#8221; border_radii=&#8221;on|5px|5px|5px|5px&#8221;][\/et_pb_image][et_pb_text _builder_version=&#8221;4.0.9&#8243; text_text_color=&#8221;#000000&#8243; custom_margin=&#8221;-22px||||false|false&#8221; hover_enabled=&#8221;0&#8243;]<\/p>\n<h3 style=\"color: #0db4d5; text-align: left; font-size: 22px;\"><a href=\"https:\/\/scuba-legends.com\/ca\/padi-tec-40\/\"><strong>PADI Tec 40<\/strong><\/a><\/h3>\n<p>Iniciat en el busseig t\u00e8cnic amb els millors instructors. Aprendr\u00e0s els procediments i habilitats de busseig t\u00e8cnic i far\u00e0s les teves primeres descompressions accelerades. <\/p>\n<p>[\/et_pb_text][\/et_pb_column][et_pb_column type=&#8221;1_3&#8243; _builder_version=&#8221;4.0.9&#8243;][et_pb_image src=&#8221;https:\/\/scuba-legends.com\/wp-content\/uploads\/2020\/08\/3.-TEC-45-350&#215;188-1.jpg&#8221; url=&#8221;https:\/\/scuba-legends.com\/ca\/padi-tec-45\/&#8221; _builder_version=&#8221;4.0.9&#8243; width=&#8221;100%&#8221; animation_style=&#8221;zoom&#8221; border_radii=&#8221;on|5px|5px|5px|5px&#8221;][\/et_pb_image][et_pb_text _builder_version=&#8221;4.0.9&#8243; text_text_color=&#8221;#000000&#8243; custom_margin=&#8221;-22px||||false|false&#8221;]<\/p>\n<h3 style=\"color: #0db4d5; text-align: left; font-size: 22px;\"><strong><a href=\"https:\/\/scuba-legends.com\/ca\/padi-tec-45\/\">PADI Tec 45<\/a><\/strong><\/h3>\n<p>Es el segon escalaf\u00f3 en el teu cam\u00ed de busseig t\u00e8cnic, per a seguir millorant les teves habilitats i fer deco amb oxigen pur. Contin\u00faa el cam\u00ed de les llegendes.<\/p>\n<p>[\/et_pb_text][\/et_pb_column][\/et_pb_row][et_pb_row column_structure=&#8221;1_3,1_3,1_3&#8243; _builder_version=&#8221;4.0.9&#8243;][et_pb_column type=&#8221;1_3&#8243; _builder_version=&#8221;4.0.9&#8243;][et_pb_image src=&#8221;https:\/\/scuba-legends.com\/wp-content\/uploads\/2020\/08\/4.-TEC-50-350&#215;188-1.jpg&#8221; url=&#8221;https:\/\/scuba-legends.com\/ca\/padi-tec-50\/&#8221; _builder_version=&#8221;4.0.9&#8243; width=&#8221;100%&#8221; animation_style=&#8221;zoom&#8221; border_radii=&#8221;on|5px|5px|5px|5px&#8221;][\/et_pb_image][et_pb_text _builder_version=&#8221;4.0.9&#8243; text_text_color=&#8221;#000000&#8243; custom_margin=&#8221;-22px||||false|false&#8221; hover_enabled=&#8221;0&#8243;]<\/p>\n<h3 style=\"color: #0db4d5; text-align: left; font-size: 22px;\"><strong><a href=\"https:\/\/scuba-legends.com\/ca\/padi-tec-50\/\">PADI Tec 50<\/a><\/strong><\/h3>\n<p>O Tec Deep Diver es el curs m\u00e9s complet de busseig t\u00e8cnic, 12 intensos dies on et convertirem en un aut\u00e8ntic bussejador t\u00e8cnic capa\u00e7 de fer descompressions amb m\u00faltiples mescles de gas.   <\/p>\n<p>[\/et_pb_text][\/et_pb_column][et_pb_column type=&#8221;1_3&#8243; _builder_version=&#8221;4.0.9&#8243;][et_pb_image src=&#8221;https:\/\/scuba-legends.com\/wp-content\/uploads\/2020\/08\/5.-TEC-Sidemount-350&#215;188-1.jpg&#8221; url=&#8221;https:\/\/scuba-legends.com\/ca\/padi-tec-sidemount\/&#8221; _builder_version=&#8221;4.0.9&#8243; width=&#8221;100%&#8221; animation_style=&#8221;zoom&#8221; border_radii=&#8221;on|5px|5px|5px|5px&#8221;][\/et_pb_image][et_pb_text _builder_version=&#8221;4.0.9&#8243; text_text_color=&#8221;#000000&#8243; custom_margin=&#8221;-22px||||false|false&#8221;]<\/p>\n<h3 style=\"color: #0db4d5; text-align: left; font-size: 22px;\"><a href=\"https:\/\/scuba-legends.com\/ca\/padi-tec-sidemount\/\"><strong>PADI Tec Sidemount<\/strong><\/a><\/h3>\n<p>Cavalca els oceans en muntatge lateral. Porta-ho al pr\u00f2xim nivell i afegeix fins a 6 botelles amb diferents mescles de gasos.<\/p>\n<p>[\/et_pb_text][\/et_pb_column][et_pb_column type=&#8221;1_3&#8243; _builder_version=&#8221;4.0.9&#8243;][et_pb_image src=&#8221;https:\/\/scuba-legends.com\/wp-content\/uploads\/2020\/08\/6.-TEC-Trimix-65-350&#215;188-1.jpg&#8221; url=&#8221;https:\/\/scuba-legends.com\/ca\/padi-tec-trimix-65\/&#8221; _builder_version=&#8221;4.0.9&#8243; width=&#8221;100%&#8221; animation_style=&#8221;zoom&#8221; border_radii=&#8221;on|5px|5px|5px|5px&#8221;][\/et_pb_image][et_pb_text _builder_version=&#8221;4.0.9&#8243; text_text_color=&#8221;#000000&#8243; custom_margin=&#8221;-22px||||false|false&#8221;]<\/p>\n<h3 style=\"color: #0db4d5; text-align: left; font-size: 22px;\"><strong><a href=\"https:\/\/scuba-legends.com\/ca\/padi-tec-trimix-65\/\">PADI Tec Trimix 65<\/a><\/strong><\/h3>\n<p>Supera els l\u00edmits del Nitrox i endinsa\u2019t en el m\u00f3n del Trimix, fins als 65 metres. Apr\u00e8n sobre les avantatges  del Heli i a configurar mescles de gasos diferents. <\/p>\n<p>[\/et_pb_text][\/et_pb_column][\/et_pb_row][et_pb_row column_structure=&#8221;1_3,2_3&#8243; _builder_version=&#8221;4.0.9&#8243;][et_pb_column type=&#8221;1_3&#8243; _builder_version=&#8221;4.0.9&#8243;][et_pb_image src=&#8221;https:\/\/scuba-legends.com\/wp-content\/uploads\/2020\/08\/7.-TEC-Trimix-Diver-350&#215;188-1.jpg&#8221; url=&#8221;https:\/\/scuba-legends.com\/ca\/padi-tec-trimix-diver\/&#8221; _builder_version=&#8221;4.0.9&#8243; width=&#8221;100%&#8221; animation_style=&#8221;zoom&#8221; border_radii=&#8221;on|5px|5px|5px|5px&#8221;][\/et_pb_image][et_pb_text _builder_version=&#8221;4.0.9&#8243; text_text_color=&#8221;#000000&#8243; custom_margin=&#8221;-22px||||false|false&#8221;]<\/p>\n<h3 style=\"color: #0db4d5; text-align: left; font-size: 22px;\"><strong><a href=\"https:\/\/scuba-legends.com\/ca\/padi-tec-trimix-diver\/\">PADI Tec Trimix Diver<\/a><\/strong><\/h3>\n<p>Vols superar totes les barreres? Busseja sense l\u00edmit. El busseig t\u00e8cnic m\u00e9s extrem que nom\u00e9s es possible fent servir Trimix. <\/p>\n<p>[\/et_pb_text][\/et_pb_column][et_pb_column type=&#8221;2_3&#8243; _builder_version=&#8221;4.0.9&#8243;][et_pb_image src=&#8221;https:\/\/scuba-legends.com\/wp-content\/uploads\/2020\/08\/8-eLearning-700&#215;188-1.jpg&#8221; align=&#8221;center&#8221; _builder_version=&#8221;4.0.9&#8243; transform_scale=&#8221;111%|100%&#8221; transform_scale_linked=&#8221;off&#8221; width=&#8221;100%&#8221; animation_style=&#8221;zoom&#8221; border_radii=&#8221;on|5px|5px|5px|5px&#8221;][\/et_pb_image][et_pb_text _builder_version=&#8221;4.0.9&#8243; text_text_color=&#8221;#000000&#8243; custom_margin=&#8221;-22px||||false|false&#8221;]<\/p>\n<h3 style=\"color: #0db4d5; text-align: left; font-size: 22px;\"><strong>PADI eLearning. Avan\u00e7a la teoria abans d\u2019arribar a Lanzarote<\/strong><\/h3>\n<p>Ara pots anar estudiant la part te\u00f2rica del teu curs de busseig a casa i fer la pr\u00e0ctica cuan arribis a l\u2019illa, per aix\u00ed aprofitar al m\u00e0xim les teves vacances. Sense cost extra.<\/p>\n<p>[\/et_pb_text][et_pb_button button_url=&#8221;https:\/\/scuba-legends.com\/ca\/contacte\/&#8221; button_text=&#8221;M\u00e9s informaci\u00f3&#8221; button_alignment=&#8221;center&#8221; _builder_version=&#8221;4.0.9&#8243; custom_button=&#8221;on&#8221; button_text_size=&#8221;16px&#8221; button_text_color=&#8221;#0db4d5&#8243; button_border_color=&#8221;#0db4d5&#8243;][\/et_pb_button][\/et_pb_column][\/et_pb_row][\/et_pb_section][et_pb_section fb_built=&#8221;1&#8243; _builder_version=&#8221;4.0.9&#8243;][et_pb_row column_structure=&#8221;1_3,2_3&#8243; _builder_version=&#8221;4.0.9&#8243; custom_margin=&#8221;-30px||||false|false&#8221; border_radii=&#8221;on|3px|3px|3px|3px&#8221; border_width_all=&#8221;2px&#8221; border_color_all=&#8221;#0db4d5&#8243;][et_pb_column type=&#8221;1_3&#8243; _builder_version=&#8221;4.0.9&#8243;][et_pb_image src=&#8221;https:\/\/scuba-legends.com\/wp-content\/uploads\/2020\/08\/Logo-Halcyon-Jpg-223&#215;94-1.jpg&#8221; align=&#8221;center&#8221; _builder_version=&#8221;4.0.9&#8243;][\/et_pb_image][\/et_pb_column][et_pb_column type=&#8221;2_3&#8243; _builder_version=&#8221;4.0.9&#8243;][et_pb_text _builder_version=&#8221;4.0.9&#8243;]<\/p>\n<h3 style=\"text-align: center;\">Prove\u00efdor oficial de Halcyon<\/h3>\n<p style=\"text-align: center;\">Marca de reconocido prestigio en buceo t\u00e9cnico y tambi\u00e9n recreativo. Somos el \u00fanico vendedor autorizado en todo Canarias.<\/p>\n<p>[\/et_pb_text][\/et_pb_column][\/et_pb_row][\/et_pb_section][et_pb_section fb_built=&#8221;1&#8243; fullwidth=&#8221;on&#8221; _builder_version=&#8221;3.22&#8243;][et_pb_fullwidth_header text_orientation=&#8221;center&#8221; button_one_text=&#8221;M\u00e9s informaci\u00f3&#8221; button_one_url=&#8221;https:\/\/scuba-legends.com\/ca\/contacte\/&#8221; button_two_text=&#8221;Reserva&#8221; button_two_url=&#8221;https:\/\/scuba-legends.com\/ca\/reservar\/&#8221; _builder_version=&#8221;4.0.9&#8243; title_level=&#8221;h3&#8243; background_image=&#8221;https:\/\/scuba-legends.com\/wp-content\/uploads\/2020\/08\/Hazlo-epico-1.jpg&#8221; custom_button_one=&#8221;on&#8221; button_one_text_size=&#8221;16px&#8221; button_one_custom_margin=&#8221;||||false|false&#8221; custom_button_two=&#8221;on&#8221; button_two_text_size=&#8221;16px&#8221; text_shadow_style=&#8221;preset3&#8243;]<\/p>\n<h2 style=\"text-align: center;\"><strong>Guies i instructor de busseig privat \u2013 Fes-lo \u00e8pic<\/strong><\/h2>\n<p style=\"text-align: center;\">Si vols una atenci\u00f3 VIP, encara m\u00e9s personalitzada i nom\u00e9s per a tu sol (o amb la teva fam\u00edlia i amics), t\u2019oferim el nostre servei exclusiu de submarinisme privat a Puerto del Carmen, Lanzarote.<br \/>Adaptem la immersi\u00f3 o curs a les teves necessitats i tempos.<\/p>\n<p>[\/et_pb_fullwidth_header][\/et_pb_section]<\/p>\n","protected":false},"excerpt":{"rendered":"<p>MAKE IT LEGENDARYScuba Legends: on es forgen les llegendes. Tots els nivells, des de iniciaci\u00f3 a pro.Ves m\u00e9s enll\u00e0 dels l\u00edmits de busseig recreatiu. Supera les teves barreres i arriba fins on nom\u00e9s arriben les llegendes. El busseig t\u00e8cnic es l\u2019escalaf\u00f3 m\u00e9s alt dins del submarinisme, per aix\u00f2 mateix no \u00e9s per a tothom. Has [&hellip;]<\/p>\n","protected":false},"author":2,"featured_media":0,"parent":0,"menu_order":0,"comment_status":"closed","ping_status":"closed","template":"","meta":{"_acf_changed":false,"_et_pb_use_builder":"on","_et_pb_old_content":"","_et_gb_content_width":"","footnotes":""},"class_list":["post-9472","page","type-page","status-publish","hentry"],"acf":[],"yoast_head":"<!-- This site is optimized with the Yoast SEO plugin v27.3 - https:\/\/yoast.com\/product\/yoast-seo-wordpress\/ -->\n<title>Cursos busseig tecnic - Scuba Legends<\/title>\n<meta name=\"robots\" content=\"index, follow, max-snippet:-1, max-image-preview:large, max-video-preview:-1\" \/>\n<link rel=\"canonical\" href=\"https:\/\/scuba-legends.com\/ca\/cursos-busseig-tecnic\/\" \/>\n<meta property=\"og:locale\" content=\"ca_ES\" \/>\n<meta property=\"og:type\" content=\"article\" \/>\n<meta property=\"og:title\" content=\"Cursos busseig tecnic - Scuba Legends\" \/>\n<meta property=\"og:description\" content=\"MAKE IT LEGENDARYScuba Legends: on es forgen les llegendes. Tots els nivells, des de iniciaci\u00f3 a pro.Ves m\u00e9s enll\u00e0 dels l\u00edmits de busseig recreatiu. Supera les teves barreres i arriba fins on nom\u00e9s arriben les llegendes. El busseig t\u00e8cnic es l\u2019escalaf\u00f3 m\u00e9s alt dins del submarinisme, per aix\u00f2 mateix no \u00e9s per a tothom. Has [&hellip;]\" \/>\n<meta property=\"og:url\" content=\"https:\/\/scuba-legends.com\/ca\/cursos-busseig-tecnic\/\" \/>\n<meta property=\"og:site_name\" content=\"Scuba Legends\" \/>\n<meta property=\"article:publisher\" content=\"https:\/\/www.facebook.com\/ScubaLegends\/\" \/>\n<meta property=\"article:modified_time\" content=\"2020-11-14T11:54:17+00:00\" \/>\n<meta property=\"og:image\" content=\"https:\/\/scuba-legends.com\/wp-content\/uploads\/2020\/01\/scuba_legend_logo_new1.png\" \/>\n\t<meta property=\"og:image:width\" content=\"150\" \/>\n\t<meta property=\"og:image:height\" content=\"150\" \/>\n\t<meta property=\"og:image:type\" content=\"image\/png\" \/>\n<meta name=\"twitter:card\" content=\"summary_large_image\" \/>\n<meta name=\"twitter:site\" content=\"@scubalegends\" \/>\n<meta name=\"twitter:label1\" content=\"Temps estimat de lectura\" \/>\n\t<meta name=\"twitter:data1\" content=\"8 minuts\" \/>\n<script type=\"application\/ld+json\" class=\"yoast-schema-graph\">{\"@context\":\"https:\\\/\\\/schema.org\",\"@graph\":[{\"@type\":\"WebPage\",\"@id\":\"https:\\\/\\\/scuba-legends.com\\\/ca\\\/cursos-busseig-tecnic\\\/\",\"url\":\"https:\\\/\\\/scuba-legends.com\\\/ca\\\/cursos-busseig-tecnic\\\/\",\"name\":\"Cursos busseig tecnic - Scuba Legends\",\"isPartOf\":{\"@id\":\"https:\\\/\\\/scuba-legends.com\\\/ca\\\/#website\"},\"datePublished\":\"2020-11-04T19:43:46+00:00\",\"dateModified\":\"2020-11-14T11:54:17+00:00\",\"breadcrumb\":{\"@id\":\"https:\\\/\\\/scuba-legends.com\\\/ca\\\/cursos-busseig-tecnic\\\/#breadcrumb\"},\"inLanguage\":\"ca\",\"potentialAction\":[{\"@type\":\"ReadAction\",\"target\":[\"https:\\\/\\\/scuba-legends.com\\\/ca\\\/cursos-busseig-tecnic\\\/\"]}]},{\"@type\":\"BreadcrumbList\",\"@id\":\"https:\\\/\\\/scuba-legends.com\\\/ca\\\/cursos-busseig-tecnic\\\/#breadcrumb\",\"itemListElement\":[{\"@type\":\"ListItem\",\"position\":1,\"name\":\"Scuba Legends\",\"item\":\"https:\\\/\\\/scuba-legends.com\\\/ca\\\/\"},{\"@type\":\"ListItem\",\"position\":2,\"name\":\"Cursos busseig tecnic\"}]},{\"@type\":\"WebSite\",\"@id\":\"https:\\\/\\\/scuba-legends.com\\\/ca\\\/#website\",\"url\":\"https:\\\/\\\/scuba-legends.com\\\/ca\\\/\",\"name\":\"Scuba Legends\",\"description\":\"Dive Center Lanzarote\",\"publisher\":{\"@id\":\"https:\\\/\\\/scuba-legends.com\\\/ca\\\/#organization\"},\"potentialAction\":[{\"@type\":\"SearchAction\",\"target\":{\"@type\":\"EntryPoint\",\"urlTemplate\":\"https:\\\/\\\/scuba-legends.com\\\/ca\\\/?s={search_term_string}\"},\"query-input\":{\"@type\":\"PropertyValueSpecification\",\"valueRequired\":true,\"valueName\":\"search_term_string\"}}],\"inLanguage\":\"ca\"},{\"@type\":\"Organization\",\"@id\":\"https:\\\/\\\/scuba-legends.com\\\/ca\\\/#organization\",\"name\":\"Scuba Legends Dive Center Lanzarote\",\"url\":\"https:\\\/\\\/scuba-legends.com\\\/ca\\\/\",\"logo\":{\"@type\":\"ImageObject\",\"inLanguage\":\"ca\",\"@id\":\"https:\\\/\\\/scuba-legends.com\\\/ca\\\/#\\\/schema\\\/logo\\\/image\\\/\",\"url\":\"https:\\\/\\\/scuba-legends.com\\\/wp-content\\\/uploads\\\/2020\\\/01\\\/scuba_legends_favicon.png\",\"contentUrl\":\"https:\\\/\\\/scuba-legends.com\\\/wp-content\\\/uploads\\\/2020\\\/01\\\/scuba_legends_favicon.png\",\"width\":512,\"height\":512,\"caption\":\"Scuba Legends Dive Center Lanzarote\"},\"image\":{\"@id\":\"https:\\\/\\\/scuba-legends.com\\\/ca\\\/#\\\/schema\\\/logo\\\/image\\\/\"},\"sameAs\":[\"https:\\\/\\\/www.facebook.com\\\/ScubaLegends\\\/\",\"https:\\\/\\\/x.com\\\/scubalegends\",\"https:\\\/\\\/www.instagram.com\\\/scuba_legends\\\/\",\"https:\\\/\\\/www.youtube.com\\\/channel\\\/UCUjHU7Mmii5SfLoodxNZmqQ\"]}]}<\/script>\n<!-- \/ Yoast SEO plugin. -->","yoast_head_json":{"title":"Cursos busseig tecnic - Scuba Legends","robots":{"index":"index","follow":"follow","max-snippet":"max-snippet:-1","max-image-preview":"max-image-preview:large","max-video-preview":"max-video-preview:-1"},"canonical":"https:\/\/scuba-legends.com\/ca\/cursos-busseig-tecnic\/","og_locale":"ca_ES","og_type":"article","og_title":"Cursos busseig tecnic - Scuba Legends","og_description":"MAKE IT LEGENDARYScuba Legends: on es forgen les llegendes. Tots els nivells, des de iniciaci\u00f3 a pro.Ves m\u00e9s enll\u00e0 dels l\u00edmits de busseig recreatiu. Supera les teves barreres i arriba fins on nom\u00e9s arriben les llegendes. El busseig t\u00e8cnic es l\u2019escalaf\u00f3 m\u00e9s alt dins del submarinisme, per aix\u00f2 mateix no \u00e9s per a tothom. Has [&hellip;]","og_url":"https:\/\/scuba-legends.com\/ca\/cursos-busseig-tecnic\/","og_site_name":"Scuba Legends","article_publisher":"https:\/\/www.facebook.com\/ScubaLegends\/","article_modified_time":"2020-11-14T11:54:17+00:00","og_image":[{"width":150,"height":150,"url":"https:\/\/scuba-legends.com\/wp-content\/uploads\/2020\/01\/scuba_legend_logo_new1.png","type":"image\/png"}],"twitter_card":"summary_large_image","twitter_site":"@scubalegends","twitter_misc":{"Temps estimat de lectura":"8 minuts"},"schema":{"@context":"https:\/\/schema.org","@graph":[{"@type":"WebPage","@id":"https:\/\/scuba-legends.com\/ca\/cursos-busseig-tecnic\/","url":"https:\/\/scuba-legends.com\/ca\/cursos-busseig-tecnic\/","name":"Cursos busseig tecnic - Scuba Legends","isPartOf":{"@id":"https:\/\/scuba-legends.com\/ca\/#website"},"datePublished":"2020-11-04T19:43:46+00:00","dateModified":"2020-11-14T11:54:17+00:00","breadcrumb":{"@id":"https:\/\/scuba-legends.com\/ca\/cursos-busseig-tecnic\/#breadcrumb"},"inLanguage":"ca","potentialAction":[{"@type":"ReadAction","target":["https:\/\/scuba-legends.com\/ca\/cursos-busseig-tecnic\/"]}]},{"@type":"BreadcrumbList","@id":"https:\/\/scuba-legends.com\/ca\/cursos-busseig-tecnic\/#breadcrumb","itemListElement":[{"@type":"ListItem","position":1,"name":"Scuba Legends","item":"https:\/\/scuba-legends.com\/ca\/"},{"@type":"ListItem","position":2,"name":"Cursos busseig tecnic"}]},{"@type":"WebSite","@id":"https:\/\/scuba-legends.com\/ca\/#website","url":"https:\/\/scuba-legends.com\/ca\/","name":"Scuba Legends","description":"Dive Center Lanzarote","publisher":{"@id":"https:\/\/scuba-legends.com\/ca\/#organization"},"potentialAction":[{"@type":"SearchAction","target":{"@type":"EntryPoint","urlTemplate":"https:\/\/scuba-legends.com\/ca\/?s={search_term_string}"},"query-input":{"@type":"PropertyValueSpecification","valueRequired":true,"valueName":"search_term_string"}}],"inLanguage":"ca"},{"@type":"Organization","@id":"https:\/\/scuba-legends.com\/ca\/#organization","name":"Scuba Legends Dive Center Lanzarote","url":"https:\/\/scuba-legends.com\/ca\/","logo":{"@type":"ImageObject","inLanguage":"ca","@id":"https:\/\/scuba-legends.com\/ca\/#\/schema\/logo\/image\/","url":"https:\/\/scuba-legends.com\/wp-content\/uploads\/2020\/01\/scuba_legends_favicon.png","contentUrl":"https:\/\/scuba-legends.com\/wp-content\/uploads\/2020\/01\/scuba_legends_favicon.png","width":512,"height":512,"caption":"Scuba Legends Dive Center Lanzarote"},"image":{"@id":"https:\/\/scuba-legends.com\/ca\/#\/schema\/logo\/image\/"},"sameAs":["https:\/\/www.facebook.com\/ScubaLegends\/","https:\/\/x.com\/scubalegends","https:\/\/www.instagram.com\/scuba_legends\/","https:\/\/www.youtube.com\/channel\/UCUjHU7Mmii5SfLoodxNZmqQ"]}]}},"_links":{"self":[{"href":"https:\/\/scuba-legends.com\/ca\/wp-json\/wp\/v2\/pages\/9472","targetHints":{"allow":["GET"]}}],"collection":[{"href":"https:\/\/scuba-legends.com\/ca\/wp-json\/wp\/v2\/pages"}],"about":[{"href":"https:\/\/scuba-legends.com\/ca\/wp-json\/wp\/v2\/types\/page"}],"author":[{"embeddable":true,"href":"https:\/\/scuba-legends.com\/ca\/wp-json\/wp\/v2\/users\/2"}],"replies":[{"embeddable":true,"href":"https:\/\/scuba-legends.com\/ca\/wp-json\/wp\/v2\/comments?post=9472"}],"version-history":[{"count":0,"href":"https:\/\/scuba-legends.com\/ca\/wp-json\/wp\/v2\/pages\/9472\/revisions"}],"wp:attachment":[{"href":"https:\/\/scuba-legends.com\/ca\/wp-json\/wp\/v2\/media?parent=9472"}],"curies":[{"name":"wp","href":"https:\/\/api.w.org\/{rel}","templated":true}]}}