{"id":9466,"date":"2020-11-04T19:37:16","date_gmt":"2020-11-04T19:37:16","guid":{"rendered":"https:\/\/scuba-legends.com\/cursos-de-busseig-professional\/"},"modified":"2023-01-20T12:20:58","modified_gmt":"2023-01-20T12:20:58","slug":"cursos-de-busseig-professional","status":"publish","type":"page","link":"https:\/\/scuba-legends.com\/ca\/cursos-de-busseig-professional\/","title":{"rendered":"Cursos de busseig professional"},"content":{"rendered":"<p>[et_pb_section fb_built=&#8221;1&#8243; fullwidth=&#8221;on&#8221; module_id=&#8221;spheader-section&#8221; _builder_version=&#8221;4.0.9&#8243;][et_pb_fullwidth_header title=&#8221;Cursos de busseig professional PADI&#8221; _builder_version=&#8221;4.0.9&#8243; title_font_size=&#8221;54px&#8221; subhead_font=&#8221;|||on|||||&#8221; background_image=&#8221;https:\/\/scuba-legends.com\/wp-content\/uploads\/2020\/08\/Go-Pro-Heades-1280&#215;900-2.jpg&#8221; width=&#8221;100%&#8221; module_alignment=&#8221;center&#8221; custom_padding=&#8221;80px||80px||true|&#8221; title_font_size_tablet=&#8221;44px&#8221; background_last_edited=&#8221;on|desktop&#8221; custom_css_main_element=&#8221;background-position: center -240px;&#8221; custom_css_title=&#8221;order: 2;&#8221; custom_css_subtitle=&#8221;order: 1;&#8221; custom_css_main_element_last_edited=&#8221;on|tablet&#8221; custom_css_main_element_tablet=&#8221;background-position: center -70px;&#8221; custom_css_main_element_phone=&#8221;background-position: center center;&#8221;]MAKE IT LEGENDARY[\/et_pb_fullwidth_header][\/et_pb_section][et_pb_section fb_built=&#8221;1&#8243; _builder_version=&#8221;4.0.9&#8243; custom_margin=&#8221;-50px||||false|false&#8221;][et_pb_row _builder_version=&#8221;4.0.9&#8243;][et_pb_column type=&#8221;4_4&#8243; _builder_version=&#8221;4.0.9&#8243;][et_pb_text _builder_version=&#8221;4.0.9&#8243;]<\/p>\n<h2 style=\"text-align: center; color: #0db4d5;\">Converteix-te en el millor expert\/a amb Scuba Legends<\/h2>\n<p>[\/et_pb_text][et_pb_text _builder_version=&#8221;4.0.9&#8243;]<\/p>\n<p>Vols treballar del busseig? T\u2019encanta el submarinisme i vols convertir-ho en el teu modus de vida? Puja\u2019t a la barca de la m\u00e0 dels millors instructors.<\/p>\n<p>Per a treballar en el sector del busseig, ja sigui com a Divemaster, Assitant Instructor o Instructor, \u00e9s molt important que siguis un apassionat del busseig i siguis capa\u00e7 de transmeti-ho. Per\u00f2 tamb\u00e9, igual d\u2019important, es que et converteixis en un professional competent, amb els coneixements, habilitats i experi\u00e8ncia necessaris.<\/p>\n<p>No ens referim a la teoria en s\u00ed, sin\u00f3 que en definitiva has de saber enfrontar-te a diverses situacions, preveure i corregir els problemes i aportar als clients un valor afegit que els faci sentir que reben m\u00e9s del esperat.<\/p>\n<p>A Scuba Legends no formem professionals, formem llegendes.\u00a0 Ens comprometem al 100% en la teva formaci\u00f3, t\u2019ensenyem el dia a dia d\u2019un centre de busseig i t\u2019aportarem una bona muntanya de trucs i consells. Amb aix\u00f2, podr\u00e0s trobar treball a qualsevol lloc del mon que et proposis.<\/p>\n<p>Estem a Puerto del Carmen, Lanzarote, el millor lloc de busseig de l\u2019illa degut a les il\u00b7limitades possibilitats i a l\u2019espectacularitat dels seus fons i vida marina.<\/p>\n<p>[\/et_pb_text][et_pb_text _builder_version=&#8221;4.0.9&#8243;]<\/p>\n<h2 style=\"text-align: center; color: #0db4d5;\">Cursos PADI per a treballar de busseig<\/h2>\n<p>[\/et_pb_text][\/et_pb_column][\/et_pb_row][et_pb_row column_structure=&#8221;1_3,1_3,1_3&#8243; _builder_version=&#8221;4.0.9&#8243; custom_margin=&#8221;-20px||||false|false&#8221;][et_pb_column type=&#8221;1_3&#8243; _builder_version=&#8221;4.0.9&#8243; custom_padding=&#8221;|0px||0px|false|false&#8221;][et_pb_image src=&#8221;https:\/\/scuba-legends.com\/wp-content\/uploads\/2020\/08\/Divemaster-350&#215;188-1.jpg&#8221; url=&#8221;https:\/\/scuba-legends.com\/ca\/divemaster\/&#8221; _builder_version=&#8221;4.0.9&#8243; width=&#8221;100%&#8221; animation_style=&#8221;zoom&#8221; border_radii=&#8221;on|5px|5px|5px|5px&#8221;][\/et_pb_image][et_pb_text _builder_version=&#8221;4.0.9&#8243; text_text_color=&#8221;#000000&#8243; custom_margin=&#8221;-22px||||false|false&#8221;]<\/p>\n<h3 style=\"color: #0db4d5; text-align: left; font-size: 22px;\"><strong><a href=\"https:\/\/scuba-legends.com\/ca\/divemaster\/\">Divemaster<\/a><\/strong><\/h3>\n<p>Vols treballar de busseig o simplement ser un bussejador llegendari? Converteix la teva passi\u00f3 en la teva vida, amb els millors instructors.<\/p>\n<p>[\/et_pb_text][\/et_pb_column][et_pb_column type=&#8221;1_3&#8243; _builder_version=&#8221;4.0.9&#8243;][et_pb_image src=&#8221;https:\/\/scuba-legends.com\/wp-content\/uploads\/2020\/08\/Assistant-350&#215;188-1.jpg&#8221; url=&#8221;https:\/\/scuba-legends.com\/ca\/assistant-instructor\/&#8221; _builder_version=&#8221;4.0.9&#8243; width=&#8221;100%&#8221; animation_style=&#8221;zoom&#8221; border_radii=&#8221;on|5px|5px|5px|5px&#8221;][\/et_pb_image][et_pb_text _builder_version=&#8221;4.0.9&#8243; text_text_color=&#8221;#000000&#8243; custom_margin=&#8221;-22px||||false|false&#8221;]<\/p>\n<h3 style=\"color: #0db4d5; text-align: left; font-size: 22px;\"><a href=\"https:\/\/scuba-legends.com\/ca\/assistant-instructor\/\"><strong>Assistant Instructor<\/strong><\/a><\/h3>\n<p>Converteix-te en Instructor Asistent, el pas previ a Instructor de busseig PAD. Podr\u00e0s demostrar i realitzar habilitats, guiar immersions i molt m\u00e9s.<\/p>\n<p>[\/et_pb_text][\/et_pb_column][et_pb_column type=&#8221;1_3&#8243; _builder_version=&#8221;4.0.9&#8243;][et_pb_image src=&#8221;https:\/\/scuba-legends.com\/wp-content\/uploads\/2020\/08\/Instructor-350&#215;188-1.jpg&#8221; url=&#8221;https:\/\/scuba-legends.com\/ca\/open-water-scuba-instructor\/&#8221; _builder_version=&#8221;4.0.9&#8243; width=&#8221;100%&#8221; animation_style=&#8221;zoom&#8221; border_radii=&#8221;on|5px|5px|5px|5px&#8221;][\/et_pb_image][et_pb_text _builder_version=&#8221;4.0.9&#8243; text_text_color=&#8221;#000000&#8243; custom_margin=&#8221;-22px||||false|false&#8221;]<\/p>\n<h3 style=\"color: #0db4d5; text-align: left; font-size: 22px;\"><strong><a href=\"https:\/\/scuba-legends.com\/ca\/open-water-scuba-instructor\/\">Open Water Scuba Instructor<\/a><\/strong><\/h3>\n<p>Vols dedicar-te professionalment al busseig? Continua la Llegenda i fes-te instructor. Podr\u00e0s treballar per tot el mon. <\/p>\n<p>[\/et_pb_text][\/et_pb_column][\/et_pb_row][et_pb_row _builder_version=&#8221;4.0.9&#8243; custom_margin=&#8221;-20px||||false|false&#8221;][et_pb_column type=&#8221;4_4&#8243; _builder_version=&#8221;4.0.9&#8243;][et_pb_button button_url=&#8221;https:\/\/scuba-legends.com\/ca\/contacte\/&#8221; button_text=&#8221;Contacta amb nosaltres per a m\u00e9s informaci\u00f3&#8221; button_alignment=&#8221;center&#8221; _builder_version=&#8221;4.0.9&#8243; custom_button=&#8221;on&#8221; button_text_size=&#8221;18px&#8221; button_text_color=&#8221;#0db4d5&#8243; button_border_color=&#8221;#0db4d5&#8243;][\/et_pb_button][\/et_pb_column][\/et_pb_row][\/et_pb_section][et_pb_section fb_built=&#8221;1&#8243; _builder_version=&#8221;4.0.9&#8243;][et_pb_row column_structure=&#8221;1_3,2_3&#8243; _builder_version=&#8221;4.0.9&#8243; custom_margin=&#8221;-60px||||false|false&#8221; border_radii=&#8221;on|3px|3px|3px|3px&#8221; border_width_all=&#8221;2px&#8221; border_color_all=&#8221;#0db4d5&#8243;][et_pb_column type=&#8221;1_3&#8243; _builder_version=&#8221;4.0.9&#8243;][et_pb_image src=&#8221;https:\/\/scuba-legends.com\/wp-content\/uploads\/2020\/08\/Logo-Halcyon-Jpg-223&#215;94-1.jpg&#8221; align=&#8221;center&#8221; _builder_version=&#8221;4.0.9&#8243;][\/et_pb_image][\/et_pb_column][et_pb_column type=&#8221;2_3&#8243; _builder_version=&#8221;4.0.9&#8243;][et_pb_text _builder_version=&#8221;4.0.9&#8243;]<\/p>\n<h3 style=\"text-align: center;\">Proveidor oficial de Halcion<\/h3>\n<p style=\"text-align: center;\">Marca de reconegut prestigi en el busseig t\u00e8cnic i en el recreatiu. Som l\u2019\u00fanic venedor autoritzat de Canaries.<\/p>\n<p>[\/et_pb_text][\/et_pb_column][\/et_pb_row][\/et_pb_section]<\/p>\n","protected":false},"excerpt":{"rendered":"<p>MAKE IT LEGENDARYConverteix-te en el millor expert\/a amb Scuba LegendsVols treballar del busseig? T\u2019encanta el submarinisme i vols convertir-ho en el teu modus de vida? Puja\u2019t a la barca de la m\u00e0 dels millors instructors. Per a treballar en el sector del busseig, ja sigui com a Divemaster, Assitant Instructor o Instructor, \u00e9s molt important [&hellip;]<\/p>\n","protected":false},"author":2,"featured_media":0,"parent":0,"menu_order":196,"comment_status":"closed","ping_status":"closed","template":"","meta":{"_acf_changed":false,"_et_pb_use_builder":"on","_et_pb_old_content":"","_et_gb_content_width":"","footnotes":""},"class_list":["post-9466","page","type-page","status-publish","hentry"],"acf":[],"yoast_head":"<!-- This site is optimized with the Yoast SEO plugin v27.4 - https:\/\/yoast.com\/product\/yoast-seo-wordpress\/ -->\n<title>Cursos de busseig professional - Scuba Legends<\/title>\n<meta name=\"robots\" content=\"index, follow, max-snippet:-1, max-image-preview:large, max-video-preview:-1\" \/>\n<link rel=\"canonical\" href=\"https:\/\/scuba-legends.com\/ca\/cursos-de-busseig-professional\/\" \/>\n<meta property=\"og:locale\" content=\"ca_ES\" \/>\n<meta property=\"og:type\" content=\"article\" \/>\n<meta property=\"og:title\" content=\"Cursos de busseig professional - Scuba Legends\" \/>\n<meta property=\"og:description\" content=\"MAKE IT LEGENDARYConverteix-te en el millor expert\/a amb Scuba LegendsVols treballar del busseig? T\u2019encanta el submarinisme i vols convertir-ho en el teu modus de vida? Puja\u2019t a la barca de la m\u00e0 dels millors instructors. Per a treballar en el sector del busseig, ja sigui com a Divemaster, Assitant Instructor o Instructor, \u00e9s molt important [&hellip;]\" \/>\n<meta property=\"og:url\" content=\"https:\/\/scuba-legends.com\/ca\/cursos-de-busseig-professional\/\" \/>\n<meta property=\"og:site_name\" content=\"Scuba Legends\" \/>\n<meta property=\"article:publisher\" content=\"https:\/\/www.facebook.com\/ScubaLegends\/\" \/>\n<meta property=\"article:modified_time\" content=\"2023-01-20T12:20:58+00:00\" \/>\n<meta property=\"og:image\" content=\"https:\/\/scuba-legends.com\/wp-content\/uploads\/2020\/01\/scuba_legend_logo_new1.png\" \/>\n\t<meta property=\"og:image:width\" content=\"150\" \/>\n\t<meta property=\"og:image:height\" content=\"150\" \/>\n\t<meta property=\"og:image:type\" content=\"image\/png\" \/>\n<meta name=\"twitter:card\" content=\"summary_large_image\" \/>\n<meta name=\"twitter:site\" content=\"@scubalegends\" \/>\n<meta name=\"twitter:label1\" content=\"Temps estimat de lectura\" \/>\n\t<meta name=\"twitter:data1\" content=\"3 minuts\" \/>\n<script type=\"application\/ld+json\" class=\"yoast-schema-graph\">{\"@context\":\"https:\\\/\\\/schema.org\",\"@graph\":[{\"@type\":\"WebPage\",\"@id\":\"https:\\\/\\\/scuba-legends.com\\\/ca\\\/cursos-de-busseig-professional\\\/\",\"url\":\"https:\\\/\\\/scuba-legends.com\\\/ca\\\/cursos-de-busseig-professional\\\/\",\"name\":\"Cursos de busseig professional - Scuba Legends\",\"isPartOf\":{\"@id\":\"https:\\\/\\\/scuba-legends.com\\\/ca\\\/#website\"},\"datePublished\":\"2020-11-04T19:37:16+00:00\",\"dateModified\":\"2023-01-20T12:20:58+00:00\",\"breadcrumb\":{\"@id\":\"https:\\\/\\\/scuba-legends.com\\\/ca\\\/cursos-de-busseig-professional\\\/#breadcrumb\"},\"inLanguage\":\"ca\",\"potentialAction\":[{\"@type\":\"ReadAction\",\"target\":[\"https:\\\/\\\/scuba-legends.com\\\/ca\\\/cursos-de-busseig-professional\\\/\"]}]},{\"@type\":\"BreadcrumbList\",\"@id\":\"https:\\\/\\\/scuba-legends.com\\\/ca\\\/cursos-de-busseig-professional\\\/#breadcrumb\",\"itemListElement\":[{\"@type\":\"ListItem\",\"position\":1,\"name\":\"Scuba Legends\",\"item\":\"https:\\\/\\\/scuba-legends.com\\\/ca\\\/\"},{\"@type\":\"ListItem\",\"position\":2,\"name\":\"Cursos de busseig professional\"}]},{\"@type\":\"WebSite\",\"@id\":\"https:\\\/\\\/scuba-legends.com\\\/ca\\\/#website\",\"url\":\"https:\\\/\\\/scuba-legends.com\\\/ca\\\/\",\"name\":\"Scuba Legends\",\"description\":\"Dive Center Lanzarote\",\"publisher\":{\"@id\":\"https:\\\/\\\/scuba-legends.com\\\/ca\\\/#organization\"},\"potentialAction\":[{\"@type\":\"SearchAction\",\"target\":{\"@type\":\"EntryPoint\",\"urlTemplate\":\"https:\\\/\\\/scuba-legends.com\\\/ca\\\/?s={search_term_string}\"},\"query-input\":{\"@type\":\"PropertyValueSpecification\",\"valueRequired\":true,\"valueName\":\"search_term_string\"}}],\"inLanguage\":\"ca\"},{\"@type\":\"Organization\",\"@id\":\"https:\\\/\\\/scuba-legends.com\\\/ca\\\/#organization\",\"name\":\"Scuba Legends Dive Center Lanzarote\",\"url\":\"https:\\\/\\\/scuba-legends.com\\\/ca\\\/\",\"logo\":{\"@type\":\"ImageObject\",\"inLanguage\":\"ca\",\"@id\":\"https:\\\/\\\/scuba-legends.com\\\/ca\\\/#\\\/schema\\\/logo\\\/image\\\/\",\"url\":\"https:\\\/\\\/scuba-legends.com\\\/wp-content\\\/uploads\\\/2020\\\/01\\\/scuba_legends_favicon.png\",\"contentUrl\":\"https:\\\/\\\/scuba-legends.com\\\/wp-content\\\/uploads\\\/2020\\\/01\\\/scuba_legends_favicon.png\",\"width\":512,\"height\":512,\"caption\":\"Scuba Legends Dive Center Lanzarote\"},\"image\":{\"@id\":\"https:\\\/\\\/scuba-legends.com\\\/ca\\\/#\\\/schema\\\/logo\\\/image\\\/\"},\"sameAs\":[\"https:\\\/\\\/www.facebook.com\\\/ScubaLegends\\\/\",\"https:\\\/\\\/x.com\\\/scubalegends\",\"https:\\\/\\\/www.instagram.com\\\/scuba_legends\\\/\",\"https:\\\/\\\/www.youtube.com\\\/channel\\\/UCUjHU7Mmii5SfLoodxNZmqQ\"]}]}<\/script>\n<!-- \/ Yoast SEO plugin. -->","yoast_head_json":{"title":"Cursos de busseig professional - Scuba Legends","robots":{"index":"index","follow":"follow","max-snippet":"max-snippet:-1","max-image-preview":"max-image-preview:large","max-video-preview":"max-video-preview:-1"},"canonical":"https:\/\/scuba-legends.com\/ca\/cursos-de-busseig-professional\/","og_locale":"ca_ES","og_type":"article","og_title":"Cursos de busseig professional - Scuba Legends","og_description":"MAKE IT LEGENDARYConverteix-te en el millor expert\/a amb Scuba LegendsVols treballar del busseig? T\u2019encanta el submarinisme i vols convertir-ho en el teu modus de vida? Puja\u2019t a la barca de la m\u00e0 dels millors instructors. Per a treballar en el sector del busseig, ja sigui com a Divemaster, Assitant Instructor o Instructor, \u00e9s molt important [&hellip;]","og_url":"https:\/\/scuba-legends.com\/ca\/cursos-de-busseig-professional\/","og_site_name":"Scuba Legends","article_publisher":"https:\/\/www.facebook.com\/ScubaLegends\/","article_modified_time":"2023-01-20T12:20:58+00:00","og_image":[{"width":150,"height":150,"url":"https:\/\/scuba-legends.com\/wp-content\/uploads\/2020\/01\/scuba_legend_logo_new1.png","type":"image\/png"}],"twitter_card":"summary_large_image","twitter_site":"@scubalegends","twitter_misc":{"Temps estimat de lectura":"3 minuts"},"schema":{"@context":"https:\/\/schema.org","@graph":[{"@type":"WebPage","@id":"https:\/\/scuba-legends.com\/ca\/cursos-de-busseig-professional\/","url":"https:\/\/scuba-legends.com\/ca\/cursos-de-busseig-professional\/","name":"Cursos de busseig professional - Scuba Legends","isPartOf":{"@id":"https:\/\/scuba-legends.com\/ca\/#website"},"datePublished":"2020-11-04T19:37:16+00:00","dateModified":"2023-01-20T12:20:58+00:00","breadcrumb":{"@id":"https:\/\/scuba-legends.com\/ca\/cursos-de-busseig-professional\/#breadcrumb"},"inLanguage":"ca","potentialAction":[{"@type":"ReadAction","target":["https:\/\/scuba-legends.com\/ca\/cursos-de-busseig-professional\/"]}]},{"@type":"BreadcrumbList","@id":"https:\/\/scuba-legends.com\/ca\/cursos-de-busseig-professional\/#breadcrumb","itemListElement":[{"@type":"ListItem","position":1,"name":"Scuba Legends","item":"https:\/\/scuba-legends.com\/ca\/"},{"@type":"ListItem","position":2,"name":"Cursos de busseig professional"}]},{"@type":"WebSite","@id":"https:\/\/scuba-legends.com\/ca\/#website","url":"https:\/\/scuba-legends.com\/ca\/","name":"Scuba Legends","description":"Dive Center Lanzarote","publisher":{"@id":"https:\/\/scuba-legends.com\/ca\/#organization"},"potentialAction":[{"@type":"SearchAction","target":{"@type":"EntryPoint","urlTemplate":"https:\/\/scuba-legends.com\/ca\/?s={search_term_string}"},"query-input":{"@type":"PropertyValueSpecification","valueRequired":true,"valueName":"search_term_string"}}],"inLanguage":"ca"},{"@type":"Organization","@id":"https:\/\/scuba-legends.com\/ca\/#organization","name":"Scuba Legends Dive Center Lanzarote","url":"https:\/\/scuba-legends.com\/ca\/","logo":{"@type":"ImageObject","inLanguage":"ca","@id":"https:\/\/scuba-legends.com\/ca\/#\/schema\/logo\/image\/","url":"https:\/\/scuba-legends.com\/wp-content\/uploads\/2020\/01\/scuba_legends_favicon.png","contentUrl":"https:\/\/scuba-legends.com\/wp-content\/uploads\/2020\/01\/scuba_legends_favicon.png","width":512,"height":512,"caption":"Scuba Legends Dive Center Lanzarote"},"image":{"@id":"https:\/\/scuba-legends.com\/ca\/#\/schema\/logo\/image\/"},"sameAs":["https:\/\/www.facebook.com\/ScubaLegends\/","https:\/\/x.com\/scubalegends","https:\/\/www.instagram.com\/scuba_legends\/","https:\/\/www.youtube.com\/channel\/UCUjHU7Mmii5SfLoodxNZmqQ"]}]}},"_links":{"self":[{"href":"https:\/\/scuba-legends.com\/ca\/wp-json\/wp\/v2\/pages\/9466","targetHints":{"allow":["GET"]}}],"collection":[{"href":"https:\/\/scuba-legends.com\/ca\/wp-json\/wp\/v2\/pages"}],"about":[{"href":"https:\/\/scuba-legends.com\/ca\/wp-json\/wp\/v2\/types\/page"}],"author":[{"embeddable":true,"href":"https:\/\/scuba-legends.com\/ca\/wp-json\/wp\/v2\/users\/2"}],"replies":[{"embeddable":true,"href":"https:\/\/scuba-legends.com\/ca\/wp-json\/wp\/v2\/comments?post=9466"}],"version-history":[{"count":1,"href":"https:\/\/scuba-legends.com\/ca\/wp-json\/wp\/v2\/pages\/9466\/revisions"}],"predecessor-version":[{"id":14947,"href":"https:\/\/scuba-legends.com\/ca\/wp-json\/wp\/v2\/pages\/9466\/revisions\/14947"}],"wp:attachment":[{"href":"https:\/\/scuba-legends.com\/ca\/wp-json\/wp\/v2\/media?parent=9466"}],"curies":[{"name":"wp","href":"https:\/\/api.w.org\/{rel}","templated":true}]}}