{"id":9457,"date":"2020-11-04T18:58:22","date_gmt":"2020-11-04T18:58:22","guid":{"rendered":"https:\/\/scuba-legends.com\/coneix-nos\/"},"modified":"2024-05-11T15:37:46","modified_gmt":"2024-05-11T15:37:46","slug":"coneix-nos","status":"publish","type":"page","link":"https:\/\/scuba-legends.com\/ca\/coneix-nos\/","title":{"rendered":"Coneix nos"},"content":{"rendered":"<p>[et_pb_section fb_built=&#8221;1&#8243; fullwidth=&#8221;on&#8221; module_id=&#8221;spheader-section&#8221; _builder_version=&#8221;4.16&#8243; global_colors_info=&#8221;{}&#8221;][et_pb_fullwidth_header title=&#8221;Scuba Legends &#8211; El teu Centre de Busseig a Lanzarote&#8221; _builder_version=&#8221;4.16&#8243; title_text_align=&#8221;left&#8221; title_text_color=&#8221;#0db4d5&#8243; title_font_size=&#8221;54px&#8221; content_text_color=&#8221;#0db4d5&#8243; subhead_font=&#8221;|||on|||||&#8221; subhead_text_align=&#8221;left&#8221; background_image=&#8221;https:\/\/scuba-legends.com\/wp-content\/uploads\/2023\/12\/Header-About-Us-1400&#215;900-1.jpg&#8221; width=&#8221;100%&#8221; module_alignment=&#8221;center&#8221; custom_padding=&#8221;80px||80px||true|&#8221; title_font_size_tablet=&#8221;44px&#8221; background_last_edited=&#8221;on|desktop&#8221; custom_css_main_element=&#8221;background-position: center -240px;&#8221; custom_css_title=&#8221;order: 2;&#8221; custom_css_subtitle=&#8221;order: 1;&#8221; global_colors_info=&#8221;{}&#8221; custom_css_main_element_last_edited=&#8221;on|tablet&#8221; custom_css_main_element_tablet=&#8221;background-position: center -70px;&#8221; custom_css_main_element_phone=&#8221;background-position: center center;&#8221;]<\/p>\n<p style=\"text-align: left;\">\u00a0MAKE IT LEGENDARY<\/p>\n<p>[\/et_pb_fullwidth_header][\/et_pb_section][et_pb_section fb_built=&#8221;1&#8243; _builder_version=&#8221;4.16&#8243; custom_margin=&#8221;-50px||||false|false&#8221; global_colors_info=&#8221;{}&#8221;][et_pb_row _builder_version=&#8221;4.16&#8243; global_colors_info=&#8221;{}&#8221;][et_pb_column type=&#8221;4_4&#8243; _builder_version=&#8221;4.16&#8243; global_colors_info=&#8221;{}&#8221;][et_pb_text _builder_version=&#8221;4.16&#8243; text_font_size=&#8221;18px&#8221; custom_margin=&#8221;-20px||||false|false&#8221; global_colors_info=&#8221;{}&#8221;]<\/p>\n<h2 style=\"text-align: center; color: #0db4d5;\">El busseig es la nostra passi\u00f3 i vida. Make it legendary<\/h2>\n<p>[\/et_pb_text][et_pb_text _builder_version=&#8221;4.16&#8243; locked=&#8221;off&#8221; global_colors_info=&#8221;{}&#8221;]<\/p>\n<p>Submergeix-te en l&#8217;extraordinari amb el Scuba Legends Dive Center a Lanzarote, on el busseig no \u00e9s nom\u00e9s un hobbie; \u00e9s la nostra passi\u00f3, la nostra vida i una oportunitat per fer que cada moment sota l&#8217;aigua sigui llegendari.<\/p>\n<p>Troba&#8217;ns al cor de Puerto del Carmen, al centre comercial &#8220;Puerto Cinco&#8221; (just sobre el supermercat Dino Express). El nostre centre de busseig no \u00e9s nom\u00e9s un lloc de treball; \u00e9s el nostre hogar, convenientment situat al centre i a un pas dels <strong>millors llocs de busseig de l&#8217;illa<\/strong>.<\/p>\n<p>Al Scuba Legends, estem dedicats a fer <strong>immersions<\/strong> <strong>llegend\u00e0ries<\/strong>. Deixa que el nostre amor pel mar i l&#8217;emoci\u00f3 del busseig inspirin les teves aventures submarines.<\/p>\n<p>Descobreix el que el nostre centre de busseig t\u00e9 per oferir: imagina una terrassa \u00e0mplia amb vistes impressionants al mar, el lloc perfecte per relaxar-te i prendre una beguda despr\u00e9s d&#8217;una immersi\u00f3 emocionant. T&#8217;ofrim tots els serveis essencials: una \u00e0rea de neteja i assecat, un lavabo i una aula per a sessions te\u00f2riques, tot el que necessites, senzill i pr\u00e0ctic.<\/p>\n<p><strong>La teva seguretat \u00e9s la nostra prioritat<\/strong>. Ens hem assegurat que el nostre centre de busseig compleixi amb totes les mesures necess\u00e0ries d&#8217;higiene i prevenci\u00f3 de la COVID-19, perqu\u00e8 puguis bussejar amb confian\u00e7a.<\/p>\n<p>I hi ha m\u00e9s: explora la nostra petita botiga on pots adquirir accessoris de busseig i esn\u00f3rquel de gran qualitat. A m\u00e9s, som el distribu\u00efdor oficial de la reconeguda marca Halcyon, l&#8217;\u00fanic a les Illes Can\u00e0ries.<\/p>\n<p>[\/et_pb_text][et_pb_text _builder_version=&#8221;4.16&#8243; text_font_size=&#8221;18px&#8221; custom_margin=&#8221;||||false|false&#8221; global_colors_info=&#8221;{}&#8221;]<\/p>\n<h2 style=\"text-align: center; color: #0db4d5;\">Per qu\u00e8 Scuba Legends?<\/h2>\n<p>[\/et_pb_text][et_pb_text _builder_version=&#8221;4.16&#8243; locked=&#8221;off&#8221; global_colors_info=&#8221;{}&#8221;]<\/p>\n<p>Porque la nostra missi\u00f3 \u00e9s clara: inspirar-te amb la nostra passi\u00f3 interminable pel mar i descobrir les meravelles sota la superf\u00edcie. Pel que fa a la seguretat, no prenem atajos. La nostra formaci\u00f3 \u00e9s de primera categoria, seguint els est\u00e0ndards i protocols de seguretat m\u00e9s alts. No est\u00e0s simplement fent una reserva per a una immersi\u00f3; est\u00e0s assegurant-te una experi\u00e8ncia elaborada amb precisi\u00f3 i cura.<\/p>\n<p>Per qu\u00e8 conformar-te amb una immersi\u00f3 ordin\u00e0ria quan pots fer-la legendaria amb Scuba Legends? Aqu\u00ed et detallem per qu\u00e8 reservar les teves immersions amb nosaltres \u00e9s una elecci\u00f3 intel\u00b7ligent:<\/p>\n<ul>\n<li><strong>Equip de Primera:<\/strong> Submergeix-te en les meravelles submarines amb equips de alta qualitat de marques reconegudes com Scubapro, Tecline i Halcyon. A Scuba Legends, creiem que un equip de primera \u00e9s la clau per a una immersi\u00f3 extraordin\u00e0ria.<\/li>\n<li><strong>Manteniment Freq\u00fcent:<\/strong> No et preocupis pels elements essencials! Els nostres equips i dip\u00f2sits es revisen i mantenen meticulosament per garantir un rendiment \u00f2ptim i la teva seguretat sota la superf\u00edcie.<\/li>\n<li><strong>Entorn Net:<\/strong> Experimenta el regne submar\u00ed en la seva forma m\u00e9s pura. Ens enorgulleix proporcionar un centre de busseig net i ben mantingut, aix\u00ed com un entorn de busseig, perqu\u00e8 gaudeixis de la bellesa de l&#8217;oce\u00e0 sense distraccions.<\/li>\n<li><strong>Grups Petits, Gran Experi\u00e8ncia:<\/strong> Oblida&#8217;t dels grups massificats! Creiem en una experi\u00e8ncia personalitzada i intima. Amb grups petits, rebr\u00e0s m\u00e9s atenci\u00f3 dels nostres experimentats instructors, creant una atmosfera de camaraderia i emoci\u00f3 compartida.<\/li>\n<li><strong>Seguretat en Primer Lloc:<\/strong> La teva seguretat \u00e9s la nostra prioritat. El nostre equip segueix estrictes protocols de seguretat, assegurant que cada immersi\u00f3 no nom\u00e9s sigui emocionant, sin\u00f3 tamb\u00e9 realitzada amb els m\u00e9s alts est\u00e0ndards de seguretat en ment.<\/li>\n<\/ul>\n<p>A Scuba Legends Dive Center, no oferim nom\u00e9s immersions; oferim una experi\u00e8ncia transformadora sota del mar. Gaudeix del millor busseig a Lanzarote. Fes que les teves aventures submarines siguin legend\u00e0ries amb Scuba Legends, on la passi\u00f3 es troba amb el professionalisme i cada immersi\u00f3 \u00e9s una oportunitat perqu\u00e8 el teu viatge submar\u00ed sigui realment inoblidable.<\/p>\n<p>Reserva la teva immersi\u00f3 avui i descobreix les profunditats amb estil!<\/p>\n<p>[\/et_pb_text][\/et_pb_column][\/et_pb_row][et_pb_row _builder_version=&#8221;4.16&#8243; locked=&#8221;off&#8221; global_colors_info=&#8221;{}&#8221;][et_pb_column type=&#8221;4_4&#8243; _builder_version=&#8221;4.16&#8243; global_colors_info=&#8221;{}&#8221;][et_pb_dp_oc_custom thumbnail_size=&#8221;et-pb-post-main-image&#8221; number_thumb=&#8221;4&#8243; _builder_version=&#8221;4.25.1&#8243; _module_preset=&#8221;default&#8221; hover_enabled=&#8221;0&#8243; global_colors_info=&#8221;{}&#8221; admin_label=&#8221;DP Owl Image Carousel&#8221; sticky_enabled=&#8221;0&#8243;][et_pb_dp_oc_custom_item _builder_version=&#8221;4.25.1&#8243; _module_preset=&#8221;default&#8221; alt=&#8221;Oficina Recepcion Scuba Legends Dive Center&#8221; title_text=&#8221;AboutUs_Slider1&#8243; upload_image=&#8221;https:\/\/scuba-legends.com\/wp-content\/uploads\/2023\/08\/AboutUs_Slider1.webp&#8221; hover_enabled=&#8221;0&#8243; sticky_enabled=&#8221;0&#8243;][\/et_pb_dp_oc_custom_item][et_pb_dp_oc_custom_item _builder_version=&#8221;4.25.1&#8243; _module_preset=&#8221;default&#8221; alt=&#8221;Scuba Legends Dive Center Lanzarote in Puerto del Carmen Shop&#8221; title_text=&#8221;2-700&#215;525&#8243; upload_image=&#8221;https:\/\/scuba-legends.com\/wp-content\/uploads\/2020\/08\/2-700&#215;525-1.jpg&#8221; hover_enabled=&#8221;0&#8243; sticky_enabled=&#8221;0&#8243;][\/et_pb_dp_oc_custom_item][et_pb_dp_oc_custom_item _builder_version=&#8221;4.25.1&#8243; _module_preset=&#8221;default&#8221; alt=&#8221;Scuba Legends Dive Center Lanzarote in Puerto del Carmen wetsuits&#8221; title_text=&#8221;3-700&#215;525&#8243; upload_image=&#8221;https:\/\/scuba-legends.com\/wp-content\/uploads\/2020\/08\/3-700&#215;525-1.jpg&#8221; hover_enabled=&#8221;0&#8243; sticky_enabled=&#8221;0&#8243;][\/et_pb_dp_oc_custom_item][et_pb_dp_oc_custom_item _builder_version=&#8221;4.25.1&#8243; _module_preset=&#8221;default&#8221; alt=&#8221;Scuba Legends Dive Center Lanzarote in Puerto del Carmen Shop Classroom&#8221; title_text=&#8221;4-700&#215;525&#8243; upload_image=&#8221;https:\/\/scuba-legends.com\/wp-content\/uploads\/2020\/08\/4-700&#215;525-1.jpg&#8221; hover_enabled=&#8221;0&#8243; sticky_enabled=&#8221;0&#8243;][\/et_pb_dp_oc_custom_item][et_pb_dp_oc_custom_item _builder_version=&#8221;4.25.1&#8243; _module_preset=&#8221;default&#8221; alt=&#8221;Scuba Legends Dive Center Lanzarote in Puerto del Carmen terrace facility&#8221; title_text=&#8221;1-700&#215;525&#8243; upload_image=&#8221;https:\/\/scuba-legends.com\/wp-content\/uploads\/2020\/08\/1-700&#215;525-1.jpg&#8221; hover_enabled=&#8221;0&#8243; sticky_enabled=&#8221;0&#8243;][\/et_pb_dp_oc_custom_item][\/et_pb_dp_oc_custom][\/et_pb_column][\/et_pb_row][et_pb_row _builder_version=&#8221;4.16&#8243; global_colors_info=&#8221;{}&#8221; disabled_on=&#8221;on|on|on&#8221; disabled=&#8221;on&#8221;][et_pb_column type=&#8221;4_4&#8243; _builder_version=&#8221;4.16&#8243; global_colors_info=&#8221;{}&#8221;][dica_divi_carousel show_items_desktop=&#8221;3&#8243; show_items_tablet=&#8221;2&#8243; loop=&#8221;on&#8221; dot_nav=&#8221;on&#8221; advanced_effect=&#8221;1&#8243; admin_label=&#8221;Divi Carousel&#8221; _builder_version=&#8221;4.0.9&#8243; _i=&#8221;0&#8243; _address=&#8221;1.1.0.0&#8243; \/][\/et_pb_column][\/et_pb_row][et_pb_row _builder_version=&#8221;4.16&#8243; global_colors_info=&#8221;{}&#8221;][et_pb_column type=&#8221;4_4&#8243; _builder_version=&#8221;4.16&#8243; global_colors_info=&#8221;{}&#8221;][et_pb_text _builder_version=&#8221;4.16&#8243; text_font_size=&#8221;18px&#8221; custom_margin=&#8221;-20px||||false|false&#8221; global_colors_info=&#8221;{}&#8221;]<\/p>\n<h2 style=\"text-align: center; color: #0db4d5;\">L&#8217;equip<\/h2>\n<p>[\/et_pb_text][et_pb_text _builder_version=&#8221;4.16&#8243; global_colors_info=&#8221;{}&#8221;]<\/p>\n<p>Coneix al nostre Equip de Llegendes: Instructors PADI i Divemasters experimentats que aporten una gran quantitat d&#8217;experi\u00e8ncia a cada immersi\u00f3. No som nom\u00e9s professionals; som un grup d&#8217;entusiastes marins altament qualificats i apassionats. Som els teus companys sota l&#8217;aigua i estem desitjant fer que la teva aventura de busseig sigui inoblidable.<\/p>\n<p>Per\u00f2 aix\u00f2 no \u00e9s tot, som un equip internacional. Parla&#8217;ns en espanyol, angl\u00e8s, franc\u00e8s, alemany o catal\u00e0: la teva comoditat \u00e9s la nostra prioritat. Submergeix-te en els idiomes amb els quals et sentis m\u00e9s c\u00f2mode i deixa que l&#8217;aventura oce\u00e0nica es desenvolupi sense problemes.<\/p>\n<p>[\/et_pb_text][\/et_pb_column][\/et_pb_row][\/et_pb_section][et_pb_section fb_built=&#8221;1&#8243; module_id=&#8221;diver-info-section&#8221; _builder_version=&#8221;4.16&#8243; background_color=&#8221;#03333D&#8221; saved_tabs=&#8221;all&#8221; global_colors_info=&#8221;{}&#8221;][et_pb_row _builder_version=&#8221;4.16&#8243; global_colors_info=&#8221;{}&#8221;][et_pb_column type=&#8221;4_4&#8243; _builder_version=&#8221;4.16&#8243; global_colors_info=&#8221;{}&#8221;][et_pb_text admin_label=&#8221;Text&#8221; _builder_version=&#8221;4.16&#8243; global_colors_info=&#8221;{}&#8221;]<\/p>\n<h3 style=\"text-align: center; color: #ffffff;\">El nostre Equip Llegendari\u00a0\u00a0<\/h3>\n<p>[\/et_pb_text][\/et_pb_column][\/et_pb_row][et_pb_row _builder_version=&#8221;4.16&#8243; locked=&#8221;off&#8221; global_colors_info=&#8221;{}&#8221;][et_pb_column type=&#8221;4_4&#8243; _builder_version=&#8221;4.16&#8243; global_colors_info=&#8221;{}&#8221;][et_pb_dp_oc_custom thumbnail_size=&#8221;et-pb-post-main-image&#8221; number_thumb=&#8221;4&#8243; _builder_version=&#8221;4.25.1&#8243; _module_preset=&#8221;default&#8221; global_colors_info=&#8221;{}&#8221;][et_pb_dp_oc_custom_item upload_image=&#8221;https:\/\/scuba-legends.com\/wp-content\/uploads\/2023\/07\/271664413_1344788872637964_6561470453358296529_n.jpg&#8221; _builder_version=&#8221;4.25.1&#8243; _module_preset=&#8221;default&#8221; global_colors_info=&#8221;{}&#8221;][\/et_pb_dp_oc_custom_item][et_pb_dp_oc_custom_item upload_image=&#8221;https:\/\/scuba-legends.com\/wp-content\/uploads\/2023\/07\/Chantal_900x720_reiszed.jpg&#8221; _builder_version=&#8221;4.25.1&#8243; _module_preset=&#8221;default&#8221; global_colors_info=&#8221;{}&#8221;][\/et_pb_dp_oc_custom_item][et_pb_dp_oc_custom_item upload_image=&#8221;https:\/\/scuba-legends.com\/wp-content\/uploads\/2023\/07\/Adri_900x720_reiszed.jpg&#8221; _builder_version=&#8221;4.25.1&#8243; _module_preset=&#8221;default&#8221; global_colors_info=&#8221;{}&#8221;][\/et_pb_dp_oc_custom_item][et_pb_dp_oc_custom_item upload_image=&#8221;https:\/\/scuba-legends.com\/wp-content\/uploads\/2023\/07\/Maria_900x720_resized.jpg&#8221; _builder_version=&#8221;4.25.1&#8243; _module_preset=&#8221;default&#8221; global_colors_info=&#8221;{}&#8221;][\/et_pb_dp_oc_custom_item][et_pb_dp_oc_custom_item upload_image=&#8221;https:\/\/scuba-legends.com\/wp-content\/uploads\/2023\/07\/Mo_900x720_resized.jpg&#8221; _builder_version=&#8221;4.25.1&#8243; _module_preset=&#8221;default&#8221; global_colors_info=&#8221;{}&#8221;][\/et_pb_dp_oc_custom_item][et_pb_dp_oc_custom_item upload_image=&#8221;https:\/\/scuba-legends.com\/wp-content\/uploads\/2023\/07\/Max_900x720_resized.jpg&#8221; _builder_version=&#8221;4.25.1&#8243; _module_preset=&#8221;default&#8221; global_colors_info=&#8221;{}&#8221;][\/et_pb_dp_oc_custom_item][et_pb_dp_oc_custom_item upload_image=&#8221;https:\/\/scuba-legends.com\/wp-content\/uploads\/2023\/07\/Santi_900x720_resized.jpg&#8221; _builder_version=&#8221;4.25.1&#8243; _module_preset=&#8221;default&#8221; global_colors_info=&#8221;{}&#8221;][\/et_pb_dp_oc_custom_item][\/et_pb_dp_oc_custom][\/et_pb_column][\/et_pb_row][et_pb_row disabled_on=&#8221;on|on|on&#8221; _builder_version=&#8221;4.16&#8243; disabled=&#8221;on&#8221; locked=&#8221;off&#8221; global_colors_info=&#8221;{}&#8221;][et_pb_column type=&#8221;4_4&#8243; _builder_version=&#8221;4.16&#8243; global_colors_info=&#8221;{}&#8221;][dica_divi_carousel show_items_desktop=&#8221;3&#8243; show_items_tablet=&#8221;2&#8243; loop=&#8221;on&#8221; dot_nav=&#8221;on&#8221; advanced_effect=&#8221;1&#8243; admin_label=&#8221;Divi Carousel&#8221; _builder_version=&#8221;4.0.9&#8243; hover_enabled=&#8221;0&#8243; locked=&#8221;off&#8221; _i=&#8221;0&#8243; _address=&#8221;2.2.0.0&#8243; \/][\/et_pb_column][\/et_pb_row][\/et_pb_section]<\/p>\n","protected":false},"excerpt":{"rendered":"<p>\u00a0MAKE IT LEGENDARYEl busseig es la nostra passi\u00f3 i vida. Make it legendarySubmergeix-te en l&#8217;extraordinari amb el Scuba Legends Dive Center a Lanzarote, on el busseig no \u00e9s nom\u00e9s un hobbie; \u00e9s la nostra passi\u00f3, la nostra vida i una oportunitat per fer que cada moment sota l&#8217;aigua sigui llegendari. Troba&#8217;ns al cor de Puerto [&hellip;]<\/p>\n","protected":false},"author":2,"featured_media":0,"parent":0,"menu_order":54,"comment_status":"closed","ping_status":"closed","template":"","meta":{"_acf_changed":false,"_et_pb_use_builder":"on","_et_pb_old_content":"","_et_gb_content_width":"","footnotes":""},"class_list":["post-9457","page","type-page","status-publish","hentry"],"acf":[],"yoast_head":"<!-- This site is optimized with the Yoast SEO plugin v27.3 - https:\/\/yoast.com\/product\/yoast-seo-wordpress\/ -->\n<title>Coneix nos - Scuba Legends<\/title>\n<meta name=\"robots\" content=\"index, follow, max-snippet:-1, max-image-preview:large, max-video-preview:-1\" \/>\n<link rel=\"canonical\" href=\"https:\/\/scuba-legends.com\/ca\/coneix-nos\/\" \/>\n<meta property=\"og:locale\" content=\"ca_ES\" \/>\n<meta property=\"og:type\" content=\"article\" \/>\n<meta property=\"og:title\" content=\"Coneix nos - Scuba Legends\" \/>\n<meta property=\"og:description\" content=\"\u00a0MAKE IT LEGENDARYEl busseig es la nostra passi\u00f3 i vida. Make it legendarySubmergeix-te en l&#039;extraordinari amb el Scuba Legends Dive Center a Lanzarote, on el busseig no \u00e9s nom\u00e9s un hobbie; \u00e9s la nostra passi\u00f3, la nostra vida i una oportunitat per fer que cada moment sota l&#039;aigua sigui llegendari. Troba&#039;ns al cor de Puerto [&hellip;]\" \/>\n<meta property=\"og:url\" content=\"https:\/\/scuba-legends.com\/ca\/coneix-nos\/\" \/>\n<meta property=\"og:site_name\" content=\"Scuba Legends\" \/>\n<meta property=\"article:publisher\" content=\"https:\/\/www.facebook.com\/ScubaLegends\/\" \/>\n<meta property=\"article:modified_time\" content=\"2024-05-11T15:37:46+00:00\" \/>\n<meta property=\"og:image\" content=\"https:\/\/scuba-legends.com\/wp-content\/uploads\/2020\/01\/scuba_legend_logo_new1.png\" \/>\n\t<meta property=\"og:image:width\" content=\"150\" \/>\n\t<meta property=\"og:image:height\" content=\"150\" \/>\n\t<meta property=\"og:image:type\" content=\"image\/png\" \/>\n<meta name=\"twitter:card\" content=\"summary_large_image\" \/>\n<meta name=\"twitter:site\" content=\"@scubalegends\" \/>\n<meta name=\"twitter:label1\" content=\"Temps estimat de lectura\" \/>\n\t<meta name=\"twitter:data1\" content=\"6 minuts\" \/>\n<script type=\"application\/ld+json\" class=\"yoast-schema-graph\">{\"@context\":\"https:\\\/\\\/schema.org\",\"@graph\":[{\"@type\":\"WebPage\",\"@id\":\"https:\\\/\\\/scuba-legends.com\\\/ca\\\/coneix-nos\\\/\",\"url\":\"https:\\\/\\\/scuba-legends.com\\\/ca\\\/coneix-nos\\\/\",\"name\":\"Coneix nos - Scuba Legends\",\"isPartOf\":{\"@id\":\"https:\\\/\\\/scuba-legends.com\\\/ca\\\/#website\"},\"datePublished\":\"2020-11-04T18:58:22+00:00\",\"dateModified\":\"2024-05-11T15:37:46+00:00\",\"breadcrumb\":{\"@id\":\"https:\\\/\\\/scuba-legends.com\\\/ca\\\/coneix-nos\\\/#breadcrumb\"},\"inLanguage\":\"ca\",\"potentialAction\":[{\"@type\":\"ReadAction\",\"target\":[\"https:\\\/\\\/scuba-legends.com\\\/ca\\\/coneix-nos\\\/\"]}]},{\"@type\":\"BreadcrumbList\",\"@id\":\"https:\\\/\\\/scuba-legends.com\\\/ca\\\/coneix-nos\\\/#breadcrumb\",\"itemListElement\":[{\"@type\":\"ListItem\",\"position\":1,\"name\":\"Scuba Legends\",\"item\":\"https:\\\/\\\/scuba-legends.com\\\/ca\\\/\"},{\"@type\":\"ListItem\",\"position\":2,\"name\":\"Coneix nos\"}]},{\"@type\":\"WebSite\",\"@id\":\"https:\\\/\\\/scuba-legends.com\\\/ca\\\/#website\",\"url\":\"https:\\\/\\\/scuba-legends.com\\\/ca\\\/\",\"name\":\"Scuba Legends\",\"description\":\"Dive Center Lanzarote\",\"publisher\":{\"@id\":\"https:\\\/\\\/scuba-legends.com\\\/ca\\\/#organization\"},\"potentialAction\":[{\"@type\":\"SearchAction\",\"target\":{\"@type\":\"EntryPoint\",\"urlTemplate\":\"https:\\\/\\\/scuba-legends.com\\\/ca\\\/?s={search_term_string}\"},\"query-input\":{\"@type\":\"PropertyValueSpecification\",\"valueRequired\":true,\"valueName\":\"search_term_string\"}}],\"inLanguage\":\"ca\"},{\"@type\":\"Organization\",\"@id\":\"https:\\\/\\\/scuba-legends.com\\\/ca\\\/#organization\",\"name\":\"Scuba Legends Dive Center Lanzarote\",\"url\":\"https:\\\/\\\/scuba-legends.com\\\/ca\\\/\",\"logo\":{\"@type\":\"ImageObject\",\"inLanguage\":\"ca\",\"@id\":\"https:\\\/\\\/scuba-legends.com\\\/ca\\\/#\\\/schema\\\/logo\\\/image\\\/\",\"url\":\"https:\\\/\\\/scuba-legends.com\\\/wp-content\\\/uploads\\\/2020\\\/01\\\/scuba_legends_favicon.png\",\"contentUrl\":\"https:\\\/\\\/scuba-legends.com\\\/wp-content\\\/uploads\\\/2020\\\/01\\\/scuba_legends_favicon.png\",\"width\":512,\"height\":512,\"caption\":\"Scuba Legends Dive Center Lanzarote\"},\"image\":{\"@id\":\"https:\\\/\\\/scuba-legends.com\\\/ca\\\/#\\\/schema\\\/logo\\\/image\\\/\"},\"sameAs\":[\"https:\\\/\\\/www.facebook.com\\\/ScubaLegends\\\/\",\"https:\\\/\\\/x.com\\\/scubalegends\",\"https:\\\/\\\/www.instagram.com\\\/scuba_legends\\\/\",\"https:\\\/\\\/www.youtube.com\\\/channel\\\/UCUjHU7Mmii5SfLoodxNZmqQ\"]}]}<\/script>\n<!-- \/ Yoast SEO plugin. -->","yoast_head_json":{"title":"Coneix nos - Scuba Legends","robots":{"index":"index","follow":"follow","max-snippet":"max-snippet:-1","max-image-preview":"max-image-preview:large","max-video-preview":"max-video-preview:-1"},"canonical":"https:\/\/scuba-legends.com\/ca\/coneix-nos\/","og_locale":"ca_ES","og_type":"article","og_title":"Coneix nos - Scuba Legends","og_description":"\u00a0MAKE IT LEGENDARYEl busseig es la nostra passi\u00f3 i vida. Make it legendarySubmergeix-te en l'extraordinari amb el Scuba Legends Dive Center a Lanzarote, on el busseig no \u00e9s nom\u00e9s un hobbie; \u00e9s la nostra passi\u00f3, la nostra vida i una oportunitat per fer que cada moment sota l'aigua sigui llegendari. Troba'ns al cor de Puerto [&hellip;]","og_url":"https:\/\/scuba-legends.com\/ca\/coneix-nos\/","og_site_name":"Scuba Legends","article_publisher":"https:\/\/www.facebook.com\/ScubaLegends\/","article_modified_time":"2024-05-11T15:37:46+00:00","og_image":[{"width":150,"height":150,"url":"https:\/\/scuba-legends.com\/wp-content\/uploads\/2020\/01\/scuba_legend_logo_new1.png","type":"image\/png"}],"twitter_card":"summary_large_image","twitter_site":"@scubalegends","twitter_misc":{"Temps estimat de lectura":"6 minuts"},"schema":{"@context":"https:\/\/schema.org","@graph":[{"@type":"WebPage","@id":"https:\/\/scuba-legends.com\/ca\/coneix-nos\/","url":"https:\/\/scuba-legends.com\/ca\/coneix-nos\/","name":"Coneix nos - Scuba Legends","isPartOf":{"@id":"https:\/\/scuba-legends.com\/ca\/#website"},"datePublished":"2020-11-04T18:58:22+00:00","dateModified":"2024-05-11T15:37:46+00:00","breadcrumb":{"@id":"https:\/\/scuba-legends.com\/ca\/coneix-nos\/#breadcrumb"},"inLanguage":"ca","potentialAction":[{"@type":"ReadAction","target":["https:\/\/scuba-legends.com\/ca\/coneix-nos\/"]}]},{"@type":"BreadcrumbList","@id":"https:\/\/scuba-legends.com\/ca\/coneix-nos\/#breadcrumb","itemListElement":[{"@type":"ListItem","position":1,"name":"Scuba Legends","item":"https:\/\/scuba-legends.com\/ca\/"},{"@type":"ListItem","position":2,"name":"Coneix nos"}]},{"@type":"WebSite","@id":"https:\/\/scuba-legends.com\/ca\/#website","url":"https:\/\/scuba-legends.com\/ca\/","name":"Scuba Legends","description":"Dive Center Lanzarote","publisher":{"@id":"https:\/\/scuba-legends.com\/ca\/#organization"},"potentialAction":[{"@type":"SearchAction","target":{"@type":"EntryPoint","urlTemplate":"https:\/\/scuba-legends.com\/ca\/?s={search_term_string}"},"query-input":{"@type":"PropertyValueSpecification","valueRequired":true,"valueName":"search_term_string"}}],"inLanguage":"ca"},{"@type":"Organization","@id":"https:\/\/scuba-legends.com\/ca\/#organization","name":"Scuba Legends Dive Center Lanzarote","url":"https:\/\/scuba-legends.com\/ca\/","logo":{"@type":"ImageObject","inLanguage":"ca","@id":"https:\/\/scuba-legends.com\/ca\/#\/schema\/logo\/image\/","url":"https:\/\/scuba-legends.com\/wp-content\/uploads\/2020\/01\/scuba_legends_favicon.png","contentUrl":"https:\/\/scuba-legends.com\/wp-content\/uploads\/2020\/01\/scuba_legends_favicon.png","width":512,"height":512,"caption":"Scuba Legends Dive Center Lanzarote"},"image":{"@id":"https:\/\/scuba-legends.com\/ca\/#\/schema\/logo\/image\/"},"sameAs":["https:\/\/www.facebook.com\/ScubaLegends\/","https:\/\/x.com\/scubalegends","https:\/\/www.instagram.com\/scuba_legends\/","https:\/\/www.youtube.com\/channel\/UCUjHU7Mmii5SfLoodxNZmqQ"]}]}},"_links":{"self":[{"href":"https:\/\/scuba-legends.com\/ca\/wp-json\/wp\/v2\/pages\/9457","targetHints":{"allow":["GET"]}}],"collection":[{"href":"https:\/\/scuba-legends.com\/ca\/wp-json\/wp\/v2\/pages"}],"about":[{"href":"https:\/\/scuba-legends.com\/ca\/wp-json\/wp\/v2\/types\/page"}],"author":[{"embeddable":true,"href":"https:\/\/scuba-legends.com\/ca\/wp-json\/wp\/v2\/users\/2"}],"replies":[{"embeddable":true,"href":"https:\/\/scuba-legends.com\/ca\/wp-json\/wp\/v2\/comments?post=9457"}],"version-history":[{"count":7,"href":"https:\/\/scuba-legends.com\/ca\/wp-json\/wp\/v2\/pages\/9457\/revisions"}],"predecessor-version":[{"id":17614,"href":"https:\/\/scuba-legends.com\/ca\/wp-json\/wp\/v2\/pages\/9457\/revisions\/17614"}],"wp:attachment":[{"href":"https:\/\/scuba-legends.com\/ca\/wp-json\/wp\/v2\/media?parent=9457"}],"curies":[{"name":"wp","href":"https:\/\/api.w.org\/{rel}","templated":true}]}}