{"id":9444,"date":"2020-11-04T18:49:20","date_gmt":"2020-11-04T18:49:20","guid":{"rendered":"https:\/\/scuba-legends.com\/snorkel-puerto-del-carmen\/"},"modified":"2025-08-14T12:18:25","modified_gmt":"2025-08-14T12:18:25","slug":"snorkel-puerto-del-carmen","status":"publish","type":"page","link":"https:\/\/scuba-legends.com\/ca\/snorkel-puerto-del-carmen\/","title":{"rendered":"Snorkel A Lanzarote"},"content":{"rendered":"<p>[et_pb_section fb_built=&#8221;1&#8243; fullwidth=&#8221;on&#8221; module_id=&#8221;spheader-section&#8221; _builder_version=&#8221;4.16&#8243; global_colors_info=&#8221;{}&#8221;][et_pb_fullwidth_header title=&#8221;SNORKEL A LANZAROTE&#8221; content_max_width=&#8221;95%&#8221; _builder_version=&#8221;4.16&#8243; title_font=&#8221;|||on|||||&#8221; title_font_size=&#8221;54px&#8221; subhead_font=&#8221;|||on|||||&#8221; background_image=&#8221;https:\/\/scuba-legends.com\/wp-content\/uploads\/2020\/02\/Snorkel_Header-scaled.jpg&#8221; background_position=&#8221;bottom_center&#8221; width=&#8221;95%&#8221; module_alignment=&#8221;center&#8221; custom_padding=&#8221;80px||80px||true|&#8221; title_font_size_tablet=&#8221;44px&#8221; background_last_edited=&#8221;off|desktop&#8221; background_image_phone=&#8221;https:\/\/scuba-legends.com\/wp-content\/uploads\/2020\/01\/museo_mobile_header_bg.png&#8221; background_enable_image_phone=&#8221;on&#8221; custom_css_title=&#8221;order: 2;&#8221; custom_css_subtitle=&#8221;order: 1;&#8221; global_colors_info=&#8221;{}&#8221;]<\/p>\n<p>MAKE IT LEGENDARY<\/p>\n<p>[\/et_pb_fullwidth_header][\/et_pb_section][et_pb_section fb_built=&#8221;1&#8243; _builder_version=&#8221;4.16&#8243; custom_margin=&#8221;-50px||||false|false&#8221; locked=&#8221;off&#8221; global_colors_info=&#8221;{}&#8221;][et_pb_row _builder_version=&#8221;4.16&#8243; global_colors_info=&#8221;{}&#8221;][et_pb_column type=&#8221;4_4&#8243; _builder_version=&#8221;4.16&#8243; global_colors_info=&#8221;{}&#8221;][et_pb_text admin_label=&#8221;Text&#8221; _builder_version=&#8221;4.25.1&#8243; text_font_size=&#8221;18px&#8221; custom_margin=&#8221;-20px||||false|false&#8221; global_colors_info=&#8221;{}&#8221;]<\/p>\n<h2 style=\"text-align: center; color: #0db4d5;\">Excursi\u00f3 de Snorkel a Lanzarote amb Scuba Legends<\/h2>\n<p>[\/et_pb_text][et_pb_text _builder_version=&#8221;4.25.1&#8243; global_colors_info=&#8221;{}&#8221;]<\/p>\n<h3>Explora Playa Chica: Un Parad\u00eds per al Snorkel<\/h3>\n<p>Benvingut a Scuba Legends, la teva escola de busseig de primera classe per a una <strong>inoblidable excursi\u00f3 de snorkel a Puerto del Carmen<\/strong>, Lanzarote. Submergeix-te en el vibrant m\u00f3n submar\u00ed de Playa Chica, un parad\u00eds per al snorkel, conegut per les seves aig\u00fces clares i la seva meravellosa fauna marina. El snorkel \u00e9s una <strong>activitat per a tota la fam\u00edlia, nens i adults de totes les edats<\/strong>. \u00c9s una activitat molt relaxant; ens movem tranquil\u00b7lament amb tub, m\u00e0scara i aletes a la superf\u00edcie perqu\u00e8 puguis gaudir de l&#8217;entorn. Tamb\u00e9 portar\u00e0s un vestit de neopr\u00e8 per mantenir-te calent i flotar sense esfor\u00e7 a la superf\u00edcie.<\/p>\n<p>La nostra excursi\u00f3 de snorkel a Playa Chica ofereix una incre\u00efble aventura per als amants de l\u2019aigua de <strong>tots els nivells d&#8217;experi\u00e8ncia<\/strong>. Ja siguis un snorkelista experimentat o un explorador principiant, els nostres guies experimentats t&#8217;explicaran com utilitzar l&#8217;equip i et familiaritzaran amb el snorkel. Amb un f\u00e0cil acc\u00e9s des de la platja, les aig\u00fces tranquil\u00b7les i poc profundes de Playa Chica s\u00f3n el lloc perfecte per fer snorkel. Comencem a la badia protegida i, una vegada que et sentis c\u00f2mode, explorem els esculls m\u00e9s grans. En un <strong>grup petit<\/strong>, et mostrarem la vida marina i ens assegurarem que tinguis una experi\u00e8ncia segura i plaent.<\/p>\n<h3>Explora el M\u00f3n Submar\u00ed<\/h3>\n<p>L&#8217;ecosistema submar\u00ed de Playa Chica est\u00e0 ple d&#8217;una <strong>varietat d&#8217;esp\u00e8cies marines<\/strong>. Mentre fas snorkel a la superf\u00edcie al llarg dels esculls, et trobar\u00e0s amb centenars de peixos i estar\u00e0s envoltat <strong>d&#8217;habitants marins, mentre la llum del sol dibuixa les seves formes a la sorra clara i les roques volc\u00e0niques<\/strong>. Els esculls rocosos i les formacions volc\u00e0niques ofereixen l&#8217;h\u00e0bitat perfecte per a una multitud de criatures marines. Et sorprendr\u00e0 la rica biodiversitat que prospera en aquestes aig\u00fces, des dels crancs m\u00e9s petits fins a les majestuoses rajades que es desplacen sense esfor\u00e7 pel mar. Estate atent als acolorits peixos vella, peixets, llenguados, pops, calamars, peixos trompeta, sardines i barracudes, que afegiran un toc d&#8217;emoci\u00f3 a la teva aventura de snorkel.<\/p>\n<h3>Per qu\u00e8 reservar amb Scuba Legends?<\/h3>\n<p>A Scuba Legends, ens enorgullim d&#8217;oferir una experi\u00e8ncia de snorkel <strong>segura, educativa i conscient del medi ambient<\/strong>. Els nostres guies estan educats i apassionats pel m\u00f3n mar\u00ed i compromesos amb la protecci\u00f3 de l&#8217;oce\u00e0. Et brindaran fascinants coneixements sobre el m\u00f3n submar\u00ed i s&#8217;asseguraran que tornis a casa amb una major apreciaci\u00f3 de <strong>la bellesa<\/strong> dels nostres oceans. A m\u00e9s, proporcionem equip de snorkel d&#8217;alta qualitat i cobrim l&#8217;asseguran\u00e7a per a l&#8217;activitat.<\/p>\n<h3>La Teva Aventura de Snorkel<\/h3>\n<p>Reserva amb Scuba Legends per a una inoblidable excursi\u00f3 de <strong>snorkel a Playa Chica, Puerto del Carmen<\/strong>. Tant si desitges explorar el m\u00f3n submar\u00ed per primera vegada com si ets un snorkelista experimentat buscant una nova aventura, les nostres excursions estan dissenyades per oferir a tothom una <strong>experi\u00e8ncia excepcional<\/strong>.<\/p>\n<p><strong>Fes snorkel a la bellesa de Playa Chica i crea moments inoblidables.<\/strong><\/p>\n<p>[\/et_pb_text][\/et_pb_column][\/et_pb_row][\/et_pb_section][et_pb_section fb_built=&#8221;1&#8243; _builder_version=&#8221;4.25.1&#8243; custom_margin=&#8221;-120px||||false|false&#8221; locked=&#8221;off&#8221; global_colors_info=&#8221;{}&#8221;][et_pb_row _builder_version=&#8221;4.25.1&#8243; custom_margin=&#8221;||5px||false|false&#8221; global_colors_info=&#8221;{}&#8221;][et_pb_column type=&#8221;4_4&#8243; _builder_version=&#8221;4.16&#8243; global_colors_info=&#8221;{}&#8221;][et_pb_button button_url=&#8221;https:\/\/app.bukyapp.com\/front\/673ef83180e03463a90b61e6\/product\/67568ccf58b6804f2a656a21&#8243; url_new_window=&#8221;on&#8221; button_text=&#8221;DISPONIBILITAT I PREUS&#8221; button_alignment=&#8221;center&#8221; admin_label=&#8221;Bot\u00f3n&#8221; _builder_version=&#8221;4.27.4&#8243; custom_button=&#8221;on&#8221; button_text_size=&#8221;16px&#8221; button_text_color=&#8221;#ffffff&#8221; button_bg_color=&#8221;#0db4d5&#8243; button_border_radius=&#8221;6px&#8221; custom_margin=&#8221;||30px||false|false&#8221; global_colors_info=&#8221;{}&#8221;][\/et_pb_button][\/et_pb_column][\/et_pb_row][et_pb_row _builder_version=&#8221;4.16&#8243; custom_margin=&#8221;-20px||||false|false&#8221; locked=&#8221;off&#8221; global_colors_info=&#8221;{}&#8221;][et_pb_column type=&#8221;4_4&#8243; _builder_version=&#8221;4.16&#8243; global_colors_info=&#8221;{}&#8221;][et_pb_text admin_label=&#8221;Text&#8221; _builder_version=&#8221;4.25.1&#8243; text_font_size=&#8221;18px&#8221; custom_margin=&#8221;-20px||||false|false&#8221; global_colors_info=&#8221;{}&#8221;]<\/p>\n<h2 style=\"text-align: center; color: #0db4d5;\">Reserva avui mateix la teva excursi\u00f3 de snorkel a Lanzarote i explora l&#8217;Oce\u00e0 Atl\u00e0ntic.<\/h2>\n<p>[\/et_pb_text][\/et_pb_column][\/et_pb_row][et_pb_row column_structure=&#8221;1_3,1_3,1_3&#8243; _builder_version=&#8221;4.16&#8243; locked=&#8221;off&#8221; global_colors_info=&#8221;{}&#8221;][et_pb_column type=&#8221;1_3&#8243; _builder_version=&#8221;4.16&#8243; global_colors_info=&#8221;{}&#8221;][et_pb_text admin_label=&#8221;Text&#8221; _builder_version=&#8221;4.27.4&#8243; background_color=&#8221;rgba(13,180,213,0.17)&#8221; custom_padding=&#8221;25px|25px|25px|25px|false|false&#8221; border_radii=&#8221;on|3px|3px|3px|3px&#8221; global_colors_info=&#8221;{}&#8221;]<\/p>\n<h4 style=\"text-align: center; color: #0db4d5;\">Excursi\u00f3 de Snorkel<\/h4>\n<ul>\n<li>Ubicaci\u00f3: Playa Chica, Puerto del Carmen<\/li>\n<li>Acc\u00e9s: des de la platja<\/li>\n<li>Briefing i guia: S\u00ed<\/li>\n<li>Durada de l&#8217;activitat: 2 hores<\/li>\n<li>Preu: des de 38\u20ac<\/li>\n<\/ul>\n<h4 style=\"text-align: center; color: #0db4d5;\"><a href=\"https:\/\/app.bukyapp.com\/front\/673ef83180e03463a90b61e6\/product\/67568ccf58b6804f2a656a21\" target=\"_blank\" rel=\"noopener\">RESERVA<\/a><\/h4>\n<p>[\/et_pb_text][\/et_pb_column][et_pb_column type=&#8221;1_3&#8243; _builder_version=&#8221;4.16&#8243; global_colors_info=&#8221;{}&#8221;][et_pb_text _builder_version=&#8221;4.25.1&#8243; background_color=&#8221;rgba(13,180,213,0.17)&#8221; custom_padding=&#8221;25px|25px|25px|25px|false|false&#8221; border_radii=&#8221;on|3px|3px|3px|3px&#8221; global_colors_info=&#8221;{}&#8221;]<\/p>\n<h4 style=\"text-align: center; color: #0db4d5;\">Qu\u00e8 inclou?<\/h4>\n<ul>\n<li>Equip de lloguer<\/li>\n<li>Asseguran\u00e7a<\/li>\n<li>Aigua i galetes<\/li>\n<li>Guia experimentat<\/li>\n<li>Grups petits<\/li>\n<\/ul>\n<p>[\/et_pb_text][et_pb_text _builder_version=&#8221;4.27.4&#8243; background_color=&#8221;rgba(13,180,213,0.17)&#8221; custom_padding=&#8221;25px|25px|25px|25px|false|false&#8221; hover_enabled=&#8221;0&#8243; border_radii=&#8221;on|3px|3px|3px|3px&#8221; global_colors_info=&#8221;{}&#8221; sticky_enabled=&#8221;0&#8243;]<\/p>\n<h4 style=\"text-align: center; color: #0db4d5;\">Requisits?<\/h4>\n<ul>\n<li>M\u00e9s de 8 anys<\/li>\n<li>Coneixements b\u00e0sics de nataci\u00f3<\/li>\n<\/ul>\n<p>[\/et_pb_text][\/et_pb_column][et_pb_column type=&#8221;1_3&#8243; _builder_version=&#8221;4.16&#8243; global_colors_info=&#8221;{}&#8221;][et_pb_text _builder_version=&#8221;4.27.4&#8243; background_color=&#8221;rgba(13,180,213,0.17)&#8221; custom_padding=&#8221;25px|25px|25px|25px|false|false&#8221; border_radii=&#8221;on|3px|3px|3px|3px&#8221; global_colors_info=&#8221;{}&#8221;]<\/p>\n<h4 style=\"text-align: center; color: #0db4d5;\">B\u00e9 de saber!<\/h4>\n<ul>\n<li>No es requereix experi\u00e8ncia<\/li>\n<li>Porta: roba de bany, tovallola, ulleres de sol, protector solar, roba per canviar-te<\/li>\n<li>Es recomana reservar amb antelaci\u00f3<\/li>\n<li>C\u00e0mera de lloguer sota petici\u00f3 (subjecte a disponibilitat)<\/li>\n<li>Hora d\u2019inici: 8:15\/10:15\/12:15 (segons temporada, opci\u00f3, idioma i disponibilitat)<\/li>\n<\/ul>\n<p>[\/et_pb_text][\/et_pb_column][\/et_pb_row][et_pb_row _builder_version=&#8221;4.16&#8243; global_colors_info=&#8221;{}&#8221;][et_pb_column type=&#8221;4_4&#8243; _builder_version=&#8221;4.16&#8243; global_colors_info=&#8221;{}&#8221;][et_pb_button button_url=&#8221;https:\/\/app.bukyapp.com\/front\/673ef83180e03463a90b61e6\/product\/67568ccf58b6804f2a656a21&#8243; url_new_window=&#8221;on&#8221; button_text=&#8221;DISPONIBILITAT I PREUS&#8221; button_alignment=&#8221;center&#8221; admin_label=&#8221;Bot\u00f3n&#8221; _builder_version=&#8221;4.27.4&#8243; custom_button=&#8221;on&#8221; button_text_size=&#8221;16px&#8221; button_text_color=&#8221;#ffffff&#8221; button_bg_color=&#8221;#0db4d5&#8243; button_border_radius=&#8221;6px&#8221; global_colors_info=&#8221;{}&#8221;][\/et_pb_button][\/et_pb_column][\/et_pb_row][\/et_pb_section][et_pb_section fb_built=&#8221;1&#8243; fullwidth=&#8221;on&#8221; _builder_version=&#8221;4.16&#8243; global_colors_info=&#8221;{}&#8221;][et_pb_fullwidth_header text_orientation=&#8221;center&#8221; button_one_text=&#8221;M\u00e9s informaci\u00f3&#8221; button_one_url=&#8221;https:\/\/scuba-legends.com\/ca\/contacte\/&#8221; admin_label=&#8221;Fullwidth Header&#8221; _builder_version=&#8221;4.16&#8243; title_level=&#8221;h3&#8243; background_image=&#8221;https:\/\/scuba-legends.com\/wp-content\/uploads\/2020\/08\/Hazlo-epico-1.jpg&#8221; custom_button_one=&#8221;on&#8221; button_one_text_size=&#8221;16px&#8221; button_one_custom_margin=&#8221;||||false|false&#8221; custom_button_two=&#8221;on&#8221; button_two_text_size=&#8221;16px&#8221; text_shadow_style=&#8221;preset3&#8243; global_colors_info=&#8221;{}&#8221;]<\/p>\n<h2 style=\"text-align: center;\"><strong>Guies i instructor de busseig privat \u2013 Fes-lo \u00e8pic<\/strong><\/h2>\n<p style=\"text-align: center;\">Si vols una atenci\u00f3 VIP, encara m\u00e9s personalitzada i nom\u00e9s per a tu sol (o amb la teva fam\u00edlia i amics), t\u2019oferim el nostre servei exclusiu de submarinisme privat a Puerto del Carmen, Lanzarote.<br \/>Adaptem la immersi\u00f3 o curs a les teves necessitats i tempos.<\/p>\n<p>[\/et_pb_fullwidth_header][\/et_pb_section]<\/p>\n","protected":false},"excerpt":{"rendered":"<p>MAKE IT LEGENDARYExcursi\u00f3 de Snorkel a Lanzarote amb Scuba LegendsExplora Playa Chica: Un Parad\u00eds per al Snorkel Benvingut a Scuba Legends, la teva escola de busseig de primera classe per a una inoblidable excursi\u00f3 de snorkel a Puerto del Carmen, Lanzarote. Submergeix-te en el vibrant m\u00f3n submar\u00ed de Playa Chica, un parad\u00eds per al snorkel, [&hellip;]<\/p>\n","protected":false},"author":2,"featured_media":17658,"parent":0,"menu_order":192,"comment_status":"closed","ping_status":"closed","template":"","meta":{"_acf_changed":false,"_et_pb_use_builder":"on","_et_pb_old_content":"","_et_gb_content_width":"","footnotes":""},"class_list":["post-9444","page","type-page","status-publish","has-post-thumbnail","hentry"],"acf":[],"yoast_head":"<!-- This site is optimized with the Yoast SEO plugin v27.4 - https:\/\/yoast.com\/product\/yoast-seo-wordpress\/ -->\n<title>Snorkel A Lanzarote | Scuba Legends Centre de Busseig<\/title>\n<meta name=\"description\" content=\"Excursi\u00f3 de Snorkel a Lanzarote amb Scuba Legends. Explora Playa Chica: Un Parad\u00eds per al Snorkel. Activitat per a tota la fam\u00edlia.\" \/>\n<meta name=\"robots\" content=\"index, follow, max-snippet:-1, max-image-preview:large, max-video-preview:-1\" \/>\n<link rel=\"canonical\" href=\"https:\/\/scuba-legends.com\/ca\/snorkel-puerto-del-carmen\/\" \/>\n<meta property=\"og:locale\" content=\"ca_ES\" \/>\n<meta property=\"og:type\" content=\"article\" \/>\n<meta property=\"og:title\" content=\"Snorkel A Lanzarote | Scuba Legends Centre de Busseig\" \/>\n<meta property=\"og:description\" content=\"Excursi\u00f3 de Snorkel a Lanzarote amb Scuba Legends. Explora Playa Chica: Un Parad\u00eds per al Snorkel. Activitat per a tota la fam\u00edlia.\" \/>\n<meta property=\"og:url\" content=\"https:\/\/scuba-legends.com\/ca\/snorkel-puerto-del-carmen\/\" \/>\n<meta property=\"og:site_name\" content=\"Scuba Legends\" \/>\n<meta property=\"article:publisher\" content=\"https:\/\/www.facebook.com\/ScubaLegends\/\" \/>\n<meta property=\"article:modified_time\" content=\"2025-08-14T12:18:25+00:00\" \/>\n<meta property=\"og:image\" content=\"https:\/\/scuba-legends.com\/wp-content\/uploads\/2024\/06\/P9010531-scaled.jpg\" \/>\n\t<meta property=\"og:image:width\" content=\"2560\" \/>\n\t<meta property=\"og:image:height\" content=\"1920\" \/>\n\t<meta property=\"og:image:type\" content=\"image\/jpeg\" \/>\n<meta name=\"twitter:card\" content=\"summary_large_image\" \/>\n<meta name=\"twitter:site\" content=\"@scubalegends\" \/>\n<meta name=\"twitter:label1\" content=\"Temps estimat de lectura\" \/>\n\t<meta name=\"twitter:data1\" content=\"4 minuts\" \/>\n<script type=\"application\/ld+json\" class=\"yoast-schema-graph\">{\"@context\":\"https:\\\/\\\/schema.org\",\"@graph\":[{\"@type\":\"WebPage\",\"@id\":\"https:\\\/\\\/scuba-legends.com\\\/ca\\\/snorkel-puerto-del-carmen\\\/\",\"url\":\"https:\\\/\\\/scuba-legends.com\\\/ca\\\/snorkel-puerto-del-carmen\\\/\",\"name\":\"Snorkel A Lanzarote | Scuba Legends Centre de Busseig\",\"isPartOf\":{\"@id\":\"https:\\\/\\\/scuba-legends.com\\\/ca\\\/#website\"},\"primaryImageOfPage\":{\"@id\":\"https:\\\/\\\/scuba-legends.com\\\/ca\\\/snorkel-puerto-del-carmen\\\/#primaryimage\"},\"image\":{\"@id\":\"https:\\\/\\\/scuba-legends.com\\\/ca\\\/snorkel-puerto-del-carmen\\\/#primaryimage\"},\"thumbnailUrl\":\"https:\\\/\\\/scuba-legends.com\\\/wp-content\\\/uploads\\\/2024\\\/06\\\/P9010531-scaled.jpg\",\"datePublished\":\"2020-11-04T18:49:20+00:00\",\"dateModified\":\"2025-08-14T12:18:25+00:00\",\"description\":\"Excursi\u00f3 de Snorkel a Lanzarote amb Scuba Legends. Explora Playa Chica: Un Parad\u00eds per al Snorkel. Activitat per a tota la fam\u00edlia.\",\"breadcrumb\":{\"@id\":\"https:\\\/\\\/scuba-legends.com\\\/ca\\\/snorkel-puerto-del-carmen\\\/#breadcrumb\"},\"inLanguage\":\"ca\",\"potentialAction\":[{\"@type\":\"ReadAction\",\"target\":[\"https:\\\/\\\/scuba-legends.com\\\/ca\\\/snorkel-puerto-del-carmen\\\/\"]}]},{\"@type\":\"ImageObject\",\"inLanguage\":\"ca\",\"@id\":\"https:\\\/\\\/scuba-legends.com\\\/ca\\\/snorkel-puerto-del-carmen\\\/#primaryimage\",\"url\":\"https:\\\/\\\/scuba-legends.com\\\/wp-content\\\/uploads\\\/2024\\\/06\\\/P9010531-scaled.jpg\",\"contentUrl\":\"https:\\\/\\\/scuba-legends.com\\\/wp-content\\\/uploads\\\/2024\\\/06\\\/P9010531-scaled.jpg\",\"width\":2560,\"height\":1920,\"caption\":\"Snorkel in Playa Chica, Puerto Del Carmen, Lanzarote\"},{\"@type\":\"BreadcrumbList\",\"@id\":\"https:\\\/\\\/scuba-legends.com\\\/ca\\\/snorkel-puerto-del-carmen\\\/#breadcrumb\",\"itemListElement\":[{\"@type\":\"ListItem\",\"position\":1,\"name\":\"Scuba Legends\",\"item\":\"https:\\\/\\\/scuba-legends.com\\\/ca\\\/\"},{\"@type\":\"ListItem\",\"position\":2,\"name\":\"Snorkel A Lanzarote\"}]},{\"@type\":\"WebSite\",\"@id\":\"https:\\\/\\\/scuba-legends.com\\\/ca\\\/#website\",\"url\":\"https:\\\/\\\/scuba-legends.com\\\/ca\\\/\",\"name\":\"Scuba Legends\",\"description\":\"Dive Center Lanzarote\",\"publisher\":{\"@id\":\"https:\\\/\\\/scuba-legends.com\\\/ca\\\/#organization\"},\"potentialAction\":[{\"@type\":\"SearchAction\",\"target\":{\"@type\":\"EntryPoint\",\"urlTemplate\":\"https:\\\/\\\/scuba-legends.com\\\/ca\\\/?s={search_term_string}\"},\"query-input\":{\"@type\":\"PropertyValueSpecification\",\"valueRequired\":true,\"valueName\":\"search_term_string\"}}],\"inLanguage\":\"ca\"},{\"@type\":\"Organization\",\"@id\":\"https:\\\/\\\/scuba-legends.com\\\/ca\\\/#organization\",\"name\":\"Scuba Legends Dive Center Lanzarote\",\"url\":\"https:\\\/\\\/scuba-legends.com\\\/ca\\\/\",\"logo\":{\"@type\":\"ImageObject\",\"inLanguage\":\"ca\",\"@id\":\"https:\\\/\\\/scuba-legends.com\\\/ca\\\/#\\\/schema\\\/logo\\\/image\\\/\",\"url\":\"https:\\\/\\\/scuba-legends.com\\\/wp-content\\\/uploads\\\/2020\\\/01\\\/scuba_legends_favicon.png\",\"contentUrl\":\"https:\\\/\\\/scuba-legends.com\\\/wp-content\\\/uploads\\\/2020\\\/01\\\/scuba_legends_favicon.png\",\"width\":512,\"height\":512,\"caption\":\"Scuba Legends Dive Center Lanzarote\"},\"image\":{\"@id\":\"https:\\\/\\\/scuba-legends.com\\\/ca\\\/#\\\/schema\\\/logo\\\/image\\\/\"},\"sameAs\":[\"https:\\\/\\\/www.facebook.com\\\/ScubaLegends\\\/\",\"https:\\\/\\\/x.com\\\/scubalegends\",\"https:\\\/\\\/www.instagram.com\\\/scuba_legends\\\/\",\"https:\\\/\\\/www.youtube.com\\\/channel\\\/UCUjHU7Mmii5SfLoodxNZmqQ\"]}]}<\/script>\n<!-- \/ Yoast SEO plugin. -->","yoast_head_json":{"title":"Snorkel A Lanzarote | Scuba Legends Centre de Busseig","description":"Excursi\u00f3 de Snorkel a Lanzarote amb Scuba Legends. Explora Playa Chica: Un Parad\u00eds per al Snorkel. Activitat per a tota la fam\u00edlia.","robots":{"index":"index","follow":"follow","max-snippet":"max-snippet:-1","max-image-preview":"max-image-preview:large","max-video-preview":"max-video-preview:-1"},"canonical":"https:\/\/scuba-legends.com\/ca\/snorkel-puerto-del-carmen\/","og_locale":"ca_ES","og_type":"article","og_title":"Snorkel A Lanzarote | Scuba Legends Centre de Busseig","og_description":"Excursi\u00f3 de Snorkel a Lanzarote amb Scuba Legends. Explora Playa Chica: Un Parad\u00eds per al Snorkel. Activitat per a tota la fam\u00edlia.","og_url":"https:\/\/scuba-legends.com\/ca\/snorkel-puerto-del-carmen\/","og_site_name":"Scuba Legends","article_publisher":"https:\/\/www.facebook.com\/ScubaLegends\/","article_modified_time":"2025-08-14T12:18:25+00:00","og_image":[{"width":2560,"height":1920,"url":"https:\/\/scuba-legends.com\/wp-content\/uploads\/2024\/06\/P9010531-scaled.jpg","type":"image\/jpeg"}],"twitter_card":"summary_large_image","twitter_site":"@scubalegends","twitter_misc":{"Temps estimat de lectura":"4 minuts"},"schema":{"@context":"https:\/\/schema.org","@graph":[{"@type":"WebPage","@id":"https:\/\/scuba-legends.com\/ca\/snorkel-puerto-del-carmen\/","url":"https:\/\/scuba-legends.com\/ca\/snorkel-puerto-del-carmen\/","name":"Snorkel A Lanzarote | Scuba Legends Centre de Busseig","isPartOf":{"@id":"https:\/\/scuba-legends.com\/ca\/#website"},"primaryImageOfPage":{"@id":"https:\/\/scuba-legends.com\/ca\/snorkel-puerto-del-carmen\/#primaryimage"},"image":{"@id":"https:\/\/scuba-legends.com\/ca\/snorkel-puerto-del-carmen\/#primaryimage"},"thumbnailUrl":"https:\/\/scuba-legends.com\/wp-content\/uploads\/2024\/06\/P9010531-scaled.jpg","datePublished":"2020-11-04T18:49:20+00:00","dateModified":"2025-08-14T12:18:25+00:00","description":"Excursi\u00f3 de Snorkel a Lanzarote amb Scuba Legends. Explora Playa Chica: Un Parad\u00eds per al Snorkel. Activitat per a tota la fam\u00edlia.","breadcrumb":{"@id":"https:\/\/scuba-legends.com\/ca\/snorkel-puerto-del-carmen\/#breadcrumb"},"inLanguage":"ca","potentialAction":[{"@type":"ReadAction","target":["https:\/\/scuba-legends.com\/ca\/snorkel-puerto-del-carmen\/"]}]},{"@type":"ImageObject","inLanguage":"ca","@id":"https:\/\/scuba-legends.com\/ca\/snorkel-puerto-del-carmen\/#primaryimage","url":"https:\/\/scuba-legends.com\/wp-content\/uploads\/2024\/06\/P9010531-scaled.jpg","contentUrl":"https:\/\/scuba-legends.com\/wp-content\/uploads\/2024\/06\/P9010531-scaled.jpg","width":2560,"height":1920,"caption":"Snorkel in Playa Chica, Puerto Del Carmen, Lanzarote"},{"@type":"BreadcrumbList","@id":"https:\/\/scuba-legends.com\/ca\/snorkel-puerto-del-carmen\/#breadcrumb","itemListElement":[{"@type":"ListItem","position":1,"name":"Scuba Legends","item":"https:\/\/scuba-legends.com\/ca\/"},{"@type":"ListItem","position":2,"name":"Snorkel A Lanzarote"}]},{"@type":"WebSite","@id":"https:\/\/scuba-legends.com\/ca\/#website","url":"https:\/\/scuba-legends.com\/ca\/","name":"Scuba Legends","description":"Dive Center Lanzarote","publisher":{"@id":"https:\/\/scuba-legends.com\/ca\/#organization"},"potentialAction":[{"@type":"SearchAction","target":{"@type":"EntryPoint","urlTemplate":"https:\/\/scuba-legends.com\/ca\/?s={search_term_string}"},"query-input":{"@type":"PropertyValueSpecification","valueRequired":true,"valueName":"search_term_string"}}],"inLanguage":"ca"},{"@type":"Organization","@id":"https:\/\/scuba-legends.com\/ca\/#organization","name":"Scuba Legends Dive Center Lanzarote","url":"https:\/\/scuba-legends.com\/ca\/","logo":{"@type":"ImageObject","inLanguage":"ca","@id":"https:\/\/scuba-legends.com\/ca\/#\/schema\/logo\/image\/","url":"https:\/\/scuba-legends.com\/wp-content\/uploads\/2020\/01\/scuba_legends_favicon.png","contentUrl":"https:\/\/scuba-legends.com\/wp-content\/uploads\/2020\/01\/scuba_legends_favicon.png","width":512,"height":512,"caption":"Scuba Legends Dive Center Lanzarote"},"image":{"@id":"https:\/\/scuba-legends.com\/ca\/#\/schema\/logo\/image\/"},"sameAs":["https:\/\/www.facebook.com\/ScubaLegends\/","https:\/\/x.com\/scubalegends","https:\/\/www.instagram.com\/scuba_legends\/","https:\/\/www.youtube.com\/channel\/UCUjHU7Mmii5SfLoodxNZmqQ"]}]}},"_links":{"self":[{"href":"https:\/\/scuba-legends.com\/ca\/wp-json\/wp\/v2\/pages\/9444","targetHints":{"allow":["GET"]}}],"collection":[{"href":"https:\/\/scuba-legends.com\/ca\/wp-json\/wp\/v2\/pages"}],"about":[{"href":"https:\/\/scuba-legends.com\/ca\/wp-json\/wp\/v2\/types\/page"}],"author":[{"embeddable":true,"href":"https:\/\/scuba-legends.com\/ca\/wp-json\/wp\/v2\/users\/2"}],"replies":[{"embeddable":true,"href":"https:\/\/scuba-legends.com\/ca\/wp-json\/wp\/v2\/comments?post=9444"}],"version-history":[{"count":21,"href":"https:\/\/scuba-legends.com\/ca\/wp-json\/wp\/v2\/pages\/9444\/revisions"}],"predecessor-version":[{"id":19781,"href":"https:\/\/scuba-legends.com\/ca\/wp-json\/wp\/v2\/pages\/9444\/revisions\/19781"}],"wp:featuredmedia":[{"embeddable":true,"href":"https:\/\/scuba-legends.com\/ca\/wp-json\/wp\/v2\/media\/17658"}],"wp:attachment":[{"href":"https:\/\/scuba-legends.com\/ca\/wp-json\/wp\/v2\/media?parent=9444"}],"curies":[{"name":"wp","href":"https:\/\/api.w.org\/{rel}","templated":true}]}}