{"id":9427,"date":"2020-11-04T18:41:49","date_gmt":"2020-11-04T18:41:49","guid":{"rendered":"https:\/\/scuba-legends.com\/museo-atlantico\/"},"modified":"2024-12-20T14:01:35","modified_gmt":"2024-12-20T14:01:35","slug":"museo-atlantico","status":"publish","type":"page","link":"https:\/\/scuba-legends.com\/ca\/museo-atlantico\/","title":{"rendered":"Museo Atlantico, Lanzarote"},"content":{"rendered":"<p>[et_pb_section fb_built=&#8221;1&#8243; fullwidth=&#8221;on&#8221; module_id=&#8221;spheader-section&#8221; _builder_version=&#8221;4.16&#8243; global_colors_info=&#8221;{}&#8221;][et_pb_fullwidth_header title=&#8221;Museo Atl\u00e1ntico, Lanzarote&#8221; _builder_version=&#8221;4.27.4&#8243; title_text_align=&#8221;left&#8221; title_font_size=&#8221;54px&#8221; subhead_font=&#8221;|||on|||||&#8221; background_image=&#8221;https:\/\/scuba-legends.com\/wp-content\/uploads\/2020\/08\/Ofertas-header-1280&#215;900-2.jpg&#8221; width=&#8221;100%&#8221; module_alignment=&#8221;center&#8221; custom_padding=&#8221;80px||80px||true|&#8221; hover_enabled=&#8221;0&#8243; title_font_size_tablet=&#8221;44px&#8221; background_last_edited=&#8221;on|desktop&#8221; custom_css_main_element=&#8221;background-position: center -240px;&#8221; custom_css_title=&#8221;order: 2;&#8221; custom_css_subtitle=&#8221;order: 1;&#8221; global_colors_info=&#8221;{}&#8221; custom_css_main_element_last_edited=&#8221;on|tablet&#8221; custom_css_main_element_tablet=&#8221;background-position: center -70px;&#8221; custom_css_main_element_phone=&#8221;background-position: center center;&#8221; sticky_enabled=&#8221;0&#8243;]<\/p>\n<p style=\"text-align: left;\">\u00a0MAKE IT LEGENDARY<\/p>\n<p>[\/et_pb_fullwidth_header][\/et_pb_section][et_pb_section fb_built=&#8221;1&#8243; _builder_version=&#8221;4.16&#8243; custom_margin=&#8221;-50px||||false|false&#8221; global_colors_info=&#8221;{}&#8221;][et_pb_row _builder_version=&#8221;4.16&#8243; global_colors_info=&#8221;{}&#8221;][et_pb_column type=&#8221;4_4&#8243; _builder_version=&#8221;4.16&#8243; global_colors_info=&#8221;{}&#8221;][et_pb_text _builder_version=&#8221;4.27.4&#8243; text_font_size=&#8221;18px&#8221; custom_margin=&#8221;-20px||||false|false&#8221; global_colors_info=&#8221;{}&#8221;]<\/p>\n<h2 style=\"text-align: center; color: #0db4d5;\">Explora el Museo Atl\u00e1ntico \u2013 El Museu Subaqu\u00e0tic de Lanzarote<\/h2>\n<p>[\/et_pb_text][et_pb_text _builder_version=&#8221;4.27.4&#8243; hover_enabled=&#8221;0&#8243; global_colors_info=&#8221;{}&#8221; sticky_enabled=&#8221;0&#8243;]<\/p>\n<div class=\"flex-shrink-0 flex flex-col relative items-end\">\n<div class=\"pt-0\">\n<div class=\"gizmo-bot-avatar flex h-8 w-8 items-center justify-center overflow-hidden rounded-full\">\n<p>El Museu Subaqu\u00e0tic de Lanzarote, tamb\u00e9 conegut com \u201c<strong>Museo Atl\u00e1ntico<\/strong>\u201d, \u00e9s un dels pocs museus submarins del m\u00f3n. \u00c9s una <strong>immersi\u00f3 \u00fanica que hauries d\u2019experimentar almenys una vegada a la vida<\/strong>. Des del port de Playa Blanca, el museu est\u00e0 a nom\u00e9s un breu trajecte en vaixell des de la costa. El lloc de busseig t\u00e9 una <strong>profunditat de 10 a 14 metres<\/strong> i \u00e9s apte per a <strong>bussejadors de tots els nivells<\/strong>, des de principiants fins a bussejadors experimentats. L\u2019objectiu d\u2019aquesta immersi\u00f3 \u00e9s gaudir de les escultures art\u00edstiques i el seu entorn. A m\u00e9s, tamb\u00e9 descobrir\u00e0s una vida marina sorprenent!<\/p>\n<p>El projecte va ser iniciat el 2017 per <strong>l\u2019artista brit\u00e0nic Jason deCaires Taylor<\/strong>. El Museu Subaqu\u00e0tic ocupa una \u00e0rea d\u2019aproximadament 50 x 50 metres sobre un fons aren\u00f3s i un escull on viuen moltes esp\u00e8cies. Inclou una s\u00e8rie d\u2019escultures impressionants i reflexives col\u00b7locades al fons del mar, dissenyades per evolucionar amb el temps com a esculls artificials. <strong>Cada grup d\u2019escultures explica una hist\u00f2ria o transmet un missatge sobre la societat, el medi ambient o l\u2019impacte hum\u00e0 en el m\u00f3n natural.<\/strong><\/p>\n<p>L\u2019entorn est\u00e0 protegit i ofereix un espai segur per a la reproducci\u00f3. Els visitants habituals del museu inclouen taurons \u00e0ngel, sardines, peixos lloro, barracudes i molts m\u00e9s. Volem protegir l\u2019entorn i la vida marina durant la immersi\u00f3, aix\u00ed que recordem a tots els nostres bussejadors que mostrin el m\u00e0xim respecte pel m\u00f3n submar\u00ed i que no toquin ni facin malb\u00e9 les escultures ni la vida marina.<\/p>\n<\/div>\n<\/div>\n<\/div>\n<p>[\/et_pb_text][\/et_pb_column][\/et_pb_row][\/et_pb_section][et_pb_section fb_built=&#8221;1&#8243; module_id=&#8221;ma-section-slider&#8221; _builder_version=&#8221;4.16&#8243; background_color=&#8221;#ffffff&#8221; custom_margin=&#8221;-80px||20px||false|false&#8221; custom_padding=&#8221;40px||35px|||&#8221; global_colors_info=&#8221;{}&#8221;][et_pb_row column_structure=&#8221;1_4,1_4,1_4,1_4&#8243; use_custom_gutter=&#8221;on&#8221; gutter_width=&#8221;2&#8243; disabled_on=&#8221;off|off|off&#8221; module_class=&#8221;museo-image-holder&#8221; _builder_version=&#8221;4.16&#8243; width=&#8221;90%&#8221; max_width=&#8221;90%&#8221; custom_margin=&#8221;||0px||false|false&#8221; custom_margin_tablet=&#8221;&#8221; custom_margin_phone=&#8221;||0px||false|false&#8221; custom_margin_last_edited=&#8221;on|phone&#8221; custom_padding=&#8221;0px||0px||false|false&#8221; global_colors_info=&#8221;{}&#8221;][et_pb_column type=&#8221;1_4&#8243; _builder_version=&#8221;4.16&#8243; global_colors_info=&#8221;{}&#8221;][et_pb_image src=&#8221;https:\/\/scuba-legends.com\/wp-content\/uploads\/2020\/01\/museo_image_1.png&#8221; show_in_lightbox=&#8221;on&#8221; align=&#8221;center&#8221; module_class=&#8221;ma-1&#8243; _builder_version=&#8221;4.16&#8243; global_colors_info=&#8221;{}&#8221;][\/et_pb_image][\/et_pb_column][et_pb_column type=&#8221;1_4&#8243; _builder_version=&#8221;4.16&#8243; global_colors_info=&#8221;{}&#8221;][et_pb_image src=&#8221;https:\/\/scuba-legends.com\/wp-content\/uploads\/2020\/01\/museo_image_2.png&#8221; show_in_lightbox=&#8221;on&#8221; align=&#8221;center&#8221; module_class=&#8221;ma-2&#8243; _builder_version=&#8221;4.16&#8243; global_colors_info=&#8221;{}&#8221;][\/et_pb_image][\/et_pb_column][et_pb_column type=&#8221;1_4&#8243; _builder_version=&#8221;4.16&#8243; global_colors_info=&#8221;{}&#8221;][et_pb_image src=&#8221;https:\/\/scuba-legends.com\/wp-content\/uploads\/2020\/01\/museo_image_3.png&#8221; show_in_lightbox=&#8221;on&#8221; align=&#8221;center&#8221; module_class=&#8221;ma-3&#8243; _builder_version=&#8221;4.16&#8243; global_colors_info=&#8221;{}&#8221;][\/et_pb_image][\/et_pb_column][et_pb_column type=&#8221;1_4&#8243; _builder_version=&#8221;4.16&#8243; global_colors_info=&#8221;{}&#8221;][et_pb_image src=&#8221;https:\/\/scuba-legends.com\/wp-content\/uploads\/2020\/01\/museo_image_4.png&#8221; show_in_lightbox=&#8221;on&#8221; align=&#8221;center&#8221; module_class=&#8221;ma-4&#8243; _builder_version=&#8221;4.16&#8243; global_colors_info=&#8221;{}&#8221;][\/et_pb_image][\/et_pb_column][\/et_pb_row][et_pb_row _builder_version=&#8221;4.16&#8243; global_colors_info=&#8221;{}&#8221;][et_pb_column type=&#8221;4_4&#8243; _builder_version=&#8221;4.16&#8243; global_colors_info=&#8221;{}&#8221;][et_pb_text _builder_version=&#8221;4.27.4&#8243; hover_enabled=&#8221;0&#8243; global_colors_info=&#8221;{}&#8221; sticky_enabled=&#8221;0&#8243;]<\/p>\n<h2 style=\"text-align: center; color: #0db4d5;\">Buceig amb vaixell a Playa Blanca<\/h2>\n<p>[\/et_pb_text][et_pb_text _builder_version=&#8221;4.27.4&#8243; hover_enabled=&#8221;0&#8243; global_colors_info=&#8221;{}&#8221; sticky_enabled=&#8221;0&#8243;]<\/p>\n<p><strong>Profunditat:<\/strong> 10-25m<br \/><strong>Punts de busseig:<\/strong> Museu Submar\u00ed, Punta Berruga, Las Coloradas, Las Lenguas, Emissari, Punta Gin\u00e9s<\/p>\n<p>Quan bussegem al sud, ens dirigim al port de Playa Blanca i comencem des d\u2019all\u00e0 amb vaixell. <strong>Una immersi\u00f3 es fa al Museu Submar\u00ed, mentre que la segona \u00e9s en un escull proper.<\/strong><\/p>\n<p>[\/et_pb_text][et_pb_text _builder_version=&#8221;4.27.4&#8243; hover_enabled=&#8221;0&#8243; global_colors_info=&#8221;{}&#8221; sticky_enabled=&#8221;0&#8243;]<\/p>\n<h2 style=\"text-align: center; color: #0db4d5;\">Encara no tens certificaci\u00f3 per\u00f2 vols bussejar al Museo Atl\u00e1ntico?<\/h2>\n<p>[\/et_pb_text][et_pb_text _builder_version=&#8221;4.27.4&#8243; hover_enabled=&#8221;0&#8243; global_colors_info=&#8221;{}&#8221; sticky_enabled=&#8221;0&#8243;]<\/p>\n<p>Bones not\u00edcies! Si <strong>no tens certificaci\u00f3, tamb\u00e9 pots bussejar al Museu Atl\u00e1ntico<\/strong>. Tot i aix\u00f2, el lloc no t\u00e9 una zona d\u2019aig\u00fces poc profundes per practicar inicialment. Per tant, primer haur\u00e0s de c<strong>ompletar el programa PADI Discover Scuba Diving des de la platja<\/strong> a Playa Chica. A <strong>aig\u00fces poc profundes practicar\u00e0s els fonaments m\u00e9s importants<\/strong> per sentir-te c\u00f2mode i gaudir de la teva primera experi\u00e8ncia de busseig fins a una profunditat de 6 metres. Despr\u00e9s de completar amb \u00e8xit la primera immersi\u00f3, estar\u00e0s preparat per a la immersi\u00f3 amb vaixell al Museu Submar\u00ed i podr\u00e0s bussejar fins a un m\u00e0xim de 12m.<\/p>\n<p>[\/et_pb_text][et_pb_text _builder_version=&#8221;4.27.4&#8243; hover_enabled=&#8221;0&#8243; global_colors_info=&#8221;{}&#8221; sticky_enabled=&#8221;0&#8243;]<\/p>\n<h2 style=\"text-align: center; color: #0db4d5;\">Disponibilitat \u2013 Important!<\/h2>\n<p>[\/et_pb_text][et_pb_text _builder_version=&#8221;4.27.4&#8243; hover_enabled=&#8221;0&#8243; global_colors_info=&#8221;{}&#8221; sticky_enabled=&#8221;0&#8243;]<\/p>\n<p>Tingues en compte que la <strong>capacitat del vaixell \u00e9s limitada<\/strong> i els llocs solen esgotar-se amb antelaci\u00f3. Et recomanem <strong>reservar com m\u00e9s aviat millor<\/strong>. Contacta\u2019ns si el calendari en l\u00ednia no mostra m\u00e9s disponibilitat. Podr\u00edem organitzar una sortida addicional per acomodar-te (<a href=\"http:\/\/wa.me\/+34662090159\">Whatsapp: +34662090159<\/a>).<\/p>\n<p>[\/et_pb_text][et_pb_code _builder_version=&#8221;4.27.4&#8243; locked=&#8221;off&#8221; global_colors_info=&#8221;{}&#8221;]<!--BUKY APP LISTADOMuseo Atl\u00e1ntico--><!-- [et_pb_line_break_holder] --><\/p>\n<div class=\"SCXP_WIDGET\" data-widget=\"List\" data-customer=\"673ef83180e03463a90b61e6\" data-categories=\"676551d85fa342ee92a2c34a\"><\/div>\n<p>[\/et_pb_code][\/et_pb_column][\/et_pb_row][\/et_pb_section][et_pb_section fb_built=&#8221;1&#8243; fullwidth=&#8221;on&#8221; _builder_version=&#8221;4.16&#8243; global_colors_info=&#8221;{}&#8221;][et_pb_fullwidth_header text_orientation=&#8221;center&#8221; button_one_text=&#8221;M\u00e9s informaci\u00f3&#8221; button_one_url=&#8221;https:\/\/scuba-legends.com\/ca\/contacte\/&#8221; button_two_text=&#8221;Reserva&#8221; button_two_url=&#8221;https:\/\/scuba-legends.com\/ca\/reservar\/&#8221; _builder_version=&#8221;4.16&#8243; title_level=&#8221;h3&#8243; background_image=&#8221;https:\/\/scuba-legends.com\/wp-content\/uploads\/2020\/08\/Hazlo-epico-1.jpg&#8221; custom_button_one=&#8221;on&#8221; button_one_text_size=&#8221;16px&#8221; button_one_custom_margin=&#8221;||||false|false&#8221; custom_button_two=&#8221;on&#8221; button_two_text_size=&#8221;16px&#8221; text_shadow_style=&#8221;preset3&#8243; global_colors_info=&#8221;{}&#8221;]<\/p>\n<h2 style=\"text-align: center;\"><strong>Guies i instructor de busseig privat \u2013 Fes-lo \u00e8pic<\/strong><\/h2>\n<p style=\"text-align: center;\">Si vols una atenci\u00f3 VIP, encara m\u00e9s personalitzada i nom\u00e9s per a tu sol (o amb la teva fam\u00edlia i amics), t\u2019oferim el nostre servei exclusiu de submarinisme privat a Puerto del Carmen, Lanzarote.<br \/>Adaptem la immersi\u00f3 o curs a les teves necessitats i tempos.<\/p>\n<p>[\/et_pb_fullwidth_header][\/et_pb_section]<\/p>\n","protected":false},"excerpt":{"rendered":"<p>\u00a0MAKE IT LEGENDARYExplora el Museo Atl\u00e1ntico \u2013 El Museu Subaqu\u00e0tic de Lanzarote El Museu Subaqu\u00e0tic de Lanzarote, tamb\u00e9 conegut com \u201cMuseo Atl\u00e1ntico\u201d, \u00e9s un dels pocs museus submarins del m\u00f3n. \u00c9s una immersi\u00f3 \u00fanica que hauries d\u2019experimentar almenys una vegada a la vida. Des del port de Playa Blanca, el museu est\u00e0 a nom\u00e9s un [&hellip;]<\/p>\n","protected":false},"author":2,"featured_media":0,"parent":0,"menu_order":57,"comment_status":"closed","ping_status":"closed","template":"","meta":{"_acf_changed":false,"_et_pb_use_builder":"on","_et_pb_old_content":"","_et_gb_content_width":"","footnotes":""},"class_list":["post-9427","page","type-page","status-publish","hentry"],"acf":[],"yoast_head":"<!-- This site is optimized with the Yoast SEO plugin v27.5 - https:\/\/yoast.com\/product\/yoast-seo-wordpress\/ -->\n<title>Museo Atlantico, Lanzarote - Scuba Legends<\/title>\n<meta name=\"description\" content=\"Explora el Museo Atl\u00e1ntico a Lanzarote. El lloc de busseig t\u00e9 una profunditat de 10 a 14m i \u00e9s apte per a bussejadors de tots els nivells.\" \/>\n<meta name=\"robots\" content=\"index, follow, max-snippet:-1, max-image-preview:large, max-video-preview:-1\" \/>\n<link rel=\"canonical\" href=\"https:\/\/scuba-legends.com\/ca\/museo-atlantico\/\" \/>\n<meta property=\"og:locale\" content=\"ca_ES\" \/>\n<meta property=\"og:type\" content=\"article\" \/>\n<meta property=\"og:title\" content=\"Museo Atlantico, Lanzarote - Scuba Legends\" \/>\n<meta property=\"og:description\" content=\"Explora el Museo Atl\u00e1ntico a Lanzarote. El lloc de busseig t\u00e9 una profunditat de 10 a 14m i \u00e9s apte per a bussejadors de tots els nivells.\" \/>\n<meta property=\"og:url\" content=\"https:\/\/scuba-legends.com\/ca\/museo-atlantico\/\" \/>\n<meta property=\"og:site_name\" content=\"Scuba Legends\" \/>\n<meta property=\"article:publisher\" content=\"https:\/\/www.facebook.com\/ScubaLegends\/\" \/>\n<meta property=\"article:modified_time\" content=\"2024-12-20T14:01:35+00:00\" \/>\n<meta property=\"og:image\" content=\"https:\/\/scuba-legends.com\/wp-content\/uploads\/2020\/01\/scuba_legend_logo_new1.png\" \/>\n\t<meta property=\"og:image:width\" content=\"150\" \/>\n\t<meta property=\"og:image:height\" content=\"150\" \/>\n\t<meta property=\"og:image:type\" content=\"image\/png\" \/>\n<meta name=\"twitter:card\" content=\"summary_large_image\" \/>\n<meta name=\"twitter:site\" content=\"@scubalegends\" \/>\n<meta name=\"twitter:label1\" content=\"Temps estimat de lectura\" \/>\n\t<meta name=\"twitter:data1\" content=\"4 minuts\" \/>\n<script type=\"application\/ld+json\" class=\"yoast-schema-graph\">{\"@context\":\"https:\\\/\\\/schema.org\",\"@graph\":[{\"@type\":\"WebPage\",\"@id\":\"https:\\\/\\\/scuba-legends.com\\\/ca\\\/museo-atlantico\\\/\",\"url\":\"https:\\\/\\\/scuba-legends.com\\\/ca\\\/museo-atlantico\\\/\",\"name\":\"Museo Atlantico, Lanzarote - Scuba Legends\",\"isPartOf\":{\"@id\":\"https:\\\/\\\/scuba-legends.com\\\/ca\\\/#website\"},\"datePublished\":\"2020-11-04T18:41:49+00:00\",\"dateModified\":\"2024-12-20T14:01:35+00:00\",\"description\":\"Explora el Museo Atl\u00e1ntico a Lanzarote. El lloc de busseig t\u00e9 una profunditat de 10 a 14m i \u00e9s apte per a bussejadors de tots els nivells.\",\"breadcrumb\":{\"@id\":\"https:\\\/\\\/scuba-legends.com\\\/ca\\\/museo-atlantico\\\/#breadcrumb\"},\"inLanguage\":\"ca\",\"potentialAction\":[{\"@type\":\"ReadAction\",\"target\":[\"https:\\\/\\\/scuba-legends.com\\\/ca\\\/museo-atlantico\\\/\"]}]},{\"@type\":\"BreadcrumbList\",\"@id\":\"https:\\\/\\\/scuba-legends.com\\\/ca\\\/museo-atlantico\\\/#breadcrumb\",\"itemListElement\":[{\"@type\":\"ListItem\",\"position\":1,\"name\":\"Scuba Legends\",\"item\":\"https:\\\/\\\/scuba-legends.com\\\/ca\\\/\"},{\"@type\":\"ListItem\",\"position\":2,\"name\":\"Museo Atlantico, Lanzarote\"}]},{\"@type\":\"WebSite\",\"@id\":\"https:\\\/\\\/scuba-legends.com\\\/ca\\\/#website\",\"url\":\"https:\\\/\\\/scuba-legends.com\\\/ca\\\/\",\"name\":\"Scuba Legends\",\"description\":\"Dive Center Lanzarote\",\"publisher\":{\"@id\":\"https:\\\/\\\/scuba-legends.com\\\/ca\\\/#organization\"},\"potentialAction\":[{\"@type\":\"SearchAction\",\"target\":{\"@type\":\"EntryPoint\",\"urlTemplate\":\"https:\\\/\\\/scuba-legends.com\\\/ca\\\/?s={search_term_string}\"},\"query-input\":{\"@type\":\"PropertyValueSpecification\",\"valueRequired\":true,\"valueName\":\"search_term_string\"}}],\"inLanguage\":\"ca\"},{\"@type\":\"Organization\",\"@id\":\"https:\\\/\\\/scuba-legends.com\\\/ca\\\/#organization\",\"name\":\"Scuba Legends Dive Center Lanzarote\",\"url\":\"https:\\\/\\\/scuba-legends.com\\\/ca\\\/\",\"logo\":{\"@type\":\"ImageObject\",\"inLanguage\":\"ca\",\"@id\":\"https:\\\/\\\/scuba-legends.com\\\/ca\\\/#\\\/schema\\\/logo\\\/image\\\/\",\"url\":\"https:\\\/\\\/scuba-legends.com\\\/wp-content\\\/uploads\\\/2020\\\/01\\\/scuba_legends_favicon.png\",\"contentUrl\":\"https:\\\/\\\/scuba-legends.com\\\/wp-content\\\/uploads\\\/2020\\\/01\\\/scuba_legends_favicon.png\",\"width\":512,\"height\":512,\"caption\":\"Scuba Legends Dive Center Lanzarote\"},\"image\":{\"@id\":\"https:\\\/\\\/scuba-legends.com\\\/ca\\\/#\\\/schema\\\/logo\\\/image\\\/\"},\"sameAs\":[\"https:\\\/\\\/www.facebook.com\\\/ScubaLegends\\\/\",\"https:\\\/\\\/x.com\\\/scubalegends\",\"https:\\\/\\\/www.instagram.com\\\/scuba_legends\\\/\",\"https:\\\/\\\/www.youtube.com\\\/channel\\\/UCUjHU7Mmii5SfLoodxNZmqQ\"]}]}<\/script>\n<!-- \/ Yoast SEO plugin. -->","yoast_head_json":{"title":"Museo Atlantico, Lanzarote - Scuba Legends","description":"Explora el Museo Atl\u00e1ntico a Lanzarote. El lloc de busseig t\u00e9 una profunditat de 10 a 14m i \u00e9s apte per a bussejadors de tots els nivells.","robots":{"index":"index","follow":"follow","max-snippet":"max-snippet:-1","max-image-preview":"max-image-preview:large","max-video-preview":"max-video-preview:-1"},"canonical":"https:\/\/scuba-legends.com\/ca\/museo-atlantico\/","og_locale":"ca_ES","og_type":"article","og_title":"Museo Atlantico, Lanzarote - Scuba Legends","og_description":"Explora el Museo Atl\u00e1ntico a Lanzarote. El lloc de busseig t\u00e9 una profunditat de 10 a 14m i \u00e9s apte per a bussejadors de tots els nivells.","og_url":"https:\/\/scuba-legends.com\/ca\/museo-atlantico\/","og_site_name":"Scuba Legends","article_publisher":"https:\/\/www.facebook.com\/ScubaLegends\/","article_modified_time":"2024-12-20T14:01:35+00:00","og_image":[{"width":150,"height":150,"url":"https:\/\/scuba-legends.com\/wp-content\/uploads\/2020\/01\/scuba_legend_logo_new1.png","type":"image\/png"}],"twitter_card":"summary_large_image","twitter_site":"@scubalegends","twitter_misc":{"Temps estimat de lectura":"4 minuts"},"schema":{"@context":"https:\/\/schema.org","@graph":[{"@type":"WebPage","@id":"https:\/\/scuba-legends.com\/ca\/museo-atlantico\/","url":"https:\/\/scuba-legends.com\/ca\/museo-atlantico\/","name":"Museo Atlantico, Lanzarote - Scuba Legends","isPartOf":{"@id":"https:\/\/scuba-legends.com\/ca\/#website"},"datePublished":"2020-11-04T18:41:49+00:00","dateModified":"2024-12-20T14:01:35+00:00","description":"Explora el Museo Atl\u00e1ntico a Lanzarote. El lloc de busseig t\u00e9 una profunditat de 10 a 14m i \u00e9s apte per a bussejadors de tots els nivells.","breadcrumb":{"@id":"https:\/\/scuba-legends.com\/ca\/museo-atlantico\/#breadcrumb"},"inLanguage":"ca","potentialAction":[{"@type":"ReadAction","target":["https:\/\/scuba-legends.com\/ca\/museo-atlantico\/"]}]},{"@type":"BreadcrumbList","@id":"https:\/\/scuba-legends.com\/ca\/museo-atlantico\/#breadcrumb","itemListElement":[{"@type":"ListItem","position":1,"name":"Scuba Legends","item":"https:\/\/scuba-legends.com\/ca\/"},{"@type":"ListItem","position":2,"name":"Museo Atlantico, Lanzarote"}]},{"@type":"WebSite","@id":"https:\/\/scuba-legends.com\/ca\/#website","url":"https:\/\/scuba-legends.com\/ca\/","name":"Scuba Legends","description":"Dive Center Lanzarote","publisher":{"@id":"https:\/\/scuba-legends.com\/ca\/#organization"},"potentialAction":[{"@type":"SearchAction","target":{"@type":"EntryPoint","urlTemplate":"https:\/\/scuba-legends.com\/ca\/?s={search_term_string}"},"query-input":{"@type":"PropertyValueSpecification","valueRequired":true,"valueName":"search_term_string"}}],"inLanguage":"ca"},{"@type":"Organization","@id":"https:\/\/scuba-legends.com\/ca\/#organization","name":"Scuba Legends Dive Center Lanzarote","url":"https:\/\/scuba-legends.com\/ca\/","logo":{"@type":"ImageObject","inLanguage":"ca","@id":"https:\/\/scuba-legends.com\/ca\/#\/schema\/logo\/image\/","url":"https:\/\/scuba-legends.com\/wp-content\/uploads\/2020\/01\/scuba_legends_favicon.png","contentUrl":"https:\/\/scuba-legends.com\/wp-content\/uploads\/2020\/01\/scuba_legends_favicon.png","width":512,"height":512,"caption":"Scuba Legends Dive Center Lanzarote"},"image":{"@id":"https:\/\/scuba-legends.com\/ca\/#\/schema\/logo\/image\/"},"sameAs":["https:\/\/www.facebook.com\/ScubaLegends\/","https:\/\/x.com\/scubalegends","https:\/\/www.instagram.com\/scuba_legends\/","https:\/\/www.youtube.com\/channel\/UCUjHU7Mmii5SfLoodxNZmqQ"]}]}},"_links":{"self":[{"href":"https:\/\/scuba-legends.com\/ca\/wp-json\/wp\/v2\/pages\/9427","targetHints":{"allow":["GET"]}}],"collection":[{"href":"https:\/\/scuba-legends.com\/ca\/wp-json\/wp\/v2\/pages"}],"about":[{"href":"https:\/\/scuba-legends.com\/ca\/wp-json\/wp\/v2\/types\/page"}],"author":[{"embeddable":true,"href":"https:\/\/scuba-legends.com\/ca\/wp-json\/wp\/v2\/users\/2"}],"replies":[{"embeddable":true,"href":"https:\/\/scuba-legends.com\/ca\/wp-json\/wp\/v2\/comments?post=9427"}],"version-history":[{"count":5,"href":"https:\/\/scuba-legends.com\/ca\/wp-json\/wp\/v2\/pages\/9427\/revisions"}],"predecessor-version":[{"id":18973,"href":"https:\/\/scuba-legends.com\/ca\/wp-json\/wp\/v2\/pages\/9427\/revisions\/18973"}],"wp:attachment":[{"href":"https:\/\/scuba-legends.com\/ca\/wp-json\/wp\/v2\/media?parent=9427"}],"curies":[{"name":"wp","href":"https:\/\/api.w.org\/{rel}","templated":true}]}}