{"id":9365,"date":"2020-11-04T18:02:49","date_gmt":"2020-11-04T18:02:49","guid":{"rendered":"https:\/\/scuba-legends.com\/assistant-instructor\/"},"modified":"2022-11-10T12:47:35","modified_gmt":"2022-11-10T12:47:35","slug":"assistant-instructor","status":"publish","type":"page","link":"https:\/\/scuba-legends.com\/ca\/assistant-instructor\/","title":{"rendered":"Assistant Instructor"},"content":{"rendered":"<p>[et_pb_section fb_built=&#8221;1&#8243; fullwidth=&#8221;on&#8221; module_id=&#8221;spheader-section&#8221; _builder_version=&#8221;4.0.9&#8243;][et_pb_fullwidth_header title=&#8221;PADI Assistant Instructor&#8221; _builder_version=&#8221;4.0.9&#8243; title_text_align=&#8221;left&#8221; title_font_size=&#8221;54px&#8221; subhead_font=&#8221;|||on|||||&#8221; background_image=&#8221;https:\/\/scuba-legends.com\/wp-content\/uploads\/2020\/09\/26-Assistant-1280&#215;900-1.jpg&#8221; width=&#8221;100%&#8221; module_alignment=&#8221;center&#8221; custom_padding=&#8221;80px||80px||true|&#8221; title_font_size_tablet=&#8221;44px&#8221; background_last_edited=&#8221;on|desktop&#8221; custom_css_main_element=&#8221;background-position: center -240px;&#8221; custom_css_title=&#8221;order: 2;&#8221; custom_css_subtitle=&#8221;order: 1;&#8221; custom_css_main_element_last_edited=&#8221;on|tablet&#8221; custom_css_main_element_tablet=&#8221;background-position: center -70px;&#8221; custom_css_main_element_phone=&#8221;background-position: center center;&#8221;]<\/p>\n<p style=\"text-align: left;\">\u00a0MAKE IT LEGENDARY<\/p>\n<p>[\/et_pb_fullwidth_header][\/et_pb_section][et_pb_section fb_built=&#8221;1&#8243; _builder_version=&#8221;4.0.9&#8243; custom_margin=&#8221;-50px||||false|false&#8221;][et_pb_row _builder_version=&#8221;4.0.9&#8243;][et_pb_column type=&#8221;4_4&#8243; _builder_version=&#8221;4.0.9&#8243;][et_pb_text _builder_version=&#8221;4.0.9&#8243; text_font_size=&#8221;18px&#8221; custom_margin=&#8221;-20px||||false|false&#8221;]<\/p>\n<h2 style=\"text-align: center; color: #0db4d5;\">On nom\u00e9s uns pocs arriben. Apr\u00e8n amb els millors<\/h2>\n<p>[\/et_pb_text][et_pb_text _builder_version=&#8221;4.0.9&#8243; hover_enabled=&#8221;0&#8243;]<\/p>\n<p>Comparteix la teva passi\u00f3 amb altres amants dels oceans i fes que visquin una experi\u00e8ncia \u00fanica.<\/p>\n<p>El PADI Assitant Instructor es la primera part del curs PADI Open Water Scuba Instructor.<\/p>\n<p>Com Assistent d\u2019instructor certificat en estat actiu, podr\u00e0s presentar sessions de desenvolupament de coneixements i habilitats inicials durant les immersions en aig\u00fces confinades, aix\u00ed com realitzar habilitats en aig\u00fces obertes durant el curs Open Water Diver, sota la supervisi\u00f3 directa d\u2019un instructor.<\/p>\n<p>Per a convertir-te en PADI Assistant Instructor tens que participar en el Instructor Developement Course (IDC) que es divideix en dues parts:<\/p>\n<ul>\n<li>Curs d\u2019assistent d\u2019instructor(IA): 2-3 dies<\/li>\n<li>Programa Open Water Scuba Instructor (OWSI): 5-7 dies<\/li>\n<\/ul>\n<p>La majoria de professionals del submarinisme completen el IDS, d\u2019uns 10 dies i en acabat assisteixen a la avaluaci\u00f3 final, l\u2019examen d\u2019instructor (IE).<\/p>\n<p>El IE o examen d\u2019instructor es un programa d\u2019avaluaci\u00f3 de 2 dies en els que s\u2019avalua als candidats per la seva capacitat d\u2019ensenyan\u00e7a, coneixement te\u00f2ric i habilitats de busseig. Tens que demostrar el control de las capacitats, mostrar el teu professionalisme i bona actitud, aix\u00ed com el teu coneixement d\u2019est\u00e0ndards PADI.<\/p>\n<p>El IE el realitza PADI, pel que hi ha un c\u00e0rrec extra que es paga directament a PADI, en concepte de gesti\u00f3 i certificaci\u00f3. Consulta\u2019ns per a m\u00e9s informaci\u00f3.<\/p>\n<p>En el cas de que tinguis el temps limitat, o vulguis anar m\u00e9s poc a poc, pots dividir el IDC i fer-lo en dos parts. La primera es el curs d\u2019Assistent d\u2019instructor (AI) Un cop que l\u2019acabis, podr\u00e0s escollir quan i on fer el programa OWSI i realitzar l\u2019examen IE.<\/p>\n<p>Per a comen\u00e7ar el curs d\u2019Asistent d\u2019instructor has de ser Divemaster certificat(o superior) i tenir un m\u00ednim de 60 immersions registrades (100 per assistir al IE). Tamb\u00e9 jas de haver realitzat el curs de Primers Auxilis durant els \u00faltims 24 mesos.<\/p>\n<p>[\/et_pb_text][\/et_pb_column][\/et_pb_row][\/et_pb_section][et_pb_section fb_built=&#8221;1&#8243; _builder_version=&#8221;4.0.9&#8243;][et_pb_row _builder_version=&#8221;4.0.9&#8243; background_color=&#8221;#212121&#8243; custom_margin=&#8221;-30px||||false|false&#8221;][et_pb_column type=&#8221;4_4&#8243; _builder_version=&#8221;4.0.9&#8243;][et_pb_divider color=&#8221;#ffffff&#8221; _builder_version=&#8221;4.0.9&#8243; width=&#8221;50%&#8221; module_alignment=&#8221;center&#8221;][\/et_pb_divider][et_pb_text _builder_version=&#8221;4.0.9&#8243; text_text_color=&#8221;#0db4d5&#8243; text_font_size=&#8221;20px&#8221; text_line_height=&#8221;1em&#8221; custom_padding=&#8221;|30px||30px|false|false&#8221;]<\/p>\n<p style=\"text-align: center;\">Fes la teoria online des d\u2019on vulguis, <span style=\"color: white;\"> amb  el PADI eLearning<\/span>. Far\u00e0s les pr\u00e0ctiques quan arribis a Lanzarote. A Scuba Legends no cobrem cap cost extra.<\/p>\n<p>[\/et_pb_text][et_pb_button button_url=&#8221;https:\/\/scuba-legends.com\/ca\/contacte\/&#8221; button_text=&#8221;M\u00e9s informaci\u00f3&#8221; button_alignment=&#8221;center&#8221; _builder_version=&#8221;4.0.9&#8243; custom_button=&#8221;on&#8221; button_text_size=&#8221;16px&#8221; button_text_color=&#8221;#ffffff&#8221; button_bg_color=&#8221;#0db4d5&#8243; button_border_color=&#8221;rgba(0,0,0,0)&#8221; animation_style=&#8221;bounce&#8221;][\/et_pb_button][\/et_pb_column][\/et_pb_row][\/et_pb_section][et_pb_section fb_built=&#8221;1&#8243; _builder_version=&#8221;4.0.9&#8243; custom_margin=&#8221;-50px||||false|false&#8221;][et_pb_row _builder_version=&#8221;4.0.9&#8243; custom_margin=&#8221;-20px||||false|false&#8221;][et_pb_column type=&#8221;4_4&#8243; _builder_version=&#8221;4.0.9&#8243;][et_pb_text _builder_version=&#8221;4.0.9&#8243; text_font_size=&#8221;18px&#8221; custom_margin=&#8221;-20px||||false|false&#8221;]<\/p>\n<h2 style=\"text-align: center; color: #0db4d5;\">En qu\u00e8 consisteix el curs PADI Assistant Instructor?<\/h2>\n<p>[\/et_pb_text][et_pb_text _builder_version=&#8221;4.0.9&#8243;]<\/p>\n<p>Durant el programa, el teu instructor PADI IDC STAFF o el Director de curs, t\u2019ensenyar\u00e0 a portar i impartir cursos PADI. Aprendr\u00e0s a ensenyar a bussejar, organitzar i presentar sessions te\u00f2riques, realitzar sessions d\u2019habilitats i gestionar les immersions.<\/p>\n<p>Els temes clau son sobre est\u00e0ndards i procediments PADI, el seu sistema d\u2019ensenyan\u00e7a aix\u00ed com la gesti\u00f3 de riscos i seguretat dels bussejadors.<\/p>\n<p>Comprendr\u00e0s millor el negoci de busseig i el teu paper i responsabilitat com instructor. Am\u00e9s, rebr\u00e0s assessorament de m\u00e0rqueting i vendes aplicat al busseig.<\/p>\n<p>[\/et_pb_text][et_pb_text _builder_version=&#8221;4.0.9&#8243;]<\/p>\n<ul>\n<li><strong>Duraci\u00f3n<\/strong>: 2 \u2013 3 dies<\/li>\n<li><strong>Requisitos<\/strong>:\n<ul>\n<li>M\u00e9s de 18 anys<\/li>\n<li>Ser Divemaster o superior<\/li>\n<li>M\u00ednim 60 immersions registrades<\/li>\n<li>T\u00edtol de Primers Auxilis en els \u00faltims 24 mesos<\/li>\n<li>Estat de salut apte pel busseig<\/li>\n<\/ul>\n<\/li>\n<li><strong>Preu: <\/strong>Consultar<\/li>\n<\/ul>\n<p>[\/et_pb_text][\/et_pb_column][\/et_pb_row][\/et_pb_section][et_pb_section fb_built=&#8221;1&#8243; _builder_version=&#8221;4.0.9&#8243; custom_margin=&#8221;-130px||||false|false&#8221;][et_pb_row _builder_version=&#8221;4.0.9&#8243;][et_pb_column type=&#8221;4_4&#8243; _builder_version=&#8221;4.0.9&#8243;][et_pb_button button_url=&#8221;https:\/\/scuba-legends.com\/ca\/contacte\/&#8221; button_text=&#8221;Contacte&#8221; button_alignment=&#8221;center&#8221; _builder_version=&#8221;4.0.9&#8243; custom_button=&#8221;on&#8221; button_text_size=&#8221;15px&#8221; button_text_color=&#8221;#ffffff&#8221; button_bg_color=&#8221;#0db4d5&#8243; button_border_color=&#8221;rgba(0,0,0,0)&#8221;][\/et_pb_button][\/et_pb_column][\/et_pb_row][\/et_pb_section][et_pb_section fb_built=&#8221;1&#8243; fullwidth=&#8221;on&#8221; _builder_version=&#8221;3.22&#8243;][et_pb_fullwidth_header text_orientation=&#8221;center&#8221; button_one_text=&#8221;M\u00e9s informaci\u00f3&#8221; button_one_url=&#8221;https:\/\/scuba-legends.com\/ca\/contacte\/&#8221; button_two_text=&#8221;Reserva&#8221; button_two_url=&#8221;https:\/\/scuba-legends.com\/ca\/reservar\/&#8221; _builder_version=&#8221;4.0.9&#8243; title_level=&#8221;h3&#8243; background_image=&#8221;https:\/\/scuba-legends.com\/wp-content\/uploads\/2020\/08\/Hazlo-epico-1.jpg&#8221; custom_button_one=&#8221;on&#8221; button_one_text_size=&#8221;16px&#8221; button_one_custom_margin=&#8221;||||false|false&#8221; custom_button_two=&#8221;on&#8221; button_two_text_size=&#8221;16px&#8221; text_shadow_style=&#8221;preset3&#8243;]<\/p>\n<h2 style=\"text-align: center;\"><strong>Guies i instructor de busseig privat \u2013 Fes-lo \u00e8pic<\/strong><\/h2>\n<p style=\"text-align: center;\">Si vols una atenci\u00f3 VIP, encara m\u00e9s personalitzada i nom\u00e9s per a tu sol (o amb la teva fam\u00edlia i amics), t\u2019oferim el nostre servei exclusiu de submarinisme privat a Puerto del Carmen, Lanzarote.<br \/>Adaptem la immersi\u00f3 o curs a les teves necessitats i tempos.<\/p>\n<p>[\/et_pb_fullwidth_header][\/et_pb_section]<\/p>\n","protected":false},"excerpt":{"rendered":"<p>\u00a0MAKE IT LEGENDARYOn nom\u00e9s uns pocs arriben. Apr\u00e8n amb els millorsComparteix la teva passi\u00f3 amb altres amants dels oceans i fes que visquin una experi\u00e8ncia \u00fanica. El PADI Assitant Instructor es la primera part del curs PADI Open Water Scuba Instructor. Com Assistent d\u2019instructor certificat en estat actiu, podr\u00e0s presentar sessions de desenvolupament de coneixements [&hellip;]<\/p>\n","protected":false},"author":2,"featured_media":0,"parent":0,"menu_order":145,"comment_status":"closed","ping_status":"closed","template":"","meta":{"_acf_changed":false,"_et_pb_use_builder":"on","_et_pb_old_content":"","_et_gb_content_width":"","footnotes":""},"class_list":["post-9365","page","type-page","status-publish","hentry"],"acf":[],"yoast_head":"<!-- This site is optimized with the Yoast SEO plugin v27.3 - https:\/\/yoast.com\/product\/yoast-seo-wordpress\/ -->\n<title>Assistant Instructor - Scuba Legends<\/title>\n<meta name=\"robots\" content=\"index, follow, max-snippet:-1, max-image-preview:large, max-video-preview:-1\" \/>\n<link rel=\"canonical\" href=\"https:\/\/scuba-legends.com\/ca\/assistant-instructor\/\" \/>\n<meta property=\"og:locale\" content=\"ca_ES\" \/>\n<meta property=\"og:type\" content=\"article\" \/>\n<meta property=\"og:title\" content=\"Assistant Instructor - Scuba Legends\" \/>\n<meta property=\"og:description\" content=\"\u00a0MAKE IT LEGENDARYOn nom\u00e9s uns pocs arriben. Apr\u00e8n amb els millorsComparteix la teva passi\u00f3 amb altres amants dels oceans i fes que visquin una experi\u00e8ncia \u00fanica. El PADI Assitant Instructor es la primera part del curs PADI Open Water Scuba Instructor. Com Assistent d\u2019instructor certificat en estat actiu, podr\u00e0s presentar sessions de desenvolupament de coneixements [&hellip;]\" \/>\n<meta property=\"og:url\" content=\"https:\/\/scuba-legends.com\/ca\/assistant-instructor\/\" \/>\n<meta property=\"og:site_name\" content=\"Scuba Legends\" \/>\n<meta property=\"article:publisher\" content=\"https:\/\/www.facebook.com\/ScubaLegends\/\" \/>\n<meta property=\"article:modified_time\" content=\"2022-11-10T12:47:35+00:00\" \/>\n<meta property=\"og:image\" content=\"https:\/\/scuba-legends.com\/wp-content\/uploads\/2020\/01\/scuba_legend_logo_new1.png\" \/>\n\t<meta property=\"og:image:width\" content=\"150\" \/>\n\t<meta property=\"og:image:height\" content=\"150\" \/>\n\t<meta property=\"og:image:type\" content=\"image\/png\" \/>\n<meta name=\"twitter:card\" content=\"summary_large_image\" \/>\n<meta name=\"twitter:site\" content=\"@scubalegends\" \/>\n<meta name=\"twitter:label1\" content=\"Temps estimat de lectura\" \/>\n\t<meta name=\"twitter:data1\" content=\"4 minuts\" \/>\n<script type=\"application\/ld+json\" class=\"yoast-schema-graph\">{\"@context\":\"https:\\\/\\\/schema.org\",\"@graph\":[{\"@type\":\"WebPage\",\"@id\":\"https:\\\/\\\/scuba-legends.com\\\/ca\\\/assistant-instructor\\\/\",\"url\":\"https:\\\/\\\/scuba-legends.com\\\/ca\\\/assistant-instructor\\\/\",\"name\":\"Assistant Instructor - Scuba Legends\",\"isPartOf\":{\"@id\":\"https:\\\/\\\/scuba-legends.com\\\/ca\\\/#website\"},\"datePublished\":\"2020-11-04T18:02:49+00:00\",\"dateModified\":\"2022-11-10T12:47:35+00:00\",\"breadcrumb\":{\"@id\":\"https:\\\/\\\/scuba-legends.com\\\/ca\\\/assistant-instructor\\\/#breadcrumb\"},\"inLanguage\":\"ca\",\"potentialAction\":[{\"@type\":\"ReadAction\",\"target\":[\"https:\\\/\\\/scuba-legends.com\\\/ca\\\/assistant-instructor\\\/\"]}]},{\"@type\":\"BreadcrumbList\",\"@id\":\"https:\\\/\\\/scuba-legends.com\\\/ca\\\/assistant-instructor\\\/#breadcrumb\",\"itemListElement\":[{\"@type\":\"ListItem\",\"position\":1,\"name\":\"Scuba Legends\",\"item\":\"https:\\\/\\\/scuba-legends.com\\\/ca\\\/\"},{\"@type\":\"ListItem\",\"position\":2,\"name\":\"Assistant Instructor\"}]},{\"@type\":\"WebSite\",\"@id\":\"https:\\\/\\\/scuba-legends.com\\\/ca\\\/#website\",\"url\":\"https:\\\/\\\/scuba-legends.com\\\/ca\\\/\",\"name\":\"Scuba Legends\",\"description\":\"Dive Center Lanzarote\",\"publisher\":{\"@id\":\"https:\\\/\\\/scuba-legends.com\\\/ca\\\/#organization\"},\"potentialAction\":[{\"@type\":\"SearchAction\",\"target\":{\"@type\":\"EntryPoint\",\"urlTemplate\":\"https:\\\/\\\/scuba-legends.com\\\/ca\\\/?s={search_term_string}\"},\"query-input\":{\"@type\":\"PropertyValueSpecification\",\"valueRequired\":true,\"valueName\":\"search_term_string\"}}],\"inLanguage\":\"ca\"},{\"@type\":\"Organization\",\"@id\":\"https:\\\/\\\/scuba-legends.com\\\/ca\\\/#organization\",\"name\":\"Scuba Legends Dive Center Lanzarote\",\"url\":\"https:\\\/\\\/scuba-legends.com\\\/ca\\\/\",\"logo\":{\"@type\":\"ImageObject\",\"inLanguage\":\"ca\",\"@id\":\"https:\\\/\\\/scuba-legends.com\\\/ca\\\/#\\\/schema\\\/logo\\\/image\\\/\",\"url\":\"https:\\\/\\\/scuba-legends.com\\\/wp-content\\\/uploads\\\/2020\\\/01\\\/scuba_legends_favicon.png\",\"contentUrl\":\"https:\\\/\\\/scuba-legends.com\\\/wp-content\\\/uploads\\\/2020\\\/01\\\/scuba_legends_favicon.png\",\"width\":512,\"height\":512,\"caption\":\"Scuba Legends Dive Center Lanzarote\"},\"image\":{\"@id\":\"https:\\\/\\\/scuba-legends.com\\\/ca\\\/#\\\/schema\\\/logo\\\/image\\\/\"},\"sameAs\":[\"https:\\\/\\\/www.facebook.com\\\/ScubaLegends\\\/\",\"https:\\\/\\\/x.com\\\/scubalegends\",\"https:\\\/\\\/www.instagram.com\\\/scuba_legends\\\/\",\"https:\\\/\\\/www.youtube.com\\\/channel\\\/UCUjHU7Mmii5SfLoodxNZmqQ\"]}]}<\/script>\n<!-- \/ Yoast SEO plugin. -->","yoast_head_json":{"title":"Assistant Instructor - Scuba Legends","robots":{"index":"index","follow":"follow","max-snippet":"max-snippet:-1","max-image-preview":"max-image-preview:large","max-video-preview":"max-video-preview:-1"},"canonical":"https:\/\/scuba-legends.com\/ca\/assistant-instructor\/","og_locale":"ca_ES","og_type":"article","og_title":"Assistant Instructor - Scuba Legends","og_description":"\u00a0MAKE IT LEGENDARYOn nom\u00e9s uns pocs arriben. Apr\u00e8n amb els millorsComparteix la teva passi\u00f3 amb altres amants dels oceans i fes que visquin una experi\u00e8ncia \u00fanica. El PADI Assitant Instructor es la primera part del curs PADI Open Water Scuba Instructor. Com Assistent d\u2019instructor certificat en estat actiu, podr\u00e0s presentar sessions de desenvolupament de coneixements [&hellip;]","og_url":"https:\/\/scuba-legends.com\/ca\/assistant-instructor\/","og_site_name":"Scuba Legends","article_publisher":"https:\/\/www.facebook.com\/ScubaLegends\/","article_modified_time":"2022-11-10T12:47:35+00:00","og_image":[{"width":150,"height":150,"url":"https:\/\/scuba-legends.com\/wp-content\/uploads\/2020\/01\/scuba_legend_logo_new1.png","type":"image\/png"}],"twitter_card":"summary_large_image","twitter_site":"@scubalegends","twitter_misc":{"Temps estimat de lectura":"4 minuts"},"schema":{"@context":"https:\/\/schema.org","@graph":[{"@type":"WebPage","@id":"https:\/\/scuba-legends.com\/ca\/assistant-instructor\/","url":"https:\/\/scuba-legends.com\/ca\/assistant-instructor\/","name":"Assistant Instructor - Scuba Legends","isPartOf":{"@id":"https:\/\/scuba-legends.com\/ca\/#website"},"datePublished":"2020-11-04T18:02:49+00:00","dateModified":"2022-11-10T12:47:35+00:00","breadcrumb":{"@id":"https:\/\/scuba-legends.com\/ca\/assistant-instructor\/#breadcrumb"},"inLanguage":"ca","potentialAction":[{"@type":"ReadAction","target":["https:\/\/scuba-legends.com\/ca\/assistant-instructor\/"]}]},{"@type":"BreadcrumbList","@id":"https:\/\/scuba-legends.com\/ca\/assistant-instructor\/#breadcrumb","itemListElement":[{"@type":"ListItem","position":1,"name":"Scuba Legends","item":"https:\/\/scuba-legends.com\/ca\/"},{"@type":"ListItem","position":2,"name":"Assistant Instructor"}]},{"@type":"WebSite","@id":"https:\/\/scuba-legends.com\/ca\/#website","url":"https:\/\/scuba-legends.com\/ca\/","name":"Scuba Legends","description":"Dive Center Lanzarote","publisher":{"@id":"https:\/\/scuba-legends.com\/ca\/#organization"},"potentialAction":[{"@type":"SearchAction","target":{"@type":"EntryPoint","urlTemplate":"https:\/\/scuba-legends.com\/ca\/?s={search_term_string}"},"query-input":{"@type":"PropertyValueSpecification","valueRequired":true,"valueName":"search_term_string"}}],"inLanguage":"ca"},{"@type":"Organization","@id":"https:\/\/scuba-legends.com\/ca\/#organization","name":"Scuba Legends Dive Center Lanzarote","url":"https:\/\/scuba-legends.com\/ca\/","logo":{"@type":"ImageObject","inLanguage":"ca","@id":"https:\/\/scuba-legends.com\/ca\/#\/schema\/logo\/image\/","url":"https:\/\/scuba-legends.com\/wp-content\/uploads\/2020\/01\/scuba_legends_favicon.png","contentUrl":"https:\/\/scuba-legends.com\/wp-content\/uploads\/2020\/01\/scuba_legends_favicon.png","width":512,"height":512,"caption":"Scuba Legends Dive Center Lanzarote"},"image":{"@id":"https:\/\/scuba-legends.com\/ca\/#\/schema\/logo\/image\/"},"sameAs":["https:\/\/www.facebook.com\/ScubaLegends\/","https:\/\/x.com\/scubalegends","https:\/\/www.instagram.com\/scuba_legends\/","https:\/\/www.youtube.com\/channel\/UCUjHU7Mmii5SfLoodxNZmqQ"]}]}},"_links":{"self":[{"href":"https:\/\/scuba-legends.com\/ca\/wp-json\/wp\/v2\/pages\/9365","targetHints":{"allow":["GET"]}}],"collection":[{"href":"https:\/\/scuba-legends.com\/ca\/wp-json\/wp\/v2\/pages"}],"about":[{"href":"https:\/\/scuba-legends.com\/ca\/wp-json\/wp\/v2\/types\/page"}],"author":[{"embeddable":true,"href":"https:\/\/scuba-legends.com\/ca\/wp-json\/wp\/v2\/users\/2"}],"replies":[{"embeddable":true,"href":"https:\/\/scuba-legends.com\/ca\/wp-json\/wp\/v2\/comments?post=9365"}],"version-history":[{"count":1,"href":"https:\/\/scuba-legends.com\/ca\/wp-json\/wp\/v2\/pages\/9365\/revisions"}],"predecessor-version":[{"id":14822,"href":"https:\/\/scuba-legends.com\/ca\/wp-json\/wp\/v2\/pages\/9365\/revisions\/14822"}],"wp:attachment":[{"href":"https:\/\/scuba-legends.com\/ca\/wp-json\/wp\/v2\/media?parent=9365"}],"curies":[{"name":"wp","href":"https:\/\/api.w.org\/{rel}","templated":true}]}}