{"id":9359,"date":"2020-11-04T18:00:04","date_gmt":"2020-11-04T18:00:04","guid":{"rendered":"https:\/\/scuba-legends.com\/divemaster\/"},"modified":"2025-08-25T12:08:11","modified_gmt":"2025-08-25T12:08:11","slug":"divemaster","status":"publish","type":"page","link":"https:\/\/scuba-legends.com\/ca\/divemaster\/","title":{"rendered":"Divemaster"},"content":{"rendered":"<p>[et_pb_section fb_built=&#8221;1&#8243; fullwidth=&#8221;on&#8221; module_id=&#8221;spheader-section&#8221; _builder_version=&#8221;4.16&#8243; global_colors_info=&#8221;{}&#8221;][et_pb_fullwidth_header title=&#8221;PADI Divemaster&#8221; _builder_version=&#8221;4.16&#8243; title_text_align=&#8221;left&#8221; title_font_size=&#8221;54px&#8221; subhead_font=&#8221;|||on|||||&#8221; background_image=&#8221;https:\/\/scuba-legends.com\/wp-content\/uploads\/2020\/09\/25-Divemaster-1280&#215;900-1.jpg&#8221; width=&#8221;100%&#8221; module_alignment=&#8221;center&#8221; custom_padding=&#8221;80px||80px||true|&#8221; title_font_size_tablet=&#8221;44px&#8221; background_last_edited=&#8221;on|desktop&#8221; custom_css_main_element=&#8221;background-position: center -240px;&#8221; custom_css_title=&#8221;order: 2;&#8221; custom_css_subtitle=&#8221;order: 1;&#8221; global_colors_info=&#8221;{}&#8221; custom_css_main_element_last_edited=&#8221;on|tablet&#8221; custom_css_main_element_tablet=&#8221;background-position: center -70px;&#8221; custom_css_main_element_phone=&#8221;background-position: center center;&#8221;]<\/p>\n<p style=\"text-align: left;\">\u00a0MAKE IT LEGENDARY<\/p>\n<p>[\/et_pb_fullwidth_header][\/et_pb_section][et_pb_section fb_built=&#8221;1&#8243; _builder_version=&#8221;4.16&#8243; custom_margin=&#8221;-50px||||false|false&#8221; global_colors_info=&#8221;{}&#8221;][et_pb_row _builder_version=&#8221;4.16&#8243; global_colors_info=&#8221;{}&#8221;][et_pb_column type=&#8221;4_4&#8243; _builder_version=&#8221;4.16&#8243; global_colors_info=&#8221;{}&#8221;][et_pb_text _builder_version=&#8221;4.16&#8243; text_font_size=&#8221;18px&#8221; custom_margin=&#8221;-20px||||false|false&#8221; global_colors_info=&#8221;{}&#8221;]<\/p>\n<h2 style=\"text-align: center; color: #0db4d5;\">PADI Divemaster. Converteix-te en una llegenda del busseig. Forma\u2019t amb els millors<\/h2>\n<p>[\/et_pb_text][et_pb_text _builder_version=&#8221;4.16&#8243; global_colors_info=&#8221;{}&#8221;]<\/p>\n<p>Vols treballar del busseig, o simplement bussejador llegendari? Converteix la teva passi\u00f3 en modus de vida. No hi ha res millor que dedicar-te a all\u00f2 que m\u00e9s estimes, creu-nos :).<\/p>\n<p>EL PADI Divemaster es la primera certificaci\u00f3 professional i el primer pas en la carrera de submarinisme. Com a Divemaster ser\u00e0s un model a seguir per a d\u2019altres bussejadors. T\u2019admiraran i aprendran de tu, a m\u00e9s de ser la m\u00e0 dreta de l\u2019instructor. Dirigir\u00e0s, supervisar\u00e0s i motivar\u00e0s als alumnes.<\/p>\n<p>Si ets una persona extravertida i amb do de gents, vols millorar i aprendre sobre el busseig i la seva industria, oferim un programa de pr\u00e0ctiques per a que obtinguis el curs a l\u2019hora que coneixes el sector des de dins.<\/p>\n<p>A Scuba Legends ens prenem molt en serio la formaci\u00f3. M\u00e9s encara la dels nostres Divemasters que suposa el salt de bussejador recreatiu a professional. Som contraris a regalar targes de pl\u00e0stic, per aix\u00f2, sent honestos, haur\u00e0s de guanyar-te el t\u00edtol amb esfor\u00e7. Passar\u00e0s per moments desafiants, com tots hem fet anteriorment, per\u00f2 tamb\u00e9 hi haur\u00e0 moments divert\u00eds i alguns dels m\u00e9s extraordinaris de la teva vida. I valdr\u00e0 la pena. A m\u00e9s, \u00e9s la \u00fanica forma de que et converteixis en llegenda.<\/p>\n<p>[\/et_pb_text][\/et_pb_column][\/et_pb_row][\/et_pb_section][et_pb_section fb_built=&#8221;1&#8243; _builder_version=&#8221;4.16&#8243; custom_margin=&#8221;-50px||||false|false&#8221; global_colors_info=&#8221;{}&#8221;][et_pb_row _builder_version=&#8221;4.16&#8243; custom_margin=&#8221;-20px||||false|false&#8221; global_colors_info=&#8221;{}&#8221;][et_pb_column type=&#8221;4_4&#8243; _builder_version=&#8221;4.16&#8243; global_colors_info=&#8221;{}&#8221;][et_pb_text _builder_version=&#8221;4.16&#8243; text_font_size=&#8221;18px&#8221; custom_margin=&#8221;-20px||||false|false&#8221; global_colors_info=&#8221;{}&#8221;]<\/p>\n<h2 style=\"text-align: center; color: #0db4d5;\">En qu\u00e8 consisteix el PADI Divemaster?<\/h2>\n<p>[\/et_pb_text][et_pb_text _builder_version=&#8221;4.16&#8243; global_colors_info=&#8221;{}&#8221;]<\/p>\n<p>El curs inclou sessions de desenvolupament de coneixements, avaluacions pr\u00e0ctiques, exercicis i tallers d\u2019habilitats aqu\u00e0tiques i presentacions. .<\/p>\n<p>El PADI Divemaster Training inclou els seg\u00fcents temes:<\/p>\n<ul>\n<li>El paper i les caracter\u00edstiques del PADI Divemaster<\/li>\n<li>Supervisar activitats de busseig i ajudar amb estudiants de busseig<\/li>\n<li>Seguretat del bussejador i gesti\u00f3 de riscos<\/li>\n<li>Programes i habilitats especialitzades<\/li>\n<li>El negoci de busseig i la teva carrera<\/li>\n<li>Configuraci\u00f3 i gesti\u00f3 d\u2019immersions<\/li>\n<li>Mapeig d\u2019un lloc de busseig<\/li>\n<li>Presentaci\u00f3 o briefing d\u2019immersions<\/li>\n<li>Organitzar un projecte de cerca i recuperaci\u00f3 i portar a bon terme una immersi\u00f3 profunda<\/li>\n<li>Realitzar els programes Scuba Review i Skin Diver<\/li>\n<li>Asistencia del PADI DSD i guiar immersions (Discover Local Diving)<\/li>\n<\/ul>\n<p>Si vols fer la <strong>modalitat de pr\u00e0ctiques, <\/strong>t\u2019incorporar\u00e0s al nostre equip durant 4 setmanes com a m\u00ednim (depenen del teu nivell de busseig). Nom\u00e9s aix\u00ed podr\u00e0s aprendre la log\u00edstica di\u00e0ria d\u2019un centre de busseig, com \u00e9s la recepci\u00f3 de bussejadors, la gesti\u00f3 dels documents, entrega i configuraci\u00f3 de diferents equips, preparaci\u00f3 i log\u00edstica de les sortides<\/p>\n<p>Per\u00f2 sobre tot, ho passar\u00e0s genial durant les divertides sessions d\u2019entrenament amb els teus instructors. Tenim un equip d\u2019instructors obert i apassionat per ensenyar i compartir els coneixements i experi\u00e8ncia. Ens encanta bussejar i parlar de busseig! Viur\u00e0s experi\u00e8ncies incre\u00efbles, millorar\u00e0s el teu busseig i habilitats personals, coneixer\u00e0s noves persones i cultures. Desperta amb vistes al atl\u00e0ntic i dona els bons dies al c\u00e0lid sol de Lanzarote.<\/p>\n<p>Per a comen\u00e7ar amb el curs PADI Divemaster necessites tenir 40 immersions registrades\u00a0 com a m\u00ednim, ser Rescue Diver i haver fet el curs de Primers Auxilis en els \u00faltims 24 mesos. En cas de que no puguis complir els requisits, podem ampliar el temps de pr\u00e0ctiques i comen\u00e7ar des del teu nivell actual.<\/p>\n<p>Si est\u00e0s interessat en altre cursos, especialitats o busseig t\u00e8cnic, tindr\u00e0s oportunitat d\u2019aprendre-ho durant les teves pr\u00e0ctiques.<\/p>\n<p>[\/et_pb_text][et_pb_text _builder_version=&#8221;4.27.4&#8243; hover_enabled=&#8221;0&#8243; global_colors_info=&#8221;{}&#8221; sticky_enabled=&#8221;0&#8243;]<\/p>\n<ul>\n<li><strong>Duraci\u00f3 de l\u2019activitat<\/strong>: min. 1 mes<\/li>\n<li><strong>Requisits<\/strong>:\n<ul>\n<li>M\u00e9s de 18 anys<\/li>\n<li>Ser Rescue Diver<\/li>\n<li>M\u00ednim 40 bussejos registrats<\/li>\n<li>T\u00edtol de Primers Auxilis obtingut durant els \u00faltims 24 mesos<\/li>\n<li>Estat de salut apte per a busseig<\/li>\n<\/ul>\n<\/li>\n<li><strong>Preu: <\/strong>Des de 999\u20ac*<\/li>\n<\/ul>\n<p>*Depenenet del teu nivell de certificaci\u00f3. Taxes i materials PADI no inclosos<\/p>\n<p>[\/et_pb_text][\/et_pb_column][\/et_pb_row][\/et_pb_section][et_pb_section fb_built=&#8221;1&#8243; _builder_version=&#8221;4.16&#8243; custom_margin=&#8221;-130px||||false|false&#8221; global_colors_info=&#8221;{}&#8221;][et_pb_row _builder_version=&#8221;4.16&#8243; global_colors_info=&#8221;{}&#8221;][et_pb_column type=&#8221;4_4&#8243; _builder_version=&#8221;4.16&#8243; global_colors_info=&#8221;{}&#8221;][et_pb_button button_url=&#8221;https:\/\/scuba-legends.com\/ca\/contacte\/&#8221; button_text=&#8221;Contacte&#8221; button_alignment=&#8221;center&#8221; _builder_version=&#8221;4.16&#8243; custom_button=&#8221;on&#8221; button_text_size=&#8221;15px&#8221; button_text_color=&#8221;#ffffff&#8221; button_bg_color=&#8221;#0db4d5&#8243; button_border_color=&#8221;rgba(0,0,0,0)&#8221; global_colors_info=&#8221;{}&#8221;][\/et_pb_button][\/et_pb_column][\/et_pb_row][\/et_pb_section]<\/p>\n","protected":false},"excerpt":{"rendered":"<p>\u00a0MAKE IT LEGENDARYPADI Divemaster. Converteix-te en una llegenda del busseig. Forma\u2019t amb els millorsVols treballar del busseig, o simplement bussejador llegendari? Converteix la teva passi\u00f3 en modus de vida. No hi ha res millor que dedicar-te a all\u00f2 que m\u00e9s estimes, creu-nos :). EL PADI Divemaster es la primera certificaci\u00f3 professional i el primer pas [&hellip;]<\/p>\n","protected":false},"author":2,"featured_media":0,"parent":0,"menu_order":149,"comment_status":"closed","ping_status":"closed","template":"","meta":{"_acf_changed":false,"_et_pb_use_builder":"on","_et_pb_old_content":"","_et_gb_content_width":"","footnotes":""},"class_list":["post-9359","page","type-page","status-publish","hentry"],"acf":[],"yoast_head":"<!-- This site is optimized with the Yoast SEO plugin v27.4 - https:\/\/yoast.com\/product\/yoast-seo-wordpress\/ -->\n<title>PADI Divemaster | Scuba Legends Centro de Busseig Lanzarote<\/title>\n<meta name=\"description\" content=\"PADI Divemaster. Converteix-te en una llegenda del busseig. Forma\u2019t amb els millors. Entrenament d&#039;alta qualitat.\" \/>\n<meta name=\"robots\" content=\"index, follow, max-snippet:-1, max-image-preview:large, max-video-preview:-1\" \/>\n<link rel=\"canonical\" href=\"https:\/\/scuba-legends.com\/ca\/divemaster\/\" \/>\n<meta property=\"og:locale\" content=\"ca_ES\" \/>\n<meta property=\"og:type\" content=\"article\" \/>\n<meta property=\"og:title\" content=\"PADI Divemaster | Scuba Legends Centro de Busseig Lanzarote\" \/>\n<meta property=\"og:description\" content=\"PADI Divemaster. Converteix-te en una llegenda del busseig. Forma\u2019t amb els millors. Entrenament d&#039;alta qualitat.\" \/>\n<meta property=\"og:url\" content=\"https:\/\/scuba-legends.com\/ca\/divemaster\/\" \/>\n<meta property=\"og:site_name\" content=\"Scuba Legends\" \/>\n<meta property=\"article:publisher\" content=\"https:\/\/www.facebook.com\/ScubaLegends\/\" \/>\n<meta property=\"article:modified_time\" content=\"2025-08-25T12:08:11+00:00\" \/>\n<meta property=\"og:image\" content=\"https:\/\/scuba-legends.com\/wp-content\/uploads\/2020\/01\/scuba_legend_logo_new1.png\" \/>\n\t<meta property=\"og:image:width\" content=\"150\" \/>\n\t<meta property=\"og:image:height\" content=\"150\" \/>\n\t<meta property=\"og:image:type\" content=\"image\/png\" \/>\n<meta name=\"twitter:card\" content=\"summary_large_image\" \/>\n<meta name=\"twitter:site\" content=\"@scubalegends\" \/>\n<meta name=\"twitter:label1\" content=\"Temps estimat de lectura\" \/>\n\t<meta name=\"twitter:data1\" content=\"3 minuts\" \/>\n<script type=\"application\/ld+json\" class=\"yoast-schema-graph\">{\"@context\":\"https:\\\/\\\/schema.org\",\"@graph\":[{\"@type\":\"WebPage\",\"@id\":\"https:\\\/\\\/scuba-legends.com\\\/ca\\\/divemaster\\\/\",\"url\":\"https:\\\/\\\/scuba-legends.com\\\/ca\\\/divemaster\\\/\",\"name\":\"PADI Divemaster | Scuba Legends Centro de Busseig Lanzarote\",\"isPartOf\":{\"@id\":\"https:\\\/\\\/scuba-legends.com\\\/ca\\\/#website\"},\"datePublished\":\"2020-11-04T18:00:04+00:00\",\"dateModified\":\"2025-08-25T12:08:11+00:00\",\"description\":\"PADI Divemaster. Converteix-te en una llegenda del busseig. Forma\u2019t amb els millors. Entrenament d'alta qualitat.\",\"breadcrumb\":{\"@id\":\"https:\\\/\\\/scuba-legends.com\\\/ca\\\/divemaster\\\/#breadcrumb\"},\"inLanguage\":\"ca\",\"potentialAction\":[{\"@type\":\"ReadAction\",\"target\":[\"https:\\\/\\\/scuba-legends.com\\\/ca\\\/divemaster\\\/\"]}]},{\"@type\":\"BreadcrumbList\",\"@id\":\"https:\\\/\\\/scuba-legends.com\\\/ca\\\/divemaster\\\/#breadcrumb\",\"itemListElement\":[{\"@type\":\"ListItem\",\"position\":1,\"name\":\"Scuba Legends\",\"item\":\"https:\\\/\\\/scuba-legends.com\\\/ca\\\/\"},{\"@type\":\"ListItem\",\"position\":2,\"name\":\"Divemaster\"}]},{\"@type\":\"WebSite\",\"@id\":\"https:\\\/\\\/scuba-legends.com\\\/ca\\\/#website\",\"url\":\"https:\\\/\\\/scuba-legends.com\\\/ca\\\/\",\"name\":\"Scuba Legends\",\"description\":\"Dive Center Lanzarote\",\"publisher\":{\"@id\":\"https:\\\/\\\/scuba-legends.com\\\/ca\\\/#organization\"},\"potentialAction\":[{\"@type\":\"SearchAction\",\"target\":{\"@type\":\"EntryPoint\",\"urlTemplate\":\"https:\\\/\\\/scuba-legends.com\\\/ca\\\/?s={search_term_string}\"},\"query-input\":{\"@type\":\"PropertyValueSpecification\",\"valueRequired\":true,\"valueName\":\"search_term_string\"}}],\"inLanguage\":\"ca\"},{\"@type\":\"Organization\",\"@id\":\"https:\\\/\\\/scuba-legends.com\\\/ca\\\/#organization\",\"name\":\"Scuba Legends Dive Center Lanzarote\",\"url\":\"https:\\\/\\\/scuba-legends.com\\\/ca\\\/\",\"logo\":{\"@type\":\"ImageObject\",\"inLanguage\":\"ca\",\"@id\":\"https:\\\/\\\/scuba-legends.com\\\/ca\\\/#\\\/schema\\\/logo\\\/image\\\/\",\"url\":\"https:\\\/\\\/scuba-legends.com\\\/wp-content\\\/uploads\\\/2020\\\/01\\\/scuba_legends_favicon.png\",\"contentUrl\":\"https:\\\/\\\/scuba-legends.com\\\/wp-content\\\/uploads\\\/2020\\\/01\\\/scuba_legends_favicon.png\",\"width\":512,\"height\":512,\"caption\":\"Scuba Legends Dive Center Lanzarote\"},\"image\":{\"@id\":\"https:\\\/\\\/scuba-legends.com\\\/ca\\\/#\\\/schema\\\/logo\\\/image\\\/\"},\"sameAs\":[\"https:\\\/\\\/www.facebook.com\\\/ScubaLegends\\\/\",\"https:\\\/\\\/x.com\\\/scubalegends\",\"https:\\\/\\\/www.instagram.com\\\/scuba_legends\\\/\",\"https:\\\/\\\/www.youtube.com\\\/channel\\\/UCUjHU7Mmii5SfLoodxNZmqQ\"]}]}<\/script>\n<!-- \/ Yoast SEO plugin. -->","yoast_head_json":{"title":"PADI Divemaster | Scuba Legends Centro de Busseig Lanzarote","description":"PADI Divemaster. Converteix-te en una llegenda del busseig. Forma\u2019t amb els millors. Entrenament d'alta qualitat.","robots":{"index":"index","follow":"follow","max-snippet":"max-snippet:-1","max-image-preview":"max-image-preview:large","max-video-preview":"max-video-preview:-1"},"canonical":"https:\/\/scuba-legends.com\/ca\/divemaster\/","og_locale":"ca_ES","og_type":"article","og_title":"PADI Divemaster | Scuba Legends Centro de Busseig Lanzarote","og_description":"PADI Divemaster. Converteix-te en una llegenda del busseig. Forma\u2019t amb els millors. Entrenament d'alta qualitat.","og_url":"https:\/\/scuba-legends.com\/ca\/divemaster\/","og_site_name":"Scuba Legends","article_publisher":"https:\/\/www.facebook.com\/ScubaLegends\/","article_modified_time":"2025-08-25T12:08:11+00:00","og_image":[{"width":150,"height":150,"url":"https:\/\/scuba-legends.com\/wp-content\/uploads\/2020\/01\/scuba_legend_logo_new1.png","type":"image\/png"}],"twitter_card":"summary_large_image","twitter_site":"@scubalegends","twitter_misc":{"Temps estimat de lectura":"3 minuts"},"schema":{"@context":"https:\/\/schema.org","@graph":[{"@type":"WebPage","@id":"https:\/\/scuba-legends.com\/ca\/divemaster\/","url":"https:\/\/scuba-legends.com\/ca\/divemaster\/","name":"PADI Divemaster | Scuba Legends Centro de Busseig Lanzarote","isPartOf":{"@id":"https:\/\/scuba-legends.com\/ca\/#website"},"datePublished":"2020-11-04T18:00:04+00:00","dateModified":"2025-08-25T12:08:11+00:00","description":"PADI Divemaster. Converteix-te en una llegenda del busseig. Forma\u2019t amb els millors. Entrenament d'alta qualitat.","breadcrumb":{"@id":"https:\/\/scuba-legends.com\/ca\/divemaster\/#breadcrumb"},"inLanguage":"ca","potentialAction":[{"@type":"ReadAction","target":["https:\/\/scuba-legends.com\/ca\/divemaster\/"]}]},{"@type":"BreadcrumbList","@id":"https:\/\/scuba-legends.com\/ca\/divemaster\/#breadcrumb","itemListElement":[{"@type":"ListItem","position":1,"name":"Scuba Legends","item":"https:\/\/scuba-legends.com\/ca\/"},{"@type":"ListItem","position":2,"name":"Divemaster"}]},{"@type":"WebSite","@id":"https:\/\/scuba-legends.com\/ca\/#website","url":"https:\/\/scuba-legends.com\/ca\/","name":"Scuba Legends","description":"Dive Center Lanzarote","publisher":{"@id":"https:\/\/scuba-legends.com\/ca\/#organization"},"potentialAction":[{"@type":"SearchAction","target":{"@type":"EntryPoint","urlTemplate":"https:\/\/scuba-legends.com\/ca\/?s={search_term_string}"},"query-input":{"@type":"PropertyValueSpecification","valueRequired":true,"valueName":"search_term_string"}}],"inLanguage":"ca"},{"@type":"Organization","@id":"https:\/\/scuba-legends.com\/ca\/#organization","name":"Scuba Legends Dive Center Lanzarote","url":"https:\/\/scuba-legends.com\/ca\/","logo":{"@type":"ImageObject","inLanguage":"ca","@id":"https:\/\/scuba-legends.com\/ca\/#\/schema\/logo\/image\/","url":"https:\/\/scuba-legends.com\/wp-content\/uploads\/2020\/01\/scuba_legends_favicon.png","contentUrl":"https:\/\/scuba-legends.com\/wp-content\/uploads\/2020\/01\/scuba_legends_favicon.png","width":512,"height":512,"caption":"Scuba Legends Dive Center Lanzarote"},"image":{"@id":"https:\/\/scuba-legends.com\/ca\/#\/schema\/logo\/image\/"},"sameAs":["https:\/\/www.facebook.com\/ScubaLegends\/","https:\/\/x.com\/scubalegends","https:\/\/www.instagram.com\/scuba_legends\/","https:\/\/www.youtube.com\/channel\/UCUjHU7Mmii5SfLoodxNZmqQ"]}]}},"_links":{"self":[{"href":"https:\/\/scuba-legends.com\/ca\/wp-json\/wp\/v2\/pages\/9359","targetHints":{"allow":["GET"]}}],"collection":[{"href":"https:\/\/scuba-legends.com\/ca\/wp-json\/wp\/v2\/pages"}],"about":[{"href":"https:\/\/scuba-legends.com\/ca\/wp-json\/wp\/v2\/types\/page"}],"author":[{"embeddable":true,"href":"https:\/\/scuba-legends.com\/ca\/wp-json\/wp\/v2\/users\/2"}],"replies":[{"embeddable":true,"href":"https:\/\/scuba-legends.com\/ca\/wp-json\/wp\/v2\/comments?post=9359"}],"version-history":[{"count":11,"href":"https:\/\/scuba-legends.com\/ca\/wp-json\/wp\/v2\/pages\/9359\/revisions"}],"predecessor-version":[{"id":19913,"href":"https:\/\/scuba-legends.com\/ca\/wp-json\/wp\/v2\/pages\/9359\/revisions\/19913"}],"wp:attachment":[{"href":"https:\/\/scuba-legends.com\/ca\/wp-json\/wp\/v2\/media?parent=9359"}],"curies":[{"name":"wp","href":"https:\/\/api.w.org\/{rel}","templated":true}]}}