{"id":9352,"date":"2020-11-04T17:54:15","date_gmt":"2020-11-04T17:54:15","guid":{"rendered":"https:\/\/scuba-legends.com\/curs-de-primers-auxilis\/"},"modified":"2024-12-12T12:40:13","modified_gmt":"2024-12-12T12:40:13","slug":"curs-de-primers-auxilis","status":"publish","type":"page","link":"https:\/\/scuba-legends.com\/ca\/curs-de-primers-auxilis\/","title":{"rendered":"Curs de Primers Auxilis"},"content":{"rendered":"<p>[et_pb_section fb_built=&#8221;1&#8243; fullwidth=&#8221;on&#8221; module_id=&#8221;spheader-section&#8221; _builder_version=&#8221;4.16&#8243; global_colors_info=&#8221;{}&#8221;][et_pb_fullwidth_header title=&#8221;Curso de Primers Auxilis &#8221; _builder_version=&#8221;4.27.4&#8243; title_text_align=&#8221;left&#8221; title_font_size=&#8221;54px&#8221; subhead_font=&#8221;|||on|||||&#8221; background_image=&#8221;https:\/\/scuba-legends.com\/wp-content\/uploads\/2020\/09\/25.1-EFR-1280&#215;900-1.jpg&#8221; width=&#8221;100%&#8221; module_alignment=&#8221;center&#8221; custom_padding=&#8221;80px||80px||true|&#8221; hover_enabled=&#8221;0&#8243; title_font_size_tablet=&#8221;44px&#8221; background_last_edited=&#8221;on|desktop&#8221; custom_css_main_element=&#8221;background-position: center -240px;&#8221; custom_css_title=&#8221;order: 2;&#8221; custom_css_subtitle=&#8221;order: 1;&#8221; global_colors_info=&#8221;{}&#8221; custom_css_main_element_last_edited=&#8221;on|tablet&#8221; custom_css_main_element_tablet=&#8221;background-position: center -70px;&#8221; custom_css_main_element_phone=&#8221;background-position: center center;&#8221; admin_label=&#8221;Fullwidth Header&#8221; sticky_enabled=&#8221;0&#8243;]<\/p>\n<p style=\"text-align: left;\">\u00a0MAKE IT LEGENDARY<\/p>\n<p>[\/et_pb_fullwidth_header][\/et_pb_section][et_pb_section fb_built=&#8221;1&#8243; _builder_version=&#8221;4.16&#8243; custom_margin=&#8221;-50px||||false|false&#8221; global_colors_info=&#8221;{}&#8221;][et_pb_row _builder_version=&#8221;4.16&#8243; global_colors_info=&#8221;{}&#8221;][et_pb_column type=&#8221;4_4&#8243; _builder_version=&#8221;4.16&#8243; global_colors_info=&#8221;{}&#8221;][et_pb_text _builder_version=&#8221;4.16&#8243; text_font_size=&#8221;18px&#8221; custom_margin=&#8221;-20px||||false|false&#8221; global_colors_info=&#8221;{}&#8221;]<\/p>\n<h2 style=\"text-align: center; color: #0db4d5;\">Apr\u00e8n a salvar vides dins i fora de l\u2019aigua<\/h2>\n<p>[\/et_pb_text][et_pb_text _builder_version=&#8221;4.27.4&#8243; hover_enabled=&#8221;0&#8243; global_colors_info=&#8221;{}&#8221; sticky_enabled=&#8221;0&#8243;]<\/p>\n<p>Converteix-te en llegenda ajudant als que t\u2019envolten i salvant-los d\u2019algun perill. Entrenar\u00e0s pas a pas en un ambient no estressant a saber com reaccionar en situacions d\u2019emerg\u00e8ncia m\u00e8dica. Obtindr\u00e0s els coneixements i habilitats, per\u00f2 sobretot, la confian\u00e7a d\u2019un aut\u00e8ntic socorrista.<\/p>\n<p>Obt\u00e9 el curs de primers auxilis orientat al submarinisme. Aquest curs es pot combinar amb el Rescue Diver, que et forma per a ser el millor company de busseig, per\u00f2 es pot fer tamb\u00e9 per separat.<\/p>\n<p>[\/et_pb_text][\/et_pb_column][\/et_pb_row][\/et_pb_section][et_pb_section fb_built=&#8221;1&#8243; _builder_version=&#8221;4.16&#8243; custom_margin=&#8221;-50px||||false|false&#8221; global_colors_info=&#8221;{}&#8221;][et_pb_row _builder_version=&#8221;4.16&#8243; custom_margin=&#8221;-20px||||false|false&#8221; global_colors_info=&#8221;{}&#8221;][et_pb_column type=&#8221;4_4&#8243; _builder_version=&#8221;4.16&#8243; global_colors_info=&#8221;{}&#8221;][et_pb_text _builder_version=&#8221;4.16&#8243; text_font_size=&#8221;18px&#8221; custom_margin=&#8221;-20px||||false|false&#8221; global_colors_info=&#8221;{}&#8221;]<\/p>\n<h2 style=\"text-align: center; color: #0db4d5;\">En que consisteix el curs de primers auxilis o socorrista?<\/h2>\n<p>[\/et_pb_text][et_pb_text _builder_version=&#8221;4.16&#8243; global_colors_info=&#8221;{}&#8221;]<\/p>\n<p>A trav\u00e9s de m\u00f2duls te\u00f2rics i pr\u00e0ctics aprendr\u00e0s i adquirir\u00e0s l\u2019experi\u00e8ncia necess\u00e0ria.<\/p>\n<p>Aquest programa es divideix en dues parts:<\/p>\n<ul>\n<li>Atenci\u00f3 prim\u00e0ria (RCP). Apr\u00e8n a reaccionar en emerg\u00e8ncies que amenacen la vida i a realitzar un massatge cardiopulmonar (RCP). Practica a tractar amb pacients en estat de xoc, sense pols ni batecs, amb lesions medul\u00b7lars, hemorr\u00e0gies greus, etc.<\/li>\n<li>Atenci\u00f3 secund\u00e0ria. Afortunadament, no tots els accidents posen en perill la vida. Apr\u00e8n a proporcionar tractaments com a embenats, fixar membres trencats, avaluar infeccions, malalties o lesions.<\/li>\n<\/ul>\n<p>Al finalitzar, ser\u00e0s un socorrista d\u2019emerg\u00e8ncia certificat.<\/p>\n<p>[\/et_pb_text][et_pb_text _builder_version=&#8221;4.16&#8243; global_colors_info=&#8221;{}&#8221;]<\/p>\n<ul>\n<li><strong>Incl\u00f2s: <\/strong>tots els materials d\u2019entrenament.<\/li>\n<li><strong>Duraci\u00f3 de l\u2019activitat<\/strong>: 1 dia + eLearning<\/li>\n<li><strong>Preu: <\/strong>199\u20ac<\/li>\n<\/ul>\n<p>[\/et_pb_text][\/et_pb_column][\/et_pb_row][\/et_pb_section][et_pb_section fb_built=&#8221;1&#8243; _builder_version=&#8221;4.16&#8243; custom_margin=&#8221;-130px||||false|false&#8221; global_colors_info=&#8221;{}&#8221;][et_pb_row _builder_version=&#8221;4.16&#8243; global_colors_info=&#8221;{}&#8221;][et_pb_column type=&#8221;4_4&#8243; _builder_version=&#8221;4.16&#8243; global_colors_info=&#8221;{}&#8221;][et_pb_button button_url=&#8221;https:\/\/app.bukyapp.com\/front\/673ef83180e03463a90b61e6\/product\/67505868d05b4ae7285679a5&#8243; button_text=&#8221;RESERVAR&#8221; button_alignment=&#8221;center&#8221; _builder_version=&#8221;4.27.4&#8243; custom_button=&#8221;on&#8221; button_text_size=&#8221;16px&#8221; button_text_color=&#8221;#ffffff&#8221; button_bg_color=&#8221;#0db4d5&#8243; button_border_width=&#8221;6px&#8221; hover_enabled=&#8221;0&#8243; global_colors_info=&#8221;{}&#8221; url_new_window=&#8221;on&#8221; sticky_enabled=&#8221;0&#8243;][\/et_pb_button][\/et_pb_column][\/et_pb_row][\/et_pb_section][et_pb_section fb_built=&#8221;1&#8243; fullwidth=&#8221;on&#8221; _builder_version=&#8221;4.16&#8243; custom_margin=&#8221;||||false|false&#8221; global_colors_info=&#8221;{}&#8221;][et_pb_fullwidth_header text_orientation=&#8221;center&#8221; button_one_text=&#8221;M\u00e9s informaci\u00f3&#8221; button_one_url=&#8221;https:\/\/scuba-legends.com\/ca\/contacte\/&#8221; button_two_text=&#8221;Reserva&#8221; button_two_url=&#8221;https:\/\/scuba-legends.com\/ca\/reservar\/&#8221; _builder_version=&#8221;4.16&#8243; title_level=&#8221;h3&#8243; background_image=&#8221;https:\/\/scuba-legends.com\/wp-content\/uploads\/2020\/08\/Hazlo-epico-1.jpg&#8221; custom_button_one=&#8221;on&#8221; button_one_text_size=&#8221;16px&#8221; button_one_custom_margin=&#8221;||||false|false&#8221; custom_button_two=&#8221;on&#8221; button_two_text_size=&#8221;16px&#8221; text_shadow_style=&#8221;preset3&#8243; global_colors_info=&#8221;{}&#8221;]<\/p>\n<h2 style=\"text-align: center;\"><strong>Guies i instructor de busseig privat \u2013 Fes-lo \u00e8pic<\/strong><\/h2>\n<p style=\"text-align: center;\">Si vols una atenci\u00f3 VIP, encara m\u00e9s personalitzada i nom\u00e9s per a tu sol (o amb la teva fam\u00edlia i amics), t\u2019oferim el nostre servei exclusiu de submarinisme privat a Puerto del Carmen, Lanzarote.<br \/>Adaptem la immersi\u00f3 o curs a les teves necessitats i tempos.<\/p>\n<p>[\/et_pb_fullwidth_header][\/et_pb_section]<\/p>\n","protected":false},"excerpt":{"rendered":"<p>\u00a0MAKE IT LEGENDARYApr\u00e8n a salvar vides dins i fora de l\u2019aiguaConverteix-te en llegenda ajudant als que t\u2019envolten i salvant-los d\u2019algun perill. Entrenar\u00e0s pas a pas en un ambient no estressant a saber com reaccionar en situacions d\u2019emerg\u00e8ncia m\u00e8dica. Obtindr\u00e0s els coneixements i habilitats, per\u00f2 sobretot, la confian\u00e7a d\u2019un aut\u00e8ntic socorrista. Obt\u00e9 el curs de primers [&hellip;]<\/p>\n","protected":false},"author":2,"featured_media":0,"parent":0,"menu_order":150,"comment_status":"closed","ping_status":"closed","template":"","meta":{"_acf_changed":false,"_et_pb_use_builder":"on","_et_pb_old_content":"","_et_gb_content_width":"","footnotes":""},"class_list":["post-9352","page","type-page","status-publish","hentry"],"acf":[],"yoast_head":"<!-- This site is optimized with the Yoast SEO plugin v27.4 - https:\/\/yoast.com\/product\/yoast-seo-wordpress\/ -->\n<title>Curs de Primers Auxilis - Scuba Legends<\/title>\n<meta name=\"description\" content=\"Curso de Primers Auxilis. Converteix-te en ajudant als que t\u2019envolten i salvant-los d\u2019algun perill. Entrenar\u00e0s pas a pas, eaccionar en situacions d\u2019emerg\u00e8ncia m\u00e8dica.\" \/>\n<meta name=\"robots\" content=\"index, follow, max-snippet:-1, max-image-preview:large, max-video-preview:-1\" \/>\n<link rel=\"canonical\" href=\"https:\/\/scuba-legends.com\/ca\/curs-de-primers-auxilis\/\" \/>\n<meta property=\"og:locale\" content=\"ca_ES\" \/>\n<meta property=\"og:type\" content=\"article\" \/>\n<meta property=\"og:title\" content=\"Curs de Primers Auxilis - Scuba Legends\" \/>\n<meta property=\"og:description\" content=\"Curso de Primers Auxilis. Converteix-te en ajudant als que t\u2019envolten i salvant-los d\u2019algun perill. Entrenar\u00e0s pas a pas, eaccionar en situacions d\u2019emerg\u00e8ncia m\u00e8dica.\" \/>\n<meta property=\"og:url\" content=\"https:\/\/scuba-legends.com\/ca\/curs-de-primers-auxilis\/\" \/>\n<meta property=\"og:site_name\" content=\"Scuba Legends\" \/>\n<meta property=\"article:publisher\" content=\"https:\/\/www.facebook.com\/ScubaLegends\/\" \/>\n<meta property=\"article:modified_time\" content=\"2024-12-12T12:40:13+00:00\" \/>\n<meta property=\"og:image\" content=\"https:\/\/scuba-legends.com\/wp-content\/uploads\/2020\/01\/scuba_legend_logo_new1.png\" \/>\n\t<meta property=\"og:image:width\" content=\"150\" \/>\n\t<meta property=\"og:image:height\" content=\"150\" \/>\n\t<meta property=\"og:image:type\" content=\"image\/png\" \/>\n<meta name=\"twitter:card\" content=\"summary_large_image\" \/>\n<meta name=\"twitter:site\" content=\"@scubalegends\" \/>\n<meta name=\"twitter:label1\" content=\"Temps estimat de lectura\" \/>\n\t<meta name=\"twitter:data1\" content=\"2 minuts\" \/>\n<script type=\"application\/ld+json\" class=\"yoast-schema-graph\">{\"@context\":\"https:\\\/\\\/schema.org\",\"@graph\":[{\"@type\":\"WebPage\",\"@id\":\"https:\\\/\\\/scuba-legends.com\\\/ca\\\/curs-de-primers-auxilis\\\/\",\"url\":\"https:\\\/\\\/scuba-legends.com\\\/ca\\\/curs-de-primers-auxilis\\\/\",\"name\":\"Curs de Primers Auxilis - Scuba Legends\",\"isPartOf\":{\"@id\":\"https:\\\/\\\/scuba-legends.com\\\/ca\\\/#website\"},\"datePublished\":\"2020-11-04T17:54:15+00:00\",\"dateModified\":\"2024-12-12T12:40:13+00:00\",\"description\":\"Curso de Primers Auxilis. Converteix-te en ajudant als que t\u2019envolten i salvant-los d\u2019algun perill. Entrenar\u00e0s pas a pas, eaccionar en situacions d\u2019emerg\u00e8ncia m\u00e8dica.\",\"breadcrumb\":{\"@id\":\"https:\\\/\\\/scuba-legends.com\\\/ca\\\/curs-de-primers-auxilis\\\/#breadcrumb\"},\"inLanguage\":\"ca\",\"potentialAction\":[{\"@type\":\"ReadAction\",\"target\":[\"https:\\\/\\\/scuba-legends.com\\\/ca\\\/curs-de-primers-auxilis\\\/\"]}]},{\"@type\":\"BreadcrumbList\",\"@id\":\"https:\\\/\\\/scuba-legends.com\\\/ca\\\/curs-de-primers-auxilis\\\/#breadcrumb\",\"itemListElement\":[{\"@type\":\"ListItem\",\"position\":1,\"name\":\"Scuba Legends\",\"item\":\"https:\\\/\\\/scuba-legends.com\\\/ca\\\/\"},{\"@type\":\"ListItem\",\"position\":2,\"name\":\"Curs de Primers Auxilis\"}]},{\"@type\":\"WebSite\",\"@id\":\"https:\\\/\\\/scuba-legends.com\\\/ca\\\/#website\",\"url\":\"https:\\\/\\\/scuba-legends.com\\\/ca\\\/\",\"name\":\"Scuba Legends\",\"description\":\"Dive Center Lanzarote\",\"publisher\":{\"@id\":\"https:\\\/\\\/scuba-legends.com\\\/ca\\\/#organization\"},\"potentialAction\":[{\"@type\":\"SearchAction\",\"target\":{\"@type\":\"EntryPoint\",\"urlTemplate\":\"https:\\\/\\\/scuba-legends.com\\\/ca\\\/?s={search_term_string}\"},\"query-input\":{\"@type\":\"PropertyValueSpecification\",\"valueRequired\":true,\"valueName\":\"search_term_string\"}}],\"inLanguage\":\"ca\"},{\"@type\":\"Organization\",\"@id\":\"https:\\\/\\\/scuba-legends.com\\\/ca\\\/#organization\",\"name\":\"Scuba Legends Dive Center Lanzarote\",\"url\":\"https:\\\/\\\/scuba-legends.com\\\/ca\\\/\",\"logo\":{\"@type\":\"ImageObject\",\"inLanguage\":\"ca\",\"@id\":\"https:\\\/\\\/scuba-legends.com\\\/ca\\\/#\\\/schema\\\/logo\\\/image\\\/\",\"url\":\"https:\\\/\\\/scuba-legends.com\\\/wp-content\\\/uploads\\\/2020\\\/01\\\/scuba_legends_favicon.png\",\"contentUrl\":\"https:\\\/\\\/scuba-legends.com\\\/wp-content\\\/uploads\\\/2020\\\/01\\\/scuba_legends_favicon.png\",\"width\":512,\"height\":512,\"caption\":\"Scuba Legends Dive Center Lanzarote\"},\"image\":{\"@id\":\"https:\\\/\\\/scuba-legends.com\\\/ca\\\/#\\\/schema\\\/logo\\\/image\\\/\"},\"sameAs\":[\"https:\\\/\\\/www.facebook.com\\\/ScubaLegends\\\/\",\"https:\\\/\\\/x.com\\\/scubalegends\",\"https:\\\/\\\/www.instagram.com\\\/scuba_legends\\\/\",\"https:\\\/\\\/www.youtube.com\\\/channel\\\/UCUjHU7Mmii5SfLoodxNZmqQ\"]}]}<\/script>\n<!-- \/ Yoast SEO plugin. -->","yoast_head_json":{"title":"Curs de Primers Auxilis - Scuba Legends","description":"Curso de Primers Auxilis. Converteix-te en ajudant als que t\u2019envolten i salvant-los d\u2019algun perill. Entrenar\u00e0s pas a pas, eaccionar en situacions d\u2019emerg\u00e8ncia m\u00e8dica.","robots":{"index":"index","follow":"follow","max-snippet":"max-snippet:-1","max-image-preview":"max-image-preview:large","max-video-preview":"max-video-preview:-1"},"canonical":"https:\/\/scuba-legends.com\/ca\/curs-de-primers-auxilis\/","og_locale":"ca_ES","og_type":"article","og_title":"Curs de Primers Auxilis - Scuba Legends","og_description":"Curso de Primers Auxilis. Converteix-te en ajudant als que t\u2019envolten i salvant-los d\u2019algun perill. Entrenar\u00e0s pas a pas, eaccionar en situacions d\u2019emerg\u00e8ncia m\u00e8dica.","og_url":"https:\/\/scuba-legends.com\/ca\/curs-de-primers-auxilis\/","og_site_name":"Scuba Legends","article_publisher":"https:\/\/www.facebook.com\/ScubaLegends\/","article_modified_time":"2024-12-12T12:40:13+00:00","og_image":[{"width":150,"height":150,"url":"https:\/\/scuba-legends.com\/wp-content\/uploads\/2020\/01\/scuba_legend_logo_new1.png","type":"image\/png"}],"twitter_card":"summary_large_image","twitter_site":"@scubalegends","twitter_misc":{"Temps estimat de lectura":"2 minuts"},"schema":{"@context":"https:\/\/schema.org","@graph":[{"@type":"WebPage","@id":"https:\/\/scuba-legends.com\/ca\/curs-de-primers-auxilis\/","url":"https:\/\/scuba-legends.com\/ca\/curs-de-primers-auxilis\/","name":"Curs de Primers Auxilis - Scuba Legends","isPartOf":{"@id":"https:\/\/scuba-legends.com\/ca\/#website"},"datePublished":"2020-11-04T17:54:15+00:00","dateModified":"2024-12-12T12:40:13+00:00","description":"Curso de Primers Auxilis. Converteix-te en ajudant als que t\u2019envolten i salvant-los d\u2019algun perill. Entrenar\u00e0s pas a pas, eaccionar en situacions d\u2019emerg\u00e8ncia m\u00e8dica.","breadcrumb":{"@id":"https:\/\/scuba-legends.com\/ca\/curs-de-primers-auxilis\/#breadcrumb"},"inLanguage":"ca","potentialAction":[{"@type":"ReadAction","target":["https:\/\/scuba-legends.com\/ca\/curs-de-primers-auxilis\/"]}]},{"@type":"BreadcrumbList","@id":"https:\/\/scuba-legends.com\/ca\/curs-de-primers-auxilis\/#breadcrumb","itemListElement":[{"@type":"ListItem","position":1,"name":"Scuba Legends","item":"https:\/\/scuba-legends.com\/ca\/"},{"@type":"ListItem","position":2,"name":"Curs de Primers Auxilis"}]},{"@type":"WebSite","@id":"https:\/\/scuba-legends.com\/ca\/#website","url":"https:\/\/scuba-legends.com\/ca\/","name":"Scuba Legends","description":"Dive Center Lanzarote","publisher":{"@id":"https:\/\/scuba-legends.com\/ca\/#organization"},"potentialAction":[{"@type":"SearchAction","target":{"@type":"EntryPoint","urlTemplate":"https:\/\/scuba-legends.com\/ca\/?s={search_term_string}"},"query-input":{"@type":"PropertyValueSpecification","valueRequired":true,"valueName":"search_term_string"}}],"inLanguage":"ca"},{"@type":"Organization","@id":"https:\/\/scuba-legends.com\/ca\/#organization","name":"Scuba Legends Dive Center Lanzarote","url":"https:\/\/scuba-legends.com\/ca\/","logo":{"@type":"ImageObject","inLanguage":"ca","@id":"https:\/\/scuba-legends.com\/ca\/#\/schema\/logo\/image\/","url":"https:\/\/scuba-legends.com\/wp-content\/uploads\/2020\/01\/scuba_legends_favicon.png","contentUrl":"https:\/\/scuba-legends.com\/wp-content\/uploads\/2020\/01\/scuba_legends_favicon.png","width":512,"height":512,"caption":"Scuba Legends Dive Center Lanzarote"},"image":{"@id":"https:\/\/scuba-legends.com\/ca\/#\/schema\/logo\/image\/"},"sameAs":["https:\/\/www.facebook.com\/ScubaLegends\/","https:\/\/x.com\/scubalegends","https:\/\/www.instagram.com\/scuba_legends\/","https:\/\/www.youtube.com\/channel\/UCUjHU7Mmii5SfLoodxNZmqQ"]}]}},"_links":{"self":[{"href":"https:\/\/scuba-legends.com\/ca\/wp-json\/wp\/v2\/pages\/9352","targetHints":{"allow":["GET"]}}],"collection":[{"href":"https:\/\/scuba-legends.com\/ca\/wp-json\/wp\/v2\/pages"}],"about":[{"href":"https:\/\/scuba-legends.com\/ca\/wp-json\/wp\/v2\/types\/page"}],"author":[{"embeddable":true,"href":"https:\/\/scuba-legends.com\/ca\/wp-json\/wp\/v2\/users\/2"}],"replies":[{"embeddable":true,"href":"https:\/\/scuba-legends.com\/ca\/wp-json\/wp\/v2\/comments?post=9352"}],"version-history":[{"count":2,"href":"https:\/\/scuba-legends.com\/ca\/wp-json\/wp\/v2\/pages\/9352\/revisions"}],"predecessor-version":[{"id":18815,"href":"https:\/\/scuba-legends.com\/ca\/wp-json\/wp\/v2\/pages\/9352\/revisions\/18815"}],"wp:attachment":[{"href":"https:\/\/scuba-legends.com\/ca\/wp-json\/wp\/v2\/media?parent=9352"}],"curies":[{"name":"wp","href":"https:\/\/api.w.org\/{rel}","templated":true}]}}