{"id":9311,"date":"2020-11-04T17:19:40","date_gmt":"2020-11-04T17:19:40","guid":{"rendered":"https:\/\/scuba-legends.com\/especialitat-busseig-en-pecis\/"},"modified":"2025-08-18T10:47:07","modified_gmt":"2025-08-18T10:47:07","slug":"especialitat-busseig-en-pecis","status":"publish","type":"page","link":"https:\/\/scuba-legends.com\/ca\/especialitat-busseig-en-pecis\/","title":{"rendered":"Especialitat PADI Busseig en Pecis"},"content":{"rendered":"<p>[et_pb_section fb_built=&#8221;1&#8243; fullwidth=&#8221;on&#8221; module_id=&#8221;spheader-section&#8221; _builder_version=&#8221;4.16&#8243; global_colors_info=&#8221;{}&#8221;][et_pb_fullwidth_header title=&#8221;Especialitat PADI Busseig en Pecis&#8221; _builder_version=&#8221;4.27.4&#8243; title_text_align=&#8221;left&#8221; title_font_size=&#8221;54px&#8221; subhead_font=&#8221;|||on|||||&#8221; background_image=&#8221;https:\/\/scuba-legends.com\/wp-content\/uploads\/2020\/09\/8E-Wrecks-1280&#215;900-1.jpg&#8221; width=&#8221;100%&#8221; module_alignment=&#8221;center&#8221; custom_padding=&#8221;80px||80px||true|&#8221; hover_enabled=&#8221;0&#8243; title_font_size_tablet=&#8221;44px&#8221; background_last_edited=&#8221;on|desktop&#8221; custom_css_main_element=&#8221;background-position: center -240px;&#8221; custom_css_title=&#8221;order: 2;&#8221; custom_css_subtitle=&#8221;order: 1;&#8221; global_colors_info=&#8221;{}&#8221; custom_css_main_element_last_edited=&#8221;on|tablet&#8221; custom_css_main_element_tablet=&#8221;background-position: center -70px;&#8221; custom_css_main_element_phone=&#8221;background-position: center center;&#8221; sticky_enabled=&#8221;0&#8243;]<\/p>\n<p style=\"text-align: left;\">\u00a0MAKE IT LEGENDARY<\/p>\n<p>[\/et_pb_fullwidth_header][\/et_pb_section][et_pb_section fb_built=&#8221;1&#8243; _builder_version=&#8221;4.16&#8243; custom_margin=&#8221;-50px||||false|false&#8221; global_colors_info=&#8221;{}&#8221; locked=&#8221;off&#8221;][et_pb_row _builder_version=&#8221;4.16&#8243; global_colors_info=&#8221;{}&#8221;][et_pb_column type=&#8221;4_4&#8243; _builder_version=&#8221;4.16&#8243; global_colors_info=&#8221;{}&#8221;][et_pb_text _builder_version=&#8221;4.27.4&#8243; text_font_size=&#8221;18px&#8221; custom_margin=&#8221;-20px||||false|false&#8221; global_colors_info=&#8221;{}&#8221;]<\/p>\n<h2 style=\"text-align: center; color: #0db4d5;\">Especialitat PADI Busseig Profund \u2013 Submergeix-te fins al l\u00edmit de profunditat del busseig recreatiu!<\/h2>\n<p>[\/et_pb_text][et_pb_text _builder_version=&#8221;4.27.4&#8243; hover_enabled=&#8221;0&#8243; global_colors_info=&#8221;{}&#8221; sticky_enabled=&#8221;0&#8243;]<\/p>\n<p data-start=\"2278\" data-end=\"2652\"><strong data-start=\"2278\" data-end=\"2351\">Especialitat PADI Busseig en Pecis \u2013 Explora Pecis a Puerto del Carmen<\/strong><br data-start=\"2351\" data-end=\"2354\" \/>Submergeix-te en la hist\u00f2ria sota les ones amb el nostre <strong>curs d\u2019especialitat PADI Busseig en Pecis a Puerto del Carmen, Lanzarote<\/strong>. El busseig en pecis combina aventura, hist\u00f2ria i exploraci\u00f3, permetent-te descobrir fascinants vaixells enfonsats mentre revius les llegendes i hist\u00f2ries que guarden.<\/p>\n<p data-start=\"2654\" data-end=\"3168\">Puerto del Carmen compta amb diversos naufragis, fet que el converteix en el lloc perfecte per a aquest curs d\u2019especialitat. Des de vaixells enfonsats intencionadament fins a embarcacions amb passat tr\u00e0gic, els pecis ofereixen desafiaments diversos per a bussejadors de tots els nivells. Els llocs de immersi\u00f3 dependran del nivell d\u2019experi\u00e8ncia i de les condicions meteorol\u00f2giques, i poden incloure el <strong>Barco Hundido a Playa Chica<\/strong>, els <strong>Pecis de Puerto del Carmen<\/strong> i els <strong>Pecis del Barranco del Qu\u00e9quere.<\/strong><\/p>\n<p data-start=\"3170\" data-end=\"3219\">Durant el curs, el teu instructor et guiar\u00e0 en:<\/p>\n<ul data-start=\"3220\" data-end=\"3453\">\n<li data-start=\"3220\" data-end=\"3299\">\n<p data-start=\"3222\" data-end=\"3299\">Els diferents tipus de pecisi la seva rellev\u00e0ncia hist\u00f2rica i cultural<\/p>\n<\/li>\n<li data-start=\"3300\" data-end=\"3378\">\n<p data-start=\"3302\" data-end=\"3378\">Restriccions legals locals i bones pr\u00e0ctiques per a un busseig responsable<\/p>\n<\/li>\n<li data-start=\"3379\" data-end=\"3453\">\n<p data-start=\"3381\" data-end=\"3453\">T\u00e8cniques per navegar pels pecis amb seguretat preservant l\u2019entorn<\/p>\n<\/li>\n<\/ul>\n<p data-start=\"3455\" data-end=\"3523\">El programa inclou <strong>quatre immersions en aig\u00fces obertes<\/strong>, on podr\u00e0s:<\/p>\n<ul data-start=\"3524\" data-end=\"3756\">\n<li data-start=\"3524\" data-end=\"3565\">\n<p data-start=\"3526\" data-end=\"3565\">Explorar i mapar pecis submergits<\/p>\n<\/li>\n<li data-start=\"3566\" data-end=\"3654\">\n<p data-start=\"3568\" data-end=\"3654\">Practicar el control de flotabilitat i t\u00e8cniques per evitar la remoguda de sediments<\/p>\n<\/li>\n<li data-start=\"3655\" data-end=\"3756\">\n<p data-start=\"3657\" data-end=\"3756\">Aprendre a utilitzar l\u00ednies i carrets de penetraci\u00f3 per navegar amb seguretat dins dels naufragis<\/p>\n<\/li>\n<\/ul>\n<p data-start=\"3758\" data-end=\"3970\">Per als bussejadors preparats i quan les condicions ho permetin, l\u2019\u00faltima immersi\u00f3 pot incloure penetraci\u00f3 dins del peci, oferint-te una perspectiva \u00fanica de la vida sota l\u2019aigua respectant l\u2019entorn fr\u00e0gil.<\/p>\n<p data-start=\"3972\" data-end=\"4145\">Al final del curs, tindr\u00e0s els coneixements i habilitats per bussejar en pecis amb confian\u00e7a, responsabilitat i seguretat, desbloquejant un m\u00f3n d\u2019hist\u00f2ria sota l\u2019oce\u00e0.<\/p>\n<p>[\/et_pb_text][\/et_pb_column][\/et_pb_row][et_pb_row _builder_version=&#8221;4.16&#8243; global_colors_info=&#8221;{}&#8221;][et_pb_column type=&#8221;4_4&#8243; _builder_version=&#8221;4.16&#8243; global_colors_info=&#8221;{}&#8221;][et_pb_button button_url=&#8221;https:\/\/app.bukyapp.com\/front\/673ef83180e03463a90b61e6\/product\/6751c4f106c0ee8645c29c34&#8243; url_new_window=&#8221;on&#8221; button_text=&#8221;DISPONIBILITAT I PREUS&#8221; button_alignment=&#8221;center&#8221; _builder_version=&#8221;4.27.4&#8243; custom_button=&#8221;on&#8221; button_text_size=&#8221;16px&#8221; button_text_color=&#8221;#ffffff&#8221; button_bg_color=&#8221;#0db4d5&#8243; button_border_width=&#8221;6px&#8221; hover_enabled=&#8221;0&#8243; global_colors_info=&#8221;{}&#8221; admin_label=&#8221;Button&#8221; sticky_enabled=&#8221;0&#8243;][\/et_pb_button][\/et_pb_column][\/et_pb_row][et_pb_row column_structure=&#8221;1_3,1_3,1_3&#8243; _builder_version=&#8221;4.16&#8243; locked=&#8221;off&#8221; global_colors_info=&#8221;{}&#8221;][et_pb_column type=&#8221;1_3&#8243; _builder_version=&#8221;4.16&#8243; global_colors_info=&#8221;{}&#8221;][et_pb_text admin_label=&#8221;Text&#8221; _builder_version=&#8221;4.27.4&#8243; background_color=&#8221;rgba(13,180,213,0.17)&#8221; custom_padding=&#8221;25px|25px|25px|25px|false|false&#8221; hover_enabled=&#8221;0&#8243; border_radii=&#8221;on|3px|3px|3px|3px&#8221; global_colors_info=&#8221;{}&#8221; sticky_enabled=&#8221;0&#8243;]<\/p>\n<h4 style=\"text-align: center; color: #0db4d5;\">M\u00e9s informaci\u00f3?<\/h4>\n<p><strong>ESPECIALITAT PADI BUSSEIG EN PECIS<\/strong><\/p>\n<ul>\n<li>Ubicaci\u00f3: Playa Chica + busseig amb vaixell (Puerto del Carmen)<\/li>\n<li>Profunditat: m\u00e0x. 40 metres<\/li>\n<li>Durada: 2-2,5 dies + eLearning<\/li>\n<li>Preu: des de 450 \u20ac<\/li>\n<\/ul>\n<h4 style=\"text-align: center; color: #0db4d5;\"><a href=\"https:\/\/app.bukyapp.com\/front\/673ef83180e03463a90b61e6\/product\/6751c4f106c0ee8645c29c34\" target=\"_blank\" rel=\"noopener\">RESERVAR<\/a><\/h4>\n<p>[\/et_pb_text][\/et_pb_column][et_pb_column type=&#8221;1_3&#8243; _builder_version=&#8221;4.16&#8243; global_colors_info=&#8221;{}&#8221;][et_pb_text _builder_version=&#8221;4.27.4&#8243; background_color=&#8221;rgba(13,180,213,0.17)&#8221; custom_padding=&#8221;25px|25px|25px|25px|false|false&#8221; border_radii=&#8221;on|3px|3px|3px|3px&#8221; global_colors_info=&#8221;{}&#8221;]<\/p>\n<h4 style=\"text-align: center; color: #0db4d5;\">Qu\u00e8 est\u00e0 incl\u00f2s?<\/h4>\n<ul>\n<li>Acc\u00e9s a PADI eLearning<\/li>\n<li>Taxes de certificaci\u00f3 PADI<\/li>\n<li>Aigua i galetes entre immersions<\/li>\n<li>Instructor amb experi\u00e8ncia<\/li>\n<li>Grups petits<\/li>\n<\/ul>\n<p>[\/et_pb_text][et_pb_text _builder_version=&#8221;4.27.4&#8243; background_color=&#8221;rgba(13,180,213,0.17)&#8221; custom_padding=&#8221;25px|25px|25px|25px|false|false&#8221; border_radii=&#8221;on|3px|3px|3px|3px&#8221; global_colors_info=&#8221;{}&#8221;]<\/p>\n<h4 style=\"text-align: center; color: #0db4d5;\">Quins s\u00f3n els requisits?<\/h4>\n<ul>\n<li>M\u00e9s de 15 anys<\/li>\n<li>Ser Adventure Diver o superior<\/li>\n<li>Aptitud m\u00e8dica per al busseig: algunes condicions m\u00e8diques pr\u00e8vies requereixen una avaluaci\u00f3 m\u00e8dica.<\/li>\n<li><a href=\"https:\/\/www.uhms.org\/es\/resources\/featured-resources\/es-recreational-diving-medical-screening-system.html\"><strong>Feu clic aqu\u00ed per comprovar si necessiteu un certificat m\u00e8dic.<\/strong><\/a><\/li>\n<\/ul>\n<p>[\/et_pb_text][\/et_pb_column][et_pb_column type=&#8221;1_3&#8243; _builder_version=&#8221;4.16&#8243; global_colors_info=&#8221;{}&#8221;][et_pb_text admin_label=&#8221;Text&#8221; _builder_version=&#8221;4.27.4&#8243; background_color=&#8221;rgba(13,180,213,0.17)&#8221; custom_padding=&#8221;25px|25px|25px|25px|false|false&#8221; border_radii=&#8221;on|3px|3px|3px|3px&#8221; global_colors_info=&#8221;{}&#8221;]<\/p>\n<h4 style=\"text-align: center; color: #0db4d5;\">\u00a1B\u00e9 saber-ho!<\/h4>\n<ul>\n<li>Equip de lloguer disponible<\/li>\n<li>Contracta el teu segur de busseig (DAN) amb nosaltres<\/li>\n<li>Porta: banyador, tovallola, ulleres de sol, protector solar i roba per canviar-te<\/li>\n<li>No pots volar durant 18+ hores despr\u00e9s de dues o m\u00e9s immersions<\/li>\n<li>Es recomana reservar amb antelaci\u00f3<\/li>\n<\/ul>\n<p>[\/et_pb_text][\/et_pb_column][\/et_pb_row][et_pb_row _builder_version=&#8221;4.16&#8243; global_colors_info=&#8221;{}&#8221;][et_pb_column type=&#8221;4_4&#8243; _builder_version=&#8221;4.16&#8243; global_colors_info=&#8221;{}&#8221;][et_pb_button button_url=&#8221;https:\/\/app.bukyapp.com\/front\/673ef83180e03463a90b61e6\/product\/6751c4f106c0ee8645c29c34&#8243; url_new_window=&#8221;on&#8221; button_text=&#8221;DISPONIBILITAT I PREUS&#8221; button_alignment=&#8221;center&#8221; _builder_version=&#8221;4.27.4&#8243; custom_button=&#8221;on&#8221; button_text_size=&#8221;16px&#8221; button_text_color=&#8221;#ffffff&#8221; button_bg_color=&#8221;#0db4d5&#8243; button_border_width=&#8221;6px&#8221; hover_enabled=&#8221;0&#8243; global_colors_info=&#8221;{}&#8221; admin_label=&#8221;Button&#8221; sticky_enabled=&#8221;0&#8243;][\/et_pb_button][\/et_pb_column][\/et_pb_row][\/et_pb_section][et_pb_section fb_built=&#8221;1&#8243; fullwidth=&#8221;on&#8221; _builder_version=&#8221;4.16&#8243; global_colors_info=&#8221;{}&#8221;][et_pb_fullwidth_header text_orientation=&#8221;center&#8221; button_one_text=&#8221;M\u00e9s informaci\u00f3&#8221; button_one_url=&#8221;https:\/\/scuba-legends.com\/ca\/contacte\/&#8221; button_two_text=&#8221;Reserva&#8221; button_two_url=&#8221;https:\/\/scuba-legends.com\/ca\/reservar\/&#8221; _builder_version=&#8221;4.16&#8243; title_level=&#8221;h3&#8243; background_image=&#8221;https:\/\/scuba-legends.com\/wp-content\/uploads\/2020\/08\/Hazlo-epico-1.jpg&#8221; custom_button_one=&#8221;on&#8221; button_one_text_size=&#8221;16px&#8221; button_one_custom_margin=&#8221;||||false|false&#8221; custom_button_two=&#8221;on&#8221; button_two_text_size=&#8221;16px&#8221; text_shadow_style=&#8221;preset3&#8243; global_colors_info=&#8221;{}&#8221;]<\/p>\n<h2 style=\"text-align: center;\"><strong>Guies i instructor de busseig privat \u2013 Fes-lo \u00e8pic<\/strong><\/h2>\n<p style=\"text-align: center;\">Si vols una atenci\u00f3 VIP, encara m\u00e9s personalitzada i nom\u00e9s per a tu sol (o amb la teva fam\u00edlia i amics), t\u2019oferim el nostre servei exclusiu de submarinisme privat a Puerto del Carmen, Lanzarote.<br \/>Adaptem la immersi\u00f3 o curs a les teves necessitats i tempos.<\/p>\n<p>[\/et_pb_fullwidth_header][\/et_pb_section]<\/p>\n","protected":false},"excerpt":{"rendered":"<p>\u00a0MAKE IT LEGENDARYEspecialitat PADI Busseig Profund \u2013 Submergeix-te fins al l\u00edmit de profunditat del busseig recreatiu!Especialitat PADI Busseig en Pecis \u2013 Explora Pecis a Puerto del CarmenSubmergeix-te en la hist\u00f2ria sota les ones amb el nostre curs d\u2019especialitat PADI Busseig en Pecis a Puerto del Carmen, Lanzarote. El busseig en pecis combina aventura, hist\u00f2ria i [&hellip;]<\/p>\n","protected":false},"author":2,"featured_media":16557,"parent":0,"menu_order":159,"comment_status":"closed","ping_status":"closed","template":"","meta":{"_acf_changed":false,"_et_pb_use_builder":"on","_et_pb_old_content":"","_et_gb_content_width":"","footnotes":""},"class_list":["post-9311","page","type-page","status-publish","has-post-thumbnail","hentry"],"acf":[],"yoast_head":"<!-- This site is optimized with the Yoast SEO plugin v27.3 - https:\/\/yoast.com\/product\/yoast-seo-wordpress\/ -->\n<title>Especialitat PADI Busseig en Pecis - Scuba Legends<\/title>\n<meta name=\"description\" content=\"Explora pecis a Puerto del Carmen amb la Especialitat PADI Busseig en Pecis. Apr\u00e8n t\u00e8cniques de busseig segur i descobreix la hist\u00f2ria.\" \/>\n<meta name=\"robots\" content=\"index, follow, max-snippet:-1, max-image-preview:large, max-video-preview:-1\" \/>\n<link rel=\"canonical\" href=\"https:\/\/scuba-legends.com\/ca\/especialitat-busseig-en-pecis\/\" \/>\n<meta property=\"og:locale\" content=\"ca_ES\" \/>\n<meta property=\"og:type\" content=\"article\" \/>\n<meta property=\"og:title\" content=\"Especialitat PADI Busseig en Pecis - Scuba Legends\" \/>\n<meta property=\"og:description\" content=\"Explora pecis a Puerto del Carmen amb la Especialitat PADI Busseig en Pecis. Apr\u00e8n t\u00e8cniques de busseig segur i descobreix la hist\u00f2ria.\" \/>\n<meta property=\"og:url\" content=\"https:\/\/scuba-legends.com\/ca\/especialitat-busseig-en-pecis\/\" \/>\n<meta property=\"og:site_name\" content=\"Scuba Legends\" \/>\n<meta property=\"article:publisher\" content=\"https:\/\/www.facebook.com\/ScubaLegends\/\" \/>\n<meta property=\"article:modified_time\" content=\"2025-08-18T10:47:07+00:00\" \/>\n<meta property=\"og:image\" content=\"https:\/\/scuba-legends.com\/wp-content\/uploads\/2020\/09\/8E-Wrecks-1280x900-1.jpg\" \/>\n\t<meta property=\"og:image:width\" content=\"1280\" \/>\n\t<meta property=\"og:image:height\" content=\"900\" \/>\n\t<meta property=\"og:image:type\" content=\"image\/jpeg\" \/>\n<meta name=\"twitter:card\" content=\"summary_large_image\" \/>\n<meta name=\"twitter:site\" content=\"@scubalegends\" \/>\n<meta name=\"twitter:label1\" content=\"Temps estimat de lectura\" \/>\n\t<meta name=\"twitter:data1\" content=\"3 minuts\" \/>\n<script type=\"application\/ld+json\" class=\"yoast-schema-graph\">{\"@context\":\"https:\\\/\\\/schema.org\",\"@graph\":[{\"@type\":\"WebPage\",\"@id\":\"https:\\\/\\\/scuba-legends.com\\\/ca\\\/especialitat-busseig-en-pecis\\\/\",\"url\":\"https:\\\/\\\/scuba-legends.com\\\/ca\\\/especialitat-busseig-en-pecis\\\/\",\"name\":\"Especialitat PADI Busseig en Pecis - Scuba Legends\",\"isPartOf\":{\"@id\":\"https:\\\/\\\/scuba-legends.com\\\/ca\\\/#website\"},\"primaryImageOfPage\":{\"@id\":\"https:\\\/\\\/scuba-legends.com\\\/ca\\\/especialitat-busseig-en-pecis\\\/#primaryimage\"},\"image\":{\"@id\":\"https:\\\/\\\/scuba-legends.com\\\/ca\\\/especialitat-busseig-en-pecis\\\/#primaryimage\"},\"thumbnailUrl\":\"https:\\\/\\\/scuba-legends.com\\\/wp-content\\\/uploads\\\/2020\\\/09\\\/8E-Wrecks-1280x900-1.jpg\",\"datePublished\":\"2020-11-04T17:19:40+00:00\",\"dateModified\":\"2025-08-18T10:47:07+00:00\",\"description\":\"Explora pecis a Puerto del Carmen amb la Especialitat PADI Busseig en Pecis. Apr\u00e8n t\u00e8cniques de busseig segur i descobreix la hist\u00f2ria.\",\"breadcrumb\":{\"@id\":\"https:\\\/\\\/scuba-legends.com\\\/ca\\\/especialitat-busseig-en-pecis\\\/#breadcrumb\"},\"inLanguage\":\"ca\",\"potentialAction\":[{\"@type\":\"ReadAction\",\"target\":[\"https:\\\/\\\/scuba-legends.com\\\/ca\\\/especialitat-busseig-en-pecis\\\/\"]}]},{\"@type\":\"ImageObject\",\"inLanguage\":\"ca\",\"@id\":\"https:\\\/\\\/scuba-legends.com\\\/ca\\\/especialitat-busseig-en-pecis\\\/#primaryimage\",\"url\":\"https:\\\/\\\/scuba-legends.com\\\/wp-content\\\/uploads\\\/2020\\\/09\\\/8E-Wrecks-1280x900-1.jpg\",\"contentUrl\":\"https:\\\/\\\/scuba-legends.com\\\/wp-content\\\/uploads\\\/2020\\\/09\\\/8E-Wrecks-1280x900-1.jpg\",\"width\":1280,\"height\":900,\"caption\":\"Especialitat PADI Busseig en Pecis PADI Wreck Diver Specialty Diver penetrates a sunken reef wreck surrounded by fish | Scuba Legends\"},{\"@type\":\"BreadcrumbList\",\"@id\":\"https:\\\/\\\/scuba-legends.com\\\/ca\\\/especialitat-busseig-en-pecis\\\/#breadcrumb\",\"itemListElement\":[{\"@type\":\"ListItem\",\"position\":1,\"name\":\"Scuba Legends\",\"item\":\"https:\\\/\\\/scuba-legends.com\\\/ca\\\/\"},{\"@type\":\"ListItem\",\"position\":2,\"name\":\"Especialitat PADI Busseig en Pecis\"}]},{\"@type\":\"WebSite\",\"@id\":\"https:\\\/\\\/scuba-legends.com\\\/ca\\\/#website\",\"url\":\"https:\\\/\\\/scuba-legends.com\\\/ca\\\/\",\"name\":\"Scuba Legends\",\"description\":\"Dive Center Lanzarote\",\"publisher\":{\"@id\":\"https:\\\/\\\/scuba-legends.com\\\/ca\\\/#organization\"},\"potentialAction\":[{\"@type\":\"SearchAction\",\"target\":{\"@type\":\"EntryPoint\",\"urlTemplate\":\"https:\\\/\\\/scuba-legends.com\\\/ca\\\/?s={search_term_string}\"},\"query-input\":{\"@type\":\"PropertyValueSpecification\",\"valueRequired\":true,\"valueName\":\"search_term_string\"}}],\"inLanguage\":\"ca\"},{\"@type\":\"Organization\",\"@id\":\"https:\\\/\\\/scuba-legends.com\\\/ca\\\/#organization\",\"name\":\"Scuba Legends Dive Center Lanzarote\",\"url\":\"https:\\\/\\\/scuba-legends.com\\\/ca\\\/\",\"logo\":{\"@type\":\"ImageObject\",\"inLanguage\":\"ca\",\"@id\":\"https:\\\/\\\/scuba-legends.com\\\/ca\\\/#\\\/schema\\\/logo\\\/image\\\/\",\"url\":\"https:\\\/\\\/scuba-legends.com\\\/wp-content\\\/uploads\\\/2020\\\/01\\\/scuba_legends_favicon.png\",\"contentUrl\":\"https:\\\/\\\/scuba-legends.com\\\/wp-content\\\/uploads\\\/2020\\\/01\\\/scuba_legends_favicon.png\",\"width\":512,\"height\":512,\"caption\":\"Scuba Legends Dive Center Lanzarote\"},\"image\":{\"@id\":\"https:\\\/\\\/scuba-legends.com\\\/ca\\\/#\\\/schema\\\/logo\\\/image\\\/\"},\"sameAs\":[\"https:\\\/\\\/www.facebook.com\\\/ScubaLegends\\\/\",\"https:\\\/\\\/x.com\\\/scubalegends\",\"https:\\\/\\\/www.instagram.com\\\/scuba_legends\\\/\",\"https:\\\/\\\/www.youtube.com\\\/channel\\\/UCUjHU7Mmii5SfLoodxNZmqQ\"]}]}<\/script>\n<!-- \/ Yoast SEO plugin. -->","yoast_head_json":{"title":"Especialitat PADI Busseig en Pecis - Scuba Legends","description":"Explora pecis a Puerto del Carmen amb la Especialitat PADI Busseig en Pecis. Apr\u00e8n t\u00e8cniques de busseig segur i descobreix la hist\u00f2ria.","robots":{"index":"index","follow":"follow","max-snippet":"max-snippet:-1","max-image-preview":"max-image-preview:large","max-video-preview":"max-video-preview:-1"},"canonical":"https:\/\/scuba-legends.com\/ca\/especialitat-busseig-en-pecis\/","og_locale":"ca_ES","og_type":"article","og_title":"Especialitat PADI Busseig en Pecis - Scuba Legends","og_description":"Explora pecis a Puerto del Carmen amb la Especialitat PADI Busseig en Pecis. Apr\u00e8n t\u00e8cniques de busseig segur i descobreix la hist\u00f2ria.","og_url":"https:\/\/scuba-legends.com\/ca\/especialitat-busseig-en-pecis\/","og_site_name":"Scuba Legends","article_publisher":"https:\/\/www.facebook.com\/ScubaLegends\/","article_modified_time":"2025-08-18T10:47:07+00:00","og_image":[{"width":1280,"height":900,"url":"https:\/\/scuba-legends.com\/wp-content\/uploads\/2020\/09\/8E-Wrecks-1280x900-1.jpg","type":"image\/jpeg"}],"twitter_card":"summary_large_image","twitter_site":"@scubalegends","twitter_misc":{"Temps estimat de lectura":"3 minuts"},"schema":{"@context":"https:\/\/schema.org","@graph":[{"@type":"WebPage","@id":"https:\/\/scuba-legends.com\/ca\/especialitat-busseig-en-pecis\/","url":"https:\/\/scuba-legends.com\/ca\/especialitat-busseig-en-pecis\/","name":"Especialitat PADI Busseig en Pecis - Scuba Legends","isPartOf":{"@id":"https:\/\/scuba-legends.com\/ca\/#website"},"primaryImageOfPage":{"@id":"https:\/\/scuba-legends.com\/ca\/especialitat-busseig-en-pecis\/#primaryimage"},"image":{"@id":"https:\/\/scuba-legends.com\/ca\/especialitat-busseig-en-pecis\/#primaryimage"},"thumbnailUrl":"https:\/\/scuba-legends.com\/wp-content\/uploads\/2020\/09\/8E-Wrecks-1280x900-1.jpg","datePublished":"2020-11-04T17:19:40+00:00","dateModified":"2025-08-18T10:47:07+00:00","description":"Explora pecis a Puerto del Carmen amb la Especialitat PADI Busseig en Pecis. Apr\u00e8n t\u00e8cniques de busseig segur i descobreix la hist\u00f2ria.","breadcrumb":{"@id":"https:\/\/scuba-legends.com\/ca\/especialitat-busseig-en-pecis\/#breadcrumb"},"inLanguage":"ca","potentialAction":[{"@type":"ReadAction","target":["https:\/\/scuba-legends.com\/ca\/especialitat-busseig-en-pecis\/"]}]},{"@type":"ImageObject","inLanguage":"ca","@id":"https:\/\/scuba-legends.com\/ca\/especialitat-busseig-en-pecis\/#primaryimage","url":"https:\/\/scuba-legends.com\/wp-content\/uploads\/2020\/09\/8E-Wrecks-1280x900-1.jpg","contentUrl":"https:\/\/scuba-legends.com\/wp-content\/uploads\/2020\/09\/8E-Wrecks-1280x900-1.jpg","width":1280,"height":900,"caption":"Especialitat PADI Busseig en Pecis PADI Wreck Diver Specialty Diver penetrates a sunken reef wreck surrounded by fish | Scuba Legends"},{"@type":"BreadcrumbList","@id":"https:\/\/scuba-legends.com\/ca\/especialitat-busseig-en-pecis\/#breadcrumb","itemListElement":[{"@type":"ListItem","position":1,"name":"Scuba Legends","item":"https:\/\/scuba-legends.com\/ca\/"},{"@type":"ListItem","position":2,"name":"Especialitat PADI Busseig en Pecis"}]},{"@type":"WebSite","@id":"https:\/\/scuba-legends.com\/ca\/#website","url":"https:\/\/scuba-legends.com\/ca\/","name":"Scuba Legends","description":"Dive Center Lanzarote","publisher":{"@id":"https:\/\/scuba-legends.com\/ca\/#organization"},"potentialAction":[{"@type":"SearchAction","target":{"@type":"EntryPoint","urlTemplate":"https:\/\/scuba-legends.com\/ca\/?s={search_term_string}"},"query-input":{"@type":"PropertyValueSpecification","valueRequired":true,"valueName":"search_term_string"}}],"inLanguage":"ca"},{"@type":"Organization","@id":"https:\/\/scuba-legends.com\/ca\/#organization","name":"Scuba Legends Dive Center Lanzarote","url":"https:\/\/scuba-legends.com\/ca\/","logo":{"@type":"ImageObject","inLanguage":"ca","@id":"https:\/\/scuba-legends.com\/ca\/#\/schema\/logo\/image\/","url":"https:\/\/scuba-legends.com\/wp-content\/uploads\/2020\/01\/scuba_legends_favicon.png","contentUrl":"https:\/\/scuba-legends.com\/wp-content\/uploads\/2020\/01\/scuba_legends_favicon.png","width":512,"height":512,"caption":"Scuba Legends Dive Center Lanzarote"},"image":{"@id":"https:\/\/scuba-legends.com\/ca\/#\/schema\/logo\/image\/"},"sameAs":["https:\/\/www.facebook.com\/ScubaLegends\/","https:\/\/x.com\/scubalegends","https:\/\/www.instagram.com\/scuba_legends\/","https:\/\/www.youtube.com\/channel\/UCUjHU7Mmii5SfLoodxNZmqQ"]}]}},"_links":{"self":[{"href":"https:\/\/scuba-legends.com\/ca\/wp-json\/wp\/v2\/pages\/9311","targetHints":{"allow":["GET"]}}],"collection":[{"href":"https:\/\/scuba-legends.com\/ca\/wp-json\/wp\/v2\/pages"}],"about":[{"href":"https:\/\/scuba-legends.com\/ca\/wp-json\/wp\/v2\/types\/page"}],"author":[{"embeddable":true,"href":"https:\/\/scuba-legends.com\/ca\/wp-json\/wp\/v2\/users\/2"}],"replies":[{"embeddable":true,"href":"https:\/\/scuba-legends.com\/ca\/wp-json\/wp\/v2\/comments?post=9311"}],"version-history":[{"count":6,"href":"https:\/\/scuba-legends.com\/ca\/wp-json\/wp\/v2\/pages\/9311\/revisions"}],"predecessor-version":[{"id":19814,"href":"https:\/\/scuba-legends.com\/ca\/wp-json\/wp\/v2\/pages\/9311\/revisions\/19814"}],"wp:featuredmedia":[{"embeddable":true,"href":"https:\/\/scuba-legends.com\/ca\/wp-json\/wp\/v2\/media\/16557"}],"wp:attachment":[{"href":"https:\/\/scuba-legends.com\/ca\/wp-json\/wp\/v2\/media?parent=9311"}],"curies":[{"name":"wp","href":"https:\/\/api.w.org\/{rel}","templated":true}]}}