{"id":9286,"date":"2020-11-02T21:39:28","date_gmt":"2020-11-02T21:39:28","guid":{"rendered":"https:\/\/scuba-legends.com\/especialitat-flotabilitat\/"},"modified":"2025-04-24T12:30:27","modified_gmt":"2025-04-24T12:30:27","slug":"especialitat-flotabilitat","status":"publish","type":"page","link":"https:\/\/scuba-legends.com\/ca\/especialitat-flotabilitat\/","title":{"rendered":"PADI Especialitat flotabilitat"},"content":{"rendered":"<p>[et_pb_section fb_built=&#8221;1&#8243; fullwidth=&#8221;on&#8221; module_id=&#8221;spheader-section&#8221; _builder_version=&#8221;4.16&#8243; global_colors_info=&#8221;{}&#8221;][et_pb_fullwidth_header title=&#8221;PADI Especialitat Flotabilitat&#8221; _builder_version=&#8221;4.27.4&#8243; title_text_align=&#8221;left&#8221; title_font_size=&#8221;54px&#8221; subhead_font=&#8221;|||on|||||&#8221; background_image=&#8221;https:\/\/scuba-legends.com\/wp-content\/uploads\/2020\/09\/16E-Peak-Performance-Buoyancy-Specialty-1280&#215;900-1.jpg&#8221; width=&#8221;100%&#8221; module_alignment=&#8221;center&#8221; custom_padding=&#8221;80px||80px||true|&#8221; hover_enabled=&#8221;0&#8243; title_font_size_tablet=&#8221;44px&#8221; background_last_edited=&#8221;on|desktop&#8221; custom_css_main_element=&#8221;background-position: center -240px;&#8221; custom_css_title=&#8221;order: 2;&#8221; custom_css_subtitle=&#8221;order: 1;&#8221; global_colors_info=&#8221;{}&#8221; custom_css_main_element_last_edited=&#8221;on|tablet&#8221; custom_css_main_element_tablet=&#8221;background-position: center -70px;&#8221; custom_css_main_element_phone=&#8221;background-position: center center;&#8221; sticky_enabled=&#8221;0&#8243;]<\/p>\n<p style=\"text-align: left;\">\u00a0MAKE IT LEGENDARY<\/p>\n<p>[\/et_pb_fullwidth_header][\/et_pb_section][et_pb_section fb_built=&#8221;1&#8243; _builder_version=&#8221;4.16&#8243; custom_margin=&#8221;-50px||||false|false&#8221; global_colors_info=&#8221;{}&#8221;][et_pb_row _builder_version=&#8221;4.16&#8243; global_colors_info=&#8221;{}&#8221;][et_pb_column type=&#8221;4_4&#8243; _builder_version=&#8221;4.16&#8243; global_colors_info=&#8221;{}&#8221;][et_pb_text _builder_version=&#8221;4.27.4&#8243; text_font_size=&#8221;18px&#8221; custom_margin=&#8221;-20px||||false|false&#8221; global_colors_info=&#8221;{}&#8221;]<\/p>\n<h2 style=\"text-align: center; color: #0db4d5;\">PADI Especialitat Flotabilitat<\/h2>\n<h2 style=\"text-align: center; color: #0db4d5;\">Domina la teva flotabilitat \u2013 Mou-te amb precisi\u00f3 i gr\u00e0cia<\/h2>\n<p>[\/et_pb_text][et_pb_text _builder_version=&#8221;4.27.4&#8243; global_colors_info=&#8221;{}&#8221;]<\/p>\n<p class=\"\" data-start=\"3448\" data-end=\"3848\">Vols lliscar per l\u2019aigua com un peix? L\u2019especialitat <strong data-start=\"3501\" data-end=\"3532\">PADI Flotabilitat Impecable<\/strong> \u00e9s el teu pr\u00f2xim pas per convertir-te en un bus immersiu m\u00e9s segur, capa\u00e7 i respectu\u00f3s amb el medi ambient. Aquest curs perfecciona una de les habilitats m\u00e9s essencials sota l\u2019aigua: el control de la flotabilitat. Millorar\u00e0s la posici\u00f3 corporal, consumir\u00e0s menys aire i gaudir\u00e0s d\u2019immersions m\u00e9s llargues i segures.<\/p>\n<p class=\"\" data-start=\"3850\" data-end=\"4079\">Una flotabilitat <strong>perfecta<\/strong> et permet flotar sense esfor\u00e7, observar la vida marina de prop i evitar el contacte accidental amb ecosistemes fr\u00e0gils. No es tracta nom\u00e9s de comoditat, sin\u00f3 de bussejar de manera responsable i eficient.<\/p>\n<p>[\/et_pb_text][\/et_pb_column][\/et_pb_row][\/et_pb_section][et_pb_section fb_built=&#8221;1&#8243; _builder_version=&#8221;4.16&#8243; custom_margin=&#8221;-50px||||false|false&#8221; global_colors_info=&#8221;{}&#8221;][et_pb_row _builder_version=&#8221;4.16&#8243; custom_margin=&#8221;-20px||||false|false&#8221; global_colors_info=&#8221;{}&#8221;][et_pb_column type=&#8221;4_4&#8243; _builder_version=&#8221;4.16&#8243; global_colors_info=&#8221;{}&#8221;][et_pb_text _builder_version=&#8221;4.27.4&#8243; text_font_size=&#8221;18px&#8221; custom_margin=&#8221;-20px||||false|false&#8221; global_colors_info=&#8221;{}&#8221;]<\/p>\n<h2 style=\"text-align: center; color: #0db4d5;\">Qu\u00e8 pots esperar?<\/h2>\n<h2 style=\"text-align: center; color: #0db4d5;\">\u2013 Control, efici\u00e8ncia i consci\u00e8ncia \u2013<\/h2>\n<p>[\/et_pb_text][et_pb_text _builder_version=&#8221;4.27.4&#8243; global_colors_info=&#8221;{}&#8221;]<\/p>\n<p class=\"\" data-start=\"4105\" data-end=\"4452\">Durant aquest curs d\u2019especialitat realitzar\u00e0s <strong>dues<\/strong> <strong>immersions<\/strong> en aig\u00fces obertes centrades a afinar les teves habilitats de flotabilitat. El teu instructor t\u2019ajudar\u00e0 a determinar el pes ideal, ajustar el teu trim i reduir la resist\u00e8ncia innecess\u00e0ria del material per assolir una <strong>flotabilitat neutra<\/strong> <strong>perfecta<\/strong>.<\/p>\n<p class=\"\" data-start=\"4454\" data-end=\"4809\">Tamb\u00e9 aprendr\u00e0s t\u00e8cniques avan\u00e7ades de moviment amb aletes, com utilitzar la <strong>respiraci\u00f3<\/strong> per a un control m\u00e9s fi i com despla\u00e7ar-te per l\u2019aigua de forma m\u00e9s suau i <strong>eficient<\/strong>. Tant si est\u00e0s navegant per un laberint de corall com si est\u00e0s quiet per fer una foto, aquest curs et dona les eines per moure\u2019t amb seguretat i <strong>confian\u00e7a<\/strong> en qualsevol entorn submar\u00ed.<\/p>\n<p>[\/et_pb_text][\/et_pb_column][\/et_pb_row][\/et_pb_section][et_pb_section fb_built=&#8221;1&#8243; _builder_version=&#8221;4.16&#8243; global_colors_info=&#8221;{}&#8221;][et_pb_row column_structure=&#8221;1_2,1_2&#8243; _builder_version=&#8221;4.16&#8243; custom_margin=&#8221;-150px||||false|false&#8221; global_colors_info=&#8221;{}&#8221;][et_pb_column type=&#8221;1_2&#8243; _builder_version=&#8221;4.16&#8243; global_colors_info=&#8221;{}&#8221;][et_pb_text _builder_version=&#8221;4.16&#8243; custom_padding=&#8221;25px|25px|25px|25px|false|false&#8221; border_radii=&#8221;on|3px|3px|3px|3px&#8221; border_width_all=&#8221;2px&#8221; border_color_all=&#8221;#0db4d5&#8243; global_colors_info=&#8221;{}&#8221;]<\/p>\n<h4 style=\"text-align: center; color: #0db4d5;\">Tria la teva opci\u00f3:<\/h4>\n<ul>\n<li>Especialitat control de flotabilitat B\u00c0SIC: 250\u20ac<\/li>\n<li>Especialitat PREMIUM: 330\u20ac<br \/>+ 2 immersions extra<\/li>\n<\/ul>\n<p>[\/et_pb_text][\/et_pb_column][et_pb_column type=&#8221;1_2&#8243; _builder_version=&#8221;4.16&#8243; global_colors_info=&#8221;{}&#8221;][et_pb_text _builder_version=&#8221;4.27.4&#8243; background_color=&#8221;rgba(13,180,213,0.17)&#8221; custom_padding=&#8221;25px|25px|25px|25px|false|false&#8221; border_radii=&#8221;on|3px|3px|3px|3px&#8221; global_colors_info=&#8221;{}&#8221;]<\/p>\n<h4 style=\"text-align: center; color: #0db4d5;\">Incl\u00f2s:<\/h4>\n<ul>\n<li>2 immersions<\/li>\n<li>PADI eLearning<\/li>\n<li>Refrigeri i snacks<\/li>\n<li><strong>No m\u00e9s de 5 persones per grup<\/strong><\/li>\n<li><strong>Instructors apassionats i sobradament preparats<\/strong><\/li>\n<\/ul>\n<p>[\/et_pb_text][\/et_pb_column][\/et_pb_row][et_pb_row _builder_version=&#8221;4.16&#8243; global_colors_info=&#8221;{}&#8221;][et_pb_column type=&#8221;4_4&#8243; _builder_version=&#8221;4.16&#8243; global_colors_info=&#8221;{}&#8221;][et_pb_button button_url=&#8221;https:\/\/app.bukyapp.com\/front\/673ef83180e03463a90b61e6\/product\/6751c97606c0ee8645c2d56c&#8221; url_new_window=&#8221;on&#8221; button_text=&#8221;RESERVAR&#8221; button_alignment=&#8221;center&#8221; _builder_version=&#8221;4.27.4&#8243; custom_button=&#8221;on&#8221; button_text_size=&#8221;16px&#8221; button_text_color=&#8221;#ffffff&#8221; button_bg_color=&#8221;#0db4d5&#8243; button_border_width=&#8221;6px&#8221; global_colors_info=&#8221;{}&#8221;][\/et_pb_button][\/et_pb_column][\/et_pb_row][\/et_pb_section][et_pb_section fb_built=&#8221;1&#8243; fullwidth=&#8221;on&#8221; _builder_version=&#8221;4.16&#8243; global_colors_info=&#8221;{}&#8221;][et_pb_fullwidth_header text_orientation=&#8221;center&#8221; button_one_text=&#8221;M\u00e9s informaci\u00f3&#8221; button_one_url=&#8221;https:\/\/scuba-legends.com\/ca\/contacte\/&#8221; button_two_text=&#8221;Reserva&#8221; button_two_url=&#8221;https:\/\/scuba-legends.com\/ca\/reservar\/&#8221; _builder_version=&#8221;4.16&#8243; title_level=&#8221;h3&#8243; background_image=&#8221;https:\/\/scuba-legends.com\/wp-content\/uploads\/2020\/08\/Hazlo-epico-1.jpg&#8221; custom_button_one=&#8221;on&#8221; button_one_text_size=&#8221;16px&#8221; button_one_custom_margin=&#8221;||||false|false&#8221; custom_button_two=&#8221;on&#8221; button_two_text_size=&#8221;16px&#8221; text_shadow_style=&#8221;preset3&#8243; global_colors_info=&#8221;{}&#8221;]<\/p>\n<h2 style=\"text-align: center;\"><strong>Guies i instructor de busseig privat \u2013 Fes-lo \u00e8pic<\/strong><\/h2>\n<p style=\"text-align: center;\">Si vols una atenci\u00f3 VIP, encara m\u00e9s personalitzada i nom\u00e9s per a tu sol (o amb la teva fam\u00edlia i amics), t\u2019oferim el nostre servei exclusiu de submarinisme privat a Puerto del Carmen, Lanzarote.<br \/>Adaptem la immersi\u00f3 o curs a les teves necessitats i tempos.<\/p>\n<p>[\/et_pb_fullwidth_header][\/et_pb_section]<\/p>\n","protected":false},"excerpt":{"rendered":"<p>\u00a0MAKE IT LEGENDARYPADI Especialitat Flotabilitat Domina la teva flotabilitat \u2013 Mou-te amb precisi\u00f3 i gr\u00e0ciaVols lliscar per l\u2019aigua com un peix? L\u2019especialitat PADI Flotabilitat Impecable \u00e9s el teu pr\u00f2xim pas per convertir-te en un bus immersiu m\u00e9s segur, capa\u00e7 i respectu\u00f3s amb el medi ambient. Aquest curs perfecciona una de les habilitats m\u00e9s essencials sota [&hellip;]<\/p>\n","protected":false},"author":2,"featured_media":0,"parent":0,"menu_order":163,"comment_status":"closed","ping_status":"closed","template":"","meta":{"_acf_changed":false,"_et_pb_use_builder":"on","_et_pb_old_content":"","_et_gb_content_width":"","footnotes":""},"class_list":["post-9286","page","type-page","status-publish","hentry"],"acf":[],"yoast_head":"<!-- This site is optimized with the Yoast SEO plugin v27.4 - https:\/\/yoast.com\/product\/yoast-seo-wordpress\/ -->\n<title>PADI Especialitat flotabilitat - Scuba Legends<\/title>\n<meta name=\"description\" content=\"L\u2019especialitat PADI Flotabilitat Impecable \u00e9s el teu pr\u00f2xim pas per convertir-te en un bus immersiu m\u00e9s segur.\" \/>\n<meta name=\"robots\" content=\"index, follow, max-snippet:-1, max-image-preview:large, max-video-preview:-1\" \/>\n<link rel=\"canonical\" href=\"https:\/\/scuba-legends.com\/ca\/especialitat-flotabilitat\/\" \/>\n<meta property=\"og:locale\" content=\"ca_ES\" \/>\n<meta property=\"og:type\" content=\"article\" \/>\n<meta property=\"og:title\" content=\"PADI Especialitat flotabilitat - Scuba Legends\" \/>\n<meta property=\"og:description\" content=\"L\u2019especialitat PADI Flotabilitat Impecable \u00e9s el teu pr\u00f2xim pas per convertir-te en un bus immersiu m\u00e9s segur.\" \/>\n<meta property=\"og:url\" content=\"https:\/\/scuba-legends.com\/ca\/especialitat-flotabilitat\/\" \/>\n<meta property=\"og:site_name\" content=\"Scuba Legends\" \/>\n<meta property=\"article:publisher\" content=\"https:\/\/www.facebook.com\/ScubaLegends\/\" \/>\n<meta property=\"article:modified_time\" content=\"2025-04-24T12:30:27+00:00\" \/>\n<meta property=\"og:image\" content=\"https:\/\/scuba-legends.com\/wp-content\/uploads\/2020\/01\/scuba_legend_logo_new1.png\" \/>\n\t<meta property=\"og:image:width\" content=\"150\" \/>\n\t<meta property=\"og:image:height\" content=\"150\" \/>\n\t<meta property=\"og:image:type\" content=\"image\/png\" \/>\n<meta name=\"twitter:card\" content=\"summary_large_image\" \/>\n<meta name=\"twitter:site\" content=\"@scubalegends\" \/>\n<meta name=\"twitter:label1\" content=\"Temps estimat de lectura\" \/>\n\t<meta name=\"twitter:data1\" content=\"2 minuts\" \/>\n<script type=\"application\/ld+json\" class=\"yoast-schema-graph\">{\"@context\":\"https:\\\/\\\/schema.org\",\"@graph\":[{\"@type\":\"WebPage\",\"@id\":\"https:\\\/\\\/scuba-legends.com\\\/ca\\\/especialitat-flotabilitat\\\/\",\"url\":\"https:\\\/\\\/scuba-legends.com\\\/ca\\\/especialitat-flotabilitat\\\/\",\"name\":\"PADI Especialitat flotabilitat - Scuba Legends\",\"isPartOf\":{\"@id\":\"https:\\\/\\\/scuba-legends.com\\\/ca\\\/#website\"},\"datePublished\":\"2020-11-02T21:39:28+00:00\",\"dateModified\":\"2025-04-24T12:30:27+00:00\",\"description\":\"L\u2019especialitat PADI Flotabilitat Impecable \u00e9s el teu pr\u00f2xim pas per convertir-te en un bus immersiu m\u00e9s segur.\",\"breadcrumb\":{\"@id\":\"https:\\\/\\\/scuba-legends.com\\\/ca\\\/especialitat-flotabilitat\\\/#breadcrumb\"},\"inLanguage\":\"ca\",\"potentialAction\":[{\"@type\":\"ReadAction\",\"target\":[\"https:\\\/\\\/scuba-legends.com\\\/ca\\\/especialitat-flotabilitat\\\/\"]}]},{\"@type\":\"BreadcrumbList\",\"@id\":\"https:\\\/\\\/scuba-legends.com\\\/ca\\\/especialitat-flotabilitat\\\/#breadcrumb\",\"itemListElement\":[{\"@type\":\"ListItem\",\"position\":1,\"name\":\"Scuba Legends\",\"item\":\"https:\\\/\\\/scuba-legends.com\\\/ca\\\/\"},{\"@type\":\"ListItem\",\"position\":2,\"name\":\"PADI Especialitat flotabilitat\"}]},{\"@type\":\"WebSite\",\"@id\":\"https:\\\/\\\/scuba-legends.com\\\/ca\\\/#website\",\"url\":\"https:\\\/\\\/scuba-legends.com\\\/ca\\\/\",\"name\":\"Scuba Legends\",\"description\":\"Dive Center Lanzarote\",\"publisher\":{\"@id\":\"https:\\\/\\\/scuba-legends.com\\\/ca\\\/#organization\"},\"potentialAction\":[{\"@type\":\"SearchAction\",\"target\":{\"@type\":\"EntryPoint\",\"urlTemplate\":\"https:\\\/\\\/scuba-legends.com\\\/ca\\\/?s={search_term_string}\"},\"query-input\":{\"@type\":\"PropertyValueSpecification\",\"valueRequired\":true,\"valueName\":\"search_term_string\"}}],\"inLanguage\":\"ca\"},{\"@type\":\"Organization\",\"@id\":\"https:\\\/\\\/scuba-legends.com\\\/ca\\\/#organization\",\"name\":\"Scuba Legends Dive Center Lanzarote\",\"url\":\"https:\\\/\\\/scuba-legends.com\\\/ca\\\/\",\"logo\":{\"@type\":\"ImageObject\",\"inLanguage\":\"ca\",\"@id\":\"https:\\\/\\\/scuba-legends.com\\\/ca\\\/#\\\/schema\\\/logo\\\/image\\\/\",\"url\":\"https:\\\/\\\/scuba-legends.com\\\/wp-content\\\/uploads\\\/2020\\\/01\\\/scuba_legends_favicon.png\",\"contentUrl\":\"https:\\\/\\\/scuba-legends.com\\\/wp-content\\\/uploads\\\/2020\\\/01\\\/scuba_legends_favicon.png\",\"width\":512,\"height\":512,\"caption\":\"Scuba Legends Dive Center Lanzarote\"},\"image\":{\"@id\":\"https:\\\/\\\/scuba-legends.com\\\/ca\\\/#\\\/schema\\\/logo\\\/image\\\/\"},\"sameAs\":[\"https:\\\/\\\/www.facebook.com\\\/ScubaLegends\\\/\",\"https:\\\/\\\/x.com\\\/scubalegends\",\"https:\\\/\\\/www.instagram.com\\\/scuba_legends\\\/\",\"https:\\\/\\\/www.youtube.com\\\/channel\\\/UCUjHU7Mmii5SfLoodxNZmqQ\"]}]}<\/script>\n<!-- \/ Yoast SEO plugin. -->","yoast_head_json":{"title":"PADI Especialitat flotabilitat - Scuba Legends","description":"L\u2019especialitat PADI Flotabilitat Impecable \u00e9s el teu pr\u00f2xim pas per convertir-te en un bus immersiu m\u00e9s segur.","robots":{"index":"index","follow":"follow","max-snippet":"max-snippet:-1","max-image-preview":"max-image-preview:large","max-video-preview":"max-video-preview:-1"},"canonical":"https:\/\/scuba-legends.com\/ca\/especialitat-flotabilitat\/","og_locale":"ca_ES","og_type":"article","og_title":"PADI Especialitat flotabilitat - Scuba Legends","og_description":"L\u2019especialitat PADI Flotabilitat Impecable \u00e9s el teu pr\u00f2xim pas per convertir-te en un bus immersiu m\u00e9s segur.","og_url":"https:\/\/scuba-legends.com\/ca\/especialitat-flotabilitat\/","og_site_name":"Scuba Legends","article_publisher":"https:\/\/www.facebook.com\/ScubaLegends\/","article_modified_time":"2025-04-24T12:30:27+00:00","og_image":[{"width":150,"height":150,"url":"https:\/\/scuba-legends.com\/wp-content\/uploads\/2020\/01\/scuba_legend_logo_new1.png","type":"image\/png"}],"twitter_card":"summary_large_image","twitter_site":"@scubalegends","twitter_misc":{"Temps estimat de lectura":"2 minuts"},"schema":{"@context":"https:\/\/schema.org","@graph":[{"@type":"WebPage","@id":"https:\/\/scuba-legends.com\/ca\/especialitat-flotabilitat\/","url":"https:\/\/scuba-legends.com\/ca\/especialitat-flotabilitat\/","name":"PADI Especialitat flotabilitat - Scuba Legends","isPartOf":{"@id":"https:\/\/scuba-legends.com\/ca\/#website"},"datePublished":"2020-11-02T21:39:28+00:00","dateModified":"2025-04-24T12:30:27+00:00","description":"L\u2019especialitat PADI Flotabilitat Impecable \u00e9s el teu pr\u00f2xim pas per convertir-te en un bus immersiu m\u00e9s segur.","breadcrumb":{"@id":"https:\/\/scuba-legends.com\/ca\/especialitat-flotabilitat\/#breadcrumb"},"inLanguage":"ca","potentialAction":[{"@type":"ReadAction","target":["https:\/\/scuba-legends.com\/ca\/especialitat-flotabilitat\/"]}]},{"@type":"BreadcrumbList","@id":"https:\/\/scuba-legends.com\/ca\/especialitat-flotabilitat\/#breadcrumb","itemListElement":[{"@type":"ListItem","position":1,"name":"Scuba Legends","item":"https:\/\/scuba-legends.com\/ca\/"},{"@type":"ListItem","position":2,"name":"PADI Especialitat flotabilitat"}]},{"@type":"WebSite","@id":"https:\/\/scuba-legends.com\/ca\/#website","url":"https:\/\/scuba-legends.com\/ca\/","name":"Scuba Legends","description":"Dive Center Lanzarote","publisher":{"@id":"https:\/\/scuba-legends.com\/ca\/#organization"},"potentialAction":[{"@type":"SearchAction","target":{"@type":"EntryPoint","urlTemplate":"https:\/\/scuba-legends.com\/ca\/?s={search_term_string}"},"query-input":{"@type":"PropertyValueSpecification","valueRequired":true,"valueName":"search_term_string"}}],"inLanguage":"ca"},{"@type":"Organization","@id":"https:\/\/scuba-legends.com\/ca\/#organization","name":"Scuba Legends Dive Center Lanzarote","url":"https:\/\/scuba-legends.com\/ca\/","logo":{"@type":"ImageObject","inLanguage":"ca","@id":"https:\/\/scuba-legends.com\/ca\/#\/schema\/logo\/image\/","url":"https:\/\/scuba-legends.com\/wp-content\/uploads\/2020\/01\/scuba_legends_favicon.png","contentUrl":"https:\/\/scuba-legends.com\/wp-content\/uploads\/2020\/01\/scuba_legends_favicon.png","width":512,"height":512,"caption":"Scuba Legends Dive Center Lanzarote"},"image":{"@id":"https:\/\/scuba-legends.com\/ca\/#\/schema\/logo\/image\/"},"sameAs":["https:\/\/www.facebook.com\/ScubaLegends\/","https:\/\/x.com\/scubalegends","https:\/\/www.instagram.com\/scuba_legends\/","https:\/\/www.youtube.com\/channel\/UCUjHU7Mmii5SfLoodxNZmqQ"]}]}},"_links":{"self":[{"href":"https:\/\/scuba-legends.com\/ca\/wp-json\/wp\/v2\/pages\/9286","targetHints":{"allow":["GET"]}}],"collection":[{"href":"https:\/\/scuba-legends.com\/ca\/wp-json\/wp\/v2\/pages"}],"about":[{"href":"https:\/\/scuba-legends.com\/ca\/wp-json\/wp\/v2\/types\/page"}],"author":[{"embeddable":true,"href":"https:\/\/scuba-legends.com\/ca\/wp-json\/wp\/v2\/users\/2"}],"replies":[{"embeddable":true,"href":"https:\/\/scuba-legends.com\/ca\/wp-json\/wp\/v2\/comments?post=9286"}],"version-history":[{"count":6,"href":"https:\/\/scuba-legends.com\/ca\/wp-json\/wp\/v2\/pages\/9286\/revisions"}],"predecessor-version":[{"id":19443,"href":"https:\/\/scuba-legends.com\/ca\/wp-json\/wp\/v2\/pages\/9286\/revisions\/19443"}],"wp:attachment":[{"href":"https:\/\/scuba-legends.com\/ca\/wp-json\/wp\/v2\/media?parent=9286"}],"curies":[{"name":"wp","href":"https:\/\/api.w.org\/{rel}","templated":true}]}}