{"id":9273,"date":"2020-11-02T21:32:04","date_gmt":"2020-11-02T21:32:04","guid":{"rendered":"https:\/\/scuba-legends.com\/especialidad-busseig-profund\/"},"modified":"2025-01-05T12:54:30","modified_gmt":"2025-01-05T12:54:30","slug":"especialidad-busseig-profund","status":"publish","type":"page","link":"https:\/\/scuba-legends.com\/ca\/especialidad-busseig-profund\/","title":{"rendered":"Especialitat PADI Busseig Profund"},"content":{"rendered":"<p>[et_pb_section fb_built=&#8221;1&#8243; fullwidth=&#8221;on&#8221; module_id=&#8221;spheader-section&#8221; _builder_version=&#8221;4.16&#8243; global_colors_info=&#8221;{}&#8221;][et_pb_fullwidth_header title=&#8221;ESPECIALITAT PADI  BUSSEIG PROFUND&#8221; _builder_version=&#8221;4.27.4&#8243; title_text_align=&#8221;left&#8221; title_font_size=&#8221;54px&#8221; subhead_font=&#8221;|||on|||||&#8221; background_image=&#8221;https:\/\/scuba-legends.com\/wp-content\/uploads\/2020\/09\/6E-Deep-Diver-Speciialty-1280&#215;900-1.jpg&#8221; width=&#8221;100%&#8221; module_alignment=&#8221;center&#8221; custom_padding=&#8221;80px||80px||true|&#8221; title_font_size_tablet=&#8221;44px&#8221; background_last_edited=&#8221;on|desktop&#8221; custom_css_main_element=&#8221;background-position: center -240px;&#8221; custom_css_title=&#8221;order: 2;&#8221; custom_css_subtitle=&#8221;order: 1;&#8221; global_colors_info=&#8221;{}&#8221; custom_css_main_element_last_edited=&#8221;on|tablet&#8221; custom_css_main_element_tablet=&#8221;background-position: center -70px;&#8221; custom_css_main_element_phone=&#8221;background-position: center center;&#8221;]<\/p>\n<p style=\"text-align: left;\">\u00a0MAKE IT LEGENDARY<\/p>\n<p>[\/et_pb_fullwidth_header][\/et_pb_section][et_pb_section fb_built=&#8221;1&#8243; _builder_version=&#8221;4.16&#8243; custom_margin=&#8221;-50px||||false|false&#8221; global_colors_info=&#8221;{}&#8221;][et_pb_row _builder_version=&#8221;4.16&#8243; global_colors_info=&#8221;{}&#8221;][et_pb_column type=&#8221;4_4&#8243; _builder_version=&#8221;4.16&#8243; global_colors_info=&#8221;{}&#8221;][et_pb_text _builder_version=&#8221;4.27.4&#8243; text_font_size=&#8221;18px&#8221; custom_margin=&#8221;-20px||||false|false&#8221; global_colors_info=&#8221;{}&#8221;]<\/p>\n<h2 style=\"text-align: center; color: #0db4d5;\">Especialitat PADI Busseig Profund \u2013 Submergeix-te fins al l\u00edmit de profunditat del busseig recreatiu!<\/h2>\n<p>[\/et_pb_text][et_pb_text _builder_version=&#8221;4.27.4&#8243; global_colors_info=&#8221;{}&#8221;]<\/p>\n<p>Descobreix l\u2019emoci\u00f3 i l\u2019aventura del busseig profund amb el curs de <strong>Especialitat PADI Busseig Profund &#8220;Deep Diver Specialty&#8221;<\/strong>. Aquest curs t\u2019ensenyar\u00e0 les habilitats i t\u00e8cniques necess\u00e0ries per <strong>explorar profunditats de fins a 40 metres de manera segura<\/strong>. Aprendr\u00e0s a planificar immersions profundes dins dels l\u00edmits de no descompressi\u00f3, gestionar l\u2019aire, millorar el teu consum d\u2019aire, manejar els efectes relacionats amb la profunditat i molt m\u00e9s, tot sota la guia d\u2019un instructor experimentat.<\/p>\n<p>Comen\u00e7a com a Advanced Open Water Diver i gaudeix de <strong>tres immersions del curs fins a una profunditat m\u00e0xima de 40 metres<\/strong>. Les immersions d\u2019entrenament es fan a <strong>Playa Chica, Puerto del Carmen, un lloc de busseig reconegut amb fins a 10 punts d\u2019immersi\u00f3 \u00fanics<\/strong>. Des de formacions volc\u00e0niques fins a vida marina vibrant, cada immersi\u00f3 ofereix una experi\u00e8ncia nova sota l\u2019aigua, convertint aquest lloc en l\u2019indret perfecte per a la teva aventura de busseig profund.<\/p>\n<p>Reserva el curs ara per millorar les teves habilitats de busseig, guanyar confian\u00e7a en profunditats m\u00e9s grans i descobrir nous mons submarins!<\/p>\n<p>[\/et_pb_text][\/et_pb_column][\/et_pb_row][et_pb_row _builder_version=&#8221;4.16&#8243; global_colors_info=&#8221;{}&#8221;][et_pb_column type=&#8221;4_4&#8243; _builder_version=&#8221;4.16&#8243; global_colors_info=&#8221;{}&#8221;][et_pb_button button_url=&#8221;https:\/\/app.bukyapp.com\/front\/673ef83180e03463a90b61e6\/product\/6751c42e06c0ee8645c28b70&#8243; url_new_window=&#8221;on&#8221; button_text=&#8221;DISPONIBILITAT I PREUS&#8221; button_alignment=&#8221;center&#8221; _builder_version=&#8221;4.27.4&#8243; custom_button=&#8221;on&#8221; button_text_size=&#8221;16px&#8221; button_text_color=&#8221;#ffffff&#8221; button_bg_color=&#8221;#0db4d5&#8243; button_border_width=&#8221;6px&#8221; global_colors_info=&#8221;{}&#8221;][\/et_pb_button][\/et_pb_column][\/et_pb_row][et_pb_row column_structure=&#8221;1_3,1_3,1_3&#8243; _builder_version=&#8221;4.16&#8243; locked=&#8221;off&#8221; global_colors_info=&#8221;{}&#8221;][et_pb_column type=&#8221;1_3&#8243; _builder_version=&#8221;4.16&#8243; global_colors_info=&#8221;{}&#8221;][et_pb_text admin_label=&#8221;Text&#8221; _builder_version=&#8221;4.27.4&#8243; background_color=&#8221;rgba(13,180,213,0.17)&#8221; custom_padding=&#8221;25px|25px|25px|25px|false|false&#8221; border_radii=&#8221;on|3px|3px|3px|3px&#8221; global_colors_info=&#8221;{}&#8221;]<\/p>\n<h4 style=\"text-align: center; color: #0db4d5;\">M\u00e9s informaci\u00f3?<\/h4>\n<p><strong>ESPECIALITAT PADI BUSSEIG PROFUND<\/strong><\/p>\n<ul>\n<li>Ubicaci\u00f3: Playa Chica (Puerto del Carmen)<\/li>\n<li>Profunditat: m\u00e0x. 40 metres<\/li>\n<li>Durada: 2 dies + eLearning<\/li>\n<li>Preu: des de 350 \u20ac<\/li>\n<\/ul>\n<h4 style=\"text-align: center; color: #0db4d5;\"><a href=\"https:\/\/app.bukyapp.com\/front\/673ef83180e03463a90b61e6\/product\/6751c42e06c0ee8645c28b70\" target=\"_blank\" rel=\"noopener\">RESERVAR<\/a><\/h4>\n<p>[\/et_pb_text][\/et_pb_column][et_pb_column type=&#8221;1_3&#8243; _builder_version=&#8221;4.16&#8243; global_colors_info=&#8221;{}&#8221;][et_pb_text _builder_version=&#8221;4.27.4&#8243; background_color=&#8221;rgba(13,180,213,0.17)&#8221; custom_padding=&#8221;25px|25px|25px|25px|false|false&#8221; border_radii=&#8221;on|3px|3px|3px|3px&#8221; global_colors_info=&#8221;{}&#8221;]<\/p>\n<h4 style=\"text-align: center; color: #0db4d5;\">Qu\u00e8 est\u00e0 incl\u00f2s?<\/h4>\n<ul>\n<li>Acc\u00e9s a PADI eLearning<\/li>\n<li>Taxes de certificaci\u00f3 PADI<\/li>\n<li>Aigua i galetes entre immersions<\/li>\n<li>Instructor amb experi\u00e8ncia<\/li>\n<li>Grups petits<\/li>\n<\/ul>\n<p>[\/et_pb_text][et_pb_text _builder_version=&#8221;4.27.4&#8243; background_color=&#8221;rgba(13,180,213,0.17)&#8221; custom_padding=&#8221;25px|25px|25px|25px|false|false&#8221; border_radii=&#8221;on|3px|3px|3px|3px&#8221; global_colors_info=&#8221;{}&#8221;]<\/p>\n<h4 style=\"text-align: center; color: #0db4d5;\">Quins s\u00f3n els requisits?<\/h4>\n<ul>\n<li>M\u00e9s de 15 anys<\/li>\n<li>Ser Adventure Diver o superior<\/li>\n<li>Aptitud m\u00e8dica per al busseig: algunes condicions m\u00e8diques pr\u00e8vies requereixen una avaluaci\u00f3 m\u00e8dica.<\/li>\n<li><a href=\"https:\/\/www.uhms.org\/es\/resources\/featured-resources\/es-recreational-diving-medical-screening-system.html\"><strong>Feu clic aqu\u00ed per comprovar si necessiteu un certificat m\u00e8dic.<\/strong><\/a><\/li>\n<\/ul>\n<p>[\/et_pb_text][\/et_pb_column][et_pb_column type=&#8221;1_3&#8243; _builder_version=&#8221;4.16&#8243; global_colors_info=&#8221;{}&#8221;][et_pb_text admin_label=&#8221;Text&#8221; _builder_version=&#8221;4.27.4&#8243; background_color=&#8221;rgba(13,180,213,0.17)&#8221; custom_padding=&#8221;25px|25px|25px|25px|false|false&#8221; border_radii=&#8221;on|3px|3px|3px|3px&#8221; global_colors_info=&#8221;{}&#8221;]<\/p>\n<h4 style=\"text-align: center; color: #0db4d5;\">\u00a1B\u00e9 saber-ho!<\/h4>\n<ul>\n<li>Equip de lloguer disponible<\/li>\n<li>Contracta el teu segur de busseig (DAN) amb nosaltres<\/li>\n<li>Porta: banyador, tovallola, ulleres de sol, protector solar i roba per canviar-te<\/li>\n<li>No pots volar durant 18+ hores despr\u00e9s de dues o m\u00e9s immersions<\/li>\n<li>Es recomana reservar amb antelaci\u00f3<\/li>\n<\/ul>\n<p>[\/et_pb_text][\/et_pb_column][\/et_pb_row][et_pb_row _builder_version=&#8221;4.16&#8243; global_colors_info=&#8221;{}&#8221;][et_pb_column type=&#8221;4_4&#8243; _builder_version=&#8221;4.16&#8243; global_colors_info=&#8221;{}&#8221;][et_pb_button button_url=&#8221;https:\/\/app.bukyapp.com\/front\/673ef83180e03463a90b61e6\/product\/6751c42e06c0ee8645c28b70&#8243; url_new_window=&#8221;on&#8221; button_text=&#8221;DISPONIBILITAT I PREUS&#8221; button_alignment=&#8221;center&#8221; _builder_version=&#8221;4.27.4&#8243; custom_button=&#8221;on&#8221; button_text_size=&#8221;16px&#8221; button_text_color=&#8221;#ffffff&#8221; button_bg_color=&#8221;#0db4d5&#8243; button_border_width=&#8221;6px&#8221; global_colors_info=&#8221;{}&#8221;][\/et_pb_button][\/et_pb_column][\/et_pb_row][\/et_pb_section][et_pb_section fb_built=&#8221;1&#8243; fullwidth=&#8221;on&#8221; _builder_version=&#8221;4.16&#8243; global_colors_info=&#8221;{}&#8221;][et_pb_fullwidth_header text_orientation=&#8221;center&#8221; button_one_text=&#8221;M\u00e9s informaci\u00f3&#8221; button_one_url=&#8221;https:\/\/scuba-legends.com\/ca\/contacte\/&#8221; _builder_version=&#8221;4.27.4&#8243; title_level=&#8221;h3&#8243; background_image=&#8221;https:\/\/scuba-legends.com\/wp-content\/uploads\/2020\/08\/Hazlo-epico-1.jpg&#8221; custom_button_one=&#8221;on&#8221; button_one_text_size=&#8221;16px&#8221; button_one_custom_margin=&#8221;||||false|false&#8221; custom_button_two=&#8221;on&#8221; button_two_text_size=&#8221;16px&#8221; hover_enabled=&#8221;0&#8243; text_shadow_style=&#8221;preset3&#8243; global_colors_info=&#8221;{}&#8221; sticky_enabled=&#8221;0&#8243;]<\/p>\n<h2 style=\"text-align: center;\"><strong>Guies i instructor de busseig privat \u2013 Fes-lo \u00e8pic<\/strong><\/h2>\n<p style=\"text-align: center;\">Si vols una atenci\u00f3 VIP, encara m\u00e9s personalitzada i nom\u00e9s per a tu sol (o amb la teva fam\u00edlia i amics), t\u2019oferim el nostre servei exclusiu de submarinisme privat a Puerto del Carmen, Lanzarote.<br \/>Adaptem la immersi\u00f3 o curs a les teves necessitats i tempos.<\/p>\n<p>[\/et_pb_fullwidth_header][\/et_pb_section]<\/p>\n","protected":false},"excerpt":{"rendered":"<p>\u00a0MAKE IT LEGENDARYEspecialitat PADI Busseig Profund \u2013 Submergeix-te fins al l\u00edmit de profunditat del busseig recreatiu!Descobreix l\u2019emoci\u00f3 i l\u2019aventura del busseig profund amb el curs de Especialitat PADI Busseig Profund &#8220;Deep Diver Specialty&#8221;. Aquest curs t\u2019ensenyar\u00e0 les habilitats i t\u00e8cniques necess\u00e0ries per explorar profunditats de fins a 40 metres de manera segura. Aprendr\u00e0s a planificar [&hellip;]<\/p>\n","protected":false},"author":2,"featured_media":0,"parent":0,"menu_order":165,"comment_status":"closed","ping_status":"closed","template":"","meta":{"_acf_changed":false,"_et_pb_use_builder":"on","_et_pb_old_content":"","_et_gb_content_width":"","footnotes":""},"class_list":["post-9273","page","type-page","status-publish","hentry"],"acf":[],"yoast_head":"<!-- This site is optimized with the Yoast SEO plugin v27.3 - https:\/\/yoast.com\/product\/yoast-seo-wordpress\/ -->\n<title>Especialitat PADI Busseig Profund - Scuba Legends<\/title>\n<meta name=\"description\" content=\"Descobreix l\u2019aventura del busseig profund amb el Especialitat PADI Busseig Profund &quot;Deep Diver&quot;. Explorar profunditats de fins a 40m.\" \/>\n<meta name=\"robots\" content=\"index, follow, max-snippet:-1, max-image-preview:large, max-video-preview:-1\" \/>\n<link rel=\"canonical\" href=\"https:\/\/scuba-legends.com\/ca\/especialidad-busseig-profund\/\" \/>\n<meta property=\"og:locale\" content=\"ca_ES\" \/>\n<meta property=\"og:type\" content=\"article\" \/>\n<meta property=\"og:title\" content=\"Especialitat PADI Busseig Profund - Scuba Legends\" \/>\n<meta property=\"og:description\" content=\"Descobreix l\u2019aventura del busseig profund amb el Especialitat PADI Busseig Profund &quot;Deep Diver&quot;. Explorar profunditats de fins a 40m.\" \/>\n<meta property=\"og:url\" content=\"https:\/\/scuba-legends.com\/ca\/especialidad-busseig-profund\/\" \/>\n<meta property=\"og:site_name\" content=\"Scuba Legends\" \/>\n<meta property=\"article:publisher\" content=\"https:\/\/www.facebook.com\/ScubaLegends\/\" \/>\n<meta property=\"article:modified_time\" content=\"2025-01-05T12:54:30+00:00\" \/>\n<meta property=\"og:image\" content=\"https:\/\/scuba-legends.com\/wp-content\/uploads\/2020\/01\/scuba_legend_logo_new1.png\" \/>\n\t<meta property=\"og:image:width\" content=\"150\" \/>\n\t<meta property=\"og:image:height\" content=\"150\" \/>\n\t<meta property=\"og:image:type\" content=\"image\/png\" \/>\n<meta name=\"twitter:card\" content=\"summary_large_image\" \/>\n<meta name=\"twitter:site\" content=\"@scubalegends\" \/>\n<meta name=\"twitter:label1\" content=\"Temps estimat de lectura\" \/>\n\t<meta name=\"twitter:data1\" content=\"2 minuts\" \/>\n<script type=\"application\/ld+json\" class=\"yoast-schema-graph\">{\"@context\":\"https:\\\/\\\/schema.org\",\"@graph\":[{\"@type\":\"WebPage\",\"@id\":\"https:\\\/\\\/scuba-legends.com\\\/ca\\\/especialidad-busseig-profund\\\/\",\"url\":\"https:\\\/\\\/scuba-legends.com\\\/ca\\\/especialidad-busseig-profund\\\/\",\"name\":\"Especialitat PADI Busseig Profund - Scuba Legends\",\"isPartOf\":{\"@id\":\"https:\\\/\\\/scuba-legends.com\\\/ca\\\/#website\"},\"datePublished\":\"2020-11-02T21:32:04+00:00\",\"dateModified\":\"2025-01-05T12:54:30+00:00\",\"description\":\"Descobreix l\u2019aventura del busseig profund amb el Especialitat PADI Busseig Profund \\\"Deep Diver\\\". Explorar profunditats de fins a 40m.\",\"breadcrumb\":{\"@id\":\"https:\\\/\\\/scuba-legends.com\\\/ca\\\/especialidad-busseig-profund\\\/#breadcrumb\"},\"inLanguage\":\"ca\",\"potentialAction\":[{\"@type\":\"ReadAction\",\"target\":[\"https:\\\/\\\/scuba-legends.com\\\/ca\\\/especialidad-busseig-profund\\\/\"]}]},{\"@type\":\"BreadcrumbList\",\"@id\":\"https:\\\/\\\/scuba-legends.com\\\/ca\\\/especialidad-busseig-profund\\\/#breadcrumb\",\"itemListElement\":[{\"@type\":\"ListItem\",\"position\":1,\"name\":\"Scuba Legends\",\"item\":\"https:\\\/\\\/scuba-legends.com\\\/ca\\\/\"},{\"@type\":\"ListItem\",\"position\":2,\"name\":\"Especialitat PADI Busseig Profund\"}]},{\"@type\":\"WebSite\",\"@id\":\"https:\\\/\\\/scuba-legends.com\\\/ca\\\/#website\",\"url\":\"https:\\\/\\\/scuba-legends.com\\\/ca\\\/\",\"name\":\"Scuba Legends\",\"description\":\"Dive Center Lanzarote\",\"publisher\":{\"@id\":\"https:\\\/\\\/scuba-legends.com\\\/ca\\\/#organization\"},\"potentialAction\":[{\"@type\":\"SearchAction\",\"target\":{\"@type\":\"EntryPoint\",\"urlTemplate\":\"https:\\\/\\\/scuba-legends.com\\\/ca\\\/?s={search_term_string}\"},\"query-input\":{\"@type\":\"PropertyValueSpecification\",\"valueRequired\":true,\"valueName\":\"search_term_string\"}}],\"inLanguage\":\"ca\"},{\"@type\":\"Organization\",\"@id\":\"https:\\\/\\\/scuba-legends.com\\\/ca\\\/#organization\",\"name\":\"Scuba Legends Dive Center Lanzarote\",\"url\":\"https:\\\/\\\/scuba-legends.com\\\/ca\\\/\",\"logo\":{\"@type\":\"ImageObject\",\"inLanguage\":\"ca\",\"@id\":\"https:\\\/\\\/scuba-legends.com\\\/ca\\\/#\\\/schema\\\/logo\\\/image\\\/\",\"url\":\"https:\\\/\\\/scuba-legends.com\\\/wp-content\\\/uploads\\\/2020\\\/01\\\/scuba_legends_favicon.png\",\"contentUrl\":\"https:\\\/\\\/scuba-legends.com\\\/wp-content\\\/uploads\\\/2020\\\/01\\\/scuba_legends_favicon.png\",\"width\":512,\"height\":512,\"caption\":\"Scuba Legends Dive Center Lanzarote\"},\"image\":{\"@id\":\"https:\\\/\\\/scuba-legends.com\\\/ca\\\/#\\\/schema\\\/logo\\\/image\\\/\"},\"sameAs\":[\"https:\\\/\\\/www.facebook.com\\\/ScubaLegends\\\/\",\"https:\\\/\\\/x.com\\\/scubalegends\",\"https:\\\/\\\/www.instagram.com\\\/scuba_legends\\\/\",\"https:\\\/\\\/www.youtube.com\\\/channel\\\/UCUjHU7Mmii5SfLoodxNZmqQ\"]}]}<\/script>\n<!-- \/ Yoast SEO plugin. -->","yoast_head_json":{"title":"Especialitat PADI Busseig Profund - Scuba Legends","description":"Descobreix l\u2019aventura del busseig profund amb el Especialitat PADI Busseig Profund \"Deep Diver\". Explorar profunditats de fins a 40m.","robots":{"index":"index","follow":"follow","max-snippet":"max-snippet:-1","max-image-preview":"max-image-preview:large","max-video-preview":"max-video-preview:-1"},"canonical":"https:\/\/scuba-legends.com\/ca\/especialidad-busseig-profund\/","og_locale":"ca_ES","og_type":"article","og_title":"Especialitat PADI Busseig Profund - Scuba Legends","og_description":"Descobreix l\u2019aventura del busseig profund amb el Especialitat PADI Busseig Profund \"Deep Diver\". Explorar profunditats de fins a 40m.","og_url":"https:\/\/scuba-legends.com\/ca\/especialidad-busseig-profund\/","og_site_name":"Scuba Legends","article_publisher":"https:\/\/www.facebook.com\/ScubaLegends\/","article_modified_time":"2025-01-05T12:54:30+00:00","og_image":[{"width":150,"height":150,"url":"https:\/\/scuba-legends.com\/wp-content\/uploads\/2020\/01\/scuba_legend_logo_new1.png","type":"image\/png"}],"twitter_card":"summary_large_image","twitter_site":"@scubalegends","twitter_misc":{"Temps estimat de lectura":"2 minuts"},"schema":{"@context":"https:\/\/schema.org","@graph":[{"@type":"WebPage","@id":"https:\/\/scuba-legends.com\/ca\/especialidad-busseig-profund\/","url":"https:\/\/scuba-legends.com\/ca\/especialidad-busseig-profund\/","name":"Especialitat PADI Busseig Profund - Scuba Legends","isPartOf":{"@id":"https:\/\/scuba-legends.com\/ca\/#website"},"datePublished":"2020-11-02T21:32:04+00:00","dateModified":"2025-01-05T12:54:30+00:00","description":"Descobreix l\u2019aventura del busseig profund amb el Especialitat PADI Busseig Profund \"Deep Diver\". Explorar profunditats de fins a 40m.","breadcrumb":{"@id":"https:\/\/scuba-legends.com\/ca\/especialidad-busseig-profund\/#breadcrumb"},"inLanguage":"ca","potentialAction":[{"@type":"ReadAction","target":["https:\/\/scuba-legends.com\/ca\/especialidad-busseig-profund\/"]}]},{"@type":"BreadcrumbList","@id":"https:\/\/scuba-legends.com\/ca\/especialidad-busseig-profund\/#breadcrumb","itemListElement":[{"@type":"ListItem","position":1,"name":"Scuba Legends","item":"https:\/\/scuba-legends.com\/ca\/"},{"@type":"ListItem","position":2,"name":"Especialitat PADI Busseig Profund"}]},{"@type":"WebSite","@id":"https:\/\/scuba-legends.com\/ca\/#website","url":"https:\/\/scuba-legends.com\/ca\/","name":"Scuba Legends","description":"Dive Center Lanzarote","publisher":{"@id":"https:\/\/scuba-legends.com\/ca\/#organization"},"potentialAction":[{"@type":"SearchAction","target":{"@type":"EntryPoint","urlTemplate":"https:\/\/scuba-legends.com\/ca\/?s={search_term_string}"},"query-input":{"@type":"PropertyValueSpecification","valueRequired":true,"valueName":"search_term_string"}}],"inLanguage":"ca"},{"@type":"Organization","@id":"https:\/\/scuba-legends.com\/ca\/#organization","name":"Scuba Legends Dive Center Lanzarote","url":"https:\/\/scuba-legends.com\/ca\/","logo":{"@type":"ImageObject","inLanguage":"ca","@id":"https:\/\/scuba-legends.com\/ca\/#\/schema\/logo\/image\/","url":"https:\/\/scuba-legends.com\/wp-content\/uploads\/2020\/01\/scuba_legends_favicon.png","contentUrl":"https:\/\/scuba-legends.com\/wp-content\/uploads\/2020\/01\/scuba_legends_favicon.png","width":512,"height":512,"caption":"Scuba Legends Dive Center Lanzarote"},"image":{"@id":"https:\/\/scuba-legends.com\/ca\/#\/schema\/logo\/image\/"},"sameAs":["https:\/\/www.facebook.com\/ScubaLegends\/","https:\/\/x.com\/scubalegends","https:\/\/www.instagram.com\/scuba_legends\/","https:\/\/www.youtube.com\/channel\/UCUjHU7Mmii5SfLoodxNZmqQ"]}]}},"_links":{"self":[{"href":"https:\/\/scuba-legends.com\/ca\/wp-json\/wp\/v2\/pages\/9273","targetHints":{"allow":["GET"]}}],"collection":[{"href":"https:\/\/scuba-legends.com\/ca\/wp-json\/wp\/v2\/pages"}],"about":[{"href":"https:\/\/scuba-legends.com\/ca\/wp-json\/wp\/v2\/types\/page"}],"author":[{"embeddable":true,"href":"https:\/\/scuba-legends.com\/ca\/wp-json\/wp\/v2\/users\/2"}],"replies":[{"embeddable":true,"href":"https:\/\/scuba-legends.com\/ca\/wp-json\/wp\/v2\/comments?post=9273"}],"version-history":[{"count":8,"href":"https:\/\/scuba-legends.com\/ca\/wp-json\/wp\/v2\/pages\/9273\/revisions"}],"predecessor-version":[{"id":19062,"href":"https:\/\/scuba-legends.com\/ca\/wp-json\/wp\/v2\/pages\/9273\/revisions\/19062"}],"wp:attachment":[{"href":"https:\/\/scuba-legends.com\/ca\/wp-json\/wp\/v2\/media?parent=9273"}],"curies":[{"name":"wp","href":"https:\/\/api.w.org\/{rel}","templated":true}]}}