{"id":9267,"date":"2020-11-02T21:28:19","date_gmt":"2020-11-02T21:28:19","guid":{"rendered":"https:\/\/scuba-legends.com\/especialitat-aire-enriquit-nitrox\/"},"modified":"2026-01-06T09:30:29","modified_gmt":"2026-01-06T09:30:29","slug":"especialitat-aire-enriquit-nitrox","status":"publish","type":"page","link":"https:\/\/scuba-legends.com\/ca\/especialitat-aire-enriquit-nitrox\/","title":{"rendered":"Especialitat PADI Aire Enriquit \u2013 Nitrox"},"content":{"rendered":"<p>[et_pb_section fb_built=&#8221;1&#8243; fullwidth=&#8221;on&#8221; module_id=&#8221;spheader-section&#8221; _builder_version=&#8221;4.16&#8243; global_colors_info=&#8221;{}&#8221;][et_pb_fullwidth_header title=&#8221;Especialitat PADI Aire Enriquit \u2013 Nitrox&#8221; _builder_version=&#8221;4.27.4&#8243; title_text_align=&#8221;left&#8221; title_font_size=&#8221;54px&#8221; subhead_font=&#8221;|||on|||||&#8221; background_image=&#8221;https:\/\/scuba-legends.com\/wp-content\/uploads\/2020\/09\/7E-Enriched-Air-Diver-Specialty-1280&#215;900-1.jpg&#8221; width=&#8221;100%&#8221; module_alignment=&#8221;center&#8221; custom_padding=&#8221;80px||80px||true|&#8221; title_font_size_tablet=&#8221;44px&#8221; background_last_edited=&#8221;on|desktop&#8221; custom_css_main_element=&#8221;background-position: center -240px;&#8221; custom_css_title=&#8221;order: 2;&#8221; custom_css_subtitle=&#8221;order: 1;&#8221; global_colors_info=&#8221;{}&#8221; custom_css_main_element_last_edited=&#8221;on|tablet&#8221; custom_css_main_element_tablet=&#8221;background-position: center -70px;&#8221; custom_css_main_element_phone=&#8221;background-position: center center;&#8221;]<\/p>\n<p style=\"text-align: left;\">\u00a0MAKE IT LEGENDARY<\/p>\n<p>[\/et_pb_fullwidth_header][\/et_pb_section][et_pb_section fb_built=&#8221;1&#8243; _builder_version=&#8221;4.16&#8243; custom_margin=&#8221;-50px||||false|false&#8221; locked=&#8221;off&#8221; global_colors_info=&#8221;{}&#8221;][et_pb_row _builder_version=&#8221;4.16&#8243; global_colors_info=&#8221;{}&#8221;][et_pb_column type=&#8221;4_4&#8243; _builder_version=&#8221;4.16&#8243; global_colors_info=&#8221;{}&#8221;][et_pb_text _builder_version=&#8221;4.27.4&#8243; text_font_size=&#8221;18px&#8221; custom_margin=&#8221;-20px||||false|false&#8221; global_colors_info=&#8221;{}&#8221;]<\/p>\n<h2 style=\"text-align: center; color: #0db4d5;\">Especialitat PADI Aire Enriquit \u2013 Nitrox \u2013 Gaudeix de m\u00e9s temps sense descompressi\u00f3!<\/h2>\n<p>[\/et_pb_text][et_pb_text _builder_version=&#8221;4.27.4&#8243; global_colors_info=&#8221;{}&#8221;]<\/p>\n<p class=\"\" data-start=\"4468\" data-end=\"4937\">L&#8217;aire enriquit (EAN) o Nitrox \u00e9s una barreja de gasos amb una concentraci\u00f3 d&#8217;oxigen m\u00e9s alta que l&#8217;aire normal. El <strong data-start=\"4584\" data-end=\"4635\">Curs d&#8217;Especialitat PADI Aire Enriquit \u2013 Nitrox<\/strong> \u00e9s perfecte per a tu si vols maximitzar el teu temps al fons i millorar l\u2019experi\u00e8ncia de busseig. Aprendr\u00e0s a utilitzar Nitrox per estendre els l\u00edmits sense descompressi\u00f3 amb seguretat \u2014ideal per immersions repetitives o m\u00e9s profundes. Tamb\u00e9 reduir\u00e0s el risc de descompressi\u00f3 absorbint menys nitrogen.<\/p>\n<p class=\"\" data-start=\"4939\" data-end=\"5032\">Les barreges m\u00e9s habituals s\u00f3n Nitrox 32 i 36, amb un 32\u202f% i un 36\u202f% d\u2019oxigen respectivament.<\/p>\n<h3>Per qu\u00e8 bussejar amb Nitrox?<\/h3>\n<ul>\n<li>Temps de fons m\u00e9s llargs: Roman m\u00e9s temps sota l\u2019aigua sense superar els l\u00edmits de no-descompressi\u00f3.<\/li>\n<li>Menys fatiga: Molts bussejadors afirmen sentir-se menys cansats despr\u00e9s de les immersions.<\/li>\n<li>M\u00e9s seguretat: M\u00e9s baixa exposici\u00f3 al nitrogen redueix el risc de malaltia per descompressi\u00f3.<\/li>\n<\/ul>\n<p class=\"\" data-start=\"5382\" data-end=\"5470\"><strong data-start=\"5382\" data-end=\"5470\">Reserva la teva pla\u00e7a avui i porta les teves aventures submarines al seg\u00fcent nivell!<\/strong><\/p>\n<p class=\"\" data-start=\"5472\" data-end=\"5928\">Descobrir\u00e0s com gestionar l\u2019exposici\u00f3 als gasos i far\u00e0s un exercici pr\u00e0ctic on aprendr\u00e0s a analitzar el contingut de la barreja dins de la botella. Coneixer\u00e0s els procediments espec\u00edfics per bussejar amb aire enriquit, l\u2019equip necessari i la configuraci\u00f3 del teu ordinador de busseig. Bussejar amb Nitrox \u00e9s f\u00e0cil \u2014no calen mesures especials sota l\u2019aigua. El m\u00e9s important \u00e9s entendre qu\u00e8 \u00e9s el Nitrox i com influeix en la planificaci\u00f3 de la teva immersi\u00f3.<\/p>\n<p class=\"\" data-start=\"5930\" data-end=\"6329\">El curs est\u00e0 dissenyat amb <strong data-start=\"5957\" data-end=\"5975\">PADI eLearning<\/strong>, aix\u00ed pots fer la teoria al teu ritme \u2014no cal fer cap immersi\u00f3 per certificar-te. T\u2019obtindr\u00e0s la certificaci\u00f3 per bussejar amb Nitrox 40 (fins al 40\u202f% d\u2019oxigen). L\u2019opci\u00f3 <strong data-start=\"6146\" data-end=\"6157\">PREMIUM<\/strong> inclou una immersi\u00f3 doble a Playa Chica, Puerto del Carmen, amb fins a 10 punts de busseig diferents, paisatges submarins espectaculars i una gran varietat de vida marina.<\/p>\n<p>[\/et_pb_text][\/et_pb_column][\/et_pb_row][et_pb_row _builder_version=&#8221;4.16&#8243; locked=&#8221;off&#8221; global_colors_info=&#8221;{}&#8221;][et_pb_column type=&#8221;4_4&#8243; _builder_version=&#8221;4.16&#8243; global_colors_info=&#8221;{}&#8221;][et_pb_button button_url=&#8221;https:\/\/app.bukyapp.com\/front\/673ef83180e03463a90b61e6\/product\/6751c46206c0ee8645c29292&#8243; url_new_window=&#8221;on&#8221; button_text=&#8221;DISPONIBILITAT I PREUS&#8221; button_alignment=&#8221;center&#8221; admin_label=&#8221;Button&#8221; _builder_version=&#8221;4.27.4&#8243; custom_button=&#8221;on&#8221; button_text_size=&#8221;16px&#8221; button_text_color=&#8221;#ffffff&#8221; button_bg_color=&#8221;#0db4d5&#8243; button_border_width=&#8221;6px&#8221; global_colors_info=&#8221;{}&#8221;][\/et_pb_button][\/et_pb_column][\/et_pb_row][et_pb_row column_structure=&#8221;1_3,1_3,1_3&#8243; _builder_version=&#8221;4.16&#8243; locked=&#8221;off&#8221; global_colors_info=&#8221;{}&#8221;][et_pb_column type=&#8221;1_3&#8243; _builder_version=&#8221;4.16&#8243; global_colors_info=&#8221;{}&#8221;][et_pb_text admin_label=&#8221;Text&#8221; _builder_version=&#8221;4.27.5&#8243; background_color=&#8221;rgba(13,180,213,0.17)&#8221; custom_padding=&#8221;25px|25px|25px|25px|false|false&#8221; hover_enabled=&#8221;0&#8243; border_radii=&#8221;on|3px|3px|3px|3px&#8221; global_colors_info=&#8221;{}&#8221; sticky_enabled=&#8221;0&#8243;]<\/p>\n<h4 style=\"text-align: center; color: #0db4d5;\">M\u00e9s informaci\u00f3?<\/h4>\n<p><strong data-start=\"2525\" data-end=\"2566\">ESPECIALITAT PADI AIRE ENRIQUIT BASIC<\/strong><\/p>\n<ul>\n<li>Nom\u00e9s eLearning<\/li>\n<li>No calen immersions<\/li>\n<li>Duraci\u00f3: 2 hores d\u2019eLearning<\/li>\n<li>Preu: des de 145\u20ac<\/li>\n<\/ul>\n<p><strong data-start=\"2669\" data-end=\"2712\">ESPECIALITAT PADI AIRE ENRIQUIT PREMIUM<\/strong><\/p>\n<ul>\n<li>eLearning<\/li>\n<li>Doble immersi\u00f3 des de costa a Playa Chica<\/li>\n<li>Duraci\u00f3: \u00bd dia + 2 hores d\u2019eLearning<\/li>\n<li>Preu: des de 235\u20ac<\/li>\n<\/ul>\n<h4 style=\"text-align: center; color: #0db4d5;\"><a href=\"https:\/\/app.bukyapp.com\/front\/673ef83180e03463a90b61e6\/product\/6751c42e06c0ee8645c28b70\" target=\"_blank\" rel=\"noopener\">RESERVA ARA<\/a><\/h4>\n<p>[\/et_pb_text][\/et_pb_column][et_pb_column type=&#8221;1_3&#8243; _builder_version=&#8221;4.16&#8243; global_colors_info=&#8221;{}&#8221;][et_pb_text _builder_version=&#8221;4.27.4&#8243; background_color=&#8221;rgba(13,180,213,0.17)&#8221; custom_padding=&#8221;25px|25px|25px|25px|false|false&#8221; border_radii=&#8221;on|3px|3px|3px|3px&#8221; global_colors_info=&#8221;{}&#8221;]<\/p>\n<h4 style=\"text-align: center; color: #0db4d5;\">Qu\u00e8 inclou?<\/h4>\n<ul>\n<li>Acc\u00e9s a l\u2019eLearning de PADI<\/li>\n<li>Taxes de certificaci\u00f3 PADI<\/li>\n<li>Aigua i galetes entre immersions<\/li>\n<li>Instructor amb experi\u00e8ncia<\/li>\n<li>Grups redu\u00efts<\/li>\n<\/ul>\n<p>[\/et_pb_text][et_pb_text _builder_version=&#8221;4.27.4&#8243; background_color=&#8221;rgba(13,180,213,0.17)&#8221; custom_padding=&#8221;25px|25px|25px|25px|false|false&#8221; border_radii=&#8221;on|3px|3px|3px|3px&#8221; global_colors_info=&#8221;{}&#8221;]<\/p>\n<h4 style=\"text-align: center; color: #0db4d5;\">Quins s\u00f3n els requisits?<\/h4>\n<ul>\n<li>M\u00ednim 10 anys<\/li>\n<li>Certificaci\u00f3 m\u00ednima: Scuba Diver<\/li>\n<li>Estar en condicions m\u00e8diques per bussejar: algunes condicions requereixen avaluaci\u00f3 m\u00e8dica<\/li>\n<li><strong><a class=\"\" href=\"#\" rel=\"noopener\" data-start=\"3190\" data-end=\"3256\">Fes clic aqu\u00ed per comprovar si necessites un certificat m\u00e8dic<\/a><\/strong><\/li>\n<\/ul>\n<p>[\/et_pb_text][\/et_pb_column][et_pb_column type=&#8221;1_3&#8243; _builder_version=&#8221;4.16&#8243; global_colors_info=&#8221;{}&#8221;][et_pb_text _builder_version=&#8221;4.27.4&#8243; background_color=&#8221;rgba(13,180,213,0.17)&#8221; custom_padding=&#8221;25px|25px|25px|25px|false|false&#8221; border_radii=&#8221;on|3px|3px|3px|3px&#8221; global_colors_info=&#8221;{}&#8221;]<\/p>\n<h4 style=\"text-align: center; color: #0db4d5;\">Informaci\u00f3 important!<\/h4>\n<ul>\n<li>Lloguer d\u2019equip de busseig disponible<\/li>\n<li>Pots contractar la teva asseguran\u00e7a de busseig DAN amb nosaltres<\/li>\n<li>Cal portar: banyador, tovallola, ulleres de sol, protecci\u00f3 solar, roba per canviar-se<\/li>\n<li>No volar durant un m\u00ednim de 18 hores despr\u00e9s de dues o m\u00e9s immersions recreatives<\/li>\n<li>Es recomana reservar amb antelaci\u00f3<\/li>\n<\/ul>\n<p>[\/et_pb_text][\/et_pb_column][\/et_pb_row][et_pb_row _builder_version=&#8221;4.16&#8243; locked=&#8221;off&#8221; global_colors_info=&#8221;{}&#8221;][et_pb_column type=&#8221;4_4&#8243; _builder_version=&#8221;4.16&#8243; global_colors_info=&#8221;{}&#8221;][et_pb_button button_url=&#8221;https:\/\/app.bukyapp.com\/front\/673ef83180e03463a90b61e6\/product\/6751c46206c0ee8645c29292&#8243; url_new_window=&#8221;on&#8221; button_text=&#8221;DISPONIBILITAT I PREUS&#8221; button_alignment=&#8221;center&#8221; admin_label=&#8221;Button&#8221; _builder_version=&#8221;4.27.4&#8243; custom_button=&#8221;on&#8221; button_text_size=&#8221;16px&#8221; button_text_color=&#8221;#ffffff&#8221; button_bg_color=&#8221;#0db4d5&#8243; button_border_width=&#8221;6px&#8221; global_colors_info=&#8221;{}&#8221;][\/et_pb_button][\/et_pb_column][\/et_pb_row][\/et_pb_section][et_pb_section fb_built=&#8221;1&#8243; fullwidth=&#8221;on&#8221; _builder_version=&#8221;4.16&#8243; global_colors_info=&#8221;{}&#8221;][et_pb_fullwidth_header text_orientation=&#8221;center&#8221; button_one_text=&#8221;M\u00e9s informaci\u00f3&#8221; button_one_url=&#8221;https:\/\/scuba-legends.com\/ca\/contacte\/&#8221; button_two_text=&#8221;Reserva&#8221; button_two_url=&#8221;https:\/\/scuba-legends.com\/ca\/reservar\/&#8221; _builder_version=&#8221;4.16&#8243; title_level=&#8221;h3&#8243; background_image=&#8221;https:\/\/scuba-legends.com\/wp-content\/uploads\/2020\/08\/Hazlo-epico-1.jpg&#8221; custom_button_one=&#8221;on&#8221; button_one_text_size=&#8221;16px&#8221; button_one_custom_margin=&#8221;||||false|false&#8221; custom_button_two=&#8221;on&#8221; button_two_text_size=&#8221;16px&#8221; text_shadow_style=&#8221;preset3&#8243; global_colors_info=&#8221;{}&#8221;]<\/p>\n<h2 style=\"text-align: center;\"><strong>Guies i instructor de busseig privat \u2013 Fes-lo \u00e8pic<\/strong><\/h2>\n<p style=\"text-align: center;\">Si vols una atenci\u00f3 VIP, encara m\u00e9s personalitzada i nom\u00e9s per a tu sol (o amb la teva fam\u00edlia i amics), t\u2019oferim el nostre servei exclusiu de submarinisme privat a Puerto del Carmen, Lanzarote.<br \/>Adaptem la immersi\u00f3 o curs a les teves necessitats i tempos.<\/p>\n<p>[\/et_pb_fullwidth_header][\/et_pb_section]<\/p>\n","protected":false},"excerpt":{"rendered":"<p>\u00a0MAKE IT LEGENDARYEspecialitat PADI Aire Enriquit \u2013 Nitrox \u2013 Gaudeix de m\u00e9s temps sense descompressi\u00f3!L&#8217;aire enriquit (EAN) o Nitrox \u00e9s una barreja de gasos amb una concentraci\u00f3 d&#8217;oxigen m\u00e9s alta que l&#8217;aire normal. El Curs d&#8217;Especialitat PADI Aire Enriquit \u2013 Nitrox \u00e9s perfecte per a tu si vols maximitzar el teu temps al fons i [&hellip;]<\/p>\n","protected":false},"author":2,"featured_media":0,"parent":0,"menu_order":166,"comment_status":"closed","ping_status":"closed","template":"","meta":{"_acf_changed":false,"_et_pb_use_builder":"on","_et_pb_old_content":"","_et_gb_content_width":"","footnotes":""},"class_list":["post-9267","page","type-page","status-publish","hentry"],"acf":[],"yoast_head":"<!-- This site is optimized with the Yoast SEO plugin v27.3 - https:\/\/yoast.com\/product\/yoast-seo-wordpress\/ -->\n<title>Especialitat PADI Aire Enriquit \u2013 Nitrox - Scuba Legends<\/title>\n<meta name=\"description\" content=\"El Curs d&#039;Especialitat PADI Aire Enriquit \u2013 Nitrox \u00e9s perfecte per a tu si vols maximitzar el teu temps al fons.\" \/>\n<meta name=\"robots\" content=\"index, follow, max-snippet:-1, max-image-preview:large, max-video-preview:-1\" \/>\n<link rel=\"canonical\" href=\"https:\/\/scuba-legends.com\/ca\/especialitat-aire-enriquit-nitrox\/\" \/>\n<meta property=\"og:locale\" content=\"ca_ES\" \/>\n<meta property=\"og:type\" content=\"article\" \/>\n<meta property=\"og:title\" content=\"Especialitat PADI Aire Enriquit \u2013 Nitrox - Scuba Legends\" \/>\n<meta property=\"og:description\" content=\"El Curs d&#039;Especialitat PADI Aire Enriquit \u2013 Nitrox \u00e9s perfecte per a tu si vols maximitzar el teu temps al fons.\" \/>\n<meta property=\"og:url\" content=\"https:\/\/scuba-legends.com\/ca\/especialitat-aire-enriquit-nitrox\/\" \/>\n<meta property=\"og:site_name\" content=\"Scuba Legends\" \/>\n<meta property=\"article:publisher\" content=\"https:\/\/www.facebook.com\/ScubaLegends\/\" \/>\n<meta property=\"article:modified_time\" content=\"2026-01-06T09:30:29+00:00\" \/>\n<meta property=\"og:image\" content=\"https:\/\/scuba-legends.com\/wp-content\/uploads\/2020\/01\/scuba_legend_logo_new1.png\" \/>\n\t<meta property=\"og:image:width\" content=\"150\" \/>\n\t<meta property=\"og:image:height\" content=\"150\" \/>\n\t<meta property=\"og:image:type\" content=\"image\/png\" \/>\n<meta name=\"twitter:card\" content=\"summary_large_image\" \/>\n<meta name=\"twitter:site\" content=\"@scubalegends\" \/>\n<meta name=\"twitter:label1\" content=\"Temps estimat de lectura\" \/>\n\t<meta name=\"twitter:data1\" content=\"3 minuts\" \/>\n<script type=\"application\/ld+json\" class=\"yoast-schema-graph\">{\"@context\":\"https:\\\/\\\/schema.org\",\"@graph\":[{\"@type\":\"WebPage\",\"@id\":\"https:\\\/\\\/scuba-legends.com\\\/ca\\\/especialitat-aire-enriquit-nitrox\\\/\",\"url\":\"https:\\\/\\\/scuba-legends.com\\\/ca\\\/especialitat-aire-enriquit-nitrox\\\/\",\"name\":\"Especialitat PADI Aire Enriquit \u2013 Nitrox - Scuba Legends\",\"isPartOf\":{\"@id\":\"https:\\\/\\\/scuba-legends.com\\\/ca\\\/#website\"},\"datePublished\":\"2020-11-02T21:28:19+00:00\",\"dateModified\":\"2026-01-06T09:30:29+00:00\",\"description\":\"El Curs d'Especialitat PADI Aire Enriquit \u2013 Nitrox \u00e9s perfecte per a tu si vols maximitzar el teu temps al fons.\",\"breadcrumb\":{\"@id\":\"https:\\\/\\\/scuba-legends.com\\\/ca\\\/especialitat-aire-enriquit-nitrox\\\/#breadcrumb\"},\"inLanguage\":\"ca\",\"potentialAction\":[{\"@type\":\"ReadAction\",\"target\":[\"https:\\\/\\\/scuba-legends.com\\\/ca\\\/especialitat-aire-enriquit-nitrox\\\/\"]}]},{\"@type\":\"BreadcrumbList\",\"@id\":\"https:\\\/\\\/scuba-legends.com\\\/ca\\\/especialitat-aire-enriquit-nitrox\\\/#breadcrumb\",\"itemListElement\":[{\"@type\":\"ListItem\",\"position\":1,\"name\":\"Scuba Legends\",\"item\":\"https:\\\/\\\/scuba-legends.com\\\/ca\\\/\"},{\"@type\":\"ListItem\",\"position\":2,\"name\":\"Especialitat PADI Aire Enriquit \u2013 Nitrox\"}]},{\"@type\":\"WebSite\",\"@id\":\"https:\\\/\\\/scuba-legends.com\\\/ca\\\/#website\",\"url\":\"https:\\\/\\\/scuba-legends.com\\\/ca\\\/\",\"name\":\"Scuba Legends\",\"description\":\"Dive Center Lanzarote\",\"publisher\":{\"@id\":\"https:\\\/\\\/scuba-legends.com\\\/ca\\\/#organization\"},\"potentialAction\":[{\"@type\":\"SearchAction\",\"target\":{\"@type\":\"EntryPoint\",\"urlTemplate\":\"https:\\\/\\\/scuba-legends.com\\\/ca\\\/?s={search_term_string}\"},\"query-input\":{\"@type\":\"PropertyValueSpecification\",\"valueRequired\":true,\"valueName\":\"search_term_string\"}}],\"inLanguage\":\"ca\"},{\"@type\":\"Organization\",\"@id\":\"https:\\\/\\\/scuba-legends.com\\\/ca\\\/#organization\",\"name\":\"Scuba Legends Dive Center Lanzarote\",\"url\":\"https:\\\/\\\/scuba-legends.com\\\/ca\\\/\",\"logo\":{\"@type\":\"ImageObject\",\"inLanguage\":\"ca\",\"@id\":\"https:\\\/\\\/scuba-legends.com\\\/ca\\\/#\\\/schema\\\/logo\\\/image\\\/\",\"url\":\"https:\\\/\\\/scuba-legends.com\\\/wp-content\\\/uploads\\\/2020\\\/01\\\/scuba_legends_favicon.png\",\"contentUrl\":\"https:\\\/\\\/scuba-legends.com\\\/wp-content\\\/uploads\\\/2020\\\/01\\\/scuba_legends_favicon.png\",\"width\":512,\"height\":512,\"caption\":\"Scuba Legends Dive Center Lanzarote\"},\"image\":{\"@id\":\"https:\\\/\\\/scuba-legends.com\\\/ca\\\/#\\\/schema\\\/logo\\\/image\\\/\"},\"sameAs\":[\"https:\\\/\\\/www.facebook.com\\\/ScubaLegends\\\/\",\"https:\\\/\\\/x.com\\\/scubalegends\",\"https:\\\/\\\/www.instagram.com\\\/scuba_legends\\\/\",\"https:\\\/\\\/www.youtube.com\\\/channel\\\/UCUjHU7Mmii5SfLoodxNZmqQ\"]}]}<\/script>\n<!-- \/ Yoast SEO plugin. -->","yoast_head_json":{"title":"Especialitat PADI Aire Enriquit \u2013 Nitrox - Scuba Legends","description":"El Curs d'Especialitat PADI Aire Enriquit \u2013 Nitrox \u00e9s perfecte per a tu si vols maximitzar el teu temps al fons.","robots":{"index":"index","follow":"follow","max-snippet":"max-snippet:-1","max-image-preview":"max-image-preview:large","max-video-preview":"max-video-preview:-1"},"canonical":"https:\/\/scuba-legends.com\/ca\/especialitat-aire-enriquit-nitrox\/","og_locale":"ca_ES","og_type":"article","og_title":"Especialitat PADI Aire Enriquit \u2013 Nitrox - Scuba Legends","og_description":"El Curs d'Especialitat PADI Aire Enriquit \u2013 Nitrox \u00e9s perfecte per a tu si vols maximitzar el teu temps al fons.","og_url":"https:\/\/scuba-legends.com\/ca\/especialitat-aire-enriquit-nitrox\/","og_site_name":"Scuba Legends","article_publisher":"https:\/\/www.facebook.com\/ScubaLegends\/","article_modified_time":"2026-01-06T09:30:29+00:00","og_image":[{"width":150,"height":150,"url":"https:\/\/scuba-legends.com\/wp-content\/uploads\/2020\/01\/scuba_legend_logo_new1.png","type":"image\/png"}],"twitter_card":"summary_large_image","twitter_site":"@scubalegends","twitter_misc":{"Temps estimat de lectura":"3 minuts"},"schema":{"@context":"https:\/\/schema.org","@graph":[{"@type":"WebPage","@id":"https:\/\/scuba-legends.com\/ca\/especialitat-aire-enriquit-nitrox\/","url":"https:\/\/scuba-legends.com\/ca\/especialitat-aire-enriquit-nitrox\/","name":"Especialitat PADI Aire Enriquit \u2013 Nitrox - Scuba Legends","isPartOf":{"@id":"https:\/\/scuba-legends.com\/ca\/#website"},"datePublished":"2020-11-02T21:28:19+00:00","dateModified":"2026-01-06T09:30:29+00:00","description":"El Curs d'Especialitat PADI Aire Enriquit \u2013 Nitrox \u00e9s perfecte per a tu si vols maximitzar el teu temps al fons.","breadcrumb":{"@id":"https:\/\/scuba-legends.com\/ca\/especialitat-aire-enriquit-nitrox\/#breadcrumb"},"inLanguage":"ca","potentialAction":[{"@type":"ReadAction","target":["https:\/\/scuba-legends.com\/ca\/especialitat-aire-enriquit-nitrox\/"]}]},{"@type":"BreadcrumbList","@id":"https:\/\/scuba-legends.com\/ca\/especialitat-aire-enriquit-nitrox\/#breadcrumb","itemListElement":[{"@type":"ListItem","position":1,"name":"Scuba Legends","item":"https:\/\/scuba-legends.com\/ca\/"},{"@type":"ListItem","position":2,"name":"Especialitat PADI Aire Enriquit \u2013 Nitrox"}]},{"@type":"WebSite","@id":"https:\/\/scuba-legends.com\/ca\/#website","url":"https:\/\/scuba-legends.com\/ca\/","name":"Scuba Legends","description":"Dive Center Lanzarote","publisher":{"@id":"https:\/\/scuba-legends.com\/ca\/#organization"},"potentialAction":[{"@type":"SearchAction","target":{"@type":"EntryPoint","urlTemplate":"https:\/\/scuba-legends.com\/ca\/?s={search_term_string}"},"query-input":{"@type":"PropertyValueSpecification","valueRequired":true,"valueName":"search_term_string"}}],"inLanguage":"ca"},{"@type":"Organization","@id":"https:\/\/scuba-legends.com\/ca\/#organization","name":"Scuba Legends Dive Center Lanzarote","url":"https:\/\/scuba-legends.com\/ca\/","logo":{"@type":"ImageObject","inLanguage":"ca","@id":"https:\/\/scuba-legends.com\/ca\/#\/schema\/logo\/image\/","url":"https:\/\/scuba-legends.com\/wp-content\/uploads\/2020\/01\/scuba_legends_favicon.png","contentUrl":"https:\/\/scuba-legends.com\/wp-content\/uploads\/2020\/01\/scuba_legends_favicon.png","width":512,"height":512,"caption":"Scuba Legends Dive Center Lanzarote"},"image":{"@id":"https:\/\/scuba-legends.com\/ca\/#\/schema\/logo\/image\/"},"sameAs":["https:\/\/www.facebook.com\/ScubaLegends\/","https:\/\/x.com\/scubalegends","https:\/\/www.instagram.com\/scuba_legends\/","https:\/\/www.youtube.com\/channel\/UCUjHU7Mmii5SfLoodxNZmqQ"]}]}},"_links":{"self":[{"href":"https:\/\/scuba-legends.com\/ca\/wp-json\/wp\/v2\/pages\/9267","targetHints":{"allow":["GET"]}}],"collection":[{"href":"https:\/\/scuba-legends.com\/ca\/wp-json\/wp\/v2\/pages"}],"about":[{"href":"https:\/\/scuba-legends.com\/ca\/wp-json\/wp\/v2\/types\/page"}],"author":[{"embeddable":true,"href":"https:\/\/scuba-legends.com\/ca\/wp-json\/wp\/v2\/users\/2"}],"replies":[{"embeddable":true,"href":"https:\/\/scuba-legends.com\/ca\/wp-json\/wp\/v2\/comments?post=9267"}],"version-history":[{"count":7,"href":"https:\/\/scuba-legends.com\/ca\/wp-json\/wp\/v2\/pages\/9267\/revisions"}],"predecessor-version":[{"id":20091,"href":"https:\/\/scuba-legends.com\/ca\/wp-json\/wp\/v2\/pages\/9267\/revisions\/20091"}],"wp:attachment":[{"href":"https:\/\/scuba-legends.com\/ca\/wp-json\/wp\/v2\/media?parent=9267"}],"curies":[{"name":"wp","href":"https:\/\/api.w.org\/{rel}","templated":true}]}}