{"id":9204,"date":"2020-11-02T20:56:39","date_gmt":"2020-11-02T20:56:39","guid":{"rendered":"https:\/\/scuba-legends.com\/advanced-open-water\/"},"modified":"2026-01-06T09:32:11","modified_gmt":"2026-01-06T09:32:11","slug":"advanced-open-water","status":"publish","type":"page","link":"https:\/\/scuba-legends.com\/ca\/advanced-open-water\/","title":{"rendered":"PADI Advanced Open Water"},"content":{"rendered":"<p>[et_pb_section fb_built=&#8221;1&#8243; fullwidth=&#8221;on&#8221; module_id=&#8221;spheader-section&#8221; _builder_version=&#8221;4.16&#8243; global_colors_info=&#8221;{}&#8221;][et_pb_fullwidth_header title=&#8221;PADI Advanced Open Water&#8221; _builder_version=&#8221;4.16&#8243; title_text_align=&#8221;left&#8221; title_font_size=&#8221;54px&#8221; subhead_font=&#8221;|||on|||||&#8221; background_image=&#8221;https:\/\/scuba-legends.com\/wp-content\/uploads\/2020\/09\/5-Advanced-1280&#215;900-1.jpg&#8221; width=&#8221;100%&#8221; module_alignment=&#8221;center&#8221; custom_padding=&#8221;80px||80px||true|&#8221; title_font_size_tablet=&#8221;44px&#8221; background_last_edited=&#8221;on|desktop&#8221; custom_css_main_element=&#8221;background-position: center -240px;&#8221; custom_css_title=&#8221;order: 2;&#8221; custom_css_subtitle=&#8221;order: 1;&#8221; global_colors_info=&#8221;{}&#8221; custom_css_main_element_last_edited=&#8221;on|tablet&#8221; custom_css_main_element_tablet=&#8221;background-position: center -70px;&#8221; custom_css_main_element_phone=&#8221;background-position: center center;&#8221;]<\/p>\n<p style=\"text-align: left;\">\u00a0MAKE IT LEGENDARY<\/p>\n<p>[\/et_pb_fullwidth_header][\/et_pb_section][et_pb_section fb_built=&#8221;1&#8243; _builder_version=&#8221;4.16&#8243; custom_margin=&#8221;-50px||||false|false&#8221; global_colors_info=&#8221;{}&#8221;][et_pb_row _builder_version=&#8221;4.16&#8243; global_colors_info=&#8221;{}&#8221;][et_pb_column type=&#8221;4_4&#8243; _builder_version=&#8221;4.16&#8243; global_colors_info=&#8221;{}&#8221;][et_pb_text _builder_version=&#8221;4.27.4&#8243; text_font_size=&#8221;18px&#8221; custom_margin=&#8221;-20px||||false|false&#8221; global_colors_info=&#8221;{}&#8221;]<\/p>\n<h2 style=\"text-align: center; color: #0db4d5;\">Converteix-te en bussejador PADI avan\u00e7at a Lanzarote<\/h2>\n<p>[\/et_pb_text][et_pb_text _builder_version=&#8221;4.27.4&#8243; global_colors_info=&#8221;{}&#8221;]<\/p>\n<p><strong>Bussa m\u00e9s profund, explora m\u00e9s lluny!<\/strong> Arriba al seg\u00fcent nivell d&#8217;aventura submarina amb el nostre curs PADI Advanced Open Water a Lanzarote, Puerto del Carmen. Guanya confian\u00e7a, millora les teves habilitats de busseig, conquista noves profunditats i gaudeix d&#8217;experi\u00e8ncies especialitzades emocionants.<\/p>\n<p>Durant 5 immersions d&#8217;aventura PADI, podr\u00e0s explorar i adquirir noves experi\u00e8ncies. Des de l&#8217;entrenament de flotabilitat i pr\u00e0ctiques de respiraci\u00f3 fins a navegaci\u00f3 submarina i busseig profund. Explora vaixells enfonsats, introdueix-te a l&#8217;entrenament de rescat o apr\u00e8n a bussejar amb aire enriquit. Amb el curs PADI Advanced Open Water, estar\u00e0s capacitat per bussejar fins a una <strong>profunditat de 30 metres<\/strong>. A m\u00e9s, cada immersi\u00f3 d&#8217;aventura compta com el primer pas per a l&#8217;especialitat corresponent de PADI.<\/p>\n<p><strong>Converteix-te en una llegenda del busseig!<\/strong> T&#8217;espera una gran varietat d&#8217;immersions d&#8217;aventura, instructors experts i experi\u00e8ncies inoblidables.<\/p>\n<p>[\/et_pb_text][\/et_pb_column][\/et_pb_row][\/et_pb_section][et_pb_section fb_built=&#8221;1&#8243; _builder_version=&#8221;4.16&#8243; custom_margin=&#8221;-50px||||false|false&#8221; global_colors_info=&#8221;{}&#8221;][et_pb_row _builder_version=&#8221;4.16&#8243; custom_margin=&#8221;-20px||||false|false&#8221; global_colors_info=&#8221;{}&#8221;][et_pb_column type=&#8221;4_4&#8243; _builder_version=&#8221;4.16&#8243; global_colors_info=&#8221;{}&#8221;][et_pb_text _builder_version=&#8221;4.16&#8243; text_font_size=&#8221;18px&#8221; custom_margin=&#8221;-20px||||false|false&#8221; global_colors_info=&#8221;{}&#8221;]<\/p>\n<h2 style=\"text-align: center; color: #0db4d5;\">En qu\u00e8 consisteix el curs de PADI Advanced Open Water?<\/h2>\n<p>[\/et_pb_text][et_pb_text _builder_version=&#8221;4.27.5&#8243; hover_enabled=&#8221;0&#8243; global_colors_info=&#8221;{}&#8221; sticky_enabled=&#8221;0&#8243;]<\/p>\n<p>El curs PADI Advanced Open Water (AOWC) inclou 5 immersions d&#8217;aventura. La teoria es realitza en autoestudi abans d&#8217;iniciar el curs, a trav\u00e9s de PADI eLearning. Cada immersi\u00f3 tracta un tema d&#8217;aventura del PADI eLearning per introduir-te en noves \u00e0rees.<\/p>\n<p>Les 5 immersions d&#8217;aventura del curs AOWC es distribueixen en 2 dies d&#8217;entrenament. Comencem al voltant de les 8:15 a Playa Chica (Puerto del Carmen) i acabem entre la 1 i les 3 de la tarda. Les immersions d&#8217;aventura estan subjectes a disponibilitat i programaci\u00f3.<\/p>\n<p>L&#8217;immersi\u00f3 profunda i l&#8217;entrenament de navegaci\u00f3 submarina s\u00f3n obligatoris, mentre que les altres tres aventures les pots triar d&#8217;entre els seg\u00fcents paquets:<\/p>\n<ul>\n<li><strong>Flotabilitat d&#8217;Alt Rendiment:<\/strong> Imprescindible per a qualsevol bussejador!<\/li>\n<li><strong>Busseig en Vaixells Enfonsats des de la Costa:<\/strong> Visita un petit vaixell enfonsat des de la vora.<\/li>\n<li><strong>Aventura de Rescat:<\/strong> Obtingues una primera idea sobre l&#8217;entrenament de rescat.<\/li>\n<li><strong>Desplegament de Boia de Superf\u00edcie:<\/strong> Apr\u00e8n a utilitzar una boia per ascensos segurs.<\/li>\n<li><strong>Busseig des d&#8217;Embarcaci\u00f3:<\/strong> Descobreix els procediments i la seguretat del busseig des de vaixell.<\/li>\n<li><strong>Busseig en Vaixells Enfonsats des d&#8217;Embarcaci\u00f3:<\/strong> Explora els vaixells enfonsats de Puerto del Carmen des de vaixell.<\/li>\n<\/ul>\n<p><strong>OFERTA ESPECIAL +145,00\u20ac<\/strong><br \/>Afegeix l&#8217;especialitat PADI d&#8217;Aire Enriquit (Nitrox) a un preu redu\u00eft a qualsevol dels paquets del curs AOWC i obt\u00e9n una certificaci\u00f3 extra. Apr\u00e8n tot sobre el Nitrox: beneficis, an\u00e0lisi de tancs, configuraci\u00f3 d&#8217;ordinadors i regulacions de profunditat (no es requereixen immersions; inclou PADI eLearning i taxes de certificaci\u00f3).<\/p>\n<p><strong>Duraci\u00f3 de l\u2019activitat:<\/strong><\/p>\n<ul>\n<li style=\"list-style-type: none;\">\n<ul>\n<li>\u00a02 d\u00edes + eLearning<\/li>\n<\/ul>\n<\/li>\n<\/ul>\n<p><strong>Requisits:<\/strong><\/p>\n<ul>\n<li style=\"list-style-type: none;\">\n<ul>\n<li>M\u00e9s de 12 anys<\/li>\n<li>Ser Open Water Diver<\/li>\n<li>Estat de salut apte pel busseig<\/li>\n<\/ul>\n<\/li>\n<\/ul>\n<p>[\/et_pb_text][\/et_pb_column][\/et_pb_row][et_pb_row column_structure=&#8221;1_3,1_3,1_3&#8243; make_equal=&#8221;on&#8221; disabled_on=&#8221;off|off|off&#8221; admin_label=&#8221;Row&#8221; _builder_version=&#8221;4.27.4&#8243; custom_margin=&#8221;-20px||||false|false&#8221; locked=&#8221;off&#8221; global_colors_info=&#8221;{}&#8221;][et_pb_column type=&#8221;1_3&#8243; _builder_version=&#8221;4.16&#8243; global_colors_info=&#8221;{}&#8221;][et_pb_text module_id=&#8221;moreinfo-1&#8243; module_class=&#8221;pricing-holder&#8221; _builder_version=&#8221;4.27.4&#8243; text_line_height=&#8221;1.3em&#8221; custom_padding=&#8221;||25px||false|false&#8221; animation_style=&#8221;zoom&#8221; custom_css_main_element=&#8221;overflow: visible;&#8221; border_radii=&#8221;on|3px|3px|3px|3px&#8221; box_shadow_style=&#8221;preset1&#8243; box_shadow_blur=&#8221;11px&#8221; box_shadow_color=&#8221;#0db4d5&#8243; global_colors_info=&#8221;{}&#8221;]<\/p>\n<div style=\"text-align: center; color: #ffffff;\">.<\/div>\n<div class=\"price-holder\"><img loading=\"lazy\" decoding=\"async\" class=\"wp-image-4540 size-full aligncenter\" src=\"https:\/\/scuba-legends.com\/wp-content\/uploads\/2020\/08\/icono-ok-80x80-1.jpg\" alt=\"\" width=\"80\" height=\"80\" \/><\/div>\n<div style=\"text-align: center; color: #ffffff;\">.<\/div>\n<h6 style=\"text-align: center; color: #0db4d5;\">B\u00c0SIC<\/h6>\n<div class=\"price-inner-content\">\n<p style=\"text-align: center;\">PADI eLearning + certificaci\u00f3 digital<br \/>Refrigeris i snacks<\/p>\n<p style=\"text-align: center;\"><strong>5 Immersions d\u2019Aventura:<\/strong><br \/>Navegaci\u00f3<br \/>Busseig profund<br \/>Flotabilitat<br \/>Restes de vaixell des de la costa<br \/>Desplegament de boia de superf\u00edcie<\/p>\n<p>&nbsp;<\/p>\n<\/div>\n<p>[\/et_pb_text][et_pb_button button_url=&#8221;https:\/\/app.bukyapp.com\/front\/673ef83180e03463a90b61e6\/product\/67477797df06bb0ee0759414&#8243; url_new_window=&#8221;on&#8221; button_text=&#8221;Des 379,00\u20ac&#8221; button_alignment=&#8221;center&#8221; _builder_version=&#8221;4.27.4&#8243; custom_button=&#8221;on&#8221; button_text_size=&#8221;16px&#8221; button_text_color=&#8221;#ffffff&#8221; button_bg_color=&#8221;#0db4d5&#8243; button_border_radius=&#8221;6px&#8221; custom_margin=&#8221;-93px||||false|false&#8221; global_colors_info=&#8221;{}&#8221;][\/et_pb_button][\/et_pb_column][et_pb_column type=&#8221;1_3&#8243; _builder_version=&#8221;4.16&#8243; global_colors_info=&#8221;{}&#8221;][et_pb_text module_id=&#8221;moreinfo-1&#8243; module_class=&#8221;pricing-holder&#8221; _builder_version=&#8221;4.27.4&#8243; text_line_height=&#8221;1.3em&#8221; custom_padding=&#8221;||25px||false|false&#8221; animation_style=&#8221;zoom&#8221; custom_css_main_element=&#8221;overflow: visible;&#8221; border_radii=&#8221;on|3px|3px|3px|3px&#8221; box_shadow_style=&#8221;preset1&#8243; box_shadow_blur=&#8221;30px&#8221; box_shadow_color=&#8221;#0db4d5&#8243; global_colors_info=&#8221;{}&#8221;]<\/p>\n<div style=\"text-align: center; color: #ffffff;\">.<\/div>\n<div class=\"price-holder\"><img loading=\"lazy\" decoding=\"async\" class=\"wp-image-4541 size-full aligncenter\" src=\"https:\/\/scuba-legends.com\/wp-content\/uploads\/2020\/08\/icon-bubbles-80x80-1.jpg\" alt=\"\" width=\"80\" height=\"80\" \/><\/div>\n<div style=\"text-align: center; color: #ffffff;\">.<\/div>\n<h6 style=\"text-align: center; color: #0db4d5;\">PREMIUM<\/h6>\n<div class=\"price-inner-content\">\n<p style=\"text-align: center;\">PADI eLearning + certificaci\u00f3 digital<br \/>Refrigeris i snacks<\/p>\n<p style=\"text-align: center;\"><strong>5 Immersions d\u2019Aventura:<\/strong><br \/>Navegaci\u00f3<br \/>Busseig profund<br \/>Flotabilitat<br \/>Restes de vaixell des de la costa<br \/>Rescat<\/p>\n<p>&nbsp;<\/p>\n<\/div>\n<p>[\/et_pb_text][et_pb_button button_url=&#8221;https:\/\/app.bukyapp.com\/front\/673ef83180e03463a90b61e6\/product\/67477797df06bb0ee0759414&#8243; url_new_window=&#8221;on&#8221; button_text=&#8221;Des 399,00\u20ac&#8221; button_alignment=&#8221;center&#8221; _builder_version=&#8221;4.27.4&#8243; custom_button=&#8221;on&#8221; button_text_size=&#8221;16px&#8221; button_text_color=&#8221;#ffffff&#8221; button_bg_color=&#8221;#0db4d5&#8243; button_border_radius=&#8221;6px&#8221; custom_margin=&#8221;-93px||||false|false&#8221; global_colors_info=&#8221;{}&#8221;][\/et_pb_button][\/et_pb_column][et_pb_column type=&#8221;1_3&#8243; _builder_version=&#8221;4.16&#8243; global_colors_info=&#8221;{}&#8221;][et_pb_text module_id=&#8221;moreinfo-1&#8243; module_class=&#8221;pricing-holder&#8221; _builder_version=&#8221;4.27.4&#8243; text_line_height=&#8221;1.3em&#8221; custom_padding=&#8221;||25px||false|false&#8221; animation_style=&#8221;zoom&#8221; custom_css_main_element=&#8221;overflow: visible;&#8221; border_radii=&#8221;on|3px|3px|3px|3px&#8221; box_shadow_style=&#8221;preset1&#8243; box_shadow_blur=&#8221;11px&#8221; box_shadow_color=&#8221;#0db4d5&#8243; global_colors_info=&#8221;{}&#8221;]<\/p>\n<div style=\"text-align: center; color: #ffffff;\">.<\/div>\n<div class=\"price-holder\"><img loading=\"lazy\" decoding=\"async\" class=\"wp-image-4541 size-full aligncenter\" src=\"https:\/\/scuba-legends.com\/wp-content\/uploads\/2020\/08\/icono-cool-80x80-1.jpg\" alt=\"\" width=\"80\" height=\"80\" \/><\/div>\n<div style=\"text-align: center; color: #ffffff;\">.<\/div>\n<h6 style=\"text-align: center; color: #0db4d5;\">VIP<\/h6>\n<div class=\"price-inner-content\">\n<p style=\"text-align: center;\">PADI eLearning + certificaci\u00f3 digital<br \/>Refrigeris i snacks<\/p>\n<p style=\"text-align: center;\"><strong>5 Immersions d\u2019Aventura:<\/strong><br \/>Navegaci\u00f3<br \/>Busseig profund<br \/>Flotabilitat<br \/>Busseig des d\u2019embarcaci\u00f3<br \/>Restes de vaixell des de barca<\/p>\n<p>&nbsp;<\/p>\n<\/div>\n<p>[\/et_pb_text][et_pb_button button_url=&#8221;https:\/\/app.bukyapp.com\/front\/673ef83180e03463a90b61e6\/product\/67477797df06bb0ee0759414&#8243; url_new_window=&#8221;on&#8221; button_text=&#8221;Des 415,00\u20ac&#8221; button_alignment=&#8221;center&#8221; _builder_version=&#8221;4.27.4&#8243; custom_button=&#8221;on&#8221; button_text_size=&#8221;16px&#8221; button_text_color=&#8221;#ffffff&#8221; button_bg_color=&#8221;#0db4d5&#8243; button_border_radius=&#8221;6px&#8221; custom_margin=&#8221;-93px||||false|false&#8221; global_colors_info=&#8221;{}&#8221;][\/et_pb_button][\/et_pb_column][\/et_pb_row][\/et_pb_section]<\/p>\n","protected":false},"excerpt":{"rendered":"<p>\u00a0MAKE IT LEGENDARYConverteix-te en bussejador PADI avan\u00e7at a LanzaroteBussa m\u00e9s profund, explora m\u00e9s lluny! Arriba al seg\u00fcent nivell d&#8217;aventura submarina amb el nostre curs PADI Advanced Open Water a Lanzarote, Puerto del Carmen. Guanya confian\u00e7a, millora les teves habilitats de busseig, conquista noves profunditats i gaudeix d&#8217;experi\u00e8ncies especialitzades emocionants. Durant 5 immersions d&#8217;aventura PADI, podr\u00e0s [&hellip;]<\/p>\n","protected":false},"author":2,"featured_media":0,"parent":0,"menu_order":176,"comment_status":"closed","ping_status":"closed","template":"","meta":{"_acf_changed":false,"_et_pb_use_builder":"on","_et_pb_old_content":"","_et_gb_content_width":"","footnotes":""},"class_list":["post-9204","page","type-page","status-publish","hentry"],"acf":[],"yoast_head":"<!-- This site is optimized with the Yoast SEO plugin v27.3 - https:\/\/yoast.com\/product\/yoast-seo-wordpress\/ -->\n<title>Curso Avanzado PADI - Scuba Legends Centro de Busseig Lanzarote<\/title>\n<meta name=\"description\" content=\"Amb el curs PADI Advanced Open Water, estar\u00e0s capacitat per bussejar fins a una profunditat de 30 metres. 5 immersions d&#039;aventura.\" \/>\n<meta name=\"robots\" content=\"index, follow, max-snippet:-1, max-image-preview:large, max-video-preview:-1\" \/>\n<link rel=\"canonical\" href=\"https:\/\/scuba-legends.com\/ca\/advanced-open-water\/\" \/>\n<meta property=\"og:locale\" content=\"ca_ES\" \/>\n<meta property=\"og:type\" content=\"article\" \/>\n<meta property=\"og:title\" content=\"Curso Avanzado PADI - Scuba Legends Centro de Busseig Lanzarote\" \/>\n<meta property=\"og:description\" content=\"Amb el curs PADI Advanced Open Water, estar\u00e0s capacitat per bussejar fins a una profunditat de 30 metres. 5 immersions d&#039;aventura.\" \/>\n<meta property=\"og:url\" content=\"https:\/\/scuba-legends.com\/ca\/advanced-open-water\/\" \/>\n<meta property=\"og:site_name\" content=\"Scuba Legends\" \/>\n<meta property=\"article:publisher\" content=\"https:\/\/www.facebook.com\/ScubaLegends\/\" \/>\n<meta property=\"article:modified_time\" content=\"2026-01-06T09:32:11+00:00\" \/>\n<meta property=\"og:image\" content=\"https:\/\/scuba-legends.com\/wp-content\/uploads\/2020\/08\/Devolucion-80x80-2.png\" \/>\n\t<meta property=\"og:image:width\" content=\"80\" \/>\n\t<meta property=\"og:image:height\" content=\"80\" \/>\n\t<meta property=\"og:image:type\" content=\"image\/png\" \/>\n<meta name=\"twitter:card\" content=\"summary_large_image\" \/>\n<meta name=\"twitter:site\" content=\"@scubalegends\" \/>\n<meta name=\"twitter:label1\" content=\"Temps estimat de lectura\" \/>\n\t<meta name=\"twitter:data1\" content=\"3 minuts\" \/>\n<script type=\"application\/ld+json\" class=\"yoast-schema-graph\">{\"@context\":\"https:\\\/\\\/schema.org\",\"@graph\":[{\"@type\":\"WebPage\",\"@id\":\"https:\\\/\\\/scuba-legends.com\\\/ca\\\/advanced-open-water\\\/\",\"url\":\"https:\\\/\\\/scuba-legends.com\\\/ca\\\/advanced-open-water\\\/\",\"name\":\"Curso Avanzado PADI - Scuba Legends Centro de Busseig Lanzarote\",\"isPartOf\":{\"@id\":\"https:\\\/\\\/scuba-legends.com\\\/ca\\\/#website\"},\"primaryImageOfPage\":{\"@id\":\"https:\\\/\\\/scuba-legends.com\\\/ca\\\/advanced-open-water\\\/#primaryimage\"},\"image\":{\"@id\":\"https:\\\/\\\/scuba-legends.com\\\/ca\\\/advanced-open-water\\\/#primaryimage\"},\"thumbnailUrl\":\"https:\\\/\\\/scuba-legends.com\\\/wp-content\\\/uploads\\\/2020\\\/08\\\/icono-ok-80x80-1.jpg\",\"datePublished\":\"2020-11-02T20:56:39+00:00\",\"dateModified\":\"2026-01-06T09:32:11+00:00\",\"description\":\"Amb el curs PADI Advanced Open Water, estar\u00e0s capacitat per bussejar fins a una profunditat de 30 metres. 5 immersions d'aventura.\",\"breadcrumb\":{\"@id\":\"https:\\\/\\\/scuba-legends.com\\\/ca\\\/advanced-open-water\\\/#breadcrumb\"},\"inLanguage\":\"ca\",\"potentialAction\":[{\"@type\":\"ReadAction\",\"target\":[\"https:\\\/\\\/scuba-legends.com\\\/ca\\\/advanced-open-water\\\/\"]}]},{\"@type\":\"ImageObject\",\"inLanguage\":\"ca\",\"@id\":\"https:\\\/\\\/scuba-legends.com\\\/ca\\\/advanced-open-water\\\/#primaryimage\",\"url\":\"https:\\\/\\\/scuba-legends.com\\\/wp-content\\\/uploads\\\/2020\\\/08\\\/icono-ok-80x80-1.jpg\",\"contentUrl\":\"https:\\\/\\\/scuba-legends.com\\\/wp-content\\\/uploads\\\/2020\\\/08\\\/icono-ok-80x80-1.jpg\"},{\"@type\":\"BreadcrumbList\",\"@id\":\"https:\\\/\\\/scuba-legends.com\\\/ca\\\/advanced-open-water\\\/#breadcrumb\",\"itemListElement\":[{\"@type\":\"ListItem\",\"position\":1,\"name\":\"Scuba Legends\",\"item\":\"https:\\\/\\\/scuba-legends.com\\\/ca\\\/\"},{\"@type\":\"ListItem\",\"position\":2,\"name\":\"PADI Advanced Open Water\"}]},{\"@type\":\"WebSite\",\"@id\":\"https:\\\/\\\/scuba-legends.com\\\/ca\\\/#website\",\"url\":\"https:\\\/\\\/scuba-legends.com\\\/ca\\\/\",\"name\":\"Scuba Legends\",\"description\":\"Dive Center Lanzarote\",\"publisher\":{\"@id\":\"https:\\\/\\\/scuba-legends.com\\\/ca\\\/#organization\"},\"potentialAction\":[{\"@type\":\"SearchAction\",\"target\":{\"@type\":\"EntryPoint\",\"urlTemplate\":\"https:\\\/\\\/scuba-legends.com\\\/ca\\\/?s={search_term_string}\"},\"query-input\":{\"@type\":\"PropertyValueSpecification\",\"valueRequired\":true,\"valueName\":\"search_term_string\"}}],\"inLanguage\":\"ca\"},{\"@type\":\"Organization\",\"@id\":\"https:\\\/\\\/scuba-legends.com\\\/ca\\\/#organization\",\"name\":\"Scuba Legends Dive Center Lanzarote\",\"url\":\"https:\\\/\\\/scuba-legends.com\\\/ca\\\/\",\"logo\":{\"@type\":\"ImageObject\",\"inLanguage\":\"ca\",\"@id\":\"https:\\\/\\\/scuba-legends.com\\\/ca\\\/#\\\/schema\\\/logo\\\/image\\\/\",\"url\":\"https:\\\/\\\/scuba-legends.com\\\/wp-content\\\/uploads\\\/2020\\\/01\\\/scuba_legends_favicon.png\",\"contentUrl\":\"https:\\\/\\\/scuba-legends.com\\\/wp-content\\\/uploads\\\/2020\\\/01\\\/scuba_legends_favicon.png\",\"width\":512,\"height\":512,\"caption\":\"Scuba Legends Dive Center Lanzarote\"},\"image\":{\"@id\":\"https:\\\/\\\/scuba-legends.com\\\/ca\\\/#\\\/schema\\\/logo\\\/image\\\/\"},\"sameAs\":[\"https:\\\/\\\/www.facebook.com\\\/ScubaLegends\\\/\",\"https:\\\/\\\/x.com\\\/scubalegends\",\"https:\\\/\\\/www.instagram.com\\\/scuba_legends\\\/\",\"https:\\\/\\\/www.youtube.com\\\/channel\\\/UCUjHU7Mmii5SfLoodxNZmqQ\"]}]}<\/script>\n<!-- \/ Yoast SEO plugin. -->","yoast_head_json":{"title":"Curso Avanzado PADI - Scuba Legends Centro de Busseig Lanzarote","description":"Amb el curs PADI Advanced Open Water, estar\u00e0s capacitat per bussejar fins a una profunditat de 30 metres. 5 immersions d'aventura.","robots":{"index":"index","follow":"follow","max-snippet":"max-snippet:-1","max-image-preview":"max-image-preview:large","max-video-preview":"max-video-preview:-1"},"canonical":"https:\/\/scuba-legends.com\/ca\/advanced-open-water\/","og_locale":"ca_ES","og_type":"article","og_title":"Curso Avanzado PADI - Scuba Legends Centro de Busseig Lanzarote","og_description":"Amb el curs PADI Advanced Open Water, estar\u00e0s capacitat per bussejar fins a una profunditat de 30 metres. 5 immersions d'aventura.","og_url":"https:\/\/scuba-legends.com\/ca\/advanced-open-water\/","og_site_name":"Scuba Legends","article_publisher":"https:\/\/www.facebook.com\/ScubaLegends\/","article_modified_time":"2026-01-06T09:32:11+00:00","og_image":[{"width":80,"height":80,"url":"https:\/\/scuba-legends.com\/wp-content\/uploads\/2020\/08\/Devolucion-80x80-2.png","type":"image\/png"}],"twitter_card":"summary_large_image","twitter_site":"@scubalegends","twitter_misc":{"Temps estimat de lectura":"3 minuts"},"schema":{"@context":"https:\/\/schema.org","@graph":[{"@type":"WebPage","@id":"https:\/\/scuba-legends.com\/ca\/advanced-open-water\/","url":"https:\/\/scuba-legends.com\/ca\/advanced-open-water\/","name":"Curso Avanzado PADI - Scuba Legends Centro de Busseig Lanzarote","isPartOf":{"@id":"https:\/\/scuba-legends.com\/ca\/#website"},"primaryImageOfPage":{"@id":"https:\/\/scuba-legends.com\/ca\/advanced-open-water\/#primaryimage"},"image":{"@id":"https:\/\/scuba-legends.com\/ca\/advanced-open-water\/#primaryimage"},"thumbnailUrl":"https:\/\/scuba-legends.com\/wp-content\/uploads\/2020\/08\/icono-ok-80x80-1.jpg","datePublished":"2020-11-02T20:56:39+00:00","dateModified":"2026-01-06T09:32:11+00:00","description":"Amb el curs PADI Advanced Open Water, estar\u00e0s capacitat per bussejar fins a una profunditat de 30 metres. 5 immersions d'aventura.","breadcrumb":{"@id":"https:\/\/scuba-legends.com\/ca\/advanced-open-water\/#breadcrumb"},"inLanguage":"ca","potentialAction":[{"@type":"ReadAction","target":["https:\/\/scuba-legends.com\/ca\/advanced-open-water\/"]}]},{"@type":"ImageObject","inLanguage":"ca","@id":"https:\/\/scuba-legends.com\/ca\/advanced-open-water\/#primaryimage","url":"https:\/\/scuba-legends.com\/wp-content\/uploads\/2020\/08\/icono-ok-80x80-1.jpg","contentUrl":"https:\/\/scuba-legends.com\/wp-content\/uploads\/2020\/08\/icono-ok-80x80-1.jpg"},{"@type":"BreadcrumbList","@id":"https:\/\/scuba-legends.com\/ca\/advanced-open-water\/#breadcrumb","itemListElement":[{"@type":"ListItem","position":1,"name":"Scuba Legends","item":"https:\/\/scuba-legends.com\/ca\/"},{"@type":"ListItem","position":2,"name":"PADI Advanced Open Water"}]},{"@type":"WebSite","@id":"https:\/\/scuba-legends.com\/ca\/#website","url":"https:\/\/scuba-legends.com\/ca\/","name":"Scuba Legends","description":"Dive Center Lanzarote","publisher":{"@id":"https:\/\/scuba-legends.com\/ca\/#organization"},"potentialAction":[{"@type":"SearchAction","target":{"@type":"EntryPoint","urlTemplate":"https:\/\/scuba-legends.com\/ca\/?s={search_term_string}"},"query-input":{"@type":"PropertyValueSpecification","valueRequired":true,"valueName":"search_term_string"}}],"inLanguage":"ca"},{"@type":"Organization","@id":"https:\/\/scuba-legends.com\/ca\/#organization","name":"Scuba Legends Dive Center Lanzarote","url":"https:\/\/scuba-legends.com\/ca\/","logo":{"@type":"ImageObject","inLanguage":"ca","@id":"https:\/\/scuba-legends.com\/ca\/#\/schema\/logo\/image\/","url":"https:\/\/scuba-legends.com\/wp-content\/uploads\/2020\/01\/scuba_legends_favicon.png","contentUrl":"https:\/\/scuba-legends.com\/wp-content\/uploads\/2020\/01\/scuba_legends_favicon.png","width":512,"height":512,"caption":"Scuba Legends Dive Center Lanzarote"},"image":{"@id":"https:\/\/scuba-legends.com\/ca\/#\/schema\/logo\/image\/"},"sameAs":["https:\/\/www.facebook.com\/ScubaLegends\/","https:\/\/x.com\/scubalegends","https:\/\/www.instagram.com\/scuba_legends\/","https:\/\/www.youtube.com\/channel\/UCUjHU7Mmii5SfLoodxNZmqQ"]}]}},"_links":{"self":[{"href":"https:\/\/scuba-legends.com\/ca\/wp-json\/wp\/v2\/pages\/9204","targetHints":{"allow":["GET"]}}],"collection":[{"href":"https:\/\/scuba-legends.com\/ca\/wp-json\/wp\/v2\/pages"}],"about":[{"href":"https:\/\/scuba-legends.com\/ca\/wp-json\/wp\/v2\/types\/page"}],"author":[{"embeddable":true,"href":"https:\/\/scuba-legends.com\/ca\/wp-json\/wp\/v2\/users\/2"}],"replies":[{"embeddable":true,"href":"https:\/\/scuba-legends.com\/ca\/wp-json\/wp\/v2\/comments?post=9204"}],"version-history":[{"count":24,"href":"https:\/\/scuba-legends.com\/ca\/wp-json\/wp\/v2\/pages\/9204\/revisions"}],"predecessor-version":[{"id":20099,"href":"https:\/\/scuba-legends.com\/ca\/wp-json\/wp\/v2\/pages\/9204\/revisions\/20099"}],"wp:attachment":[{"href":"https:\/\/scuba-legends.com\/ca\/wp-json\/wp\/v2\/media?parent=9204"}],"curies":[{"name":"wp","href":"https:\/\/api.w.org\/{rel}","templated":true}]}}