{"id":9183,"date":"2020-11-02T20:45:34","date_gmt":"2020-11-02T20:45:34","guid":{"rendered":"https:\/\/scuba-legends.com\/scuba-diver\/"},"modified":"2024-12-15T15:34:01","modified_gmt":"2024-12-15T15:34:01","slug":"scuba-diver","status":"publish","type":"page","link":"https:\/\/scuba-legends.com\/ca\/scuba-diver\/","title":{"rendered":"Scuba Diver"},"content":{"rendered":"<p>[et_pb_section fb_built=&#8221;1&#8243; fullwidth=&#8221;on&#8221; module_id=&#8221;spheader-section&#8221; _builder_version=&#8221;4.16&#8243; global_colors_info=&#8221;{}&#8221;][et_pb_fullwidth_header title=&#8221;PADI Scuba Diver&#8221; _builder_version=&#8221;4.27.4&#8243; title_text_align=&#8221;left&#8221; title_font_size=&#8221;54px&#8221; subhead_font=&#8221;|||on|||||&#8221; width=&#8221;100%&#8221; module_alignment=&#8221;center&#8221; custom_padding=&#8221;80px||80px||true|&#8221; hover_enabled=&#8221;0&#8243; title_font_size_tablet=&#8221;44px&#8221; background_last_edited=&#8221;on|desktop&#8221; custom_css_main_element=&#8221;background-position: center -240px;&#8221; custom_css_title=&#8221;order: 2;&#8221; custom_css_subtitle=&#8221;order: 1;&#8221; global_colors_info=&#8221;{}&#8221; custom_css_main_element_last_edited=&#8221;on|tablet&#8221; custom_css_main_element_tablet=&#8221;background-position: center -70px;&#8221; custom_css_main_element_phone=&#8221;background-position: center center;&#8221; alt=&#8221;Bubbles during the ascent.&#8221; title_text=&#8221;Header About Us 1400&#215;900&#8243; background_image=&#8221;https:\/\/scuba-legends.com\/wp-content\/uploads\/2023\/12\/Header-About-Us-1400&#215;900-1.jpg&#8221; sticky_enabled=&#8221;0&#8243;]<\/p>\n<p style=\"text-align: left;\">\u00a0MAKE IT LEGENDARY<\/p>\n<p>[\/et_pb_fullwidth_header][\/et_pb_section][et_pb_section fb_built=&#8221;1&#8243; _builder_version=&#8221;4.16&#8243; custom_margin=&#8221;-50px||||false|false&#8221; global_colors_info=&#8221;{}&#8221;][et_pb_row _builder_version=&#8221;4.16&#8243; global_colors_info=&#8221;{}&#8221;][et_pb_column type=&#8221;4_4&#8243; _builder_version=&#8221;4.16&#8243; global_colors_info=&#8221;{}&#8221;][et_pb_text _builder_version=&#8221;4.27.4&#8243; text_font_size=&#8221;18px&#8221; custom_margin=&#8221;-20px||||false|false&#8221; global_colors_info=&#8221;{}&#8221;]<\/p>\n<h2 style=\"text-align: center; color: #0db4d5;\">Apr\u00e8n a bussejar en un dia \u2013 Curs PADI Scuba Diver a Lanzarote<\/h2>\n<p>[\/et_pb_text][et_pb_text _builder_version=&#8221;4.27.4&#8243; global_colors_info=&#8221;{}&#8221;]<\/p>\n<p><strong>Vols convertir-te en un bussejador certificat, per\u00f2 tens poc temps durant les vacances?<\/strong> El curs PADI Scuba Diver \u00e9s ideal per a tu. \u00c9s un pas m\u00e9s enll\u00e0 del bateig de busseig i un pas previ al curs Open Water. Apr\u00e8n els conceptes b\u00e0sics del busseig en nom\u00e9s <strong>un dia i aconsegueix el teu primer t\u00edtol<\/strong>. Com a Scuba Diver, podr\u00e0s bussejar fins a <strong>12 metres de profunditat<\/strong> sota la supervisi\u00f3 directa d\u2019un professional PADI.<\/p>\n<p>Si algun dia decideixes continuar progressant en el busseig amb el curs PADI Open Water, nom\u00e9s haur\u00e0s de completar la meitat restant del curs quan vulguis i amb qualsevol centre o instructor PADI.<\/p>\n<p>[\/et_pb_text][\/et_pb_column][\/et_pb_row][\/et_pb_section][et_pb_section fb_built=&#8221;1&#8243; _builder_version=&#8221;4.16&#8243; custom_margin=&#8221;-50px||||false|false&#8221; global_colors_info=&#8221;{}&#8221;][et_pb_row _builder_version=&#8221;4.16&#8243; custom_margin=&#8221;-20px||||false|false&#8221; global_colors_info=&#8221;{}&#8221;][et_pb_column type=&#8221;4_4&#8243; _builder_version=&#8221;4.16&#8243; global_colors_info=&#8221;{}&#8221;][et_pb_text _builder_version=&#8221;4.16&#8243; text_font_size=&#8221;18px&#8221; custom_margin=&#8221;-20px||||false|false&#8221; global_colors_info=&#8221;{}&#8221;]<\/p>\n<h2 style=\"text-align: center; color: #0db4d5;\">En que consisteix el curs PADI Scuba Diver?<\/h2>\n<p>[\/et_pb_text][et_pb_text _builder_version=&#8221;4.27.4&#8243; global_colors_info=&#8221;{}&#8221;]<\/p>\n<p>A trav\u00e9s de les sessions de desenvolupament de coneixements i la <strong>teoria en l\u00ednia amb PADI eLearning<\/strong>, aprendr\u00e0s els principis b\u00e0sics i els est\u00e0ndards de seguretat del busseig. La part te\u00f2rica inicial inclou els 3 primers cap\u00edtols dels 5 del curs Open Water. Durant les sessions en <strong>aig\u00fces confinades a Playa Chica<\/strong>, practicar\u00e0s i dominar\u00e0s les habilitats necess\u00e0ries per bussejar en aig\u00fces poc profundes, aconseguint sentir-te c\u00f2mode sota l\u2019aigua. Posteriorment, farem <strong>2 immersions en aig\u00fces obertes<\/strong> per aplicar les habilitats apreses i explorar el fascinant m\u00f3n submar\u00ed de Lanzarote.<\/p>\n<p>&nbsp;<\/p>\n<ul>\n<li><strong>Duraci\u00f3 de l\u2019activitat<\/strong>: 1 dia + eLearning<\/li>\n<li><strong>Requisits<\/strong>:\n<ul>\n<li>M\u00e9s de 10 anys<\/li>\n<li>Saber nadar<\/li>\n<li>Estat de salut apte pel busseig<\/li>\n<\/ul>\n<\/li>\n<\/ul>\n<p>[\/et_pb_text][\/et_pb_column][\/et_pb_row][et_pb_row column_structure=&#8221;1_3,1_3,1_3&#8243; disabled_on=&#8221;off|off|off&#8221; admin_label=&#8221;Row&#8221; _builder_version=&#8221;4.16&#8243; custom_margin=&#8221;-20px||||false|false&#8221; locked=&#8221;off&#8221; global_colors_info=&#8221;{}&#8221;][et_pb_column type=&#8221;1_3&#8243; _builder_version=&#8221;4.16&#8243; global_colors_info=&#8221;{}&#8221;][et_pb_text module_id=&#8221;moreinfo-1&#8243; module_class=&#8221;pricing-holder&#8221; _builder_version=&#8221;4.16&#8243; text_line_height=&#8221;1.3em&#8221; custom_padding=&#8221;||25px||false|false&#8221; animation_style=&#8221;zoom&#8221; link_option_url=&#8221;https:\/\/scuba-legends.com\/booking\/&#8221; custom_css_main_element=&#8221;overflow: visible;&#8221; border_radii=&#8221;on|3px|3px|3px|3px&#8221; box_shadow_style=&#8221;preset1&#8243; box_shadow_blur=&#8221;11px&#8221; box_shadow_color=&#8221;#0db4d5&#8243; global_colors_info=&#8221;{}&#8221;]<\/p>\n<div style=\"text-align: center; color: #ffffff;\">.<\/div>\n<div class=\"price-holder\"><img loading=\"lazy\" decoding=\"async\" class=\"wp-image-4540 size-full aligncenter\" src=\"https:\/\/scuba-legends.com\/wp-content\/uploads\/2020\/08\/icono-ok-80x80-1.jpg\" alt=\"\" width=\"80\" height=\"80\" \/><\/div>\n<div style=\"text-align: center; color: #ffffff;\">.<\/div>\n<h6 style=\"text-align: center; color: #0db4d5;\">B\u00c0SIC<\/h6>\n<div class=\"price-inner-content\">\n<p style=\"text-align: center;\">Pr\u00e0ctiques en aig\u00fces confinades<br \/>2 immersions a aig\u00fces obertes<br \/>Equip de busseig en perfecte estat<br \/>PADI eLearning + certificaci\u00f3 digital<br \/>Refrigeri i snacks<br \/>Asseguran\u00e7a de busseig durant el curs<\/p>\n<p>&nbsp;<\/p>\n<\/div>\n<p>[\/et_pb_text][et_pb_button button_url=&#8221;https:\/\/app.bukyapp.com\/front\/673ef83180e03463a90b61e6\/product\/675044c7d05b4ae72855cd36&#8243; url_new_window=&#8221;on&#8221; button_text=&#8221;320,00\u20ac&#8221; button_alignment=&#8221;center&#8221; _builder_version=&#8221;4.27.4&#8243; custom_button=&#8221;on&#8221; button_text_size=&#8221;16px&#8221; button_text_color=&#8221;#ffffff&#8221; button_bg_color=&#8221;#0db4d5&#8243; button_border_radius=&#8221;6px&#8221; custom_margin=&#8221;-93px||||false|false&#8221; global_colors_info=&#8221;{}&#8221;][\/et_pb_button][\/et_pb_column][et_pb_column type=&#8221;1_3&#8243; _builder_version=&#8221;4.16&#8243; global_colors_info=&#8221;{}&#8221;][et_pb_text module_id=&#8221;moreinfo-1&#8243; module_class=&#8221;pricing-holder&#8221; _builder_version=&#8221;4.27.4&#8243; text_line_height=&#8221;1.3em&#8221; custom_padding=&#8221;||25px||false|false&#8221; animation_style=&#8221;zoom&#8221; custom_css_main_element=&#8221;overflow: visible;&#8221; border_radii=&#8221;on|3px|3px|3px|3px&#8221; box_shadow_style=&#8221;preset1&#8243; box_shadow_blur=&#8221;30px&#8221; box_shadow_color=&#8221;#0db4d5&#8243; global_colors_info=&#8221;{}&#8221;]<\/p>\n<div style=\"text-align: center; color: #ffffff;\">.<\/div>\n<div class=\"price-holder\"><img loading=\"lazy\" decoding=\"async\" class=\"wp-image-4541 size-full aligncenter\" src=\"https:\/\/scuba-legends.com\/wp-content\/uploads\/2020\/08\/icon-bubbles-80x80-1.jpg\" alt=\"\" width=\"80\" height=\"80\" \/><\/div>\n<div style=\"text-align: center; color: #ffffff;\">.<\/div>\n<h6 style=\"text-align: center; color: #0db4d5;\">PREMIUM<\/h6>\n<div class=\"price-inner-content\">\n<p style=\"text-align: center;\">B\u00e0sic<br \/>+<br \/>Dia extra de dues immersions guiades<br \/>amb equip i asseguran\u00e7a de busseig<\/p>\n<p>&nbsp;<\/p>\n<\/div>\n<p>[\/et_pb_text][et_pb_button button_url=&#8221;https:\/\/app.bukyapp.com\/front\/673ef83180e03463a90b61e6\/product\/675044c7d05b4ae72855cd36&#8243; url_new_window=&#8221;on&#8221; button_text=&#8221;420,00\u20ac&#8221; button_alignment=&#8221;center&#8221; _builder_version=&#8221;4.27.4&#8243; custom_button=&#8221;on&#8221; button_text_size=&#8221;16px&#8221; button_text_color=&#8221;#ffffff&#8221; button_bg_color=&#8221;#0db4d5&#8243; button_border_radius=&#8221;6px&#8221; custom_margin=&#8221;-93px||||false|false&#8221; global_colors_info=&#8221;{}&#8221;][\/et_pb_button][\/et_pb_column][et_pb_column type=&#8221;1_3&#8243; _builder_version=&#8221;4.16&#8243; global_colors_info=&#8221;{}&#8221;][et_pb_text module_id=&#8221;moreinfo-1&#8243; module_class=&#8221;pricing-holder&#8221; _builder_version=&#8221;4.27.4&#8243; text_line_height=&#8221;1.3em&#8221; custom_padding=&#8221;||25px||false|false&#8221; animation_style=&#8221;zoom&#8221; link_option_url=&#8221;https:\/\/scuba-legends.com\/booking\/&#8221; custom_css_main_element=&#8221;overflow: visible;&#8221; border_radii=&#8221;on|3px|3px|3px|3px&#8221; box_shadow_style=&#8221;preset1&#8243; box_shadow_blur=&#8221;11px&#8221; box_shadow_color=&#8221;#0db4d5&#8243; global_colors_info=&#8221;{}&#8221;]<\/p>\n<div style=\"text-align: center; color: #ffffff;\">.<\/div>\n<div class=\"price-holder\"><img loading=\"lazy\" decoding=\"async\" class=\"wp-image-4541 size-full aligncenter\" src=\"https:\/\/scuba-legends.com\/wp-content\/uploads\/2020\/08\/icono-cool-80x80-1.jpg\" alt=\"\" width=\"80\" height=\"80\" \/><\/div>\n<div style=\"text-align: center; color: #ffffff;\">.<\/div>\n<h6 style=\"text-align: center; color: #0db4d5;\">VIP<\/h6>\n<div class=\"price-inner-content\">\n<p style=\"text-align: center;\">B\u00e0sic<br \/>+<br \/>Especialitat PADI AWARE<br \/>Curs semiprivat (m\u00e0xim 2 alumnes per instructor)<\/p>\n<\/div>\n<p>[\/et_pb_text][et_pb_button button_url=&#8221;https:\/\/app.bukyapp.com\/front\/673ef83180e03463a90b61e6\/product\/675044c7d05b4ae72855cd36&#8243; url_new_window=&#8221;on&#8221; button_text=&#8221;450,00\u20ac&#8221; button_alignment=&#8221;center&#8221; _builder_version=&#8221;4.27.4&#8243; custom_button=&#8221;on&#8221; button_text_size=&#8221;16px&#8221; button_text_color=&#8221;#ffffff&#8221; button_bg_color=&#8221;#0db4d5&#8243; button_border_radius=&#8221;6px&#8221; custom_margin=&#8221;-93px||||false|false&#8221; global_colors_info=&#8221;{}&#8221;][\/et_pb_button][\/et_pb_column][\/et_pb_row][\/et_pb_section][et_pb_section fb_built=&#8221;1&#8243; fullwidth=&#8221;on&#8221; _builder_version=&#8221;4.16&#8243; global_colors_info=&#8221;{}&#8221;][et_pb_fullwidth_header text_orientation=&#8221;center&#8221; button_one_text=&#8221;M\u00e9s informaci\u00f3&#8221; button_one_url=&#8221;https:\/\/scuba-legends.com\/ca\/contacte\/&#8221; button_two_text=&#8221;Reserva&#8221; button_two_url=&#8221;https:\/\/scuba-legends.com\/ca\/reservar\/&#8221; _builder_version=&#8221;4.16&#8243; title_level=&#8221;h3&#8243; background_image=&#8221;https:\/\/scuba-legends.com\/wp-content\/uploads\/2020\/08\/Hazlo-epico-1.jpg&#8221; custom_button_one=&#8221;on&#8221; button_one_text_size=&#8221;16px&#8221; button_one_custom_margin=&#8221;||||false|false&#8221; custom_button_two=&#8221;on&#8221; button_two_text_size=&#8221;16px&#8221; text_shadow_style=&#8221;preset3&#8243; global_colors_info=&#8221;{}&#8221;]<\/p>\n<h2 style=\"text-align: center;\"><strong>Guies i instructor de busseig privat \u2013 Fes-lo \u00e8pic<\/strong><\/h2>\n<p style=\"text-align: center;\">Si vols una atenci\u00f3 VIP, encara m\u00e9s personalitzada i nom\u00e9s per a tu sol (o amb la teva fam\u00edlia i amics), t\u2019oferim el nostre servei exclusiu de submarinisme privat a Puerto del Carmen, Lanzarote.<br \/>Adaptem la immersi\u00f3 o curs a les teves necessitats i tempos.<\/p>\n<p>[\/et_pb_fullwidth_header][\/et_pb_section]<\/p>\n","protected":false},"excerpt":{"rendered":"<p>\u00a0MAKE IT LEGENDARYApr\u00e8n a bussejar en un dia \u2013 Curs PADI Scuba Diver a LanzaroteVols convertir-te en un bussejador certificat, per\u00f2 tens poc temps durant les vacances? El curs PADI Scuba Diver \u00e9s ideal per a tu. \u00c9s un pas m\u00e9s enll\u00e0 del bateig de busseig i un pas previ al curs Open Water. Apr\u00e8n [&hellip;]<\/p>\n","protected":false},"author":2,"featured_media":0,"parent":0,"menu_order":184,"comment_status":"closed","ping_status":"closed","template":"","meta":{"_acf_changed":false,"_et_pb_use_builder":"on","_et_pb_old_content":"","_et_gb_content_width":"","footnotes":""},"class_list":["post-9183","page","type-page","status-publish","hentry"],"acf":[],"yoast_head":"<!-- This site is optimized with the Yoast SEO plugin v27.4 - https:\/\/yoast.com\/product\/yoast-seo-wordpress\/ -->\n<title>Curs Scuba Diver PADI - Scuba Legends Centro de Busseig Lanzarote<\/title>\n<meta name=\"description\" content=\"El curs PADI Scuba Diver \u00e9s ideal per a tu. \u00c9s un pas m\u00e9s enll\u00e0 del bateig de busseig i un pas previ al curs Open Water.\" \/>\n<meta name=\"robots\" content=\"index, follow, max-snippet:-1, max-image-preview:large, max-video-preview:-1\" \/>\n<link rel=\"canonical\" href=\"https:\/\/scuba-legends.com\/ca\/scuba-diver\/\" \/>\n<meta property=\"og:locale\" content=\"ca_ES\" \/>\n<meta property=\"og:type\" content=\"article\" \/>\n<meta property=\"og:title\" content=\"Curs Scuba Diver PADI - Scuba Legends Centro de Busseig Lanzarote\" \/>\n<meta property=\"og:description\" content=\"El curs PADI Scuba Diver \u00e9s ideal per a tu. \u00c9s un pas m\u00e9s enll\u00e0 del bateig de busseig i un pas previ al curs Open Water.\" \/>\n<meta property=\"og:url\" content=\"https:\/\/scuba-legends.com\/ca\/scuba-diver\/\" \/>\n<meta property=\"og:site_name\" content=\"Scuba Legends\" \/>\n<meta property=\"article:publisher\" content=\"https:\/\/www.facebook.com\/ScubaLegends\/\" \/>\n<meta property=\"article:modified_time\" content=\"2024-12-15T15:34:01+00:00\" \/>\n<meta property=\"og:image\" content=\"https:\/\/scuba-legends.com\/wp-content\/uploads\/2020\/08\/icono-ok-80x80-1.jpg\" \/>\n<meta name=\"twitter:card\" content=\"summary_large_image\" \/>\n<meta name=\"twitter:site\" content=\"@scubalegends\" \/>\n<meta name=\"twitter:label1\" content=\"Temps estimat de lectura\" \/>\n\t<meta name=\"twitter:data1\" content=\"3 minuts\" \/>\n<script type=\"application\/ld+json\" class=\"yoast-schema-graph\">{\"@context\":\"https:\\\/\\\/schema.org\",\"@graph\":[{\"@type\":\"WebPage\",\"@id\":\"https:\\\/\\\/scuba-legends.com\\\/ca\\\/scuba-diver\\\/\",\"url\":\"https:\\\/\\\/scuba-legends.com\\\/ca\\\/scuba-diver\\\/\",\"name\":\"Curs Scuba Diver PADI - Scuba Legends Centro de Busseig Lanzarote\",\"isPartOf\":{\"@id\":\"https:\\\/\\\/scuba-legends.com\\\/ca\\\/#website\"},\"primaryImageOfPage\":{\"@id\":\"https:\\\/\\\/scuba-legends.com\\\/ca\\\/scuba-diver\\\/#primaryimage\"},\"image\":{\"@id\":\"https:\\\/\\\/scuba-legends.com\\\/ca\\\/scuba-diver\\\/#primaryimage\"},\"thumbnailUrl\":\"https:\\\/\\\/scuba-legends.com\\\/wp-content\\\/uploads\\\/2020\\\/08\\\/icono-ok-80x80-1.jpg\",\"datePublished\":\"2020-11-02T20:45:34+00:00\",\"dateModified\":\"2024-12-15T15:34:01+00:00\",\"description\":\"El curs PADI Scuba Diver \u00e9s ideal per a tu. \u00c9s un pas m\u00e9s enll\u00e0 del bateig de busseig i un pas previ al curs Open Water.\",\"breadcrumb\":{\"@id\":\"https:\\\/\\\/scuba-legends.com\\\/ca\\\/scuba-diver\\\/#breadcrumb\"},\"inLanguage\":\"ca\",\"potentialAction\":[{\"@type\":\"ReadAction\",\"target\":[\"https:\\\/\\\/scuba-legends.com\\\/ca\\\/scuba-diver\\\/\"]}]},{\"@type\":\"ImageObject\",\"inLanguage\":\"ca\",\"@id\":\"https:\\\/\\\/scuba-legends.com\\\/ca\\\/scuba-diver\\\/#primaryimage\",\"url\":\"https:\\\/\\\/scuba-legends.com\\\/wp-content\\\/uploads\\\/2020\\\/08\\\/icono-ok-80x80-1.jpg\",\"contentUrl\":\"https:\\\/\\\/scuba-legends.com\\\/wp-content\\\/uploads\\\/2020\\\/08\\\/icono-ok-80x80-1.jpg\"},{\"@type\":\"BreadcrumbList\",\"@id\":\"https:\\\/\\\/scuba-legends.com\\\/ca\\\/scuba-diver\\\/#breadcrumb\",\"itemListElement\":[{\"@type\":\"ListItem\",\"position\":1,\"name\":\"Scuba Legends\",\"item\":\"https:\\\/\\\/scuba-legends.com\\\/ca\\\/\"},{\"@type\":\"ListItem\",\"position\":2,\"name\":\"Scuba Diver\"}]},{\"@type\":\"WebSite\",\"@id\":\"https:\\\/\\\/scuba-legends.com\\\/ca\\\/#website\",\"url\":\"https:\\\/\\\/scuba-legends.com\\\/ca\\\/\",\"name\":\"Scuba Legends\",\"description\":\"Dive Center Lanzarote\",\"publisher\":{\"@id\":\"https:\\\/\\\/scuba-legends.com\\\/ca\\\/#organization\"},\"potentialAction\":[{\"@type\":\"SearchAction\",\"target\":{\"@type\":\"EntryPoint\",\"urlTemplate\":\"https:\\\/\\\/scuba-legends.com\\\/ca\\\/?s={search_term_string}\"},\"query-input\":{\"@type\":\"PropertyValueSpecification\",\"valueRequired\":true,\"valueName\":\"search_term_string\"}}],\"inLanguage\":\"ca\"},{\"@type\":\"Organization\",\"@id\":\"https:\\\/\\\/scuba-legends.com\\\/ca\\\/#organization\",\"name\":\"Scuba Legends Dive Center Lanzarote\",\"url\":\"https:\\\/\\\/scuba-legends.com\\\/ca\\\/\",\"logo\":{\"@type\":\"ImageObject\",\"inLanguage\":\"ca\",\"@id\":\"https:\\\/\\\/scuba-legends.com\\\/ca\\\/#\\\/schema\\\/logo\\\/image\\\/\",\"url\":\"https:\\\/\\\/scuba-legends.com\\\/wp-content\\\/uploads\\\/2020\\\/01\\\/scuba_legends_favicon.png\",\"contentUrl\":\"https:\\\/\\\/scuba-legends.com\\\/wp-content\\\/uploads\\\/2020\\\/01\\\/scuba_legends_favicon.png\",\"width\":512,\"height\":512,\"caption\":\"Scuba Legends Dive Center Lanzarote\"},\"image\":{\"@id\":\"https:\\\/\\\/scuba-legends.com\\\/ca\\\/#\\\/schema\\\/logo\\\/image\\\/\"},\"sameAs\":[\"https:\\\/\\\/www.facebook.com\\\/ScubaLegends\\\/\",\"https:\\\/\\\/x.com\\\/scubalegends\",\"https:\\\/\\\/www.instagram.com\\\/scuba_legends\\\/\",\"https:\\\/\\\/www.youtube.com\\\/channel\\\/UCUjHU7Mmii5SfLoodxNZmqQ\"]}]}<\/script>\n<!-- \/ Yoast SEO plugin. -->","yoast_head_json":{"title":"Curs Scuba Diver PADI - Scuba Legends Centro de Busseig Lanzarote","description":"El curs PADI Scuba Diver \u00e9s ideal per a tu. \u00c9s un pas m\u00e9s enll\u00e0 del bateig de busseig i un pas previ al curs Open Water.","robots":{"index":"index","follow":"follow","max-snippet":"max-snippet:-1","max-image-preview":"max-image-preview:large","max-video-preview":"max-video-preview:-1"},"canonical":"https:\/\/scuba-legends.com\/ca\/scuba-diver\/","og_locale":"ca_ES","og_type":"article","og_title":"Curs Scuba Diver PADI - Scuba Legends Centro de Busseig Lanzarote","og_description":"El curs PADI Scuba Diver \u00e9s ideal per a tu. \u00c9s un pas m\u00e9s enll\u00e0 del bateig de busseig i un pas previ al curs Open Water.","og_url":"https:\/\/scuba-legends.com\/ca\/scuba-diver\/","og_site_name":"Scuba Legends","article_publisher":"https:\/\/www.facebook.com\/ScubaLegends\/","article_modified_time":"2024-12-15T15:34:01+00:00","og_image":[{"url":"https:\/\/scuba-legends.com\/wp-content\/uploads\/2020\/08\/icono-ok-80x80-1.jpg","type":"","width":"","height":""}],"twitter_card":"summary_large_image","twitter_site":"@scubalegends","twitter_misc":{"Temps estimat de lectura":"3 minuts"},"schema":{"@context":"https:\/\/schema.org","@graph":[{"@type":"WebPage","@id":"https:\/\/scuba-legends.com\/ca\/scuba-diver\/","url":"https:\/\/scuba-legends.com\/ca\/scuba-diver\/","name":"Curs Scuba Diver PADI - Scuba Legends Centro de Busseig Lanzarote","isPartOf":{"@id":"https:\/\/scuba-legends.com\/ca\/#website"},"primaryImageOfPage":{"@id":"https:\/\/scuba-legends.com\/ca\/scuba-diver\/#primaryimage"},"image":{"@id":"https:\/\/scuba-legends.com\/ca\/scuba-diver\/#primaryimage"},"thumbnailUrl":"https:\/\/scuba-legends.com\/wp-content\/uploads\/2020\/08\/icono-ok-80x80-1.jpg","datePublished":"2020-11-02T20:45:34+00:00","dateModified":"2024-12-15T15:34:01+00:00","description":"El curs PADI Scuba Diver \u00e9s ideal per a tu. \u00c9s un pas m\u00e9s enll\u00e0 del bateig de busseig i un pas previ al curs Open Water.","breadcrumb":{"@id":"https:\/\/scuba-legends.com\/ca\/scuba-diver\/#breadcrumb"},"inLanguage":"ca","potentialAction":[{"@type":"ReadAction","target":["https:\/\/scuba-legends.com\/ca\/scuba-diver\/"]}]},{"@type":"ImageObject","inLanguage":"ca","@id":"https:\/\/scuba-legends.com\/ca\/scuba-diver\/#primaryimage","url":"https:\/\/scuba-legends.com\/wp-content\/uploads\/2020\/08\/icono-ok-80x80-1.jpg","contentUrl":"https:\/\/scuba-legends.com\/wp-content\/uploads\/2020\/08\/icono-ok-80x80-1.jpg"},{"@type":"BreadcrumbList","@id":"https:\/\/scuba-legends.com\/ca\/scuba-diver\/#breadcrumb","itemListElement":[{"@type":"ListItem","position":1,"name":"Scuba Legends","item":"https:\/\/scuba-legends.com\/ca\/"},{"@type":"ListItem","position":2,"name":"Scuba Diver"}]},{"@type":"WebSite","@id":"https:\/\/scuba-legends.com\/ca\/#website","url":"https:\/\/scuba-legends.com\/ca\/","name":"Scuba Legends","description":"Dive Center Lanzarote","publisher":{"@id":"https:\/\/scuba-legends.com\/ca\/#organization"},"potentialAction":[{"@type":"SearchAction","target":{"@type":"EntryPoint","urlTemplate":"https:\/\/scuba-legends.com\/ca\/?s={search_term_string}"},"query-input":{"@type":"PropertyValueSpecification","valueRequired":true,"valueName":"search_term_string"}}],"inLanguage":"ca"},{"@type":"Organization","@id":"https:\/\/scuba-legends.com\/ca\/#organization","name":"Scuba Legends Dive Center Lanzarote","url":"https:\/\/scuba-legends.com\/ca\/","logo":{"@type":"ImageObject","inLanguage":"ca","@id":"https:\/\/scuba-legends.com\/ca\/#\/schema\/logo\/image\/","url":"https:\/\/scuba-legends.com\/wp-content\/uploads\/2020\/01\/scuba_legends_favicon.png","contentUrl":"https:\/\/scuba-legends.com\/wp-content\/uploads\/2020\/01\/scuba_legends_favicon.png","width":512,"height":512,"caption":"Scuba Legends Dive Center Lanzarote"},"image":{"@id":"https:\/\/scuba-legends.com\/ca\/#\/schema\/logo\/image\/"},"sameAs":["https:\/\/www.facebook.com\/ScubaLegends\/","https:\/\/x.com\/scubalegends","https:\/\/www.instagram.com\/scuba_legends\/","https:\/\/www.youtube.com\/channel\/UCUjHU7Mmii5SfLoodxNZmqQ"]}]}},"_links":{"self":[{"href":"https:\/\/scuba-legends.com\/ca\/wp-json\/wp\/v2\/pages\/9183","targetHints":{"allow":["GET"]}}],"collection":[{"href":"https:\/\/scuba-legends.com\/ca\/wp-json\/wp\/v2\/pages"}],"about":[{"href":"https:\/\/scuba-legends.com\/ca\/wp-json\/wp\/v2\/types\/page"}],"author":[{"embeddable":true,"href":"https:\/\/scuba-legends.com\/ca\/wp-json\/wp\/v2\/users\/2"}],"replies":[{"embeddable":true,"href":"https:\/\/scuba-legends.com\/ca\/wp-json\/wp\/v2\/comments?post=9183"}],"version-history":[{"count":16,"href":"https:\/\/scuba-legends.com\/ca\/wp-json\/wp\/v2\/pages\/9183\/revisions"}],"predecessor-version":[{"id":18902,"href":"https:\/\/scuba-legends.com\/ca\/wp-json\/wp\/v2\/pages\/9183\/revisions\/18902"}],"wp:attachment":[{"href":"https:\/\/scuba-legends.com\/ca\/wp-json\/wp\/v2\/media?parent=9183"}],"curies":[{"name":"wp","href":"https:\/\/api.w.org\/{rel}","templated":true}]}}